{"id":102817,"date":"2020-06-30T16:27:52","date_gmt":"2020-06-30T14:27:52","guid":{"rendered":"https:\/\/www.vetorino.com\/boutique\/product\/tiquanis-habitat-diffuseur\/"},"modified":"2025-08-22T02:17:45","modified_gmt":"2025-08-22T00:17:45","slug":"tiquanis-habitat-diffuseur","status":"publish","type":"product","link":"https:\/\/www.vetorino.com\/boutique\/product\/tiquanis-habitat-diffuseur\/","title":{"rendered":"Tiquanis Habitat Diffuseur"},"content":{"rendered":"<p>Tiquanis habitat a une action contre les insectes, les acariens et les araign\u00e9es. D\u00e9truit rapidement les parasites adultes\u00a0et inhibe le d\u00e9veloppement et la m\u00e9tamorphose des larves ainsi que la f\u00e9condit\u00e9 des femelles.<\/p>\n<p>Dans le cas de locaux non ferm\u00e9s pour une action r\u00e9p\u00e9t\u00e9e sur coussins, niches, etc, utiliser TIQUANIS Habitat Spray.<\/p>\n<p><strong>Utilisation<\/strong><\/p>\n<ul>\n<li>Fermer les portes et les fen\u00eatres. Ouvrir les portes des meubles.<\/li>\n<li>Placer l&#8217;a\u00e9rosol au centre du local de pr\u00e9f\u00e9rence sur un tabouret ou sur un journal d\u00e9pli\u00e9. Presser la languette jusqu&#8217;\u00e0 ce qu&#8217;elle reste bloqu\u00e9e, puis quitter la pi\u00e8ce en fermant la porte.<\/li>\n<li>Bien a\u00e9rer 3 \u00e0 4 heures plus tard.<\/li>\n<\/ul>\n","protected":false},"excerpt":{"rendered":"<p><strong>Tiquanis habitat<\/strong> a une <strong>action contre<\/strong> les <strong>insectes<\/strong>, les <strong>acariens<\/strong> et les <strong>araign\u00e9es<\/strong>. D\u00e9truit rapidement les <strong>parasites<\/strong> adultes\u00a0et inhibe le d\u00e9veloppement et la m\u00e9tamorphose des <strong>larves<\/strong> ainsi que la f\u00e9condit\u00e9 des femelles.<\/p>\n<p>Dans le cas de locaux non ferm\u00e9s pour une action r\u00e9p\u00e9t\u00e9e sur coussins, niches, etc, utiliser TIQUANIS Habitat Spray.<\/p>\n","protected":false},"featured_media":170591,"template":"","meta":[],"product_cat":[12554,2697,2698,12649],"product_tag":[],"class_list":{"0":"post-102817","1":"product","2":"type-product","3":"status-publish","4":"has-post-thumbnail","6":"product_cat-antiparasitaire-du-chien","7":"product_cat-chat","8":"product_cat-chien","9":"product_cat-traitement-de-lhabitat-du-chien","10":"pa_marque-tiquanis-habitat","12":"first","13":"instock","14":"taxable","15":"shipping-taxable","16":"purchasable","17":"product-type-variable"},"yoast_head":"<!-- This site is optimized with the Yoast SEO plugin v27.3 - https:\/\/yoast.com\/product\/yoast-seo-wordpress\/ -->\n<title>Tiquanis Habitat Diffuseur Tiquanis Habitat - V\u00e9torino<\/title>\n<meta name=\"description\" content=\"Tiquanis habitat a une action contre les insectes, les acariens et les araign\u00e9es. D\u00e9truit rapidement les parasites adultes\u00a0et inhibe le d\u00e9veloppement et la m\u00e9tamorphose des larves ainsi que la f\u00e9condit\u00e9 des femelles.  Dans le cas de locaux non ferm\u00e9s pour une action r\u00e9p\u00e9t\u00e9e sur coussins, niches, etc, utiliser TIQUANIS Habitat Spray.\" \/>\n<meta name=\"robots\" content=\"index, follow, max-snippet:-1, max-image-preview:large, max-video-preview:-1\" \/>\n<link rel=\"canonical\" href=\"https:\/\/www.vetorino.com\/boutique\/product\/tiquanis-habitat-diffuseur\/\" \/>\n<meta property=\"og:locale\" content=\"fr_FR\" \/>\n<meta property=\"og:type\" content=\"article\" \/>\n<meta property=\"og:title\" content=\"Tiquanis Habitat Diffuseur Tiquanis Habitat - V\u00e9torino\" \/>\n<meta property=\"og:description\" content=\"Tiquanis habitat a une action contre les insectes, les acariens et les araign\u00e9es. D\u00e9truit rapidement les parasites adultes\u00a0et inhibe le d\u00e9veloppement et la m\u00e9tamorphose des larves ainsi que la f\u00e9condit\u00e9 des femelles.  Dans le cas de locaux non ferm\u00e9s pour une action r\u00e9p\u00e9t\u00e9e sur coussins, niches, etc, utiliser TIQUANIS Habitat Spray.\" \/>\n<meta property=\"og:url\" content=\"https:\/\/www.vetorino.com\/boutique\/product\/tiquanis-habitat-diffuseur\/\" \/>\n<meta property=\"og:site_name\" content=\"V\u00e9torino\" \/>\n<meta property=\"article:publisher\" content=\"https:\/\/www.facebook.com\/Vetorino\/\" \/>\n<meta property=\"article:modified_time\" content=\"2025-08-22T00:17:45+00:00\" \/>\n<meta property=\"og:image\" content=\"https:\/\/www.vetorino.com\/boutique\/wp-content\/uploads\/2020\/06\/diffuseur-tiquanis-habitat.jpeg\" \/>\n\t<meta property=\"og:image:width\" content=\"800\" \/>\n\t<meta property=\"og:image:height\" content=\"800\" \/>\n\t<meta property=\"og:image:type\" content=\"image\/jpeg\" \/>\n<meta name=\"twitter:card\" content=\"summary_large_image\" \/>\n<meta name=\"twitter:label1\" content=\"Disponibilit\u00e9\" \/>\n\t<meta name=\"twitter:data1\" content=\"En stock\" \/>\n<script type=\"application\/ld+json\" class=\"yoast-schema-graph\">{\"@context\":\"https:\\\/\\\/schema.org\",\"@graph\":[{\"@type\":\"WebPage\",\"@id\":\"https:\\\/\\\/www.vetorino.com\\\/veterinaire\\\/polminhac-15800\\\/boutique\\\/product\\\/tiquanis-habitat-diffuseur\\\/\",\"url\":\"https:\\\/\\\/www.vetorino.com\\\/veterinaire\\\/polminhac-15800\\\/boutique\\\/product\\\/tiquanis-habitat-diffuseur\\\/\",\"name\":\"Tiquanis Habitat Diffuseur Tiquanis Habitat - V\u00e9torino\",\"isPartOf\":{\"@id\":\"https:\\\/\\\/www.vetorino.com\\\/boutique\\\/#website\"},\"primaryImageOfPage\":{\"@id\":\"https:\\\/\\\/www.vetorino.com\\\/veterinaire\\\/polminhac-15800\\\/boutique\\\/product\\\/tiquanis-habitat-diffuseur\\\/#primaryimage\"},\"image\":{\"@id\":\"https:\\\/\\\/www.vetorino.com\\\/veterinaire\\\/polminhac-15800\\\/boutique\\\/product\\\/tiquanis-habitat-diffuseur\\\/#primaryimage\"},\"thumbnailUrl\":\"https:\\\/\\\/www.vetorino.com\\\/boutique\\\/wp-content\\\/uploads\\\/2020\\\/06\\\/diffuseur-tiquanis-habitat.jpeg\",\"datePublished\":\"2020-06-30T14:27:52+00:00\",\"dateModified\":\"2025-08-22T00:17:45+00:00\",\"description\":\"Tiquanis habitat a une action contre les insectes, les acariens et les araign\u00e9es. D\u00e9truit rapidement les parasites adultes\u00a0et inhibe le d\u00e9veloppement et la m\u00e9tamorphose des larves ainsi que la f\u00e9condit\u00e9 des femelles. Dans le cas de locaux non ferm\u00e9s pour une action r\u00e9p\u00e9t\u00e9e sur coussins, niches, etc, utiliser TIQUANIS Habitat Spray.\",\"breadcrumb\":{\"@id\":\"https:\\\/\\\/www.vetorino.com\\\/veterinaire\\\/polminhac-15800\\\/boutique\\\/product\\\/tiquanis-habitat-diffuseur\\\/#breadcrumb\"},\"inLanguage\":\"fr-FR\",\"potentialAction\":[{\"@type\":\"ReadAction\",\"target\":[\"https:\\\/\\\/www.vetorino.com\\\/veterinaire\\\/polminhac-15800\\\/boutique\\\/product\\\/tiquanis-habitat-diffuseur\\\/\"]}]},{\"@type\":\"ImageObject\",\"inLanguage\":\"fr-FR\",\"@id\":\"https:\\\/\\\/www.vetorino.com\\\/veterinaire\\\/polminhac-15800\\\/boutique\\\/product\\\/tiquanis-habitat-diffuseur\\\/#primaryimage\",\"url\":\"https:\\\/\\\/www.vetorino.com\\\/boutique\\\/wp-content\\\/uploads\\\/2020\\\/06\\\/diffuseur-tiquanis-habitat.jpeg\",\"contentUrl\":\"https:\\\/\\\/www.vetorino.com\\\/boutique\\\/wp-content\\\/uploads\\\/2020\\\/06\\\/diffuseur-tiquanis-habitat.jpeg\",\"width\":800,\"height\":800},{\"@type\":\"BreadcrumbList\",\"@id\":\"https:\\\/\\\/www.vetorino.com\\\/veterinaire\\\/polminhac-15800\\\/boutique\\\/product\\\/tiquanis-habitat-diffuseur\\\/#breadcrumb\",\"itemListElement\":[{\"@type\":\"ListItem\",\"position\":1,\"name\":\"Accueil\",\"item\":\"https:\\\/\\\/www.vetorino.com\\\/boutique\\\/\"},{\"@type\":\"ListItem\",\"position\":2,\"name\":\"Produits\",\"item\":\"https:\\\/\\\/www.vetorino.com\\\/boutique\\\/\"},{\"@type\":\"ListItem\",\"position\":3,\"name\":\"Tiquanis Habitat Diffuseur\"}]},{\"@type\":\"WebSite\",\"@id\":\"https:\\\/\\\/www.vetorino.com\\\/boutique\\\/#website\",\"url\":\"https:\\\/\\\/www.vetorino.com\\\/boutique\\\/\",\"name\":\"V\u00e9torino\",\"description\":\"\",\"publisher\":{\"@id\":\"https:\\\/\\\/www.vetorino.com\\\/boutique\\\/#organization\"},\"potentialAction\":[{\"@type\":\"SearchAction\",\"target\":{\"@type\":\"EntryPoint\",\"urlTemplate\":\"https:\\\/\\\/www.vetorino.com\\\/boutique\\\/?s={search_term_string}\"},\"query-input\":{\"@type\":\"PropertyValueSpecification\",\"valueRequired\":true,\"valueName\":\"search_term_string\"}}],\"inLanguage\":\"fr-FR\"},{\"@type\":\"Organization\",\"@id\":\"https:\\\/\\\/www.vetorino.com\\\/boutique\\\/#organization\",\"name\":\"V\u00e9torino\",\"url\":\"https:\\\/\\\/www.vetorino.com\\\/boutique\\\/\",\"logo\":{\"@type\":\"ImageObject\",\"inLanguage\":\"fr-FR\",\"@id\":\"https:\\\/\\\/www.vetorino.com\\\/boutique\\\/#\\\/schema\\\/logo\\\/image\\\/\",\"url\":\"https:\\\/\\\/www.vetorino.com\\\/boutique\\\/wp-content\\\/uploads\\\/2024\\\/10\\\/logo.jpg\",\"contentUrl\":\"https:\\\/\\\/www.vetorino.com\\\/boutique\\\/wp-content\\\/uploads\\\/2024\\\/10\\\/logo.jpg\",\"width\":1200,\"height\":610,\"caption\":\"V\u00e9torino\"},\"image\":{\"@id\":\"https:\\\/\\\/www.vetorino.com\\\/boutique\\\/#\\\/schema\\\/logo\\\/image\\\/\"},\"sameAs\":[\"https:\\\/\\\/www.facebook.com\\\/Vetorino\\\/\",\"https:\\\/\\\/www.instagram.com\\\/vetorino_off\\\/\",\"https:\\\/\\\/www.linkedin.com\\\/company\\\/vtorino\\\/\"]}]}<\/script>\n<meta property=\"product:brand\" content=\"Tiquanis Habitat\" \/>\n<meta property=\"og:availability\" content=\"instock\" \/>\n<meta property=\"product:availability\" content=\"instock\" \/>\n<meta property=\"product:condition\" content=\"new\" \/>\n<!-- \/ Yoast SEO plugin. -->","yoast_head_json":{"title":"Tiquanis Habitat Diffuseur Tiquanis Habitat - V\u00e9torino","description":"Tiquanis habitat a une action contre les insectes, les acariens et les araign\u00e9es. D\u00e9truit rapidement les parasites adultes\u00a0et inhibe le d\u00e9veloppement et la m\u00e9tamorphose des larves ainsi que la f\u00e9condit\u00e9 des femelles.  Dans le cas de locaux non ferm\u00e9s pour une action r\u00e9p\u00e9t\u00e9e sur coussins, niches, etc, utiliser TIQUANIS Habitat Spray.","robots":{"index":"index","follow":"follow","max-snippet":"max-snippet:-1","max-image-preview":"max-image-preview:large","max-video-preview":"max-video-preview:-1"},"canonical":"https:\/\/www.vetorino.com\/boutique\/product\/tiquanis-habitat-diffuseur\/","og_locale":"fr_FR","og_type":"article","og_title":"Tiquanis Habitat Diffuseur Tiquanis Habitat - V\u00e9torino","og_description":"Tiquanis habitat a une action contre les insectes, les acariens et les araign\u00e9es. D\u00e9truit rapidement les parasites adultes\u00a0et inhibe le d\u00e9veloppement et la m\u00e9tamorphose des larves ainsi que la f\u00e9condit\u00e9 des femelles.  Dans le cas de locaux non ferm\u00e9s pour une action r\u00e9p\u00e9t\u00e9e sur coussins, niches, etc, utiliser TIQUANIS Habitat Spray.","og_url":"https:\/\/www.vetorino.com\/boutique\/product\/tiquanis-habitat-diffuseur\/","og_site_name":"V\u00e9torino","article_publisher":"https:\/\/www.facebook.com\/Vetorino\/","article_modified_time":"2025-08-22T00:17:45+00:00","og_image":[{"width":800,"height":800,"url":"https:\/\/www.vetorino.com\/boutique\/wp-content\/uploads\/2020\/06\/diffuseur-tiquanis-habitat.jpeg","type":"image\/jpeg"}],"twitter_card":"summary_large_image","twitter_misc":{"Disponibilit\u00e9":"En stock"},"schema":{"@context":"https:\/\/schema.org","@graph":[{"@type":"WebPage","@id":"https:\/\/www.vetorino.com\/veterinaire\/polminhac-15800\/boutique\/product\/tiquanis-habitat-diffuseur\/","url":"https:\/\/www.vetorino.com\/veterinaire\/polminhac-15800\/boutique\/product\/tiquanis-habitat-diffuseur\/","name":"Tiquanis Habitat Diffuseur Tiquanis Habitat - V\u00e9torino","isPartOf":{"@id":"https:\/\/www.vetorino.com\/boutique\/#website"},"primaryImageOfPage":{"@id":"https:\/\/www.vetorino.com\/veterinaire\/polminhac-15800\/boutique\/product\/tiquanis-habitat-diffuseur\/#primaryimage"},"image":{"@id":"https:\/\/www.vetorino.com\/veterinaire\/polminhac-15800\/boutique\/product\/tiquanis-habitat-diffuseur\/#primaryimage"},"thumbnailUrl":"https:\/\/www.vetorino.com\/boutique\/wp-content\/uploads\/2020\/06\/diffuseur-tiquanis-habitat.jpeg","datePublished":"2020-06-30T14:27:52+00:00","dateModified":"2025-08-22T00:17:45+00:00","description":"Tiquanis habitat a une action contre les insectes, les acariens et les araign\u00e9es. D\u00e9truit rapidement les parasites adultes\u00a0et inhibe le d\u00e9veloppement et la m\u00e9tamorphose des larves ainsi que la f\u00e9condit\u00e9 des femelles. Dans le cas de locaux non ferm\u00e9s pour une action r\u00e9p\u00e9t\u00e9e sur coussins, niches, etc, utiliser TIQUANIS Habitat Spray.","breadcrumb":{"@id":"https:\/\/www.vetorino.com\/veterinaire\/polminhac-15800\/boutique\/product\/tiquanis-habitat-diffuseur\/#breadcrumb"},"inLanguage":"fr-FR","potentialAction":[{"@type":"ReadAction","target":["https:\/\/www.vetorino.com\/veterinaire\/polminhac-15800\/boutique\/product\/tiquanis-habitat-diffuseur\/"]}]},{"@type":"ImageObject","inLanguage":"fr-FR","@id":"https:\/\/www.vetorino.com\/veterinaire\/polminhac-15800\/boutique\/product\/tiquanis-habitat-diffuseur\/#primaryimage","url":"https:\/\/www.vetorino.com\/boutique\/wp-content\/uploads\/2020\/06\/diffuseur-tiquanis-habitat.jpeg","contentUrl":"https:\/\/www.vetorino.com\/boutique\/wp-content\/uploads\/2020\/06\/diffuseur-tiquanis-habitat.jpeg","width":800,"height":800},{"@type":"BreadcrumbList","@id":"https:\/\/www.vetorino.com\/veterinaire\/polminhac-15800\/boutique\/product\/tiquanis-habitat-diffuseur\/#breadcrumb","itemListElement":[{"@type":"ListItem","position":1,"name":"Accueil","item":"https:\/\/www.vetorino.com\/boutique\/"},{"@type":"ListItem","position":2,"name":"Produits","item":"https:\/\/www.vetorino.com\/boutique\/"},{"@type":"ListItem","position":3,"name":"Tiquanis Habitat Diffuseur"}]},{"@type":"WebSite","@id":"https:\/\/www.vetorino.com\/boutique\/#website","url":"https:\/\/www.vetorino.com\/boutique\/","name":"V\u00e9torino","description":"","publisher":{"@id":"https:\/\/www.vetorino.com\/boutique\/#organization"},"potentialAction":[{"@type":"SearchAction","target":{"@type":"EntryPoint","urlTemplate":"https:\/\/www.vetorino.com\/boutique\/?s={search_term_string}"},"query-input":{"@type":"PropertyValueSpecification","valueRequired":true,"valueName":"search_term_string"}}],"inLanguage":"fr-FR"},{"@type":"Organization","@id":"https:\/\/www.vetorino.com\/boutique\/#organization","name":"V\u00e9torino","url":"https:\/\/www.vetorino.com\/boutique\/","logo":{"@type":"ImageObject","inLanguage":"fr-FR","@id":"https:\/\/www.vetorino.com\/boutique\/#\/schema\/logo\/image\/","url":"https:\/\/www.vetorino.com\/boutique\/wp-content\/uploads\/2024\/10\/logo.jpg","contentUrl":"https:\/\/www.vetorino.com\/boutique\/wp-content\/uploads\/2024\/10\/logo.jpg","width":1200,"height":610,"caption":"V\u00e9torino"},"image":{"@id":"https:\/\/www.vetorino.com\/boutique\/#\/schema\/logo\/image\/"},"sameAs":["https:\/\/www.facebook.com\/Vetorino\/","https:\/\/www.instagram.com\/vetorino_off\/","https:\/\/www.linkedin.com\/company\/vtorino\/"]}]},"product_brand":"Tiquanis Habitat","og_availability":"instock","product_availability":"instock","product_condition":"new"},"_links":{"self":[{"href":"https:\/\/www.vetorino.com\/boutique\/wp-json\/wp\/v2\/product\/102817","targetHints":{"allow":["GET"]}}],"collection":[{"href":"https:\/\/www.vetorino.com\/boutique\/wp-json\/wp\/v2\/product"}],"about":[{"href":"https:\/\/www.vetorino.com\/boutique\/wp-json\/wp\/v2\/types\/product"}],"wp:featuredmedia":[{"embeddable":true,"href":"https:\/\/www.vetorino.com\/boutique\/wp-json\/wp\/v2\/media\/170591"}],"wp:attachment":[{"href":"https:\/\/www.vetorino.com\/boutique\/wp-json\/wp\/v2\/media?parent=102817"}],"wp:term":[{"taxonomy":"product_cat","embeddable":true,"href":"https:\/\/www.vetorino.com\/boutique\/wp-json\/wp\/v2\/product_cat?post=102817"},{"taxonomy":"product_tag","embeddable":true,"href":"https:\/\/www.vetorino.com\/boutique\/wp-json\/wp\/v2\/product_tag?post=102817"}],"curies":[{"name":"wp","href":"https:\/\/api.w.org\/{rel}","templated":true}]}}