{"id":103752,"date":"2020-06-30T17:44:50","date_gmt":"2020-06-30T15:44:50","guid":{"rendered":"https:\/\/www.vetorino.com\/boutique\/product\/vetessentials-canine-puppy-large-breed-2\/"},"modified":"2024-06-07T17:17:30","modified_gmt":"2024-06-07T15:17:30","slug":"vetessentials-canine-puppy-large-breed-2","status":"publish","type":"product","link":"https:\/\/www.vetorino.com\/boutique\/product\/vetessentials-canine-puppy-large-breed-2\/","title":{"rendered":"Puppy Growth ActivBiome+ Large Breed Poulet"},"content":{"rendered":"<p><span data-sheets-value=\"{&quot;1&quot;:2,&quot;2&quot;:&quot;Hill's VET ESSENTIALS MULTI-BENEFIT Puppy Croquettes pour Chiot de Grande Race au Poulet (pour chiot de grande race jusqu'\u00e0 18 mois, de plus de 25 kg \u00e0 l'\u00e2ge adulte) est une nutrition compl\u00e8te aux b\u00e9n\u00e9fices multiples, disponible exclusivement chez votre v\u00e9t\u00e9rinaire, et cliniquement prouv\u00e9e pour soutenir la croissance et les besoins de d\u00e9veloppement de votre chiot. Pour une digestion saine et le bien-\u00eatre en g\u00e9n\u00e9ral, notre m\u00e9lange pr\u00e9biotique ActivBiome+ nourrit son microbiome en d\u00e9veloppement. Il est formul\u00e9 avec des acides gras Om\u00e9ga-3 pour favoriser le d\u00e9veloppement c\u00e9r\u00e9bral et des antioxydants pour soutenir le syst\u00e8me immunitaire en d\u00e9vedloppement \u2014 pour un meilleur quotidien, aujourd'hui et demain.&quot;}\" data-sheets-userformat=\"{&quot;2&quot;:13311,&quot;3&quot;:{&quot;1&quot;:2,&quot;2&quot;:&quot;0&quot;,&quot;3&quot;:1},&quot;4&quot;:{&quot;1&quot;:2,&quot;2&quot;:16777215},&quot;5&quot;:{&quot;1&quot;:[{&quot;1&quot;:2,&quot;2&quot;:0,&quot;5&quot;:{&quot;1&quot;:2,&quot;2&quot;:0}},{&quot;1&quot;:0,&quot;2&quot;:0,&quot;3&quot;:3},{&quot;1&quot;:1,&quot;2&quot;:0,&quot;4&quot;:2}]},&quot;6&quot;:{&quot;1&quot;:[{&quot;1&quot;:2,&quot;2&quot;:0,&quot;5&quot;:{&quot;1&quot;:2,&quot;2&quot;:0}},{&quot;1&quot;:0,&quot;2&quot;:0,&quot;3&quot;:3},{&quot;1&quot;:1,&quot;2&quot;:0,&quot;4&quot;:1}]},&quot;7&quot;:{&quot;1&quot;:[{&quot;1&quot;:2,&quot;2&quot;:0,&quot;5&quot;:{&quot;1&quot;:2,&quot;2&quot;:0}},{&quot;1&quot;:0,&quot;2&quot;:0,&quot;3&quot;:3},{&quot;1&quot;:1,&quot;2&quot;:0,&quot;4&quot;:1}]},&quot;8&quot;:{&quot;1&quot;:[{&quot;1&quot;:2,&quot;2&quot;:0,&quot;5&quot;:{&quot;1&quot;:2,&quot;2&quot;:0}},{&quot;1&quot;:0,&quot;2&quot;:0,&quot;3&quot;:3},{&quot;1&quot;:1,&quot;2&quot;:0,&quot;4&quot;:1}]},&quot;9&quot;:0,&quot;10&quot;:1,&quot;11&quot;:4,&quot;12&quot;:0,&quot;15&quot;:&quot;Montserrat&quot;,&quot;16&quot;:11}\"><strong>Hill&#8217;s VET ESSENTIALS MULTI-BENEFIT Puppy<\/strong> Croquettes pour Chiot de Grande Race au Poulet (pour chiot de grande race jusqu&#8217;\u00e0 18 mois, de plus de 25 kg \u00e0 l&#8217;\u00e2ge adulte) est une nutrition compl\u00e8te aux b\u00e9n\u00e9fices multiples, disponible exclusivement chez votre v\u00e9t\u00e9rinaire, et cliniquement prouv\u00e9e pour soutenir la croissance et les besoins de d\u00e9veloppement de votre chiot. Pour une digestion saine et le bien-\u00eatre en g\u00e9n\u00e9ral, notre m\u00e9lange pr\u00e9biotique ActivBiome+ nourrit son microbiome en d\u00e9veloppement. Il est formul\u00e9 avec des acides gras Om\u00e9ga-3 pour favoriser le d\u00e9veloppement c\u00e9r\u00e9bral et des antioxydants pour soutenir le syst\u00e8me immunitaire en d\u00e9vedloppement \u2014 pour un meilleur quotidien, aujourd&#8217;hui et demain.<\/span><\/p>\n<ul>\n<li>Immunit\u00e9 : des antioxydants \u00e0 l&#8217;efficacit\u00e9 cliniquement prouv\u00e9e avec notamment des taux \u00e9lev\u00e9s en vitamine E pour soutenir un syst\u00e8me immunitaire sain.<\/li>\n<li>Vitalit\u00e9 : un \u00e9quilibre pr\u00e9cis de min\u00e9raux et d&#8217;acides gras Om\u00e9ga-3 pour un d\u00e9veloppement osseux et articulaire sain.<\/li>\n<li>Digestion : des prot\u00e9ines hautement digestibles et une quantit\u00e9 \u00e9quilibr\u00e9e de fibres pour favoriser la bonne sant\u00e9 du syst\u00e8me digestif.<\/li>\n<li>Sant\u00e9 bucco-dentaire : le juste \u00e9quilibre en vitamines et min\u00e9raux pour une croissance saine des dents.<\/li>\n<li>Peau &amp; Pelage : des niveaux \u00e9lev\u00e9s d&#8217;acides gras Om\u00e9ga-6 favorisent une peau saine et un pelage brillant.<\/li>\n<li>Une formule &#8220;Large Breed&#8221; adapt\u00e9e au d\u00e9veloppement des chiots de grandes races (pesant 25 kg ou plus \u00e0 l&#8217;\u00e2ge adulte).<\/li>\n<li>Contient des ingr\u00e9dients de haute qualit\u00e9, sans conservateur, ni ar\u00f4me, ni colorant artificiel, ni exc\u00e8s de sel.<\/li>\n<\/ul>\n","protected":false},"excerpt":{"rendered":"<p><span data-sheets-value=\"{&quot;1&quot;:2,&quot;2&quot;:&quot;Une nutrition de pointe avec des b\u00e9n\u00e9fices cliniquement prouv\u00e9s : un m\u00e9lange d'antioxydants pour soutenir le syst\u00e8me immunitaire et la technologie ActivBiome+ pour une digestion saine&quot;}\" data-sheets-userformat=\"{&quot;2&quot;:13311,&quot;3&quot;:{&quot;1&quot;:2,&quot;2&quot;:&quot;0&quot;,&quot;3&quot;:1},&quot;4&quot;:{&quot;1&quot;:2,&quot;2&quot;:16777215},&quot;5&quot;:{&quot;1&quot;:[{&quot;1&quot;:2,&quot;2&quot;:0,&quot;5&quot;:{&quot;1&quot;:2,&quot;2&quot;:0}},{&quot;1&quot;:0,&quot;2&quot;:0,&quot;3&quot;:3},{&quot;1&quot;:1,&quot;2&quot;:0,&quot;4&quot;:2}]},&quot;6&quot;:{&quot;1&quot;:[{&quot;1&quot;:2,&quot;2&quot;:0,&quot;5&quot;:{&quot;1&quot;:2,&quot;2&quot;:0}},{&quot;1&quot;:0,&quot;2&quot;:0,&quot;3&quot;:3},{&quot;1&quot;:1,&quot;2&quot;:0,&quot;4&quot;:1}]},&quot;7&quot;:{&quot;1&quot;:[{&quot;1&quot;:2,&quot;2&quot;:0,&quot;5&quot;:{&quot;1&quot;:2,&quot;2&quot;:0}},{&quot;1&quot;:0,&quot;2&quot;:0,&quot;3&quot;:3},{&quot;1&quot;:1,&quot;2&quot;:0,&quot;4&quot;:1}]},&quot;8&quot;:{&quot;1&quot;:[{&quot;1&quot;:2,&quot;2&quot;:0,&quot;5&quot;:{&quot;1&quot;:2,&quot;2&quot;:0}},{&quot;1&quot;:0,&quot;2&quot;:0,&quot;3&quot;:3},{&quot;1&quot;:1,&quot;2&quot;:0,&quot;4&quot;:1}]},&quot;9&quot;:0,&quot;10&quot;:1,&quot;11&quot;:4,&quot;12&quot;:0,&quot;15&quot;:&quot;Montserrat&quot;,&quot;16&quot;:11}\">Une nutrition de pointe avec des b\u00e9n\u00e9fices cliniquement prouv\u00e9s : un m\u00e9lange d&#8217;antioxydants pour soutenir le syst\u00e8me immunitaire et la technologie ActivBiome+ pour une digestion saine.<\/span><\/p>\n<p><strong>Utilisation :\u00a0<\/strong><\/p>\n<ul>\n<li><span data-sheets-value=\"{&quot;1&quot;:2,&quot;2&quot;:&quot;Chiots de grande race (de plus de 25 kg \u00e0 l'\u00e2ge adulte) jusqu'\u00e0 18 mois pour soutenir une croissance et un d\u00e9veloppement sains. Peut convenir \u00e9galement pour les chiots st\u00e9rilis\u00e9s&quot;}\" data-sheets-userformat=\"{&quot;2&quot;:13311,&quot;3&quot;:{&quot;1&quot;:2,&quot;2&quot;:&quot;0&quot;,&quot;3&quot;:1},&quot;4&quot;:{&quot;1&quot;:2,&quot;2&quot;:16777215},&quot;5&quot;:{&quot;1&quot;:[{&quot;1&quot;:2,&quot;2&quot;:0,&quot;5&quot;:{&quot;1&quot;:2,&quot;2&quot;:0}},{&quot;1&quot;:0,&quot;2&quot;:0,&quot;3&quot;:3},{&quot;1&quot;:1,&quot;2&quot;:0,&quot;4&quot;:2}]},&quot;6&quot;:{&quot;1&quot;:[{&quot;1&quot;:2,&quot;2&quot;:0,&quot;5&quot;:{&quot;1&quot;:2,&quot;2&quot;:0}},{&quot;1&quot;:0,&quot;2&quot;:0,&quot;3&quot;:3},{&quot;1&quot;:1,&quot;2&quot;:0,&quot;4&quot;:1}]},&quot;7&quot;:{&quot;1&quot;:[{&quot;1&quot;:2,&quot;2&quot;:0,&quot;5&quot;:{&quot;1&quot;:2,&quot;2&quot;:0}},{&quot;1&quot;:0,&quot;2&quot;:0,&quot;3&quot;:3},{&quot;1&quot;:1,&quot;2&quot;:0,&quot;4&quot;:1}]},&quot;8&quot;:{&quot;1&quot;:[{&quot;1&quot;:2,&quot;2&quot;:0,&quot;5&quot;:{&quot;1&quot;:2,&quot;2&quot;:0}},{&quot;1&quot;:0,&quot;2&quot;:0,&quot;3&quot;:3},{&quot;1&quot;:1,&quot;2&quot;:0,&quot;4&quot;:1}]},&quot;9&quot;:0,&quot;10&quot;:1,&quot;11&quot;:4,&quot;12&quot;:0,&quot;15&quot;:&quot;Montserrat&quot;,&quot;16&quot;:11}\">Chiots de grande race (de plus de 25 kg \u00e0 l&#8217;\u00e2ge adulte) jusqu&#8217;\u00e0 18 mois pour soutenir une croissance et un d\u00e9veloppement sains. Peut convenir \u00e9galement pour les chiots st\u00e9rilis\u00e9s<\/span><\/li>\n<\/ul>\n","protected":false},"featured_media":593853,"template":"","meta":[],"product_cat":[12552,12584,2698],"product_tag":[],"class_list":{"0":"post-103752","1":"product","2":"type-product","3":"status-publish","4":"has-post-thumbnail","6":"product_cat-alimentation-du-chien","7":"product_cat-alimentation-premium-pour-chien","8":"product_cat-chien","9":"pa_marque-hills-pet-nutrition","11":"first","12":"instock","13":"taxable","14":"shipping-taxable","15":"purchasable","16":"product-type-variable"},"yoast_head":"<!-- This site is optimized with the Yoast SEO plugin v27.3 - https:\/\/yoast.com\/product\/yoast-seo-wordpress\/ -->\n<title>Vetessentials (Hill&#039;s) Puppy Growth ActivBiome+ Large Breed Poulet Hill&#039;s - V\u00e9torino<\/title>\n<meta name=\"description\" content=\"Une nutrition de pointe avec des b\u00e9n\u00e9fices cliniquement prouv\u00e9s : un m\u00e9lange d&#039;antioxydants pour soutenir le syst\u00e8me immunitaire et la technologie ActivBiome+ pour une digestion saine.  Utilisation :\u00a0   Chiots de grande race (de plus de 25 kg \u00e0 l&#039;\u00e2ge adulte) jusqu&#039;\u00e0 18 mois pour soutenir une croissance et un d\u00e9veloppement sains. Peut convenir \u00e9galement pour les chiots st\u00e9rilis\u00e9s\" \/>\n<meta name=\"robots\" content=\"index, follow, max-snippet:-1, max-image-preview:large, max-video-preview:-1\" \/>\n<link rel=\"canonical\" href=\"https:\/\/www.vetorino.com\/boutique\/product\/vetessentials-canine-puppy-large-breed-2\/\" \/>\n<meta property=\"og:locale\" content=\"fr_FR\" \/>\n<meta property=\"og:type\" content=\"article\" \/>\n<meta property=\"og:title\" content=\"Vetessentials (Hill&#039;s) Puppy Growth ActivBiome+ Large Breed Poulet Hill&#039;s - V\u00e9torino\" \/>\n<meta property=\"og:description\" content=\"Une nutrition de pointe avec des b\u00e9n\u00e9fices cliniquement prouv\u00e9s : un m\u00e9lange d&#039;antioxydants pour soutenir le syst\u00e8me immunitaire et la technologie ActivBiome+ pour une digestion saine.  Utilisation :\u00a0   Chiots de grande race (de plus de 25 kg \u00e0 l&#039;\u00e2ge adulte) jusqu&#039;\u00e0 18 mois pour soutenir une croissance et un d\u00e9veloppement sains. Peut convenir \u00e9galement pour les chiots st\u00e9rilis\u00e9s\" \/>\n<meta property=\"og:url\" content=\"https:\/\/www.vetorino.com\/boutique\/product\/vetessentials-canine-puppy-large-breed-2\/\" \/>\n<meta property=\"og:site_name\" content=\"V\u00e9torino\" \/>\n<meta property=\"article:publisher\" content=\"https:\/\/www.facebook.com\/Vetorino\/\" \/>\n<meta property=\"article:modified_time\" content=\"2024-06-07T15:17:30+00:00\" \/>\n<meta property=\"og:image\" content=\"https:\/\/www.vetorino.com\/boutique\/wp-content\/uploads\/2020\/06\/puppy-growth-activ-biome-large-poulet-10.jpg\" \/>\n\t<meta property=\"og:image:width\" content=\"540\" \/>\n\t<meta property=\"og:image:height\" content=\"540\" \/>\n\t<meta property=\"og:image:type\" content=\"image\/jpeg\" \/>\n<meta name=\"twitter:card\" content=\"summary_large_image\" \/>\n<meta name=\"twitter:label1\" content=\"Disponibilit\u00e9\" \/>\n\t<meta name=\"twitter:data1\" content=\"En stock\" \/>\n<script type=\"application\/ld+json\" class=\"yoast-schema-graph\">{\"@context\":\"https:\\\/\\\/schema.org\",\"@graph\":[{\"@type\":\"WebPage\",\"@id\":\"https:\\\/\\\/www.vetorino.com\\\/veterinaire\\\/briancon-05100\\\/boutique\\\/product\\\/vetessentials-canine-puppy-large-breed-2\\\/\",\"url\":\"https:\\\/\\\/www.vetorino.com\\\/veterinaire\\\/briancon-05100\\\/boutique\\\/product\\\/vetessentials-canine-puppy-large-breed-2\\\/\",\"name\":\"Vetessentials (Hill's) Puppy Growth ActivBiome+ Large Breed Poulet Hill's - V\u00e9torino\",\"isPartOf\":{\"@id\":\"https:\\\/\\\/www.vetorino.com\\\/boutique\\\/#website\"},\"primaryImageOfPage\":{\"@id\":\"https:\\\/\\\/www.vetorino.com\\\/veterinaire\\\/briancon-05100\\\/boutique\\\/product\\\/vetessentials-canine-puppy-large-breed-2\\\/#primaryimage\"},\"image\":{\"@id\":\"https:\\\/\\\/www.vetorino.com\\\/veterinaire\\\/briancon-05100\\\/boutique\\\/product\\\/vetessentials-canine-puppy-large-breed-2\\\/#primaryimage\"},\"thumbnailUrl\":\"https:\\\/\\\/www.vetorino.com\\\/boutique\\\/wp-content\\\/uploads\\\/2020\\\/06\\\/puppy-growth-activ-biome-large-poulet-10.jpg\",\"datePublished\":\"2020-06-30T15:44:50+00:00\",\"dateModified\":\"2024-06-07T15:17:30+00:00\",\"description\":\"Une nutrition de pointe avec des b\u00e9n\u00e9fices cliniquement prouv\u00e9s : un m\u00e9lange d'antioxydants pour soutenir le syst\u00e8me immunitaire et la technologie ActivBiome+ pour une digestion saine. Utilisation :\u00a0 Chiots de grande race (de plus de 25 kg \u00e0 l'\u00e2ge adulte) jusqu'\u00e0 18 mois pour soutenir une croissance et un d\u00e9veloppement sains. Peut convenir \u00e9galement pour les chiots st\u00e9rilis\u00e9s\",\"breadcrumb\":{\"@id\":\"https:\\\/\\\/www.vetorino.com\\\/veterinaire\\\/briancon-05100\\\/boutique\\\/product\\\/vetessentials-canine-puppy-large-breed-2\\\/#breadcrumb\"},\"inLanguage\":\"fr-FR\",\"potentialAction\":[{\"@type\":\"ReadAction\",\"target\":[\"https:\\\/\\\/www.vetorino.com\\\/veterinaire\\\/briancon-05100\\\/boutique\\\/product\\\/vetessentials-canine-puppy-large-breed-2\\\/\"]}]},{\"@type\":\"ImageObject\",\"inLanguage\":\"fr-FR\",\"@id\":\"https:\\\/\\\/www.vetorino.com\\\/veterinaire\\\/briancon-05100\\\/boutique\\\/product\\\/vetessentials-canine-puppy-large-breed-2\\\/#primaryimage\",\"url\":\"https:\\\/\\\/www.vetorino.com\\\/boutique\\\/wp-content\\\/uploads\\\/2020\\\/06\\\/puppy-growth-activ-biome-large-poulet-10.jpg\",\"contentUrl\":\"https:\\\/\\\/www.vetorino.com\\\/boutique\\\/wp-content\\\/uploads\\\/2020\\\/06\\\/puppy-growth-activ-biome-large-poulet-10.jpg\",\"width\":540,\"height\":540},{\"@type\":\"BreadcrumbList\",\"@id\":\"https:\\\/\\\/www.vetorino.com\\\/veterinaire\\\/briancon-05100\\\/boutique\\\/product\\\/vetessentials-canine-puppy-large-breed-2\\\/#breadcrumb\",\"itemListElement\":[{\"@type\":\"ListItem\",\"position\":1,\"name\":\"Accueil\",\"item\":\"https:\\\/\\\/www.vetorino.com\\\/boutique\\\/\"},{\"@type\":\"ListItem\",\"position\":2,\"name\":\"Produits\",\"item\":\"https:\\\/\\\/www.vetorino.com\\\/boutique\\\/\"},{\"@type\":\"ListItem\",\"position\":3,\"name\":\"Puppy Growth ActivBiome+ Large Breed Poulet\"}]},{\"@type\":\"WebSite\",\"@id\":\"https:\\\/\\\/www.vetorino.com\\\/boutique\\\/#website\",\"url\":\"https:\\\/\\\/www.vetorino.com\\\/boutique\\\/\",\"name\":\"V\u00e9torino\",\"description\":\"\",\"publisher\":{\"@id\":\"https:\\\/\\\/www.vetorino.com\\\/boutique\\\/#organization\"},\"potentialAction\":[{\"@type\":\"SearchAction\",\"target\":{\"@type\":\"EntryPoint\",\"urlTemplate\":\"https:\\\/\\\/www.vetorino.com\\\/boutique\\\/?s={search_term_string}\"},\"query-input\":{\"@type\":\"PropertyValueSpecification\",\"valueRequired\":true,\"valueName\":\"search_term_string\"}}],\"inLanguage\":\"fr-FR\"},{\"@type\":\"Organization\",\"@id\":\"https:\\\/\\\/www.vetorino.com\\\/boutique\\\/#organization\",\"name\":\"V\u00e9torino\",\"url\":\"https:\\\/\\\/www.vetorino.com\\\/boutique\\\/\",\"logo\":{\"@type\":\"ImageObject\",\"inLanguage\":\"fr-FR\",\"@id\":\"https:\\\/\\\/www.vetorino.com\\\/boutique\\\/#\\\/schema\\\/logo\\\/image\\\/\",\"url\":\"https:\\\/\\\/www.vetorino.com\\\/boutique\\\/wp-content\\\/uploads\\\/2024\\\/10\\\/logo.jpg\",\"contentUrl\":\"https:\\\/\\\/www.vetorino.com\\\/boutique\\\/wp-content\\\/uploads\\\/2024\\\/10\\\/logo.jpg\",\"width\":1200,\"height\":610,\"caption\":\"V\u00e9torino\"},\"image\":{\"@id\":\"https:\\\/\\\/www.vetorino.com\\\/boutique\\\/#\\\/schema\\\/logo\\\/image\\\/\"},\"sameAs\":[\"https:\\\/\\\/www.facebook.com\\\/Vetorino\\\/\",\"https:\\\/\\\/www.instagram.com\\\/vetorino_off\\\/\",\"https:\\\/\\\/www.linkedin.com\\\/company\\\/vtorino\\\/\"]}]}<\/script>\n<meta property=\"product:brand\" content=\"Hill&#039;s\" \/>\n<meta property=\"og:availability\" content=\"instock\" \/>\n<meta property=\"product:availability\" content=\"instock\" \/>\n<meta property=\"product:condition\" content=\"new\" \/>\n<!-- \/ Yoast SEO plugin. -->","yoast_head_json":{"title":"Vetessentials (Hill's) Puppy Growth ActivBiome+ Large Breed Poulet Hill's - V\u00e9torino","description":"Une nutrition de pointe avec des b\u00e9n\u00e9fices cliniquement prouv\u00e9s : un m\u00e9lange d'antioxydants pour soutenir le syst\u00e8me immunitaire et la technologie ActivBiome+ pour une digestion saine.  Utilisation :\u00a0   Chiots de grande race (de plus de 25 kg \u00e0 l'\u00e2ge adulte) jusqu'\u00e0 18 mois pour soutenir une croissance et un d\u00e9veloppement sains. Peut convenir \u00e9galement pour les chiots st\u00e9rilis\u00e9s","robots":{"index":"index","follow":"follow","max-snippet":"max-snippet:-1","max-image-preview":"max-image-preview:large","max-video-preview":"max-video-preview:-1"},"canonical":"https:\/\/www.vetorino.com\/boutique\/product\/vetessentials-canine-puppy-large-breed-2\/","og_locale":"fr_FR","og_type":"article","og_title":"Vetessentials (Hill's) Puppy Growth ActivBiome+ Large Breed Poulet Hill's - V\u00e9torino","og_description":"Une nutrition de pointe avec des b\u00e9n\u00e9fices cliniquement prouv\u00e9s : un m\u00e9lange d'antioxydants pour soutenir le syst\u00e8me immunitaire et la technologie ActivBiome+ pour une digestion saine.  Utilisation :\u00a0   Chiots de grande race (de plus de 25 kg \u00e0 l'\u00e2ge adulte) jusqu'\u00e0 18 mois pour soutenir une croissance et un d\u00e9veloppement sains. Peut convenir \u00e9galement pour les chiots st\u00e9rilis\u00e9s","og_url":"https:\/\/www.vetorino.com\/boutique\/product\/vetessentials-canine-puppy-large-breed-2\/","og_site_name":"V\u00e9torino","article_publisher":"https:\/\/www.facebook.com\/Vetorino\/","article_modified_time":"2024-06-07T15:17:30+00:00","og_image":[{"width":540,"height":540,"url":"https:\/\/www.vetorino.com\/boutique\/wp-content\/uploads\/2020\/06\/puppy-growth-activ-biome-large-poulet-10.jpg","type":"image\/jpeg"}],"twitter_card":"summary_large_image","twitter_misc":{"Disponibilit\u00e9":"En stock"},"schema":{"@context":"https:\/\/schema.org","@graph":[{"@type":"WebPage","@id":"https:\/\/www.vetorino.com\/veterinaire\/briancon-05100\/boutique\/product\/vetessentials-canine-puppy-large-breed-2\/","url":"https:\/\/www.vetorino.com\/veterinaire\/briancon-05100\/boutique\/product\/vetessentials-canine-puppy-large-breed-2\/","name":"Vetessentials (Hill's) Puppy Growth ActivBiome+ Large Breed Poulet Hill's - V\u00e9torino","isPartOf":{"@id":"https:\/\/www.vetorino.com\/boutique\/#website"},"primaryImageOfPage":{"@id":"https:\/\/www.vetorino.com\/veterinaire\/briancon-05100\/boutique\/product\/vetessentials-canine-puppy-large-breed-2\/#primaryimage"},"image":{"@id":"https:\/\/www.vetorino.com\/veterinaire\/briancon-05100\/boutique\/product\/vetessentials-canine-puppy-large-breed-2\/#primaryimage"},"thumbnailUrl":"https:\/\/www.vetorino.com\/boutique\/wp-content\/uploads\/2020\/06\/puppy-growth-activ-biome-large-poulet-10.jpg","datePublished":"2020-06-30T15:44:50+00:00","dateModified":"2024-06-07T15:17:30+00:00","description":"Une nutrition de pointe avec des b\u00e9n\u00e9fices cliniquement prouv\u00e9s : un m\u00e9lange d'antioxydants pour soutenir le syst\u00e8me immunitaire et la technologie ActivBiome+ pour une digestion saine. Utilisation :\u00a0 Chiots de grande race (de plus de 25 kg \u00e0 l'\u00e2ge adulte) jusqu'\u00e0 18 mois pour soutenir une croissance et un d\u00e9veloppement sains. Peut convenir \u00e9galement pour les chiots st\u00e9rilis\u00e9s","breadcrumb":{"@id":"https:\/\/www.vetorino.com\/veterinaire\/briancon-05100\/boutique\/product\/vetessentials-canine-puppy-large-breed-2\/#breadcrumb"},"inLanguage":"fr-FR","potentialAction":[{"@type":"ReadAction","target":["https:\/\/www.vetorino.com\/veterinaire\/briancon-05100\/boutique\/product\/vetessentials-canine-puppy-large-breed-2\/"]}]},{"@type":"ImageObject","inLanguage":"fr-FR","@id":"https:\/\/www.vetorino.com\/veterinaire\/briancon-05100\/boutique\/product\/vetessentials-canine-puppy-large-breed-2\/#primaryimage","url":"https:\/\/www.vetorino.com\/boutique\/wp-content\/uploads\/2020\/06\/puppy-growth-activ-biome-large-poulet-10.jpg","contentUrl":"https:\/\/www.vetorino.com\/boutique\/wp-content\/uploads\/2020\/06\/puppy-growth-activ-biome-large-poulet-10.jpg","width":540,"height":540},{"@type":"BreadcrumbList","@id":"https:\/\/www.vetorino.com\/veterinaire\/briancon-05100\/boutique\/product\/vetessentials-canine-puppy-large-breed-2\/#breadcrumb","itemListElement":[{"@type":"ListItem","position":1,"name":"Accueil","item":"https:\/\/www.vetorino.com\/boutique\/"},{"@type":"ListItem","position":2,"name":"Produits","item":"https:\/\/www.vetorino.com\/boutique\/"},{"@type":"ListItem","position":3,"name":"Puppy Growth ActivBiome+ Large Breed Poulet"}]},{"@type":"WebSite","@id":"https:\/\/www.vetorino.com\/boutique\/#website","url":"https:\/\/www.vetorino.com\/boutique\/","name":"V\u00e9torino","description":"","publisher":{"@id":"https:\/\/www.vetorino.com\/boutique\/#organization"},"potentialAction":[{"@type":"SearchAction","target":{"@type":"EntryPoint","urlTemplate":"https:\/\/www.vetorino.com\/boutique\/?s={search_term_string}"},"query-input":{"@type":"PropertyValueSpecification","valueRequired":true,"valueName":"search_term_string"}}],"inLanguage":"fr-FR"},{"@type":"Organization","@id":"https:\/\/www.vetorino.com\/boutique\/#organization","name":"V\u00e9torino","url":"https:\/\/www.vetorino.com\/boutique\/","logo":{"@type":"ImageObject","inLanguage":"fr-FR","@id":"https:\/\/www.vetorino.com\/boutique\/#\/schema\/logo\/image\/","url":"https:\/\/www.vetorino.com\/boutique\/wp-content\/uploads\/2024\/10\/logo.jpg","contentUrl":"https:\/\/www.vetorino.com\/boutique\/wp-content\/uploads\/2024\/10\/logo.jpg","width":1200,"height":610,"caption":"V\u00e9torino"},"image":{"@id":"https:\/\/www.vetorino.com\/boutique\/#\/schema\/logo\/image\/"},"sameAs":["https:\/\/www.facebook.com\/Vetorino\/","https:\/\/www.instagram.com\/vetorino_off\/","https:\/\/www.linkedin.com\/company\/vtorino\/"]}]},"product_brand":"Hill's","og_availability":"instock","product_availability":"instock","product_condition":"new"},"_links":{"self":[{"href":"https:\/\/www.vetorino.com\/boutique\/wp-json\/wp\/v2\/product\/103752","targetHints":{"allow":["GET"]}}],"collection":[{"href":"https:\/\/www.vetorino.com\/boutique\/wp-json\/wp\/v2\/product"}],"about":[{"href":"https:\/\/www.vetorino.com\/boutique\/wp-json\/wp\/v2\/types\/product"}],"wp:featuredmedia":[{"embeddable":true,"href":"https:\/\/www.vetorino.com\/boutique\/wp-json\/wp\/v2\/media\/593853"}],"wp:attachment":[{"href":"https:\/\/www.vetorino.com\/boutique\/wp-json\/wp\/v2\/media?parent=103752"}],"wp:term":[{"taxonomy":"product_cat","embeddable":true,"href":"https:\/\/www.vetorino.com\/boutique\/wp-json\/wp\/v2\/product_cat?post=103752"},{"taxonomy":"product_tag","embeddable":true,"href":"https:\/\/www.vetorino.com\/boutique\/wp-json\/wp\/v2\/product_tag?post=103752"}],"curies":[{"name":"wp","href":"https:\/\/api.w.org\/{rel}","templated":true}]}}