{"id":104371,"date":"2020-06-30T18:19:13","date_gmt":"2020-06-30T16:19:13","guid":{"rendered":"https:\/\/www.vetorino.com\/boutique\/product\/zentonil-plus-200-mg\/"},"modified":"2022-10-03T02:42:13","modified_gmt":"2022-10-03T00:42:13","slug":"zentonil-plus-200-mg","status":"publish","type":"product","link":"https:\/\/www.vetorino.com\/boutique\/product\/zentonil-plus-200-mg\/","title":{"rendered":"Zentonil Plus 200 mg"},"content":{"rendered":"<p><b>Caract\u00e9risiques<\/b><br \/>\nCe compl\u00e9ment est indiqu\u00e9 pour soutenir activement la fonction h\u00e9patique et ralentir la progression des l\u00e9sions h\u00e9patiques et contient de la SAMe (S-Adenosyl M\u00e9thionine) qui joue un r\u00f4le majeur dans le m\u00e9tabolisme h\u00e9patique. Ce compl\u00e9ment poss\u00e8de un pouvoir essentiel d&#8217;antioxydant et d\u00e9toxifiant et procure \u00e9galement un effet stabilisateur et r\u00e9g\u00e9n\u00e9rateur de cellules. Conditionnement : Bo\u00eete de 30 comprim\u00e9s.<br \/>\n<b>Bon \u00e0 savoir<\/b><br \/>\nDemandez conseil \u00e0 votre v\u00e9t\u00e9rinaire. De l?eau fra\u00eeche et propre doit \u00eatre disponible \u00e0 tout moment de la journ\u00e9e.<\/p>\n","protected":false},"excerpt":{"rendered":"<p>Le Zentonil Plus est un aliment compl\u00e9mentaire di\u00e9t\u00e9tique pour chiens de 10 \u00e0 20 kg\u00a0<span id=\"ctl00_MasterBody_txtCaract\">pr\u00e9conis\u00e9 pour la gestion pr\u00e9ventive des troubles h\u00e9patiques<\/span>\u00a0et contribuant au soutien de la fonction h\u00e9patique en cas d&#8217;insuffisance h\u00e9patique chronique.<\/p>\n<ul>\n<li>Pr\u00e9vention des troubles h\u00e9patiques<\/li>\n<li>Insuffisance h\u00e9patique chronique<strong><br \/>\n<\/strong><\/li>\n<\/ul>\n","protected":false},"featured_media":310870,"template":"","meta":[],"product_cat":[2730,2738,2697,2698,12568,12638],"product_tag":[],"class_list":{"0":"post-104371","1":"product","2":"type-product","3":"status-publish","4":"has-post-thumbnail","6":"product_cat-aliments-complementaires-pour-chat","7":"product_cat-aliments-complementaires-pour-chien","8":"product_cat-chat","9":"product_cat-chien","10":"product_cat-produit-veterinaire-du-chien","11":"product_cat-systeme-hepatique-du-chien","12":"pa_marque-vetoquinol","14":"first","15":"outofstock","16":"taxable","17":"shipping-taxable","18":"purchasable","19":"product-type-simple"},"yoast_head":"<!-- This site is optimized with the Yoast SEO plugin v27.3 - https:\/\/yoast.com\/product\/yoast-seo-wordpress\/ -->\n<title>Zentonil Plus 200 mg V\u00e9toquinol - V\u00e9torino<\/title>\n<meta name=\"description\" content=\"Le Zentonil Plus est un aliment compl\u00e9mentaire di\u00e9t\u00e9tique pour chiens de 10 \u00e0 20 kg\u00a0pr\u00e9conis\u00e9 pour la gestion pr\u00e9ventive des troubles h\u00e9patiques\u00a0et contribuant au soutien de la fonction h\u00e9patique en cas d&#039;insuffisance h\u00e9patique chronique.   Pr\u00e9vention des troubles h\u00e9patiques  Insuffisance h\u00e9patique chronique\" \/>\n<meta name=\"robots\" content=\"index, follow, max-snippet:-1, max-image-preview:large, max-video-preview:-1\" \/>\n<link rel=\"canonical\" href=\"https:\/\/www.vetorino.com\/boutique\/product\/zentonil-plus-200-mg\/\" \/>\n<meta property=\"og:locale\" content=\"fr_FR\" \/>\n<meta property=\"og:type\" content=\"article\" \/>\n<meta property=\"og:title\" content=\"Zentonil Plus 200 mg V\u00e9toquinol - V\u00e9torino\" \/>\n<meta property=\"og:description\" content=\"Le Zentonil Plus est un aliment compl\u00e9mentaire di\u00e9t\u00e9tique pour chiens de 10 \u00e0 20 kg\u00a0pr\u00e9conis\u00e9 pour la gestion pr\u00e9ventive des troubles h\u00e9patiques\u00a0et contribuant au soutien de la fonction h\u00e9patique en cas d&#039;insuffisance h\u00e9patique chronique.   Pr\u00e9vention des troubles h\u00e9patiques  Insuffisance h\u00e9patique chronique\" \/>\n<meta property=\"og:url\" content=\"https:\/\/www.vetorino.com\/boutique\/product\/zentonil-plus-200-mg\/\" \/>\n<meta property=\"og:site_name\" content=\"V\u00e9torino\" \/>\n<meta property=\"article:publisher\" content=\"https:\/\/www.facebook.com\/Vetorino\/\" \/>\n<meta property=\"article:modified_time\" content=\"2022-10-03T00:42:13+00:00\" \/>\n<meta property=\"og:image\" content=\"https:\/\/www.vetorino.com\/boutique\/wp-content\/uploads\/2020\/03\/zentonil-plus-200-mg.jpeg\" \/>\n\t<meta property=\"og:image:width\" content=\"540\" \/>\n\t<meta property=\"og:image:height\" content=\"540\" \/>\n\t<meta property=\"og:image:type\" content=\"image\/jpeg\" \/>\n<meta name=\"twitter:card\" content=\"summary_large_image\" \/>\n<meta name=\"twitter:label1\" content=\"Prix\" \/>\n\t<meta name=\"twitter:data1\" content=\"32,96&euro;\" \/>\n\t<meta name=\"twitter:label2\" content=\"Disponibilit\u00e9\" \/>\n\t<meta name=\"twitter:data2\" content=\"Rupture de stock\" \/>\n<script type=\"application\/ld+json\" class=\"yoast-schema-graph\">{\"@context\":\"https:\\\/\\\/schema.org\",\"@graph\":[{\"@type\":\"WebPage\",\"@id\":\"https:\\\/\\\/www.vetorino.com\\\/veterinaire\\\/champs-sur-marne-77420\\\/boutique\\\/product\\\/zentonil-plus-200-mg\\\/\",\"url\":\"https:\\\/\\\/www.vetorino.com\\\/veterinaire\\\/champs-sur-marne-77420\\\/boutique\\\/product\\\/zentonil-plus-200-mg\\\/\",\"name\":\"Zentonil Plus 200 mg V\u00e9toquinol - V\u00e9torino\",\"isPartOf\":{\"@id\":\"https:\\\/\\\/www.vetorino.com\\\/boutique\\\/#website\"},\"primaryImageOfPage\":{\"@id\":\"https:\\\/\\\/www.vetorino.com\\\/veterinaire\\\/champs-sur-marne-77420\\\/boutique\\\/product\\\/zentonil-plus-200-mg\\\/#primaryimage\"},\"image\":{\"@id\":\"https:\\\/\\\/www.vetorino.com\\\/veterinaire\\\/champs-sur-marne-77420\\\/boutique\\\/product\\\/zentonil-plus-200-mg\\\/#primaryimage\"},\"thumbnailUrl\":\"https:\\\/\\\/www.vetorino.com\\\/boutique\\\/wp-content\\\/uploads\\\/2020\\\/03\\\/zentonil-plus-200-mg.jpeg\",\"datePublished\":\"2020-06-30T16:19:13+00:00\",\"dateModified\":\"2022-10-03T00:42:13+00:00\",\"description\":\"Le Zentonil Plus est un aliment compl\u00e9mentaire di\u00e9t\u00e9tique pour chiens de 10 \u00e0 20 kg\u00a0pr\u00e9conis\u00e9 pour la gestion pr\u00e9ventive des troubles h\u00e9patiques\u00a0et contribuant au soutien de la fonction h\u00e9patique en cas d'insuffisance h\u00e9patique chronique. Pr\u00e9vention des troubles h\u00e9patiques Insuffisance h\u00e9patique chronique\",\"breadcrumb\":{\"@id\":\"https:\\\/\\\/www.vetorino.com\\\/veterinaire\\\/champs-sur-marne-77420\\\/boutique\\\/product\\\/zentonil-plus-200-mg\\\/#breadcrumb\"},\"inLanguage\":\"fr-FR\",\"potentialAction\":[{\"@type\":\"ReadAction\",\"target\":[\"https:\\\/\\\/www.vetorino.com\\\/veterinaire\\\/champs-sur-marne-77420\\\/boutique\\\/product\\\/zentonil-plus-200-mg\\\/\"]}]},{\"@type\":\"ImageObject\",\"inLanguage\":\"fr-FR\",\"@id\":\"https:\\\/\\\/www.vetorino.com\\\/veterinaire\\\/champs-sur-marne-77420\\\/boutique\\\/product\\\/zentonil-plus-200-mg\\\/#primaryimage\",\"url\":\"https:\\\/\\\/www.vetorino.com\\\/boutique\\\/wp-content\\\/uploads\\\/2020\\\/03\\\/zentonil-plus-200-mg.jpeg\",\"contentUrl\":\"https:\\\/\\\/www.vetorino.com\\\/boutique\\\/wp-content\\\/uploads\\\/2020\\\/03\\\/zentonil-plus-200-mg.jpeg\",\"width\":540,\"height\":540},{\"@type\":\"BreadcrumbList\",\"@id\":\"https:\\\/\\\/www.vetorino.com\\\/veterinaire\\\/champs-sur-marne-77420\\\/boutique\\\/product\\\/zentonil-plus-200-mg\\\/#breadcrumb\",\"itemListElement\":[{\"@type\":\"ListItem\",\"position\":1,\"name\":\"Accueil\",\"item\":\"https:\\\/\\\/www.vetorino.com\\\/boutique\\\/\"},{\"@type\":\"ListItem\",\"position\":2,\"name\":\"Produits\",\"item\":\"https:\\\/\\\/www.vetorino.com\\\/boutique\\\/\"},{\"@type\":\"ListItem\",\"position\":3,\"name\":\"Zentonil Plus 200 mg\"}]},{\"@type\":\"WebSite\",\"@id\":\"https:\\\/\\\/www.vetorino.com\\\/boutique\\\/#website\",\"url\":\"https:\\\/\\\/www.vetorino.com\\\/boutique\\\/\",\"name\":\"V\u00e9torino\",\"description\":\"\",\"publisher\":{\"@id\":\"https:\\\/\\\/www.vetorino.com\\\/boutique\\\/#organization\"},\"potentialAction\":[{\"@type\":\"SearchAction\",\"target\":{\"@type\":\"EntryPoint\",\"urlTemplate\":\"https:\\\/\\\/www.vetorino.com\\\/boutique\\\/?s={search_term_string}\"},\"query-input\":{\"@type\":\"PropertyValueSpecification\",\"valueRequired\":true,\"valueName\":\"search_term_string\"}}],\"inLanguage\":\"fr-FR\"},{\"@type\":\"Organization\",\"@id\":\"https:\\\/\\\/www.vetorino.com\\\/boutique\\\/#organization\",\"name\":\"V\u00e9torino\",\"url\":\"https:\\\/\\\/www.vetorino.com\\\/boutique\\\/\",\"logo\":{\"@type\":\"ImageObject\",\"inLanguage\":\"fr-FR\",\"@id\":\"https:\\\/\\\/www.vetorino.com\\\/boutique\\\/#\\\/schema\\\/logo\\\/image\\\/\",\"url\":\"https:\\\/\\\/www.vetorino.com\\\/boutique\\\/wp-content\\\/uploads\\\/2024\\\/10\\\/logo.jpg\",\"contentUrl\":\"https:\\\/\\\/www.vetorino.com\\\/boutique\\\/wp-content\\\/uploads\\\/2024\\\/10\\\/logo.jpg\",\"width\":1200,\"height\":610,\"caption\":\"V\u00e9torino\"},\"image\":{\"@id\":\"https:\\\/\\\/www.vetorino.com\\\/boutique\\\/#\\\/schema\\\/logo\\\/image\\\/\"},\"sameAs\":[\"https:\\\/\\\/www.facebook.com\\\/Vetorino\\\/\",\"https:\\\/\\\/www.instagram.com\\\/vetorino_off\\\/\",\"https:\\\/\\\/www.linkedin.com\\\/company\\\/vtorino\\\/\"]}]}<\/script>\n<meta property=\"product:brand\" content=\"V\u00e9toquinol\" \/>\n<meta property=\"product:price:amount\" content=\"32.96\" \/>\n<meta property=\"product:price:currency\" content=\"EUR\" \/>\n<meta property=\"og:availability\" content=\"out of stock\" \/>\n<meta property=\"product:availability\" content=\"out of stock\" \/>\n<meta property=\"product:retailer_item_id\" content=\"C-ZEN011\" \/>\n<meta property=\"product:condition\" content=\"new\" \/>\n<!-- \/ Yoast SEO plugin. -->","yoast_head_json":{"title":"Zentonil Plus 200 mg V\u00e9toquinol - V\u00e9torino","description":"Le Zentonil Plus est un aliment compl\u00e9mentaire di\u00e9t\u00e9tique pour chiens de 10 \u00e0 20 kg\u00a0pr\u00e9conis\u00e9 pour la gestion pr\u00e9ventive des troubles h\u00e9patiques\u00a0et contribuant au soutien de la fonction h\u00e9patique en cas d'insuffisance h\u00e9patique chronique.   Pr\u00e9vention des troubles h\u00e9patiques  Insuffisance h\u00e9patique chronique","robots":{"index":"index","follow":"follow","max-snippet":"max-snippet:-1","max-image-preview":"max-image-preview:large","max-video-preview":"max-video-preview:-1"},"canonical":"https:\/\/www.vetorino.com\/boutique\/product\/zentonil-plus-200-mg\/","og_locale":"fr_FR","og_type":"article","og_title":"Zentonil Plus 200 mg V\u00e9toquinol - V\u00e9torino","og_description":"Le Zentonil Plus est un aliment compl\u00e9mentaire di\u00e9t\u00e9tique pour chiens de 10 \u00e0 20 kg\u00a0pr\u00e9conis\u00e9 pour la gestion pr\u00e9ventive des troubles h\u00e9patiques\u00a0et contribuant au soutien de la fonction h\u00e9patique en cas d'insuffisance h\u00e9patique chronique.   Pr\u00e9vention des troubles h\u00e9patiques  Insuffisance h\u00e9patique chronique","og_url":"https:\/\/www.vetorino.com\/boutique\/product\/zentonil-plus-200-mg\/","og_site_name":"V\u00e9torino","article_publisher":"https:\/\/www.facebook.com\/Vetorino\/","article_modified_time":"2022-10-03T00:42:13+00:00","og_image":[{"width":540,"height":540,"url":"https:\/\/www.vetorino.com\/boutique\/wp-content\/uploads\/2020\/03\/zentonil-plus-200-mg.jpeg","type":"image\/jpeg"}],"twitter_card":"summary_large_image","twitter_misc":{"Prix":"32,96&euro;","Disponibilit\u00e9":"Rupture de stock"},"schema":{"@context":"https:\/\/schema.org","@graph":[{"@type":"WebPage","@id":"https:\/\/www.vetorino.com\/veterinaire\/champs-sur-marne-77420\/boutique\/product\/zentonil-plus-200-mg\/","url":"https:\/\/www.vetorino.com\/veterinaire\/champs-sur-marne-77420\/boutique\/product\/zentonil-plus-200-mg\/","name":"Zentonil Plus 200 mg V\u00e9toquinol - V\u00e9torino","isPartOf":{"@id":"https:\/\/www.vetorino.com\/boutique\/#website"},"primaryImageOfPage":{"@id":"https:\/\/www.vetorino.com\/veterinaire\/champs-sur-marne-77420\/boutique\/product\/zentonil-plus-200-mg\/#primaryimage"},"image":{"@id":"https:\/\/www.vetorino.com\/veterinaire\/champs-sur-marne-77420\/boutique\/product\/zentonil-plus-200-mg\/#primaryimage"},"thumbnailUrl":"https:\/\/www.vetorino.com\/boutique\/wp-content\/uploads\/2020\/03\/zentonil-plus-200-mg.jpeg","datePublished":"2020-06-30T16:19:13+00:00","dateModified":"2022-10-03T00:42:13+00:00","description":"Le Zentonil Plus est un aliment compl\u00e9mentaire di\u00e9t\u00e9tique pour chiens de 10 \u00e0 20 kg\u00a0pr\u00e9conis\u00e9 pour la gestion pr\u00e9ventive des troubles h\u00e9patiques\u00a0et contribuant au soutien de la fonction h\u00e9patique en cas d'insuffisance h\u00e9patique chronique. Pr\u00e9vention des troubles h\u00e9patiques Insuffisance h\u00e9patique chronique","breadcrumb":{"@id":"https:\/\/www.vetorino.com\/veterinaire\/champs-sur-marne-77420\/boutique\/product\/zentonil-plus-200-mg\/#breadcrumb"},"inLanguage":"fr-FR","potentialAction":[{"@type":"ReadAction","target":["https:\/\/www.vetorino.com\/veterinaire\/champs-sur-marne-77420\/boutique\/product\/zentonil-plus-200-mg\/"]}]},{"@type":"ImageObject","inLanguage":"fr-FR","@id":"https:\/\/www.vetorino.com\/veterinaire\/champs-sur-marne-77420\/boutique\/product\/zentonil-plus-200-mg\/#primaryimage","url":"https:\/\/www.vetorino.com\/boutique\/wp-content\/uploads\/2020\/03\/zentonil-plus-200-mg.jpeg","contentUrl":"https:\/\/www.vetorino.com\/boutique\/wp-content\/uploads\/2020\/03\/zentonil-plus-200-mg.jpeg","width":540,"height":540},{"@type":"BreadcrumbList","@id":"https:\/\/www.vetorino.com\/veterinaire\/champs-sur-marne-77420\/boutique\/product\/zentonil-plus-200-mg\/#breadcrumb","itemListElement":[{"@type":"ListItem","position":1,"name":"Accueil","item":"https:\/\/www.vetorino.com\/boutique\/"},{"@type":"ListItem","position":2,"name":"Produits","item":"https:\/\/www.vetorino.com\/boutique\/"},{"@type":"ListItem","position":3,"name":"Zentonil Plus 200 mg"}]},{"@type":"WebSite","@id":"https:\/\/www.vetorino.com\/boutique\/#website","url":"https:\/\/www.vetorino.com\/boutique\/","name":"V\u00e9torino","description":"","publisher":{"@id":"https:\/\/www.vetorino.com\/boutique\/#organization"},"potentialAction":[{"@type":"SearchAction","target":{"@type":"EntryPoint","urlTemplate":"https:\/\/www.vetorino.com\/boutique\/?s={search_term_string}"},"query-input":{"@type":"PropertyValueSpecification","valueRequired":true,"valueName":"search_term_string"}}],"inLanguage":"fr-FR"},{"@type":"Organization","@id":"https:\/\/www.vetorino.com\/boutique\/#organization","name":"V\u00e9torino","url":"https:\/\/www.vetorino.com\/boutique\/","logo":{"@type":"ImageObject","inLanguage":"fr-FR","@id":"https:\/\/www.vetorino.com\/boutique\/#\/schema\/logo\/image\/","url":"https:\/\/www.vetorino.com\/boutique\/wp-content\/uploads\/2024\/10\/logo.jpg","contentUrl":"https:\/\/www.vetorino.com\/boutique\/wp-content\/uploads\/2024\/10\/logo.jpg","width":1200,"height":610,"caption":"V\u00e9torino"},"image":{"@id":"https:\/\/www.vetorino.com\/boutique\/#\/schema\/logo\/image\/"},"sameAs":["https:\/\/www.facebook.com\/Vetorino\/","https:\/\/www.instagram.com\/vetorino_off\/","https:\/\/www.linkedin.com\/company\/vtorino\/"]}]},"product_brand":"V\u00e9toquinol","product_price_amount":"32.96","product_price_currency":"EUR","og_availability":"out of stock","product_availability":"out of stock","product_retailer_item_id":"C-ZEN011","product_condition":"new"},"_links":{"self":[{"href":"https:\/\/www.vetorino.com\/boutique\/wp-json\/wp\/v2\/product\/104371","targetHints":{"allow":["GET"]}}],"collection":[{"href":"https:\/\/www.vetorino.com\/boutique\/wp-json\/wp\/v2\/product"}],"about":[{"href":"https:\/\/www.vetorino.com\/boutique\/wp-json\/wp\/v2\/types\/product"}],"wp:featuredmedia":[{"embeddable":true,"href":"https:\/\/www.vetorino.com\/boutique\/wp-json\/wp\/v2\/media\/310870"}],"wp:attachment":[{"href":"https:\/\/www.vetorino.com\/boutique\/wp-json\/wp\/v2\/media?parent=104371"}],"wp:term":[{"taxonomy":"product_cat","embeddable":true,"href":"https:\/\/www.vetorino.com\/boutique\/wp-json\/wp\/v2\/product_cat?post=104371"},{"taxonomy":"product_tag","embeddable":true,"href":"https:\/\/www.vetorino.com\/boutique\/wp-json\/wp\/v2\/product_tag?post=104371"}],"curies":[{"name":"wp","href":"https:\/\/api.w.org\/{rel}","templated":true}]}}