{"id":118770,"date":"2020-10-05T18:02:07","date_gmt":"2020-10-05T16:02:07","guid":{"rendered":"https:\/\/www.vetorino.com\/boutique\/product\/dog-medium-adult-poulet-optibalance-sac-de-14-kg-2-5-kg-gratuits\/"},"modified":"2025-03-28T14:53:22","modified_gmt":"2025-03-28T13:53:22","slug":"dog-medium-adult-poulet-optibalance-sac-de-14-kg-2-5-kg-gratuits","status":"publish","type":"product","link":"https:\/\/www.vetorino.com\/boutique\/product\/dog-medium-adult-poulet-optibalance-sac-de-14-kg-2-5-kg-gratuits\/","title":{"rendered":"Dog Medium Adult Poulet"},"content":{"rendered":"<p><strong>Aliment complet pour chien adulte de taille moyenne. OPTIBALANCE\u2122 est une combinaison de nutriments sp\u00e9cialement s\u00e9lectionn\u00e9s, avec des teneurs adapt\u00e9es pour les chiens de tailles et morphotypes diff\u00e9rents afin de soutenir leurs besoins sp\u00e9cifiques et les aider \u00e0 rester au mieux de leur forme.<\/strong><\/p>\n<p><strong>Utilisation :<\/strong><\/p>\n<ul>\n<li>Chien adulte de race moyenne (entre 10 et 25 kg)<\/li>\n<\/ul>\n<p><strong>Bienfaits essentiels :<\/strong><\/p>\n<ul>\n<li><strong>Absorption sup\u00e9rieure des nutriments<\/strong>\u00a0pour satisfaire les besoins de votre chien<\/li>\n<li>Formul\u00e9 pour une<strong>\u00a0bonne hygi\u00e8ne bucco-dentaire<\/strong><\/li>\n<li>Une combinaison de nutriments essentiels pour<strong>\u00a0aider \u00e0 soutenir la bonne sant\u00e9 des articulations<\/strong><\/li>\n<li><strong>Aide \u00e0 garder le pelage de votre chien brillant<\/strong>\u00a0des racines jusqu\u2019aux pointes<\/li>\n<li>Contient des morceaux de\u00a0<strong>poulet de haute qualit\u00e9<\/strong><\/li>\n<\/ul>\n","protected":false},"excerpt":{"rendered":"<p><strong>Aliment complet pour chien adulte de taille moyenne. Combinaison de nutriments sp\u00e9cialement s\u00e9lectionn\u00e9s, avec des teneurs adapt\u00e9es pour les chiens de tailles et morphotypes diff\u00e9rents afin de soutenir leurs besoins sp\u00e9cifiques et les aider \u00e0 rester au mieux de leur forme.<\/strong><\/p>\n<p><strong>Utilisation :<\/strong><\/p>\n<ul>\n<li>Chien adulte de race moyenne (entre 10 et 25 kg).<\/li>\n<\/ul>\n<p><em><span style=\"color: #ff6600\"><strong>Offre Bonus Bag ! 14 kg achet\u00e9s + 2,5 kg gratuits, disponible jusqu\u2019\u00e0 \u00e9puisement des stocks.\u00a0<\/strong><\/span><\/em><\/p>\n","protected":false},"featured_media":1275185,"template":"","meta":[],"product_cat":[12552,12584,2698],"product_tag":[],"class_list":{"0":"post-118770","1":"product","2":"type-product","3":"status-publish","4":"has-post-thumbnail","6":"product_cat-alimentation-du-chien","7":"product_cat-alimentation-premium-pour-chien","8":"product_cat-chien","9":"pa_marque-purina","11":"first","12":"outofstock","13":"taxable","14":"shipping-taxable","15":"purchasable","16":"product-type-simple"},"yoast_head":"<!-- This site is optimized with the Yoast SEO plugin v27.3 - https:\/\/yoast.com\/product\/yoast-seo-wordpress\/ -->\n<title>Proplan Dog Medium Adult Poulet Purina Pro Plan - V\u00e9torino<\/title>\n<meta name=\"description\" content=\"Aliment complet pour chien adulte de taille moyenne. Combinaison de nutriments sp\u00e9cialement s\u00e9lectionn\u00e9s, avec des teneurs adapt\u00e9es pour les chiens de tailles et morphotypes diff\u00e9rents afin de soutenir leurs besoins sp\u00e9cifiques et les aider \u00e0 rester au mieux de leur forme.  Utilisation :   Chien adulte de race moyenne (entre 10 et 25 kg).  Offre Bonus Bag ! 14 kg achet\u00e9s + 2,5 kg gratuits, disponible jusqu\u2019\u00e0 \u00e9puisement des stocks.\u00a0\" \/>\n<meta name=\"robots\" content=\"index, follow, max-snippet:-1, max-image-preview:large, max-video-preview:-1\" \/>\n<link rel=\"canonical\" href=\"https:\/\/www.vetorino.com\/boutique\/product\/dog-medium-adult-poulet-optibalance-sac-de-14-kg-2-5-kg-gratuits\/\" \/>\n<meta property=\"og:locale\" content=\"fr_FR\" \/>\n<meta property=\"og:type\" content=\"article\" \/>\n<meta property=\"og:title\" content=\"Proplan Dog Medium Adult Poulet Purina Pro Plan - V\u00e9torino\" \/>\n<meta property=\"og:description\" content=\"Aliment complet pour chien adulte de taille moyenne. Combinaison de nutriments sp\u00e9cialement s\u00e9lectionn\u00e9s, avec des teneurs adapt\u00e9es pour les chiens de tailles et morphotypes diff\u00e9rents afin de soutenir leurs besoins sp\u00e9cifiques et les aider \u00e0 rester au mieux de leur forme.  Utilisation :   Chien adulte de race moyenne (entre 10 et 25 kg).  Offre Bonus Bag ! 14 kg achet\u00e9s + 2,5 kg gratuits, disponible jusqu\u2019\u00e0 \u00e9puisement des stocks.\u00a0\" \/>\n<meta property=\"og:url\" content=\"https:\/\/www.vetorino.com\/boutique\/product\/dog-medium-adult-poulet-optibalance-sac-de-14-kg-2-5-kg-gratuits\/\" \/>\n<meta property=\"og:site_name\" content=\"V\u00e9torino\" \/>\n<meta property=\"article:publisher\" content=\"https:\/\/www.facebook.com\/Vetorino\/\" \/>\n<meta property=\"article:modified_time\" content=\"2025-03-28T13:53:22+00:00\" \/>\n<meta property=\"og:image\" content=\"https:\/\/www.vetorino.com\/boutique\/wp-content\/uploads\/2020\/10\/pro-plan-dog-medium-adult-everyday-nutrition-poulet.jpg\" \/>\n\t<meta property=\"og:image:width\" content=\"555\" \/>\n\t<meta property=\"og:image:height\" content=\"555\" \/>\n\t<meta property=\"og:image:type\" content=\"image\/jpeg\" \/>\n<meta name=\"twitter:card\" content=\"summary_large_image\" \/>\n<meta name=\"twitter:label1\" content=\"Prix\" \/>\n\t<meta name=\"twitter:data1\" content=\"71,76&euro;\" \/>\n\t<meta name=\"twitter:label2\" content=\"Disponibilit\u00e9\" \/>\n\t<meta name=\"twitter:data2\" content=\"Rupture de stock\" \/>\n<script type=\"application\/ld+json\" class=\"yoast-schema-graph\">{\"@context\":\"https:\\\/\\\/schema.org\",\"@graph\":[{\"@type\":\"WebPage\",\"@id\":\"https:\\\/\\\/www.vetorino.com\\\/veterinaire\\\/briancon-05100\\\/boutique\\\/product\\\/dog-medium-adult-poulet-optibalance-sac-de-14-kg-2-5-kg-gratuits\\\/\",\"url\":\"https:\\\/\\\/www.vetorino.com\\\/veterinaire\\\/briancon-05100\\\/boutique\\\/product\\\/dog-medium-adult-poulet-optibalance-sac-de-14-kg-2-5-kg-gratuits\\\/\",\"name\":\"Proplan Dog Medium Adult Poulet Purina Pro Plan - V\u00e9torino\",\"isPartOf\":{\"@id\":\"https:\\\/\\\/www.vetorino.com\\\/boutique\\\/#website\"},\"primaryImageOfPage\":{\"@id\":\"https:\\\/\\\/www.vetorino.com\\\/veterinaire\\\/briancon-05100\\\/boutique\\\/product\\\/dog-medium-adult-poulet-optibalance-sac-de-14-kg-2-5-kg-gratuits\\\/#primaryimage\"},\"image\":{\"@id\":\"https:\\\/\\\/www.vetorino.com\\\/veterinaire\\\/briancon-05100\\\/boutique\\\/product\\\/dog-medium-adult-poulet-optibalance-sac-de-14-kg-2-5-kg-gratuits\\\/#primaryimage\"},\"thumbnailUrl\":\"https:\\\/\\\/www.vetorino.com\\\/boutique\\\/wp-content\\\/uploads\\\/2020\\\/03\\\/pro-plan-dog-medium-adult-everyday-nutrition-poulet.webp\",\"datePublished\":\"2020-10-05T16:02:07+00:00\",\"dateModified\":\"2025-03-28T13:53:22+00:00\",\"description\":\"Aliment complet pour chien adulte de taille moyenne. Combinaison de nutriments sp\u00e9cialement s\u00e9lectionn\u00e9s, avec des teneurs adapt\u00e9es pour les chiens de tailles et morphotypes diff\u00e9rents afin de soutenir leurs besoins sp\u00e9cifiques et les aider \u00e0 rester au mieux de leur forme. Utilisation : Chien adulte de race moyenne (entre 10 et 25 kg). Offre Bonus Bag ! 14 kg achet\u00e9s + 2,5 kg gratuits, disponible jusqu\u2019\u00e0 \u00e9puisement des stocks.\u00a0\",\"breadcrumb\":{\"@id\":\"https:\\\/\\\/www.vetorino.com\\\/veterinaire\\\/briancon-05100\\\/boutique\\\/product\\\/dog-medium-adult-poulet-optibalance-sac-de-14-kg-2-5-kg-gratuits\\\/#breadcrumb\"},\"inLanguage\":\"fr-FR\",\"potentialAction\":[{\"@type\":\"ReadAction\",\"target\":[\"https:\\\/\\\/www.vetorino.com\\\/veterinaire\\\/briancon-05100\\\/boutique\\\/product\\\/dog-medium-adult-poulet-optibalance-sac-de-14-kg-2-5-kg-gratuits\\\/\"]}]},{\"@type\":\"ImageObject\",\"inLanguage\":\"fr-FR\",\"@id\":\"https:\\\/\\\/www.vetorino.com\\\/veterinaire\\\/briancon-05100\\\/boutique\\\/product\\\/dog-medium-adult-poulet-optibalance-sac-de-14-kg-2-5-kg-gratuits\\\/#primaryimage\",\"url\":\"https:\\\/\\\/www.vetorino.com\\\/boutique\\\/wp-content\\\/uploads\\\/2020\\\/03\\\/pro-plan-dog-medium-adult-everyday-nutrition-poulet.webp\",\"contentUrl\":\"https:\\\/\\\/www.vetorino.com\\\/boutique\\\/wp-content\\\/uploads\\\/2020\\\/03\\\/pro-plan-dog-medium-adult-everyday-nutrition-poulet.webp\",\"width\":800,\"height\":800},{\"@type\":\"BreadcrumbList\",\"@id\":\"https:\\\/\\\/www.vetorino.com\\\/veterinaire\\\/briancon-05100\\\/boutique\\\/product\\\/dog-medium-adult-poulet-optibalance-sac-de-14-kg-2-5-kg-gratuits\\\/#breadcrumb\",\"itemListElement\":[{\"@type\":\"ListItem\",\"position\":1,\"name\":\"Accueil\",\"item\":\"https:\\\/\\\/www.vetorino.com\\\/boutique\\\/\"},{\"@type\":\"ListItem\",\"position\":2,\"name\":\"Produits\",\"item\":\"https:\\\/\\\/www.vetorino.com\\\/boutique\\\/\"},{\"@type\":\"ListItem\",\"position\":3,\"name\":\"Dog Medium Adult Poulet\"}]},{\"@type\":\"WebSite\",\"@id\":\"https:\\\/\\\/www.vetorino.com\\\/boutique\\\/#website\",\"url\":\"https:\\\/\\\/www.vetorino.com\\\/boutique\\\/\",\"name\":\"V\u00e9torino\",\"description\":\"\",\"publisher\":{\"@id\":\"https:\\\/\\\/www.vetorino.com\\\/boutique\\\/#organization\"},\"potentialAction\":[{\"@type\":\"SearchAction\",\"target\":{\"@type\":\"EntryPoint\",\"urlTemplate\":\"https:\\\/\\\/www.vetorino.com\\\/boutique\\\/?s={search_term_string}\"},\"query-input\":{\"@type\":\"PropertyValueSpecification\",\"valueRequired\":true,\"valueName\":\"search_term_string\"}}],\"inLanguage\":\"fr-FR\"},{\"@type\":\"Organization\",\"@id\":\"https:\\\/\\\/www.vetorino.com\\\/boutique\\\/#organization\",\"name\":\"V\u00e9torino\",\"url\":\"https:\\\/\\\/www.vetorino.com\\\/boutique\\\/\",\"logo\":{\"@type\":\"ImageObject\",\"inLanguage\":\"fr-FR\",\"@id\":\"https:\\\/\\\/www.vetorino.com\\\/boutique\\\/#\\\/schema\\\/logo\\\/image\\\/\",\"url\":\"https:\\\/\\\/www.vetorino.com\\\/boutique\\\/wp-content\\\/uploads\\\/2024\\\/10\\\/logo.jpg\",\"contentUrl\":\"https:\\\/\\\/www.vetorino.com\\\/boutique\\\/wp-content\\\/uploads\\\/2024\\\/10\\\/logo.jpg\",\"width\":1200,\"height\":610,\"caption\":\"V\u00e9torino\"},\"image\":{\"@id\":\"https:\\\/\\\/www.vetorino.com\\\/boutique\\\/#\\\/schema\\\/logo\\\/image\\\/\"},\"sameAs\":[\"https:\\\/\\\/www.facebook.com\\\/Vetorino\\\/\",\"https:\\\/\\\/www.instagram.com\\\/vetorino_off\\\/\",\"https:\\\/\\\/www.linkedin.com\\\/company\\\/vtorino\\\/\"]}]}<\/script>\n<meta property=\"product:brand\" content=\"Purina Pro Plan\" \/>\n<meta property=\"product:price:amount\" content=\"71.76\" \/>\n<meta property=\"product:price:currency\" content=\"EUR\" \/>\n<meta property=\"og:availability\" content=\"out of stock\" \/>\n<meta property=\"product:availability\" content=\"out of stock\" \/>\n<meta property=\"product:retailer_item_id\" content=\"O-77030\" \/>\n<meta property=\"product:condition\" content=\"new\" \/>\n<!-- \/ Yoast SEO plugin. -->","yoast_head_json":{"title":"Proplan Dog Medium Adult Poulet Purina Pro Plan - V\u00e9torino","description":"Aliment complet pour chien adulte de taille moyenne. Combinaison de nutriments sp\u00e9cialement s\u00e9lectionn\u00e9s, avec des teneurs adapt\u00e9es pour les chiens de tailles et morphotypes diff\u00e9rents afin de soutenir leurs besoins sp\u00e9cifiques et les aider \u00e0 rester au mieux de leur forme.  Utilisation :   Chien adulte de race moyenne (entre 10 et 25 kg).  Offre Bonus Bag ! 14 kg achet\u00e9s + 2,5 kg gratuits, disponible jusqu\u2019\u00e0 \u00e9puisement des stocks.\u00a0","robots":{"index":"index","follow":"follow","max-snippet":"max-snippet:-1","max-image-preview":"max-image-preview:large","max-video-preview":"max-video-preview:-1"},"canonical":"https:\/\/www.vetorino.com\/boutique\/product\/dog-medium-adult-poulet-optibalance-sac-de-14-kg-2-5-kg-gratuits\/","og_locale":"fr_FR","og_type":"article","og_title":"Proplan Dog Medium Adult Poulet Purina Pro Plan - V\u00e9torino","og_description":"Aliment complet pour chien adulte de taille moyenne. Combinaison de nutriments sp\u00e9cialement s\u00e9lectionn\u00e9s, avec des teneurs adapt\u00e9es pour les chiens de tailles et morphotypes diff\u00e9rents afin de soutenir leurs besoins sp\u00e9cifiques et les aider \u00e0 rester au mieux de leur forme.  Utilisation :   Chien adulte de race moyenne (entre 10 et 25 kg).  Offre Bonus Bag ! 14 kg achet\u00e9s + 2,5 kg gratuits, disponible jusqu\u2019\u00e0 \u00e9puisement des stocks.\u00a0","og_url":"https:\/\/www.vetorino.com\/boutique\/product\/dog-medium-adult-poulet-optibalance-sac-de-14-kg-2-5-kg-gratuits\/","og_site_name":"V\u00e9torino","article_publisher":"https:\/\/www.facebook.com\/Vetorino\/","article_modified_time":"2025-03-28T13:53:22+00:00","og_image":[{"width":555,"height":555,"url":"https:\/\/www.vetorino.com\/boutique\/wp-content\/uploads\/2020\/10\/pro-plan-dog-medium-adult-everyday-nutrition-poulet.jpg","type":"image\/jpeg"}],"twitter_card":"summary_large_image","twitter_misc":{"Prix":"71,76&euro;","Disponibilit\u00e9":"Rupture de stock"},"schema":{"@context":"https:\/\/schema.org","@graph":[{"@type":"WebPage","@id":"https:\/\/www.vetorino.com\/veterinaire\/briancon-05100\/boutique\/product\/dog-medium-adult-poulet-optibalance-sac-de-14-kg-2-5-kg-gratuits\/","url":"https:\/\/www.vetorino.com\/veterinaire\/briancon-05100\/boutique\/product\/dog-medium-adult-poulet-optibalance-sac-de-14-kg-2-5-kg-gratuits\/","name":"Proplan Dog Medium Adult Poulet Purina Pro Plan - V\u00e9torino","isPartOf":{"@id":"https:\/\/www.vetorino.com\/boutique\/#website"},"primaryImageOfPage":{"@id":"https:\/\/www.vetorino.com\/veterinaire\/briancon-05100\/boutique\/product\/dog-medium-adult-poulet-optibalance-sac-de-14-kg-2-5-kg-gratuits\/#primaryimage"},"image":{"@id":"https:\/\/www.vetorino.com\/veterinaire\/briancon-05100\/boutique\/product\/dog-medium-adult-poulet-optibalance-sac-de-14-kg-2-5-kg-gratuits\/#primaryimage"},"thumbnailUrl":"https:\/\/www.vetorino.com\/boutique\/wp-content\/uploads\/2020\/03\/pro-plan-dog-medium-adult-everyday-nutrition-poulet.webp","datePublished":"2020-10-05T16:02:07+00:00","dateModified":"2025-03-28T13:53:22+00:00","description":"Aliment complet pour chien adulte de taille moyenne. Combinaison de nutriments sp\u00e9cialement s\u00e9lectionn\u00e9s, avec des teneurs adapt\u00e9es pour les chiens de tailles et morphotypes diff\u00e9rents afin de soutenir leurs besoins sp\u00e9cifiques et les aider \u00e0 rester au mieux de leur forme. Utilisation : Chien adulte de race moyenne (entre 10 et 25 kg). Offre Bonus Bag ! 14 kg achet\u00e9s + 2,5 kg gratuits, disponible jusqu\u2019\u00e0 \u00e9puisement des stocks.\u00a0","breadcrumb":{"@id":"https:\/\/www.vetorino.com\/veterinaire\/briancon-05100\/boutique\/product\/dog-medium-adult-poulet-optibalance-sac-de-14-kg-2-5-kg-gratuits\/#breadcrumb"},"inLanguage":"fr-FR","potentialAction":[{"@type":"ReadAction","target":["https:\/\/www.vetorino.com\/veterinaire\/briancon-05100\/boutique\/product\/dog-medium-adult-poulet-optibalance-sac-de-14-kg-2-5-kg-gratuits\/"]}]},{"@type":"ImageObject","inLanguage":"fr-FR","@id":"https:\/\/www.vetorino.com\/veterinaire\/briancon-05100\/boutique\/product\/dog-medium-adult-poulet-optibalance-sac-de-14-kg-2-5-kg-gratuits\/#primaryimage","url":"https:\/\/www.vetorino.com\/boutique\/wp-content\/uploads\/2020\/03\/pro-plan-dog-medium-adult-everyday-nutrition-poulet.webp","contentUrl":"https:\/\/www.vetorino.com\/boutique\/wp-content\/uploads\/2020\/03\/pro-plan-dog-medium-adult-everyday-nutrition-poulet.webp","width":800,"height":800},{"@type":"BreadcrumbList","@id":"https:\/\/www.vetorino.com\/veterinaire\/briancon-05100\/boutique\/product\/dog-medium-adult-poulet-optibalance-sac-de-14-kg-2-5-kg-gratuits\/#breadcrumb","itemListElement":[{"@type":"ListItem","position":1,"name":"Accueil","item":"https:\/\/www.vetorino.com\/boutique\/"},{"@type":"ListItem","position":2,"name":"Produits","item":"https:\/\/www.vetorino.com\/boutique\/"},{"@type":"ListItem","position":3,"name":"Dog Medium Adult Poulet"}]},{"@type":"WebSite","@id":"https:\/\/www.vetorino.com\/boutique\/#website","url":"https:\/\/www.vetorino.com\/boutique\/","name":"V\u00e9torino","description":"","publisher":{"@id":"https:\/\/www.vetorino.com\/boutique\/#organization"},"potentialAction":[{"@type":"SearchAction","target":{"@type":"EntryPoint","urlTemplate":"https:\/\/www.vetorino.com\/boutique\/?s={search_term_string}"},"query-input":{"@type":"PropertyValueSpecification","valueRequired":true,"valueName":"search_term_string"}}],"inLanguage":"fr-FR"},{"@type":"Organization","@id":"https:\/\/www.vetorino.com\/boutique\/#organization","name":"V\u00e9torino","url":"https:\/\/www.vetorino.com\/boutique\/","logo":{"@type":"ImageObject","inLanguage":"fr-FR","@id":"https:\/\/www.vetorino.com\/boutique\/#\/schema\/logo\/image\/","url":"https:\/\/www.vetorino.com\/boutique\/wp-content\/uploads\/2024\/10\/logo.jpg","contentUrl":"https:\/\/www.vetorino.com\/boutique\/wp-content\/uploads\/2024\/10\/logo.jpg","width":1200,"height":610,"caption":"V\u00e9torino"},"image":{"@id":"https:\/\/www.vetorino.com\/boutique\/#\/schema\/logo\/image\/"},"sameAs":["https:\/\/www.facebook.com\/Vetorino\/","https:\/\/www.instagram.com\/vetorino_off\/","https:\/\/www.linkedin.com\/company\/vtorino\/"]}]},"product_brand":"Purina Pro Plan","product_price_amount":"71.76","product_price_currency":"EUR","og_availability":"out of stock","product_availability":"out of stock","product_retailer_item_id":"O-77030","product_condition":"new"},"_links":{"self":[{"href":"https:\/\/www.vetorino.com\/boutique\/wp-json\/wp\/v2\/product\/118770","targetHints":{"allow":["GET"]}}],"collection":[{"href":"https:\/\/www.vetorino.com\/boutique\/wp-json\/wp\/v2\/product"}],"about":[{"href":"https:\/\/www.vetorino.com\/boutique\/wp-json\/wp\/v2\/types\/product"}],"wp:featuredmedia":[{"embeddable":true,"href":"https:\/\/www.vetorino.com\/boutique\/wp-json\/wp\/v2\/media\/1275185"}],"wp:attachment":[{"href":"https:\/\/www.vetorino.com\/boutique\/wp-json\/wp\/v2\/media?parent=118770"}],"wp:term":[{"taxonomy":"product_cat","embeddable":true,"href":"https:\/\/www.vetorino.com\/boutique\/wp-json\/wp\/v2\/product_cat?post=118770"},{"taxonomy":"product_tag","embeddable":true,"href":"https:\/\/www.vetorino.com\/boutique\/wp-json\/wp\/v2\/product_tag?post=118770"}],"curies":[{"name":"wp","href":"https:\/\/api.w.org\/{rel}","templated":true}]}}