{"id":130154,"date":"2020-11-25T20:03:33","date_gmt":"2020-11-25T19:03:33","guid":{"rendered":"https:\/\/www.vetorino.com\/boutique\/product\/vetessentials-feline-young-adult-dental-health-poulet\/"},"modified":"2024-12-11T12:14:01","modified_gmt":"2024-12-11T11:14:01","slug":"vetessentials-feline-young-adult-dental-health-poulet","status":"publish","type":"product","link":"https:\/\/www.vetorino.com\/boutique\/product\/vetessentials-feline-young-adult-dental-health-poulet\/","title":{"rendered":"Feline Young Adult Dental Health Poulet"},"content":{"rendered":"<p><strong>La gamme Vet Essentials \u00e9volue ! Nouveau look, nouveau nom mais toujours le m\u00eame bon go\u00fbt !<\/strong><\/p>\n<p><strong>A \u00e9puisement des stocks ce produit sera remplac\u00e9 par le <a href=\"https:\/\/www.vetorino.com\/boutique\/product\/vet-essentials-chat-multi-benefit-dental-adult-1-poulet\/\">Vet Essentials Chat Multi-Benefit + Dental Adult 1+ Poulet<\/a> .<\/strong><\/p>\n<p><strong>Hill&#8217;s Dental Health Feline Young Adult Poulet <\/strong>est une nutrition quotidienne de pointe qui aide votre chat \u00e0 conserver un poids optimal, des dents propres ainsi qu\u2019un syst\u00e8me urinaire en bonne sant\u00e9.<\/p>\n<p><strong>Utilisation:<\/strong><\/p>\n<ul>\n<li>Entretien du chat adulte en bonne sant\u00e9<\/li>\n<\/ul>\n<p><strong>B\u00e9n\u00e9fices :\u00a0<\/strong><\/p>\n<ul>\n<li>Dents\u00a0: Une technologie unique de croquettes qui assure une action nettoyante cliniquement prouv\u00e9e.<\/li>\n<li>Digestion\u00a0: Des prot\u00e9ines hautement digestibles et une quantit\u00e9 \u00e9quilibr\u00e9e de fibres pour favoriser la bonne sant\u00e9 du syst\u00e8me digestif<\/li>\n<li>Poids\u00a0: Des taux adapt\u00e9s de prot\u00e9ines et de graisses pour le maintien d\u2019un poids id\u00e9al<\/li>\n<li>Syst\u00e8me urinaire\u00a0: Maintien d\u2019un syst\u00e8me urinaire sain \u00e0 l\u2019aide d\u2019un taux de min\u00e9raux et d\u2019un pH contr\u00f4l\u00e9s<\/li>\n<li>Peau &amp; Pelage\u00a0: Des niveaux \u00e9lev\u00e9s d\u2019acides gras Om\u00e9ga-6 favorisent une peau saine et un pelage brillant<\/li>\n<\/ul>\n","protected":false},"excerpt":{"rendered":"<p><strong>La gamme Vet Essentials \u00e9volue ! Nouveau look, nouveau nom mais toujours le m\u00eame bon go\u00fbt !<\/strong><\/p>\n<p><strong>A \u00e9puisement des stocks ce produit sera remplac\u00e9 par le <a href=\"https:\/\/www.vetorino.com\/boutique\/product\/vet-essentials-chat-multi-benefit-dental-adult-1-poulet\/\">Vet Essentials Chat Multi-Benefit + Dental Adult 1+ Poulet<\/a> .<\/strong><\/p>\n<p><strong><br \/>\nHill&#8217;s Dental Health Feline Young Adult Poulet <\/strong>est une nutrition quotidienne de pointe qui aide votre chat \u00e0 conserver un poids optimal, des dents propres ainsi qu\u2019un syst\u00e8me urinaire en bonne sant\u00e9.<\/p>\n<p><strong>Utilisation:<\/strong><\/p>\n<ul>\n<li>Entretien du chat adulte en bonne sant\u00e9<\/li>\n<\/ul>\n","protected":false},"featured_media":233648,"template":"","meta":[],"product_cat":[12551,12583,2697,12567,12609,12560],"product_tag":[],"class_list":{"0":"post-130154","1":"product","2":"type-product","3":"status-publish","4":"has-post-thumbnail","6":"product_cat-alimentation-du-chat","7":"product_cat-alimentation-premium-pour-chat","8":"product_cat-chat","9":"product_cat-produit-veterinaire-du-chat","10":"product_cat-hygiene-bucco-dentaire-du-chat","11":"product_cat-hygiene-du-chat","12":"pa_marque-hills-pet-nutrition","14":"first","15":"instock","16":"taxable","17":"shipping-taxable","18":"purchasable","19":"product-type-variable"},"yoast_head":"<!-- This site is optimized with the Yoast SEO plugin v27.4 - https:\/\/yoast.com\/product\/yoast-seo-wordpress\/ -->\n<title>Vetessentials (Hill&#039;s) Feline Young Adult Dental Health Poulet Hill&#039;s - V\u00e9torino<\/title>\n<meta name=\"description\" content=\"La gamme Vet Essentials \u00e9volue ! Nouveau look, nouveau nom mais toujours le m\u00eame bon go\u00fbt !  A \u00e9puisement des stocks ce produit sera remplac\u00e9 par le Vet Essentials Chat Multi-Benefit + Dental Adult 1+ Poulet .   Hill&#039;s Dental Health Feline Young Adult Poulet est une nutrition quotidienne de pointe qui aide votre chat \u00e0 conserver un poids optimal, des dents propres ainsi qu\u2019un syst\u00e8me urinaire en bonne sant\u00e9.  Utilisation:   Entretien du chat adulte en bonne sant\u00e9\" \/>\n<meta name=\"robots\" content=\"index, follow, max-snippet:-1, max-image-preview:large, max-video-preview:-1\" \/>\n<link rel=\"canonical\" href=\"https:\/\/www.vetorino.com\/boutique\/product\/vetessentials-feline-young-adult-dental-health-poulet\/\" \/>\n<meta property=\"og:locale\" content=\"fr_FR\" \/>\n<meta property=\"og:type\" content=\"article\" \/>\n<meta property=\"og:title\" content=\"Vetessentials (Hill&#039;s) Feline Young Adult Dental Health Poulet Hill&#039;s - V\u00e9torino\" \/>\n<meta property=\"og:description\" content=\"La gamme Vet Essentials \u00e9volue ! Nouveau look, nouveau nom mais toujours le m\u00eame bon go\u00fbt !  A \u00e9puisement des stocks ce produit sera remplac\u00e9 par le Vet Essentials Chat Multi-Benefit + Dental Adult 1+ Poulet .   Hill&#039;s Dental Health Feline Young Adult Poulet est une nutrition quotidienne de pointe qui aide votre chat \u00e0 conserver un poids optimal, des dents propres ainsi qu\u2019un syst\u00e8me urinaire en bonne sant\u00e9.  Utilisation:   Entretien du chat adulte en bonne sant\u00e9\" \/>\n<meta property=\"og:url\" content=\"https:\/\/www.vetorino.com\/boutique\/product\/vetessentials-feline-young-adult-dental-health-poulet\/\" \/>\n<meta property=\"og:site_name\" content=\"V\u00e9torino\" \/>\n<meta property=\"article:publisher\" content=\"https:\/\/www.facebook.com\/Vetorino\/\" \/>\n<meta property=\"article:modified_time\" content=\"2024-12-11T11:14:01+00:00\" \/>\n<meta property=\"og:image\" content=\"https:\/\/www.vetorino.com\/boutique\/wp-content\/uploads\/2021\/05\/hills-dental-health-feline-young-adult-poulet-vetorino.png\" \/>\n\t<meta property=\"og:image:width\" content=\"800\" \/>\n\t<meta property=\"og:image:height\" content=\"800\" \/>\n\t<meta property=\"og:image:type\" content=\"image\/png\" \/>\n<meta name=\"twitter:card\" content=\"summary_large_image\" \/>\n<meta name=\"twitter:label1\" content=\"Disponibilit\u00e9\" \/>\n\t<meta name=\"twitter:data1\" content=\"En stock\" \/>\n<script type=\"application\/ld+json\" class=\"yoast-schema-graph\">{\"@context\":\"https:\\\/\\\/schema.org\",\"@graph\":[{\"@type\":\"WebPage\",\"@id\":\"https:\\\/\\\/www.vetorino.com\\\/veterinaire\\\/briancon-05100\\\/boutique\\\/product\\\/vetessentials-feline-young-adult-dental-health-poulet\\\/\",\"url\":\"https:\\\/\\\/www.vetorino.com\\\/veterinaire\\\/briancon-05100\\\/boutique\\\/product\\\/vetessentials-feline-young-adult-dental-health-poulet\\\/\",\"name\":\"Vetessentials (Hill's) Feline Young Adult Dental Health Poulet Hill's - V\u00e9torino\",\"isPartOf\":{\"@id\":\"https:\\\/\\\/www.vetorino.com\\\/boutique\\\/#website\"},\"primaryImageOfPage\":{\"@id\":\"https:\\\/\\\/www.vetorino.com\\\/veterinaire\\\/briancon-05100\\\/boutique\\\/product\\\/vetessentials-feline-young-adult-dental-health-poulet\\\/#primaryimage\"},\"image\":{\"@id\":\"https:\\\/\\\/www.vetorino.com\\\/veterinaire\\\/briancon-05100\\\/boutique\\\/product\\\/vetessentials-feline-young-adult-dental-health-poulet\\\/#primaryimage\"},\"thumbnailUrl\":\"https:\\\/\\\/www.vetorino.com\\\/boutique\\\/wp-content\\\/uploads\\\/2021\\\/05\\\/hills-dental-health-feline-young-adult-poulet-vetorino.png\",\"datePublished\":\"2020-11-25T19:03:33+00:00\",\"dateModified\":\"2024-12-11T11:14:01+00:00\",\"description\":\"La gamme Vet Essentials \u00e9volue ! Nouveau look, nouveau nom mais toujours le m\u00eame bon go\u00fbt ! A \u00e9puisement des stocks ce produit sera remplac\u00e9 par le Vet Essentials Chat Multi-Benefit + Dental Adult 1+ Poulet . Hill's Dental Health Feline Young Adult Poulet est une nutrition quotidienne de pointe qui aide votre chat \u00e0 conserver un poids optimal, des dents propres ainsi qu\u2019un syst\u00e8me urinaire en bonne sant\u00e9. Utilisation: Entretien du chat adulte en bonne sant\u00e9\",\"breadcrumb\":{\"@id\":\"https:\\\/\\\/www.vetorino.com\\\/veterinaire\\\/briancon-05100\\\/boutique\\\/product\\\/vetessentials-feline-young-adult-dental-health-poulet\\\/#breadcrumb\"},\"inLanguage\":\"fr-FR\",\"potentialAction\":[{\"@type\":\"ReadAction\",\"target\":[\"https:\\\/\\\/www.vetorino.com\\\/veterinaire\\\/briancon-05100\\\/boutique\\\/product\\\/vetessentials-feline-young-adult-dental-health-poulet\\\/\"]}]},{\"@type\":\"ImageObject\",\"inLanguage\":\"fr-FR\",\"@id\":\"https:\\\/\\\/www.vetorino.com\\\/veterinaire\\\/briancon-05100\\\/boutique\\\/product\\\/vetessentials-feline-young-adult-dental-health-poulet\\\/#primaryimage\",\"url\":\"https:\\\/\\\/www.vetorino.com\\\/boutique\\\/wp-content\\\/uploads\\\/2021\\\/05\\\/hills-dental-health-feline-young-adult-poulet-vetorino.png\",\"contentUrl\":\"https:\\\/\\\/www.vetorino.com\\\/boutique\\\/wp-content\\\/uploads\\\/2021\\\/05\\\/hills-dental-health-feline-young-adult-poulet-vetorino.png\",\"width\":800,\"height\":800,\"caption\":\"croquettes hills dental health feline young adult poulet V\u00e9torino\"},{\"@type\":\"BreadcrumbList\",\"@id\":\"https:\\\/\\\/www.vetorino.com\\\/veterinaire\\\/briancon-05100\\\/boutique\\\/product\\\/vetessentials-feline-young-adult-dental-health-poulet\\\/#breadcrumb\",\"itemListElement\":[{\"@type\":\"ListItem\",\"position\":1,\"name\":\"Accueil\",\"item\":\"https:\\\/\\\/www.vetorino.com\\\/boutique\\\/\"},{\"@type\":\"ListItem\",\"position\":2,\"name\":\"Produits\",\"item\":\"https:\\\/\\\/www.vetorino.com\\\/boutique\\\/\"},{\"@type\":\"ListItem\",\"position\":3,\"name\":\"Feline Young Adult Dental Health Poulet\"}]},{\"@type\":\"WebSite\",\"@id\":\"https:\\\/\\\/www.vetorino.com\\\/boutique\\\/#website\",\"url\":\"https:\\\/\\\/www.vetorino.com\\\/boutique\\\/\",\"name\":\"V\u00e9torino\",\"description\":\"\",\"publisher\":{\"@id\":\"https:\\\/\\\/www.vetorino.com\\\/boutique\\\/#organization\"},\"potentialAction\":[{\"@type\":\"SearchAction\",\"target\":{\"@type\":\"EntryPoint\",\"urlTemplate\":\"https:\\\/\\\/www.vetorino.com\\\/boutique\\\/?s={search_term_string}\"},\"query-input\":{\"@type\":\"PropertyValueSpecification\",\"valueRequired\":true,\"valueName\":\"search_term_string\"}}],\"inLanguage\":\"fr-FR\"},{\"@type\":\"Organization\",\"@id\":\"https:\\\/\\\/www.vetorino.com\\\/boutique\\\/#organization\",\"name\":\"V\u00e9torino\",\"url\":\"https:\\\/\\\/www.vetorino.com\\\/boutique\\\/\",\"logo\":{\"@type\":\"ImageObject\",\"inLanguage\":\"fr-FR\",\"@id\":\"https:\\\/\\\/www.vetorino.com\\\/boutique\\\/#\\\/schema\\\/logo\\\/image\\\/\",\"url\":\"https:\\\/\\\/www.vetorino.com\\\/boutique\\\/wp-content\\\/uploads\\\/2024\\\/10\\\/logo.jpg\",\"contentUrl\":\"https:\\\/\\\/www.vetorino.com\\\/boutique\\\/wp-content\\\/uploads\\\/2024\\\/10\\\/logo.jpg\",\"width\":1200,\"height\":610,\"caption\":\"V\u00e9torino\"},\"image\":{\"@id\":\"https:\\\/\\\/www.vetorino.com\\\/boutique\\\/#\\\/schema\\\/logo\\\/image\\\/\"},\"sameAs\":[\"https:\\\/\\\/www.facebook.com\\\/Vetorino\\\/\",\"https:\\\/\\\/www.instagram.com\\\/vetorino_off\\\/\",\"https:\\\/\\\/www.linkedin.com\\\/company\\\/vtorino\\\/\"]}]}<\/script>\n<meta property=\"product:brand\" content=\"Hill&#039;s\" \/>\n<meta property=\"og:availability\" content=\"instock\" \/>\n<meta property=\"product:availability\" content=\"instock\" \/>\n<meta property=\"product:condition\" content=\"new\" \/>\n<!-- \/ Yoast SEO plugin. -->","yoast_head_json":{"title":"Vetessentials (Hill's) Feline Young Adult Dental Health Poulet Hill's - V\u00e9torino","description":"La gamme Vet Essentials \u00e9volue ! Nouveau look, nouveau nom mais toujours le m\u00eame bon go\u00fbt !  A \u00e9puisement des stocks ce produit sera remplac\u00e9 par le Vet Essentials Chat Multi-Benefit + Dental Adult 1+ Poulet .   Hill's Dental Health Feline Young Adult Poulet est une nutrition quotidienne de pointe qui aide votre chat \u00e0 conserver un poids optimal, des dents propres ainsi qu\u2019un syst\u00e8me urinaire en bonne sant\u00e9.  Utilisation:   Entretien du chat adulte en bonne sant\u00e9","robots":{"index":"index","follow":"follow","max-snippet":"max-snippet:-1","max-image-preview":"max-image-preview:large","max-video-preview":"max-video-preview:-1"},"canonical":"https:\/\/www.vetorino.com\/boutique\/product\/vetessentials-feline-young-adult-dental-health-poulet\/","og_locale":"fr_FR","og_type":"article","og_title":"Vetessentials (Hill's) Feline Young Adult Dental Health Poulet Hill's - V\u00e9torino","og_description":"La gamme Vet Essentials \u00e9volue ! Nouveau look, nouveau nom mais toujours le m\u00eame bon go\u00fbt !  A \u00e9puisement des stocks ce produit sera remplac\u00e9 par le Vet Essentials Chat Multi-Benefit + Dental Adult 1+ Poulet .   Hill's Dental Health Feline Young Adult Poulet est une nutrition quotidienne de pointe qui aide votre chat \u00e0 conserver un poids optimal, des dents propres ainsi qu\u2019un syst\u00e8me urinaire en bonne sant\u00e9.  Utilisation:   Entretien du chat adulte en bonne sant\u00e9","og_url":"https:\/\/www.vetorino.com\/boutique\/product\/vetessentials-feline-young-adult-dental-health-poulet\/","og_site_name":"V\u00e9torino","article_publisher":"https:\/\/www.facebook.com\/Vetorino\/","article_modified_time":"2024-12-11T11:14:01+00:00","og_image":[{"width":800,"height":800,"url":"https:\/\/www.vetorino.com\/boutique\/wp-content\/uploads\/2021\/05\/hills-dental-health-feline-young-adult-poulet-vetorino.png","type":"image\/png"}],"twitter_card":"summary_large_image","twitter_misc":{"Disponibilit\u00e9":"En stock"},"schema":{"@context":"https:\/\/schema.org","@graph":[{"@type":"WebPage","@id":"https:\/\/www.vetorino.com\/veterinaire\/briancon-05100\/boutique\/product\/vetessentials-feline-young-adult-dental-health-poulet\/","url":"https:\/\/www.vetorino.com\/veterinaire\/briancon-05100\/boutique\/product\/vetessentials-feline-young-adult-dental-health-poulet\/","name":"Vetessentials (Hill's) Feline Young Adult Dental Health Poulet Hill's - V\u00e9torino","isPartOf":{"@id":"https:\/\/www.vetorino.com\/boutique\/#website"},"primaryImageOfPage":{"@id":"https:\/\/www.vetorino.com\/veterinaire\/briancon-05100\/boutique\/product\/vetessentials-feline-young-adult-dental-health-poulet\/#primaryimage"},"image":{"@id":"https:\/\/www.vetorino.com\/veterinaire\/briancon-05100\/boutique\/product\/vetessentials-feline-young-adult-dental-health-poulet\/#primaryimage"},"thumbnailUrl":"https:\/\/www.vetorino.com\/boutique\/wp-content\/uploads\/2021\/05\/hills-dental-health-feline-young-adult-poulet-vetorino.png","datePublished":"2020-11-25T19:03:33+00:00","dateModified":"2024-12-11T11:14:01+00:00","description":"La gamme Vet Essentials \u00e9volue ! Nouveau look, nouveau nom mais toujours le m\u00eame bon go\u00fbt ! A \u00e9puisement des stocks ce produit sera remplac\u00e9 par le Vet Essentials Chat Multi-Benefit + Dental Adult 1+ Poulet . Hill's Dental Health Feline Young Adult Poulet est une nutrition quotidienne de pointe qui aide votre chat \u00e0 conserver un poids optimal, des dents propres ainsi qu\u2019un syst\u00e8me urinaire en bonne sant\u00e9. Utilisation: Entretien du chat adulte en bonne sant\u00e9","breadcrumb":{"@id":"https:\/\/www.vetorino.com\/veterinaire\/briancon-05100\/boutique\/product\/vetessentials-feline-young-adult-dental-health-poulet\/#breadcrumb"},"inLanguage":"fr-FR","potentialAction":[{"@type":"ReadAction","target":["https:\/\/www.vetorino.com\/veterinaire\/briancon-05100\/boutique\/product\/vetessentials-feline-young-adult-dental-health-poulet\/"]}]},{"@type":"ImageObject","inLanguage":"fr-FR","@id":"https:\/\/www.vetorino.com\/veterinaire\/briancon-05100\/boutique\/product\/vetessentials-feline-young-adult-dental-health-poulet\/#primaryimage","url":"https:\/\/www.vetorino.com\/boutique\/wp-content\/uploads\/2021\/05\/hills-dental-health-feline-young-adult-poulet-vetorino.png","contentUrl":"https:\/\/www.vetorino.com\/boutique\/wp-content\/uploads\/2021\/05\/hills-dental-health-feline-young-adult-poulet-vetorino.png","width":800,"height":800,"caption":"croquettes hills dental health feline young adult poulet V\u00e9torino"},{"@type":"BreadcrumbList","@id":"https:\/\/www.vetorino.com\/veterinaire\/briancon-05100\/boutique\/product\/vetessentials-feline-young-adult-dental-health-poulet\/#breadcrumb","itemListElement":[{"@type":"ListItem","position":1,"name":"Accueil","item":"https:\/\/www.vetorino.com\/boutique\/"},{"@type":"ListItem","position":2,"name":"Produits","item":"https:\/\/www.vetorino.com\/boutique\/"},{"@type":"ListItem","position":3,"name":"Feline Young Adult Dental Health Poulet"}]},{"@type":"WebSite","@id":"https:\/\/www.vetorino.com\/boutique\/#website","url":"https:\/\/www.vetorino.com\/boutique\/","name":"V\u00e9torino","description":"","publisher":{"@id":"https:\/\/www.vetorino.com\/boutique\/#organization"},"potentialAction":[{"@type":"SearchAction","target":{"@type":"EntryPoint","urlTemplate":"https:\/\/www.vetorino.com\/boutique\/?s={search_term_string}"},"query-input":{"@type":"PropertyValueSpecification","valueRequired":true,"valueName":"search_term_string"}}],"inLanguage":"fr-FR"},{"@type":"Organization","@id":"https:\/\/www.vetorino.com\/boutique\/#organization","name":"V\u00e9torino","url":"https:\/\/www.vetorino.com\/boutique\/","logo":{"@type":"ImageObject","inLanguage":"fr-FR","@id":"https:\/\/www.vetorino.com\/boutique\/#\/schema\/logo\/image\/","url":"https:\/\/www.vetorino.com\/boutique\/wp-content\/uploads\/2024\/10\/logo.jpg","contentUrl":"https:\/\/www.vetorino.com\/boutique\/wp-content\/uploads\/2024\/10\/logo.jpg","width":1200,"height":610,"caption":"V\u00e9torino"},"image":{"@id":"https:\/\/www.vetorino.com\/boutique\/#\/schema\/logo\/image\/"},"sameAs":["https:\/\/www.facebook.com\/Vetorino\/","https:\/\/www.instagram.com\/vetorino_off\/","https:\/\/www.linkedin.com\/company\/vtorino\/"]}]},"product_brand":"Hill's","og_availability":"instock","product_availability":"instock","product_condition":"new"},"_links":{"self":[{"href":"https:\/\/www.vetorino.com\/boutique\/wp-json\/wp\/v2\/product\/130154","targetHints":{"allow":["GET"]}}],"collection":[{"href":"https:\/\/www.vetorino.com\/boutique\/wp-json\/wp\/v2\/product"}],"about":[{"href":"https:\/\/www.vetorino.com\/boutique\/wp-json\/wp\/v2\/types\/product"}],"wp:featuredmedia":[{"embeddable":true,"href":"https:\/\/www.vetorino.com\/boutique\/wp-json\/wp\/v2\/media\/233648"}],"wp:attachment":[{"href":"https:\/\/www.vetorino.com\/boutique\/wp-json\/wp\/v2\/media?parent=130154"}],"wp:term":[{"taxonomy":"product_cat","embeddable":true,"href":"https:\/\/www.vetorino.com\/boutique\/wp-json\/wp\/v2\/product_cat?post=130154"},{"taxonomy":"product_tag","embeddable":true,"href":"https:\/\/www.vetorino.com\/boutique\/wp-json\/wp\/v2\/product_tag?post=130154"}],"curies":[{"name":"wp","href":"https:\/\/api.w.org\/{rel}","templated":true}]}}