{"id":130218,"date":"2020-11-25T20:07:04","date_gmt":"2020-11-25T19:07:04","guid":{"rendered":"https:\/\/www.vetorino.com\/boutique\/product\/vetessentials-canine-adult-large-breed-agneau-riz\/"},"modified":"2023-04-26T12:08:52","modified_gmt":"2023-04-26T10:08:52","slug":"vetessentials-canine-adult-large-breed-agneau-riz","status":"publish","type":"product","link":"https:\/\/www.vetorino.com\/boutique\/product\/vetessentials-canine-adult-large-breed-agneau-riz\/","title":{"rendered":"Canine Adult Large Breed Agneau et Riz"},"content":{"rendered":"<p><strong>Utilisation :<\/strong><\/p>\n<ul>\n<li>Chien de plus de 25 kg, st\u00e9rilis\u00e9 ou non<\/li>\n<li>Chien de 1 \u00e0 5 ans<\/li>\n<\/ul>\n<p><strong>Ne pas utiliser :<\/strong><\/p>\n<ul>\n<li>Chez les chiots et femelles en gestation ou en lactation.<\/li>\n<\/ul>\n<p><strong>Bienfaits essentiels :<\/strong><\/p>\n<ul>\n<li>Nutrition compl\u00e8te et \u00e9quilibr\u00e9e qui favorise le d\u00e9veloppement d&#8217;un syst\u00e8me digestif sain.<\/li>\n<li>Nutrition r\u00e9volutionnaire qui r\u00e9pond \u00e0 ses 5 besoins essentiels.<\/li>\n<li>Avec des ingr\u00e9dients cliniquement prouv\u00e9s et un m\u00e9lange pr\u00e9cis de vitamines et de min\u00e9raux.<\/li>\n<\/ul>\n<div class=\"details\">\n<div class=\"plDet\"><strong>Composition :<\/strong><br \/>\nMa\u00efs, bl\u00e9, prot\u00e9ines d\u00e9shydrat\u00e9es d&#8217;agneau (9 %), riz de brasserie (8 %), farine de gluten de ma\u00efs, farine de soja, graisses animales, hydrolysat, huile de soja, graines de lin, min\u00e9raux, L-carnitine, vitamines, oligo-\u00e9l\u00e9ments, cartilage de porc (source de sulphate de chondro\u00eftine), hydrolysat de carapaces de crustac\u00e9s (source de glucosamine) et b\u00eata carot\u00e8ne. Avec un antioxydant naturel (m\u00e9lange de tocoph\u00e9rols).<\/div>\n<div class=\"plDet\"><\/div>\n<div class=\"plDet\">Additifs nutritionnels par Kg : 3b103 (Fer) 88,1 mg, 3b202 (Iode) 1,4 mg, 3b405 (Cuivre) 8,7 mg, 3b502 (Mangan\u00e8se) 9,1 mg, 3b603 (Zinc) 182 mg, 3b801 (S\u00e9l\u00e9nium) 0,2 mg, avec un antioxydant naturel.<\/div>\n<div class=\"plDet\"><\/div>\n<div class=\"plDet\"><strong>Constituants analytiques :<\/strong><\/div>\n<\/div>\n<div class=\"details\">\n<div class=\"plDet\">Prot\u00e9ines 21,6 %, Teneur en mati\u00e8res grasses 14,2 %, Glucides (ENA) 49,6 %, Cellulose brute 1,6 %, Acides gras om\u00e9ga-3 0,51 % Acides gras om\u00e9ga-6 3,58 %, Cendres brutes 4,9 %, Calcium 0,79 %, Phosphore 0,64 %, Sodium 0,28 %, Potassium 0,64 %, Magn\u00e9sium 0,109 %, Vitamine A 8 499 UI\/kg, Vitamine D 657 UI\/kg, Vitamine E 395 UI\/kg, Vitamine C 92 ppm, B\u00eata-carot\u00e8ne 3,12 ppm, L-Carnitine 308,9 ppm.<\/div>\n<\/div>\n<div class=\"details\">\n<div class=\"plDet\"><strong>3700 Kcal\/kg.<\/strong><\/div>\n<\/div>\n","protected":false},"excerpt":{"rendered":"<p><strong>Hill&#8217;s Canine Adult Large Breed Agneau &amp; Riz<\/strong> sont des croquettes con\u00e7ues pour entretenir la sant\u00e9 du chien.<\/p>\n<p><strong>Utilisation :<\/strong><\/p>\n<ul>\n<li>Chien de plus de 25 kg, st\u00e9rilis\u00e9 ou non<\/li>\n<li>Chien de 1 \u00e0 5 ans<\/li>\n<\/ul>\n","protected":false},"featured_media":589379,"template":"","meta":[],"product_cat":[12552,12584,2698],"product_tag":[],"class_list":{"0":"post-130218","1":"product","2":"type-product","3":"status-publish","4":"has-post-thumbnail","6":"product_cat-alimentation-du-chien","7":"product_cat-alimentation-premium-pour-chien","8":"product_cat-chien","9":"pa_marque-hills-pet-nutrition","11":"first","12":"outofstock","13":"taxable","14":"shipping-taxable","15":"purchasable","16":"product-type-simple"},"yoast_head":"<!-- This site is optimized with the Yoast SEO plugin v27.3 - https:\/\/yoast.com\/product\/yoast-seo-wordpress\/ -->\n<title>Vetessentials (Hill&#039;s) Canine Adult Large Breed Agneau et Riz Hill&#039;s - V\u00e9torino<\/title>\n<meta name=\"description\" content=\"Hill&#039;s Canine Adult Large Breed Agneau &amp; Riz sont des croquettes con\u00e7ues pour entretenir la sant\u00e9 du chien.  Utilisation :   Chien de plus de 25 kg, st\u00e9rilis\u00e9 ou non  Chien de 1 \u00e0 5 ans\" \/>\n<meta name=\"robots\" content=\"index, follow, max-snippet:-1, max-image-preview:large, max-video-preview:-1\" \/>\n<link rel=\"canonical\" href=\"https:\/\/www.vetorino.com\/boutique\/product\/vetessentials-canine-adult-large-breed-agneau-riz\/\" \/>\n<meta property=\"og:locale\" content=\"fr_FR\" \/>\n<meta property=\"og:type\" content=\"article\" \/>\n<meta property=\"og:title\" content=\"Vetessentials (Hill&#039;s) Canine Adult Large Breed Agneau et Riz Hill&#039;s - V\u00e9torino\" \/>\n<meta property=\"og:description\" content=\"Hill&#039;s Canine Adult Large Breed Agneau &amp; Riz sont des croquettes con\u00e7ues pour entretenir la sant\u00e9 du chien.  Utilisation :   Chien de plus de 25 kg, st\u00e9rilis\u00e9 ou non  Chien de 1 \u00e0 5 ans\" \/>\n<meta property=\"og:url\" content=\"https:\/\/www.vetorino.com\/boutique\/product\/vetessentials-canine-adult-large-breed-agneau-riz\/\" \/>\n<meta property=\"og:site_name\" content=\"V\u00e9torino\" \/>\n<meta property=\"article:publisher\" content=\"https:\/\/www.facebook.com\/Vetorino\/\" \/>\n<meta property=\"article:modified_time\" content=\"2023-04-26T10:08:52+00:00\" \/>\n<meta property=\"og:image\" content=\"https:\/\/www.vetorino.com\/boutique\/wp-content\/uploads\/2020\/11\/canine-adult-large-breed-agneau-riz.jpg\" \/>\n\t<meta property=\"og:image:width\" content=\"800\" \/>\n\t<meta property=\"og:image:height\" content=\"800\" \/>\n\t<meta property=\"og:image:type\" content=\"image\/jpeg\" \/>\n<meta name=\"twitter:card\" content=\"summary_large_image\" \/>\n<meta name=\"twitter:label1\" content=\"Prix\" \/>\n\t<meta name=\"twitter:data1\" content=\"75,44&euro;\" \/>\n\t<meta name=\"twitter:label2\" content=\"Disponibilit\u00e9\" \/>\n\t<meta name=\"twitter:data2\" content=\"Rupture de stock\" \/>\n<script type=\"application\/ld+json\" class=\"yoast-schema-graph\">{\"@context\":\"https:\\\/\\\/schema.org\",\"@graph\":[{\"@type\":\"WebPage\",\"@id\":\"https:\\\/\\\/www.vetorino.com\\\/veterinaire\\\/briancon-05100\\\/boutique\\\/product\\\/vetessentials-canine-adult-large-breed-agneau-riz\\\/\",\"url\":\"https:\\\/\\\/www.vetorino.com\\\/veterinaire\\\/briancon-05100\\\/boutique\\\/product\\\/vetessentials-canine-adult-large-breed-agneau-riz\\\/\",\"name\":\"Vetessentials (Hill's) Canine Adult Large Breed Agneau et Riz Hill's - V\u00e9torino\",\"isPartOf\":{\"@id\":\"https:\\\/\\\/www.vetorino.com\\\/boutique\\\/#website\"},\"primaryImageOfPage\":{\"@id\":\"https:\\\/\\\/www.vetorino.com\\\/veterinaire\\\/briancon-05100\\\/boutique\\\/product\\\/vetessentials-canine-adult-large-breed-agneau-riz\\\/#primaryimage\"},\"image\":{\"@id\":\"https:\\\/\\\/www.vetorino.com\\\/veterinaire\\\/briancon-05100\\\/boutique\\\/product\\\/vetessentials-canine-adult-large-breed-agneau-riz\\\/#primaryimage\"},\"thumbnailUrl\":\"https:\\\/\\\/www.vetorino.com\\\/boutique\\\/wp-content\\\/uploads\\\/2020\\\/11\\\/canine-adult-large-breed-agneau-riz.jpg\",\"datePublished\":\"2020-11-25T19:07:04+00:00\",\"dateModified\":\"2023-04-26T10:08:52+00:00\",\"description\":\"Hill's Canine Adult Large Breed Agneau &amp; Riz sont des croquettes con\u00e7ues pour entretenir la sant\u00e9 du chien. Utilisation : Chien de plus de 25 kg, st\u00e9rilis\u00e9 ou non Chien de 1 \u00e0 5 ans\",\"breadcrumb\":{\"@id\":\"https:\\\/\\\/www.vetorino.com\\\/veterinaire\\\/briancon-05100\\\/boutique\\\/product\\\/vetessentials-canine-adult-large-breed-agneau-riz\\\/#breadcrumb\"},\"inLanguage\":\"fr-FR\",\"potentialAction\":[{\"@type\":\"ReadAction\",\"target\":[\"https:\\\/\\\/www.vetorino.com\\\/veterinaire\\\/briancon-05100\\\/boutique\\\/product\\\/vetessentials-canine-adult-large-breed-agneau-riz\\\/\"]}]},{\"@type\":\"ImageObject\",\"inLanguage\":\"fr-FR\",\"@id\":\"https:\\\/\\\/www.vetorino.com\\\/veterinaire\\\/briancon-05100\\\/boutique\\\/product\\\/vetessentials-canine-adult-large-breed-agneau-riz\\\/#primaryimage\",\"url\":\"https:\\\/\\\/www.vetorino.com\\\/boutique\\\/wp-content\\\/uploads\\\/2020\\\/11\\\/canine-adult-large-breed-agneau-riz.jpg\",\"contentUrl\":\"https:\\\/\\\/www.vetorino.com\\\/boutique\\\/wp-content\\\/uploads\\\/2020\\\/11\\\/canine-adult-large-breed-agneau-riz.jpg\",\"width\":800,\"height\":800},{\"@type\":\"BreadcrumbList\",\"@id\":\"https:\\\/\\\/www.vetorino.com\\\/veterinaire\\\/briancon-05100\\\/boutique\\\/product\\\/vetessentials-canine-adult-large-breed-agneau-riz\\\/#breadcrumb\",\"itemListElement\":[{\"@type\":\"ListItem\",\"position\":1,\"name\":\"Accueil\",\"item\":\"https:\\\/\\\/www.vetorino.com\\\/boutique\\\/\"},{\"@type\":\"ListItem\",\"position\":2,\"name\":\"Produits\",\"item\":\"https:\\\/\\\/www.vetorino.com\\\/boutique\\\/\"},{\"@type\":\"ListItem\",\"position\":3,\"name\":\"Canine Adult Large Breed Agneau et Riz\"}]},{\"@type\":\"WebSite\",\"@id\":\"https:\\\/\\\/www.vetorino.com\\\/boutique\\\/#website\",\"url\":\"https:\\\/\\\/www.vetorino.com\\\/boutique\\\/\",\"name\":\"V\u00e9torino\",\"description\":\"\",\"publisher\":{\"@id\":\"https:\\\/\\\/www.vetorino.com\\\/boutique\\\/#organization\"},\"potentialAction\":[{\"@type\":\"SearchAction\",\"target\":{\"@type\":\"EntryPoint\",\"urlTemplate\":\"https:\\\/\\\/www.vetorino.com\\\/boutique\\\/?s={search_term_string}\"},\"query-input\":{\"@type\":\"PropertyValueSpecification\",\"valueRequired\":true,\"valueName\":\"search_term_string\"}}],\"inLanguage\":\"fr-FR\"},{\"@type\":\"Organization\",\"@id\":\"https:\\\/\\\/www.vetorino.com\\\/boutique\\\/#organization\",\"name\":\"V\u00e9torino\",\"url\":\"https:\\\/\\\/www.vetorino.com\\\/boutique\\\/\",\"logo\":{\"@type\":\"ImageObject\",\"inLanguage\":\"fr-FR\",\"@id\":\"https:\\\/\\\/www.vetorino.com\\\/boutique\\\/#\\\/schema\\\/logo\\\/image\\\/\",\"url\":\"https:\\\/\\\/www.vetorino.com\\\/boutique\\\/wp-content\\\/uploads\\\/2024\\\/10\\\/logo.jpg\",\"contentUrl\":\"https:\\\/\\\/www.vetorino.com\\\/boutique\\\/wp-content\\\/uploads\\\/2024\\\/10\\\/logo.jpg\",\"width\":1200,\"height\":610,\"caption\":\"V\u00e9torino\"},\"image\":{\"@id\":\"https:\\\/\\\/www.vetorino.com\\\/boutique\\\/#\\\/schema\\\/logo\\\/image\\\/\"},\"sameAs\":[\"https:\\\/\\\/www.facebook.com\\\/Vetorino\\\/\",\"https:\\\/\\\/www.instagram.com\\\/vetorino_off\\\/\",\"https:\\\/\\\/www.linkedin.com\\\/company\\\/vtorino\\\/\"]}]}<\/script>\n<meta property=\"product:brand\" content=\"Hill&#039;s\" \/>\n<meta property=\"product:price:amount\" content=\"75.44\" \/>\n<meta property=\"product:price:currency\" content=\"EUR\" \/>\n<meta property=\"og:availability\" content=\"out of stock\" \/>\n<meta property=\"product:availability\" content=\"out of stock\" \/>\n<meta property=\"product:retailer_item_id\" content=\"C-VES080\" \/>\n<meta property=\"product:condition\" content=\"new\" \/>\n<!-- \/ Yoast SEO plugin. -->","yoast_head_json":{"title":"Vetessentials (Hill's) Canine Adult Large Breed Agneau et Riz Hill's - V\u00e9torino","description":"Hill's Canine Adult Large Breed Agneau &amp; Riz sont des croquettes con\u00e7ues pour entretenir la sant\u00e9 du chien.  Utilisation :   Chien de plus de 25 kg, st\u00e9rilis\u00e9 ou non  Chien de 1 \u00e0 5 ans","robots":{"index":"index","follow":"follow","max-snippet":"max-snippet:-1","max-image-preview":"max-image-preview:large","max-video-preview":"max-video-preview:-1"},"canonical":"https:\/\/www.vetorino.com\/boutique\/product\/vetessentials-canine-adult-large-breed-agneau-riz\/","og_locale":"fr_FR","og_type":"article","og_title":"Vetessentials (Hill's) Canine Adult Large Breed Agneau et Riz Hill's - V\u00e9torino","og_description":"Hill's Canine Adult Large Breed Agneau &amp; Riz sont des croquettes con\u00e7ues pour entretenir la sant\u00e9 du chien.  Utilisation :   Chien de plus de 25 kg, st\u00e9rilis\u00e9 ou non  Chien de 1 \u00e0 5 ans","og_url":"https:\/\/www.vetorino.com\/boutique\/product\/vetessentials-canine-adult-large-breed-agneau-riz\/","og_site_name":"V\u00e9torino","article_publisher":"https:\/\/www.facebook.com\/Vetorino\/","article_modified_time":"2023-04-26T10:08:52+00:00","og_image":[{"width":800,"height":800,"url":"https:\/\/www.vetorino.com\/boutique\/wp-content\/uploads\/2020\/11\/canine-adult-large-breed-agneau-riz.jpg","type":"image\/jpeg"}],"twitter_card":"summary_large_image","twitter_misc":{"Prix":"75,44&euro;","Disponibilit\u00e9":"Rupture de stock"},"schema":{"@context":"https:\/\/schema.org","@graph":[{"@type":"WebPage","@id":"https:\/\/www.vetorino.com\/veterinaire\/briancon-05100\/boutique\/product\/vetessentials-canine-adult-large-breed-agneau-riz\/","url":"https:\/\/www.vetorino.com\/veterinaire\/briancon-05100\/boutique\/product\/vetessentials-canine-adult-large-breed-agneau-riz\/","name":"Vetessentials (Hill's) Canine Adult Large Breed Agneau et Riz Hill's - V\u00e9torino","isPartOf":{"@id":"https:\/\/www.vetorino.com\/boutique\/#website"},"primaryImageOfPage":{"@id":"https:\/\/www.vetorino.com\/veterinaire\/briancon-05100\/boutique\/product\/vetessentials-canine-adult-large-breed-agneau-riz\/#primaryimage"},"image":{"@id":"https:\/\/www.vetorino.com\/veterinaire\/briancon-05100\/boutique\/product\/vetessentials-canine-adult-large-breed-agneau-riz\/#primaryimage"},"thumbnailUrl":"https:\/\/www.vetorino.com\/boutique\/wp-content\/uploads\/2020\/11\/canine-adult-large-breed-agneau-riz.jpg","datePublished":"2020-11-25T19:07:04+00:00","dateModified":"2023-04-26T10:08:52+00:00","description":"Hill's Canine Adult Large Breed Agneau &amp; Riz sont des croquettes con\u00e7ues pour entretenir la sant\u00e9 du chien. Utilisation : Chien de plus de 25 kg, st\u00e9rilis\u00e9 ou non Chien de 1 \u00e0 5 ans","breadcrumb":{"@id":"https:\/\/www.vetorino.com\/veterinaire\/briancon-05100\/boutique\/product\/vetessentials-canine-adult-large-breed-agneau-riz\/#breadcrumb"},"inLanguage":"fr-FR","potentialAction":[{"@type":"ReadAction","target":["https:\/\/www.vetorino.com\/veterinaire\/briancon-05100\/boutique\/product\/vetessentials-canine-adult-large-breed-agneau-riz\/"]}]},{"@type":"ImageObject","inLanguage":"fr-FR","@id":"https:\/\/www.vetorino.com\/veterinaire\/briancon-05100\/boutique\/product\/vetessentials-canine-adult-large-breed-agneau-riz\/#primaryimage","url":"https:\/\/www.vetorino.com\/boutique\/wp-content\/uploads\/2020\/11\/canine-adult-large-breed-agneau-riz.jpg","contentUrl":"https:\/\/www.vetorino.com\/boutique\/wp-content\/uploads\/2020\/11\/canine-adult-large-breed-agneau-riz.jpg","width":800,"height":800},{"@type":"BreadcrumbList","@id":"https:\/\/www.vetorino.com\/veterinaire\/briancon-05100\/boutique\/product\/vetessentials-canine-adult-large-breed-agneau-riz\/#breadcrumb","itemListElement":[{"@type":"ListItem","position":1,"name":"Accueil","item":"https:\/\/www.vetorino.com\/boutique\/"},{"@type":"ListItem","position":2,"name":"Produits","item":"https:\/\/www.vetorino.com\/boutique\/"},{"@type":"ListItem","position":3,"name":"Canine Adult Large Breed Agneau et Riz"}]},{"@type":"WebSite","@id":"https:\/\/www.vetorino.com\/boutique\/#website","url":"https:\/\/www.vetorino.com\/boutique\/","name":"V\u00e9torino","description":"","publisher":{"@id":"https:\/\/www.vetorino.com\/boutique\/#organization"},"potentialAction":[{"@type":"SearchAction","target":{"@type":"EntryPoint","urlTemplate":"https:\/\/www.vetorino.com\/boutique\/?s={search_term_string}"},"query-input":{"@type":"PropertyValueSpecification","valueRequired":true,"valueName":"search_term_string"}}],"inLanguage":"fr-FR"},{"@type":"Organization","@id":"https:\/\/www.vetorino.com\/boutique\/#organization","name":"V\u00e9torino","url":"https:\/\/www.vetorino.com\/boutique\/","logo":{"@type":"ImageObject","inLanguage":"fr-FR","@id":"https:\/\/www.vetorino.com\/boutique\/#\/schema\/logo\/image\/","url":"https:\/\/www.vetorino.com\/boutique\/wp-content\/uploads\/2024\/10\/logo.jpg","contentUrl":"https:\/\/www.vetorino.com\/boutique\/wp-content\/uploads\/2024\/10\/logo.jpg","width":1200,"height":610,"caption":"V\u00e9torino"},"image":{"@id":"https:\/\/www.vetorino.com\/boutique\/#\/schema\/logo\/image\/"},"sameAs":["https:\/\/www.facebook.com\/Vetorino\/","https:\/\/www.instagram.com\/vetorino_off\/","https:\/\/www.linkedin.com\/company\/vtorino\/"]}]},"product_brand":"Hill's","product_price_amount":"75.44","product_price_currency":"EUR","og_availability":"out of stock","product_availability":"out of stock","product_retailer_item_id":"C-VES080","product_condition":"new"},"_links":{"self":[{"href":"https:\/\/www.vetorino.com\/boutique\/wp-json\/wp\/v2\/product\/130218","targetHints":{"allow":["GET"]}}],"collection":[{"href":"https:\/\/www.vetorino.com\/boutique\/wp-json\/wp\/v2\/product"}],"about":[{"href":"https:\/\/www.vetorino.com\/boutique\/wp-json\/wp\/v2\/types\/product"}],"wp:featuredmedia":[{"embeddable":true,"href":"https:\/\/www.vetorino.com\/boutique\/wp-json\/wp\/v2\/media\/589379"}],"wp:attachment":[{"href":"https:\/\/www.vetorino.com\/boutique\/wp-json\/wp\/v2\/media?parent=130218"}],"wp:term":[{"taxonomy":"product_cat","embeddable":true,"href":"https:\/\/www.vetorino.com\/boutique\/wp-json\/wp\/v2\/product_cat?post=130218"},{"taxonomy":"product_tag","embeddable":true,"href":"https:\/\/www.vetorino.com\/boutique\/wp-json\/wp\/v2\/product_tag?post=130218"}],"curies":[{"name":"wp","href":"https:\/\/api.w.org\/{rel}","templated":true}]}}