{"id":130886,"date":"2020-11-25T20:40:26","date_gmt":"2020-11-25T19:40:26","guid":{"rendered":"https:\/\/www.vetorino.com\/boutique\/product\/specific-c-bio-d-adult-organic\/"},"modified":"2023-12-16T08:06:47","modified_gmt":"2023-12-16T07:06:47","slug":"specific-c-bio-d-adult-organic","status":"publish","type":"product","link":"https:\/\/www.vetorino.com\/boutique\/product\/specific-c-bio-d-adult-organic\/","title":{"rendered":"Specific C-BIO-D Adult Organic"},"content":{"rendered":"<p>Alimentation quotidienne des chiens adultes dont les ingr\u00e9dients sont issus de l\u2019agriculture biologique \u00e0 concurrence d\u2019au moins 95 %.<\/p>\n<ul>\n<li>Alimentation quotidienne des chiens adultes de toutes races en bonne sant\u00e9, st\u00e9rilis\u00e9s ou non.<\/li>\n<li>Ne contient aucun antixoydant, colorant ou ar\u00f4me artificiel ajout\u00e9.<\/li>\n<\/ul>\n","protected":false},"excerpt":{"rendered":"<p><strong>Alimentation quotidienne<\/strong> des <strong>chiens adultes<\/strong> dont les ingr\u00e9dients sont issus de <strong>l\u2019agriculture biologique<\/strong> \u00e0 concurrence d\u2019au moins 95 %.<\/p>\n<p><span style=\"text-decoration: underline;\">Utilisation<\/span><\/p>\n<ul>\n<li>Chien adulte de toutes races, st\u00e9rilis\u00e9 ou non<\/li>\n<\/ul>\n<p><span style=\"text-decoration: underline;\">Bienfaits<\/span><\/p>\n<ul>\n<li>Formul\u00e9 avec 35 % de poulet frais et 4% de dinde fraiche.<\/li>\n<li>Emballage 100% recyclable.<\/li>\n<li>Au moins 95% des ingr\u00e9dients sont d&#8217;origine biologique.<\/li>\n<li>Des ingr\u00e9dients de haute qualit\u00e9 et hautement digestibles assurent une absorption optimale des nutriments et fournissent au chien adulte tous les nutriments n\u00e9cessaires \u00e0 une vie saine.<\/li>\n<\/ul>\n","protected":false},"featured_media":159290,"template":"","meta":[],"product_cat":[12584,2698],"product_tag":[],"class_list":{"0":"post-130886","1":"product","2":"type-product","3":"status-publish","4":"has-post-thumbnail","6":"product_cat-alimentation-premium-pour-chien","7":"product_cat-chien","8":"pa_marque-specific","10":"first","11":"outofstock","12":"taxable","13":"shipping-taxable","14":"purchasable","15":"product-type-simple"},"yoast_head":"<!-- This site is optimized with the Yoast SEO plugin v27.4 - https:\/\/yoast.com\/product\/yoast-seo-wordpress\/ -->\n<title>Specific Specific C-BIO-D Adult Organic Specific - V\u00e9torino<\/title>\n<meta name=\"description\" content=\"Alimentation quotidienne des chiens adultes dont les ingr\u00e9dients sont issus de l\u2019agriculture biologique \u00e0 concurrence d\u2019au moins 95 %.  Utilisation   Chien adulte de toutes races, st\u00e9rilis\u00e9 ou non  Bienfaits   Formul\u00e9 avec 35 % de poulet frais et 4% de dinde fraiche.  Emballage 100% recyclable.  Au moins 95% des ingr\u00e9dients sont d&#039;origine biologique.  Des ingr\u00e9dients de haute qualit\u00e9 et hautement digestibles assurent une absorption optimale des nutriments et fournissent au chien adulte tous les nutriments n\u00e9cessaires \u00e0 une vie saine.\" \/>\n<meta name=\"robots\" content=\"index, follow, max-snippet:-1, max-image-preview:large, max-video-preview:-1\" \/>\n<link rel=\"canonical\" href=\"https:\/\/www.vetorino.com\/boutique\/product\/specific-c-bio-d-adult-organic\/\" \/>\n<meta property=\"og:locale\" content=\"fr_FR\" \/>\n<meta property=\"og:type\" content=\"article\" \/>\n<meta property=\"og:title\" content=\"Specific Specific C-BIO-D Adult Organic Specific - V\u00e9torino\" \/>\n<meta property=\"og:description\" content=\"Alimentation quotidienne des chiens adultes dont les ingr\u00e9dients sont issus de l\u2019agriculture biologique \u00e0 concurrence d\u2019au moins 95 %.  Utilisation   Chien adulte de toutes races, st\u00e9rilis\u00e9 ou non  Bienfaits   Formul\u00e9 avec 35 % de poulet frais et 4% de dinde fraiche.  Emballage 100% recyclable.  Au moins 95% des ingr\u00e9dients sont d&#039;origine biologique.  Des ingr\u00e9dients de haute qualit\u00e9 et hautement digestibles assurent une absorption optimale des nutriments et fournissent au chien adulte tous les nutriments n\u00e9cessaires \u00e0 une vie saine.\" \/>\n<meta property=\"og:url\" content=\"https:\/\/www.vetorino.com\/boutique\/product\/specific-c-bio-d-adult-organic\/\" \/>\n<meta property=\"og:site_name\" content=\"V\u00e9torino\" \/>\n<meta property=\"article:publisher\" content=\"https:\/\/www.facebook.com\/Vetorino\/\" \/>\n<meta property=\"article:modified_time\" content=\"2023-12-16T07:06:47+00:00\" \/>\n<meta property=\"og:image\" content=\"https:\/\/www.vetorino.com\/boutique\/wp-content\/uploads\/2020\/11\/chien-c-bio-d-adult-organic-2.jpg\" \/>\n\t<meta property=\"og:image:width\" content=\"458\" \/>\n\t<meta property=\"og:image:height\" content=\"458\" \/>\n\t<meta property=\"og:image:type\" content=\"image\/jpeg\" \/>\n<meta name=\"twitter:card\" content=\"summary_large_image\" \/>\n<meta name=\"twitter:label1\" content=\"Prix\" \/>\n\t<meta name=\"twitter:data1\" content=\"31,26&euro;\" \/>\n\t<meta name=\"twitter:label2\" content=\"Disponibilit\u00e9\" \/>\n\t<meta name=\"twitter:data2\" content=\"Rupture de stock\" \/>\n<script type=\"application\/ld+json\" class=\"yoast-schema-graph\">{\"@context\":\"https:\\\/\\\/schema.org\",\"@graph\":[{\"@type\":\"WebPage\",\"@id\":\"https:\\\/\\\/www.vetorino.com\\\/boutique\\\/product\\\/specific-c-bio-d-adult-organic\\\/\",\"url\":\"https:\\\/\\\/www.vetorino.com\\\/boutique\\\/product\\\/specific-c-bio-d-adult-organic\\\/\",\"name\":\"Specific Specific C-BIO-D Adult Organic Specific - V\u00e9torino\",\"isPartOf\":{\"@id\":\"https:\\\/\\\/www.vetorino.com\\\/boutique\\\/#website\"},\"primaryImageOfPage\":{\"@id\":\"https:\\\/\\\/www.vetorino.com\\\/boutique\\\/product\\\/specific-c-bio-d-adult-organic\\\/#primaryimage\"},\"image\":{\"@id\":\"https:\\\/\\\/www.vetorino.com\\\/boutique\\\/product\\\/specific-c-bio-d-adult-organic\\\/#primaryimage\"},\"thumbnailUrl\":\"https:\\\/\\\/www.vetorino.com\\\/boutique\\\/wp-content\\\/uploads\\\/2020\\\/11\\\/chien-c-bio-d-adult-organic-2.jpg\",\"datePublished\":\"2020-11-25T19:40:26+00:00\",\"dateModified\":\"2023-12-16T07:06:47+00:00\",\"description\":\"Alimentation quotidienne des chiens adultes dont les ingr\u00e9dients sont issus de l\u2019agriculture biologique \u00e0 concurrence d\u2019au moins 95 %. Utilisation Chien adulte de toutes races, st\u00e9rilis\u00e9 ou non Bienfaits Formul\u00e9 avec 35 % de poulet frais et 4% de dinde fraiche. Emballage 100% recyclable. Au moins 95% des ingr\u00e9dients sont d'origine biologique. Des ingr\u00e9dients de haute qualit\u00e9 et hautement digestibles assurent une absorption optimale des nutriments et fournissent au chien adulte tous les nutriments n\u00e9cessaires \u00e0 une vie saine.\",\"breadcrumb\":{\"@id\":\"https:\\\/\\\/www.vetorino.com\\\/boutique\\\/product\\\/specific-c-bio-d-adult-organic\\\/#breadcrumb\"},\"inLanguage\":\"fr-FR\",\"potentialAction\":[{\"@type\":\"ReadAction\",\"target\":[\"https:\\\/\\\/www.vetorino.com\\\/boutique\\\/product\\\/specific-c-bio-d-adult-organic\\\/\"]}]},{\"@type\":\"ImageObject\",\"inLanguage\":\"fr-FR\",\"@id\":\"https:\\\/\\\/www.vetorino.com\\\/boutique\\\/product\\\/specific-c-bio-d-adult-organic\\\/#primaryimage\",\"url\":\"https:\\\/\\\/www.vetorino.com\\\/boutique\\\/wp-content\\\/uploads\\\/2020\\\/11\\\/chien-c-bio-d-adult-organic-2.jpg\",\"contentUrl\":\"https:\\\/\\\/www.vetorino.com\\\/boutique\\\/wp-content\\\/uploads\\\/2020\\\/11\\\/chien-c-bio-d-adult-organic-2.jpg\",\"width\":458,\"height\":458},{\"@type\":\"BreadcrumbList\",\"@id\":\"https:\\\/\\\/www.vetorino.com\\\/boutique\\\/product\\\/specific-c-bio-d-adult-organic\\\/#breadcrumb\",\"itemListElement\":[{\"@type\":\"ListItem\",\"position\":1,\"name\":\"Accueil\",\"item\":\"https:\\\/\\\/www.vetorino.com\\\/boutique\\\/\"},{\"@type\":\"ListItem\",\"position\":2,\"name\":\"Produits\",\"item\":\"https:\\\/\\\/www.vetorino.com\\\/boutique\\\/\"},{\"@type\":\"ListItem\",\"position\":3,\"name\":\"Specific C-BIO-D Adult Organic\"}]},{\"@type\":\"WebSite\",\"@id\":\"https:\\\/\\\/www.vetorino.com\\\/boutique\\\/#website\",\"url\":\"https:\\\/\\\/www.vetorino.com\\\/boutique\\\/\",\"name\":\"V\u00e9torino\",\"description\":\"\",\"publisher\":{\"@id\":\"https:\\\/\\\/www.vetorino.com\\\/boutique\\\/#organization\"},\"potentialAction\":[{\"@type\":\"SearchAction\",\"target\":{\"@type\":\"EntryPoint\",\"urlTemplate\":\"https:\\\/\\\/www.vetorino.com\\\/boutique\\\/?s={search_term_string}\"},\"query-input\":{\"@type\":\"PropertyValueSpecification\",\"valueRequired\":true,\"valueName\":\"search_term_string\"}}],\"inLanguage\":\"fr-FR\"},{\"@type\":\"Organization\",\"@id\":\"https:\\\/\\\/www.vetorino.com\\\/boutique\\\/#organization\",\"name\":\"V\u00e9torino\",\"url\":\"https:\\\/\\\/www.vetorino.com\\\/boutique\\\/\",\"logo\":{\"@type\":\"ImageObject\",\"inLanguage\":\"fr-FR\",\"@id\":\"https:\\\/\\\/www.vetorino.com\\\/boutique\\\/#\\\/schema\\\/logo\\\/image\\\/\",\"url\":\"https:\\\/\\\/www.vetorino.com\\\/boutique\\\/wp-content\\\/uploads\\\/2024\\\/10\\\/logo.jpg\",\"contentUrl\":\"https:\\\/\\\/www.vetorino.com\\\/boutique\\\/wp-content\\\/uploads\\\/2024\\\/10\\\/logo.jpg\",\"width\":1200,\"height\":610,\"caption\":\"V\u00e9torino\"},\"image\":{\"@id\":\"https:\\\/\\\/www.vetorino.com\\\/boutique\\\/#\\\/schema\\\/logo\\\/image\\\/\"},\"sameAs\":[\"https:\\\/\\\/www.facebook.com\\\/Vetorino\\\/\",\"https:\\\/\\\/www.instagram.com\\\/vetorino_off\\\/\",\"https:\\\/\\\/www.linkedin.com\\\/company\\\/vtorino\\\/\"]}]}<\/script>\n<meta property=\"product:brand\" content=\"Specific\" \/>\n<meta property=\"product:price:amount\" content=\"31.26\" \/>\n<meta property=\"product:price:currency\" content=\"EUR\" \/>\n<meta property=\"og:availability\" content=\"out of stock\" \/>\n<meta property=\"product:availability\" content=\"out of stock\" \/>\n<meta property=\"product:retailer_item_id\" content=\"C-SPC063\" \/>\n<meta property=\"product:condition\" content=\"new\" \/>\n<!-- \/ Yoast SEO plugin. -->","yoast_head_json":{"title":"Specific Specific C-BIO-D Adult Organic Specific - V\u00e9torino","description":"Alimentation quotidienne des chiens adultes dont les ingr\u00e9dients sont issus de l\u2019agriculture biologique \u00e0 concurrence d\u2019au moins 95 %.  Utilisation   Chien adulte de toutes races, st\u00e9rilis\u00e9 ou non  Bienfaits   Formul\u00e9 avec 35 % de poulet frais et 4% de dinde fraiche.  Emballage 100% recyclable.  Au moins 95% des ingr\u00e9dients sont d'origine biologique.  Des ingr\u00e9dients de haute qualit\u00e9 et hautement digestibles assurent une absorption optimale des nutriments et fournissent au chien adulte tous les nutriments n\u00e9cessaires \u00e0 une vie saine.","robots":{"index":"index","follow":"follow","max-snippet":"max-snippet:-1","max-image-preview":"max-image-preview:large","max-video-preview":"max-video-preview:-1"},"canonical":"https:\/\/www.vetorino.com\/boutique\/product\/specific-c-bio-d-adult-organic\/","og_locale":"fr_FR","og_type":"article","og_title":"Specific Specific C-BIO-D Adult Organic Specific - V\u00e9torino","og_description":"Alimentation quotidienne des chiens adultes dont les ingr\u00e9dients sont issus de l\u2019agriculture biologique \u00e0 concurrence d\u2019au moins 95 %.  Utilisation   Chien adulte de toutes races, st\u00e9rilis\u00e9 ou non  Bienfaits   Formul\u00e9 avec 35 % de poulet frais et 4% de dinde fraiche.  Emballage 100% recyclable.  Au moins 95% des ingr\u00e9dients sont d'origine biologique.  Des ingr\u00e9dients de haute qualit\u00e9 et hautement digestibles assurent une absorption optimale des nutriments et fournissent au chien adulte tous les nutriments n\u00e9cessaires \u00e0 une vie saine.","og_url":"https:\/\/www.vetorino.com\/boutique\/product\/specific-c-bio-d-adult-organic\/","og_site_name":"V\u00e9torino","article_publisher":"https:\/\/www.facebook.com\/Vetorino\/","article_modified_time":"2023-12-16T07:06:47+00:00","og_image":[{"width":458,"height":458,"url":"https:\/\/www.vetorino.com\/boutique\/wp-content\/uploads\/2020\/11\/chien-c-bio-d-adult-organic-2.jpg","type":"image\/jpeg"}],"twitter_card":"summary_large_image","twitter_misc":{"Prix":"31,26&euro;","Disponibilit\u00e9":"Rupture de stock"},"schema":{"@context":"https:\/\/schema.org","@graph":[{"@type":"WebPage","@id":"https:\/\/www.vetorino.com\/boutique\/product\/specific-c-bio-d-adult-organic\/","url":"https:\/\/www.vetorino.com\/boutique\/product\/specific-c-bio-d-adult-organic\/","name":"Specific Specific C-BIO-D Adult Organic Specific - V\u00e9torino","isPartOf":{"@id":"https:\/\/www.vetorino.com\/boutique\/#website"},"primaryImageOfPage":{"@id":"https:\/\/www.vetorino.com\/boutique\/product\/specific-c-bio-d-adult-organic\/#primaryimage"},"image":{"@id":"https:\/\/www.vetorino.com\/boutique\/product\/specific-c-bio-d-adult-organic\/#primaryimage"},"thumbnailUrl":"https:\/\/www.vetorino.com\/boutique\/wp-content\/uploads\/2020\/11\/chien-c-bio-d-adult-organic-2.jpg","datePublished":"2020-11-25T19:40:26+00:00","dateModified":"2023-12-16T07:06:47+00:00","description":"Alimentation quotidienne des chiens adultes dont les ingr\u00e9dients sont issus de l\u2019agriculture biologique \u00e0 concurrence d\u2019au moins 95 %. Utilisation Chien adulte de toutes races, st\u00e9rilis\u00e9 ou non Bienfaits Formul\u00e9 avec 35 % de poulet frais et 4% de dinde fraiche. Emballage 100% recyclable. Au moins 95% des ingr\u00e9dients sont d'origine biologique. Des ingr\u00e9dients de haute qualit\u00e9 et hautement digestibles assurent une absorption optimale des nutriments et fournissent au chien adulte tous les nutriments n\u00e9cessaires \u00e0 une vie saine.","breadcrumb":{"@id":"https:\/\/www.vetorino.com\/boutique\/product\/specific-c-bio-d-adult-organic\/#breadcrumb"},"inLanguage":"fr-FR","potentialAction":[{"@type":"ReadAction","target":["https:\/\/www.vetorino.com\/boutique\/product\/specific-c-bio-d-adult-organic\/"]}]},{"@type":"ImageObject","inLanguage":"fr-FR","@id":"https:\/\/www.vetorino.com\/boutique\/product\/specific-c-bio-d-adult-organic\/#primaryimage","url":"https:\/\/www.vetorino.com\/boutique\/wp-content\/uploads\/2020\/11\/chien-c-bio-d-adult-organic-2.jpg","contentUrl":"https:\/\/www.vetorino.com\/boutique\/wp-content\/uploads\/2020\/11\/chien-c-bio-d-adult-organic-2.jpg","width":458,"height":458},{"@type":"BreadcrumbList","@id":"https:\/\/www.vetorino.com\/boutique\/product\/specific-c-bio-d-adult-organic\/#breadcrumb","itemListElement":[{"@type":"ListItem","position":1,"name":"Accueil","item":"https:\/\/www.vetorino.com\/boutique\/"},{"@type":"ListItem","position":2,"name":"Produits","item":"https:\/\/www.vetorino.com\/boutique\/"},{"@type":"ListItem","position":3,"name":"Specific C-BIO-D Adult Organic"}]},{"@type":"WebSite","@id":"https:\/\/www.vetorino.com\/boutique\/#website","url":"https:\/\/www.vetorino.com\/boutique\/","name":"V\u00e9torino","description":"","publisher":{"@id":"https:\/\/www.vetorino.com\/boutique\/#organization"},"potentialAction":[{"@type":"SearchAction","target":{"@type":"EntryPoint","urlTemplate":"https:\/\/www.vetorino.com\/boutique\/?s={search_term_string}"},"query-input":{"@type":"PropertyValueSpecification","valueRequired":true,"valueName":"search_term_string"}}],"inLanguage":"fr-FR"},{"@type":"Organization","@id":"https:\/\/www.vetorino.com\/boutique\/#organization","name":"V\u00e9torino","url":"https:\/\/www.vetorino.com\/boutique\/","logo":{"@type":"ImageObject","inLanguage":"fr-FR","@id":"https:\/\/www.vetorino.com\/boutique\/#\/schema\/logo\/image\/","url":"https:\/\/www.vetorino.com\/boutique\/wp-content\/uploads\/2024\/10\/logo.jpg","contentUrl":"https:\/\/www.vetorino.com\/boutique\/wp-content\/uploads\/2024\/10\/logo.jpg","width":1200,"height":610,"caption":"V\u00e9torino"},"image":{"@id":"https:\/\/www.vetorino.com\/boutique\/#\/schema\/logo\/image\/"},"sameAs":["https:\/\/www.facebook.com\/Vetorino\/","https:\/\/www.instagram.com\/vetorino_off\/","https:\/\/www.linkedin.com\/company\/vtorino\/"]}]},"product_brand":"Specific","product_price_amount":"31.26","product_price_currency":"EUR","og_availability":"out of stock","product_availability":"out of stock","product_retailer_item_id":"C-SPC063","product_condition":"new"},"_links":{"self":[{"href":"https:\/\/www.vetorino.com\/boutique\/wp-json\/wp\/v2\/product\/130886","targetHints":{"allow":["GET"]}}],"collection":[{"href":"https:\/\/www.vetorino.com\/boutique\/wp-json\/wp\/v2\/product"}],"about":[{"href":"https:\/\/www.vetorino.com\/boutique\/wp-json\/wp\/v2\/types\/product"}],"wp:featuredmedia":[{"embeddable":true,"href":"https:\/\/www.vetorino.com\/boutique\/wp-json\/wp\/v2\/media\/159290"}],"wp:attachment":[{"href":"https:\/\/www.vetorino.com\/boutique\/wp-json\/wp\/v2\/media?parent=130886"}],"wp:term":[{"taxonomy":"product_cat","embeddable":true,"href":"https:\/\/www.vetorino.com\/boutique\/wp-json\/wp\/v2\/product_cat?post=130886"},{"taxonomy":"product_tag","embeddable":true,"href":"https:\/\/www.vetorino.com\/boutique\/wp-json\/wp\/v2\/product_tag?post=130886"}],"curies":[{"name":"wp","href":"https:\/\/api.w.org\/{rel}","templated":true}]}}