{"id":1766777,"date":"2026-03-29T05:35:03","date_gmt":"2026-03-29T03:35:03","guid":{"rendered":"https:\/\/www.vetorino.com\/boutique\/product\/feline-metabolic-saumon\/"},"modified":"2026-04-01T12:28:10","modified_gmt":"2026-04-01T10:28:10","slug":"feline-metabolic-saumon","status":"publish","type":"product","link":"https:\/\/www.vetorino.com\/boutique\/product\/feline-metabolic-saumon\/","title":{"rendered":"Metabolic Saumon &#8211; chat"},"content":{"rendered":"<p><strong>M\u00eame un l\u00e9ger surpoids peut avoir un impact sur la qualit\u00e9 de vie de l\u2019animal<\/strong> et ses relations avec sa famille, puisqu\u2019il peut r\u00e9duire le temps de jeu, affecter la mobilit\u00e9 et nuire \u00e0 l\u2019\u00e9tat de sant\u00e9 g\u00e9n\u00e9ral de votre chat tout au long de sa vie.<\/p>\n<p>Le maintien d\u2019un poids id\u00e9al peut contribuer \u00e0<strong> am\u00e9liorer l\u2019esp\u00e9rance de vie<\/strong> en r\u00e9duisant le risque de troubles li\u00e9s au poids.<\/p>\n<p>Les nutritionnistes et v\u00e9t\u00e9rinaires de Hill\u2019s ont mis au point l\u2019alimentation di\u00e9t\u00e9tique Prescription Diet Metabolic, sp\u00e9cialement formul\u00e9e pour aider le chat \u00e0<strong> perdre du poids et \u00e0 ne pas le reprendre. <\/strong><\/p>\n<p>Fonctionne naturellement avec l\u2019utilisation \u00e9nerg\u00e9tique unique de votre chat pour une<strong> perte de poids facile et efficace.<\/strong><\/p>\n<p>Cet aliment stimule la capacit\u00e9 naturelle du chat \u00e0 br\u00fbler ses graisses et fournit l\u2019\u00e9nergie n\u00e9cessaire pour jouer activement.<\/p>\n<p>Son m\u00e9lange unique de <strong>fibres<\/strong> aide les chats \u00e0 se sentir rassasi\u00e9s et satisfaits.<\/p>\n<p>Dans les faits, 88 % des animaux ont perdu du poids \u00e0 la maison en 2 mois lorsqu\u2019ils ont \u00e9t\u00e9 nourris avec la gamme Metabolic*.<\/p>\n<p>Ces croquettes au saumon ont une saveur irr\u00e9sistible que votre chat va adorer.<\/p>\n<p>* <em>Donn\u00e9es internes, Hill\u2019s Pet Nutrition, Inc.<\/em><\/p>\n<p><strong>Demander conseil \u00e0 un v\u00e9t\u00e9rinaire avant utilisation.<\/strong><\/p>\n","protected":false},"excerpt":{"rendered":"<p>Hill\u2019s PRESCRIPTION DIET Metabolic Weight Management \u2013 Croquettes pour Chat au Saumon est un <strong>aliment cliniquement prouv\u00e9 pour aider le chat \u00e0 perdre naturellement du poids<\/strong> et \u00e0 ne pas le reprendre.<\/p>\n<p><strong>Utilisation :\u00a0<\/strong><\/p>\n<ul>\n<li>Perte de poids<\/li>\n<li>Maintien du poids (tendance \u00e0 l\u2019ob\u00e9sit\u00e9 ou apr\u00e8s une perte de poids)<\/li>\n<li>Diab\u00e8te chez le chat de poids normal, en l\u00e9ger surpoids ou ob\u00e8se<\/li>\n<\/ul>\n<p><strong>Demander conseil \u00e0 un v\u00e9t\u00e9rinaire avant utilisation.<\/strong><\/p>\n<p><span style=\"color: #ff6600\"><strong>Nouveau go\u00fbt \u00e0 d\u00e9couvrir ! La recette \u00e9volue pour faire place au saumon. Pendant cette phase de transition, vous pourriez recevoir l&#8217;ancien ou le nouveau produit.<\/strong><\/span><\/p>\n","protected":false},"featured_media":1770424,"template":"","meta":[],"product_cat":[12551,12581,2697],"product_tag":[],"class_list":{"0":"post-1766777","1":"product","2":"type-product","3":"status-publish","4":"has-post-thumbnail","6":"product_cat-alimentation-du-chat","7":"product_cat-alimentation-medicalisee-pour-chat","8":"product_cat-chat","9":"pa_marque-hills-pet-nutrition","11":"first","12":"instock","13":"taxable","14":"shipping-taxable","15":"purchasable","16":"product-type-variable"},"yoast_head":"<!-- This site is optimized with the Yoast SEO plugin v27.3 - https:\/\/yoast.com\/product\/yoast-seo-wordpress\/ -->\n<title>Prescription Diet (Hill&#039;s) Metabolic Saumon - chat Hill&#039;s - V\u00e9torino<\/title>\n<meta name=\"description\" content=\"Hill\u2019s PRESCRIPTION DIET Metabolic Weight Management \u2013 Croquettes pour Chat au Saumon est un aliment cliniquement prouv\u00e9 pour aider le chat \u00e0 perdre naturellement du poids et \u00e0 ne pas le reprendre.  Utilisation :\u00a0   Perte de poids  Maintien du poids (tendance \u00e0 l\u2019ob\u00e9sit\u00e9 ou apr\u00e8s une perte de poids)  Diab\u00e8te chez le chat de poids normal, en l\u00e9ger surpoids ou ob\u00e8se  Demander conseil \u00e0 un v\u00e9t\u00e9rinaire avant utilisation.  Nouveau go\u00fbt \u00e0 d\u00e9couvrir ! La recette \u00e9volue pour faire place au saumon. Pendant cette phase de transition, vous pourriez recevoir l&#039;ancien ou le nouveau produit.\" \/>\n<meta name=\"robots\" content=\"index, follow, max-snippet:-1, max-image-preview:large, max-video-preview:-1\" \/>\n<link rel=\"canonical\" href=\"https:\/\/www.vetorino.com\/boutique\/product\/feline-metabolic-saumon\/\" \/>\n<meta property=\"og:locale\" content=\"fr_FR\" \/>\n<meta property=\"og:type\" content=\"article\" \/>\n<meta property=\"og:title\" content=\"Prescription Diet (Hill&#039;s) Metabolic Saumon - chat Hill&#039;s - V\u00e9torino\" \/>\n<meta property=\"og:description\" content=\"Hill\u2019s PRESCRIPTION DIET Metabolic Weight Management \u2013 Croquettes pour Chat au Saumon est un aliment cliniquement prouv\u00e9 pour aider le chat \u00e0 perdre naturellement du poids et \u00e0 ne pas le reprendre.  Utilisation :\u00a0   Perte de poids  Maintien du poids (tendance \u00e0 l\u2019ob\u00e9sit\u00e9 ou apr\u00e8s une perte de poids)  Diab\u00e8te chez le chat de poids normal, en l\u00e9ger surpoids ou ob\u00e8se  Demander conseil \u00e0 un v\u00e9t\u00e9rinaire avant utilisation.  Nouveau go\u00fbt \u00e0 d\u00e9couvrir ! La recette \u00e9volue pour faire place au saumon. Pendant cette phase de transition, vous pourriez recevoir l&#039;ancien ou le nouveau produit.\" \/>\n<meta property=\"og:url\" content=\"https:\/\/www.vetorino.com\/boutique\/product\/feline-metabolic-saumon\/\" \/>\n<meta property=\"og:site_name\" content=\"V\u00e9torino\" \/>\n<meta property=\"article:publisher\" content=\"https:\/\/www.facebook.com\/Vetorino\/\" \/>\n<meta property=\"article:modified_time\" content=\"2026-04-01T10:28:10+00:00\" \/>\n<meta property=\"og:image\" content=\"https:\/\/www.vetorino.com\/boutique\/wp-content\/uploads\/2026\/03\/feline-metabolic-saumon-croquettes-chat2.jpg\" \/>\n\t<meta property=\"og:image:width\" content=\"900\" \/>\n\t<meta property=\"og:image:height\" content=\"900\" \/>\n\t<meta property=\"og:image:type\" content=\"image\/jpeg\" \/>\n<meta name=\"twitter:card\" content=\"summary_large_image\" \/>\n<meta name=\"twitter:label1\" content=\"Disponibilit\u00e9\" \/>\n\t<meta name=\"twitter:data1\" content=\"En stock\" \/>\n<script type=\"application\/ld+json\" class=\"yoast-schema-graph\">{\"@context\":\"https:\\\/\\\/schema.org\",\"@graph\":[{\"@type\":\"WebPage\",\"@id\":\"https:\\\/\\\/www.vetorino.com\\\/boutique\\\/product\\\/feline-metabolic-saumon\\\/\",\"url\":\"https:\\\/\\\/www.vetorino.com\\\/boutique\\\/product\\\/feline-metabolic-saumon\\\/\",\"name\":\"Prescription Diet (Hill's) Metabolic Saumon - chat Hill's - V\u00e9torino\",\"isPartOf\":{\"@id\":\"https:\\\/\\\/www.vetorino.com\\\/boutique\\\/#website\"},\"primaryImageOfPage\":{\"@id\":\"https:\\\/\\\/www.vetorino.com\\\/boutique\\\/product\\\/feline-metabolic-saumon\\\/#primaryimage\"},\"image\":{\"@id\":\"https:\\\/\\\/www.vetorino.com\\\/boutique\\\/product\\\/feline-metabolic-saumon\\\/#primaryimage\"},\"thumbnailUrl\":\"https:\\\/\\\/www.vetorino.com\\\/boutique\\\/wp-content\\\/uploads\\\/2026\\\/03\\\/feline-metabolic-saumon-croquettes-chat2.jpg\",\"datePublished\":\"2026-03-29T03:35:03+00:00\",\"dateModified\":\"2026-04-01T10:28:10+00:00\",\"description\":\"Hill\u2019s PRESCRIPTION DIET Metabolic Weight Management \u2013 Croquettes pour Chat au Saumon est un aliment cliniquement prouv\u00e9 pour aider le chat \u00e0 perdre naturellement du poids et \u00e0 ne pas le reprendre. Utilisation :\u00a0 Perte de poids Maintien du poids (tendance \u00e0 l\u2019ob\u00e9sit\u00e9 ou apr\u00e8s une perte de poids) Diab\u00e8te chez le chat de poids normal, en l\u00e9ger surpoids ou ob\u00e8se Demander conseil \u00e0 un v\u00e9t\u00e9rinaire avant utilisation. Nouveau go\u00fbt \u00e0 d\u00e9couvrir ! La recette \u00e9volue pour faire place au saumon. Pendant cette phase de transition, vous pourriez recevoir l'ancien ou le nouveau produit.\",\"breadcrumb\":{\"@id\":\"https:\\\/\\\/www.vetorino.com\\\/boutique\\\/product\\\/feline-metabolic-saumon\\\/#breadcrumb\"},\"inLanguage\":\"fr-FR\",\"potentialAction\":[{\"@type\":\"ReadAction\",\"target\":[\"https:\\\/\\\/www.vetorino.com\\\/boutique\\\/product\\\/feline-metabolic-saumon\\\/\"]}]},{\"@type\":\"ImageObject\",\"inLanguage\":\"fr-FR\",\"@id\":\"https:\\\/\\\/www.vetorino.com\\\/boutique\\\/product\\\/feline-metabolic-saumon\\\/#primaryimage\",\"url\":\"https:\\\/\\\/www.vetorino.com\\\/boutique\\\/wp-content\\\/uploads\\\/2026\\\/03\\\/feline-metabolic-saumon-croquettes-chat2.jpg\",\"contentUrl\":\"https:\\\/\\\/www.vetorino.com\\\/boutique\\\/wp-content\\\/uploads\\\/2026\\\/03\\\/feline-metabolic-saumon-croquettes-chat2.jpg\",\"width\":900,\"height\":900},{\"@type\":\"BreadcrumbList\",\"@id\":\"https:\\\/\\\/www.vetorino.com\\\/boutique\\\/product\\\/feline-metabolic-saumon\\\/#breadcrumb\",\"itemListElement\":[{\"@type\":\"ListItem\",\"position\":1,\"name\":\"Accueil\",\"item\":\"https:\\\/\\\/www.vetorino.com\\\/boutique\\\/\"},{\"@type\":\"ListItem\",\"position\":2,\"name\":\"Produits\",\"item\":\"https:\\\/\\\/www.vetorino.com\\\/boutique\\\/\"},{\"@type\":\"ListItem\",\"position\":3,\"name\":\"Metabolic Saumon &#8211; chat\"}]},{\"@type\":\"WebSite\",\"@id\":\"https:\\\/\\\/www.vetorino.com\\\/boutique\\\/#website\",\"url\":\"https:\\\/\\\/www.vetorino.com\\\/boutique\\\/\",\"name\":\"V\u00e9torino\",\"description\":\"\",\"publisher\":{\"@id\":\"https:\\\/\\\/www.vetorino.com\\\/boutique\\\/#organization\"},\"potentialAction\":[{\"@type\":\"SearchAction\",\"target\":{\"@type\":\"EntryPoint\",\"urlTemplate\":\"https:\\\/\\\/www.vetorino.com\\\/boutique\\\/?s={search_term_string}\"},\"query-input\":{\"@type\":\"PropertyValueSpecification\",\"valueRequired\":true,\"valueName\":\"search_term_string\"}}],\"inLanguage\":\"fr-FR\"},{\"@type\":\"Organization\",\"@id\":\"https:\\\/\\\/www.vetorino.com\\\/boutique\\\/#organization\",\"name\":\"V\u00e9torino\",\"url\":\"https:\\\/\\\/www.vetorino.com\\\/boutique\\\/\",\"logo\":{\"@type\":\"ImageObject\",\"inLanguage\":\"fr-FR\",\"@id\":\"https:\\\/\\\/www.vetorino.com\\\/boutique\\\/#\\\/schema\\\/logo\\\/image\\\/\",\"url\":\"https:\\\/\\\/www.vetorino.com\\\/boutique\\\/wp-content\\\/uploads\\\/2024\\\/10\\\/logo.jpg\",\"contentUrl\":\"https:\\\/\\\/www.vetorino.com\\\/boutique\\\/wp-content\\\/uploads\\\/2024\\\/10\\\/logo.jpg\",\"width\":1200,\"height\":610,\"caption\":\"V\u00e9torino\"},\"image\":{\"@id\":\"https:\\\/\\\/www.vetorino.com\\\/boutique\\\/#\\\/schema\\\/logo\\\/image\\\/\"},\"sameAs\":[\"https:\\\/\\\/www.facebook.com\\\/Vetorino\\\/\",\"https:\\\/\\\/www.instagram.com\\\/vetorino_off\\\/\",\"https:\\\/\\\/www.linkedin.com\\\/company\\\/vtorino\\\/\"]}]}<\/script>\n<meta property=\"product:brand\" content=\"Hill&#039;s\" \/>\n<meta property=\"og:availability\" content=\"instock\" \/>\n<meta property=\"product:availability\" content=\"instock\" \/>\n<meta property=\"product:condition\" content=\"new\" \/>\n<!-- \/ Yoast SEO plugin. -->","yoast_head_json":{"title":"Prescription Diet (Hill's) Metabolic Saumon - chat Hill's - V\u00e9torino","description":"Hill\u2019s PRESCRIPTION DIET Metabolic Weight Management \u2013 Croquettes pour Chat au Saumon est un aliment cliniquement prouv\u00e9 pour aider le chat \u00e0 perdre naturellement du poids et \u00e0 ne pas le reprendre.  Utilisation :\u00a0   Perte de poids  Maintien du poids (tendance \u00e0 l\u2019ob\u00e9sit\u00e9 ou apr\u00e8s une perte de poids)  Diab\u00e8te chez le chat de poids normal, en l\u00e9ger surpoids ou ob\u00e8se  Demander conseil \u00e0 un v\u00e9t\u00e9rinaire avant utilisation.  Nouveau go\u00fbt \u00e0 d\u00e9couvrir ! La recette \u00e9volue pour faire place au saumon. Pendant cette phase de transition, vous pourriez recevoir l'ancien ou le nouveau produit.","robots":{"index":"index","follow":"follow","max-snippet":"max-snippet:-1","max-image-preview":"max-image-preview:large","max-video-preview":"max-video-preview:-1"},"canonical":"https:\/\/www.vetorino.com\/boutique\/product\/feline-metabolic-saumon\/","og_locale":"fr_FR","og_type":"article","og_title":"Prescription Diet (Hill's) Metabolic Saumon - chat Hill's - V\u00e9torino","og_description":"Hill\u2019s PRESCRIPTION DIET Metabolic Weight Management \u2013 Croquettes pour Chat au Saumon est un aliment cliniquement prouv\u00e9 pour aider le chat \u00e0 perdre naturellement du poids et \u00e0 ne pas le reprendre.  Utilisation :\u00a0   Perte de poids  Maintien du poids (tendance \u00e0 l\u2019ob\u00e9sit\u00e9 ou apr\u00e8s une perte de poids)  Diab\u00e8te chez le chat de poids normal, en l\u00e9ger surpoids ou ob\u00e8se  Demander conseil \u00e0 un v\u00e9t\u00e9rinaire avant utilisation.  Nouveau go\u00fbt \u00e0 d\u00e9couvrir ! La recette \u00e9volue pour faire place au saumon. Pendant cette phase de transition, vous pourriez recevoir l'ancien ou le nouveau produit.","og_url":"https:\/\/www.vetorino.com\/boutique\/product\/feline-metabolic-saumon\/","og_site_name":"V\u00e9torino","article_publisher":"https:\/\/www.facebook.com\/Vetorino\/","article_modified_time":"2026-04-01T10:28:10+00:00","og_image":[{"width":900,"height":900,"url":"https:\/\/www.vetorino.com\/boutique\/wp-content\/uploads\/2026\/03\/feline-metabolic-saumon-croquettes-chat2.jpg","type":"image\/jpeg"}],"twitter_card":"summary_large_image","twitter_misc":{"Disponibilit\u00e9":"En stock"},"schema":{"@context":"https:\/\/schema.org","@graph":[{"@type":"WebPage","@id":"https:\/\/www.vetorino.com\/boutique\/product\/feline-metabolic-saumon\/","url":"https:\/\/www.vetorino.com\/boutique\/product\/feline-metabolic-saumon\/","name":"Prescription Diet (Hill's) Metabolic Saumon - chat Hill's - V\u00e9torino","isPartOf":{"@id":"https:\/\/www.vetorino.com\/boutique\/#website"},"primaryImageOfPage":{"@id":"https:\/\/www.vetorino.com\/boutique\/product\/feline-metabolic-saumon\/#primaryimage"},"image":{"@id":"https:\/\/www.vetorino.com\/boutique\/product\/feline-metabolic-saumon\/#primaryimage"},"thumbnailUrl":"https:\/\/www.vetorino.com\/boutique\/wp-content\/uploads\/2026\/03\/feline-metabolic-saumon-croquettes-chat2.jpg","datePublished":"2026-03-29T03:35:03+00:00","dateModified":"2026-04-01T10:28:10+00:00","description":"Hill\u2019s PRESCRIPTION DIET Metabolic Weight Management \u2013 Croquettes pour Chat au Saumon est un aliment cliniquement prouv\u00e9 pour aider le chat \u00e0 perdre naturellement du poids et \u00e0 ne pas le reprendre. Utilisation :\u00a0 Perte de poids Maintien du poids (tendance \u00e0 l\u2019ob\u00e9sit\u00e9 ou apr\u00e8s une perte de poids) Diab\u00e8te chez le chat de poids normal, en l\u00e9ger surpoids ou ob\u00e8se Demander conseil \u00e0 un v\u00e9t\u00e9rinaire avant utilisation. Nouveau go\u00fbt \u00e0 d\u00e9couvrir ! La recette \u00e9volue pour faire place au saumon. Pendant cette phase de transition, vous pourriez recevoir l'ancien ou le nouveau produit.","breadcrumb":{"@id":"https:\/\/www.vetorino.com\/boutique\/product\/feline-metabolic-saumon\/#breadcrumb"},"inLanguage":"fr-FR","potentialAction":[{"@type":"ReadAction","target":["https:\/\/www.vetorino.com\/boutique\/product\/feline-metabolic-saumon\/"]}]},{"@type":"ImageObject","inLanguage":"fr-FR","@id":"https:\/\/www.vetorino.com\/boutique\/product\/feline-metabolic-saumon\/#primaryimage","url":"https:\/\/www.vetorino.com\/boutique\/wp-content\/uploads\/2026\/03\/feline-metabolic-saumon-croquettes-chat2.jpg","contentUrl":"https:\/\/www.vetorino.com\/boutique\/wp-content\/uploads\/2026\/03\/feline-metabolic-saumon-croquettes-chat2.jpg","width":900,"height":900},{"@type":"BreadcrumbList","@id":"https:\/\/www.vetorino.com\/boutique\/product\/feline-metabolic-saumon\/#breadcrumb","itemListElement":[{"@type":"ListItem","position":1,"name":"Accueil","item":"https:\/\/www.vetorino.com\/boutique\/"},{"@type":"ListItem","position":2,"name":"Produits","item":"https:\/\/www.vetorino.com\/boutique\/"},{"@type":"ListItem","position":3,"name":"Metabolic Saumon &#8211; chat"}]},{"@type":"WebSite","@id":"https:\/\/www.vetorino.com\/boutique\/#website","url":"https:\/\/www.vetorino.com\/boutique\/","name":"V\u00e9torino","description":"","publisher":{"@id":"https:\/\/www.vetorino.com\/boutique\/#organization"},"potentialAction":[{"@type":"SearchAction","target":{"@type":"EntryPoint","urlTemplate":"https:\/\/www.vetorino.com\/boutique\/?s={search_term_string}"},"query-input":{"@type":"PropertyValueSpecification","valueRequired":true,"valueName":"search_term_string"}}],"inLanguage":"fr-FR"},{"@type":"Organization","@id":"https:\/\/www.vetorino.com\/boutique\/#organization","name":"V\u00e9torino","url":"https:\/\/www.vetorino.com\/boutique\/","logo":{"@type":"ImageObject","inLanguage":"fr-FR","@id":"https:\/\/www.vetorino.com\/boutique\/#\/schema\/logo\/image\/","url":"https:\/\/www.vetorino.com\/boutique\/wp-content\/uploads\/2024\/10\/logo.jpg","contentUrl":"https:\/\/www.vetorino.com\/boutique\/wp-content\/uploads\/2024\/10\/logo.jpg","width":1200,"height":610,"caption":"V\u00e9torino"},"image":{"@id":"https:\/\/www.vetorino.com\/boutique\/#\/schema\/logo\/image\/"},"sameAs":["https:\/\/www.facebook.com\/Vetorino\/","https:\/\/www.instagram.com\/vetorino_off\/","https:\/\/www.linkedin.com\/company\/vtorino\/"]}]},"product_brand":"Hill's","og_availability":"instock","product_availability":"instock","product_condition":"new"},"_links":{"self":[{"href":"https:\/\/www.vetorino.com\/boutique\/wp-json\/wp\/v2\/product\/1766777","targetHints":{"allow":["GET"]}}],"collection":[{"href":"https:\/\/www.vetorino.com\/boutique\/wp-json\/wp\/v2\/product"}],"about":[{"href":"https:\/\/www.vetorino.com\/boutique\/wp-json\/wp\/v2\/types\/product"}],"wp:featuredmedia":[{"embeddable":true,"href":"https:\/\/www.vetorino.com\/boutique\/wp-json\/wp\/v2\/media\/1770424"}],"wp:attachment":[{"href":"https:\/\/www.vetorino.com\/boutique\/wp-json\/wp\/v2\/media?parent=1766777"}],"wp:term":[{"taxonomy":"product_cat","embeddable":true,"href":"https:\/\/www.vetorino.com\/boutique\/wp-json\/wp\/v2\/product_cat?post=1766777"},{"taxonomy":"product_tag","embeddable":true,"href":"https:\/\/www.vetorino.com\/boutique\/wp-json\/wp\/v2\/product_tag?post=1766777"}],"curies":[{"name":"wp","href":"https:\/\/api.w.org\/{rel}","templated":true}]}}