{"id":187190,"date":"2021-05-31T20:33:41","date_gmt":"2021-05-31T18:33:41","guid":{"rendered":"https:\/\/www.vetorino.com\/boutique\/product\/phytorenal-solution-buvable\/"},"modified":"2023-12-20T16:33:03","modified_gmt":"2023-12-20T15:33:03","slug":"phytorenal-solution-buvable","status":"publish","type":"product","link":"https:\/\/www.vetorino.com\/boutique\/product\/phytorenal-solution-buvable\/","title":{"rendered":"Phytorenal Solution buvable"},"content":{"rendered":"<p>Artichaut : L&#8217;extrait de feuille est diur\u00e9tique et chol\u00e9r\u00e9tique. L&#8217;acide 1,5-dicaf\u00e9ylquinique est responsable d&#8217;une augmentation du d\u00e9bit biliaire et induit une h\u00e9patoprotection vis-\u00e0\u00a0-vis de toxiques (\u00e9thanol, t\u00e9trachlorure de carbone, a-amanitine&#8230;) Les extraits d&#8217;artichaut engendrent une modification du m\u00e9tabolisme lipidique (effet antiath\u00e9rog\u00e8ne) avec diminution des triglyc\u00e9rides et d&#8217;environ 10 \u00e0\u00a0 12% du taux de cholest\u00e9rol total. Enfin, l&#8217;ensemble des substances (flavono\u00efdes notamment) poss\u00e8de un pouvoir antioxydant mis en \u00e9vidence sur des cultures d&#8217;h\u00e9patocytes.<\/p>\n<p>Orthosiphon : L&#8217;extrait est azoturique et diur\u00e9tique. L&#8217;excr\u00e9tion du chlorure de sodium et aussi des ions K<sup>+<\/sup>\u00a0et de l&#8217;ur\u00e9e est augment\u00e9e. Quelques \u00e9tudes cliniques en double aveugle contre placebo ont confirm\u00e9 l&#8217;activit\u00e9 sur la diur\u00e8se. Lors d&#8217;essais biologiques, les orthosiphols A et B se sont r\u00e9v\u00e9l\u00e9s comme de puissants antiphlogistiques et les flavones m\u00e9thoxyl\u00e9es poss\u00e8dent des propri\u00e9t\u00e9s inhibitrices de la 5-lipoxyg\u00e9nase.<\/p>\n<p><strong>Comment utiliser Phytorenal ?<\/strong><\/p>\n<div>\n<p>0,15 ml d&#8217;extrait fluide de lespedeza capitata, 0,18 ml d&#8217;extrait fluide d&#8217;artichaut et 0,12 ml d&#8217;extrait fluide d&#8217;orthosiphon par kg de poids corporel par jour correspondant environ \u00e0\u00a0\u00a0:<\/p>\n<p>Chats : 1\/2 cuiller\u00e9e \u00e0\u00a0 caf\u00e9 2 fois par jour.<\/p>\n<\/div>\n<div>\n<p>Chiens : 1 cuiller\u00e9e \u00e0\u00a0 caf\u00e9 2 fois par jour pour 10 \u00e0\u00a0 20 kg de poids corporel.<\/p>\n<p>Bien agiter le flacon avant usage. De par la nature des composants du m\u00e9dicament (extraits de plantes) un d\u00e9p\u00f4t peut se produire dans le flacon. Cela ne modifie en rien l&#8217;activit\u00e9 et les qualit\u00e9s du produit.<\/p>\n<\/div>\n","protected":false},"excerpt":{"rendered":"<p>Phytorenal est un produit v\u00e9t\u00e9rinaire conseill\u00e9 pour les chiens et les chats qui stimule la fonction h\u00e9pato-r\u00e9nale lors de syndromes hyperazot\u00e9miques.<\/p>\n","protected":false},"featured_media":0,"template":"","meta":[],"product_cat":[2697,2698,12567,12568,12637,12638],"product_tag":[],"class_list":{"0":"post-187190","1":"product","2":"type-product","3":"status-publish","5":"product_cat-chat","6":"product_cat-chien","7":"product_cat-produit-veterinaire-du-chat","8":"product_cat-produit-veterinaire-du-chien","9":"product_cat-systeme-hepatique-du-chat","10":"product_cat-systeme-hepatique-du-chien","11":"pa_marque-vetoquinol","13":"first","14":"outofstock","15":"taxable","16":"shipping-taxable","17":"purchasable","18":"product-type-simple"},"yoast_head":"<!-- This site is optimized with the Yoast SEO plugin v27.3 - https:\/\/yoast.com\/product\/yoast-seo-wordpress\/ -->\n<title>Phytorenal Solution buvable V\u00e9toquinol - V\u00e9torino<\/title>\n<meta name=\"description\" content=\"Phytorenal est un produit v\u00e9t\u00e9rinaire conseill\u00e9 pour les chiens et les chats qui stimule la fonction h\u00e9pato-r\u00e9nale lors de syndromes hyperazot\u00e9miques.\" \/>\n<meta name=\"robots\" content=\"index, follow, max-snippet:-1, max-image-preview:large, max-video-preview:-1\" \/>\n<link rel=\"canonical\" href=\"https:\/\/www.vetorino.com\/boutique\/product\/phytorenal-solution-buvable\/\" \/>\n<meta property=\"og:locale\" content=\"fr_FR\" \/>\n<meta property=\"og:type\" content=\"article\" \/>\n<meta property=\"og:title\" content=\"Phytorenal Solution buvable V\u00e9toquinol - V\u00e9torino\" \/>\n<meta property=\"og:description\" content=\"Phytorenal est un produit v\u00e9t\u00e9rinaire conseill\u00e9 pour les chiens et les chats qui stimule la fonction h\u00e9pato-r\u00e9nale lors de syndromes hyperazot\u00e9miques.\" \/>\n<meta property=\"og:url\" content=\"https:\/\/www.vetorino.com\/boutique\/product\/phytorenal-solution-buvable\/\" \/>\n<meta property=\"og:site_name\" content=\"V\u00e9torino\" \/>\n<meta property=\"article:publisher\" content=\"https:\/\/www.facebook.com\/Vetorino\/\" \/>\n<meta property=\"article:modified_time\" content=\"2023-12-20T15:33:03+00:00\" \/>\n<meta property=\"og:image\" content=\"https:\/\/www.vetorino.com\/boutique\/wp-content\/uploads\/2020\/09\/logo-vetorino-1.png\" \/>\n\t<meta property=\"og:image:width\" content=\"539\" \/>\n\t<meta property=\"og:image:height\" content=\"224\" \/>\n\t<meta property=\"og:image:type\" content=\"image\/png\" \/>\n<meta name=\"twitter:card\" content=\"summary_large_image\" \/>\n<meta name=\"twitter:label1\" content=\"Prix\" \/>\n\t<meta name=\"twitter:data1\" content=\"40,84&euro;\" \/>\n\t<meta name=\"twitter:label2\" content=\"Disponibilit\u00e9\" \/>\n\t<meta name=\"twitter:data2\" content=\"Rupture de stock\" \/>\n<script type=\"application\/ld+json\" class=\"yoast-schema-graph\">{\"@context\":\"https:\\\/\\\/schema.org\",\"@graph\":[{\"@type\":\"WebPage\",\"@id\":\"https:\\\/\\\/www.vetorino.com\\\/boutique\\\/product\\\/phytorenal-solution-buvable\\\/\",\"url\":\"https:\\\/\\\/www.vetorino.com\\\/boutique\\\/product\\\/phytorenal-solution-buvable\\\/\",\"name\":\"Phytorenal Solution buvable V\u00e9toquinol - V\u00e9torino\",\"isPartOf\":{\"@id\":\"https:\\\/\\\/www.vetorino.com\\\/boutique\\\/#website\"},\"datePublished\":\"2021-05-31T18:33:41+00:00\",\"dateModified\":\"2023-12-20T15:33:03+00:00\",\"description\":\"Phytorenal est un produit v\u00e9t\u00e9rinaire conseill\u00e9 pour les chiens et les chats qui stimule la fonction h\u00e9pato-r\u00e9nale lors de syndromes hyperazot\u00e9miques.\",\"breadcrumb\":{\"@id\":\"https:\\\/\\\/www.vetorino.com\\\/boutique\\\/product\\\/phytorenal-solution-buvable\\\/#breadcrumb\"},\"inLanguage\":\"fr-FR\",\"potentialAction\":[{\"@type\":\"ReadAction\",\"target\":[\"https:\\\/\\\/www.vetorino.com\\\/boutique\\\/product\\\/phytorenal-solution-buvable\\\/\"]}]},{\"@type\":\"BreadcrumbList\",\"@id\":\"https:\\\/\\\/www.vetorino.com\\\/boutique\\\/product\\\/phytorenal-solution-buvable\\\/#breadcrumb\",\"itemListElement\":[{\"@type\":\"ListItem\",\"position\":1,\"name\":\"Accueil\",\"item\":\"https:\\\/\\\/www.vetorino.com\\\/boutique\\\/\"},{\"@type\":\"ListItem\",\"position\":2,\"name\":\"Produits\",\"item\":\"https:\\\/\\\/www.vetorino.com\\\/boutique\\\/\"},{\"@type\":\"ListItem\",\"position\":3,\"name\":\"Phytorenal Solution buvable\"}]},{\"@type\":\"WebSite\",\"@id\":\"https:\\\/\\\/www.vetorino.com\\\/boutique\\\/#website\",\"url\":\"https:\\\/\\\/www.vetorino.com\\\/boutique\\\/\",\"name\":\"V\u00e9torino\",\"description\":\"\",\"publisher\":{\"@id\":\"https:\\\/\\\/www.vetorino.com\\\/boutique\\\/#organization\"},\"potentialAction\":[{\"@type\":\"SearchAction\",\"target\":{\"@type\":\"EntryPoint\",\"urlTemplate\":\"https:\\\/\\\/www.vetorino.com\\\/boutique\\\/?s={search_term_string}\"},\"query-input\":{\"@type\":\"PropertyValueSpecification\",\"valueRequired\":true,\"valueName\":\"search_term_string\"}}],\"inLanguage\":\"fr-FR\"},{\"@type\":\"Organization\",\"@id\":\"https:\\\/\\\/www.vetorino.com\\\/boutique\\\/#organization\",\"name\":\"V\u00e9torino\",\"url\":\"https:\\\/\\\/www.vetorino.com\\\/boutique\\\/\",\"logo\":{\"@type\":\"ImageObject\",\"inLanguage\":\"fr-FR\",\"@id\":\"https:\\\/\\\/www.vetorino.com\\\/boutique\\\/#\\\/schema\\\/logo\\\/image\\\/\",\"url\":\"https:\\\/\\\/www.vetorino.com\\\/boutique\\\/wp-content\\\/uploads\\\/2024\\\/10\\\/logo.jpg\",\"contentUrl\":\"https:\\\/\\\/www.vetorino.com\\\/boutique\\\/wp-content\\\/uploads\\\/2024\\\/10\\\/logo.jpg\",\"width\":1200,\"height\":610,\"caption\":\"V\u00e9torino\"},\"image\":{\"@id\":\"https:\\\/\\\/www.vetorino.com\\\/boutique\\\/#\\\/schema\\\/logo\\\/image\\\/\"},\"sameAs\":[\"https:\\\/\\\/www.facebook.com\\\/Vetorino\\\/\",\"https:\\\/\\\/www.instagram.com\\\/vetorino_off\\\/\",\"https:\\\/\\\/www.linkedin.com\\\/company\\\/vtorino\\\/\"]}]}<\/script>\n<meta property=\"product:brand\" content=\"V\u00e9toquinol\" \/>\n<meta property=\"product:price:amount\" content=\"40.84\" \/>\n<meta property=\"product:price:currency\" content=\"EUR\" \/>\n<meta property=\"og:availability\" content=\"out of stock\" \/>\n<meta property=\"product:availability\" content=\"out of stock\" \/>\n<meta property=\"product:retailer_item_id\" content=\"A-6886016\" \/>\n<meta property=\"product:condition\" content=\"new\" \/>\n<!-- \/ Yoast SEO plugin. -->","yoast_head_json":{"title":"Phytorenal Solution buvable V\u00e9toquinol - V\u00e9torino","description":"Phytorenal est un produit v\u00e9t\u00e9rinaire conseill\u00e9 pour les chiens et les chats qui stimule la fonction h\u00e9pato-r\u00e9nale lors de syndromes hyperazot\u00e9miques.","robots":{"index":"index","follow":"follow","max-snippet":"max-snippet:-1","max-image-preview":"max-image-preview:large","max-video-preview":"max-video-preview:-1"},"canonical":"https:\/\/www.vetorino.com\/boutique\/product\/phytorenal-solution-buvable\/","og_locale":"fr_FR","og_type":"article","og_title":"Phytorenal Solution buvable V\u00e9toquinol - V\u00e9torino","og_description":"Phytorenal est un produit v\u00e9t\u00e9rinaire conseill\u00e9 pour les chiens et les chats qui stimule la fonction h\u00e9pato-r\u00e9nale lors de syndromes hyperazot\u00e9miques.","og_url":"https:\/\/www.vetorino.com\/boutique\/product\/phytorenal-solution-buvable\/","og_site_name":"V\u00e9torino","article_publisher":"https:\/\/www.facebook.com\/Vetorino\/","article_modified_time":"2023-12-20T15:33:03+00:00","og_image":[{"width":539,"height":224,"url":"https:\/\/www.vetorino.com\/boutique\/wp-content\/uploads\/2020\/09\/logo-vetorino-1.png","type":"image\/png"}],"twitter_card":"summary_large_image","twitter_misc":{"Prix":"40,84&euro;","Disponibilit\u00e9":"Rupture de stock"},"schema":{"@context":"https:\/\/schema.org","@graph":[{"@type":"WebPage","@id":"https:\/\/www.vetorino.com\/boutique\/product\/phytorenal-solution-buvable\/","url":"https:\/\/www.vetorino.com\/boutique\/product\/phytorenal-solution-buvable\/","name":"Phytorenal Solution buvable V\u00e9toquinol - V\u00e9torino","isPartOf":{"@id":"https:\/\/www.vetorino.com\/boutique\/#website"},"datePublished":"2021-05-31T18:33:41+00:00","dateModified":"2023-12-20T15:33:03+00:00","description":"Phytorenal est un produit v\u00e9t\u00e9rinaire conseill\u00e9 pour les chiens et les chats qui stimule la fonction h\u00e9pato-r\u00e9nale lors de syndromes hyperazot\u00e9miques.","breadcrumb":{"@id":"https:\/\/www.vetorino.com\/boutique\/product\/phytorenal-solution-buvable\/#breadcrumb"},"inLanguage":"fr-FR","potentialAction":[{"@type":"ReadAction","target":["https:\/\/www.vetorino.com\/boutique\/product\/phytorenal-solution-buvable\/"]}]},{"@type":"BreadcrumbList","@id":"https:\/\/www.vetorino.com\/boutique\/product\/phytorenal-solution-buvable\/#breadcrumb","itemListElement":[{"@type":"ListItem","position":1,"name":"Accueil","item":"https:\/\/www.vetorino.com\/boutique\/"},{"@type":"ListItem","position":2,"name":"Produits","item":"https:\/\/www.vetorino.com\/boutique\/"},{"@type":"ListItem","position":3,"name":"Phytorenal Solution buvable"}]},{"@type":"WebSite","@id":"https:\/\/www.vetorino.com\/boutique\/#website","url":"https:\/\/www.vetorino.com\/boutique\/","name":"V\u00e9torino","description":"","publisher":{"@id":"https:\/\/www.vetorino.com\/boutique\/#organization"},"potentialAction":[{"@type":"SearchAction","target":{"@type":"EntryPoint","urlTemplate":"https:\/\/www.vetorino.com\/boutique\/?s={search_term_string}"},"query-input":{"@type":"PropertyValueSpecification","valueRequired":true,"valueName":"search_term_string"}}],"inLanguage":"fr-FR"},{"@type":"Organization","@id":"https:\/\/www.vetorino.com\/boutique\/#organization","name":"V\u00e9torino","url":"https:\/\/www.vetorino.com\/boutique\/","logo":{"@type":"ImageObject","inLanguage":"fr-FR","@id":"https:\/\/www.vetorino.com\/boutique\/#\/schema\/logo\/image\/","url":"https:\/\/www.vetorino.com\/boutique\/wp-content\/uploads\/2024\/10\/logo.jpg","contentUrl":"https:\/\/www.vetorino.com\/boutique\/wp-content\/uploads\/2024\/10\/logo.jpg","width":1200,"height":610,"caption":"V\u00e9torino"},"image":{"@id":"https:\/\/www.vetorino.com\/boutique\/#\/schema\/logo\/image\/"},"sameAs":["https:\/\/www.facebook.com\/Vetorino\/","https:\/\/www.instagram.com\/vetorino_off\/","https:\/\/www.linkedin.com\/company\/vtorino\/"]}]},"product_brand":"V\u00e9toquinol","product_price_amount":"40.84","product_price_currency":"EUR","og_availability":"out of stock","product_availability":"out of stock","product_retailer_item_id":"A-6886016","product_condition":"new"},"_links":{"self":[{"href":"https:\/\/www.vetorino.com\/boutique\/wp-json\/wp\/v2\/product\/187190","targetHints":{"allow":["GET"]}}],"collection":[{"href":"https:\/\/www.vetorino.com\/boutique\/wp-json\/wp\/v2\/product"}],"about":[{"href":"https:\/\/www.vetorino.com\/boutique\/wp-json\/wp\/v2\/types\/product"}],"wp:attachment":[{"href":"https:\/\/www.vetorino.com\/boutique\/wp-json\/wp\/v2\/media?parent=187190"}],"wp:term":[{"taxonomy":"product_cat","embeddable":true,"href":"https:\/\/www.vetorino.com\/boutique\/wp-json\/wp\/v2\/product_cat?post=187190"},{"taxonomy":"product_tag","embeddable":true,"href":"https:\/\/www.vetorino.com\/boutique\/wp-json\/wp\/v2\/product_tag?post=187190"}],"curies":[{"name":"wp","href":"https:\/\/api.w.org\/{rel}","templated":true}]}}