{"id":307681,"date":"2022-03-25T05:36:03","date_gmt":"2022-03-25T04:36:03","guid":{"rendered":"https:\/\/www.vetorino.com\/boutique\/product\/veterinary-hpm-cat-adult-neutered-salmon-bouchees-sach-repas-2\/"},"modified":"2025-04-01T17:12:14","modified_gmt":"2025-04-01T15:12:14","slug":"veterinary-hpm-cat-adult-neutered-salmon-bouchees-sach-repas-2","status":"publish","type":"product","link":"https:\/\/www.vetorino.com\/boutique\/product\/veterinary-hpm-cat-adult-neutered-salmon-bouchees-sach-repas-2\/","title":{"rendered":"Adult Neutered Cat Saumon en Sauce"},"content":{"rendered":"<p><strong>VIRBAC Adult Neutered Cat Saumon en Sauce est aliment complet sous forme de sachets fra\u00eecheurs en bouch\u00e9es adapt\u00e9 au chat adulte st\u00e9rilis\u00e9, pr\u00e9dispos\u00e9 aux risques de surpoids et d&#8217;affections du bas appareil urinaire.<\/strong><\/p>\n<p><strong>Utilisation :\u00a0<\/strong><\/p>\n<ul>\n<li>Chat adulte st\u00e9rilis\u00e9 \u00e0 partir de l\u2019\u00e2ge de 1 an.<\/li>\n<\/ul>\n<p><strong><br \/>\nBienfaits essentiels :<\/strong><\/p>\n<ul>\n<li><strong>Poids optimal :<\/strong><strong>\u00a0<\/strong>Le faible apport \u00e9nerg\u00e9tique et l\u2019\u00e9quilibre\u00a0\u00e9nerg\u00e9tique (prot\u00e9ines \/ mati\u00e8res grasses\u00a0\/ glucides) limitent l\u2019apport calorique. La\u00a0teneur \u00e9lev\u00e9e en eau aide \u00e0 la sensation de sati\u00e9t\u00e9.<\/li>\n<li><b>Soutien de l&#8217;hydratation\u00a0:\u00a0<\/b>Le taux \u00e9lev\u00e9 d\u2019humidit\u00e9 de l\u2019aliment augmente naturellement l\u2019apport total en eau (eau de l\u2019alimentation et eau de boisson) une hydratation de l\u2019organisme optimale de l\u2019organisme optimal.<\/li>\n<li><b>Sant\u00e9 urinaire favoris\u00e9e :\u00a0<\/b>L\u2019augmentation de l\u2019apport en eau aide \u00e0 augmenter le volume et la dilution urinaire. La richesse en prot\u00e9ines animales aide \u00e0 stabiliser le pH urinaire pour une bonne sant\u00e9 urinaire.<\/li>\n<\/ul>\n<ul>\n<li><strong>Haute tol\u00e9rance digestive :<\/strong>\u00a0La s\u00e9lection rigoureuse de mati\u00e8res premi\u00e8res de haute qualit\u00e9 et la majorit\u00e9 d\u2019ingr\u00e9dients animaux permettent de respecter la nature carnivore et la sensibilit\u00e9 digestive des chats.<\/li>\n<\/ul>\n<ul>\n<li><strong>App\u00e9tence \u00e9lev\u00e9e :\u00a0<\/strong>\u00a0La richesse en ingr\u00e9dients animaux (87 %) et la r\u00e9partition des macronutriments (riche en prot\u00e9ines \u2013 tr\u00e8s pauvre en glucides) respectent la pr\u00e9f\u00e9rence naturelle des chats.<\/li>\n<\/ul>\n<p><strong><br \/>\nAliment fabriqu\u00e9 en France :<\/strong><\/p>\n<p>C\u2019est dans le sud de la France, au sein de Virbac Nutrition \u00e0 Vauvert (Camargue), que la gamme est produite et conditionn\u00e9e.<br \/>\nLes aliments sont issus d\u2019une expertise d\u00e9di\u00e9e \u00e0 la nutrition pour chiens et chats afin de r\u00e9pondre aux exigences des propri\u00e9taires en mati\u00e8re de qualit\u00e9, tra\u00e7abilit\u00e9 et s\u00e9curit\u00e9 alimentaire.<\/p>\n","protected":false},"excerpt":{"rendered":"<p><strong>VIRBAC Adult Neutered Cat Saumon en Sauce est aliment complet sous forme de sachets fra\u00eecheurs en bouch\u00e9es adapt\u00e9 au chat adulte st\u00e9rilis\u00e9, pr\u00e9dispos\u00e9 aux risques de surpoids et d&#8217;affections du bas appareil urinaire.<br \/>\n<\/strong><\/p>\n<p><strong>Utilisation :\u00a0<\/strong><\/p>\n<ul>\n<li>Chat adulte st\u00e9rilis\u00e9 \u00e0 partir de l\u2019\u00e2ge de 1 an.<\/li>\n<\/ul>\n<p><span style=\"color: #ff6600\"><strong>Du 17 mars au 18 juillet 2025, 5\u20ac rembours\u00e9s sur la gamme Veterinary HPM\u00ae Digestive Support Wet, pour plus d\u2019informations\u00a0<a style=\"color: #ff6600\" href=\"https:\/\/www.vetorino.com\/boutique\/wp-content\/uploads\/2025\/03\/Modalites-ODR-HPM-Wet_2025.pdf?swcfpc=1\" target=\"_blank\" rel=\"noopener\">cliquez ici<\/a>.\u00a0<\/strong><\/span><\/p>\n","protected":false},"featured_media":307568,"template":"","meta":[],"product_cat":[12551,12583,2697],"product_tag":[],"class_list":{"0":"post-307681","1":"product","2":"type-product","3":"status-publish","4":"has-post-thumbnail","6":"product_cat-alimentation-du-chat","7":"product_cat-alimentation-premium-pour-chat","8":"product_cat-chat","9":"pa_marque-virbac","11":"first","12":"outofstock","13":"taxable","14":"shipping-taxable","15":"purchasable","16":"product-type-simple"},"yoast_head":"<!-- This site is optimized with the Yoast SEO plugin v27.3 - https:\/\/yoast.com\/product\/yoast-seo-wordpress\/ -->\n<title>Veterinary HPM (Virbac) Adult Neutered Cat Saumon en Sauce Virbac - V\u00e9torino<\/title>\n<meta name=\"description\" content=\"VIRBAC Adult Neutered Cat Saumon en Sauce est aliment complet sous forme de sachets fra\u00eecheurs en bouch\u00e9es adapt\u00e9 au chat adulte st\u00e9rilis\u00e9, pr\u00e9dispos\u00e9 aux risques de surpoids et d&#039;affections du bas appareil urinaire.   Utilisation :\u00a0   Chat adulte st\u00e9rilis\u00e9 \u00e0 partir de l\u2019\u00e2ge de 1 an.  Du 17 mars au 18 juillet 2025, 5\u20ac rembours\u00e9s sur la gamme Veterinary HPM\u00ae Digestive Support Wet, pour plus d\u2019informations\u00a0cliquez ici.\u00a0\" \/>\n<meta name=\"robots\" content=\"index, follow, max-snippet:-1, max-image-preview:large, max-video-preview:-1\" \/>\n<link rel=\"canonical\" href=\"https:\/\/www.vetorino.com\/boutique\/product\/veterinary-hpm-cat-adult-neutered-salmon-bouchees-sach-repas-2\/\" \/>\n<meta property=\"og:locale\" content=\"fr_FR\" \/>\n<meta property=\"og:type\" content=\"article\" \/>\n<meta property=\"og:title\" content=\"Veterinary HPM (Virbac) Adult Neutered Cat Saumon en Sauce Virbac - V\u00e9torino\" \/>\n<meta property=\"og:description\" content=\"VIRBAC Adult Neutered Cat Saumon en Sauce est aliment complet sous forme de sachets fra\u00eecheurs en bouch\u00e9es adapt\u00e9 au chat adulte st\u00e9rilis\u00e9, pr\u00e9dispos\u00e9 aux risques de surpoids et d&#039;affections du bas appareil urinaire.   Utilisation :\u00a0   Chat adulte st\u00e9rilis\u00e9 \u00e0 partir de l\u2019\u00e2ge de 1 an.  Du 17 mars au 18 juillet 2025, 5\u20ac rembours\u00e9s sur la gamme Veterinary HPM\u00ae Digestive Support Wet, pour plus d\u2019informations\u00a0cliquez ici.\u00a0\" \/>\n<meta property=\"og:url\" content=\"https:\/\/www.vetorino.com\/boutique\/product\/veterinary-hpm-cat-adult-neutered-salmon-bouchees-sach-repas-2\/\" \/>\n<meta property=\"og:site_name\" content=\"V\u00e9torino\" \/>\n<meta property=\"article:publisher\" content=\"https:\/\/www.facebook.com\/Vetorino\/\" \/>\n<meta property=\"article:modified_time\" content=\"2025-04-01T15:12:14+00:00\" \/>\n<meta property=\"og:image\" content=\"https:\/\/www.vetorino.com\/boutique\/wp-content\/uploads\/2022\/03\/adult-neutered-cat-saumon-en-sauce1.jpeg\" \/>\n\t<meta property=\"og:image:width\" content=\"540\" \/>\n\t<meta property=\"og:image:height\" content=\"540\" \/>\n\t<meta property=\"og:image:type\" content=\"image\/jpeg\" \/>\n<meta name=\"twitter:card\" content=\"summary_large_image\" \/>\n<meta name=\"twitter:label1\" content=\"Prix\" \/>\n\t<meta name=\"twitter:data1\" content=\"16,34&euro;\" \/>\n\t<meta name=\"twitter:label2\" content=\"Disponibilit\u00e9\" \/>\n\t<meta name=\"twitter:data2\" content=\"Rupture de stock\" \/>\n<script type=\"application\/ld+json\" class=\"yoast-schema-graph\">{\"@context\":\"https:\\\/\\\/schema.org\",\"@graph\":[{\"@type\":\"WebPage\",\"@id\":\"https:\\\/\\\/www.vetorino.com\\\/veterinaire\\\/pontarlier-25300\\\/boutique\\\/product\\\/veterinary-hpm-cat-adult-neutered-salmon-bouchees-sach-repas-2\\\/\",\"url\":\"https:\\\/\\\/www.vetorino.com\\\/veterinaire\\\/pontarlier-25300\\\/boutique\\\/product\\\/veterinary-hpm-cat-adult-neutered-salmon-bouchees-sach-repas-2\\\/\",\"name\":\"Veterinary HPM (Virbac) Adult Neutered Cat Saumon en Sauce Virbac - V\u00e9torino\",\"isPartOf\":{\"@id\":\"https:\\\/\\\/www.vetorino.com\\\/boutique\\\/#website\"},\"primaryImageOfPage\":{\"@id\":\"https:\\\/\\\/www.vetorino.com\\\/veterinaire\\\/pontarlier-25300\\\/boutique\\\/product\\\/veterinary-hpm-cat-adult-neutered-salmon-bouchees-sach-repas-2\\\/#primaryimage\"},\"image\":{\"@id\":\"https:\\\/\\\/www.vetorino.com\\\/veterinaire\\\/pontarlier-25300\\\/boutique\\\/product\\\/veterinary-hpm-cat-adult-neutered-salmon-bouchees-sach-repas-2\\\/#primaryimage\"},\"thumbnailUrl\":\"https:\\\/\\\/www.vetorino.com\\\/boutique\\\/wp-content\\\/uploads\\\/2022\\\/03\\\/adult-neutered-cat-saumon-en-sauce1.jpeg\",\"datePublished\":\"2022-03-25T04:36:03+00:00\",\"dateModified\":\"2025-04-01T15:12:14+00:00\",\"description\":\"VIRBAC Adult Neutered Cat Saumon en Sauce est aliment complet sous forme de sachets fra\u00eecheurs en bouch\u00e9es adapt\u00e9 au chat adulte st\u00e9rilis\u00e9, pr\u00e9dispos\u00e9 aux risques de surpoids et d'affections du bas appareil urinaire. Utilisation :\u00a0 Chat adulte st\u00e9rilis\u00e9 \u00e0 partir de l\u2019\u00e2ge de 1 an. Du 17 mars au 18 juillet 2025, 5\u20ac rembours\u00e9s sur la gamme Veterinary HPM\u00ae Digestive Support Wet, pour plus d\u2019informations\u00a0cliquez ici.\u00a0\",\"breadcrumb\":{\"@id\":\"https:\\\/\\\/www.vetorino.com\\\/veterinaire\\\/pontarlier-25300\\\/boutique\\\/product\\\/veterinary-hpm-cat-adult-neutered-salmon-bouchees-sach-repas-2\\\/#breadcrumb\"},\"inLanguage\":\"fr-FR\",\"potentialAction\":[{\"@type\":\"ReadAction\",\"target\":[\"https:\\\/\\\/www.vetorino.com\\\/veterinaire\\\/pontarlier-25300\\\/boutique\\\/product\\\/veterinary-hpm-cat-adult-neutered-salmon-bouchees-sach-repas-2\\\/\"]}]},{\"@type\":\"ImageObject\",\"inLanguage\":\"fr-FR\",\"@id\":\"https:\\\/\\\/www.vetorino.com\\\/veterinaire\\\/pontarlier-25300\\\/boutique\\\/product\\\/veterinary-hpm-cat-adult-neutered-salmon-bouchees-sach-repas-2\\\/#primaryimage\",\"url\":\"https:\\\/\\\/www.vetorino.com\\\/boutique\\\/wp-content\\\/uploads\\\/2022\\\/03\\\/adult-neutered-cat-saumon-en-sauce1.jpeg\",\"contentUrl\":\"https:\\\/\\\/www.vetorino.com\\\/boutique\\\/wp-content\\\/uploads\\\/2022\\\/03\\\/adult-neutered-cat-saumon-en-sauce1.jpeg\",\"width\":540,\"height\":540},{\"@type\":\"BreadcrumbList\",\"@id\":\"https:\\\/\\\/www.vetorino.com\\\/veterinaire\\\/pontarlier-25300\\\/boutique\\\/product\\\/veterinary-hpm-cat-adult-neutered-salmon-bouchees-sach-repas-2\\\/#breadcrumb\",\"itemListElement\":[{\"@type\":\"ListItem\",\"position\":1,\"name\":\"Accueil\",\"item\":\"https:\\\/\\\/www.vetorino.com\\\/boutique\\\/\"},{\"@type\":\"ListItem\",\"position\":2,\"name\":\"Produits\",\"item\":\"https:\\\/\\\/www.vetorino.com\\\/boutique\\\/\"},{\"@type\":\"ListItem\",\"position\":3,\"name\":\"Adult Neutered Cat Saumon en Sauce\"}]},{\"@type\":\"WebSite\",\"@id\":\"https:\\\/\\\/www.vetorino.com\\\/boutique\\\/#website\",\"url\":\"https:\\\/\\\/www.vetorino.com\\\/boutique\\\/\",\"name\":\"V\u00e9torino\",\"description\":\"\",\"publisher\":{\"@id\":\"https:\\\/\\\/www.vetorino.com\\\/boutique\\\/#organization\"},\"potentialAction\":[{\"@type\":\"SearchAction\",\"target\":{\"@type\":\"EntryPoint\",\"urlTemplate\":\"https:\\\/\\\/www.vetorino.com\\\/boutique\\\/?s={search_term_string}\"},\"query-input\":{\"@type\":\"PropertyValueSpecification\",\"valueRequired\":true,\"valueName\":\"search_term_string\"}}],\"inLanguage\":\"fr-FR\"},{\"@type\":\"Organization\",\"@id\":\"https:\\\/\\\/www.vetorino.com\\\/boutique\\\/#organization\",\"name\":\"V\u00e9torino\",\"url\":\"https:\\\/\\\/www.vetorino.com\\\/boutique\\\/\",\"logo\":{\"@type\":\"ImageObject\",\"inLanguage\":\"fr-FR\",\"@id\":\"https:\\\/\\\/www.vetorino.com\\\/boutique\\\/#\\\/schema\\\/logo\\\/image\\\/\",\"url\":\"https:\\\/\\\/www.vetorino.com\\\/boutique\\\/wp-content\\\/uploads\\\/2024\\\/10\\\/logo.jpg\",\"contentUrl\":\"https:\\\/\\\/www.vetorino.com\\\/boutique\\\/wp-content\\\/uploads\\\/2024\\\/10\\\/logo.jpg\",\"width\":1200,\"height\":610,\"caption\":\"V\u00e9torino\"},\"image\":{\"@id\":\"https:\\\/\\\/www.vetorino.com\\\/boutique\\\/#\\\/schema\\\/logo\\\/image\\\/\"},\"sameAs\":[\"https:\\\/\\\/www.facebook.com\\\/Vetorino\\\/\",\"https:\\\/\\\/www.instagram.com\\\/vetorino_off\\\/\",\"https:\\\/\\\/www.linkedin.com\\\/company\\\/vtorino\\\/\"]}]}<\/script>\n<meta property=\"product:brand\" content=\"Virbac\" \/>\n<meta property=\"product:price:amount\" content=\"16.34\" \/>\n<meta property=\"product:price:currency\" content=\"EUR\" \/>\n<meta property=\"og:availability\" content=\"out of stock\" \/>\n<meta property=\"product:availability\" content=\"out of stock\" \/>\n<meta property=\"product:retailer_item_id\" content=\"O-15101\" \/>\n<meta property=\"product:condition\" content=\"new\" \/>\n<!-- \/ Yoast SEO plugin. -->","yoast_head_json":{"title":"Veterinary HPM (Virbac) Adult Neutered Cat Saumon en Sauce Virbac - V\u00e9torino","description":"VIRBAC Adult Neutered Cat Saumon en Sauce est aliment complet sous forme de sachets fra\u00eecheurs en bouch\u00e9es adapt\u00e9 au chat adulte st\u00e9rilis\u00e9, pr\u00e9dispos\u00e9 aux risques de surpoids et d'affections du bas appareil urinaire.   Utilisation :\u00a0   Chat adulte st\u00e9rilis\u00e9 \u00e0 partir de l\u2019\u00e2ge de 1 an.  Du 17 mars au 18 juillet 2025, 5\u20ac rembours\u00e9s sur la gamme Veterinary HPM\u00ae Digestive Support Wet, pour plus d\u2019informations\u00a0cliquez ici.\u00a0","robots":{"index":"index","follow":"follow","max-snippet":"max-snippet:-1","max-image-preview":"max-image-preview:large","max-video-preview":"max-video-preview:-1"},"canonical":"https:\/\/www.vetorino.com\/boutique\/product\/veterinary-hpm-cat-adult-neutered-salmon-bouchees-sach-repas-2\/","og_locale":"fr_FR","og_type":"article","og_title":"Veterinary HPM (Virbac) Adult Neutered Cat Saumon en Sauce Virbac - V\u00e9torino","og_description":"VIRBAC Adult Neutered Cat Saumon en Sauce est aliment complet sous forme de sachets fra\u00eecheurs en bouch\u00e9es adapt\u00e9 au chat adulte st\u00e9rilis\u00e9, pr\u00e9dispos\u00e9 aux risques de surpoids et d'affections du bas appareil urinaire.   Utilisation :\u00a0   Chat adulte st\u00e9rilis\u00e9 \u00e0 partir de l\u2019\u00e2ge de 1 an.  Du 17 mars au 18 juillet 2025, 5\u20ac rembours\u00e9s sur la gamme Veterinary HPM\u00ae Digestive Support Wet, pour plus d\u2019informations\u00a0cliquez ici.\u00a0","og_url":"https:\/\/www.vetorino.com\/boutique\/product\/veterinary-hpm-cat-adult-neutered-salmon-bouchees-sach-repas-2\/","og_site_name":"V\u00e9torino","article_publisher":"https:\/\/www.facebook.com\/Vetorino\/","article_modified_time":"2025-04-01T15:12:14+00:00","og_image":[{"width":540,"height":540,"url":"https:\/\/www.vetorino.com\/boutique\/wp-content\/uploads\/2022\/03\/adult-neutered-cat-saumon-en-sauce1.jpeg","type":"image\/jpeg"}],"twitter_card":"summary_large_image","twitter_misc":{"Prix":"16,34&euro;","Disponibilit\u00e9":"Rupture de stock"},"schema":{"@context":"https:\/\/schema.org","@graph":[{"@type":"WebPage","@id":"https:\/\/www.vetorino.com\/veterinaire\/pontarlier-25300\/boutique\/product\/veterinary-hpm-cat-adult-neutered-salmon-bouchees-sach-repas-2\/","url":"https:\/\/www.vetorino.com\/veterinaire\/pontarlier-25300\/boutique\/product\/veterinary-hpm-cat-adult-neutered-salmon-bouchees-sach-repas-2\/","name":"Veterinary HPM (Virbac) Adult Neutered Cat Saumon en Sauce Virbac - V\u00e9torino","isPartOf":{"@id":"https:\/\/www.vetorino.com\/boutique\/#website"},"primaryImageOfPage":{"@id":"https:\/\/www.vetorino.com\/veterinaire\/pontarlier-25300\/boutique\/product\/veterinary-hpm-cat-adult-neutered-salmon-bouchees-sach-repas-2\/#primaryimage"},"image":{"@id":"https:\/\/www.vetorino.com\/veterinaire\/pontarlier-25300\/boutique\/product\/veterinary-hpm-cat-adult-neutered-salmon-bouchees-sach-repas-2\/#primaryimage"},"thumbnailUrl":"https:\/\/www.vetorino.com\/boutique\/wp-content\/uploads\/2022\/03\/adult-neutered-cat-saumon-en-sauce1.jpeg","datePublished":"2022-03-25T04:36:03+00:00","dateModified":"2025-04-01T15:12:14+00:00","description":"VIRBAC Adult Neutered Cat Saumon en Sauce est aliment complet sous forme de sachets fra\u00eecheurs en bouch\u00e9es adapt\u00e9 au chat adulte st\u00e9rilis\u00e9, pr\u00e9dispos\u00e9 aux risques de surpoids et d'affections du bas appareil urinaire. Utilisation :\u00a0 Chat adulte st\u00e9rilis\u00e9 \u00e0 partir de l\u2019\u00e2ge de 1 an. Du 17 mars au 18 juillet 2025, 5\u20ac rembours\u00e9s sur la gamme Veterinary HPM\u00ae Digestive Support Wet, pour plus d\u2019informations\u00a0cliquez ici.\u00a0","breadcrumb":{"@id":"https:\/\/www.vetorino.com\/veterinaire\/pontarlier-25300\/boutique\/product\/veterinary-hpm-cat-adult-neutered-salmon-bouchees-sach-repas-2\/#breadcrumb"},"inLanguage":"fr-FR","potentialAction":[{"@type":"ReadAction","target":["https:\/\/www.vetorino.com\/veterinaire\/pontarlier-25300\/boutique\/product\/veterinary-hpm-cat-adult-neutered-salmon-bouchees-sach-repas-2\/"]}]},{"@type":"ImageObject","inLanguage":"fr-FR","@id":"https:\/\/www.vetorino.com\/veterinaire\/pontarlier-25300\/boutique\/product\/veterinary-hpm-cat-adult-neutered-salmon-bouchees-sach-repas-2\/#primaryimage","url":"https:\/\/www.vetorino.com\/boutique\/wp-content\/uploads\/2022\/03\/adult-neutered-cat-saumon-en-sauce1.jpeg","contentUrl":"https:\/\/www.vetorino.com\/boutique\/wp-content\/uploads\/2022\/03\/adult-neutered-cat-saumon-en-sauce1.jpeg","width":540,"height":540},{"@type":"BreadcrumbList","@id":"https:\/\/www.vetorino.com\/veterinaire\/pontarlier-25300\/boutique\/product\/veterinary-hpm-cat-adult-neutered-salmon-bouchees-sach-repas-2\/#breadcrumb","itemListElement":[{"@type":"ListItem","position":1,"name":"Accueil","item":"https:\/\/www.vetorino.com\/boutique\/"},{"@type":"ListItem","position":2,"name":"Produits","item":"https:\/\/www.vetorino.com\/boutique\/"},{"@type":"ListItem","position":3,"name":"Adult Neutered Cat Saumon en Sauce"}]},{"@type":"WebSite","@id":"https:\/\/www.vetorino.com\/boutique\/#website","url":"https:\/\/www.vetorino.com\/boutique\/","name":"V\u00e9torino","description":"","publisher":{"@id":"https:\/\/www.vetorino.com\/boutique\/#organization"},"potentialAction":[{"@type":"SearchAction","target":{"@type":"EntryPoint","urlTemplate":"https:\/\/www.vetorino.com\/boutique\/?s={search_term_string}"},"query-input":{"@type":"PropertyValueSpecification","valueRequired":true,"valueName":"search_term_string"}}],"inLanguage":"fr-FR"},{"@type":"Organization","@id":"https:\/\/www.vetorino.com\/boutique\/#organization","name":"V\u00e9torino","url":"https:\/\/www.vetorino.com\/boutique\/","logo":{"@type":"ImageObject","inLanguage":"fr-FR","@id":"https:\/\/www.vetorino.com\/boutique\/#\/schema\/logo\/image\/","url":"https:\/\/www.vetorino.com\/boutique\/wp-content\/uploads\/2024\/10\/logo.jpg","contentUrl":"https:\/\/www.vetorino.com\/boutique\/wp-content\/uploads\/2024\/10\/logo.jpg","width":1200,"height":610,"caption":"V\u00e9torino"},"image":{"@id":"https:\/\/www.vetorino.com\/boutique\/#\/schema\/logo\/image\/"},"sameAs":["https:\/\/www.facebook.com\/Vetorino\/","https:\/\/www.instagram.com\/vetorino_off\/","https:\/\/www.linkedin.com\/company\/vtorino\/"]}]},"product_brand":"Virbac","product_price_amount":"16.34","product_price_currency":"EUR","og_availability":"out of stock","product_availability":"out of stock","product_retailer_item_id":"O-15101","product_condition":"new"},"_links":{"self":[{"href":"https:\/\/www.vetorino.com\/boutique\/wp-json\/wp\/v2\/product\/307681","targetHints":{"allow":["GET"]}}],"collection":[{"href":"https:\/\/www.vetorino.com\/boutique\/wp-json\/wp\/v2\/product"}],"about":[{"href":"https:\/\/www.vetorino.com\/boutique\/wp-json\/wp\/v2\/types\/product"}],"wp:featuredmedia":[{"embeddable":true,"href":"https:\/\/www.vetorino.com\/boutique\/wp-json\/wp\/v2\/media\/307568"}],"wp:attachment":[{"href":"https:\/\/www.vetorino.com\/boutique\/wp-json\/wp\/v2\/media?parent=307681"}],"wp:term":[{"taxonomy":"product_cat","embeddable":true,"href":"https:\/\/www.vetorino.com\/boutique\/wp-json\/wp\/v2\/product_cat?post=307681"},{"taxonomy":"product_tag","embeddable":true,"href":"https:\/\/www.vetorino.com\/boutique\/wp-json\/wp\/v2\/product_tag?post=307681"}],"curies":[{"name":"wp","href":"https:\/\/api.w.org\/{rel}","templated":true}]}}