{"id":32887,"date":"2020-03-04T21:51:09","date_gmt":"2020-03-04T20:51:09","guid":{"rendered":"https:\/\/www.vetorino.com\/boutique\/product\/proplan-dog-expert-care-puppy-agneau\/"},"modified":"2023-03-02T17:21:39","modified_gmt":"2023-03-02T16:21:39","slug":"proplan-dog-expert-care-puppy-agneau","status":"publish","type":"product","link":"https:\/\/www.vetorino.com\/boutique\/product\/proplan-dog-expert-care-puppy-agneau\/","title":{"rendered":"Dog Expert Care Puppy agneau"},"content":{"rendered":"<p>Les croquettes <strong>Proplan dog expert Care Puppy <\/strong>sont compl\u00e8tes et \u00e9quilibr\u00e9es adapt\u00e9es aux chiots de races moyennes \u00e0 grandes.<\/p>\n<p><strong>Utilisation :<\/strong><\/p>\n<ul>\n<li>Chiot\u00a0dont la taille adulte est de plus de 10 kg<\/li>\n<\/ul>\n","protected":false},"excerpt":{"rendered":"<p><strong>Croquettes compl\u00e8tes et \u00e9quilibr\u00e9es adapt\u00e9es aux chiots de races moyennes \u00e0 grandes.<\/strong><\/p>\n<p><strong>Utilisation :<\/strong><\/p>\n<ul>\n<li>Chiot\u00a0dont la taille adulte est de plus de 10 kg<\/li>\n<\/ul>\n<p>&nbsp;<\/p>\n<ul>\n<li>Contribue \u00e0 une\u00a0<strong>r\u00e9ponse immunitaire<\/strong>\u00a0locale et syst\u00e9mique efficace.<\/li>\n<li>Am\u00e9liore la diversit\u00e9 et la stabilit\u00e9 du\u00a0<strong>microbiote intestinal<\/strong>.<\/li>\n<li>Contient des huiles de poisson, source de DHA, essentiel pur le bon d\u00e9veloppement du<strong>\u00a0cerveau et de la vue<\/strong>.<\/li>\n<li>Contient des pr\u00e9biotiques scientifiquement prouv\u00e9s pour augmenter le nombre de bifidobact\u00e9ries, pour un meilleur \u00e9quilibre de la microflore intestinale.<\/li>\n<li>Aide \u00e0 maintenir une\u00a0<strong>bonne consistance des selles<\/strong>\u00a0pendant la p\u00e9riode de sevrage.<\/li>\n<\/ul>\n","protected":false},"featured_media":296632,"template":"","meta":[],"product_cat":[12552,12584,2698],"product_tag":[],"class_list":{"0":"post-32887","1":"product","2":"type-product","3":"status-publish","4":"has-post-thumbnail","6":"product_cat-alimentation-du-chien","7":"product_cat-alimentation-premium-pour-chien","8":"product_cat-chien","9":"pa_marque-purina","11":"first","12":"instock","13":"taxable","14":"shipping-taxable","15":"purchasable","16":"product-type-variable"},"yoast_head":"<!-- This site is optimized with the Yoast SEO plugin v27.3 - https:\/\/yoast.com\/product\/yoast-seo-wordpress\/ -->\n<title>Dog Expert Care Puppy agneau Purina Pro Plan - V\u00e9torino<\/title>\n<meta name=\"description\" content=\"Croquettes compl\u00e8tes et \u00e9quilibr\u00e9es adapt\u00e9es aux chiots de races moyennes \u00e0 grandes.  Utilisation :   Chiot\u00a0dont la taille adulte est de plus de 10 kg  &nbsp;   Contribue \u00e0 une\u00a0r\u00e9ponse immunitaire\u00a0locale et syst\u00e9mique efficace.  Am\u00e9liore la diversit\u00e9 et la stabilit\u00e9 du\u00a0microbiote intestinal.  Contient des huiles de poisson, source de DHA, essentiel pur le bon d\u00e9veloppement du\u00a0cerveau et de la vue.  Contient des pr\u00e9biotiques scientifiquement prouv\u00e9s pour augmenter le nombre de bifidobact\u00e9ries, pour un meilleur \u00e9quilibre de la microflore intestinale.  Aide \u00e0 maintenir une\u00a0bonne consistance des selles\u00a0pendant la p\u00e9riode de sevrage.\" \/>\n<meta name=\"robots\" content=\"index, follow, max-snippet:-1, max-image-preview:large, max-video-preview:-1\" \/>\n<link rel=\"canonical\" href=\"https:\/\/www.vetorino.com\/boutique\/product\/proplan-dog-expert-care-puppy-agneau\/\" \/>\n<meta property=\"og:locale\" content=\"fr_FR\" \/>\n<meta property=\"og:type\" content=\"article\" \/>\n<meta property=\"og:title\" content=\"Dog Expert Care Puppy agneau Purina Pro Plan - V\u00e9torino\" \/>\n<meta property=\"og:description\" content=\"Croquettes compl\u00e8tes et \u00e9quilibr\u00e9es adapt\u00e9es aux chiots de races moyennes \u00e0 grandes.  Utilisation :   Chiot\u00a0dont la taille adulte est de plus de 10 kg  &nbsp;   Contribue \u00e0 une\u00a0r\u00e9ponse immunitaire\u00a0locale et syst\u00e9mique efficace.  Am\u00e9liore la diversit\u00e9 et la stabilit\u00e9 du\u00a0microbiote intestinal.  Contient des huiles de poisson, source de DHA, essentiel pur le bon d\u00e9veloppement du\u00a0cerveau et de la vue.  Contient des pr\u00e9biotiques scientifiquement prouv\u00e9s pour augmenter le nombre de bifidobact\u00e9ries, pour un meilleur \u00e9quilibre de la microflore intestinale.  Aide \u00e0 maintenir une\u00a0bonne consistance des selles\u00a0pendant la p\u00e9riode de sevrage.\" \/>\n<meta property=\"og:url\" content=\"https:\/\/www.vetorino.com\/boutique\/product\/proplan-dog-expert-care-puppy-agneau\/\" \/>\n<meta property=\"og:site_name\" content=\"V\u00e9torino\" \/>\n<meta property=\"article:publisher\" content=\"https:\/\/www.facebook.com\/Vetorino\/\" \/>\n<meta property=\"article:modified_time\" content=\"2023-03-02T16:21:39+00:00\" \/>\n<meta property=\"og:image\" content=\"https:\/\/www.vetorino.com\/boutique\/wp-content\/uploads\/2020\/06\/chiot-expert-care-agneau.png\" \/>\n\t<meta property=\"og:image:width\" content=\"540\" \/>\n\t<meta property=\"og:image:height\" content=\"540\" \/>\n\t<meta property=\"og:image:type\" content=\"image\/png\" \/>\n<meta name=\"twitter:card\" content=\"summary_large_image\" \/>\n<meta name=\"twitter:label1\" content=\"Disponibilit\u00e9\" \/>\n\t<meta name=\"twitter:data1\" content=\"En stock\" \/>\n<script type=\"application\/ld+json\" class=\"yoast-schema-graph\">{\"@context\":\"https:\\\/\\\/schema.org\",\"@graph\":[{\"@type\":\"WebPage\",\"@id\":\"https:\\\/\\\/www.vetorino.com\\\/veterinaire\\\/briancon-05100\\\/boutique\\\/product\\\/proplan-dog-expert-care-puppy-agneau\\\/\",\"url\":\"https:\\\/\\\/www.vetorino.com\\\/veterinaire\\\/briancon-05100\\\/boutique\\\/product\\\/proplan-dog-expert-care-puppy-agneau\\\/\",\"name\":\"Dog Expert Care Puppy agneau Purina Pro Plan - V\u00e9torino\",\"isPartOf\":{\"@id\":\"https:\\\/\\\/www.vetorino.com\\\/boutique\\\/#website\"},\"primaryImageOfPage\":{\"@id\":\"https:\\\/\\\/www.vetorino.com\\\/veterinaire\\\/briancon-05100\\\/boutique\\\/product\\\/proplan-dog-expert-care-puppy-agneau\\\/#primaryimage\"},\"image\":{\"@id\":\"https:\\\/\\\/www.vetorino.com\\\/veterinaire\\\/briancon-05100\\\/boutique\\\/product\\\/proplan-dog-expert-care-puppy-agneau\\\/#primaryimage\"},\"thumbnailUrl\":\"https:\\\/\\\/www.vetorino.com\\\/boutique\\\/wp-content\\\/uploads\\\/2020\\\/06\\\/chiot-expert-care-agneau.png\",\"datePublished\":\"2020-03-04T20:51:09+00:00\",\"dateModified\":\"2023-03-02T16:21:39+00:00\",\"description\":\"Croquettes compl\u00e8tes et \u00e9quilibr\u00e9es adapt\u00e9es aux chiots de races moyennes \u00e0 grandes. Utilisation : Chiot\u00a0dont la taille adulte est de plus de 10 kg &nbsp; Contribue \u00e0 une\u00a0r\u00e9ponse immunitaire\u00a0locale et syst\u00e9mique efficace. Am\u00e9liore la diversit\u00e9 et la stabilit\u00e9 du\u00a0microbiote intestinal. Contient des huiles de poisson, source de DHA, essentiel pur le bon d\u00e9veloppement du\u00a0cerveau et de la vue. Contient des pr\u00e9biotiques scientifiquement prouv\u00e9s pour augmenter le nombre de bifidobact\u00e9ries, pour un meilleur \u00e9quilibre de la microflore intestinale. Aide \u00e0 maintenir une\u00a0bonne consistance des selles\u00a0pendant la p\u00e9riode de sevrage.\",\"breadcrumb\":{\"@id\":\"https:\\\/\\\/www.vetorino.com\\\/veterinaire\\\/briancon-05100\\\/boutique\\\/product\\\/proplan-dog-expert-care-puppy-agneau\\\/#breadcrumb\"},\"inLanguage\":\"fr-FR\",\"potentialAction\":[{\"@type\":\"ReadAction\",\"target\":[\"https:\\\/\\\/www.vetorino.com\\\/veterinaire\\\/briancon-05100\\\/boutique\\\/product\\\/proplan-dog-expert-care-puppy-agneau\\\/\"]}]},{\"@type\":\"ImageObject\",\"inLanguage\":\"fr-FR\",\"@id\":\"https:\\\/\\\/www.vetorino.com\\\/veterinaire\\\/briancon-05100\\\/boutique\\\/product\\\/proplan-dog-expert-care-puppy-agneau\\\/#primaryimage\",\"url\":\"https:\\\/\\\/www.vetorino.com\\\/boutique\\\/wp-content\\\/uploads\\\/2020\\\/06\\\/chiot-expert-care-agneau.png\",\"contentUrl\":\"https:\\\/\\\/www.vetorino.com\\\/boutique\\\/wp-content\\\/uploads\\\/2020\\\/06\\\/chiot-expert-care-agneau.png\",\"width\":540,\"height\":540},{\"@type\":\"BreadcrumbList\",\"@id\":\"https:\\\/\\\/www.vetorino.com\\\/veterinaire\\\/briancon-05100\\\/boutique\\\/product\\\/proplan-dog-expert-care-puppy-agneau\\\/#breadcrumb\",\"itemListElement\":[{\"@type\":\"ListItem\",\"position\":1,\"name\":\"Accueil\",\"item\":\"https:\\\/\\\/www.vetorino.com\\\/boutique\\\/\"},{\"@type\":\"ListItem\",\"position\":2,\"name\":\"Produits\",\"item\":\"https:\\\/\\\/www.vetorino.com\\\/boutique\\\/\"},{\"@type\":\"ListItem\",\"position\":3,\"name\":\"Dog Expert Care Puppy agneau\"}]},{\"@type\":\"WebSite\",\"@id\":\"https:\\\/\\\/www.vetorino.com\\\/boutique\\\/#website\",\"url\":\"https:\\\/\\\/www.vetorino.com\\\/boutique\\\/\",\"name\":\"V\u00e9torino\",\"description\":\"\",\"publisher\":{\"@id\":\"https:\\\/\\\/www.vetorino.com\\\/boutique\\\/#organization\"},\"potentialAction\":[{\"@type\":\"SearchAction\",\"target\":{\"@type\":\"EntryPoint\",\"urlTemplate\":\"https:\\\/\\\/www.vetorino.com\\\/boutique\\\/?s={search_term_string}\"},\"query-input\":{\"@type\":\"PropertyValueSpecification\",\"valueRequired\":true,\"valueName\":\"search_term_string\"}}],\"inLanguage\":\"fr-FR\"},{\"@type\":\"Organization\",\"@id\":\"https:\\\/\\\/www.vetorino.com\\\/boutique\\\/#organization\",\"name\":\"V\u00e9torino\",\"url\":\"https:\\\/\\\/www.vetorino.com\\\/boutique\\\/\",\"logo\":{\"@type\":\"ImageObject\",\"inLanguage\":\"fr-FR\",\"@id\":\"https:\\\/\\\/www.vetorino.com\\\/boutique\\\/#\\\/schema\\\/logo\\\/image\\\/\",\"url\":\"https:\\\/\\\/www.vetorino.com\\\/boutique\\\/wp-content\\\/uploads\\\/2024\\\/10\\\/logo.jpg\",\"contentUrl\":\"https:\\\/\\\/www.vetorino.com\\\/boutique\\\/wp-content\\\/uploads\\\/2024\\\/10\\\/logo.jpg\",\"width\":1200,\"height\":610,\"caption\":\"V\u00e9torino\"},\"image\":{\"@id\":\"https:\\\/\\\/www.vetorino.com\\\/boutique\\\/#\\\/schema\\\/logo\\\/image\\\/\"},\"sameAs\":[\"https:\\\/\\\/www.facebook.com\\\/Vetorino\\\/\",\"https:\\\/\\\/www.instagram.com\\\/vetorino_off\\\/\",\"https:\\\/\\\/www.linkedin.com\\\/company\\\/vtorino\\\/\"]}]}<\/script>\n<meta property=\"product:brand\" content=\"Purina Pro Plan\" \/>\n<meta property=\"og:availability\" content=\"instock\" \/>\n<meta property=\"product:availability\" content=\"instock\" \/>\n<meta property=\"product:condition\" content=\"new\" \/>\n<!-- \/ Yoast SEO plugin. -->","yoast_head_json":{"title":"Dog Expert Care Puppy agneau Purina Pro Plan - V\u00e9torino","description":"Croquettes compl\u00e8tes et \u00e9quilibr\u00e9es adapt\u00e9es aux chiots de races moyennes \u00e0 grandes.  Utilisation :   Chiot\u00a0dont la taille adulte est de plus de 10 kg  &nbsp;   Contribue \u00e0 une\u00a0r\u00e9ponse immunitaire\u00a0locale et syst\u00e9mique efficace.  Am\u00e9liore la diversit\u00e9 et la stabilit\u00e9 du\u00a0microbiote intestinal.  Contient des huiles de poisson, source de DHA, essentiel pur le bon d\u00e9veloppement du\u00a0cerveau et de la vue.  Contient des pr\u00e9biotiques scientifiquement prouv\u00e9s pour augmenter le nombre de bifidobact\u00e9ries, pour un meilleur \u00e9quilibre de la microflore intestinale.  Aide \u00e0 maintenir une\u00a0bonne consistance des selles\u00a0pendant la p\u00e9riode de sevrage.","robots":{"index":"index","follow":"follow","max-snippet":"max-snippet:-1","max-image-preview":"max-image-preview:large","max-video-preview":"max-video-preview:-1"},"canonical":"https:\/\/www.vetorino.com\/boutique\/product\/proplan-dog-expert-care-puppy-agneau\/","og_locale":"fr_FR","og_type":"article","og_title":"Dog Expert Care Puppy agneau Purina Pro Plan - V\u00e9torino","og_description":"Croquettes compl\u00e8tes et \u00e9quilibr\u00e9es adapt\u00e9es aux chiots de races moyennes \u00e0 grandes.  Utilisation :   Chiot\u00a0dont la taille adulte est de plus de 10 kg  &nbsp;   Contribue \u00e0 une\u00a0r\u00e9ponse immunitaire\u00a0locale et syst\u00e9mique efficace.  Am\u00e9liore la diversit\u00e9 et la stabilit\u00e9 du\u00a0microbiote intestinal.  Contient des huiles de poisson, source de DHA, essentiel pur le bon d\u00e9veloppement du\u00a0cerveau et de la vue.  Contient des pr\u00e9biotiques scientifiquement prouv\u00e9s pour augmenter le nombre de bifidobact\u00e9ries, pour un meilleur \u00e9quilibre de la microflore intestinale.  Aide \u00e0 maintenir une\u00a0bonne consistance des selles\u00a0pendant la p\u00e9riode de sevrage.","og_url":"https:\/\/www.vetorino.com\/boutique\/product\/proplan-dog-expert-care-puppy-agneau\/","og_site_name":"V\u00e9torino","article_publisher":"https:\/\/www.facebook.com\/Vetorino\/","article_modified_time":"2023-03-02T16:21:39+00:00","og_image":[{"width":540,"height":540,"url":"https:\/\/www.vetorino.com\/boutique\/wp-content\/uploads\/2020\/06\/chiot-expert-care-agneau.png","type":"image\/png"}],"twitter_card":"summary_large_image","twitter_misc":{"Disponibilit\u00e9":"En stock"},"schema":{"@context":"https:\/\/schema.org","@graph":[{"@type":"WebPage","@id":"https:\/\/www.vetorino.com\/veterinaire\/briancon-05100\/boutique\/product\/proplan-dog-expert-care-puppy-agneau\/","url":"https:\/\/www.vetorino.com\/veterinaire\/briancon-05100\/boutique\/product\/proplan-dog-expert-care-puppy-agneau\/","name":"Dog Expert Care Puppy agneau Purina Pro Plan - V\u00e9torino","isPartOf":{"@id":"https:\/\/www.vetorino.com\/boutique\/#website"},"primaryImageOfPage":{"@id":"https:\/\/www.vetorino.com\/veterinaire\/briancon-05100\/boutique\/product\/proplan-dog-expert-care-puppy-agneau\/#primaryimage"},"image":{"@id":"https:\/\/www.vetorino.com\/veterinaire\/briancon-05100\/boutique\/product\/proplan-dog-expert-care-puppy-agneau\/#primaryimage"},"thumbnailUrl":"https:\/\/www.vetorino.com\/boutique\/wp-content\/uploads\/2020\/06\/chiot-expert-care-agneau.png","datePublished":"2020-03-04T20:51:09+00:00","dateModified":"2023-03-02T16:21:39+00:00","description":"Croquettes compl\u00e8tes et \u00e9quilibr\u00e9es adapt\u00e9es aux chiots de races moyennes \u00e0 grandes. Utilisation : Chiot\u00a0dont la taille adulte est de plus de 10 kg &nbsp; Contribue \u00e0 une\u00a0r\u00e9ponse immunitaire\u00a0locale et syst\u00e9mique efficace. Am\u00e9liore la diversit\u00e9 et la stabilit\u00e9 du\u00a0microbiote intestinal. Contient des huiles de poisson, source de DHA, essentiel pur le bon d\u00e9veloppement du\u00a0cerveau et de la vue. Contient des pr\u00e9biotiques scientifiquement prouv\u00e9s pour augmenter le nombre de bifidobact\u00e9ries, pour un meilleur \u00e9quilibre de la microflore intestinale. Aide \u00e0 maintenir une\u00a0bonne consistance des selles\u00a0pendant la p\u00e9riode de sevrage.","breadcrumb":{"@id":"https:\/\/www.vetorino.com\/veterinaire\/briancon-05100\/boutique\/product\/proplan-dog-expert-care-puppy-agneau\/#breadcrumb"},"inLanguage":"fr-FR","potentialAction":[{"@type":"ReadAction","target":["https:\/\/www.vetorino.com\/veterinaire\/briancon-05100\/boutique\/product\/proplan-dog-expert-care-puppy-agneau\/"]}]},{"@type":"ImageObject","inLanguage":"fr-FR","@id":"https:\/\/www.vetorino.com\/veterinaire\/briancon-05100\/boutique\/product\/proplan-dog-expert-care-puppy-agneau\/#primaryimage","url":"https:\/\/www.vetorino.com\/boutique\/wp-content\/uploads\/2020\/06\/chiot-expert-care-agneau.png","contentUrl":"https:\/\/www.vetorino.com\/boutique\/wp-content\/uploads\/2020\/06\/chiot-expert-care-agneau.png","width":540,"height":540},{"@type":"BreadcrumbList","@id":"https:\/\/www.vetorino.com\/veterinaire\/briancon-05100\/boutique\/product\/proplan-dog-expert-care-puppy-agneau\/#breadcrumb","itemListElement":[{"@type":"ListItem","position":1,"name":"Accueil","item":"https:\/\/www.vetorino.com\/boutique\/"},{"@type":"ListItem","position":2,"name":"Produits","item":"https:\/\/www.vetorino.com\/boutique\/"},{"@type":"ListItem","position":3,"name":"Dog Expert Care Puppy agneau"}]},{"@type":"WebSite","@id":"https:\/\/www.vetorino.com\/boutique\/#website","url":"https:\/\/www.vetorino.com\/boutique\/","name":"V\u00e9torino","description":"","publisher":{"@id":"https:\/\/www.vetorino.com\/boutique\/#organization"},"potentialAction":[{"@type":"SearchAction","target":{"@type":"EntryPoint","urlTemplate":"https:\/\/www.vetorino.com\/boutique\/?s={search_term_string}"},"query-input":{"@type":"PropertyValueSpecification","valueRequired":true,"valueName":"search_term_string"}}],"inLanguage":"fr-FR"},{"@type":"Organization","@id":"https:\/\/www.vetorino.com\/boutique\/#organization","name":"V\u00e9torino","url":"https:\/\/www.vetorino.com\/boutique\/","logo":{"@type":"ImageObject","inLanguage":"fr-FR","@id":"https:\/\/www.vetorino.com\/boutique\/#\/schema\/logo\/image\/","url":"https:\/\/www.vetorino.com\/boutique\/wp-content\/uploads\/2024\/10\/logo.jpg","contentUrl":"https:\/\/www.vetorino.com\/boutique\/wp-content\/uploads\/2024\/10\/logo.jpg","width":1200,"height":610,"caption":"V\u00e9torino"},"image":{"@id":"https:\/\/www.vetorino.com\/boutique\/#\/schema\/logo\/image\/"},"sameAs":["https:\/\/www.facebook.com\/Vetorino\/","https:\/\/www.instagram.com\/vetorino_off\/","https:\/\/www.linkedin.com\/company\/vtorino\/"]}]},"product_brand":"Purina Pro Plan","og_availability":"instock","product_availability":"instock","product_condition":"new"},"_links":{"self":[{"href":"https:\/\/www.vetorino.com\/boutique\/wp-json\/wp\/v2\/product\/32887","targetHints":{"allow":["GET"]}}],"collection":[{"href":"https:\/\/www.vetorino.com\/boutique\/wp-json\/wp\/v2\/product"}],"about":[{"href":"https:\/\/www.vetorino.com\/boutique\/wp-json\/wp\/v2\/types\/product"}],"wp:featuredmedia":[{"embeddable":true,"href":"https:\/\/www.vetorino.com\/boutique\/wp-json\/wp\/v2\/media\/296632"}],"wp:attachment":[{"href":"https:\/\/www.vetorino.com\/boutique\/wp-json\/wp\/v2\/media?parent=32887"}],"wp:term":[{"taxonomy":"product_cat","embeddable":true,"href":"https:\/\/www.vetorino.com\/boutique\/wp-json\/wp\/v2\/product_cat?post=32887"},{"taxonomy":"product_tag","embeddable":true,"href":"https:\/\/www.vetorino.com\/boutique\/wp-json\/wp\/v2\/product_tag?post=32887"}],"curies":[{"name":"wp","href":"https:\/\/api.w.org\/{rel}","templated":true}]}}