{"id":33197,"date":"2020-03-04T21:55:33","date_gmt":"2020-03-04T20:55:33","guid":{"rendered":"https:\/\/www.vetorino.com\/boutique\/product\/repulsif-exterieur-chien\/"},"modified":"2024-03-21T14:38:05","modified_gmt":"2024-03-21T13:38:05","slug":"repulsif-exterieur-chien","status":"publish","type":"product","link":"https:\/\/www.vetorino.com\/boutique\/product\/repulsif-exterieur-chien\/","title":{"rendered":"R\u00e9pulsif ext\u00e9rieur Chien"},"content":{"rendered":"<p>Caract\u00e9ristiques du spray\u00a0R\u00e9pulsif ext\u00e9rieur pour chiens<\/p>\n<p>Le <strong>r\u00e9pulsif\u00a0d&#8217;ext\u00e9rieur Frandocex<\/strong> vous permet d&#8217;\u00e9loigner les chiens des lieux que vous souhaitez prot\u00e9ger \u00e0 l&#8217;ext\u00e9rieur.<\/p>\n<ul>\n<li>Contribue \u00e0 pr\u00e9server votre environnement de tous les d\u00e9g\u00e2ts et des salissures animales.<\/li>\n<li>Prot\u00e8ge les trottoirs, les devantures de magasins, les fa\u00e7ades d\u2019immeubles, les grilles, les cl\u00f4tures, les roues de v\u00e9hicules&#8230;<\/li>\n<\/ul>\n<p>Composition<\/p>\n<p>AQUA, HAMAMELIS VIRGINIANA FLOWER WATER*, COCO GLUCOSIDE (AND) GLYCERYL OLEATE, CITRUS AURANTIUM DULCIS OIL*, LAVANDULA HYBRIDA OIL (n\u00b0 CAS 91722-69-9) 0.099 % (m\/m), SODIUM BENZOATE (*ingr\u00e9dients issus de l&#8217;agriculture biologique)<\/p>\n<p>&nbsp;<\/p>\n<p>Mode d&#8217;emploi<\/p>\n<p>Utilisez les biocides avec pr\u00e9caution. Avant toute utilisation, lire l&#8217;\u00e9tiquette et les informations concernant le produit. Dangereux. Respecter les pr\u00e9cautions d&#8217;emploi.<\/p>\n<ul>\n<li>Apr\u00e8s agitation, pulv\u00e9risez le r\u00e9pulsif d\u2019ext\u00e9rieur sur les zones \u00e0 prot\u00e9ger.<\/li>\n<li>Renouvelez les pulv\u00e9risations tous les 5 jours jusqu\u2019\u00e0 ce que l\u2019animal ne revienne plus souiller cette zone.<\/li>\n<li>Pulv\u00e9risez ensuite tous les 15 jours pour maintenir une protection durable.<\/li>\n<\/ul>\n","protected":false},"excerpt":{"rendered":"<p>Le spray Francodex REPULSIF EXTERIEUR pour chiens vous aide \u00e0 \u00e9loigner les chiens des lieux que vous souhaitez prot\u00e9ger.<\/p>\n","protected":false},"featured_media":873911,"template":"","meta":[],"product_cat":[2786,2698],"product_tag":[],"class_list":{"0":"post-33197","1":"product","2":"type-product","3":"status-publish","4":"has-post-thumbnail","6":"product_cat-anti-stress-et-anxiete-du-chien","7":"product_cat-chien","8":"pa_marque-francodex-sante","10":"first","11":"outofstock","12":"taxable","13":"shipping-taxable","14":"purchasable","15":"product-type-simple"},"yoast_head":"<!-- This site is optimized with the Yoast SEO plugin v27.3 - https:\/\/yoast.com\/product\/yoast-seo-wordpress\/ -->\n<title>R\u00e9pulsif ext\u00e9rieur Chien Francodex Sant\u00e9 - V\u00e9torino<\/title>\n<meta name=\"description\" content=\"Le spray Francodex REPULSIF EXTERIEUR pour chiens vous aide \u00e0 \u00e9loigner les chiens des lieux que vous souhaitez prot\u00e9ger.\" \/>\n<meta name=\"robots\" content=\"index, follow, max-snippet:-1, max-image-preview:large, max-video-preview:-1\" \/>\n<link rel=\"canonical\" href=\"https:\/\/www.vetorino.com\/boutique\/product\/repulsif-exterieur-chien\/\" \/>\n<meta property=\"og:locale\" content=\"fr_FR\" \/>\n<meta property=\"og:type\" content=\"article\" \/>\n<meta property=\"og:title\" content=\"R\u00e9pulsif ext\u00e9rieur Chien Francodex Sant\u00e9 - V\u00e9torino\" \/>\n<meta property=\"og:description\" content=\"Le spray Francodex REPULSIF EXTERIEUR pour chiens vous aide \u00e0 \u00e9loigner les chiens des lieux que vous souhaitez prot\u00e9ger.\" \/>\n<meta property=\"og:url\" content=\"https:\/\/www.vetorino.com\/boutique\/product\/repulsif-exterieur-chien\/\" \/>\n<meta property=\"og:site_name\" content=\"V\u00e9torino\" \/>\n<meta property=\"article:publisher\" content=\"https:\/\/www.facebook.com\/Vetorino\/\" \/>\n<meta property=\"article:modified_time\" content=\"2024-03-21T13:38:05+00:00\" \/>\n<meta property=\"og:image\" content=\"https:\/\/www.vetorino.com\/boutique\/wp-content\/uploads\/2020\/03\/repulsif-exterieur-chien-francodex-spray-de-650-ml.jpg\" \/>\n\t<meta property=\"og:image:width\" content=\"800\" \/>\n\t<meta property=\"og:image:height\" content=\"800\" \/>\n\t<meta property=\"og:image:type\" content=\"image\/jpeg\" \/>\n<meta name=\"twitter:card\" content=\"summary_large_image\" \/>\n<meta name=\"twitter:label1\" content=\"Prix\" \/>\n\t<meta name=\"twitter:data1\" content=\"14,69&euro;\" \/>\n\t<meta name=\"twitter:label2\" content=\"Disponibilit\u00e9\" \/>\n\t<meta name=\"twitter:data2\" content=\"Rupture de stock\" \/>\n<script type=\"application\/ld+json\" class=\"yoast-schema-graph\">{\"@context\":\"https:\\\/\\\/schema.org\",\"@graph\":[{\"@type\":\"WebPage\",\"@id\":\"https:\\\/\\\/www.vetorino.com\\\/boutique\\\/product\\\/repulsif-exterieur-chien\\\/\",\"url\":\"https:\\\/\\\/www.vetorino.com\\\/boutique\\\/product\\\/repulsif-exterieur-chien\\\/\",\"name\":\"R\u00e9pulsif ext\u00e9rieur Chien Francodex Sant\u00e9 - V\u00e9torino\",\"isPartOf\":{\"@id\":\"https:\\\/\\\/www.vetorino.com\\\/boutique\\\/#website\"},\"primaryImageOfPage\":{\"@id\":\"https:\\\/\\\/www.vetorino.com\\\/boutique\\\/product\\\/repulsif-exterieur-chien\\\/#primaryimage\"},\"image\":{\"@id\":\"https:\\\/\\\/www.vetorino.com\\\/boutique\\\/product\\\/repulsif-exterieur-chien\\\/#primaryimage\"},\"thumbnailUrl\":\"https:\\\/\\\/www.vetorino.com\\\/boutique\\\/wp-content\\\/uploads\\\/2020\\\/03\\\/repulsif-exterieur-chien-francodex-spray-de-650-ml.jpg\",\"datePublished\":\"2020-03-04T20:55:33+00:00\",\"dateModified\":\"2024-03-21T13:38:05+00:00\",\"description\":\"Le spray Francodex REPULSIF EXTERIEUR pour chiens vous aide \u00e0 \u00e9loigner les chiens des lieux que vous souhaitez prot\u00e9ger.\",\"breadcrumb\":{\"@id\":\"https:\\\/\\\/www.vetorino.com\\\/boutique\\\/product\\\/repulsif-exterieur-chien\\\/#breadcrumb\"},\"inLanguage\":\"fr-FR\",\"potentialAction\":[{\"@type\":\"ReadAction\",\"target\":[\"https:\\\/\\\/www.vetorino.com\\\/boutique\\\/product\\\/repulsif-exterieur-chien\\\/\"]}]},{\"@type\":\"ImageObject\",\"inLanguage\":\"fr-FR\",\"@id\":\"https:\\\/\\\/www.vetorino.com\\\/boutique\\\/product\\\/repulsif-exterieur-chien\\\/#primaryimage\",\"url\":\"https:\\\/\\\/www.vetorino.com\\\/boutique\\\/wp-content\\\/uploads\\\/2020\\\/03\\\/repulsif-exterieur-chien-francodex-spray-de-650-ml.jpg\",\"contentUrl\":\"https:\\\/\\\/www.vetorino.com\\\/boutique\\\/wp-content\\\/uploads\\\/2020\\\/03\\\/repulsif-exterieur-chien-francodex-spray-de-650-ml.jpg\",\"width\":800,\"height\":800},{\"@type\":\"BreadcrumbList\",\"@id\":\"https:\\\/\\\/www.vetorino.com\\\/boutique\\\/product\\\/repulsif-exterieur-chien\\\/#breadcrumb\",\"itemListElement\":[{\"@type\":\"ListItem\",\"position\":1,\"name\":\"Accueil\",\"item\":\"https:\\\/\\\/www.vetorino.com\\\/boutique\\\/\"},{\"@type\":\"ListItem\",\"position\":2,\"name\":\"Produits\",\"item\":\"https:\\\/\\\/www.vetorino.com\\\/boutique\\\/\"},{\"@type\":\"ListItem\",\"position\":3,\"name\":\"R\u00e9pulsif ext\u00e9rieur Chien\"}]},{\"@type\":\"WebSite\",\"@id\":\"https:\\\/\\\/www.vetorino.com\\\/boutique\\\/#website\",\"url\":\"https:\\\/\\\/www.vetorino.com\\\/boutique\\\/\",\"name\":\"V\u00e9torino\",\"description\":\"\",\"publisher\":{\"@id\":\"https:\\\/\\\/www.vetorino.com\\\/boutique\\\/#organization\"},\"potentialAction\":[{\"@type\":\"SearchAction\",\"target\":{\"@type\":\"EntryPoint\",\"urlTemplate\":\"https:\\\/\\\/www.vetorino.com\\\/boutique\\\/?s={search_term_string}\"},\"query-input\":{\"@type\":\"PropertyValueSpecification\",\"valueRequired\":true,\"valueName\":\"search_term_string\"}}],\"inLanguage\":\"fr-FR\"},{\"@type\":\"Organization\",\"@id\":\"https:\\\/\\\/www.vetorino.com\\\/boutique\\\/#organization\",\"name\":\"V\u00e9torino\",\"url\":\"https:\\\/\\\/www.vetorino.com\\\/boutique\\\/\",\"logo\":{\"@type\":\"ImageObject\",\"inLanguage\":\"fr-FR\",\"@id\":\"https:\\\/\\\/www.vetorino.com\\\/boutique\\\/#\\\/schema\\\/logo\\\/image\\\/\",\"url\":\"https:\\\/\\\/www.vetorino.com\\\/boutique\\\/wp-content\\\/uploads\\\/2024\\\/10\\\/logo.jpg\",\"contentUrl\":\"https:\\\/\\\/www.vetorino.com\\\/boutique\\\/wp-content\\\/uploads\\\/2024\\\/10\\\/logo.jpg\",\"width\":1200,\"height\":610,\"caption\":\"V\u00e9torino\"},\"image\":{\"@id\":\"https:\\\/\\\/www.vetorino.com\\\/boutique\\\/#\\\/schema\\\/logo\\\/image\\\/\"},\"sameAs\":[\"https:\\\/\\\/www.facebook.com\\\/Vetorino\\\/\",\"https:\\\/\\\/www.instagram.com\\\/vetorino_off\\\/\",\"https:\\\/\\\/www.linkedin.com\\\/company\\\/vtorino\\\/\"]}]}<\/script>\n<meta property=\"product:brand\" content=\"Francodex Sant\u00e9\" \/>\n<meta property=\"product:price:amount\" content=\"14.69\" \/>\n<meta property=\"product:price:currency\" content=\"EUR\" \/>\n<meta property=\"og:availability\" content=\"out of stock\" \/>\n<meta property=\"product:availability\" content=\"out of stock\" \/>\n<meta property=\"product:retailer_item_id\" content=\"A-8122435\" \/>\n<meta property=\"product:condition\" content=\"new\" \/>\n<!-- \/ Yoast SEO plugin. -->","yoast_head_json":{"title":"R\u00e9pulsif ext\u00e9rieur Chien Francodex Sant\u00e9 - V\u00e9torino","description":"Le spray Francodex REPULSIF EXTERIEUR pour chiens vous aide \u00e0 \u00e9loigner les chiens des lieux que vous souhaitez prot\u00e9ger.","robots":{"index":"index","follow":"follow","max-snippet":"max-snippet:-1","max-image-preview":"max-image-preview:large","max-video-preview":"max-video-preview:-1"},"canonical":"https:\/\/www.vetorino.com\/boutique\/product\/repulsif-exterieur-chien\/","og_locale":"fr_FR","og_type":"article","og_title":"R\u00e9pulsif ext\u00e9rieur Chien Francodex Sant\u00e9 - V\u00e9torino","og_description":"Le spray Francodex REPULSIF EXTERIEUR pour chiens vous aide \u00e0 \u00e9loigner les chiens des lieux que vous souhaitez prot\u00e9ger.","og_url":"https:\/\/www.vetorino.com\/boutique\/product\/repulsif-exterieur-chien\/","og_site_name":"V\u00e9torino","article_publisher":"https:\/\/www.facebook.com\/Vetorino\/","article_modified_time":"2024-03-21T13:38:05+00:00","og_image":[{"width":800,"height":800,"url":"https:\/\/www.vetorino.com\/boutique\/wp-content\/uploads\/2020\/03\/repulsif-exterieur-chien-francodex-spray-de-650-ml.jpg","type":"image\/jpeg"}],"twitter_card":"summary_large_image","twitter_misc":{"Prix":"14,69&euro;","Disponibilit\u00e9":"Rupture de stock"},"schema":{"@context":"https:\/\/schema.org","@graph":[{"@type":"WebPage","@id":"https:\/\/www.vetorino.com\/boutique\/product\/repulsif-exterieur-chien\/","url":"https:\/\/www.vetorino.com\/boutique\/product\/repulsif-exterieur-chien\/","name":"R\u00e9pulsif ext\u00e9rieur Chien Francodex Sant\u00e9 - V\u00e9torino","isPartOf":{"@id":"https:\/\/www.vetorino.com\/boutique\/#website"},"primaryImageOfPage":{"@id":"https:\/\/www.vetorino.com\/boutique\/product\/repulsif-exterieur-chien\/#primaryimage"},"image":{"@id":"https:\/\/www.vetorino.com\/boutique\/product\/repulsif-exterieur-chien\/#primaryimage"},"thumbnailUrl":"https:\/\/www.vetorino.com\/boutique\/wp-content\/uploads\/2020\/03\/repulsif-exterieur-chien-francodex-spray-de-650-ml.jpg","datePublished":"2020-03-04T20:55:33+00:00","dateModified":"2024-03-21T13:38:05+00:00","description":"Le spray Francodex REPULSIF EXTERIEUR pour chiens vous aide \u00e0 \u00e9loigner les chiens des lieux que vous souhaitez prot\u00e9ger.","breadcrumb":{"@id":"https:\/\/www.vetorino.com\/boutique\/product\/repulsif-exterieur-chien\/#breadcrumb"},"inLanguage":"fr-FR","potentialAction":[{"@type":"ReadAction","target":["https:\/\/www.vetorino.com\/boutique\/product\/repulsif-exterieur-chien\/"]}]},{"@type":"ImageObject","inLanguage":"fr-FR","@id":"https:\/\/www.vetorino.com\/boutique\/product\/repulsif-exterieur-chien\/#primaryimage","url":"https:\/\/www.vetorino.com\/boutique\/wp-content\/uploads\/2020\/03\/repulsif-exterieur-chien-francodex-spray-de-650-ml.jpg","contentUrl":"https:\/\/www.vetorino.com\/boutique\/wp-content\/uploads\/2020\/03\/repulsif-exterieur-chien-francodex-spray-de-650-ml.jpg","width":800,"height":800},{"@type":"BreadcrumbList","@id":"https:\/\/www.vetorino.com\/boutique\/product\/repulsif-exterieur-chien\/#breadcrumb","itemListElement":[{"@type":"ListItem","position":1,"name":"Accueil","item":"https:\/\/www.vetorino.com\/boutique\/"},{"@type":"ListItem","position":2,"name":"Produits","item":"https:\/\/www.vetorino.com\/boutique\/"},{"@type":"ListItem","position":3,"name":"R\u00e9pulsif ext\u00e9rieur Chien"}]},{"@type":"WebSite","@id":"https:\/\/www.vetorino.com\/boutique\/#website","url":"https:\/\/www.vetorino.com\/boutique\/","name":"V\u00e9torino","description":"","publisher":{"@id":"https:\/\/www.vetorino.com\/boutique\/#organization"},"potentialAction":[{"@type":"SearchAction","target":{"@type":"EntryPoint","urlTemplate":"https:\/\/www.vetorino.com\/boutique\/?s={search_term_string}"},"query-input":{"@type":"PropertyValueSpecification","valueRequired":true,"valueName":"search_term_string"}}],"inLanguage":"fr-FR"},{"@type":"Organization","@id":"https:\/\/www.vetorino.com\/boutique\/#organization","name":"V\u00e9torino","url":"https:\/\/www.vetorino.com\/boutique\/","logo":{"@type":"ImageObject","inLanguage":"fr-FR","@id":"https:\/\/www.vetorino.com\/boutique\/#\/schema\/logo\/image\/","url":"https:\/\/www.vetorino.com\/boutique\/wp-content\/uploads\/2024\/10\/logo.jpg","contentUrl":"https:\/\/www.vetorino.com\/boutique\/wp-content\/uploads\/2024\/10\/logo.jpg","width":1200,"height":610,"caption":"V\u00e9torino"},"image":{"@id":"https:\/\/www.vetorino.com\/boutique\/#\/schema\/logo\/image\/"},"sameAs":["https:\/\/www.facebook.com\/Vetorino\/","https:\/\/www.instagram.com\/vetorino_off\/","https:\/\/www.linkedin.com\/company\/vtorino\/"]}]},"product_brand":"Francodex Sant\u00e9","product_price_amount":"14.69","product_price_currency":"EUR","og_availability":"out of stock","product_availability":"out of stock","product_retailer_item_id":"A-8122435","product_condition":"new"},"_links":{"self":[{"href":"https:\/\/www.vetorino.com\/boutique\/wp-json\/wp\/v2\/product\/33197","targetHints":{"allow":["GET"]}}],"collection":[{"href":"https:\/\/www.vetorino.com\/boutique\/wp-json\/wp\/v2\/product"}],"about":[{"href":"https:\/\/www.vetorino.com\/boutique\/wp-json\/wp\/v2\/types\/product"}],"wp:featuredmedia":[{"embeddable":true,"href":"https:\/\/www.vetorino.com\/boutique\/wp-json\/wp\/v2\/media\/873911"}],"wp:attachment":[{"href":"https:\/\/www.vetorino.com\/boutique\/wp-json\/wp\/v2\/media?parent=33197"}],"wp:term":[{"taxonomy":"product_cat","embeddable":true,"href":"https:\/\/www.vetorino.com\/boutique\/wp-json\/wp\/v2\/product_cat?post=33197"},{"taxonomy":"product_tag","embeddable":true,"href":"https:\/\/www.vetorino.com\/boutique\/wp-json\/wp\/v2\/product_tag?post=33197"}],"curies":[{"name":"wp","href":"https:\/\/api.w.org\/{rel}","templated":true}]}}