{"id":341811,"date":"2022-07-06T11:42:11","date_gmt":"2022-07-06T09:42:11","guid":{"rendered":"https:\/\/www.vetorino.com\/boutique\/product\/fortiflora-chien\/"},"modified":"2026-04-03T13:48:32","modified_gmt":"2026-04-03T11:48:32","slug":"fortiflora-chien","status":"publish","type":"product","link":"https:\/\/www.vetorino.com\/boutique\/product\/fortiflora-chien\/","title":{"rendered":"Fortiflora Probiotique &#8211; chien"},"content":{"rendered":"<p><strong>FortiFlora est un suppl\u00e9ment probiotique sp\u00e9cialement formul\u00e9 pour les chiots et les chiens adultes.<\/strong><\/p>\n<p><strong><br \/>\nUtilisation :<\/strong><\/p>\n<ul>\n<li>Chien de tout \u00e2ge sujet \u00e0 un d\u00e9sequilibre de la flore intestinale<\/li>\n<\/ul>\n<p><strong>Mode d&#8217;emploi :<\/strong><\/p>\n<ul>\n<li>FortiFlora est hautement app\u00e9tent et, pour les animaux difficiles, peut m\u00eame augmenter leur app\u00e9tit.<\/li>\n<li>Tr\u00e8s facile \u00e0 administrer. Il suffit de saupoudrer un sachet entier, une fois par jour, sur la nourriture habituelle de votre animal de compagnie, que ce soit des croquettes, des bo\u00eetes ou des sachets fraicheur.<\/li>\n<\/ul>\n<p><strong>Avantage :<\/strong><\/p>\n<ul>\n<li class=\"icon\"><strong>Contient un taux garanti de probiotiques viables (minimum 1 \u00d7 1012\u00a0UFC\/kg) :\u00a0<\/strong>Un proc\u00e9d\u00e9 brevet\u00e9 de micro-encapsulation am\u00e9liore la stabilit\u00e9 des bact\u00e9ries, garantissant les taux de bact\u00e9ries b\u00e9n\u00e9fiques vivantes qui arrivent dans le tube digestif.<\/li>\n<li class=\"icon\"><strong>Prouv\u00e9 pour favoriser la sant\u00e9 et l\u2019\u00e9quilibre intestinal :\u00a0<\/strong>Contient la bact\u00e9rie lactique\u00a0<em>Enterococcus faecium<\/em>\u00a0SF68\u00ae, \u00e0 des taux prouv\u00e9s pour favoriser la bonne sant\u00e9 et l\u2019\u00e9quilibre microbien de l\u2019intestin chez les chiens.<\/li>\n<li class=\"icon\"><strong>Prouv\u00e9 pour contribuer \u00e0 renforcer les d\u00e9fenses naturelles :\u00a0<\/strong>Pour aider \u00e0 pr\u00e9server la bonne sant\u00e9 de l\u2019animal.<\/li>\n<\/ul>\n<p>&nbsp;<\/p>\n","protected":false},"excerpt":{"rendered":"<div class=\"woocommerce-product-details__short-description\">\n<div>\n<div>\n<div><strong>FortiFlora <\/strong>est un suppl\u00e9ment probiotique sp\u00e9cialement formul\u00e9 pour les chiots et les chiens adultes<strong>.<\/strong><\/div>\n<\/div>\n<\/div>\n<p><strong>Utilisation :<\/strong><\/p>\n<ul>\n<li>Chien de tout \u00e2ge sujet \u00e0 un d\u00e9s\u00e9quilibre de la flore intestinale<\/li>\n<\/ul>\n<\/div>\n","protected":false},"featured_media":793776,"template":"","meta":[],"product_cat":[12552,2738,2698,12636],"product_tag":[],"class_list":{"0":"post-341811","1":"product","2":"type-product","3":"status-publish","4":"has-post-thumbnail","6":"product_cat-alimentation-du-chien","7":"product_cat-aliments-complementaires-pour-chien","8":"product_cat-chien","9":"product_cat-systeme-digestif-du-chien","10":"pa_marque-purina","12":"first","13":"instock","14":"taxable","15":"shipping-taxable","16":"purchasable","17":"product-type-variable"},"yoast_head":"<!-- This site is optimized with the Yoast SEO plugin v27.3 - https:\/\/yoast.com\/product\/yoast-seo-wordpress\/ -->\n<title>Fortiflora Probiotique - chien Purina Pro Plan - V\u00e9torino<\/title>\n<meta name=\"description\" content=\"FortiFlora est un suppl\u00e9ment probiotique sp\u00e9cialement formul\u00e9 pour les chiots et les chiens adultes.   Utilisation :   Chien de tout \u00e2ge sujet \u00e0 un d\u00e9s\u00e9quilibre de la flore intestinale\" \/>\n<meta name=\"robots\" content=\"index, follow, max-snippet:-1, max-image-preview:large, max-video-preview:-1\" \/>\n<link rel=\"canonical\" href=\"https:\/\/www.vetorino.com\/boutique\/product\/fortiflora-chien\/\" \/>\n<meta property=\"og:locale\" content=\"fr_FR\" \/>\n<meta property=\"og:type\" content=\"article\" \/>\n<meta property=\"og:title\" content=\"Fortiflora Probiotique - chien Purina Pro Plan - V\u00e9torino\" \/>\n<meta property=\"og:description\" content=\"FortiFlora est un suppl\u00e9ment probiotique sp\u00e9cialement formul\u00e9 pour les chiots et les chiens adultes.   Utilisation :   Chien de tout \u00e2ge sujet \u00e0 un d\u00e9s\u00e9quilibre de la flore intestinale\" \/>\n<meta property=\"og:url\" content=\"https:\/\/www.vetorino.com\/boutique\/product\/fortiflora-chien\/\" \/>\n<meta property=\"og:site_name\" content=\"V\u00e9torino\" \/>\n<meta property=\"article:publisher\" content=\"https:\/\/www.facebook.com\/Vetorino\/\" \/>\n<meta property=\"article:modified_time\" content=\"2026-04-03T11:48:32+00:00\" \/>\n<meta property=\"og:image\" content=\"https:\/\/www.vetorino.com\/boutique\/wp-content\/uploads\/2022\/11\/nestle-purina-fortiflora-chien.jpg\" \/>\n\t<meta property=\"og:image:width\" content=\"800\" \/>\n\t<meta property=\"og:image:height\" content=\"800\" \/>\n\t<meta property=\"og:image:type\" content=\"image\/jpeg\" \/>\n<meta name=\"twitter:card\" content=\"summary_large_image\" \/>\n<meta name=\"twitter:label1\" content=\"Disponibilit\u00e9\" \/>\n\t<meta name=\"twitter:data1\" content=\"En stock\" \/>\n<script type=\"application\/ld+json\" class=\"yoast-schema-graph\">{\"@context\":\"https:\\\/\\\/schema.org\",\"@graph\":[{\"@type\":\"WebPage\",\"@id\":\"https:\\\/\\\/www.vetorino.com\\\/veterinaire\\\/briancon-05100\\\/boutique\\\/product\\\/fortiflora-chien\\\/\",\"url\":\"https:\\\/\\\/www.vetorino.com\\\/veterinaire\\\/briancon-05100\\\/boutique\\\/product\\\/fortiflora-chien\\\/\",\"name\":\"Fortiflora Probiotique - chien Purina Pro Plan - V\u00e9torino\",\"isPartOf\":{\"@id\":\"https:\\\/\\\/www.vetorino.com\\\/boutique\\\/#website\"},\"primaryImageOfPage\":{\"@id\":\"https:\\\/\\\/www.vetorino.com\\\/veterinaire\\\/briancon-05100\\\/boutique\\\/product\\\/fortiflora-chien\\\/#primaryimage\"},\"image\":{\"@id\":\"https:\\\/\\\/www.vetorino.com\\\/veterinaire\\\/briancon-05100\\\/boutique\\\/product\\\/fortiflora-chien\\\/#primaryimage\"},\"thumbnailUrl\":\"https:\\\/\\\/www.vetorino.com\\\/boutique\\\/wp-content\\\/uploads\\\/2022\\\/11\\\/nestle-purina-fortiflora-chien.jpg\",\"datePublished\":\"2022-07-06T09:42:11+00:00\",\"dateModified\":\"2026-04-03T11:48:32+00:00\",\"description\":\"FortiFlora est un suppl\u00e9ment probiotique sp\u00e9cialement formul\u00e9 pour les chiots et les chiens adultes. Utilisation : Chien de tout \u00e2ge sujet \u00e0 un d\u00e9s\u00e9quilibre de la flore intestinale\",\"breadcrumb\":{\"@id\":\"https:\\\/\\\/www.vetorino.com\\\/veterinaire\\\/briancon-05100\\\/boutique\\\/product\\\/fortiflora-chien\\\/#breadcrumb\"},\"inLanguage\":\"fr-FR\",\"potentialAction\":[{\"@type\":\"ReadAction\",\"target\":[\"https:\\\/\\\/www.vetorino.com\\\/veterinaire\\\/briancon-05100\\\/boutique\\\/product\\\/fortiflora-chien\\\/\"]}]},{\"@type\":\"ImageObject\",\"inLanguage\":\"fr-FR\",\"@id\":\"https:\\\/\\\/www.vetorino.com\\\/veterinaire\\\/briancon-05100\\\/boutique\\\/product\\\/fortiflora-chien\\\/#primaryimage\",\"url\":\"https:\\\/\\\/www.vetorino.com\\\/boutique\\\/wp-content\\\/uploads\\\/2022\\\/11\\\/nestle-purina-fortiflora-chien.jpg\",\"contentUrl\":\"https:\\\/\\\/www.vetorino.com\\\/boutique\\\/wp-content\\\/uploads\\\/2022\\\/11\\\/nestle-purina-fortiflora-chien.jpg\",\"width\":800,\"height\":800},{\"@type\":\"BreadcrumbList\",\"@id\":\"https:\\\/\\\/www.vetorino.com\\\/veterinaire\\\/briancon-05100\\\/boutique\\\/product\\\/fortiflora-chien\\\/#breadcrumb\",\"itemListElement\":[{\"@type\":\"ListItem\",\"position\":1,\"name\":\"Accueil\",\"item\":\"https:\\\/\\\/www.vetorino.com\\\/boutique\\\/\"},{\"@type\":\"ListItem\",\"position\":2,\"name\":\"Produits\",\"item\":\"https:\\\/\\\/www.vetorino.com\\\/boutique\\\/\"},{\"@type\":\"ListItem\",\"position\":3,\"name\":\"Fortiflora Probiotique &#8211; chien\"}]},{\"@type\":\"WebSite\",\"@id\":\"https:\\\/\\\/www.vetorino.com\\\/boutique\\\/#website\",\"url\":\"https:\\\/\\\/www.vetorino.com\\\/boutique\\\/\",\"name\":\"V\u00e9torino\",\"description\":\"\",\"publisher\":{\"@id\":\"https:\\\/\\\/www.vetorino.com\\\/boutique\\\/#organization\"},\"potentialAction\":[{\"@type\":\"SearchAction\",\"target\":{\"@type\":\"EntryPoint\",\"urlTemplate\":\"https:\\\/\\\/www.vetorino.com\\\/boutique\\\/?s={search_term_string}\"},\"query-input\":{\"@type\":\"PropertyValueSpecification\",\"valueRequired\":true,\"valueName\":\"search_term_string\"}}],\"inLanguage\":\"fr-FR\"},{\"@type\":\"Organization\",\"@id\":\"https:\\\/\\\/www.vetorino.com\\\/boutique\\\/#organization\",\"name\":\"V\u00e9torino\",\"url\":\"https:\\\/\\\/www.vetorino.com\\\/boutique\\\/\",\"logo\":{\"@type\":\"ImageObject\",\"inLanguage\":\"fr-FR\",\"@id\":\"https:\\\/\\\/www.vetorino.com\\\/boutique\\\/#\\\/schema\\\/logo\\\/image\\\/\",\"url\":\"https:\\\/\\\/www.vetorino.com\\\/boutique\\\/wp-content\\\/uploads\\\/2024\\\/10\\\/logo.jpg\",\"contentUrl\":\"https:\\\/\\\/www.vetorino.com\\\/boutique\\\/wp-content\\\/uploads\\\/2024\\\/10\\\/logo.jpg\",\"width\":1200,\"height\":610,\"caption\":\"V\u00e9torino\"},\"image\":{\"@id\":\"https:\\\/\\\/www.vetorino.com\\\/boutique\\\/#\\\/schema\\\/logo\\\/image\\\/\"},\"sameAs\":[\"https:\\\/\\\/www.facebook.com\\\/Vetorino\\\/\",\"https:\\\/\\\/www.instagram.com\\\/vetorino_off\\\/\",\"https:\\\/\\\/www.linkedin.com\\\/company\\\/vtorino\\\/\"]}]}<\/script>\n<meta property=\"product:brand\" content=\"Purina Pro Plan\" \/>\n<meta property=\"og:availability\" content=\"instock\" \/>\n<meta property=\"product:availability\" content=\"instock\" \/>\n<meta property=\"product:condition\" content=\"new\" \/>\n<!-- \/ Yoast SEO plugin. -->","yoast_head_json":{"title":"Fortiflora Probiotique - chien Purina Pro Plan - V\u00e9torino","description":"FortiFlora est un suppl\u00e9ment probiotique sp\u00e9cialement formul\u00e9 pour les chiots et les chiens adultes.   Utilisation :   Chien de tout \u00e2ge sujet \u00e0 un d\u00e9s\u00e9quilibre de la flore intestinale","robots":{"index":"index","follow":"follow","max-snippet":"max-snippet:-1","max-image-preview":"max-image-preview:large","max-video-preview":"max-video-preview:-1"},"canonical":"https:\/\/www.vetorino.com\/boutique\/product\/fortiflora-chien\/","og_locale":"fr_FR","og_type":"article","og_title":"Fortiflora Probiotique - chien Purina Pro Plan - V\u00e9torino","og_description":"FortiFlora est un suppl\u00e9ment probiotique sp\u00e9cialement formul\u00e9 pour les chiots et les chiens adultes.   Utilisation :   Chien de tout \u00e2ge sujet \u00e0 un d\u00e9s\u00e9quilibre de la flore intestinale","og_url":"https:\/\/www.vetorino.com\/boutique\/product\/fortiflora-chien\/","og_site_name":"V\u00e9torino","article_publisher":"https:\/\/www.facebook.com\/Vetorino\/","article_modified_time":"2026-04-03T11:48:32+00:00","og_image":[{"width":800,"height":800,"url":"https:\/\/www.vetorino.com\/boutique\/wp-content\/uploads\/2022\/11\/nestle-purina-fortiflora-chien.jpg","type":"image\/jpeg"}],"twitter_card":"summary_large_image","twitter_misc":{"Disponibilit\u00e9":"En stock"},"schema":{"@context":"https:\/\/schema.org","@graph":[{"@type":"WebPage","@id":"https:\/\/www.vetorino.com\/veterinaire\/briancon-05100\/boutique\/product\/fortiflora-chien\/","url":"https:\/\/www.vetorino.com\/veterinaire\/briancon-05100\/boutique\/product\/fortiflora-chien\/","name":"Fortiflora Probiotique - chien Purina Pro Plan - V\u00e9torino","isPartOf":{"@id":"https:\/\/www.vetorino.com\/boutique\/#website"},"primaryImageOfPage":{"@id":"https:\/\/www.vetorino.com\/veterinaire\/briancon-05100\/boutique\/product\/fortiflora-chien\/#primaryimage"},"image":{"@id":"https:\/\/www.vetorino.com\/veterinaire\/briancon-05100\/boutique\/product\/fortiflora-chien\/#primaryimage"},"thumbnailUrl":"https:\/\/www.vetorino.com\/boutique\/wp-content\/uploads\/2022\/11\/nestle-purina-fortiflora-chien.jpg","datePublished":"2022-07-06T09:42:11+00:00","dateModified":"2026-04-03T11:48:32+00:00","description":"FortiFlora est un suppl\u00e9ment probiotique sp\u00e9cialement formul\u00e9 pour les chiots et les chiens adultes. Utilisation : Chien de tout \u00e2ge sujet \u00e0 un d\u00e9s\u00e9quilibre de la flore intestinale","breadcrumb":{"@id":"https:\/\/www.vetorino.com\/veterinaire\/briancon-05100\/boutique\/product\/fortiflora-chien\/#breadcrumb"},"inLanguage":"fr-FR","potentialAction":[{"@type":"ReadAction","target":["https:\/\/www.vetorino.com\/veterinaire\/briancon-05100\/boutique\/product\/fortiflora-chien\/"]}]},{"@type":"ImageObject","inLanguage":"fr-FR","@id":"https:\/\/www.vetorino.com\/veterinaire\/briancon-05100\/boutique\/product\/fortiflora-chien\/#primaryimage","url":"https:\/\/www.vetorino.com\/boutique\/wp-content\/uploads\/2022\/11\/nestle-purina-fortiflora-chien.jpg","contentUrl":"https:\/\/www.vetorino.com\/boutique\/wp-content\/uploads\/2022\/11\/nestle-purina-fortiflora-chien.jpg","width":800,"height":800},{"@type":"BreadcrumbList","@id":"https:\/\/www.vetorino.com\/veterinaire\/briancon-05100\/boutique\/product\/fortiflora-chien\/#breadcrumb","itemListElement":[{"@type":"ListItem","position":1,"name":"Accueil","item":"https:\/\/www.vetorino.com\/boutique\/"},{"@type":"ListItem","position":2,"name":"Produits","item":"https:\/\/www.vetorino.com\/boutique\/"},{"@type":"ListItem","position":3,"name":"Fortiflora Probiotique &#8211; chien"}]},{"@type":"WebSite","@id":"https:\/\/www.vetorino.com\/boutique\/#website","url":"https:\/\/www.vetorino.com\/boutique\/","name":"V\u00e9torino","description":"","publisher":{"@id":"https:\/\/www.vetorino.com\/boutique\/#organization"},"potentialAction":[{"@type":"SearchAction","target":{"@type":"EntryPoint","urlTemplate":"https:\/\/www.vetorino.com\/boutique\/?s={search_term_string}"},"query-input":{"@type":"PropertyValueSpecification","valueRequired":true,"valueName":"search_term_string"}}],"inLanguage":"fr-FR"},{"@type":"Organization","@id":"https:\/\/www.vetorino.com\/boutique\/#organization","name":"V\u00e9torino","url":"https:\/\/www.vetorino.com\/boutique\/","logo":{"@type":"ImageObject","inLanguage":"fr-FR","@id":"https:\/\/www.vetorino.com\/boutique\/#\/schema\/logo\/image\/","url":"https:\/\/www.vetorino.com\/boutique\/wp-content\/uploads\/2024\/10\/logo.jpg","contentUrl":"https:\/\/www.vetorino.com\/boutique\/wp-content\/uploads\/2024\/10\/logo.jpg","width":1200,"height":610,"caption":"V\u00e9torino"},"image":{"@id":"https:\/\/www.vetorino.com\/boutique\/#\/schema\/logo\/image\/"},"sameAs":["https:\/\/www.facebook.com\/Vetorino\/","https:\/\/www.instagram.com\/vetorino_off\/","https:\/\/www.linkedin.com\/company\/vtorino\/"]}]},"product_brand":"Purina Pro Plan","og_availability":"instock","product_availability":"instock","product_condition":"new"},"_links":{"self":[{"href":"https:\/\/www.vetorino.com\/boutique\/wp-json\/wp\/v2\/product\/341811","targetHints":{"allow":["GET"]}}],"collection":[{"href":"https:\/\/www.vetorino.com\/boutique\/wp-json\/wp\/v2\/product"}],"about":[{"href":"https:\/\/www.vetorino.com\/boutique\/wp-json\/wp\/v2\/types\/product"}],"wp:featuredmedia":[{"embeddable":true,"href":"https:\/\/www.vetorino.com\/boutique\/wp-json\/wp\/v2\/media\/793776"}],"wp:attachment":[{"href":"https:\/\/www.vetorino.com\/boutique\/wp-json\/wp\/v2\/media?parent=341811"}],"wp:term":[{"taxonomy":"product_cat","embeddable":true,"href":"https:\/\/www.vetorino.com\/boutique\/wp-json\/wp\/v2\/product_cat?post=341811"},{"taxonomy":"product_tag","embeddable":true,"href":"https:\/\/www.vetorino.com\/boutique\/wp-json\/wp\/v2\/product_tag?post=341811"}],"curies":[{"name":"wp","href":"https:\/\/api.w.org\/{rel}","templated":true}]}}