{"id":34580,"date":"2020-03-04T22:02:41","date_gmt":"2020-03-04T21:02:41","guid":{"rendered":"https:\/\/www.vetorino.com\/boutique\/product\/vcn-chat-senior-stage-2-high-calorie\/"},"modified":"2024-01-25T12:27:37","modified_gmt":"2024-01-25T11:27:37","slug":"vcn-chat-senior-stage-2-high-calorie","status":"publish","type":"product","link":"https:\/\/www.vetorino.com\/boutique\/product\/vcn-chat-senior-stage-2-high-calorie\/","title":{"rendered":"VCN chat senior stage 2 High calorie"},"content":{"rendered":"<div class='hidden'> Royal Canin <\/div>\n<p><b>Caract\u00e9risiques<\/b><br \/>Cet aliment est formul\u00e9 avec un complexe d&#8217;antioxydants pour aider \u00e0 combattre le vieillissement cellulaire. Il contient un faible teneur en phosphore pour pr\u00e9server la fonction r\u00e9nale et des ingr\u00e9dients pour soutenir les articulations. Il aide \u00e0 limiter la fonte musculaire, \u00e0 soutenir les fonctions c\u00e9r\u00e9brales et assure un apport \u00e9nerg\u00e9tique plus \u00e9lev\u00e9 gr\u00e2ce \u00e0 une teneur en mati\u00e8re grasse plus importante.<br \/><b>Bon \u00e0 savoir<\/b><br \/>Convient aux chats de plus de 12 ans. Demandez conseil \u00e0 votre v\u00e9t\u00e9rinaire pour conna\u00eetre les quantit\u00e9s journali\u00e8res selon le poids de l&#8217;animal. De l?eau fra\u00eeche et propre doit \u00eatre disponible \u00e0 tout moment de la journ\u00e9e.INGREDIENTSMa\u00efs, gluten de bl\u00e9*, graisses animales, prot\u00e9ines de volailles d\u00e9shydrat\u00e9es, farine de ma\u00efs, bl\u00e9, gluten de ma\u00efs, riz, hydrolysat de prot\u00e9ines animales, fibres v\u00e9g\u00e9tales, pulpe de chicor\u00e9e, huile de poisson, huile de soja, min\u00e9raux, tomate (source de lycop\u00e8ne), t\u00e9guments et graines de psyllium, Fructo-Oligo-Saccharides (FOS), extrait de moule verte de Nouvelle-Z\u00e9lande (GLM 0,3%), hydrolysat de levures (source de Mannan-Oligo-Saccharides), hydrolysat de crustac\u00e9s (source de glucosamine), huile de bourache, extrait de rose d&#8217;inde (source de lut\u00e9ine), hydrolysat de cartilage (source de chondro\u00eftine).<\/p>\n","protected":false},"excerpt":{"rendered":"<p>Les croquettes premium SENIOR CONSULT STAGE 2 HIGH CALORIE apportent une alimentation adapt\u00e9e au chat senior pour lutter contre les premiers signes de s\u00e9nilit\u00e9 et les calculs urinaires tout en limitant la perte de poids.<\/p>\n","protected":false},"featured_media":721635,"template":"","meta":[],"product_cat":[12551,2697],"product_tag":[],"class_list":{"0":"post-34580","1":"product","2":"type-product","3":"status-publish","4":"has-post-thumbnail","6":"product_cat-alimentation-du-chat","7":"product_cat-chat","8":"pa_marque-royal-canin","10":"first","11":"outofstock","12":"taxable","13":"shipping-taxable","14":"purchasable","15":"product-type-variable"},"yoast_head":"<!-- This site is optimized with the Yoast SEO plugin v27.5 - https:\/\/yoast.com\/product\/yoast-seo-wordpress\/ -->\n<title>Vet Care Nutrition (Royal Canin) VCN chat senior stage 2 High calorie Royal Canin - V\u00e9torino<\/title>\n<meta name=\"description\" content=\"Les croquettes premium SENIOR CONSULT STAGE 2 HIGH CALORIE apportent une alimentation adapt\u00e9e au chat senior pour lutter contre les premiers signes de s\u00e9nilit\u00e9 et les calculs urinaires tout en limitant la perte de poids.\" \/>\n<meta name=\"robots\" content=\"index, follow, max-snippet:-1, max-image-preview:large, max-video-preview:-1\" \/>\n<link rel=\"canonical\" href=\"https:\/\/www.vetorino.com\/boutique\/product\/vcn-chat-senior-stage-2-high-calorie\/\" \/>\n<meta property=\"og:locale\" content=\"fr_FR\" \/>\n<meta property=\"og:type\" content=\"article\" \/>\n<meta property=\"og:title\" content=\"Vet Care Nutrition (Royal Canin) VCN chat senior stage 2 High calorie Royal Canin - V\u00e9torino\" \/>\n<meta property=\"og:description\" content=\"Les croquettes premium SENIOR CONSULT STAGE 2 HIGH CALORIE apportent une alimentation adapt\u00e9e au chat senior pour lutter contre les premiers signes de s\u00e9nilit\u00e9 et les calculs urinaires tout en limitant la perte de poids.\" \/>\n<meta property=\"og:url\" content=\"https:\/\/www.vetorino.com\/boutique\/product\/vcn-chat-senior-stage-2-high-calorie\/\" \/>\n<meta property=\"og:site_name\" content=\"V\u00e9torino\" \/>\n<meta property=\"article:publisher\" content=\"https:\/\/www.facebook.com\/Vetorino\/\" \/>\n<meta property=\"article:modified_time\" content=\"2024-01-25T11:27:37+00:00\" \/>\n<meta property=\"og:image\" content=\"https:\/\/www.vetorino.com\/boutique\/wp-content\/uploads\/2020\/03\/Animal-city-royal_canin_vet_senior_consult_stage_2-chat.jpg\" \/>\n\t<meta property=\"og:image:width\" content=\"800\" \/>\n\t<meta property=\"og:image:height\" content=\"800\" \/>\n\t<meta property=\"og:image:type\" content=\"image\/jpeg\" \/>\n<meta name=\"twitter:card\" content=\"summary_large_image\" \/>\n<meta name=\"twitter:label1\" content=\"Disponibilit\u00e9\" \/>\n\t<meta name=\"twitter:data1\" content=\"Rupture de stock\" \/>\n<script type=\"application\/ld+json\" class=\"yoast-schema-graph\">{\"@context\":\"https:\\\/\\\/schema.org\",\"@graph\":[{\"@type\":\"WebPage\",\"@id\":\"https:\\\/\\\/www.vetorino.com\\\/boutique\\\/product\\\/vcn-chat-senior-stage-2-high-calorie\\\/\",\"url\":\"https:\\\/\\\/www.vetorino.com\\\/boutique\\\/product\\\/vcn-chat-senior-stage-2-high-calorie\\\/\",\"name\":\"Vet Care Nutrition (Royal Canin) VCN chat senior stage 2 High calorie Royal Canin - V\u00e9torino\",\"isPartOf\":{\"@id\":\"https:\\\/\\\/www.vetorino.com\\\/boutique\\\/#website\"},\"primaryImageOfPage\":{\"@id\":\"https:\\\/\\\/www.vetorino.com\\\/boutique\\\/product\\\/vcn-chat-senior-stage-2-high-calorie\\\/#primaryimage\"},\"image\":{\"@id\":\"https:\\\/\\\/www.vetorino.com\\\/boutique\\\/product\\\/vcn-chat-senior-stage-2-high-calorie\\\/#primaryimage\"},\"thumbnailUrl\":\"https:\\\/\\\/www.vetorino.com\\\/boutique\\\/wp-content\\\/uploads\\\/2020\\\/03\\\/Animal-city-royal_canin_vet_senior_consult_stage_2-chat.jpg\",\"datePublished\":\"2020-03-04T21:02:41+00:00\",\"dateModified\":\"2024-01-25T11:27:37+00:00\",\"description\":\"Les croquettes premium SENIOR CONSULT STAGE 2 HIGH CALORIE apportent une alimentation adapt\u00e9e au chat senior pour lutter contre les premiers signes de s\u00e9nilit\u00e9 et les calculs urinaires tout en limitant la perte de poids.\",\"breadcrumb\":{\"@id\":\"https:\\\/\\\/www.vetorino.com\\\/boutique\\\/product\\\/vcn-chat-senior-stage-2-high-calorie\\\/#breadcrumb\"},\"inLanguage\":\"fr-FR\",\"potentialAction\":[{\"@type\":\"ReadAction\",\"target\":[\"https:\\\/\\\/www.vetorino.com\\\/boutique\\\/product\\\/vcn-chat-senior-stage-2-high-calorie\\\/\"]}]},{\"@type\":\"ImageObject\",\"inLanguage\":\"fr-FR\",\"@id\":\"https:\\\/\\\/www.vetorino.com\\\/boutique\\\/product\\\/vcn-chat-senior-stage-2-high-calorie\\\/#primaryimage\",\"url\":\"https:\\\/\\\/www.vetorino.com\\\/boutique\\\/wp-content\\\/uploads\\\/2020\\\/03\\\/Animal-city-royal_canin_vet_senior_consult_stage_2-chat.jpg\",\"contentUrl\":\"https:\\\/\\\/www.vetorino.com\\\/boutique\\\/wp-content\\\/uploads\\\/2020\\\/03\\\/Animal-city-royal_canin_vet_senior_consult_stage_2-chat.jpg\",\"width\":800,\"height\":800},{\"@type\":\"BreadcrumbList\",\"@id\":\"https:\\\/\\\/www.vetorino.com\\\/boutique\\\/product\\\/vcn-chat-senior-stage-2-high-calorie\\\/#breadcrumb\",\"itemListElement\":[{\"@type\":\"ListItem\",\"position\":1,\"name\":\"Accueil\",\"item\":\"https:\\\/\\\/www.vetorino.com\\\/boutique\\\/\"},{\"@type\":\"ListItem\",\"position\":2,\"name\":\"Produits\",\"item\":\"https:\\\/\\\/www.vetorino.com\\\/boutique\\\/\"},{\"@type\":\"ListItem\",\"position\":3,\"name\":\"VCN chat senior stage 2 High calorie\"}]},{\"@type\":\"WebSite\",\"@id\":\"https:\\\/\\\/www.vetorino.com\\\/boutique\\\/#website\",\"url\":\"https:\\\/\\\/www.vetorino.com\\\/boutique\\\/\",\"name\":\"V\u00e9torino\",\"description\":\"\",\"publisher\":{\"@id\":\"https:\\\/\\\/www.vetorino.com\\\/boutique\\\/#organization\"},\"potentialAction\":[{\"@type\":\"SearchAction\",\"target\":{\"@type\":\"EntryPoint\",\"urlTemplate\":\"https:\\\/\\\/www.vetorino.com\\\/boutique\\\/?s={search_term_string}\"},\"query-input\":{\"@type\":\"PropertyValueSpecification\",\"valueRequired\":true,\"valueName\":\"search_term_string\"}}],\"inLanguage\":\"fr-FR\"},{\"@type\":\"Organization\",\"@id\":\"https:\\\/\\\/www.vetorino.com\\\/boutique\\\/#organization\",\"name\":\"V\u00e9torino\",\"url\":\"https:\\\/\\\/www.vetorino.com\\\/boutique\\\/\",\"logo\":{\"@type\":\"ImageObject\",\"inLanguage\":\"fr-FR\",\"@id\":\"https:\\\/\\\/www.vetorino.com\\\/boutique\\\/#\\\/schema\\\/logo\\\/image\\\/\",\"url\":\"https:\\\/\\\/www.vetorino.com\\\/boutique\\\/wp-content\\\/uploads\\\/2024\\\/10\\\/logo.jpg\",\"contentUrl\":\"https:\\\/\\\/www.vetorino.com\\\/boutique\\\/wp-content\\\/uploads\\\/2024\\\/10\\\/logo.jpg\",\"width\":1200,\"height\":610,\"caption\":\"V\u00e9torino\"},\"image\":{\"@id\":\"https:\\\/\\\/www.vetorino.com\\\/boutique\\\/#\\\/schema\\\/logo\\\/image\\\/\"},\"sameAs\":[\"https:\\\/\\\/www.facebook.com\\\/Vetorino\\\/\",\"https:\\\/\\\/www.instagram.com\\\/vetorino_off\\\/\",\"https:\\\/\\\/www.linkedin.com\\\/company\\\/vtorino\\\/\"]}]}<\/script>\n<meta property=\"product:brand\" content=\"Royal Canin\" \/>\n<meta property=\"og:availability\" content=\"out of stock\" \/>\n<meta property=\"product:availability\" content=\"out of stock\" \/>\n<meta property=\"product:condition\" content=\"new\" \/>\n<!-- \/ Yoast SEO plugin. -->","yoast_head_json":{"title":"Vet Care Nutrition (Royal Canin) VCN chat senior stage 2 High calorie Royal Canin - V\u00e9torino","description":"Les croquettes premium SENIOR CONSULT STAGE 2 HIGH CALORIE apportent une alimentation adapt\u00e9e au chat senior pour lutter contre les premiers signes de s\u00e9nilit\u00e9 et les calculs urinaires tout en limitant la perte de poids.","robots":{"index":"index","follow":"follow","max-snippet":"max-snippet:-1","max-image-preview":"max-image-preview:large","max-video-preview":"max-video-preview:-1"},"canonical":"https:\/\/www.vetorino.com\/boutique\/product\/vcn-chat-senior-stage-2-high-calorie\/","og_locale":"fr_FR","og_type":"article","og_title":"Vet Care Nutrition (Royal Canin) VCN chat senior stage 2 High calorie Royal Canin - V\u00e9torino","og_description":"Les croquettes premium SENIOR CONSULT STAGE 2 HIGH CALORIE apportent une alimentation adapt\u00e9e au chat senior pour lutter contre les premiers signes de s\u00e9nilit\u00e9 et les calculs urinaires tout en limitant la perte de poids.","og_url":"https:\/\/www.vetorino.com\/boutique\/product\/vcn-chat-senior-stage-2-high-calorie\/","og_site_name":"V\u00e9torino","article_publisher":"https:\/\/www.facebook.com\/Vetorino\/","article_modified_time":"2024-01-25T11:27:37+00:00","og_image":[{"width":800,"height":800,"url":"https:\/\/www.vetorino.com\/boutique\/wp-content\/uploads\/2020\/03\/Animal-city-royal_canin_vet_senior_consult_stage_2-chat.jpg","type":"image\/jpeg"}],"twitter_card":"summary_large_image","twitter_misc":{"Disponibilit\u00e9":"Rupture de stock"},"schema":{"@context":"https:\/\/schema.org","@graph":[{"@type":"WebPage","@id":"https:\/\/www.vetorino.com\/boutique\/product\/vcn-chat-senior-stage-2-high-calorie\/","url":"https:\/\/www.vetorino.com\/boutique\/product\/vcn-chat-senior-stage-2-high-calorie\/","name":"Vet Care Nutrition (Royal Canin) VCN chat senior stage 2 High calorie Royal Canin - V\u00e9torino","isPartOf":{"@id":"https:\/\/www.vetorino.com\/boutique\/#website"},"primaryImageOfPage":{"@id":"https:\/\/www.vetorino.com\/boutique\/product\/vcn-chat-senior-stage-2-high-calorie\/#primaryimage"},"image":{"@id":"https:\/\/www.vetorino.com\/boutique\/product\/vcn-chat-senior-stage-2-high-calorie\/#primaryimage"},"thumbnailUrl":"https:\/\/www.vetorino.com\/boutique\/wp-content\/uploads\/2020\/03\/Animal-city-royal_canin_vet_senior_consult_stage_2-chat.jpg","datePublished":"2020-03-04T21:02:41+00:00","dateModified":"2024-01-25T11:27:37+00:00","description":"Les croquettes premium SENIOR CONSULT STAGE 2 HIGH CALORIE apportent une alimentation adapt\u00e9e au chat senior pour lutter contre les premiers signes de s\u00e9nilit\u00e9 et les calculs urinaires tout en limitant la perte de poids.","breadcrumb":{"@id":"https:\/\/www.vetorino.com\/boutique\/product\/vcn-chat-senior-stage-2-high-calorie\/#breadcrumb"},"inLanguage":"fr-FR","potentialAction":[{"@type":"ReadAction","target":["https:\/\/www.vetorino.com\/boutique\/product\/vcn-chat-senior-stage-2-high-calorie\/"]}]},{"@type":"ImageObject","inLanguage":"fr-FR","@id":"https:\/\/www.vetorino.com\/boutique\/product\/vcn-chat-senior-stage-2-high-calorie\/#primaryimage","url":"https:\/\/www.vetorino.com\/boutique\/wp-content\/uploads\/2020\/03\/Animal-city-royal_canin_vet_senior_consult_stage_2-chat.jpg","contentUrl":"https:\/\/www.vetorino.com\/boutique\/wp-content\/uploads\/2020\/03\/Animal-city-royal_canin_vet_senior_consult_stage_2-chat.jpg","width":800,"height":800},{"@type":"BreadcrumbList","@id":"https:\/\/www.vetorino.com\/boutique\/product\/vcn-chat-senior-stage-2-high-calorie\/#breadcrumb","itemListElement":[{"@type":"ListItem","position":1,"name":"Accueil","item":"https:\/\/www.vetorino.com\/boutique\/"},{"@type":"ListItem","position":2,"name":"Produits","item":"https:\/\/www.vetorino.com\/boutique\/"},{"@type":"ListItem","position":3,"name":"VCN chat senior stage 2 High calorie"}]},{"@type":"WebSite","@id":"https:\/\/www.vetorino.com\/boutique\/#website","url":"https:\/\/www.vetorino.com\/boutique\/","name":"V\u00e9torino","description":"","publisher":{"@id":"https:\/\/www.vetorino.com\/boutique\/#organization"},"potentialAction":[{"@type":"SearchAction","target":{"@type":"EntryPoint","urlTemplate":"https:\/\/www.vetorino.com\/boutique\/?s={search_term_string}"},"query-input":{"@type":"PropertyValueSpecification","valueRequired":true,"valueName":"search_term_string"}}],"inLanguage":"fr-FR"},{"@type":"Organization","@id":"https:\/\/www.vetorino.com\/boutique\/#organization","name":"V\u00e9torino","url":"https:\/\/www.vetorino.com\/boutique\/","logo":{"@type":"ImageObject","inLanguage":"fr-FR","@id":"https:\/\/www.vetorino.com\/boutique\/#\/schema\/logo\/image\/","url":"https:\/\/www.vetorino.com\/boutique\/wp-content\/uploads\/2024\/10\/logo.jpg","contentUrl":"https:\/\/www.vetorino.com\/boutique\/wp-content\/uploads\/2024\/10\/logo.jpg","width":1200,"height":610,"caption":"V\u00e9torino"},"image":{"@id":"https:\/\/www.vetorino.com\/boutique\/#\/schema\/logo\/image\/"},"sameAs":["https:\/\/www.facebook.com\/Vetorino\/","https:\/\/www.instagram.com\/vetorino_off\/","https:\/\/www.linkedin.com\/company\/vtorino\/"]}]},"product_brand":"Royal Canin","og_availability":"out of stock","product_availability":"out of stock","product_condition":"new"},"_links":{"self":[{"href":"https:\/\/www.vetorino.com\/boutique\/wp-json\/wp\/v2\/product\/34580","targetHints":{"allow":["GET"]}}],"collection":[{"href":"https:\/\/www.vetorino.com\/boutique\/wp-json\/wp\/v2\/product"}],"about":[{"href":"https:\/\/www.vetorino.com\/boutique\/wp-json\/wp\/v2\/types\/product"}],"wp:featuredmedia":[{"embeddable":true,"href":"https:\/\/www.vetorino.com\/boutique\/wp-json\/wp\/v2\/media\/721635"}],"wp:attachment":[{"href":"https:\/\/www.vetorino.com\/boutique\/wp-json\/wp\/v2\/media?parent=34580"}],"wp:term":[{"taxonomy":"product_cat","embeddable":true,"href":"https:\/\/www.vetorino.com\/boutique\/wp-json\/wp\/v2\/product_cat?post=34580"},{"taxonomy":"product_tag","embeddable":true,"href":"https:\/\/www.vetorino.com\/boutique\/wp-json\/wp\/v2\/product_tag?post=34580"}],"curies":[{"name":"wp","href":"https:\/\/api.w.org\/{rel}","templated":true}]}}