{"id":346393,"date":"2022-07-19T02:57:18","date_gmt":"2022-07-19T00:57:18","guid":{"rendered":"https:\/\/www.vetorino.com\/boutique\/?post_type=product&#038;p=346393"},"modified":"2024-11-06T14:50:50","modified_gmt":"2024-11-06T13:50:50","slug":"advantage-80-chat-lapin-2","status":"publish","type":"product","link":"https:\/\/www.vetorino.com\/boutique\/product\/advantage-80-chat-lapin-2\/","title":{"rendered":"Advantage Chat et Lapin de plus de 4 kg"},"content":{"rendered":"<div class=\"row\">\n<div class=\"col-lg-7 mdc_product_right_col\">\n<div class=\"product-information\">\n<div class=\"tabs product-tabs visible--desktop\">\n<div id=\"tab-content\" class=\"tab-content\">\n<div id=\"description\" class=\"tab-pane fade show active\" role=\"tabpanel\">\n<div class=\"product-description\">\n<p><strong>Advantage est une solution cutan\u00e9e antiparasitaire externe pour chat et lapin.<\/strong><\/p>\n<p>Dur\u00e9e d&#8217;efficacit\u00e9 : 4 semaines.\u00a0Pour les chats et lapins de moins de 4 kg,\u00a0il est conseill\u00e9 d&#8217;utiliser Advantage 40.<\/p>\n<p><strong>Utilisation :<\/strong><\/p>\n<ul>\n<li>Lapin ou chat de plus de 4 kg<\/li>\n<li>Tue les puces et prot\u00e8ge l\u2019animal contre d\u2019autres infestations.<\/li>\n<\/ul>\n<p><strong>Mode d&#8217;emploi :<\/strong><\/p>\n<ul>\n<li>Enlevez le collier avant l&#8217;application.<\/li>\n<li>Briser le sceau du tube avec le dos du capuchon.<\/li>\n<li>S\u00e9parez les poils de votre animal entre ses omoplates.<\/li>\n<li>Appliquez K9 Advantix\u00ae\u00a0II de fa\u00e7on uniforme et directement sur la surface de la peau, en appuyant sur le tube.<\/li>\n<\/ul>\n<p><strong>Avantages :<\/strong><\/p>\n<ul>\n<li>Efficacit\u00e9 maximale obtenue\u00a0<strong>dans les 24 heures.<\/strong><\/li>\n<li><strong>Prot\u00e8ge contre les infestations ult\u00e9rieures<\/strong>\u00a0de puces pendant au moins quatre semaines.<\/li>\n<li>Les puces sont tu\u00e9es un jour apr\u00e8s le traitement.<\/li>\n<li>Un seul traitement pr\u00e9vient les r\u00e9infestations par les puces pendant 3 \u00e0 4 semaines chez le chat.<\/li>\n<li>Le m\u00e9dicament peut \u00eatre int\u00e9gr\u00e9 dans un programme th\u00e9rapeutique de la\u00a0<strong>Dermatite Allergique par Piq\u00fbres de Puces (DAPP)<\/strong>, apr\u00e8s diagnostic par le v\u00e9t\u00e9rinaire.<\/li>\n<\/ul>\n<p><strong>Demandez conseil \u00e0 votre v\u00e9t\u00e9rinaire avant utilisation.<\/strong><\/p>\n<\/div>\n<\/div>\n<\/div>\n<\/div>\n<\/div>\n<\/div>\n<\/div>\n<section class=\"product-accessories mdc_accessories_block mt-3\"><\/section>\n","protected":false},"excerpt":{"rendered":"<div id=\"product-description-short-2439\">\n<p><strong>Advantage\u00a0est une solution cutan\u00e9e antiparasitaire externe pour\u00a0chat et lapin.<\/strong><\/p>\n<p>Dur\u00e9e d&#8217;efficacit\u00e9 : 4 semaines.\u00a0Pour les chats et lapins de moins de 4 kg,\u00a0il est conseill\u00e9 d&#8217;utiliser Advantage 40.<\/p>\n<p><strong>Utilisation :<\/strong><\/p>\n<ul>\n<li>Lapin ou chat de plus de 4 kg<\/li>\n<li>Tue les puces d\u00e9j\u00e0 pr\u00e9sentes et prot\u00e8ge l\u2019animal contre d\u2019autres infestations.<\/li>\n<\/ul>\n<p><strong>Demandez conseil \u00e0 votre v\u00e9t\u00e9rinaire avant utilisation.<\/strong><\/p>\n<\/div>\n<div class=\"product-actions\">\n<div class=\"product-variants\"><\/div>\n<div class=\"mdj_product_master\"><\/div>\n<\/div>\n","protected":false},"featured_media":801045,"template":"","meta":[],"product_cat":[12553,12587,2697,12563,15841],"product_tag":[],"class_list":{"0":"post-346393","1":"product","2":"type-product","3":"status-publish","4":"has-post-thumbnail","6":"product_cat-antiparasitaire-du-chat","7":"product_cat-antiparasitaire-pour-lapin","8":"product_cat-chat","9":"product_cat-lapin","10":"product_cat-lapins","11":"pa_marque-elanco","13":"first","14":"instock","15":"taxable","16":"shipping-taxable","17":"purchasable","18":"product-type-variable"},"yoast_head":"<!-- This site is optimized with the Yoast SEO plugin v27.3 - https:\/\/yoast.com\/product\/yoast-seo-wordpress\/ -->\n<title>Advantage Chat et Lapin de plus de 4 kg Elanco - V\u00e9torino<\/title>\n<meta name=\"description\" content=\"Advantage\u00a0est une solution cutan\u00e9e antiparasitaire externe pour\u00a0chat et lapin.  Dur\u00e9e d&#039;efficacit\u00e9 : 4 semaines.\u00a0Pour les chats et lapins de moins de 4 kg,\u00a0il est conseill\u00e9 d&#039;utiliser Advantage 40.  Utilisation :   Lapin ou chat de plus de 4 kg  Tue les puces d\u00e9j\u00e0 pr\u00e9sentes et prot\u00e8ge l\u2019animal contre d\u2019autres infestations.  Demandez conseil \u00e0 votre v\u00e9t\u00e9rinaire avant utilisation.\" \/>\n<meta name=\"robots\" content=\"index, follow, max-snippet:-1, max-image-preview:large, max-video-preview:-1\" \/>\n<link rel=\"canonical\" href=\"https:\/\/www.vetorino.com\/boutique\/product\/advantage-80-chat-lapin-2\/\" \/>\n<meta property=\"og:locale\" content=\"fr_FR\" \/>\n<meta property=\"og:type\" content=\"article\" \/>\n<meta property=\"og:title\" content=\"Advantage Chat et Lapin de plus de 4 kg Elanco - V\u00e9torino\" \/>\n<meta property=\"og:description\" content=\"Advantage\u00a0est une solution cutan\u00e9e antiparasitaire externe pour\u00a0chat et lapin.  Dur\u00e9e d&#039;efficacit\u00e9 : 4 semaines.\u00a0Pour les chats et lapins de moins de 4 kg,\u00a0il est conseill\u00e9 d&#039;utiliser Advantage 40.  Utilisation :   Lapin ou chat de plus de 4 kg  Tue les puces d\u00e9j\u00e0 pr\u00e9sentes et prot\u00e8ge l\u2019animal contre d\u2019autres infestations.  Demandez conseil \u00e0 votre v\u00e9t\u00e9rinaire avant utilisation.\" \/>\n<meta property=\"og:url\" content=\"https:\/\/www.vetorino.com\/boutique\/product\/advantage-80-chat-lapin-2\/\" \/>\n<meta property=\"og:site_name\" content=\"V\u00e9torino\" \/>\n<meta property=\"article:publisher\" content=\"https:\/\/www.facebook.com\/Vetorino\/\" \/>\n<meta property=\"article:modified_time\" content=\"2024-11-06T13:50:50+00:00\" \/>\n<meta property=\"og:image\" content=\"https:\/\/www.vetorino.com\/boutique\/wp-content\/uploads\/2021\/04\/advantage-chat-et-lapin-de-plus-de-4-kg.webp\" \/>\n\t<meta property=\"og:image:width\" content=\"540\" \/>\n\t<meta property=\"og:image:height\" content=\"540\" \/>\n\t<meta property=\"og:image:type\" content=\"image\/webp\" \/>\n<meta name=\"twitter:card\" content=\"summary_large_image\" \/>\n<meta name=\"twitter:label1\" content=\"Disponibilit\u00e9\" \/>\n\t<meta name=\"twitter:data1\" content=\"En stock\" \/>\n<script type=\"application\/ld+json\" class=\"yoast-schema-graph\">{\"@context\":\"https:\\\/\\\/schema.org\",\"@graph\":[{\"@type\":\"WebPage\",\"@id\":\"https:\\\/\\\/www.vetorino.com\\\/boutique\\\/product\\\/advantage-80-chat-lapin-2\\\/\",\"url\":\"https:\\\/\\\/www.vetorino.com\\\/boutique\\\/product\\\/advantage-80-chat-lapin-2\\\/\",\"name\":\"Advantage Chat et Lapin de plus de 4 kg Elanco - V\u00e9torino\",\"isPartOf\":{\"@id\":\"https:\\\/\\\/www.vetorino.com\\\/boutique\\\/#website\"},\"primaryImageOfPage\":{\"@id\":\"https:\\\/\\\/www.vetorino.com\\\/boutique\\\/product\\\/advantage-80-chat-lapin-2\\\/#primaryimage\"},\"image\":{\"@id\":\"https:\\\/\\\/www.vetorino.com\\\/boutique\\\/product\\\/advantage-80-chat-lapin-2\\\/#primaryimage\"},\"thumbnailUrl\":\"https:\\\/\\\/www.vetorino.com\\\/boutique\\\/wp-content\\\/uploads\\\/2021\\\/04\\\/advantage-chat-et-lapin-de-plus-de-4-kg.webp\",\"datePublished\":\"2022-07-19T00:57:18+00:00\",\"dateModified\":\"2024-11-06T13:50:50+00:00\",\"description\":\"Advantage\u00a0est une solution cutan\u00e9e antiparasitaire externe pour\u00a0chat et lapin. Dur\u00e9e d'efficacit\u00e9 : 4 semaines.\u00a0Pour les chats et lapins de moins de 4 kg,\u00a0il est conseill\u00e9 d'utiliser Advantage 40. Utilisation : Lapin ou chat de plus de 4 kg Tue les puces d\u00e9j\u00e0 pr\u00e9sentes et prot\u00e8ge l\u2019animal contre d\u2019autres infestations. Demandez conseil \u00e0 votre v\u00e9t\u00e9rinaire avant utilisation.\",\"breadcrumb\":{\"@id\":\"https:\\\/\\\/www.vetorino.com\\\/boutique\\\/product\\\/advantage-80-chat-lapin-2\\\/#breadcrumb\"},\"inLanguage\":\"fr-FR\",\"potentialAction\":[{\"@type\":\"ReadAction\",\"target\":[\"https:\\\/\\\/www.vetorino.com\\\/boutique\\\/product\\\/advantage-80-chat-lapin-2\\\/\"]}]},{\"@type\":\"ImageObject\",\"inLanguage\":\"fr-FR\",\"@id\":\"https:\\\/\\\/www.vetorino.com\\\/boutique\\\/product\\\/advantage-80-chat-lapin-2\\\/#primaryimage\",\"url\":\"https:\\\/\\\/www.vetorino.com\\\/boutique\\\/wp-content\\\/uploads\\\/2021\\\/04\\\/advantage-chat-et-lapin-de-plus-de-4-kg.webp\",\"contentUrl\":\"https:\\\/\\\/www.vetorino.com\\\/boutique\\\/wp-content\\\/uploads\\\/2021\\\/04\\\/advantage-chat-et-lapin-de-plus-de-4-kg.webp\",\"width\":540,\"height\":540},{\"@type\":\"BreadcrumbList\",\"@id\":\"https:\\\/\\\/www.vetorino.com\\\/boutique\\\/product\\\/advantage-80-chat-lapin-2\\\/#breadcrumb\",\"itemListElement\":[{\"@type\":\"ListItem\",\"position\":1,\"name\":\"Accueil\",\"item\":\"https:\\\/\\\/www.vetorino.com\\\/boutique\\\/\"},{\"@type\":\"ListItem\",\"position\":2,\"name\":\"Produits\",\"item\":\"https:\\\/\\\/www.vetorino.com\\\/boutique\\\/\"},{\"@type\":\"ListItem\",\"position\":3,\"name\":\"Advantage Chat et Lapin de plus de 4 kg\"}]},{\"@type\":\"WebSite\",\"@id\":\"https:\\\/\\\/www.vetorino.com\\\/boutique\\\/#website\",\"url\":\"https:\\\/\\\/www.vetorino.com\\\/boutique\\\/\",\"name\":\"V\u00e9torino\",\"description\":\"\",\"publisher\":{\"@id\":\"https:\\\/\\\/www.vetorino.com\\\/boutique\\\/#organization\"},\"potentialAction\":[{\"@type\":\"SearchAction\",\"target\":{\"@type\":\"EntryPoint\",\"urlTemplate\":\"https:\\\/\\\/www.vetorino.com\\\/boutique\\\/?s={search_term_string}\"},\"query-input\":{\"@type\":\"PropertyValueSpecification\",\"valueRequired\":true,\"valueName\":\"search_term_string\"}}],\"inLanguage\":\"fr-FR\"},{\"@type\":\"Organization\",\"@id\":\"https:\\\/\\\/www.vetorino.com\\\/boutique\\\/#organization\",\"name\":\"V\u00e9torino\",\"url\":\"https:\\\/\\\/www.vetorino.com\\\/boutique\\\/\",\"logo\":{\"@type\":\"ImageObject\",\"inLanguage\":\"fr-FR\",\"@id\":\"https:\\\/\\\/www.vetorino.com\\\/boutique\\\/#\\\/schema\\\/logo\\\/image\\\/\",\"url\":\"https:\\\/\\\/www.vetorino.com\\\/boutique\\\/wp-content\\\/uploads\\\/2024\\\/10\\\/logo.jpg\",\"contentUrl\":\"https:\\\/\\\/www.vetorino.com\\\/boutique\\\/wp-content\\\/uploads\\\/2024\\\/10\\\/logo.jpg\",\"width\":1200,\"height\":610,\"caption\":\"V\u00e9torino\"},\"image\":{\"@id\":\"https:\\\/\\\/www.vetorino.com\\\/boutique\\\/#\\\/schema\\\/logo\\\/image\\\/\"},\"sameAs\":[\"https:\\\/\\\/www.facebook.com\\\/Vetorino\\\/\",\"https:\\\/\\\/www.instagram.com\\\/vetorino_off\\\/\",\"https:\\\/\\\/www.linkedin.com\\\/company\\\/vtorino\\\/\"]}]}<\/script>\n<meta property=\"product:brand\" content=\"Elanco\" \/>\n<meta property=\"og:availability\" content=\"instock\" \/>\n<meta property=\"product:availability\" content=\"instock\" \/>\n<meta property=\"product:condition\" content=\"new\" \/>\n<!-- \/ Yoast SEO plugin. -->","yoast_head_json":{"title":"Advantage Chat et Lapin de plus de 4 kg Elanco - V\u00e9torino","description":"Advantage\u00a0est une solution cutan\u00e9e antiparasitaire externe pour\u00a0chat et lapin.  Dur\u00e9e d'efficacit\u00e9 : 4 semaines.\u00a0Pour les chats et lapins de moins de 4 kg,\u00a0il est conseill\u00e9 d'utiliser Advantage 40.  Utilisation :   Lapin ou chat de plus de 4 kg  Tue les puces d\u00e9j\u00e0 pr\u00e9sentes et prot\u00e8ge l\u2019animal contre d\u2019autres infestations.  Demandez conseil \u00e0 votre v\u00e9t\u00e9rinaire avant utilisation.","robots":{"index":"index","follow":"follow","max-snippet":"max-snippet:-1","max-image-preview":"max-image-preview:large","max-video-preview":"max-video-preview:-1"},"canonical":"https:\/\/www.vetorino.com\/boutique\/product\/advantage-80-chat-lapin-2\/","og_locale":"fr_FR","og_type":"article","og_title":"Advantage Chat et Lapin de plus de 4 kg Elanco - V\u00e9torino","og_description":"Advantage\u00a0est une solution cutan\u00e9e antiparasitaire externe pour\u00a0chat et lapin.  Dur\u00e9e d'efficacit\u00e9 : 4 semaines.\u00a0Pour les chats et lapins de moins de 4 kg,\u00a0il est conseill\u00e9 d'utiliser Advantage 40.  Utilisation :   Lapin ou chat de plus de 4 kg  Tue les puces d\u00e9j\u00e0 pr\u00e9sentes et prot\u00e8ge l\u2019animal contre d\u2019autres infestations.  Demandez conseil \u00e0 votre v\u00e9t\u00e9rinaire avant utilisation.","og_url":"https:\/\/www.vetorino.com\/boutique\/product\/advantage-80-chat-lapin-2\/","og_site_name":"V\u00e9torino","article_publisher":"https:\/\/www.facebook.com\/Vetorino\/","article_modified_time":"2024-11-06T13:50:50+00:00","og_image":[{"width":540,"height":540,"url":"https:\/\/www.vetorino.com\/boutique\/wp-content\/uploads\/2021\/04\/advantage-chat-et-lapin-de-plus-de-4-kg.webp","type":"image\/webp"}],"twitter_card":"summary_large_image","twitter_misc":{"Disponibilit\u00e9":"En stock"},"schema":{"@context":"https:\/\/schema.org","@graph":[{"@type":"WebPage","@id":"https:\/\/www.vetorino.com\/boutique\/product\/advantage-80-chat-lapin-2\/","url":"https:\/\/www.vetorino.com\/boutique\/product\/advantage-80-chat-lapin-2\/","name":"Advantage Chat et Lapin de plus de 4 kg Elanco - V\u00e9torino","isPartOf":{"@id":"https:\/\/www.vetorino.com\/boutique\/#website"},"primaryImageOfPage":{"@id":"https:\/\/www.vetorino.com\/boutique\/product\/advantage-80-chat-lapin-2\/#primaryimage"},"image":{"@id":"https:\/\/www.vetorino.com\/boutique\/product\/advantage-80-chat-lapin-2\/#primaryimage"},"thumbnailUrl":"https:\/\/www.vetorino.com\/boutique\/wp-content\/uploads\/2021\/04\/advantage-chat-et-lapin-de-plus-de-4-kg.webp","datePublished":"2022-07-19T00:57:18+00:00","dateModified":"2024-11-06T13:50:50+00:00","description":"Advantage\u00a0est une solution cutan\u00e9e antiparasitaire externe pour\u00a0chat et lapin. Dur\u00e9e d'efficacit\u00e9 : 4 semaines.\u00a0Pour les chats et lapins de moins de 4 kg,\u00a0il est conseill\u00e9 d'utiliser Advantage 40. Utilisation : Lapin ou chat de plus de 4 kg Tue les puces d\u00e9j\u00e0 pr\u00e9sentes et prot\u00e8ge l\u2019animal contre d\u2019autres infestations. Demandez conseil \u00e0 votre v\u00e9t\u00e9rinaire avant utilisation.","breadcrumb":{"@id":"https:\/\/www.vetorino.com\/boutique\/product\/advantage-80-chat-lapin-2\/#breadcrumb"},"inLanguage":"fr-FR","potentialAction":[{"@type":"ReadAction","target":["https:\/\/www.vetorino.com\/boutique\/product\/advantage-80-chat-lapin-2\/"]}]},{"@type":"ImageObject","inLanguage":"fr-FR","@id":"https:\/\/www.vetorino.com\/boutique\/product\/advantage-80-chat-lapin-2\/#primaryimage","url":"https:\/\/www.vetorino.com\/boutique\/wp-content\/uploads\/2021\/04\/advantage-chat-et-lapin-de-plus-de-4-kg.webp","contentUrl":"https:\/\/www.vetorino.com\/boutique\/wp-content\/uploads\/2021\/04\/advantage-chat-et-lapin-de-plus-de-4-kg.webp","width":540,"height":540},{"@type":"BreadcrumbList","@id":"https:\/\/www.vetorino.com\/boutique\/product\/advantage-80-chat-lapin-2\/#breadcrumb","itemListElement":[{"@type":"ListItem","position":1,"name":"Accueil","item":"https:\/\/www.vetorino.com\/boutique\/"},{"@type":"ListItem","position":2,"name":"Produits","item":"https:\/\/www.vetorino.com\/boutique\/"},{"@type":"ListItem","position":3,"name":"Advantage Chat et Lapin de plus de 4 kg"}]},{"@type":"WebSite","@id":"https:\/\/www.vetorino.com\/boutique\/#website","url":"https:\/\/www.vetorino.com\/boutique\/","name":"V\u00e9torino","description":"","publisher":{"@id":"https:\/\/www.vetorino.com\/boutique\/#organization"},"potentialAction":[{"@type":"SearchAction","target":{"@type":"EntryPoint","urlTemplate":"https:\/\/www.vetorino.com\/boutique\/?s={search_term_string}"},"query-input":{"@type":"PropertyValueSpecification","valueRequired":true,"valueName":"search_term_string"}}],"inLanguage":"fr-FR"},{"@type":"Organization","@id":"https:\/\/www.vetorino.com\/boutique\/#organization","name":"V\u00e9torino","url":"https:\/\/www.vetorino.com\/boutique\/","logo":{"@type":"ImageObject","inLanguage":"fr-FR","@id":"https:\/\/www.vetorino.com\/boutique\/#\/schema\/logo\/image\/","url":"https:\/\/www.vetorino.com\/boutique\/wp-content\/uploads\/2024\/10\/logo.jpg","contentUrl":"https:\/\/www.vetorino.com\/boutique\/wp-content\/uploads\/2024\/10\/logo.jpg","width":1200,"height":610,"caption":"V\u00e9torino"},"image":{"@id":"https:\/\/www.vetorino.com\/boutique\/#\/schema\/logo\/image\/"},"sameAs":["https:\/\/www.facebook.com\/Vetorino\/","https:\/\/www.instagram.com\/vetorino_off\/","https:\/\/www.linkedin.com\/company\/vtorino\/"]}]},"product_brand":"Elanco","og_availability":"instock","product_availability":"instock","product_condition":"new"},"_links":{"self":[{"href":"https:\/\/www.vetorino.com\/boutique\/wp-json\/wp\/v2\/product\/346393","targetHints":{"allow":["GET"]}}],"collection":[{"href":"https:\/\/www.vetorino.com\/boutique\/wp-json\/wp\/v2\/product"}],"about":[{"href":"https:\/\/www.vetorino.com\/boutique\/wp-json\/wp\/v2\/types\/product"}],"wp:featuredmedia":[{"embeddable":true,"href":"https:\/\/www.vetorino.com\/boutique\/wp-json\/wp\/v2\/media\/801045"}],"wp:attachment":[{"href":"https:\/\/www.vetorino.com\/boutique\/wp-json\/wp\/v2\/media?parent=346393"}],"wp:term":[{"taxonomy":"product_cat","embeddable":true,"href":"https:\/\/www.vetorino.com\/boutique\/wp-json\/wp\/v2\/product_cat?post=346393"},{"taxonomy":"product_tag","embeddable":true,"href":"https:\/\/www.vetorino.com\/boutique\/wp-json\/wp\/v2\/product_tag?post=346393"}],"curies":[{"name":"wp","href":"https:\/\/api.w.org\/{rel}","templated":true}]}}