{"id":34754,"date":"2020-03-04T22:03:41","date_gmt":"2020-03-04T21:03:41","guid":{"rendered":"https:\/\/www.vetorino.com\/boutique\/product\/canine-adult-light-boite\/"},"modified":"2023-06-21T18:33:43","modified_gmt":"2023-06-21T16:33:43","slug":"canine-adult-light-boite","status":"publish","type":"product","link":"https:\/\/www.vetorino.com\/boutique\/product\/canine-adult-light-boite\/","title":{"rendered":"P\u00e2t\u00e9e ADULT LIGHT Chien 12x370g &#8211; Science Plan"},"content":{"rendered":"<div class=\"hidden\">Hill&#8217;s Pet Nutrition<\/div>\n<p><b>Caract\u00e9risiques<\/b><br \/>\nCet aliment a \u00e9t\u00e9 sp\u00e9cialement formul\u00e9 pour r\u00e9pondre aux besoins des chiens adultes ayant besoin d?un faible apport calorique (activit\u00e9 physique r\u00e9duite). Elabor\u00e9 \u00e0 partir d?ingr\u00e9dients de haute qualit\u00e9, cet aliment fournit \u00e0 votre chien un apport contr\u00f4l\u00e9 en calories ainsi que de la L-Carnitine pour l?aider \u00e0 maintenir son poids id\u00e9al. Sa teneur en fibres naturelles et en prot\u00e9ines de haute qualit\u00e9 aident votre chien \u00e0 contr\u00f4ler sa sensation de faim entre les repas, et l?apport en vitamine E et en acides gras om\u00e9ga-6 favorise la bonne sant\u00e9 de sa peau et de son pelage. Recommand\u00e9 par les v\u00e9t\u00e9rinaires et \u00e9labor\u00e9 \u00e0 partir d&#8217;ingr\u00e9dients cibl\u00e9s, cet aliment est facile \u00e0 dig\u00e9rer et sa formule hypocalorique procure de puissants antioxydants. Compl\u00e8te les croquettes Hill&#8217;s ADULT LIGHT. Conditionnement : 12 bo\u00eetes de 370 g.<br \/>\n<b>Bon \u00e0 savoir<\/b><br \/>\nNe convient pas aux chats, aux chiots et aux femelles en gestation ou en lactation. Convient aux chiens adultes \u00e2g\u00e9s de 1 \u00e0 6 ans.Demandez conseil \u00e0 votre v\u00e9t\u00e9rinaire pour conna\u00eetre les quantit\u00e9s journali\u00e8res selon le poids de l&#8217;animal. De l?eau fra\u00eeche et propre doit \u00eatre disponible \u00e0 tout moment de la journ\u00e9e.<\/p>\n","protected":false},"excerpt":{"rendered":"<p>NOUVEAU LOOK ! La p\u00e2t\u00e9e premium ADULT LIGHT, pour chien adulte de petite ou moyenne race, apporte une alimentation sp\u00e9cialement formul\u00e9e pour fournir \u00e0 votre compagnon toute l?\u00e9nergie dont il a besoin.<\/p>\n","protected":false},"featured_media":77197,"template":"","meta":[],"product_cat":[12552,12584,2698],"product_tag":[],"class_list":{"0":"post-34754","1":"product","2":"type-product","3":"status-publish","4":"has-post-thumbnail","6":"product_cat-alimentation-du-chien","7":"product_cat-alimentation-premium-pour-chien","8":"product_cat-chien","9":"pa_marque-hills-pet-nutrition","11":"first","12":"outofstock","13":"taxable","14":"shipping-taxable","15":"purchasable","16":"product-type-simple"},"yoast_head":"<!-- This site is optimized with the Yoast SEO plugin v27.4 - https:\/\/yoast.com\/product\/yoast-seo-wordpress\/ -->\n<title>Science Plan (Hill&#039;s) P\u00e2t\u00e9e ADULT LIGHT Chien 12x370g - Science Plan Hill&#039;s - V\u00e9torino<\/title>\n<meta name=\"description\" content=\"NOUVEAU LOOK ! La p\u00e2t\u00e9e premium ADULT LIGHT, pour chien adulte de petite ou moyenne race, apporte une alimentation sp\u00e9cialement formul\u00e9e pour fournir \u00e0 votre compagnon toute l?\u00e9nergie dont il a besoin.\" \/>\n<meta name=\"robots\" content=\"index, follow, max-snippet:-1, max-image-preview:large, max-video-preview:-1\" \/>\n<link rel=\"canonical\" href=\"https:\/\/www.vetorino.com\/boutique\/product\/canine-adult-light-boite\/\" \/>\n<meta property=\"og:locale\" content=\"fr_FR\" \/>\n<meta property=\"og:type\" content=\"article\" \/>\n<meta property=\"og:title\" content=\"Science Plan (Hill&#039;s) P\u00e2t\u00e9e ADULT LIGHT Chien 12x370g - Science Plan Hill&#039;s - V\u00e9torino\" \/>\n<meta property=\"og:description\" content=\"NOUVEAU LOOK ! La p\u00e2t\u00e9e premium ADULT LIGHT, pour chien adulte de petite ou moyenne race, apporte une alimentation sp\u00e9cialement formul\u00e9e pour fournir \u00e0 votre compagnon toute l?\u00e9nergie dont il a besoin.\" \/>\n<meta property=\"og:url\" content=\"https:\/\/www.vetorino.com\/boutique\/product\/canine-adult-light-boite\/\" \/>\n<meta property=\"og:site_name\" content=\"V\u00e9torino\" \/>\n<meta property=\"article:publisher\" content=\"https:\/\/www.facebook.com\/Vetorino\/\" \/>\n<meta property=\"article:modified_time\" content=\"2023-06-21T16:33:43+00:00\" \/>\n<meta property=\"og:image\" content=\"https:\/\/www.vetorino.com\/boutique\/wp-content\/uploads\/2020\/03\/patee-adult-light-chien-12x370g-science-plan-61.jpg\" \/>\n\t<meta property=\"og:image:width\" content=\"700\" \/>\n\t<meta property=\"og:image:height\" content=\"800\" \/>\n\t<meta property=\"og:image:type\" content=\"image\/jpeg\" \/>\n<meta name=\"twitter:card\" content=\"summary_large_image\" \/>\n<meta name=\"twitter:label1\" content=\"Prix\" \/>\n\t<meta name=\"twitter:data1\" content=\"34,60&euro;\" \/>\n\t<meta name=\"twitter:label2\" content=\"Disponibilit\u00e9\" \/>\n\t<meta name=\"twitter:data2\" content=\"Rupture de stock\" \/>\n<script type=\"application\/ld+json\" class=\"yoast-schema-graph\">{\"@context\":\"https:\\\/\\\/schema.org\",\"@graph\":[{\"@type\":\"WebPage\",\"@id\":\"https:\\\/\\\/www.vetorino.com\\\/veterinaire\\\/briancon-05100\\\/boutique\\\/product\\\/canine-adult-light-boite\\\/\",\"url\":\"https:\\\/\\\/www.vetorino.com\\\/veterinaire\\\/briancon-05100\\\/boutique\\\/product\\\/canine-adult-light-boite\\\/\",\"name\":\"Science Plan (Hill's) P\u00e2t\u00e9e ADULT LIGHT Chien 12x370g - Science Plan Hill's - V\u00e9torino\",\"isPartOf\":{\"@id\":\"https:\\\/\\\/www.vetorino.com\\\/boutique\\\/#website\"},\"primaryImageOfPage\":{\"@id\":\"https:\\\/\\\/www.vetorino.com\\\/veterinaire\\\/briancon-05100\\\/boutique\\\/product\\\/canine-adult-light-boite\\\/#primaryimage\"},\"image\":{\"@id\":\"https:\\\/\\\/www.vetorino.com\\\/veterinaire\\\/briancon-05100\\\/boutique\\\/product\\\/canine-adult-light-boite\\\/#primaryimage\"},\"thumbnailUrl\":\"https:\\\/\\\/www.vetorino.com\\\/boutique\\\/wp-content\\\/uploads\\\/2020\\\/03\\\/patee-adult-light-chien-12x370g-science-plan-61.jpg\",\"datePublished\":\"2020-03-04T21:03:41+00:00\",\"dateModified\":\"2023-06-21T16:33:43+00:00\",\"description\":\"NOUVEAU LOOK ! La p\u00e2t\u00e9e premium ADULT LIGHT, pour chien adulte de petite ou moyenne race, apporte une alimentation sp\u00e9cialement formul\u00e9e pour fournir \u00e0 votre compagnon toute l?\u00e9nergie dont il a besoin.\",\"breadcrumb\":{\"@id\":\"https:\\\/\\\/www.vetorino.com\\\/veterinaire\\\/briancon-05100\\\/boutique\\\/product\\\/canine-adult-light-boite\\\/#breadcrumb\"},\"inLanguage\":\"fr-FR\",\"potentialAction\":[{\"@type\":\"ReadAction\",\"target\":[\"https:\\\/\\\/www.vetorino.com\\\/veterinaire\\\/briancon-05100\\\/boutique\\\/product\\\/canine-adult-light-boite\\\/\"]}]},{\"@type\":\"ImageObject\",\"inLanguage\":\"fr-FR\",\"@id\":\"https:\\\/\\\/www.vetorino.com\\\/veterinaire\\\/briancon-05100\\\/boutique\\\/product\\\/canine-adult-light-boite\\\/#primaryimage\",\"url\":\"https:\\\/\\\/www.vetorino.com\\\/boutique\\\/wp-content\\\/uploads\\\/2020\\\/03\\\/patee-adult-light-chien-12x370g-science-plan-61.jpg\",\"contentUrl\":\"https:\\\/\\\/www.vetorino.com\\\/boutique\\\/wp-content\\\/uploads\\\/2020\\\/03\\\/patee-adult-light-chien-12x370g-science-plan-61.jpg\",\"width\":700,\"height\":800},{\"@type\":\"BreadcrumbList\",\"@id\":\"https:\\\/\\\/www.vetorino.com\\\/veterinaire\\\/briancon-05100\\\/boutique\\\/product\\\/canine-adult-light-boite\\\/#breadcrumb\",\"itemListElement\":[{\"@type\":\"ListItem\",\"position\":1,\"name\":\"Accueil\",\"item\":\"https:\\\/\\\/www.vetorino.com\\\/boutique\\\/\"},{\"@type\":\"ListItem\",\"position\":2,\"name\":\"Produits\",\"item\":\"https:\\\/\\\/www.vetorino.com\\\/boutique\\\/\"},{\"@type\":\"ListItem\",\"position\":3,\"name\":\"P\u00e2t\u00e9e ADULT LIGHT Chien 12x370g &#8211; Science Plan\"}]},{\"@type\":\"WebSite\",\"@id\":\"https:\\\/\\\/www.vetorino.com\\\/boutique\\\/#website\",\"url\":\"https:\\\/\\\/www.vetorino.com\\\/boutique\\\/\",\"name\":\"V\u00e9torino\",\"description\":\"\",\"publisher\":{\"@id\":\"https:\\\/\\\/www.vetorino.com\\\/boutique\\\/#organization\"},\"potentialAction\":[{\"@type\":\"SearchAction\",\"target\":{\"@type\":\"EntryPoint\",\"urlTemplate\":\"https:\\\/\\\/www.vetorino.com\\\/boutique\\\/?s={search_term_string}\"},\"query-input\":{\"@type\":\"PropertyValueSpecification\",\"valueRequired\":true,\"valueName\":\"search_term_string\"}}],\"inLanguage\":\"fr-FR\"},{\"@type\":\"Organization\",\"@id\":\"https:\\\/\\\/www.vetorino.com\\\/boutique\\\/#organization\",\"name\":\"V\u00e9torino\",\"url\":\"https:\\\/\\\/www.vetorino.com\\\/boutique\\\/\",\"logo\":{\"@type\":\"ImageObject\",\"inLanguage\":\"fr-FR\",\"@id\":\"https:\\\/\\\/www.vetorino.com\\\/boutique\\\/#\\\/schema\\\/logo\\\/image\\\/\",\"url\":\"https:\\\/\\\/www.vetorino.com\\\/boutique\\\/wp-content\\\/uploads\\\/2024\\\/10\\\/logo.jpg\",\"contentUrl\":\"https:\\\/\\\/www.vetorino.com\\\/boutique\\\/wp-content\\\/uploads\\\/2024\\\/10\\\/logo.jpg\",\"width\":1200,\"height\":610,\"caption\":\"V\u00e9torino\"},\"image\":{\"@id\":\"https:\\\/\\\/www.vetorino.com\\\/boutique\\\/#\\\/schema\\\/logo\\\/image\\\/\"},\"sameAs\":[\"https:\\\/\\\/www.facebook.com\\\/Vetorino\\\/\",\"https:\\\/\\\/www.instagram.com\\\/vetorino_off\\\/\",\"https:\\\/\\\/www.linkedin.com\\\/company\\\/vtorino\\\/\"]}]}<\/script>\n<meta property=\"product:brand\" content=\"Hill&#039;s\" \/>\n<meta property=\"product:price:amount\" content=\"34.60\" \/>\n<meta property=\"product:price:currency\" content=\"EUR\" \/>\n<meta property=\"og:availability\" content=\"out of stock\" \/>\n<meta property=\"product:availability\" content=\"out of stock\" \/>\n<meta property=\"product:retailer_item_id\" content=\"A-8084901\" \/>\n<meta property=\"product:condition\" content=\"new\" \/>\n<!-- \/ Yoast SEO plugin. -->","yoast_head_json":{"title":"Science Plan (Hill's) P\u00e2t\u00e9e ADULT LIGHT Chien 12x370g - Science Plan Hill's - V\u00e9torino","description":"NOUVEAU LOOK ! La p\u00e2t\u00e9e premium ADULT LIGHT, pour chien adulte de petite ou moyenne race, apporte une alimentation sp\u00e9cialement formul\u00e9e pour fournir \u00e0 votre compagnon toute l?\u00e9nergie dont il a besoin.","robots":{"index":"index","follow":"follow","max-snippet":"max-snippet:-1","max-image-preview":"max-image-preview:large","max-video-preview":"max-video-preview:-1"},"canonical":"https:\/\/www.vetorino.com\/boutique\/product\/canine-adult-light-boite\/","og_locale":"fr_FR","og_type":"article","og_title":"Science Plan (Hill's) P\u00e2t\u00e9e ADULT LIGHT Chien 12x370g - Science Plan Hill's - V\u00e9torino","og_description":"NOUVEAU LOOK ! La p\u00e2t\u00e9e premium ADULT LIGHT, pour chien adulte de petite ou moyenne race, apporte une alimentation sp\u00e9cialement formul\u00e9e pour fournir \u00e0 votre compagnon toute l?\u00e9nergie dont il a besoin.","og_url":"https:\/\/www.vetorino.com\/boutique\/product\/canine-adult-light-boite\/","og_site_name":"V\u00e9torino","article_publisher":"https:\/\/www.facebook.com\/Vetorino\/","article_modified_time":"2023-06-21T16:33:43+00:00","og_image":[{"width":700,"height":800,"url":"https:\/\/www.vetorino.com\/boutique\/wp-content\/uploads\/2020\/03\/patee-adult-light-chien-12x370g-science-plan-61.jpg","type":"image\/jpeg"}],"twitter_card":"summary_large_image","twitter_misc":{"Prix":"34,60&euro;","Disponibilit\u00e9":"Rupture de stock"},"schema":{"@context":"https:\/\/schema.org","@graph":[{"@type":"WebPage","@id":"https:\/\/www.vetorino.com\/veterinaire\/briancon-05100\/boutique\/product\/canine-adult-light-boite\/","url":"https:\/\/www.vetorino.com\/veterinaire\/briancon-05100\/boutique\/product\/canine-adult-light-boite\/","name":"Science Plan (Hill's) P\u00e2t\u00e9e ADULT LIGHT Chien 12x370g - Science Plan Hill's - V\u00e9torino","isPartOf":{"@id":"https:\/\/www.vetorino.com\/boutique\/#website"},"primaryImageOfPage":{"@id":"https:\/\/www.vetorino.com\/veterinaire\/briancon-05100\/boutique\/product\/canine-adult-light-boite\/#primaryimage"},"image":{"@id":"https:\/\/www.vetorino.com\/veterinaire\/briancon-05100\/boutique\/product\/canine-adult-light-boite\/#primaryimage"},"thumbnailUrl":"https:\/\/www.vetorino.com\/boutique\/wp-content\/uploads\/2020\/03\/patee-adult-light-chien-12x370g-science-plan-61.jpg","datePublished":"2020-03-04T21:03:41+00:00","dateModified":"2023-06-21T16:33:43+00:00","description":"NOUVEAU LOOK ! La p\u00e2t\u00e9e premium ADULT LIGHT, pour chien adulte de petite ou moyenne race, apporte une alimentation sp\u00e9cialement formul\u00e9e pour fournir \u00e0 votre compagnon toute l?\u00e9nergie dont il a besoin.","breadcrumb":{"@id":"https:\/\/www.vetorino.com\/veterinaire\/briancon-05100\/boutique\/product\/canine-adult-light-boite\/#breadcrumb"},"inLanguage":"fr-FR","potentialAction":[{"@type":"ReadAction","target":["https:\/\/www.vetorino.com\/veterinaire\/briancon-05100\/boutique\/product\/canine-adult-light-boite\/"]}]},{"@type":"ImageObject","inLanguage":"fr-FR","@id":"https:\/\/www.vetorino.com\/veterinaire\/briancon-05100\/boutique\/product\/canine-adult-light-boite\/#primaryimage","url":"https:\/\/www.vetorino.com\/boutique\/wp-content\/uploads\/2020\/03\/patee-adult-light-chien-12x370g-science-plan-61.jpg","contentUrl":"https:\/\/www.vetorino.com\/boutique\/wp-content\/uploads\/2020\/03\/patee-adult-light-chien-12x370g-science-plan-61.jpg","width":700,"height":800},{"@type":"BreadcrumbList","@id":"https:\/\/www.vetorino.com\/veterinaire\/briancon-05100\/boutique\/product\/canine-adult-light-boite\/#breadcrumb","itemListElement":[{"@type":"ListItem","position":1,"name":"Accueil","item":"https:\/\/www.vetorino.com\/boutique\/"},{"@type":"ListItem","position":2,"name":"Produits","item":"https:\/\/www.vetorino.com\/boutique\/"},{"@type":"ListItem","position":3,"name":"P\u00e2t\u00e9e ADULT LIGHT Chien 12x370g &#8211; Science Plan"}]},{"@type":"WebSite","@id":"https:\/\/www.vetorino.com\/boutique\/#website","url":"https:\/\/www.vetorino.com\/boutique\/","name":"V\u00e9torino","description":"","publisher":{"@id":"https:\/\/www.vetorino.com\/boutique\/#organization"},"potentialAction":[{"@type":"SearchAction","target":{"@type":"EntryPoint","urlTemplate":"https:\/\/www.vetorino.com\/boutique\/?s={search_term_string}"},"query-input":{"@type":"PropertyValueSpecification","valueRequired":true,"valueName":"search_term_string"}}],"inLanguage":"fr-FR"},{"@type":"Organization","@id":"https:\/\/www.vetorino.com\/boutique\/#organization","name":"V\u00e9torino","url":"https:\/\/www.vetorino.com\/boutique\/","logo":{"@type":"ImageObject","inLanguage":"fr-FR","@id":"https:\/\/www.vetorino.com\/boutique\/#\/schema\/logo\/image\/","url":"https:\/\/www.vetorino.com\/boutique\/wp-content\/uploads\/2024\/10\/logo.jpg","contentUrl":"https:\/\/www.vetorino.com\/boutique\/wp-content\/uploads\/2024\/10\/logo.jpg","width":1200,"height":610,"caption":"V\u00e9torino"},"image":{"@id":"https:\/\/www.vetorino.com\/boutique\/#\/schema\/logo\/image\/"},"sameAs":["https:\/\/www.facebook.com\/Vetorino\/","https:\/\/www.instagram.com\/vetorino_off\/","https:\/\/www.linkedin.com\/company\/vtorino\/"]}]},"product_brand":"Hill's","product_price_amount":"34.60","product_price_currency":"EUR","og_availability":"out of stock","product_availability":"out of stock","product_retailer_item_id":"A-8084901","product_condition":"new"},"_links":{"self":[{"href":"https:\/\/www.vetorino.com\/boutique\/wp-json\/wp\/v2\/product\/34754","targetHints":{"allow":["GET"]}}],"collection":[{"href":"https:\/\/www.vetorino.com\/boutique\/wp-json\/wp\/v2\/product"}],"about":[{"href":"https:\/\/www.vetorino.com\/boutique\/wp-json\/wp\/v2\/types\/product"}],"wp:featuredmedia":[{"embeddable":true,"href":"https:\/\/www.vetorino.com\/boutique\/wp-json\/wp\/v2\/media\/77197"}],"wp:attachment":[{"href":"https:\/\/www.vetorino.com\/boutique\/wp-json\/wp\/v2\/media?parent=34754"}],"wp:term":[{"taxonomy":"product_cat","embeddable":true,"href":"https:\/\/www.vetorino.com\/boutique\/wp-json\/wp\/v2\/product_cat?post=34754"},{"taxonomy":"product_tag","embeddable":true,"href":"https:\/\/www.vetorino.com\/boutique\/wp-json\/wp\/v2\/product_tag?post=34754"}],"curies":[{"name":"wp","href":"https:\/\/api.w.org\/{rel}","templated":true}]}}