{"id":347974,"date":"2022-07-19T05:19:03","date_gmt":"2022-07-19T03:19:03","guid":{"rendered":"https:\/\/www.vetorino.com\/boutique\/?post_type=product&#038;p=347974"},"modified":"2022-07-19T05:19:08","modified_gmt":"2022-07-19T03:19:08","slug":"aliment-convalescence-support-instant-diet-chien-veterinary-diet","status":"publish","type":"product","link":"https:\/\/www.vetorino.com\/boutique\/product\/aliment-convalescence-support-instant-diet-chien-veterinary-diet\/","title":{"rendered":"Aliment CONVALESCENCE SUPPORT INSTANT DIET Chien &#8211; Veterinary Diet"},"content":{"rendered":"<p>Les sachets m\u00e9dicalis\u00e9s<strong> Royal Canin Convalescence Support Instant Diet<\/strong>\u00a0sont recommand\u00e9es\u00a0pour les animaux souffrant d&#8217;anorexie, de malnutrition, ou en r\u00e9cup\u00e9ration postop\u00e9ratoire.<\/p>\n<p><strong>Utilisation :\u00a0<\/strong><\/p>\n<ul>\n<li>Anorexie.<\/li>\n<li>Malnutrition.<\/li>\n<li>Alimentation \u00e0 la sonde.<\/li>\n<li>Incapacit\u00e9 \u00e0 se nourrir.<\/li>\n<li>Post-op\u00e9ratoire.<\/li>\n<li>Gestation, lactation, croissance.<\/li>\n<\/ul>\n","protected":false},"excerpt":{"rendered":"<p>L&#8217;aliment m\u00e9dicalis\u00e9 <strong>Convalescence Support Instant Diet<\/strong> pour chien est recommand\u00e9 pour les animaux souffrant d&#8217;anorexie, de malnutrition, ou en r\u00e9cup\u00e9ration post-op\u00e9ratoire.<\/p>\n","protected":false},"featured_media":266484,"template":"","meta":[],"product_cat":[12551,12552,12581,12582,2697,2698],"product_tag":[],"class_list":{"0":"post-347974","1":"product","2":"type-product","3":"status-publish","4":"has-post-thumbnail","6":"product_cat-alimentation-du-chat","7":"product_cat-alimentation-du-chien","8":"product_cat-alimentation-medicalisee-pour-chat","9":"product_cat-alimentation-medicalisee-pour-chien","10":"product_cat-chat","11":"product_cat-chien","12":"pa_marque-royal-canin","14":"first","15":"outofstock","16":"taxable","17":"shipping-taxable","18":"purchasable","19":"product-type-simple"},"yoast_head":"<!-- This site is optimized with the Yoast SEO plugin v27.3 - https:\/\/yoast.com\/product\/yoast-seo-wordpress\/ -->\n<title>Aliment CONVALESCENCE SUPPORT INSTANT DIET Chien - Veterinary Diet<\/title>\n<meta name=\"description\" content=\"Les sachets m\u00e9dicalis\u00e9s Royal Canin Convalescence Support Instant Diet\u00a0sont recommand\u00e9es\u00a0pour les animaux souffrant d&#039;anorexie, de malnutrition, ou en r\u00e9cup\u00e9ration postop\u00e9ratoire.\" \/>\n<meta name=\"robots\" content=\"index, follow, max-snippet:-1, max-image-preview:large, max-video-preview:-1\" \/>\n<link rel=\"canonical\" href=\"https:\/\/www.vetorino.com\/boutique\/product\/aliment-convalescence-support-instant-diet-chien-veterinary-diet\/\" \/>\n<meta property=\"og:locale\" content=\"fr_FR\" \/>\n<meta property=\"og:type\" content=\"article\" \/>\n<meta property=\"og:title\" content=\"Aliment CONVALESCENCE SUPPORT INSTANT DIET Chien - Veterinary Diet\" \/>\n<meta property=\"og:description\" content=\"Les sachets m\u00e9dicalis\u00e9s Royal Canin Convalescence Support Instant Diet\u00a0sont recommand\u00e9es\u00a0pour les animaux souffrant d&#039;anorexie, de malnutrition, ou en r\u00e9cup\u00e9ration postop\u00e9ratoire.\" \/>\n<meta property=\"og:url\" content=\"https:\/\/www.vetorino.com\/boutique\/product\/aliment-convalescence-support-instant-diet-chien-veterinary-diet\/\" \/>\n<meta property=\"og:site_name\" content=\"V\u00e9torino\" \/>\n<meta property=\"article:publisher\" content=\"https:\/\/www.facebook.com\/Vetorino\/\" \/>\n<meta property=\"article:modified_time\" content=\"2022-07-19T03:19:08+00:00\" \/>\n<meta property=\"og:image\" content=\"https:\/\/www.vetorino.com\/boutique\/wp-content\/uploads\/2020\/03\/veterinary-diet-chien-convalescence-support-instant-diet-10-sachets-de-50g-18.jpg\" \/>\n\t<meta property=\"og:image:width\" content=\"700\" \/>\n\t<meta property=\"og:image:height\" content=\"800\" \/>\n\t<meta property=\"og:image:type\" content=\"image\/jpeg\" \/>\n<meta name=\"twitter:card\" content=\"summary_large_image\" \/>\n<meta name=\"twitter:label1\" content=\"Prix\" \/>\n\t<meta name=\"twitter:data1\" content=\"35,41&euro;\" \/>\n\t<meta name=\"twitter:label2\" content=\"Disponibilit\u00e9\" \/>\n\t<meta name=\"twitter:data2\" content=\"Rupture de stock\" \/>\n<script type=\"application\/ld+json\" class=\"yoast-schema-graph\">{\"@context\":\"https:\\\/\\\/schema.org\",\"@graph\":[{\"@type\":\"WebPage\",\"@id\":\"https:\\\/\\\/www.vetorino.com\\\/veterinaire\\\/briancon-05100\\\/boutique\\\/product\\\/aliment-convalescence-support-instant-diet-chien-veterinary-diet\\\/\",\"url\":\"https:\\\/\\\/www.vetorino.com\\\/veterinaire\\\/briancon-05100\\\/boutique\\\/product\\\/aliment-convalescence-support-instant-diet-chien-veterinary-diet\\\/\",\"name\":\"Aliment CONVALESCENCE SUPPORT INSTANT DIET Chien - Veterinary Diet\",\"isPartOf\":{\"@id\":\"https:\\\/\\\/www.vetorino.com\\\/boutique\\\/#website\"},\"primaryImageOfPage\":{\"@id\":\"https:\\\/\\\/www.vetorino.com\\\/veterinaire\\\/briancon-05100\\\/boutique\\\/product\\\/aliment-convalescence-support-instant-diet-chien-veterinary-diet\\\/#primaryimage\"},\"image\":{\"@id\":\"https:\\\/\\\/www.vetorino.com\\\/veterinaire\\\/briancon-05100\\\/boutique\\\/product\\\/aliment-convalescence-support-instant-diet-chien-veterinary-diet\\\/#primaryimage\"},\"thumbnailUrl\":\"https:\\\/\\\/www.vetorino.com\\\/boutique\\\/wp-content\\\/uploads\\\/2020\\\/03\\\/veterinary-diet-chien-convalescence-support-instant-diet-10-sachets-de-50g-18.jpg\",\"datePublished\":\"2022-07-19T03:19:03+00:00\",\"dateModified\":\"2022-07-19T03:19:08+00:00\",\"description\":\"Les sachets m\u00e9dicalis\u00e9s Royal Canin Convalescence Support Instant Diet\u00a0sont recommand\u00e9es\u00a0pour les animaux souffrant d'anorexie, de malnutrition, ou en r\u00e9cup\u00e9ration postop\u00e9ratoire.\",\"breadcrumb\":{\"@id\":\"https:\\\/\\\/www.vetorino.com\\\/veterinaire\\\/briancon-05100\\\/boutique\\\/product\\\/aliment-convalescence-support-instant-diet-chien-veterinary-diet\\\/#breadcrumb\"},\"inLanguage\":\"fr-FR\",\"potentialAction\":[{\"@type\":\"ReadAction\",\"target\":[\"https:\\\/\\\/www.vetorino.com\\\/veterinaire\\\/briancon-05100\\\/boutique\\\/product\\\/aliment-convalescence-support-instant-diet-chien-veterinary-diet\\\/\"]}]},{\"@type\":\"ImageObject\",\"inLanguage\":\"fr-FR\",\"@id\":\"https:\\\/\\\/www.vetorino.com\\\/veterinaire\\\/briancon-05100\\\/boutique\\\/product\\\/aliment-convalescence-support-instant-diet-chien-veterinary-diet\\\/#primaryimage\",\"url\":\"https:\\\/\\\/www.vetorino.com\\\/boutique\\\/wp-content\\\/uploads\\\/2020\\\/03\\\/veterinary-diet-chien-convalescence-support-instant-diet-10-sachets-de-50g-18.jpg\",\"contentUrl\":\"https:\\\/\\\/www.vetorino.com\\\/boutique\\\/wp-content\\\/uploads\\\/2020\\\/03\\\/veterinary-diet-chien-convalescence-support-instant-diet-10-sachets-de-50g-18.jpg\",\"width\":700,\"height\":800,\"caption\":\"Veterinary diet Chien CONVALESCENCE SUPPORT INSTANT\"},{\"@type\":\"BreadcrumbList\",\"@id\":\"https:\\\/\\\/www.vetorino.com\\\/veterinaire\\\/briancon-05100\\\/boutique\\\/product\\\/aliment-convalescence-support-instant-diet-chien-veterinary-diet\\\/#breadcrumb\",\"itemListElement\":[{\"@type\":\"ListItem\",\"position\":1,\"name\":\"Accueil\",\"item\":\"https:\\\/\\\/www.vetorino.com\\\/boutique\\\/\"},{\"@type\":\"ListItem\",\"position\":2,\"name\":\"Produits\",\"item\":\"https:\\\/\\\/www.vetorino.com\\\/boutique\\\/\"},{\"@type\":\"ListItem\",\"position\":3,\"name\":\"Aliment CONVALESCENCE SUPPORT INSTANT DIET Chien &#8211; Veterinary Diet\"}]},{\"@type\":\"WebSite\",\"@id\":\"https:\\\/\\\/www.vetorino.com\\\/boutique\\\/#website\",\"url\":\"https:\\\/\\\/www.vetorino.com\\\/boutique\\\/\",\"name\":\"V\u00e9torino\",\"description\":\"\",\"publisher\":{\"@id\":\"https:\\\/\\\/www.vetorino.com\\\/boutique\\\/#organization\"},\"potentialAction\":[{\"@type\":\"SearchAction\",\"target\":{\"@type\":\"EntryPoint\",\"urlTemplate\":\"https:\\\/\\\/www.vetorino.com\\\/boutique\\\/?s={search_term_string}\"},\"query-input\":{\"@type\":\"PropertyValueSpecification\",\"valueRequired\":true,\"valueName\":\"search_term_string\"}}],\"inLanguage\":\"fr-FR\"},{\"@type\":\"Organization\",\"@id\":\"https:\\\/\\\/www.vetorino.com\\\/boutique\\\/#organization\",\"name\":\"V\u00e9torino\",\"url\":\"https:\\\/\\\/www.vetorino.com\\\/boutique\\\/\",\"logo\":{\"@type\":\"ImageObject\",\"inLanguage\":\"fr-FR\",\"@id\":\"https:\\\/\\\/www.vetorino.com\\\/boutique\\\/#\\\/schema\\\/logo\\\/image\\\/\",\"url\":\"https:\\\/\\\/www.vetorino.com\\\/boutique\\\/wp-content\\\/uploads\\\/2024\\\/10\\\/logo.jpg\",\"contentUrl\":\"https:\\\/\\\/www.vetorino.com\\\/boutique\\\/wp-content\\\/uploads\\\/2024\\\/10\\\/logo.jpg\",\"width\":1200,\"height\":610,\"caption\":\"V\u00e9torino\"},\"image\":{\"@id\":\"https:\\\/\\\/www.vetorino.com\\\/boutique\\\/#\\\/schema\\\/logo\\\/image\\\/\"},\"sameAs\":[\"https:\\\/\\\/www.facebook.com\\\/Vetorino\\\/\",\"https:\\\/\\\/www.instagram.com\\\/vetorino_off\\\/\",\"https:\\\/\\\/www.linkedin.com\\\/company\\\/vtorino\\\/\"]}]}<\/script>\n<meta property=\"product:brand\" content=\"Royal Canin\" \/>\n<meta property=\"product:price:amount\" content=\"35.41\" \/>\n<meta property=\"product:price:currency\" content=\"EUR\" \/>\n<meta property=\"og:availability\" content=\"out of stock\" \/>\n<meta property=\"product:availability\" content=\"out of stock\" \/>\n<meta property=\"product:retailer_item_id\" content=\"O-55105\" \/>\n<meta property=\"product:condition\" content=\"new\" \/>\n<!-- \/ Yoast SEO plugin. -->","yoast_head_json":{"title":"Aliment CONVALESCENCE SUPPORT INSTANT DIET Chien - Veterinary Diet","description":"Les sachets m\u00e9dicalis\u00e9s Royal Canin Convalescence Support Instant Diet\u00a0sont recommand\u00e9es\u00a0pour les animaux souffrant d'anorexie, de malnutrition, ou en r\u00e9cup\u00e9ration postop\u00e9ratoire.","robots":{"index":"index","follow":"follow","max-snippet":"max-snippet:-1","max-image-preview":"max-image-preview:large","max-video-preview":"max-video-preview:-1"},"canonical":"https:\/\/www.vetorino.com\/boutique\/product\/aliment-convalescence-support-instant-diet-chien-veterinary-diet\/","og_locale":"fr_FR","og_type":"article","og_title":"Aliment CONVALESCENCE SUPPORT INSTANT DIET Chien - Veterinary Diet","og_description":"Les sachets m\u00e9dicalis\u00e9s Royal Canin Convalescence Support Instant Diet\u00a0sont recommand\u00e9es\u00a0pour les animaux souffrant d'anorexie, de malnutrition, ou en r\u00e9cup\u00e9ration postop\u00e9ratoire.","og_url":"https:\/\/www.vetorino.com\/boutique\/product\/aliment-convalescence-support-instant-diet-chien-veterinary-diet\/","og_site_name":"V\u00e9torino","article_publisher":"https:\/\/www.facebook.com\/Vetorino\/","article_modified_time":"2022-07-19T03:19:08+00:00","og_image":[{"width":700,"height":800,"url":"https:\/\/www.vetorino.com\/boutique\/wp-content\/uploads\/2020\/03\/veterinary-diet-chien-convalescence-support-instant-diet-10-sachets-de-50g-18.jpg","type":"image\/jpeg"}],"twitter_card":"summary_large_image","twitter_misc":{"Prix":"35,41&euro;","Disponibilit\u00e9":"Rupture de stock"},"schema":{"@context":"https:\/\/schema.org","@graph":[{"@type":"WebPage","@id":"https:\/\/www.vetorino.com\/veterinaire\/briancon-05100\/boutique\/product\/aliment-convalescence-support-instant-diet-chien-veterinary-diet\/","url":"https:\/\/www.vetorino.com\/veterinaire\/briancon-05100\/boutique\/product\/aliment-convalescence-support-instant-diet-chien-veterinary-diet\/","name":"Aliment CONVALESCENCE SUPPORT INSTANT DIET Chien - Veterinary Diet","isPartOf":{"@id":"https:\/\/www.vetorino.com\/boutique\/#website"},"primaryImageOfPage":{"@id":"https:\/\/www.vetorino.com\/veterinaire\/briancon-05100\/boutique\/product\/aliment-convalescence-support-instant-diet-chien-veterinary-diet\/#primaryimage"},"image":{"@id":"https:\/\/www.vetorino.com\/veterinaire\/briancon-05100\/boutique\/product\/aliment-convalescence-support-instant-diet-chien-veterinary-diet\/#primaryimage"},"thumbnailUrl":"https:\/\/www.vetorino.com\/boutique\/wp-content\/uploads\/2020\/03\/veterinary-diet-chien-convalescence-support-instant-diet-10-sachets-de-50g-18.jpg","datePublished":"2022-07-19T03:19:03+00:00","dateModified":"2022-07-19T03:19:08+00:00","description":"Les sachets m\u00e9dicalis\u00e9s Royal Canin Convalescence Support Instant Diet\u00a0sont recommand\u00e9es\u00a0pour les animaux souffrant d'anorexie, de malnutrition, ou en r\u00e9cup\u00e9ration postop\u00e9ratoire.","breadcrumb":{"@id":"https:\/\/www.vetorino.com\/veterinaire\/briancon-05100\/boutique\/product\/aliment-convalescence-support-instant-diet-chien-veterinary-diet\/#breadcrumb"},"inLanguage":"fr-FR","potentialAction":[{"@type":"ReadAction","target":["https:\/\/www.vetorino.com\/veterinaire\/briancon-05100\/boutique\/product\/aliment-convalescence-support-instant-diet-chien-veterinary-diet\/"]}]},{"@type":"ImageObject","inLanguage":"fr-FR","@id":"https:\/\/www.vetorino.com\/veterinaire\/briancon-05100\/boutique\/product\/aliment-convalescence-support-instant-diet-chien-veterinary-diet\/#primaryimage","url":"https:\/\/www.vetorino.com\/boutique\/wp-content\/uploads\/2020\/03\/veterinary-diet-chien-convalescence-support-instant-diet-10-sachets-de-50g-18.jpg","contentUrl":"https:\/\/www.vetorino.com\/boutique\/wp-content\/uploads\/2020\/03\/veterinary-diet-chien-convalescence-support-instant-diet-10-sachets-de-50g-18.jpg","width":700,"height":800,"caption":"Veterinary diet Chien CONVALESCENCE SUPPORT INSTANT"},{"@type":"BreadcrumbList","@id":"https:\/\/www.vetorino.com\/veterinaire\/briancon-05100\/boutique\/product\/aliment-convalescence-support-instant-diet-chien-veterinary-diet\/#breadcrumb","itemListElement":[{"@type":"ListItem","position":1,"name":"Accueil","item":"https:\/\/www.vetorino.com\/boutique\/"},{"@type":"ListItem","position":2,"name":"Produits","item":"https:\/\/www.vetorino.com\/boutique\/"},{"@type":"ListItem","position":3,"name":"Aliment CONVALESCENCE SUPPORT INSTANT DIET Chien &#8211; Veterinary Diet"}]},{"@type":"WebSite","@id":"https:\/\/www.vetorino.com\/boutique\/#website","url":"https:\/\/www.vetorino.com\/boutique\/","name":"V\u00e9torino","description":"","publisher":{"@id":"https:\/\/www.vetorino.com\/boutique\/#organization"},"potentialAction":[{"@type":"SearchAction","target":{"@type":"EntryPoint","urlTemplate":"https:\/\/www.vetorino.com\/boutique\/?s={search_term_string}"},"query-input":{"@type":"PropertyValueSpecification","valueRequired":true,"valueName":"search_term_string"}}],"inLanguage":"fr-FR"},{"@type":"Organization","@id":"https:\/\/www.vetorino.com\/boutique\/#organization","name":"V\u00e9torino","url":"https:\/\/www.vetorino.com\/boutique\/","logo":{"@type":"ImageObject","inLanguage":"fr-FR","@id":"https:\/\/www.vetorino.com\/boutique\/#\/schema\/logo\/image\/","url":"https:\/\/www.vetorino.com\/boutique\/wp-content\/uploads\/2024\/10\/logo.jpg","contentUrl":"https:\/\/www.vetorino.com\/boutique\/wp-content\/uploads\/2024\/10\/logo.jpg","width":1200,"height":610,"caption":"V\u00e9torino"},"image":{"@id":"https:\/\/www.vetorino.com\/boutique\/#\/schema\/logo\/image\/"},"sameAs":["https:\/\/www.facebook.com\/Vetorino\/","https:\/\/www.instagram.com\/vetorino_off\/","https:\/\/www.linkedin.com\/company\/vtorino\/"]}]},"product_brand":"Royal Canin","product_price_amount":"35.41","product_price_currency":"EUR","og_availability":"out of stock","product_availability":"out of stock","product_retailer_item_id":"O-55105","product_condition":"new"},"_links":{"self":[{"href":"https:\/\/www.vetorino.com\/boutique\/wp-json\/wp\/v2\/product\/347974","targetHints":{"allow":["GET"]}}],"collection":[{"href":"https:\/\/www.vetorino.com\/boutique\/wp-json\/wp\/v2\/product"}],"about":[{"href":"https:\/\/www.vetorino.com\/boutique\/wp-json\/wp\/v2\/types\/product"}],"wp:featuredmedia":[{"embeddable":true,"href":"https:\/\/www.vetorino.com\/boutique\/wp-json\/wp\/v2\/media\/266484"}],"wp:attachment":[{"href":"https:\/\/www.vetorino.com\/boutique\/wp-json\/wp\/v2\/media?parent=347974"}],"wp:term":[{"taxonomy":"product_cat","embeddable":true,"href":"https:\/\/www.vetorino.com\/boutique\/wp-json\/wp\/v2\/product_cat?post=347974"},{"taxonomy":"product_tag","embeddable":true,"href":"https:\/\/www.vetorino.com\/boutique\/wp-json\/wp\/v2\/product_tag?post=347974"}],"curies":[{"name":"wp","href":"https:\/\/api.w.org\/{rel}","templated":true}]}}