{"id":34971,"date":"2020-03-04T22:04:58","date_gmt":"2020-03-04T21:04:58","guid":{"rendered":"https:\/\/www.vetorino.com\/boutique\/product\/vetpen-caninsulin\/"},"modified":"2024-10-10T16:33:35","modified_gmt":"2024-10-10T14:33:35","slug":"vetpen-caninsulin","status":"publish","type":"product","link":"https:\/\/www.vetorino.com\/boutique\/product\/vetpen-caninsulin\/","title":{"rendered":"VetPen Caninsulin"},"content":{"rendered":"<div class='hidden'> Msd Sante Animale <\/div>\n<p><b>Caract\u00e9risiques<\/b><br \/>  Ce stylo \u00e0 insuline aide \u00e0 l?administration d?insuline chez les chats diab\u00e9tiques. Son ergonomie facilite la manipulation et le temps de pr\u00e9paration et permet une injection plus rapide du produit, sans risque de bulle d?air (pouvant influencer la pr\u00e9cision de la dose) ou de gaspillage.  Sa cartouche est prot\u00e9g\u00e9e contre le bris et le stylo r\u00e9duit le risque d?auto-injection accidentelle.  Le s\u00e9lecteur de dosage permet d?indiquer facilement la dose souhait\u00e9e. Une fois l?aiguille ins\u00e9r\u00e9e sous la peau de votre animal, il suffit d?appuyer sur d\u00e9clencheur. Le stylo augmente la pr\u00e9cision et r\u00e9duit le risque d?erreurs de dosage.  Le kit vous permet d?\u00eatre emmen\u00e9 facilement en voyage et permet de traiter l?animal ais\u00e9ment o\u00f9 que vous soyez.  Le kit de d\u00e9marrage VetPen contient : un stylo VETPEN 8 UI, une bo\u00eete de 28 aiguilles,\u00a0un syst\u00e8me de s\u00e9curit\u00e9 pour d\u00e9monter l?aiguille,\u00a0une pochette de transport,\u00a0une brochure d?explication \u00e0 destination du propri\u00e9taire utilisateur du stylo VetPen.S&#8217;utilise avec des cartouches de 2,7 ml.Permet une injection de volume compris entre 0,5 et 8 UI.<br \/><b>Bon \u00e0 savoir<\/b><br \/>Demandez conseil \u00e0 votre v\u00e9t\u00e9rinaire et lire attentivement la notice avant utilisation.La cartouche d?insuline du stylo VetPen permet d?administrer plusieurs doses. Lorsque toute l?insuline dans la cartouche est utilis\u00e9e, vous pouvez tout simplement retirer la cartouche et en placer une nouvelle. A chaque nouvelle cartouche, pr\u00e9par\u00e9 \u00e0 nouveau l?appareil pour \u00e9liminer les bulles d?air et d?assurer un dosage pr\u00e9cis. Avant chaque utilisation, l?insuline doit \u00eatre m\u00e9lang\u00e9e afin d?obtenir une suspension homog\u00e8ne, uniforme, d?aspect laiteux. Conservation : si ouvert, le stylo VetPen ne doit pas \u00eatre conserv\u00e9 au frigo. Les nouvelles cartouches d?insuline doivent toujours \u00eatre conserv\u00e9es au frigo en position verticale et prot\u00e9g\u00e9es de la lumi\u00e8re. Le stylo VetPen doit toujours \u00eatre conserv\u00e9 sans l?aiguille et recouvert du capuchon protecteur. Nettoyez le stylo \u00e0 l?aide d?un chiffon humide. Ne pas immerg\u00e9 dans l?eau.<\/p>\n","protected":false},"excerpt":{"rendered":"<p>Le kit et le stylo \u00e0 insuline VETPEN, pour chat, est sp\u00e9cialement con\u00e7u pour faciliter la gestion du diab\u00e8te de votre animal.<\/p>\n","protected":false},"featured_media":79167,"template":"","meta":[],"product_cat":[2697,12560],"product_tag":[],"class_list":{"0":"post-34971","1":"product","2":"type-product","3":"status-publish","4":"has-post-thumbnail","6":"product_cat-chat","7":"product_cat-hygiene-du-chat","8":"pa_marque-msd-sante-animale","10":"first","11":"instock","12":"taxable","13":"shipping-taxable","14":"purchasable","15":"product-type-variable"},"yoast_head":"<!-- This site is optimized with the Yoast SEO plugin v27.3 - https:\/\/yoast.com\/product\/yoast-seo-wordpress\/ -->\n<title>VetPen Caninsulin M-Vet - V\u00e9torino<\/title>\n<meta name=\"description\" content=\"Le kit et le stylo \u00e0 insuline VETPEN, pour chat, est sp\u00e9cialement con\u00e7u pour faciliter la gestion du diab\u00e8te de votre animal.\" \/>\n<meta name=\"robots\" content=\"index, follow, max-snippet:-1, max-image-preview:large, max-video-preview:-1\" \/>\n<link rel=\"canonical\" href=\"https:\/\/www.vetorino.com\/boutique\/product\/vetpen-caninsulin\/\" \/>\n<meta property=\"og:locale\" content=\"fr_FR\" \/>\n<meta property=\"og:type\" content=\"article\" \/>\n<meta property=\"og:title\" content=\"VetPen Caninsulin M-Vet - V\u00e9torino\" \/>\n<meta property=\"og:description\" content=\"Le kit et le stylo \u00e0 insuline VETPEN, pour chat, est sp\u00e9cialement con\u00e7u pour faciliter la gestion du diab\u00e8te de votre animal.\" \/>\n<meta property=\"og:url\" content=\"https:\/\/www.vetorino.com\/boutique\/product\/vetpen-caninsulin\/\" \/>\n<meta property=\"og:site_name\" content=\"V\u00e9torino\" \/>\n<meta property=\"article:publisher\" content=\"https:\/\/www.facebook.com\/Vetorino\/\" \/>\n<meta property=\"article:modified_time\" content=\"2024-10-10T14:33:35+00:00\" \/>\n<meta property=\"og:image\" content=\"https:\/\/www.vetorino.com\/boutique\/wp-content\/uploads\/2020\/03\/kit-de-demarrage-vetpen-8ui-chat-caninsuline-26.jpg\" \/>\n\t<meta property=\"og:image:width\" content=\"800\" \/>\n\t<meta property=\"og:image:height\" content=\"800\" \/>\n\t<meta property=\"og:image:type\" content=\"image\/jpeg\" \/>\n<meta name=\"twitter:card\" content=\"summary_large_image\" \/>\n<meta name=\"twitter:label1\" content=\"Disponibilit\u00e9\" \/>\n\t<meta name=\"twitter:data1\" content=\"En stock\" \/>\n<script type=\"application\/ld+json\" class=\"yoast-schema-graph\">{\"@context\":\"https:\\\/\\\/schema.org\",\"@graph\":[{\"@type\":\"WebPage\",\"@id\":\"https:\\\/\\\/www.vetorino.com\\\/boutique\\\/product\\\/vetpen-caninsulin\\\/\",\"url\":\"https:\\\/\\\/www.vetorino.com\\\/boutique\\\/product\\\/vetpen-caninsulin\\\/\",\"name\":\"VetPen Caninsulin M-Vet - V\u00e9torino\",\"isPartOf\":{\"@id\":\"https:\\\/\\\/www.vetorino.com\\\/boutique\\\/#website\"},\"primaryImageOfPage\":{\"@id\":\"https:\\\/\\\/www.vetorino.com\\\/boutique\\\/product\\\/vetpen-caninsulin\\\/#primaryimage\"},\"image\":{\"@id\":\"https:\\\/\\\/www.vetorino.com\\\/boutique\\\/product\\\/vetpen-caninsulin\\\/#primaryimage\"},\"thumbnailUrl\":\"https:\\\/\\\/www.vetorino.com\\\/boutique\\\/wp-content\\\/uploads\\\/2020\\\/03\\\/kit-de-demarrage-vetpen-8ui-chat-caninsuline-26.jpg\",\"datePublished\":\"2020-03-04T21:04:58+00:00\",\"dateModified\":\"2024-10-10T14:33:35+00:00\",\"description\":\"Le kit et le stylo \u00e0 insuline VETPEN, pour chat, est sp\u00e9cialement con\u00e7u pour faciliter la gestion du diab\u00e8te de votre animal.\",\"breadcrumb\":{\"@id\":\"https:\\\/\\\/www.vetorino.com\\\/boutique\\\/product\\\/vetpen-caninsulin\\\/#breadcrumb\"},\"inLanguage\":\"fr-FR\",\"potentialAction\":[{\"@type\":\"ReadAction\",\"target\":[\"https:\\\/\\\/www.vetorino.com\\\/boutique\\\/product\\\/vetpen-caninsulin\\\/\"]}]},{\"@type\":\"ImageObject\",\"inLanguage\":\"fr-FR\",\"@id\":\"https:\\\/\\\/www.vetorino.com\\\/boutique\\\/product\\\/vetpen-caninsulin\\\/#primaryimage\",\"url\":\"https:\\\/\\\/www.vetorino.com\\\/boutique\\\/wp-content\\\/uploads\\\/2020\\\/03\\\/kit-de-demarrage-vetpen-8ui-chat-caninsuline-26.jpg\",\"contentUrl\":\"https:\\\/\\\/www.vetorino.com\\\/boutique\\\/wp-content\\\/uploads\\\/2020\\\/03\\\/kit-de-demarrage-vetpen-8ui-chat-caninsuline-26.jpg\",\"width\":800,\"height\":800},{\"@type\":\"BreadcrumbList\",\"@id\":\"https:\\\/\\\/www.vetorino.com\\\/boutique\\\/product\\\/vetpen-caninsulin\\\/#breadcrumb\",\"itemListElement\":[{\"@type\":\"ListItem\",\"position\":1,\"name\":\"Accueil\",\"item\":\"https:\\\/\\\/www.vetorino.com\\\/boutique\\\/\"},{\"@type\":\"ListItem\",\"position\":2,\"name\":\"Produits\",\"item\":\"https:\\\/\\\/www.vetorino.com\\\/boutique\\\/\"},{\"@type\":\"ListItem\",\"position\":3,\"name\":\"VetPen Caninsulin\"}]},{\"@type\":\"WebSite\",\"@id\":\"https:\\\/\\\/www.vetorino.com\\\/boutique\\\/#website\",\"url\":\"https:\\\/\\\/www.vetorino.com\\\/boutique\\\/\",\"name\":\"V\u00e9torino\",\"description\":\"\",\"publisher\":{\"@id\":\"https:\\\/\\\/www.vetorino.com\\\/boutique\\\/#organization\"},\"potentialAction\":[{\"@type\":\"SearchAction\",\"target\":{\"@type\":\"EntryPoint\",\"urlTemplate\":\"https:\\\/\\\/www.vetorino.com\\\/boutique\\\/?s={search_term_string}\"},\"query-input\":{\"@type\":\"PropertyValueSpecification\",\"valueRequired\":true,\"valueName\":\"search_term_string\"}}],\"inLanguage\":\"fr-FR\"},{\"@type\":\"Organization\",\"@id\":\"https:\\\/\\\/www.vetorino.com\\\/boutique\\\/#organization\",\"name\":\"V\u00e9torino\",\"url\":\"https:\\\/\\\/www.vetorino.com\\\/boutique\\\/\",\"logo\":{\"@type\":\"ImageObject\",\"inLanguage\":\"fr-FR\",\"@id\":\"https:\\\/\\\/www.vetorino.com\\\/boutique\\\/#\\\/schema\\\/logo\\\/image\\\/\",\"url\":\"https:\\\/\\\/www.vetorino.com\\\/boutique\\\/wp-content\\\/uploads\\\/2024\\\/10\\\/logo.jpg\",\"contentUrl\":\"https:\\\/\\\/www.vetorino.com\\\/boutique\\\/wp-content\\\/uploads\\\/2024\\\/10\\\/logo.jpg\",\"width\":1200,\"height\":610,\"caption\":\"V\u00e9torino\"},\"image\":{\"@id\":\"https:\\\/\\\/www.vetorino.com\\\/boutique\\\/#\\\/schema\\\/logo\\\/image\\\/\"},\"sameAs\":[\"https:\\\/\\\/www.facebook.com\\\/Vetorino\\\/\",\"https:\\\/\\\/www.instagram.com\\\/vetorino_off\\\/\",\"https:\\\/\\\/www.linkedin.com\\\/company\\\/vtorino\\\/\"]}]}<\/script>\n<meta property=\"product:brand\" content=\"M-Vet\" \/>\n<meta property=\"og:availability\" content=\"instock\" \/>\n<meta property=\"product:availability\" content=\"instock\" \/>\n<meta property=\"product:condition\" content=\"new\" \/>\n<!-- \/ Yoast SEO plugin. -->","yoast_head_json":{"title":"VetPen Caninsulin M-Vet - V\u00e9torino","description":"Le kit et le stylo \u00e0 insuline VETPEN, pour chat, est sp\u00e9cialement con\u00e7u pour faciliter la gestion du diab\u00e8te de votre animal.","robots":{"index":"index","follow":"follow","max-snippet":"max-snippet:-1","max-image-preview":"max-image-preview:large","max-video-preview":"max-video-preview:-1"},"canonical":"https:\/\/www.vetorino.com\/boutique\/product\/vetpen-caninsulin\/","og_locale":"fr_FR","og_type":"article","og_title":"VetPen Caninsulin M-Vet - V\u00e9torino","og_description":"Le kit et le stylo \u00e0 insuline VETPEN, pour chat, est sp\u00e9cialement con\u00e7u pour faciliter la gestion du diab\u00e8te de votre animal.","og_url":"https:\/\/www.vetorino.com\/boutique\/product\/vetpen-caninsulin\/","og_site_name":"V\u00e9torino","article_publisher":"https:\/\/www.facebook.com\/Vetorino\/","article_modified_time":"2024-10-10T14:33:35+00:00","og_image":[{"width":800,"height":800,"url":"https:\/\/www.vetorino.com\/boutique\/wp-content\/uploads\/2020\/03\/kit-de-demarrage-vetpen-8ui-chat-caninsuline-26.jpg","type":"image\/jpeg"}],"twitter_card":"summary_large_image","twitter_misc":{"Disponibilit\u00e9":"En stock"},"schema":{"@context":"https:\/\/schema.org","@graph":[{"@type":"WebPage","@id":"https:\/\/www.vetorino.com\/boutique\/product\/vetpen-caninsulin\/","url":"https:\/\/www.vetorino.com\/boutique\/product\/vetpen-caninsulin\/","name":"VetPen Caninsulin M-Vet - V\u00e9torino","isPartOf":{"@id":"https:\/\/www.vetorino.com\/boutique\/#website"},"primaryImageOfPage":{"@id":"https:\/\/www.vetorino.com\/boutique\/product\/vetpen-caninsulin\/#primaryimage"},"image":{"@id":"https:\/\/www.vetorino.com\/boutique\/product\/vetpen-caninsulin\/#primaryimage"},"thumbnailUrl":"https:\/\/www.vetorino.com\/boutique\/wp-content\/uploads\/2020\/03\/kit-de-demarrage-vetpen-8ui-chat-caninsuline-26.jpg","datePublished":"2020-03-04T21:04:58+00:00","dateModified":"2024-10-10T14:33:35+00:00","description":"Le kit et le stylo \u00e0 insuline VETPEN, pour chat, est sp\u00e9cialement con\u00e7u pour faciliter la gestion du diab\u00e8te de votre animal.","breadcrumb":{"@id":"https:\/\/www.vetorino.com\/boutique\/product\/vetpen-caninsulin\/#breadcrumb"},"inLanguage":"fr-FR","potentialAction":[{"@type":"ReadAction","target":["https:\/\/www.vetorino.com\/boutique\/product\/vetpen-caninsulin\/"]}]},{"@type":"ImageObject","inLanguage":"fr-FR","@id":"https:\/\/www.vetorino.com\/boutique\/product\/vetpen-caninsulin\/#primaryimage","url":"https:\/\/www.vetorino.com\/boutique\/wp-content\/uploads\/2020\/03\/kit-de-demarrage-vetpen-8ui-chat-caninsuline-26.jpg","contentUrl":"https:\/\/www.vetorino.com\/boutique\/wp-content\/uploads\/2020\/03\/kit-de-demarrage-vetpen-8ui-chat-caninsuline-26.jpg","width":800,"height":800},{"@type":"BreadcrumbList","@id":"https:\/\/www.vetorino.com\/boutique\/product\/vetpen-caninsulin\/#breadcrumb","itemListElement":[{"@type":"ListItem","position":1,"name":"Accueil","item":"https:\/\/www.vetorino.com\/boutique\/"},{"@type":"ListItem","position":2,"name":"Produits","item":"https:\/\/www.vetorino.com\/boutique\/"},{"@type":"ListItem","position":3,"name":"VetPen Caninsulin"}]},{"@type":"WebSite","@id":"https:\/\/www.vetorino.com\/boutique\/#website","url":"https:\/\/www.vetorino.com\/boutique\/","name":"V\u00e9torino","description":"","publisher":{"@id":"https:\/\/www.vetorino.com\/boutique\/#organization"},"potentialAction":[{"@type":"SearchAction","target":{"@type":"EntryPoint","urlTemplate":"https:\/\/www.vetorino.com\/boutique\/?s={search_term_string}"},"query-input":{"@type":"PropertyValueSpecification","valueRequired":true,"valueName":"search_term_string"}}],"inLanguage":"fr-FR"},{"@type":"Organization","@id":"https:\/\/www.vetorino.com\/boutique\/#organization","name":"V\u00e9torino","url":"https:\/\/www.vetorino.com\/boutique\/","logo":{"@type":"ImageObject","inLanguage":"fr-FR","@id":"https:\/\/www.vetorino.com\/boutique\/#\/schema\/logo\/image\/","url":"https:\/\/www.vetorino.com\/boutique\/wp-content\/uploads\/2024\/10\/logo.jpg","contentUrl":"https:\/\/www.vetorino.com\/boutique\/wp-content\/uploads\/2024\/10\/logo.jpg","width":1200,"height":610,"caption":"V\u00e9torino"},"image":{"@id":"https:\/\/www.vetorino.com\/boutique\/#\/schema\/logo\/image\/"},"sameAs":["https:\/\/www.facebook.com\/Vetorino\/","https:\/\/www.instagram.com\/vetorino_off\/","https:\/\/www.linkedin.com\/company\/vtorino\/"]}]},"product_brand":"M-Vet","og_availability":"instock","product_availability":"instock","product_condition":"new"},"_links":{"self":[{"href":"https:\/\/www.vetorino.com\/boutique\/wp-json\/wp\/v2\/product\/34971","targetHints":{"allow":["GET"]}}],"collection":[{"href":"https:\/\/www.vetorino.com\/boutique\/wp-json\/wp\/v2\/product"}],"about":[{"href":"https:\/\/www.vetorino.com\/boutique\/wp-json\/wp\/v2\/types\/product"}],"wp:featuredmedia":[{"embeddable":true,"href":"https:\/\/www.vetorino.com\/boutique\/wp-json\/wp\/v2\/media\/79167"}],"wp:attachment":[{"href":"https:\/\/www.vetorino.com\/boutique\/wp-json\/wp\/v2\/media?parent=34971"}],"wp:term":[{"taxonomy":"product_cat","embeddable":true,"href":"https:\/\/www.vetorino.com\/boutique\/wp-json\/wp\/v2\/product_cat?post=34971"},{"taxonomy":"product_tag","embeddable":true,"href":"https:\/\/www.vetorino.com\/boutique\/wp-json\/wp\/v2\/product_tag?post=34971"}],"curies":[{"name":"wp","href":"https:\/\/api.w.org\/{rel}","templated":true}]}}