{"id":36312,"date":"2020-03-04T23:02:59","date_gmt":"2020-03-04T22:02:59","guid":{"rendered":"https:\/\/www.vetorino.com\/boutique\/product\/zentonil-advanced-100-mg-chat\/"},"modified":"2022-04-05T15:34:08","modified_gmt":"2022-04-05T13:34:08","slug":"zentonil-advanced-100-mg-chat","status":"publish","type":"product","link":"https:\/\/www.vetorino.com\/boutique\/product\/zentonil-advanced-100-mg-chat\/","title":{"rendered":"ZENTONIL ADVANCED 100MG Chien et Chat"},"content":{"rendered":"<p><b>Caract\u00e9risiques<\/b><br \/>\nCe compl\u00e9ment apporte un suppl\u00e9ment de S-ad\u00e9nosylm\u00e9thionine (SAMe). Il apporte ainsi un antioxydant h\u00e9patique puissant et normalise les taux d?enzymes h\u00e9patiques. Il stabilise et r\u00e9g\u00e9n\u00e8re les h\u00e9patocytes gr\u00e2ce au taux de bilirubine totale, d?acides biliaires, d?albumine et de facteurs de coagulation. App\u00e9tent et s\u00e9cable, ce compl\u00e9ment garantit une concentration et une biodisponibilit\u00e9 des compos\u00e9s optimales. Conditionnement : Boite de 30 comprim\u00e9s.<\/p>\n<p><b>Bon \u00e0 savoir<\/b><br \/>\nConvient aux chiens et aux chats de mois de 5 kg. Demandez conseil \u00e0 votre v\u00e9t\u00e9rinaire. De l?eau fra\u00eeche et propre doit \u00eatre disponible \u00e0 tout moment de la journ\u00e9e. Tenir hors de la vue et de la port\u00e9e des enfants.INGREDIENTS D\u00e9riv\u00e9s de lait, d\u00e9riv\u00e9s d&#8217;origine v\u00e9g\u00e9tale (incluant silybine \/ phospholipides 4,77 %), huiles et graisses, min\u00e9raux, levures, diff\u00e9rents sucres. Sources de prot\u00e9ine : cas\u00e9inate, prot\u00e9ine de lactos\u00e9rum. Hydrates de carbone tr\u00e8s digestibles. Lactose, sirop de glucose. Constituants analytiques : Prot\u00e9ines brutes: 29,20 %, Cellulose brute: 19,70 %, Sucres totaux : 9,0 %, Cendres brutes : 6,86 %, Mati\u00e8res grasses brutes : 5,06 %, Humidit\u00e9 : 2,36 %, Acides amin\u00e9s essentiels : 2,27 %, Cendres insolubles dans HCl : 1,72 %, Sodium : 0,874%, Magn\u00e9sium : 0,668 %, Calcium : 0,019 %, Cuivre : 0,00019 %. Additifs : Acides amin\u00e9s, leurs sels et produits analogues : S-ad\u00e9nosylm\u00e9thionine (19,1 %), antioxydants, additifs technologiques, m\u00e9lange de substances aromatiques et de conservateurs.<\/p>\n","protected":false},"excerpt":{"rendered":"<p>Le Zentonil Advanced est un aliment compl\u00e9mentaire di\u00e9t\u00e9tique pour chat ou chien de moins de 5,5 kg contribuant au soutien de la fonction h\u00e9patique en cas d&#8217;insuffisance h\u00e9patique chronique.<br \/>\n<strong><br \/>\n<\/strong><\/p>\n<ul>\n<li>Chat ou chien de moins de 5,5 kg<\/li>\n<li>Insuffisance h\u00e9patique chronique<\/li>\n<\/ul>\n","protected":false},"featured_media":310876,"template":"","meta":[],"product_cat":[2738,2697,2698,12567,12568,12637,12638],"product_tag":[],"class_list":{"0":"post-36312","1":"product","2":"type-product","3":"status-publish","4":"has-post-thumbnail","6":"product_cat-aliments-complementaires-pour-chien","7":"product_cat-chat","8":"product_cat-chien","9":"product_cat-produit-veterinaire-du-chat","10":"product_cat-produit-veterinaire-du-chien","11":"product_cat-systeme-hepatique-du-chat","12":"product_cat-systeme-hepatique-du-chien","13":"pa_marque-vetoquinol","15":"first","16":"outofstock","17":"taxable","18":"shipping-taxable","19":"purchasable","20":"product-type-simple"},"yoast_head":"<!-- This site is optimized with the Yoast SEO plugin v27.3 - https:\/\/yoast.com\/product\/yoast-seo-wordpress\/ -->\n<title>ZENTONIL ADVANCED 100MG Chien et Chat V\u00e9toquinol - V\u00e9torino<\/title>\n<meta name=\"description\" content=\"Le Zentonil Advanced est un aliment compl\u00e9mentaire di\u00e9t\u00e9tique pour chat ou chien de moins de 5,5 kg contribuant au soutien de la fonction h\u00e9patique en cas d&#039;insuffisance h\u00e9patique chronique.     Chat ou chien de moins de 5,5 kg  Insuffisance h\u00e9patique chronique\" \/>\n<meta name=\"robots\" content=\"index, follow, max-snippet:-1, max-image-preview:large, max-video-preview:-1\" \/>\n<link rel=\"canonical\" href=\"https:\/\/www.vetorino.com\/boutique\/product\/zentonil-advanced-100-mg-chat\/\" \/>\n<meta property=\"og:locale\" content=\"fr_FR\" \/>\n<meta property=\"og:type\" content=\"article\" \/>\n<meta property=\"og:title\" content=\"ZENTONIL ADVANCED 100MG Chien et Chat V\u00e9toquinol - V\u00e9torino\" \/>\n<meta property=\"og:description\" content=\"Le Zentonil Advanced est un aliment compl\u00e9mentaire di\u00e9t\u00e9tique pour chat ou chien de moins de 5,5 kg contribuant au soutien de la fonction h\u00e9patique en cas d&#039;insuffisance h\u00e9patique chronique.     Chat ou chien de moins de 5,5 kg  Insuffisance h\u00e9patique chronique\" \/>\n<meta property=\"og:url\" content=\"https:\/\/www.vetorino.com\/boutique\/product\/zentonil-advanced-100-mg-chat\/\" \/>\n<meta property=\"og:site_name\" content=\"V\u00e9torino\" \/>\n<meta property=\"article:publisher\" content=\"https:\/\/www.facebook.com\/Vetorino\/\" \/>\n<meta property=\"article:modified_time\" content=\"2022-04-05T13:34:08+00:00\" \/>\n<meta property=\"og:image\" content=\"https:\/\/www.vetorino.com\/boutique\/wp-content\/uploads\/2020\/03\/zentonil-advanced-100-mg.jpeg\" \/>\n\t<meta property=\"og:image:width\" content=\"540\" \/>\n\t<meta property=\"og:image:height\" content=\"540\" \/>\n\t<meta property=\"og:image:type\" content=\"image\/jpeg\" \/>\n<meta name=\"twitter:card\" content=\"summary_large_image\" \/>\n<meta name=\"twitter:label1\" content=\"Prix\" \/>\n\t<meta name=\"twitter:data1\" content=\"24,59&euro;\" \/>\n\t<meta name=\"twitter:label2\" content=\"Disponibilit\u00e9\" \/>\n\t<meta name=\"twitter:data2\" content=\"Rupture de stock\" \/>\n<script type=\"application\/ld+json\" class=\"yoast-schema-graph\">{\"@context\":\"https:\\\/\\\/schema.org\",\"@graph\":[{\"@type\":\"WebPage\",\"@id\":\"https:\\\/\\\/www.vetorino.com\\\/boutique\\\/product\\\/zentonil-advanced-100-mg-chat\\\/\",\"url\":\"https:\\\/\\\/www.vetorino.com\\\/boutique\\\/product\\\/zentonil-advanced-100-mg-chat\\\/\",\"name\":\"ZENTONIL ADVANCED 100MG Chien et Chat V\u00e9toquinol - V\u00e9torino\",\"isPartOf\":{\"@id\":\"https:\\\/\\\/www.vetorino.com\\\/boutique\\\/#website\"},\"primaryImageOfPage\":{\"@id\":\"https:\\\/\\\/www.vetorino.com\\\/boutique\\\/product\\\/zentonil-advanced-100-mg-chat\\\/#primaryimage\"},\"image\":{\"@id\":\"https:\\\/\\\/www.vetorino.com\\\/boutique\\\/product\\\/zentonil-advanced-100-mg-chat\\\/#primaryimage\"},\"thumbnailUrl\":\"https:\\\/\\\/www.vetorino.com\\\/boutique\\\/wp-content\\\/uploads\\\/2020\\\/03\\\/zentonil-advanced-100-mg.jpeg\",\"datePublished\":\"2020-03-04T22:02:59+00:00\",\"dateModified\":\"2022-04-05T13:34:08+00:00\",\"description\":\"Le Zentonil Advanced est un aliment compl\u00e9mentaire di\u00e9t\u00e9tique pour chat ou chien de moins de 5,5 kg contribuant au soutien de la fonction h\u00e9patique en cas d'insuffisance h\u00e9patique chronique. Chat ou chien de moins de 5,5 kg Insuffisance h\u00e9patique chronique\",\"breadcrumb\":{\"@id\":\"https:\\\/\\\/www.vetorino.com\\\/boutique\\\/product\\\/zentonil-advanced-100-mg-chat\\\/#breadcrumb\"},\"inLanguage\":\"fr-FR\",\"potentialAction\":[{\"@type\":\"ReadAction\",\"target\":[\"https:\\\/\\\/www.vetorino.com\\\/boutique\\\/product\\\/zentonil-advanced-100-mg-chat\\\/\"]}]},{\"@type\":\"ImageObject\",\"inLanguage\":\"fr-FR\",\"@id\":\"https:\\\/\\\/www.vetorino.com\\\/boutique\\\/product\\\/zentonil-advanced-100-mg-chat\\\/#primaryimage\",\"url\":\"https:\\\/\\\/www.vetorino.com\\\/boutique\\\/wp-content\\\/uploads\\\/2020\\\/03\\\/zentonil-advanced-100-mg.jpeg\",\"contentUrl\":\"https:\\\/\\\/www.vetorino.com\\\/boutique\\\/wp-content\\\/uploads\\\/2020\\\/03\\\/zentonil-advanced-100-mg.jpeg\",\"width\":540,\"height\":540},{\"@type\":\"BreadcrumbList\",\"@id\":\"https:\\\/\\\/www.vetorino.com\\\/boutique\\\/product\\\/zentonil-advanced-100-mg-chat\\\/#breadcrumb\",\"itemListElement\":[{\"@type\":\"ListItem\",\"position\":1,\"name\":\"Accueil\",\"item\":\"https:\\\/\\\/www.vetorino.com\\\/boutique\\\/\"},{\"@type\":\"ListItem\",\"position\":2,\"name\":\"Produits\",\"item\":\"https:\\\/\\\/www.vetorino.com\\\/boutique\\\/\"},{\"@type\":\"ListItem\",\"position\":3,\"name\":\"ZENTONIL ADVANCED 100MG Chien et Chat\"}]},{\"@type\":\"WebSite\",\"@id\":\"https:\\\/\\\/www.vetorino.com\\\/boutique\\\/#website\",\"url\":\"https:\\\/\\\/www.vetorino.com\\\/boutique\\\/\",\"name\":\"V\u00e9torino\",\"description\":\"\",\"publisher\":{\"@id\":\"https:\\\/\\\/www.vetorino.com\\\/boutique\\\/#organization\"},\"potentialAction\":[{\"@type\":\"SearchAction\",\"target\":{\"@type\":\"EntryPoint\",\"urlTemplate\":\"https:\\\/\\\/www.vetorino.com\\\/boutique\\\/?s={search_term_string}\"},\"query-input\":{\"@type\":\"PropertyValueSpecification\",\"valueRequired\":true,\"valueName\":\"search_term_string\"}}],\"inLanguage\":\"fr-FR\"},{\"@type\":\"Organization\",\"@id\":\"https:\\\/\\\/www.vetorino.com\\\/boutique\\\/#organization\",\"name\":\"V\u00e9torino\",\"url\":\"https:\\\/\\\/www.vetorino.com\\\/boutique\\\/\",\"logo\":{\"@type\":\"ImageObject\",\"inLanguage\":\"fr-FR\",\"@id\":\"https:\\\/\\\/www.vetorino.com\\\/boutique\\\/#\\\/schema\\\/logo\\\/image\\\/\",\"url\":\"https:\\\/\\\/www.vetorino.com\\\/boutique\\\/wp-content\\\/uploads\\\/2024\\\/10\\\/logo.jpg\",\"contentUrl\":\"https:\\\/\\\/www.vetorino.com\\\/boutique\\\/wp-content\\\/uploads\\\/2024\\\/10\\\/logo.jpg\",\"width\":1200,\"height\":610,\"caption\":\"V\u00e9torino\"},\"image\":{\"@id\":\"https:\\\/\\\/www.vetorino.com\\\/boutique\\\/#\\\/schema\\\/logo\\\/image\\\/\"},\"sameAs\":[\"https:\\\/\\\/www.facebook.com\\\/Vetorino\\\/\",\"https:\\\/\\\/www.instagram.com\\\/vetorino_off\\\/\",\"https:\\\/\\\/www.linkedin.com\\\/company\\\/vtorino\\\/\"]}]}<\/script>\n<meta property=\"product:brand\" content=\"V\u00e9toquinol\" \/>\n<meta property=\"product:price:amount\" content=\"24.59\" \/>\n<meta property=\"product:price:currency\" content=\"EUR\" \/>\n<meta property=\"og:availability\" content=\"out of stock\" \/>\n<meta property=\"product:availability\" content=\"out of stock\" \/>\n<meta property=\"product:retailer_item_id\" content=\"A-8113749\" \/>\n<meta property=\"product:condition\" content=\"new\" \/>\n<!-- \/ Yoast SEO plugin. -->","yoast_head_json":{"title":"ZENTONIL ADVANCED 100MG Chien et Chat V\u00e9toquinol - V\u00e9torino","description":"Le Zentonil Advanced est un aliment compl\u00e9mentaire di\u00e9t\u00e9tique pour chat ou chien de moins de 5,5 kg contribuant au soutien de la fonction h\u00e9patique en cas d'insuffisance h\u00e9patique chronique.     Chat ou chien de moins de 5,5 kg  Insuffisance h\u00e9patique chronique","robots":{"index":"index","follow":"follow","max-snippet":"max-snippet:-1","max-image-preview":"max-image-preview:large","max-video-preview":"max-video-preview:-1"},"canonical":"https:\/\/www.vetorino.com\/boutique\/product\/zentonil-advanced-100-mg-chat\/","og_locale":"fr_FR","og_type":"article","og_title":"ZENTONIL ADVANCED 100MG Chien et Chat V\u00e9toquinol - V\u00e9torino","og_description":"Le Zentonil Advanced est un aliment compl\u00e9mentaire di\u00e9t\u00e9tique pour chat ou chien de moins de 5,5 kg contribuant au soutien de la fonction h\u00e9patique en cas d'insuffisance h\u00e9patique chronique.     Chat ou chien de moins de 5,5 kg  Insuffisance h\u00e9patique chronique","og_url":"https:\/\/www.vetorino.com\/boutique\/product\/zentonil-advanced-100-mg-chat\/","og_site_name":"V\u00e9torino","article_publisher":"https:\/\/www.facebook.com\/Vetorino\/","article_modified_time":"2022-04-05T13:34:08+00:00","og_image":[{"width":540,"height":540,"url":"https:\/\/www.vetorino.com\/boutique\/wp-content\/uploads\/2020\/03\/zentonil-advanced-100-mg.jpeg","type":"image\/jpeg"}],"twitter_card":"summary_large_image","twitter_misc":{"Prix":"24,59&euro;","Disponibilit\u00e9":"Rupture de stock"},"schema":{"@context":"https:\/\/schema.org","@graph":[{"@type":"WebPage","@id":"https:\/\/www.vetorino.com\/boutique\/product\/zentonil-advanced-100-mg-chat\/","url":"https:\/\/www.vetorino.com\/boutique\/product\/zentonil-advanced-100-mg-chat\/","name":"ZENTONIL ADVANCED 100MG Chien et Chat V\u00e9toquinol - V\u00e9torino","isPartOf":{"@id":"https:\/\/www.vetorino.com\/boutique\/#website"},"primaryImageOfPage":{"@id":"https:\/\/www.vetorino.com\/boutique\/product\/zentonil-advanced-100-mg-chat\/#primaryimage"},"image":{"@id":"https:\/\/www.vetorino.com\/boutique\/product\/zentonil-advanced-100-mg-chat\/#primaryimage"},"thumbnailUrl":"https:\/\/www.vetorino.com\/boutique\/wp-content\/uploads\/2020\/03\/zentonil-advanced-100-mg.jpeg","datePublished":"2020-03-04T22:02:59+00:00","dateModified":"2022-04-05T13:34:08+00:00","description":"Le Zentonil Advanced est un aliment compl\u00e9mentaire di\u00e9t\u00e9tique pour chat ou chien de moins de 5,5 kg contribuant au soutien de la fonction h\u00e9patique en cas d'insuffisance h\u00e9patique chronique. Chat ou chien de moins de 5,5 kg Insuffisance h\u00e9patique chronique","breadcrumb":{"@id":"https:\/\/www.vetorino.com\/boutique\/product\/zentonil-advanced-100-mg-chat\/#breadcrumb"},"inLanguage":"fr-FR","potentialAction":[{"@type":"ReadAction","target":["https:\/\/www.vetorino.com\/boutique\/product\/zentonil-advanced-100-mg-chat\/"]}]},{"@type":"ImageObject","inLanguage":"fr-FR","@id":"https:\/\/www.vetorino.com\/boutique\/product\/zentonil-advanced-100-mg-chat\/#primaryimage","url":"https:\/\/www.vetorino.com\/boutique\/wp-content\/uploads\/2020\/03\/zentonil-advanced-100-mg.jpeg","contentUrl":"https:\/\/www.vetorino.com\/boutique\/wp-content\/uploads\/2020\/03\/zentonil-advanced-100-mg.jpeg","width":540,"height":540},{"@type":"BreadcrumbList","@id":"https:\/\/www.vetorino.com\/boutique\/product\/zentonil-advanced-100-mg-chat\/#breadcrumb","itemListElement":[{"@type":"ListItem","position":1,"name":"Accueil","item":"https:\/\/www.vetorino.com\/boutique\/"},{"@type":"ListItem","position":2,"name":"Produits","item":"https:\/\/www.vetorino.com\/boutique\/"},{"@type":"ListItem","position":3,"name":"ZENTONIL ADVANCED 100MG Chien et Chat"}]},{"@type":"WebSite","@id":"https:\/\/www.vetorino.com\/boutique\/#website","url":"https:\/\/www.vetorino.com\/boutique\/","name":"V\u00e9torino","description":"","publisher":{"@id":"https:\/\/www.vetorino.com\/boutique\/#organization"},"potentialAction":[{"@type":"SearchAction","target":{"@type":"EntryPoint","urlTemplate":"https:\/\/www.vetorino.com\/boutique\/?s={search_term_string}"},"query-input":{"@type":"PropertyValueSpecification","valueRequired":true,"valueName":"search_term_string"}}],"inLanguage":"fr-FR"},{"@type":"Organization","@id":"https:\/\/www.vetorino.com\/boutique\/#organization","name":"V\u00e9torino","url":"https:\/\/www.vetorino.com\/boutique\/","logo":{"@type":"ImageObject","inLanguage":"fr-FR","@id":"https:\/\/www.vetorino.com\/boutique\/#\/schema\/logo\/image\/","url":"https:\/\/www.vetorino.com\/boutique\/wp-content\/uploads\/2024\/10\/logo.jpg","contentUrl":"https:\/\/www.vetorino.com\/boutique\/wp-content\/uploads\/2024\/10\/logo.jpg","width":1200,"height":610,"caption":"V\u00e9torino"},"image":{"@id":"https:\/\/www.vetorino.com\/boutique\/#\/schema\/logo\/image\/"},"sameAs":["https:\/\/www.facebook.com\/Vetorino\/","https:\/\/www.instagram.com\/vetorino_off\/","https:\/\/www.linkedin.com\/company\/vtorino\/"]}]},"product_brand":"V\u00e9toquinol","product_price_amount":"24.59","product_price_currency":"EUR","og_availability":"out of stock","product_availability":"out of stock","product_retailer_item_id":"A-8113749","product_condition":"new"},"_links":{"self":[{"href":"https:\/\/www.vetorino.com\/boutique\/wp-json\/wp\/v2\/product\/36312","targetHints":{"allow":["GET"]}}],"collection":[{"href":"https:\/\/www.vetorino.com\/boutique\/wp-json\/wp\/v2\/product"}],"about":[{"href":"https:\/\/www.vetorino.com\/boutique\/wp-json\/wp\/v2\/types\/product"}],"wp:featuredmedia":[{"embeddable":true,"href":"https:\/\/www.vetorino.com\/boutique\/wp-json\/wp\/v2\/media\/310876"}],"wp:attachment":[{"href":"https:\/\/www.vetorino.com\/boutique\/wp-json\/wp\/v2\/media?parent=36312"}],"wp:term":[{"taxonomy":"product_cat","embeddable":true,"href":"https:\/\/www.vetorino.com\/boutique\/wp-json\/wp\/v2\/product_cat?post=36312"},{"taxonomy":"product_tag","embeddable":true,"href":"https:\/\/www.vetorino.com\/boutique\/wp-json\/wp\/v2\/product_tag?post=36312"}],"curies":[{"name":"wp","href":"https:\/\/api.w.org\/{rel}","templated":true}]}}