{"id":36314,"date":"2020-03-04T23:03:00","date_gmt":"2020-03-04T22:03:00","guid":{"rendered":"https:\/\/www.vetorino.com\/boutique\/product\/zentonil-plus-400-mg-chien\/"},"modified":"2022-04-05T15:20:49","modified_gmt":"2022-04-05T13:20:49","slug":"zentonil-plus-400-mg-chien","status":"publish","type":"product","link":"https:\/\/www.vetorino.com\/boutique\/product\/zentonil-plus-400-mg-chien\/","title":{"rendered":"ZENTONIL PLUS 400MG"},"content":{"rendered":"<p>&nbsp;<\/p>\n<div class=\"hidden\">\n<ul>\n<li>Chien de plus de 20 kg<\/li>\n<li>Pr\u00e9vention des troubles h\u00e9patiques<\/li>\n<li>Insuffisance h\u00e9patique chronique<strong><br \/>\n<\/strong><\/li>\n<\/ul>\n<p><strong><br \/>\nIndications th\u00e9rapeuthiques:<br \/>\n<\/strong><\/p>\n<div>Zentonil Plus contribue au soutien de la fonction h\u00e9patique en limitant le d\u00e9faut de S-ad\u00e9nosyl m\u00e9thionine (SAMe) endog\u00e8ne.<\/div>\n<div>\n<p>L\u2019apport de SAMe exog\u00e8ne favorise :<\/p>\n<ul>\n<li>Une am\u00e9lioration du taux de glutathion en faveur d\u2019un effet d\u00e9toxifiant en anti-oxydant h\u00e9patique puissant.<\/li>\n<li>La normalisation des taux d\u2019enzymes h\u00e9patiques.<\/li>\n<li>La normalisation des taux de bilirubine totale, des acides biliaires, de l\u2019albumine et des facteurs de coagulation en faveur d\u2019un effet stabilisateur et r\u00e9g\u00e9n\u00e9rateur des h\u00e9patocytes.<\/li>\n<\/ul>\n<\/div>\n<\/div>\n","protected":false},"excerpt":{"rendered":"<p>Le Zentonil Plus 400 mg est un aliment compl\u00e9mentaire di\u00e9t\u00e9tique pour chien de plus de 20 kg\u00a0<span id=\"ctl00_MasterBody_txtCaract\">pr\u00e9conis\u00e9 pour la gestion pr\u00e9ventive des troubles h\u00e9patiques<\/span>\u00a0et contribuant au soutien de la fonction h\u00e9patique en cas d&#8217;insuffisance h\u00e9patique chronique.<\/p>\n","protected":false},"featured_media":310868,"template":"","meta":[],"product_cat":[2738,2698,12568,12638],"product_tag":[],"class_list":{"0":"post-36314","1":"product","2":"type-product","3":"status-publish","4":"has-post-thumbnail","6":"product_cat-aliments-complementaires-pour-chien","7":"product_cat-chien","8":"product_cat-produit-veterinaire-du-chien","9":"product_cat-systeme-hepatique-du-chien","10":"pa_marque-vetoquinol","12":"first","13":"outofstock","14":"taxable","15":"shipping-taxable","16":"purchasable","17":"product-type-simple"},"yoast_head":"<!-- This site is optimized with the Yoast SEO plugin v27.4 - https:\/\/yoast.com\/product\/yoast-seo-wordpress\/ -->\n<title>ZENTONIL PLUS 400MG V\u00e9toquinol - V\u00e9torino<\/title>\n<meta name=\"description\" content=\"Le Zentonil Plus 400 mg est un aliment compl\u00e9mentaire di\u00e9t\u00e9tique pour chien de plus de 20 kg\u00a0pr\u00e9conis\u00e9 pour la gestion pr\u00e9ventive des troubles h\u00e9patiques\u00a0et contribuant au soutien de la fonction h\u00e9patique en cas d&#039;insuffisance h\u00e9patique chronique.\" \/>\n<meta name=\"robots\" content=\"index, follow, max-snippet:-1, max-image-preview:large, max-video-preview:-1\" \/>\n<link rel=\"canonical\" href=\"https:\/\/www.vetorino.com\/boutique\/product\/zentonil-plus-400-mg-chien\/\" \/>\n<meta property=\"og:locale\" content=\"fr_FR\" \/>\n<meta property=\"og:type\" content=\"article\" \/>\n<meta property=\"og:title\" content=\"ZENTONIL PLUS 400MG V\u00e9toquinol - V\u00e9torino\" \/>\n<meta property=\"og:description\" content=\"Le Zentonil Plus 400 mg est un aliment compl\u00e9mentaire di\u00e9t\u00e9tique pour chien de plus de 20 kg\u00a0pr\u00e9conis\u00e9 pour la gestion pr\u00e9ventive des troubles h\u00e9patiques\u00a0et contribuant au soutien de la fonction h\u00e9patique en cas d&#039;insuffisance h\u00e9patique chronique.\" \/>\n<meta property=\"og:url\" content=\"https:\/\/www.vetorino.com\/boutique\/product\/zentonil-plus-400-mg-chien\/\" \/>\n<meta property=\"og:site_name\" content=\"V\u00e9torino\" \/>\n<meta property=\"article:publisher\" content=\"https:\/\/www.facebook.com\/Vetorino\/\" \/>\n<meta property=\"article:modified_time\" content=\"2022-04-05T13:20:49+00:00\" \/>\n<meta property=\"og:image\" content=\"https:\/\/www.vetorino.com\/boutique\/wp-content\/uploads\/2020\/03\/zentonil-plus-400-mg.jpeg\" \/>\n\t<meta property=\"og:image:width\" content=\"540\" \/>\n\t<meta property=\"og:image:height\" content=\"540\" \/>\n\t<meta property=\"og:image:type\" content=\"image\/jpeg\" \/>\n<meta name=\"twitter:card\" content=\"summary_large_image\" \/>\n<meta name=\"twitter:label1\" content=\"Prix\" \/>\n\t<meta name=\"twitter:data1\" content=\"52,95&euro;\" \/>\n\t<meta name=\"twitter:label2\" content=\"Disponibilit\u00e9\" \/>\n\t<meta name=\"twitter:data2\" content=\"Rupture de stock\" \/>\n<script type=\"application\/ld+json\" class=\"yoast-schema-graph\">{\"@context\":\"https:\\\/\\\/schema.org\",\"@graph\":[{\"@type\":\"WebPage\",\"@id\":\"https:\\\/\\\/www.vetorino.com\\\/boutique\\\/product\\\/zentonil-plus-400-mg-chien\\\/\",\"url\":\"https:\\\/\\\/www.vetorino.com\\\/boutique\\\/product\\\/zentonil-plus-400-mg-chien\\\/\",\"name\":\"ZENTONIL PLUS 400MG V\u00e9toquinol - V\u00e9torino\",\"isPartOf\":{\"@id\":\"https:\\\/\\\/www.vetorino.com\\\/boutique\\\/#website\"},\"primaryImageOfPage\":{\"@id\":\"https:\\\/\\\/www.vetorino.com\\\/boutique\\\/product\\\/zentonil-plus-400-mg-chien\\\/#primaryimage\"},\"image\":{\"@id\":\"https:\\\/\\\/www.vetorino.com\\\/boutique\\\/product\\\/zentonil-plus-400-mg-chien\\\/#primaryimage\"},\"thumbnailUrl\":\"https:\\\/\\\/www.vetorino.com\\\/boutique\\\/wp-content\\\/uploads\\\/2020\\\/03\\\/zentonil-plus-400-mg.jpeg\",\"datePublished\":\"2020-03-04T22:03:00+00:00\",\"dateModified\":\"2022-04-05T13:20:49+00:00\",\"description\":\"Le Zentonil Plus 400 mg est un aliment compl\u00e9mentaire di\u00e9t\u00e9tique pour chien de plus de 20 kg\u00a0pr\u00e9conis\u00e9 pour la gestion pr\u00e9ventive des troubles h\u00e9patiques\u00a0et contribuant au soutien de la fonction h\u00e9patique en cas d'insuffisance h\u00e9patique chronique.\",\"breadcrumb\":{\"@id\":\"https:\\\/\\\/www.vetorino.com\\\/boutique\\\/product\\\/zentonil-plus-400-mg-chien\\\/#breadcrumb\"},\"inLanguage\":\"fr-FR\",\"potentialAction\":[{\"@type\":\"ReadAction\",\"target\":[\"https:\\\/\\\/www.vetorino.com\\\/boutique\\\/product\\\/zentonil-plus-400-mg-chien\\\/\"]}]},{\"@type\":\"ImageObject\",\"inLanguage\":\"fr-FR\",\"@id\":\"https:\\\/\\\/www.vetorino.com\\\/boutique\\\/product\\\/zentonil-plus-400-mg-chien\\\/#primaryimage\",\"url\":\"https:\\\/\\\/www.vetorino.com\\\/boutique\\\/wp-content\\\/uploads\\\/2020\\\/03\\\/zentonil-plus-400-mg.jpeg\",\"contentUrl\":\"https:\\\/\\\/www.vetorino.com\\\/boutique\\\/wp-content\\\/uploads\\\/2020\\\/03\\\/zentonil-plus-400-mg.jpeg\",\"width\":540,\"height\":540},{\"@type\":\"BreadcrumbList\",\"@id\":\"https:\\\/\\\/www.vetorino.com\\\/boutique\\\/product\\\/zentonil-plus-400-mg-chien\\\/#breadcrumb\",\"itemListElement\":[{\"@type\":\"ListItem\",\"position\":1,\"name\":\"Accueil\",\"item\":\"https:\\\/\\\/www.vetorino.com\\\/boutique\\\/\"},{\"@type\":\"ListItem\",\"position\":2,\"name\":\"Produits\",\"item\":\"https:\\\/\\\/www.vetorino.com\\\/boutique\\\/\"},{\"@type\":\"ListItem\",\"position\":3,\"name\":\"ZENTONIL PLUS 400MG\"}]},{\"@type\":\"WebSite\",\"@id\":\"https:\\\/\\\/www.vetorino.com\\\/boutique\\\/#website\",\"url\":\"https:\\\/\\\/www.vetorino.com\\\/boutique\\\/\",\"name\":\"V\u00e9torino\",\"description\":\"\",\"publisher\":{\"@id\":\"https:\\\/\\\/www.vetorino.com\\\/boutique\\\/#organization\"},\"potentialAction\":[{\"@type\":\"SearchAction\",\"target\":{\"@type\":\"EntryPoint\",\"urlTemplate\":\"https:\\\/\\\/www.vetorino.com\\\/boutique\\\/?s={search_term_string}\"},\"query-input\":{\"@type\":\"PropertyValueSpecification\",\"valueRequired\":true,\"valueName\":\"search_term_string\"}}],\"inLanguage\":\"fr-FR\"},{\"@type\":\"Organization\",\"@id\":\"https:\\\/\\\/www.vetorino.com\\\/boutique\\\/#organization\",\"name\":\"V\u00e9torino\",\"url\":\"https:\\\/\\\/www.vetorino.com\\\/boutique\\\/\",\"logo\":{\"@type\":\"ImageObject\",\"inLanguage\":\"fr-FR\",\"@id\":\"https:\\\/\\\/www.vetorino.com\\\/boutique\\\/#\\\/schema\\\/logo\\\/image\\\/\",\"url\":\"https:\\\/\\\/www.vetorino.com\\\/boutique\\\/wp-content\\\/uploads\\\/2024\\\/10\\\/logo.jpg\",\"contentUrl\":\"https:\\\/\\\/www.vetorino.com\\\/boutique\\\/wp-content\\\/uploads\\\/2024\\\/10\\\/logo.jpg\",\"width\":1200,\"height\":610,\"caption\":\"V\u00e9torino\"},\"image\":{\"@id\":\"https:\\\/\\\/www.vetorino.com\\\/boutique\\\/#\\\/schema\\\/logo\\\/image\\\/\"},\"sameAs\":[\"https:\\\/\\\/www.facebook.com\\\/Vetorino\\\/\",\"https:\\\/\\\/www.instagram.com\\\/vetorino_off\\\/\",\"https:\\\/\\\/www.linkedin.com\\\/company\\\/vtorino\\\/\"]}]}<\/script>\n<meta property=\"product:brand\" content=\"V\u00e9toquinol\" \/>\n<meta property=\"product:price:amount\" content=\"52.95\" \/>\n<meta property=\"product:price:currency\" content=\"EUR\" \/>\n<meta property=\"og:availability\" content=\"out of stock\" \/>\n<meta property=\"product:availability\" content=\"out of stock\" \/>\n<meta property=\"product:retailer_item_id\" content=\"A-8113815\" \/>\n<meta property=\"product:condition\" content=\"new\" \/>\n<!-- \/ Yoast SEO plugin. -->","yoast_head_json":{"title":"ZENTONIL PLUS 400MG V\u00e9toquinol - V\u00e9torino","description":"Le Zentonil Plus 400 mg est un aliment compl\u00e9mentaire di\u00e9t\u00e9tique pour chien de plus de 20 kg\u00a0pr\u00e9conis\u00e9 pour la gestion pr\u00e9ventive des troubles h\u00e9patiques\u00a0et contribuant au soutien de la fonction h\u00e9patique en cas d'insuffisance h\u00e9patique chronique.","robots":{"index":"index","follow":"follow","max-snippet":"max-snippet:-1","max-image-preview":"max-image-preview:large","max-video-preview":"max-video-preview:-1"},"canonical":"https:\/\/www.vetorino.com\/boutique\/product\/zentonil-plus-400-mg-chien\/","og_locale":"fr_FR","og_type":"article","og_title":"ZENTONIL PLUS 400MG V\u00e9toquinol - V\u00e9torino","og_description":"Le Zentonil Plus 400 mg est un aliment compl\u00e9mentaire di\u00e9t\u00e9tique pour chien de plus de 20 kg\u00a0pr\u00e9conis\u00e9 pour la gestion pr\u00e9ventive des troubles h\u00e9patiques\u00a0et contribuant au soutien de la fonction h\u00e9patique en cas d'insuffisance h\u00e9patique chronique.","og_url":"https:\/\/www.vetorino.com\/boutique\/product\/zentonil-plus-400-mg-chien\/","og_site_name":"V\u00e9torino","article_publisher":"https:\/\/www.facebook.com\/Vetorino\/","article_modified_time":"2022-04-05T13:20:49+00:00","og_image":[{"width":540,"height":540,"url":"https:\/\/www.vetorino.com\/boutique\/wp-content\/uploads\/2020\/03\/zentonil-plus-400-mg.jpeg","type":"image\/jpeg"}],"twitter_card":"summary_large_image","twitter_misc":{"Prix":"52,95&euro;","Disponibilit\u00e9":"Rupture de stock"},"schema":{"@context":"https:\/\/schema.org","@graph":[{"@type":"WebPage","@id":"https:\/\/www.vetorino.com\/boutique\/product\/zentonil-plus-400-mg-chien\/","url":"https:\/\/www.vetorino.com\/boutique\/product\/zentonil-plus-400-mg-chien\/","name":"ZENTONIL PLUS 400MG V\u00e9toquinol - V\u00e9torino","isPartOf":{"@id":"https:\/\/www.vetorino.com\/boutique\/#website"},"primaryImageOfPage":{"@id":"https:\/\/www.vetorino.com\/boutique\/product\/zentonil-plus-400-mg-chien\/#primaryimage"},"image":{"@id":"https:\/\/www.vetorino.com\/boutique\/product\/zentonil-plus-400-mg-chien\/#primaryimage"},"thumbnailUrl":"https:\/\/www.vetorino.com\/boutique\/wp-content\/uploads\/2020\/03\/zentonil-plus-400-mg.jpeg","datePublished":"2020-03-04T22:03:00+00:00","dateModified":"2022-04-05T13:20:49+00:00","description":"Le Zentonil Plus 400 mg est un aliment compl\u00e9mentaire di\u00e9t\u00e9tique pour chien de plus de 20 kg\u00a0pr\u00e9conis\u00e9 pour la gestion pr\u00e9ventive des troubles h\u00e9patiques\u00a0et contribuant au soutien de la fonction h\u00e9patique en cas d'insuffisance h\u00e9patique chronique.","breadcrumb":{"@id":"https:\/\/www.vetorino.com\/boutique\/product\/zentonil-plus-400-mg-chien\/#breadcrumb"},"inLanguage":"fr-FR","potentialAction":[{"@type":"ReadAction","target":["https:\/\/www.vetorino.com\/boutique\/product\/zentonil-plus-400-mg-chien\/"]}]},{"@type":"ImageObject","inLanguage":"fr-FR","@id":"https:\/\/www.vetorino.com\/boutique\/product\/zentonil-plus-400-mg-chien\/#primaryimage","url":"https:\/\/www.vetorino.com\/boutique\/wp-content\/uploads\/2020\/03\/zentonil-plus-400-mg.jpeg","contentUrl":"https:\/\/www.vetorino.com\/boutique\/wp-content\/uploads\/2020\/03\/zentonil-plus-400-mg.jpeg","width":540,"height":540},{"@type":"BreadcrumbList","@id":"https:\/\/www.vetorino.com\/boutique\/product\/zentonil-plus-400-mg-chien\/#breadcrumb","itemListElement":[{"@type":"ListItem","position":1,"name":"Accueil","item":"https:\/\/www.vetorino.com\/boutique\/"},{"@type":"ListItem","position":2,"name":"Produits","item":"https:\/\/www.vetorino.com\/boutique\/"},{"@type":"ListItem","position":3,"name":"ZENTONIL PLUS 400MG"}]},{"@type":"WebSite","@id":"https:\/\/www.vetorino.com\/boutique\/#website","url":"https:\/\/www.vetorino.com\/boutique\/","name":"V\u00e9torino","description":"","publisher":{"@id":"https:\/\/www.vetorino.com\/boutique\/#organization"},"potentialAction":[{"@type":"SearchAction","target":{"@type":"EntryPoint","urlTemplate":"https:\/\/www.vetorino.com\/boutique\/?s={search_term_string}"},"query-input":{"@type":"PropertyValueSpecification","valueRequired":true,"valueName":"search_term_string"}}],"inLanguage":"fr-FR"},{"@type":"Organization","@id":"https:\/\/www.vetorino.com\/boutique\/#organization","name":"V\u00e9torino","url":"https:\/\/www.vetorino.com\/boutique\/","logo":{"@type":"ImageObject","inLanguage":"fr-FR","@id":"https:\/\/www.vetorino.com\/boutique\/#\/schema\/logo\/image\/","url":"https:\/\/www.vetorino.com\/boutique\/wp-content\/uploads\/2024\/10\/logo.jpg","contentUrl":"https:\/\/www.vetorino.com\/boutique\/wp-content\/uploads\/2024\/10\/logo.jpg","width":1200,"height":610,"caption":"V\u00e9torino"},"image":{"@id":"https:\/\/www.vetorino.com\/boutique\/#\/schema\/logo\/image\/"},"sameAs":["https:\/\/www.facebook.com\/Vetorino\/","https:\/\/www.instagram.com\/vetorino_off\/","https:\/\/www.linkedin.com\/company\/vtorino\/"]}]},"product_brand":"V\u00e9toquinol","product_price_amount":"52.95","product_price_currency":"EUR","og_availability":"out of stock","product_availability":"out of stock","product_retailer_item_id":"A-8113815","product_condition":"new"},"_links":{"self":[{"href":"https:\/\/www.vetorino.com\/boutique\/wp-json\/wp\/v2\/product\/36314","targetHints":{"allow":["GET"]}}],"collection":[{"href":"https:\/\/www.vetorino.com\/boutique\/wp-json\/wp\/v2\/product"}],"about":[{"href":"https:\/\/www.vetorino.com\/boutique\/wp-json\/wp\/v2\/types\/product"}],"wp:featuredmedia":[{"embeddable":true,"href":"https:\/\/www.vetorino.com\/boutique\/wp-json\/wp\/v2\/media\/310868"}],"wp:attachment":[{"href":"https:\/\/www.vetorino.com\/boutique\/wp-json\/wp\/v2\/media?parent=36314"}],"wp:term":[{"taxonomy":"product_cat","embeddable":true,"href":"https:\/\/www.vetorino.com\/boutique\/wp-json\/wp\/v2\/product_cat?post=36314"},{"taxonomy":"product_tag","embeddable":true,"href":"https:\/\/www.vetorino.com\/boutique\/wp-json\/wp\/v2\/product_tag?post=36314"}],"curies":[{"name":"wp","href":"https:\/\/api.w.org\/{rel}","templated":true}]}}