{"id":37038,"date":"2020-03-04T23:11:50","date_gmt":"2020-03-04T22:11:50","guid":{"rendered":"https:\/\/www.vetorino.com\/boutique\/product\/canine-r-d-mini\/"},"modified":"2024-03-20T11:11:41","modified_gmt":"2024-03-20T10:11:41","slug":"canine-r-d-mini","status":"publish","type":"product","link":"https:\/\/www.vetorino.com\/boutique\/product\/canine-r-d-mini\/","title":{"rendered":"Canine r\/d Mini"},"content":{"rendered":"<p>Les croquettes<strong> Hill&#8217;s R\/D Mini Weight Reduction<\/strong> sont sp\u00e9cialement \u00e9labor\u00e9 pour la prise en charge des probl\u00e8mes de poids chez le petit chien (-10kg).<\/p>\n<p><strong>Utilisation :<\/strong><\/p>\n<ul>\n<li>Chien de petite race (moins de 10 kg) en surpoids ou ob\u00e8se<\/li>\n<\/ul>\n<p><strong>B\u00e9n\u00e9fices :\u00a0<\/strong><\/p>\n<ul>\n<li>22% de r\u00e9duction de la graisse corporelle en seulement 8 semaines.<\/li>\n<li>Enrichi en L-Carnitine et en lysine pour aider \u00e0 convertir les graisses en \u00e9nergie tout en conservant la masse musculaire maigre.<\/li>\n<li>Une teneur \u00e9lev\u00e9e en fibres qui contribue \u00e0 r\u00e9duire la sensation de faim. Ainsi, l&#8217;animal r\u00e9clame moins \u00e0 manger.<\/li>\n<li>Une nouvelle saveur am\u00e9lior\u00e9e, votre chien va l&#8217;adorer.<\/li>\n<\/ul>\n","protected":false},"excerpt":{"rendered":"<p>Les croquettes<strong> Hill&#8217;s R\/D Mini Weight Reduction<\/strong> sont sp\u00e9cialement \u00e9labor\u00e9 pour la prise en charge des probl\u00e8mes de poids chez le petit chien (-10kg).<\/p>\n<p><strong>Utilisation :<\/strong><\/p>\n<ul>\n<li>Chien de petite race (moins de 10 kg) en surpoids ou ob\u00e8se<\/li>\n<\/ul>\n<p><strong>Ce produit sera supprim\u00e9 \u00e0 \u00e9puisement des stock. Le laboratoire propose en alternative :<\/strong><\/p>\n<ul>\n<li><strong><a href=\"https:\/\/www.vetorino.com\/boutique\/product\/canine-metabolic-mini\/\">Metabolic Mini Croquettes pour petit Chien au Poulet<\/a>.<\/strong><\/li>\n<\/ul>\n","protected":false},"featured_media":305646,"template":"","meta":[],"product_cat":[12552,12582,2698],"product_tag":[],"class_list":{"0":"post-37038","1":"product","2":"type-product","3":"status-publish","4":"has-post-thumbnail","6":"product_cat-alimentation-du-chien","7":"product_cat-alimentation-medicalisee-pour-chien","8":"product_cat-chien","9":"pa_marque-hills-pet-nutrition","11":"first","12":"instock","13":"taxable","14":"shipping-taxable","15":"purchasable","16":"product-type-variable"},"yoast_head":"<!-- This site is optimized with the Yoast SEO plugin v27.3 - https:\/\/yoast.com\/product\/yoast-seo-wordpress\/ -->\n<title>Prescription Diet (Hill&#039;s) Canine r\/d Mini Hill&#039;s - V\u00e9torino<\/title>\n<meta name=\"description\" content=\"Les croquettes Hill&#039;s R\/D Mini Weight Reduction sont sp\u00e9cialement \u00e9labor\u00e9 pour la prise en charge des probl\u00e8mes de poids chez le petit chien (-10kg).  Utilisation :   Chien de petite race (moins de 10 kg) en surpoids ou ob\u00e8se  Ce produit sera supprim\u00e9 \u00e0 \u00e9puisement des stock. Le laboratoire propose en alternative :   Metabolic Mini Croquettes pour petit Chien au Poulet.\" \/>\n<meta name=\"robots\" content=\"index, follow, max-snippet:-1, max-image-preview:large, max-video-preview:-1\" \/>\n<link rel=\"canonical\" href=\"https:\/\/www.vetorino.com\/boutique\/product\/canine-r-d-mini\/\" \/>\n<meta property=\"og:locale\" content=\"fr_FR\" \/>\n<meta property=\"og:type\" content=\"article\" \/>\n<meta property=\"og:title\" content=\"Prescription Diet (Hill&#039;s) Canine r\/d Mini Hill&#039;s - V\u00e9torino\" \/>\n<meta property=\"og:description\" content=\"Les croquettes Hill&#039;s R\/D Mini Weight Reduction sont sp\u00e9cialement \u00e9labor\u00e9 pour la prise en charge des probl\u00e8mes de poids chez le petit chien (-10kg).  Utilisation :   Chien de petite race (moins de 10 kg) en surpoids ou ob\u00e8se  Ce produit sera supprim\u00e9 \u00e0 \u00e9puisement des stock. Le laboratoire propose en alternative :   Metabolic Mini Croquettes pour petit Chien au Poulet.\" \/>\n<meta property=\"og:url\" content=\"https:\/\/www.vetorino.com\/boutique\/product\/canine-r-d-mini\/\" \/>\n<meta property=\"og:site_name\" content=\"V\u00e9torino\" \/>\n<meta property=\"article:publisher\" content=\"https:\/\/www.facebook.com\/Vetorino\/\" \/>\n<meta property=\"article:modified_time\" content=\"2024-03-20T10:11:41+00:00\" \/>\n<meta property=\"og:image\" content=\"https:\/\/www.vetorino.com\/boutique\/wp-content\/uploads\/2020\/03\/Alternative-recommandee-2.png\" \/>\n\t<meta property=\"og:image:width\" content=\"1581\" \/>\n\t<meta property=\"og:image:height\" content=\"1806\" \/>\n\t<meta property=\"og:image:type\" content=\"image\/png\" \/>\n<meta name=\"twitter:card\" content=\"summary_large_image\" \/>\n<meta name=\"twitter:label1\" content=\"Disponibilit\u00e9\" \/>\n\t<meta name=\"twitter:data1\" content=\"En stock\" \/>\n<script type=\"application\/ld+json\" class=\"yoast-schema-graph\">{\"@context\":\"https:\\\/\\\/schema.org\",\"@graph\":[{\"@type\":\"WebPage\",\"@id\":\"https:\\\/\\\/www.vetorino.com\\\/veterinaire\\\/briancon-05100\\\/boutique\\\/product\\\/canine-r-d-mini\\\/\",\"url\":\"https:\\\/\\\/www.vetorino.com\\\/veterinaire\\\/briancon-05100\\\/boutique\\\/product\\\/canine-r-d-mini\\\/\",\"name\":\"Prescription Diet (Hill's) Canine r\\\/d Mini Hill's - V\u00e9torino\",\"isPartOf\":{\"@id\":\"https:\\\/\\\/www.vetorino.com\\\/boutique\\\/#website\"},\"primaryImageOfPage\":{\"@id\":\"https:\\\/\\\/www.vetorino.com\\\/veterinaire\\\/briancon-05100\\\/boutique\\\/product\\\/canine-r-d-mini\\\/#primaryimage\"},\"image\":{\"@id\":\"https:\\\/\\\/www.vetorino.com\\\/veterinaire\\\/briancon-05100\\\/boutique\\\/product\\\/canine-r-d-mini\\\/#primaryimage\"},\"thumbnailUrl\":\"https:\\\/\\\/www.vetorino.com\\\/boutique\\\/wp-content\\\/uploads\\\/2020\\\/03\\\/Alternative-recommandee-2.png\",\"datePublished\":\"2020-03-04T22:11:50+00:00\",\"dateModified\":\"2024-03-20T10:11:41+00:00\",\"description\":\"Les croquettes Hill's R\\\/D Mini Weight Reduction sont sp\u00e9cialement \u00e9labor\u00e9 pour la prise en charge des probl\u00e8mes de poids chez le petit chien (-10kg). Utilisation : Chien de petite race (moins de 10 kg) en surpoids ou ob\u00e8se Ce produit sera supprim\u00e9 \u00e0 \u00e9puisement des stock. Le laboratoire propose en alternative : Metabolic Mini Croquettes pour petit Chien au Poulet.\",\"breadcrumb\":{\"@id\":\"https:\\\/\\\/www.vetorino.com\\\/veterinaire\\\/briancon-05100\\\/boutique\\\/product\\\/canine-r-d-mini\\\/#breadcrumb\"},\"inLanguage\":\"fr-FR\",\"potentialAction\":[{\"@type\":\"ReadAction\",\"target\":[\"https:\\\/\\\/www.vetorino.com\\\/veterinaire\\\/briancon-05100\\\/boutique\\\/product\\\/canine-r-d-mini\\\/\"]}]},{\"@type\":\"ImageObject\",\"inLanguage\":\"fr-FR\",\"@id\":\"https:\\\/\\\/www.vetorino.com\\\/veterinaire\\\/briancon-05100\\\/boutique\\\/product\\\/canine-r-d-mini\\\/#primaryimage\",\"url\":\"https:\\\/\\\/www.vetorino.com\\\/boutique\\\/wp-content\\\/uploads\\\/2020\\\/03\\\/Alternative-recommandee-2.png\",\"contentUrl\":\"https:\\\/\\\/www.vetorino.com\\\/boutique\\\/wp-content\\\/uploads\\\/2020\\\/03\\\/Alternative-recommandee-2.png\",\"width\":1581,\"height\":1806,\"caption\":\"Hill's prescription diet Canine r\\\/d Mini\"},{\"@type\":\"BreadcrumbList\",\"@id\":\"https:\\\/\\\/www.vetorino.com\\\/veterinaire\\\/briancon-05100\\\/boutique\\\/product\\\/canine-r-d-mini\\\/#breadcrumb\",\"itemListElement\":[{\"@type\":\"ListItem\",\"position\":1,\"name\":\"Accueil\",\"item\":\"https:\\\/\\\/www.vetorino.com\\\/boutique\\\/\"},{\"@type\":\"ListItem\",\"position\":2,\"name\":\"Produits\",\"item\":\"https:\\\/\\\/www.vetorino.com\\\/boutique\\\/\"},{\"@type\":\"ListItem\",\"position\":3,\"name\":\"Canine r\\\/d Mini\"}]},{\"@type\":\"WebSite\",\"@id\":\"https:\\\/\\\/www.vetorino.com\\\/boutique\\\/#website\",\"url\":\"https:\\\/\\\/www.vetorino.com\\\/boutique\\\/\",\"name\":\"V\u00e9torino\",\"description\":\"\",\"publisher\":{\"@id\":\"https:\\\/\\\/www.vetorino.com\\\/boutique\\\/#organization\"},\"potentialAction\":[{\"@type\":\"SearchAction\",\"target\":{\"@type\":\"EntryPoint\",\"urlTemplate\":\"https:\\\/\\\/www.vetorino.com\\\/boutique\\\/?s={search_term_string}\"},\"query-input\":{\"@type\":\"PropertyValueSpecification\",\"valueRequired\":true,\"valueName\":\"search_term_string\"}}],\"inLanguage\":\"fr-FR\"},{\"@type\":\"Organization\",\"@id\":\"https:\\\/\\\/www.vetorino.com\\\/boutique\\\/#organization\",\"name\":\"V\u00e9torino\",\"url\":\"https:\\\/\\\/www.vetorino.com\\\/boutique\\\/\",\"logo\":{\"@type\":\"ImageObject\",\"inLanguage\":\"fr-FR\",\"@id\":\"https:\\\/\\\/www.vetorino.com\\\/boutique\\\/#\\\/schema\\\/logo\\\/image\\\/\",\"url\":\"https:\\\/\\\/www.vetorino.com\\\/boutique\\\/wp-content\\\/uploads\\\/2024\\\/10\\\/logo.jpg\",\"contentUrl\":\"https:\\\/\\\/www.vetorino.com\\\/boutique\\\/wp-content\\\/uploads\\\/2024\\\/10\\\/logo.jpg\",\"width\":1200,\"height\":610,\"caption\":\"V\u00e9torino\"},\"image\":{\"@id\":\"https:\\\/\\\/www.vetorino.com\\\/boutique\\\/#\\\/schema\\\/logo\\\/image\\\/\"},\"sameAs\":[\"https:\\\/\\\/www.facebook.com\\\/Vetorino\\\/\",\"https:\\\/\\\/www.instagram.com\\\/vetorino_off\\\/\",\"https:\\\/\\\/www.linkedin.com\\\/company\\\/vtorino\\\/\"]}]}<\/script>\n<meta property=\"product:brand\" content=\"Hill&#039;s\" \/>\n<meta property=\"og:availability\" content=\"instock\" \/>\n<meta property=\"product:availability\" content=\"instock\" \/>\n<meta property=\"product:condition\" content=\"new\" \/>\n<!-- \/ Yoast SEO plugin. -->","yoast_head_json":{"title":"Prescription Diet (Hill's) Canine r\/d Mini Hill's - V\u00e9torino","description":"Les croquettes Hill's R\/D Mini Weight Reduction sont sp\u00e9cialement \u00e9labor\u00e9 pour la prise en charge des probl\u00e8mes de poids chez le petit chien (-10kg).  Utilisation :   Chien de petite race (moins de 10 kg) en surpoids ou ob\u00e8se  Ce produit sera supprim\u00e9 \u00e0 \u00e9puisement des stock. Le laboratoire propose en alternative :   Metabolic Mini Croquettes pour petit Chien au Poulet.","robots":{"index":"index","follow":"follow","max-snippet":"max-snippet:-1","max-image-preview":"max-image-preview:large","max-video-preview":"max-video-preview:-1"},"canonical":"https:\/\/www.vetorino.com\/boutique\/product\/canine-r-d-mini\/","og_locale":"fr_FR","og_type":"article","og_title":"Prescription Diet (Hill's) Canine r\/d Mini Hill's - V\u00e9torino","og_description":"Les croquettes Hill's R\/D Mini Weight Reduction sont sp\u00e9cialement \u00e9labor\u00e9 pour la prise en charge des probl\u00e8mes de poids chez le petit chien (-10kg).  Utilisation :   Chien de petite race (moins de 10 kg) en surpoids ou ob\u00e8se  Ce produit sera supprim\u00e9 \u00e0 \u00e9puisement des stock. Le laboratoire propose en alternative :   Metabolic Mini Croquettes pour petit Chien au Poulet.","og_url":"https:\/\/www.vetorino.com\/boutique\/product\/canine-r-d-mini\/","og_site_name":"V\u00e9torino","article_publisher":"https:\/\/www.facebook.com\/Vetorino\/","article_modified_time":"2024-03-20T10:11:41+00:00","og_image":[{"width":1581,"height":1806,"url":"https:\/\/www.vetorino.com\/boutique\/wp-content\/uploads\/2020\/03\/Alternative-recommandee-2.png","type":"image\/png"}],"twitter_card":"summary_large_image","twitter_misc":{"Disponibilit\u00e9":"En stock"},"schema":{"@context":"https:\/\/schema.org","@graph":[{"@type":"WebPage","@id":"https:\/\/www.vetorino.com\/veterinaire\/briancon-05100\/boutique\/product\/canine-r-d-mini\/","url":"https:\/\/www.vetorino.com\/veterinaire\/briancon-05100\/boutique\/product\/canine-r-d-mini\/","name":"Prescription Diet (Hill's) Canine r\/d Mini Hill's - V\u00e9torino","isPartOf":{"@id":"https:\/\/www.vetorino.com\/boutique\/#website"},"primaryImageOfPage":{"@id":"https:\/\/www.vetorino.com\/veterinaire\/briancon-05100\/boutique\/product\/canine-r-d-mini\/#primaryimage"},"image":{"@id":"https:\/\/www.vetorino.com\/veterinaire\/briancon-05100\/boutique\/product\/canine-r-d-mini\/#primaryimage"},"thumbnailUrl":"https:\/\/www.vetorino.com\/boutique\/wp-content\/uploads\/2020\/03\/Alternative-recommandee-2.png","datePublished":"2020-03-04T22:11:50+00:00","dateModified":"2024-03-20T10:11:41+00:00","description":"Les croquettes Hill's R\/D Mini Weight Reduction sont sp\u00e9cialement \u00e9labor\u00e9 pour la prise en charge des probl\u00e8mes de poids chez le petit chien (-10kg). Utilisation : Chien de petite race (moins de 10 kg) en surpoids ou ob\u00e8se Ce produit sera supprim\u00e9 \u00e0 \u00e9puisement des stock. Le laboratoire propose en alternative : Metabolic Mini Croquettes pour petit Chien au Poulet.","breadcrumb":{"@id":"https:\/\/www.vetorino.com\/veterinaire\/briancon-05100\/boutique\/product\/canine-r-d-mini\/#breadcrumb"},"inLanguage":"fr-FR","potentialAction":[{"@type":"ReadAction","target":["https:\/\/www.vetorino.com\/veterinaire\/briancon-05100\/boutique\/product\/canine-r-d-mini\/"]}]},{"@type":"ImageObject","inLanguage":"fr-FR","@id":"https:\/\/www.vetorino.com\/veterinaire\/briancon-05100\/boutique\/product\/canine-r-d-mini\/#primaryimage","url":"https:\/\/www.vetorino.com\/boutique\/wp-content\/uploads\/2020\/03\/Alternative-recommandee-2.png","contentUrl":"https:\/\/www.vetorino.com\/boutique\/wp-content\/uploads\/2020\/03\/Alternative-recommandee-2.png","width":1581,"height":1806,"caption":"Hill's prescription diet Canine r\/d Mini"},{"@type":"BreadcrumbList","@id":"https:\/\/www.vetorino.com\/veterinaire\/briancon-05100\/boutique\/product\/canine-r-d-mini\/#breadcrumb","itemListElement":[{"@type":"ListItem","position":1,"name":"Accueil","item":"https:\/\/www.vetorino.com\/boutique\/"},{"@type":"ListItem","position":2,"name":"Produits","item":"https:\/\/www.vetorino.com\/boutique\/"},{"@type":"ListItem","position":3,"name":"Canine r\/d Mini"}]},{"@type":"WebSite","@id":"https:\/\/www.vetorino.com\/boutique\/#website","url":"https:\/\/www.vetorino.com\/boutique\/","name":"V\u00e9torino","description":"","publisher":{"@id":"https:\/\/www.vetorino.com\/boutique\/#organization"},"potentialAction":[{"@type":"SearchAction","target":{"@type":"EntryPoint","urlTemplate":"https:\/\/www.vetorino.com\/boutique\/?s={search_term_string}"},"query-input":{"@type":"PropertyValueSpecification","valueRequired":true,"valueName":"search_term_string"}}],"inLanguage":"fr-FR"},{"@type":"Organization","@id":"https:\/\/www.vetorino.com\/boutique\/#organization","name":"V\u00e9torino","url":"https:\/\/www.vetorino.com\/boutique\/","logo":{"@type":"ImageObject","inLanguage":"fr-FR","@id":"https:\/\/www.vetorino.com\/boutique\/#\/schema\/logo\/image\/","url":"https:\/\/www.vetorino.com\/boutique\/wp-content\/uploads\/2024\/10\/logo.jpg","contentUrl":"https:\/\/www.vetorino.com\/boutique\/wp-content\/uploads\/2024\/10\/logo.jpg","width":1200,"height":610,"caption":"V\u00e9torino"},"image":{"@id":"https:\/\/www.vetorino.com\/boutique\/#\/schema\/logo\/image\/"},"sameAs":["https:\/\/www.facebook.com\/Vetorino\/","https:\/\/www.instagram.com\/vetorino_off\/","https:\/\/www.linkedin.com\/company\/vtorino\/"]}]},"product_brand":"Hill's","og_availability":"instock","product_availability":"instock","product_condition":"new"},"_links":{"self":[{"href":"https:\/\/www.vetorino.com\/boutique\/wp-json\/wp\/v2\/product\/37038","targetHints":{"allow":["GET"]}}],"collection":[{"href":"https:\/\/www.vetorino.com\/boutique\/wp-json\/wp\/v2\/product"}],"about":[{"href":"https:\/\/www.vetorino.com\/boutique\/wp-json\/wp\/v2\/types\/product"}],"wp:featuredmedia":[{"embeddable":true,"href":"https:\/\/www.vetorino.com\/boutique\/wp-json\/wp\/v2\/media\/305646"}],"wp:attachment":[{"href":"https:\/\/www.vetorino.com\/boutique\/wp-json\/wp\/v2\/media?parent=37038"}],"wp:term":[{"taxonomy":"product_cat","embeddable":true,"href":"https:\/\/www.vetorino.com\/boutique\/wp-json\/wp\/v2\/product_cat?post=37038"},{"taxonomy":"product_tag","embeddable":true,"href":"https:\/\/www.vetorino.com\/boutique\/wp-json\/wp\/v2\/product_tag?post=37038"}],"curies":[{"name":"wp","href":"https:\/\/api.w.org\/{rel}","templated":true}]}}