{"id":37446,"date":"2020-03-04T23:54:44","date_gmt":"2020-03-04T22:54:44","guid":{"rendered":"https:\/\/www.vetorino.com\/boutique\/product\/vet-hpm-chat-kidney-support\/"},"modified":"2024-03-08T11:41:07","modified_gmt":"2024-03-08T10:41:07","slug":"vet-hpm-chat-kidney-support","status":"publish","type":"product","link":"https:\/\/www.vetorino.com\/boutique\/product\/vet-hpm-chat-kidney-support\/","title":{"rendered":"Kidney support cat"},"content":{"rendered":"<p>L&#8217;aliment <strong>VETERINARY HMP<\/strong> &#8211; Kidney Support Cat est un aliment di\u00e9t\u00e9tique et \u00e9quilibr\u00e9 destin\u00e9 au soutien de la fonction r\u00e9nale lors d\u2019insuffisance r\u00e9nale chronique chez le chat.<\/p>\n<p>Avec une formulation pauvre en glucides et riche en prot\u00e9ines, dont une grande majorit\u00e9 de prot\u00e9ines animales, il respecte les besoins nutritionnels des carnivores.<\/p>\n<p><strong>Utilisation<\/strong> :<\/p>\n<p>Chat sujet \u00e0 une insuffisance r\u00e9nale chronique<\/p>\n<p><strong>Bienfaits essentiels :<\/strong><\/p>\n<ul>\n<li>Soutien de la fonction r\u00e9nale en cas d\u2019insuffisance r\u00e9nale chronique : R\u00e9duction de l\u2019apport en phosphore, ch\u00e9lateurs de phosphore.<\/li>\n<li>Maintien de la filtration r\u00e9nale : Teneur en prot\u00e9ines adapt\u00e9es et proportion \u00e9lev\u00e9e de prot\u00e9ines animales.<\/li>\n<li>Modulation des processus inflammatoires au niveau des reins : Om\u00e9ga 3 dont EPA et DHA.<\/li>\n<li>Limitation de la d\u00e9nutrition : Densit\u00e9 \u00e9nerg\u00e9tique \u00e9lev\u00e9e et prot\u00e9ines animales.<\/li>\n<li>Limitation de l\u2019hyperparathyro\u00efdie secondaire : R\u00e9duction de l\u2019apport de phosphore.<\/li>\n<li>Haute app\u00e9tence<\/li>\n<li>Fabrication fran\u00e7aise <strong>sans gluten, sans colorant, ni ar\u00f4me artificiel ajout\u00e9s<\/strong><\/li>\n<li>Ingr\u00e9dients sant\u00e9 de haute qualit\u00e9 s\u00e9lectionn\u00e9s par nos v\u00e9t\u00e9rinaires nutritionnistes<\/li>\n<li>Mati\u00e8res premi\u00e8res v\u00e9g\u00e9tales issues de cultures non-OGM<\/li>\n<\/ul>\n<p><strong>Aliment fabriqu\u00e9 en France :<\/strong><\/p>\n<ul>\n<li>C\u2019est dans le sud de la France, au sein de Virbac Nutrition \u00e0 Vauvert (Camargue), que la gamme est produite et conditionn\u00e9e.<\/li>\n<li>Les aliments sont issus d\u2019une expertise d\u00e9di\u00e9e \u00e0 la nutrition pour chiens et chats afin de r\u00e9pondre aux exigences des propri\u00e9taires en mati\u00e8re de qualit\u00e9, tra\u00e7abilit\u00e9 et s\u00e9curit\u00e9 alimentaire.<\/li>\n<li>Cet aliment est destin\u00e9 \u00e0 la prise en charge nutritionnelle d\u2019une maladie. Pour la sant\u00e9 de votre chat, il est recommand\u00e9 de consulter votre v\u00e9t\u00e9rinaire et de respecter scrupuleusement ses recommandations nutritionnelles.<\/li>\n<\/ul>\n","protected":false},"excerpt":{"rendered":"<p><strong>Virbac Chat K1 Kidney Support <\/strong>est un aliment di\u00e9t\u00e9tique et \u00e9quilibr\u00e9 destin\u00e9 au soutien de la fonction r\u00e9nale lors d\u2019insuffisance r\u00e9nale chronique chez le chat.<\/p>\n<p><span style=\"color: #ff0000;\"><strong>Ce produit \u00e9t\u00e9 arr\u00eat\u00e9 d\u00e9finitivement et remplac\u00e9 par notre gamm<\/strong><b>e <\/b>Kidney &amp; Joint. <\/span><\/p>\n","protected":false},"featured_media":0,"template":"","meta":[],"product_cat":[12551,12581,12641,2697],"product_tag":[],"class_list":{"0":"post-37446","1":"product","2":"type-product","3":"status-publish","5":"product_cat-alimentation-du-chat","6":"product_cat-alimentation-medicalisee-pour-chat","7":"product_cat-systeme-renal-du-chat","8":"product_cat-chat","9":"pa_marque-virbac","11":"first","12":"instock","13":"taxable","14":"shipping-taxable","15":"purchasable","16":"product-type-variable"},"yoast_head":"<!-- This site is optimized with the Yoast SEO plugin v27.3 - https:\/\/yoast.com\/product\/yoast-seo-wordpress\/ -->\n<title>Veterinary HPM (Virbac) Kidney support cat Virbac - V\u00e9torino<\/title>\n<meta name=\"description\" content=\"Virbac Chat K1 Kidney Support est un aliment di\u00e9t\u00e9tique et \u00e9quilibr\u00e9 destin\u00e9 au soutien de la fonction r\u00e9nale lors d\u2019insuffisance r\u00e9nale chronique chez le chat.  Ce produit \u00e9t\u00e9 arr\u00eat\u00e9 d\u00e9finitivement et remplac\u00e9 par notre gamme Kidney &amp; Joint.\" \/>\n<meta name=\"robots\" content=\"index, follow, max-snippet:-1, max-image-preview:large, max-video-preview:-1\" \/>\n<link rel=\"canonical\" href=\"https:\/\/www.vetorino.com\/boutique\/product\/vet-hpm-chat-kidney-support\/\" \/>\n<meta property=\"og:locale\" content=\"fr_FR\" \/>\n<meta property=\"og:type\" content=\"article\" \/>\n<meta property=\"og:title\" content=\"Veterinary HPM (Virbac) Kidney support cat Virbac - V\u00e9torino\" \/>\n<meta property=\"og:description\" content=\"Virbac Chat K1 Kidney Support est un aliment di\u00e9t\u00e9tique et \u00e9quilibr\u00e9 destin\u00e9 au soutien de la fonction r\u00e9nale lors d\u2019insuffisance r\u00e9nale chronique chez le chat.  Ce produit \u00e9t\u00e9 arr\u00eat\u00e9 d\u00e9finitivement et remplac\u00e9 par notre gamme Kidney &amp; Joint.\" \/>\n<meta property=\"og:url\" content=\"https:\/\/www.vetorino.com\/boutique\/product\/vet-hpm-chat-kidney-support\/\" \/>\n<meta property=\"og:site_name\" content=\"V\u00e9torino\" \/>\n<meta property=\"article:publisher\" content=\"https:\/\/www.facebook.com\/Vetorino\/\" \/>\n<meta property=\"article:modified_time\" content=\"2024-03-08T10:41:07+00:00\" \/>\n<meta property=\"og:image\" content=\"https:\/\/www.vetorino.com\/boutique\/wp-content\/uploads\/2020\/09\/logo-vetorino-1.png\" \/>\n\t<meta property=\"og:image:width\" content=\"539\" \/>\n\t<meta property=\"og:image:height\" content=\"224\" \/>\n\t<meta property=\"og:image:type\" content=\"image\/png\" \/>\n<meta name=\"twitter:card\" content=\"summary_large_image\" \/>\n<meta name=\"twitter:label1\" content=\"Disponibilit\u00e9\" \/>\n\t<meta name=\"twitter:data1\" content=\"En stock\" \/>\n<script type=\"application\/ld+json\" class=\"yoast-schema-graph\">{\"@context\":\"https:\\\/\\\/schema.org\",\"@graph\":[{\"@type\":\"WebPage\",\"@id\":\"https:\\\/\\\/www.vetorino.com\\\/veterinaire\\\/pontarlier-25300\\\/boutique\\\/product\\\/vet-hpm-chat-kidney-support\\\/\",\"url\":\"https:\\\/\\\/www.vetorino.com\\\/veterinaire\\\/pontarlier-25300\\\/boutique\\\/product\\\/vet-hpm-chat-kidney-support\\\/\",\"name\":\"Veterinary HPM (Virbac) Kidney support cat Virbac - V\u00e9torino\",\"isPartOf\":{\"@id\":\"https:\\\/\\\/www.vetorino.com\\\/boutique\\\/#website\"},\"datePublished\":\"2020-03-04T22:54:44+00:00\",\"dateModified\":\"2024-03-08T10:41:07+00:00\",\"description\":\"Virbac Chat K1 Kidney Support est un aliment di\u00e9t\u00e9tique et \u00e9quilibr\u00e9 destin\u00e9 au soutien de la fonction r\u00e9nale lors d\u2019insuffisance r\u00e9nale chronique chez le chat. Ce produit \u00e9t\u00e9 arr\u00eat\u00e9 d\u00e9finitivement et remplac\u00e9 par notre gamme Kidney &amp; Joint.\",\"breadcrumb\":{\"@id\":\"https:\\\/\\\/www.vetorino.com\\\/veterinaire\\\/pontarlier-25300\\\/boutique\\\/product\\\/vet-hpm-chat-kidney-support\\\/#breadcrumb\"},\"inLanguage\":\"fr-FR\",\"potentialAction\":[{\"@type\":\"ReadAction\",\"target\":[\"https:\\\/\\\/www.vetorino.com\\\/veterinaire\\\/pontarlier-25300\\\/boutique\\\/product\\\/vet-hpm-chat-kidney-support\\\/\"]}]},{\"@type\":\"BreadcrumbList\",\"@id\":\"https:\\\/\\\/www.vetorino.com\\\/veterinaire\\\/pontarlier-25300\\\/boutique\\\/product\\\/vet-hpm-chat-kidney-support\\\/#breadcrumb\",\"itemListElement\":[{\"@type\":\"ListItem\",\"position\":1,\"name\":\"Accueil\",\"item\":\"https:\\\/\\\/www.vetorino.com\\\/boutique\\\/\"},{\"@type\":\"ListItem\",\"position\":2,\"name\":\"Produits\",\"item\":\"https:\\\/\\\/www.vetorino.com\\\/boutique\\\/\"},{\"@type\":\"ListItem\",\"position\":3,\"name\":\"Kidney support cat\"}]},{\"@type\":\"WebSite\",\"@id\":\"https:\\\/\\\/www.vetorino.com\\\/boutique\\\/#website\",\"url\":\"https:\\\/\\\/www.vetorino.com\\\/boutique\\\/\",\"name\":\"V\u00e9torino\",\"description\":\"\",\"publisher\":{\"@id\":\"https:\\\/\\\/www.vetorino.com\\\/boutique\\\/#organization\"},\"potentialAction\":[{\"@type\":\"SearchAction\",\"target\":{\"@type\":\"EntryPoint\",\"urlTemplate\":\"https:\\\/\\\/www.vetorino.com\\\/boutique\\\/?s={search_term_string}\"},\"query-input\":{\"@type\":\"PropertyValueSpecification\",\"valueRequired\":true,\"valueName\":\"search_term_string\"}}],\"inLanguage\":\"fr-FR\"},{\"@type\":\"Organization\",\"@id\":\"https:\\\/\\\/www.vetorino.com\\\/boutique\\\/#organization\",\"name\":\"V\u00e9torino\",\"url\":\"https:\\\/\\\/www.vetorino.com\\\/boutique\\\/\",\"logo\":{\"@type\":\"ImageObject\",\"inLanguage\":\"fr-FR\",\"@id\":\"https:\\\/\\\/www.vetorino.com\\\/boutique\\\/#\\\/schema\\\/logo\\\/image\\\/\",\"url\":\"https:\\\/\\\/www.vetorino.com\\\/boutique\\\/wp-content\\\/uploads\\\/2024\\\/10\\\/logo.jpg\",\"contentUrl\":\"https:\\\/\\\/www.vetorino.com\\\/boutique\\\/wp-content\\\/uploads\\\/2024\\\/10\\\/logo.jpg\",\"width\":1200,\"height\":610,\"caption\":\"V\u00e9torino\"},\"image\":{\"@id\":\"https:\\\/\\\/www.vetorino.com\\\/boutique\\\/#\\\/schema\\\/logo\\\/image\\\/\"},\"sameAs\":[\"https:\\\/\\\/www.facebook.com\\\/Vetorino\\\/\",\"https:\\\/\\\/www.instagram.com\\\/vetorino_off\\\/\",\"https:\\\/\\\/www.linkedin.com\\\/company\\\/vtorino\\\/\"]}]}<\/script>\n<meta property=\"product:brand\" content=\"Virbac\" \/>\n<meta property=\"og:availability\" content=\"instock\" \/>\n<meta property=\"product:availability\" content=\"instock\" \/>\n<meta property=\"product:condition\" content=\"new\" \/>\n<!-- \/ Yoast SEO plugin. -->","yoast_head_json":{"title":"Veterinary HPM (Virbac) Kidney support cat Virbac - V\u00e9torino","description":"Virbac Chat K1 Kidney Support est un aliment di\u00e9t\u00e9tique et \u00e9quilibr\u00e9 destin\u00e9 au soutien de la fonction r\u00e9nale lors d\u2019insuffisance r\u00e9nale chronique chez le chat.  Ce produit \u00e9t\u00e9 arr\u00eat\u00e9 d\u00e9finitivement et remplac\u00e9 par notre gamme Kidney &amp; Joint.","robots":{"index":"index","follow":"follow","max-snippet":"max-snippet:-1","max-image-preview":"max-image-preview:large","max-video-preview":"max-video-preview:-1"},"canonical":"https:\/\/www.vetorino.com\/boutique\/product\/vet-hpm-chat-kidney-support\/","og_locale":"fr_FR","og_type":"article","og_title":"Veterinary HPM (Virbac) Kidney support cat Virbac - V\u00e9torino","og_description":"Virbac Chat K1 Kidney Support est un aliment di\u00e9t\u00e9tique et \u00e9quilibr\u00e9 destin\u00e9 au soutien de la fonction r\u00e9nale lors d\u2019insuffisance r\u00e9nale chronique chez le chat.  Ce produit \u00e9t\u00e9 arr\u00eat\u00e9 d\u00e9finitivement et remplac\u00e9 par notre gamme Kidney &amp; Joint.","og_url":"https:\/\/www.vetorino.com\/boutique\/product\/vet-hpm-chat-kidney-support\/","og_site_name":"V\u00e9torino","article_publisher":"https:\/\/www.facebook.com\/Vetorino\/","article_modified_time":"2024-03-08T10:41:07+00:00","og_image":[{"width":539,"height":224,"url":"https:\/\/www.vetorino.com\/boutique\/wp-content\/uploads\/2020\/09\/logo-vetorino-1.png","type":"image\/png"}],"twitter_card":"summary_large_image","twitter_misc":{"Disponibilit\u00e9":"En stock"},"schema":{"@context":"https:\/\/schema.org","@graph":[{"@type":"WebPage","@id":"https:\/\/www.vetorino.com\/veterinaire\/pontarlier-25300\/boutique\/product\/vet-hpm-chat-kidney-support\/","url":"https:\/\/www.vetorino.com\/veterinaire\/pontarlier-25300\/boutique\/product\/vet-hpm-chat-kidney-support\/","name":"Veterinary HPM (Virbac) Kidney support cat Virbac - V\u00e9torino","isPartOf":{"@id":"https:\/\/www.vetorino.com\/boutique\/#website"},"datePublished":"2020-03-04T22:54:44+00:00","dateModified":"2024-03-08T10:41:07+00:00","description":"Virbac Chat K1 Kidney Support est un aliment di\u00e9t\u00e9tique et \u00e9quilibr\u00e9 destin\u00e9 au soutien de la fonction r\u00e9nale lors d\u2019insuffisance r\u00e9nale chronique chez le chat. Ce produit \u00e9t\u00e9 arr\u00eat\u00e9 d\u00e9finitivement et remplac\u00e9 par notre gamme Kidney &amp; Joint.","breadcrumb":{"@id":"https:\/\/www.vetorino.com\/veterinaire\/pontarlier-25300\/boutique\/product\/vet-hpm-chat-kidney-support\/#breadcrumb"},"inLanguage":"fr-FR","potentialAction":[{"@type":"ReadAction","target":["https:\/\/www.vetorino.com\/veterinaire\/pontarlier-25300\/boutique\/product\/vet-hpm-chat-kidney-support\/"]}]},{"@type":"BreadcrumbList","@id":"https:\/\/www.vetorino.com\/veterinaire\/pontarlier-25300\/boutique\/product\/vet-hpm-chat-kidney-support\/#breadcrumb","itemListElement":[{"@type":"ListItem","position":1,"name":"Accueil","item":"https:\/\/www.vetorino.com\/boutique\/"},{"@type":"ListItem","position":2,"name":"Produits","item":"https:\/\/www.vetorino.com\/boutique\/"},{"@type":"ListItem","position":3,"name":"Kidney support cat"}]},{"@type":"WebSite","@id":"https:\/\/www.vetorino.com\/boutique\/#website","url":"https:\/\/www.vetorino.com\/boutique\/","name":"V\u00e9torino","description":"","publisher":{"@id":"https:\/\/www.vetorino.com\/boutique\/#organization"},"potentialAction":[{"@type":"SearchAction","target":{"@type":"EntryPoint","urlTemplate":"https:\/\/www.vetorino.com\/boutique\/?s={search_term_string}"},"query-input":{"@type":"PropertyValueSpecification","valueRequired":true,"valueName":"search_term_string"}}],"inLanguage":"fr-FR"},{"@type":"Organization","@id":"https:\/\/www.vetorino.com\/boutique\/#organization","name":"V\u00e9torino","url":"https:\/\/www.vetorino.com\/boutique\/","logo":{"@type":"ImageObject","inLanguage":"fr-FR","@id":"https:\/\/www.vetorino.com\/boutique\/#\/schema\/logo\/image\/","url":"https:\/\/www.vetorino.com\/boutique\/wp-content\/uploads\/2024\/10\/logo.jpg","contentUrl":"https:\/\/www.vetorino.com\/boutique\/wp-content\/uploads\/2024\/10\/logo.jpg","width":1200,"height":610,"caption":"V\u00e9torino"},"image":{"@id":"https:\/\/www.vetorino.com\/boutique\/#\/schema\/logo\/image\/"},"sameAs":["https:\/\/www.facebook.com\/Vetorino\/","https:\/\/www.instagram.com\/vetorino_off\/","https:\/\/www.linkedin.com\/company\/vtorino\/"]}]},"product_brand":"Virbac","og_availability":"instock","product_availability":"instock","product_condition":"new"},"_links":{"self":[{"href":"https:\/\/www.vetorino.com\/boutique\/wp-json\/wp\/v2\/product\/37446","targetHints":{"allow":["GET"]}}],"collection":[{"href":"https:\/\/www.vetorino.com\/boutique\/wp-json\/wp\/v2\/product"}],"about":[{"href":"https:\/\/www.vetorino.com\/boutique\/wp-json\/wp\/v2\/types\/product"}],"wp:attachment":[{"href":"https:\/\/www.vetorino.com\/boutique\/wp-json\/wp\/v2\/media?parent=37446"}],"wp:term":[{"taxonomy":"product_cat","embeddable":true,"href":"https:\/\/www.vetorino.com\/boutique\/wp-json\/wp\/v2\/product_cat?post=37446"},{"taxonomy":"product_tag","embeddable":true,"href":"https:\/\/www.vetorino.com\/boutique\/wp-json\/wp\/v2\/product_tag?post=37446"}],"curies":[{"name":"wp","href":"https:\/\/api.w.org\/{rel}","templated":true}]}}