{"id":463983,"date":"2022-09-14T17:58:53","date_gmt":"2022-09-14T15:58:53","guid":{"rendered":"https:\/\/www.vetorino.com\/boutique\/product\/fungfeed-chien-snack\/"},"modified":"2025-01-21T15:12:34","modified_gmt":"2025-01-21T14:12:34","slug":"fungfeed-chien-snack","status":"publish","type":"product","link":"https:\/\/www.vetorino.com\/boutique\/product\/fungfeed-chien-snack\/","title":{"rendered":"Snack Chien Hypoallerg\u00e9nique"},"content":{"rendered":"<p><strong>Faites plaisir \u00e0 votre chien tout en prenant soin de sa sant\u00e9 avec les friandises hypoallerg\u00e9niques aux insectes FUNGFEED.<\/strong><\/p>\n<p>Ces friandises pour chien contiennent du <strong>T\u00e9n\u00e9brio Molitor (N-ova)<\/strong>\u00a0comme unique source de prot\u00e9ine animale. Cet ingr\u00e9dient a forte teneur en vitamine D3 gr\u00e2ce \u00e0 un proc\u00e9d\u00e9 brevet\u00e9, ce qui participe \u00e0 la\u00a0<strong>remin\u00e9ralisation des os<\/strong>, au\u00a0<strong>confort articulaire<\/strong>\u00a0ainsi qu\u2019au\u00a0<strong>renforcement du syst\u00e8me immunitaire<\/strong>.<\/p>\n<p>Peut aussi \u00eatre donn\u00e9 \u00e0 des chiens qui n\u2019ont pas de pathologie mais dont les propri\u00e9taires sont sensibles \u00e0 l\u2019environnement tout en d\u00e9sirant fournir des prot\u00e9ines animales \u00e0 leurs chiens.<\/p>\n<p><strong>Utilisation :<\/strong><\/p>\n<ul>\n<li>Chien de tout \u00e2ge d\u00e8s le sevrage.<\/li>\n<li>R\u00e9duction des intol\u00e9rances \u00e0 certains ingr\u00e9dients et nutriments.<\/li>\n<\/ul>\n<p><strong>Bienfaits essentiels :<\/strong><\/p>\n<ul>\n<li><strong>Remin\u00e9ralisation<\/strong>\u00a0osseuse<\/li>\n<li>Participe au\u00a0<strong>confort articulaire<\/strong><\/li>\n<li>Renforcement du\u00a0<strong>syst\u00e8me immunitaire<\/strong><\/li>\n<li>Nourrir<strong> durablement<\/strong> son carnivore domestique<\/li>\n<\/ul>\n","protected":false},"excerpt":{"rendered":"<p><strong>Faites plaisir \u00e0 votre chien tout en prenant soin de sa sant\u00e9 avec les friandises hypoallerg\u00e9niques aux insectes FUNGFEED.<\/strong><\/p>\n<p>Peut aussi \u00eatre donn\u00e9 \u00e0 des chiens qui n\u2019ont pas de pathologie mais dont les propri\u00e9taires sont sensibles \u00e0 l\u2019environnement tout en d\u00e9sirant fournir des prot\u00e9ines animales \u00e0 leurs chiens.<\/p>\n<p><strong>Utilisation :<\/strong><\/p>\n<ul>\n<li>Chien de tout \u00e2ge<\/li>\n<li>R\u00e9duction des intol\u00e9rances \u00e0 certains ingr\u00e9dients et nutriments.<\/li>\n<\/ul>\n","protected":false},"featured_media":465936,"template":"","meta":[],"product_cat":[12552,2738,2698,12603],"product_tag":[],"class_list":{"0":"post-463983","1":"product","2":"type-product","3":"status-publish","4":"has-post-thumbnail","6":"product_cat-alimentation-du-chien","7":"product_cat-aliments-complementaires-pour-chien","8":"product_cat-chien","9":"product_cat-friandises-pour-chien","10":"pa_marque-fungfeed","12":"first","13":"outofstock","14":"taxable","15":"shipping-taxable","16":"purchasable","17":"product-type-simple"},"yoast_head":"<!-- This site is optimized with the Yoast SEO plugin v27.3 - https:\/\/yoast.com\/product\/yoast-seo-wordpress\/ -->\n<title>Snack Chien Hypoallerg\u00e9nique Fungfeed - V\u00e9torino<\/title>\n<meta name=\"description\" content=\"Faites plaisir \u00e0 votre chien tout en prenant soin de sa sant\u00e9 avec les friandises hypoallerg\u00e9niques aux insectes FUNGFEED.  Peut aussi \u00eatre donn\u00e9 \u00e0 des chiens qui n\u2019ont pas de pathologie mais dont les propri\u00e9taires sont sensibles \u00e0 l\u2019environnement tout en d\u00e9sirant fournir des prot\u00e9ines animales \u00e0 leurs chiens.  Utilisation :   Chien de tout \u00e2ge  R\u00e9duction des intol\u00e9rances \u00e0 certains ingr\u00e9dients et nutriments.\" \/>\n<meta name=\"robots\" content=\"index, follow, max-snippet:-1, max-image-preview:large, max-video-preview:-1\" \/>\n<link rel=\"canonical\" href=\"https:\/\/www.vetorino.com\/boutique\/product\/fungfeed-chien-snack\/\" \/>\n<meta property=\"og:locale\" content=\"fr_FR\" \/>\n<meta property=\"og:type\" content=\"article\" \/>\n<meta property=\"og:title\" content=\"Snack Chien Hypoallerg\u00e9nique Fungfeed - V\u00e9torino\" \/>\n<meta property=\"og:description\" content=\"Faites plaisir \u00e0 votre chien tout en prenant soin de sa sant\u00e9 avec les friandises hypoallerg\u00e9niques aux insectes FUNGFEED.  Peut aussi \u00eatre donn\u00e9 \u00e0 des chiens qui n\u2019ont pas de pathologie mais dont les propri\u00e9taires sont sensibles \u00e0 l\u2019environnement tout en d\u00e9sirant fournir des prot\u00e9ines animales \u00e0 leurs chiens.  Utilisation :   Chien de tout \u00e2ge  R\u00e9duction des intol\u00e9rances \u00e0 certains ingr\u00e9dients et nutriments.\" \/>\n<meta property=\"og:url\" content=\"https:\/\/www.vetorino.com\/boutique\/product\/fungfeed-chien-snack\/\" \/>\n<meta property=\"og:site_name\" content=\"V\u00e9torino\" \/>\n<meta property=\"article:publisher\" content=\"https:\/\/www.facebook.com\/Vetorino\/\" \/>\n<meta property=\"article:modified_time\" content=\"2025-01-21T14:12:34+00:00\" \/>\n<meta property=\"og:image\" content=\"https:\/\/www.vetorino.com\/boutique\/wp-content\/uploads\/2022\/09\/Mock-Up-Snack-Dog-.png\" \/>\n\t<meta property=\"og:image:width\" content=\"756\" \/>\n\t<meta property=\"og:image:height\" content=\"756\" \/>\n\t<meta property=\"og:image:type\" content=\"image\/png\" \/>\n<meta name=\"twitter:card\" content=\"summary_large_image\" \/>\n<meta name=\"twitter:label1\" content=\"Prix\" \/>\n\t<meta name=\"twitter:data1\" content=\"5,45&euro;\" \/>\n\t<meta name=\"twitter:label2\" content=\"Disponibilit\u00e9\" \/>\n\t<meta name=\"twitter:data2\" content=\"Rupture de stock\" \/>\n<script type=\"application\/ld+json\" class=\"yoast-schema-graph\">{\"@context\":\"https:\\\/\\\/schema.org\",\"@graph\":[{\"@type\":\"WebPage\",\"@id\":\"https:\\\/\\\/www.vetorino.com\\\/boutique\\\/product\\\/fungfeed-chien-snack\\\/\",\"url\":\"https:\\\/\\\/www.vetorino.com\\\/boutique\\\/product\\\/fungfeed-chien-snack\\\/\",\"name\":\"Snack Chien Hypoallerg\u00e9nique Fungfeed - V\u00e9torino\",\"isPartOf\":{\"@id\":\"https:\\\/\\\/www.vetorino.com\\\/boutique\\\/#website\"},\"primaryImageOfPage\":{\"@id\":\"https:\\\/\\\/www.vetorino.com\\\/boutique\\\/product\\\/fungfeed-chien-snack\\\/#primaryimage\"},\"image\":{\"@id\":\"https:\\\/\\\/www.vetorino.com\\\/boutique\\\/product\\\/fungfeed-chien-snack\\\/#primaryimage\"},\"thumbnailUrl\":\"https:\\\/\\\/www.vetorino.com\\\/boutique\\\/wp-content\\\/uploads\\\/2022\\\/09\\\/Mock-Up-Snack-Dog-.png\",\"datePublished\":\"2022-09-14T15:58:53+00:00\",\"dateModified\":\"2025-01-21T14:12:34+00:00\",\"description\":\"Faites plaisir \u00e0 votre chien tout en prenant soin de sa sant\u00e9 avec les friandises hypoallerg\u00e9niques aux insectes FUNGFEED. Peut aussi \u00eatre donn\u00e9 \u00e0 des chiens qui n\u2019ont pas de pathologie mais dont les propri\u00e9taires sont sensibles \u00e0 l\u2019environnement tout en d\u00e9sirant fournir des prot\u00e9ines animales \u00e0 leurs chiens. Utilisation : Chien de tout \u00e2ge R\u00e9duction des intol\u00e9rances \u00e0 certains ingr\u00e9dients et nutriments.\",\"breadcrumb\":{\"@id\":\"https:\\\/\\\/www.vetorino.com\\\/boutique\\\/product\\\/fungfeed-chien-snack\\\/#breadcrumb\"},\"inLanguage\":\"fr-FR\",\"potentialAction\":[{\"@type\":\"ReadAction\",\"target\":[\"https:\\\/\\\/www.vetorino.com\\\/boutique\\\/product\\\/fungfeed-chien-snack\\\/\"]}]},{\"@type\":\"ImageObject\",\"inLanguage\":\"fr-FR\",\"@id\":\"https:\\\/\\\/www.vetorino.com\\\/boutique\\\/product\\\/fungfeed-chien-snack\\\/#primaryimage\",\"url\":\"https:\\\/\\\/www.vetorino.com\\\/boutique\\\/wp-content\\\/uploads\\\/2022\\\/09\\\/Mock-Up-Snack-Dog-.png\",\"contentUrl\":\"https:\\\/\\\/www.vetorino.com\\\/boutique\\\/wp-content\\\/uploads\\\/2022\\\/09\\\/Mock-Up-Snack-Dog-.png\",\"width\":756,\"height\":756,\"caption\":\"fungfeed snack chien\"},{\"@type\":\"BreadcrumbList\",\"@id\":\"https:\\\/\\\/www.vetorino.com\\\/boutique\\\/product\\\/fungfeed-chien-snack\\\/#breadcrumb\",\"itemListElement\":[{\"@type\":\"ListItem\",\"position\":1,\"name\":\"Accueil\",\"item\":\"https:\\\/\\\/www.vetorino.com\\\/boutique\\\/\"},{\"@type\":\"ListItem\",\"position\":2,\"name\":\"Produits\",\"item\":\"https:\\\/\\\/www.vetorino.com\\\/boutique\\\/\"},{\"@type\":\"ListItem\",\"position\":3,\"name\":\"Snack Chien Hypoallerg\u00e9nique\"}]},{\"@type\":\"WebSite\",\"@id\":\"https:\\\/\\\/www.vetorino.com\\\/boutique\\\/#website\",\"url\":\"https:\\\/\\\/www.vetorino.com\\\/boutique\\\/\",\"name\":\"V\u00e9torino\",\"description\":\"\",\"publisher\":{\"@id\":\"https:\\\/\\\/www.vetorino.com\\\/boutique\\\/#organization\"},\"potentialAction\":[{\"@type\":\"SearchAction\",\"target\":{\"@type\":\"EntryPoint\",\"urlTemplate\":\"https:\\\/\\\/www.vetorino.com\\\/boutique\\\/?s={search_term_string}\"},\"query-input\":{\"@type\":\"PropertyValueSpecification\",\"valueRequired\":true,\"valueName\":\"search_term_string\"}}],\"inLanguage\":\"fr-FR\"},{\"@type\":\"Organization\",\"@id\":\"https:\\\/\\\/www.vetorino.com\\\/boutique\\\/#organization\",\"name\":\"V\u00e9torino\",\"url\":\"https:\\\/\\\/www.vetorino.com\\\/boutique\\\/\",\"logo\":{\"@type\":\"ImageObject\",\"inLanguage\":\"fr-FR\",\"@id\":\"https:\\\/\\\/www.vetorino.com\\\/boutique\\\/#\\\/schema\\\/logo\\\/image\\\/\",\"url\":\"https:\\\/\\\/www.vetorino.com\\\/boutique\\\/wp-content\\\/uploads\\\/2024\\\/10\\\/logo.jpg\",\"contentUrl\":\"https:\\\/\\\/www.vetorino.com\\\/boutique\\\/wp-content\\\/uploads\\\/2024\\\/10\\\/logo.jpg\",\"width\":1200,\"height\":610,\"caption\":\"V\u00e9torino\"},\"image\":{\"@id\":\"https:\\\/\\\/www.vetorino.com\\\/boutique\\\/#\\\/schema\\\/logo\\\/image\\\/\"},\"sameAs\":[\"https:\\\/\\\/www.facebook.com\\\/Vetorino\\\/\",\"https:\\\/\\\/www.instagram.com\\\/vetorino_off\\\/\",\"https:\\\/\\\/www.linkedin.com\\\/company\\\/vtorino\\\/\"]}]}<\/script>\n<meta property=\"product:brand\" content=\"Fungfeed\" \/>\n<meta property=\"product:price:amount\" content=\"5.45\" \/>\n<meta property=\"product:price:currency\" content=\"EUR\" \/>\n<meta property=\"og:availability\" content=\"out of stock\" \/>\n<meta property=\"product:availability\" content=\"out of stock\" \/>\n<meta property=\"product:retailer_item_id\" content=\"A-1870420\" \/>\n<meta property=\"product:condition\" content=\"new\" \/>\n<!-- \/ Yoast SEO plugin. -->","yoast_head_json":{"title":"Snack Chien Hypoallerg\u00e9nique Fungfeed - V\u00e9torino","description":"Faites plaisir \u00e0 votre chien tout en prenant soin de sa sant\u00e9 avec les friandises hypoallerg\u00e9niques aux insectes FUNGFEED.  Peut aussi \u00eatre donn\u00e9 \u00e0 des chiens qui n\u2019ont pas de pathologie mais dont les propri\u00e9taires sont sensibles \u00e0 l\u2019environnement tout en d\u00e9sirant fournir des prot\u00e9ines animales \u00e0 leurs chiens.  Utilisation :   Chien de tout \u00e2ge  R\u00e9duction des intol\u00e9rances \u00e0 certains ingr\u00e9dients et nutriments.","robots":{"index":"index","follow":"follow","max-snippet":"max-snippet:-1","max-image-preview":"max-image-preview:large","max-video-preview":"max-video-preview:-1"},"canonical":"https:\/\/www.vetorino.com\/boutique\/product\/fungfeed-chien-snack\/","og_locale":"fr_FR","og_type":"article","og_title":"Snack Chien Hypoallerg\u00e9nique Fungfeed - V\u00e9torino","og_description":"Faites plaisir \u00e0 votre chien tout en prenant soin de sa sant\u00e9 avec les friandises hypoallerg\u00e9niques aux insectes FUNGFEED.  Peut aussi \u00eatre donn\u00e9 \u00e0 des chiens qui n\u2019ont pas de pathologie mais dont les propri\u00e9taires sont sensibles \u00e0 l\u2019environnement tout en d\u00e9sirant fournir des prot\u00e9ines animales \u00e0 leurs chiens.  Utilisation :   Chien de tout \u00e2ge  R\u00e9duction des intol\u00e9rances \u00e0 certains ingr\u00e9dients et nutriments.","og_url":"https:\/\/www.vetorino.com\/boutique\/product\/fungfeed-chien-snack\/","og_site_name":"V\u00e9torino","article_publisher":"https:\/\/www.facebook.com\/Vetorino\/","article_modified_time":"2025-01-21T14:12:34+00:00","og_image":[{"width":756,"height":756,"url":"https:\/\/www.vetorino.com\/boutique\/wp-content\/uploads\/2022\/09\/Mock-Up-Snack-Dog-.png","type":"image\/png"}],"twitter_card":"summary_large_image","twitter_misc":{"Prix":"5,45&euro;","Disponibilit\u00e9":"Rupture de stock"},"schema":{"@context":"https:\/\/schema.org","@graph":[{"@type":"WebPage","@id":"https:\/\/www.vetorino.com\/boutique\/product\/fungfeed-chien-snack\/","url":"https:\/\/www.vetorino.com\/boutique\/product\/fungfeed-chien-snack\/","name":"Snack Chien Hypoallerg\u00e9nique Fungfeed - V\u00e9torino","isPartOf":{"@id":"https:\/\/www.vetorino.com\/boutique\/#website"},"primaryImageOfPage":{"@id":"https:\/\/www.vetorino.com\/boutique\/product\/fungfeed-chien-snack\/#primaryimage"},"image":{"@id":"https:\/\/www.vetorino.com\/boutique\/product\/fungfeed-chien-snack\/#primaryimage"},"thumbnailUrl":"https:\/\/www.vetorino.com\/boutique\/wp-content\/uploads\/2022\/09\/Mock-Up-Snack-Dog-.png","datePublished":"2022-09-14T15:58:53+00:00","dateModified":"2025-01-21T14:12:34+00:00","description":"Faites plaisir \u00e0 votre chien tout en prenant soin de sa sant\u00e9 avec les friandises hypoallerg\u00e9niques aux insectes FUNGFEED. Peut aussi \u00eatre donn\u00e9 \u00e0 des chiens qui n\u2019ont pas de pathologie mais dont les propri\u00e9taires sont sensibles \u00e0 l\u2019environnement tout en d\u00e9sirant fournir des prot\u00e9ines animales \u00e0 leurs chiens. Utilisation : Chien de tout \u00e2ge R\u00e9duction des intol\u00e9rances \u00e0 certains ingr\u00e9dients et nutriments.","breadcrumb":{"@id":"https:\/\/www.vetorino.com\/boutique\/product\/fungfeed-chien-snack\/#breadcrumb"},"inLanguage":"fr-FR","potentialAction":[{"@type":"ReadAction","target":["https:\/\/www.vetorino.com\/boutique\/product\/fungfeed-chien-snack\/"]}]},{"@type":"ImageObject","inLanguage":"fr-FR","@id":"https:\/\/www.vetorino.com\/boutique\/product\/fungfeed-chien-snack\/#primaryimage","url":"https:\/\/www.vetorino.com\/boutique\/wp-content\/uploads\/2022\/09\/Mock-Up-Snack-Dog-.png","contentUrl":"https:\/\/www.vetorino.com\/boutique\/wp-content\/uploads\/2022\/09\/Mock-Up-Snack-Dog-.png","width":756,"height":756,"caption":"fungfeed snack chien"},{"@type":"BreadcrumbList","@id":"https:\/\/www.vetorino.com\/boutique\/product\/fungfeed-chien-snack\/#breadcrumb","itemListElement":[{"@type":"ListItem","position":1,"name":"Accueil","item":"https:\/\/www.vetorino.com\/boutique\/"},{"@type":"ListItem","position":2,"name":"Produits","item":"https:\/\/www.vetorino.com\/boutique\/"},{"@type":"ListItem","position":3,"name":"Snack Chien Hypoallerg\u00e9nique"}]},{"@type":"WebSite","@id":"https:\/\/www.vetorino.com\/boutique\/#website","url":"https:\/\/www.vetorino.com\/boutique\/","name":"V\u00e9torino","description":"","publisher":{"@id":"https:\/\/www.vetorino.com\/boutique\/#organization"},"potentialAction":[{"@type":"SearchAction","target":{"@type":"EntryPoint","urlTemplate":"https:\/\/www.vetorino.com\/boutique\/?s={search_term_string}"},"query-input":{"@type":"PropertyValueSpecification","valueRequired":true,"valueName":"search_term_string"}}],"inLanguage":"fr-FR"},{"@type":"Organization","@id":"https:\/\/www.vetorino.com\/boutique\/#organization","name":"V\u00e9torino","url":"https:\/\/www.vetorino.com\/boutique\/","logo":{"@type":"ImageObject","inLanguage":"fr-FR","@id":"https:\/\/www.vetorino.com\/boutique\/#\/schema\/logo\/image\/","url":"https:\/\/www.vetorino.com\/boutique\/wp-content\/uploads\/2024\/10\/logo.jpg","contentUrl":"https:\/\/www.vetorino.com\/boutique\/wp-content\/uploads\/2024\/10\/logo.jpg","width":1200,"height":610,"caption":"V\u00e9torino"},"image":{"@id":"https:\/\/www.vetorino.com\/boutique\/#\/schema\/logo\/image\/"},"sameAs":["https:\/\/www.facebook.com\/Vetorino\/","https:\/\/www.instagram.com\/vetorino_off\/","https:\/\/www.linkedin.com\/company\/vtorino\/"]}]},"product_brand":"Fungfeed","product_price_amount":"5.45","product_price_currency":"EUR","og_availability":"out of stock","product_availability":"out of stock","product_retailer_item_id":"A-1870420","product_condition":"new"},"_links":{"self":[{"href":"https:\/\/www.vetorino.com\/boutique\/wp-json\/wp\/v2\/product\/463983","targetHints":{"allow":["GET"]}}],"collection":[{"href":"https:\/\/www.vetorino.com\/boutique\/wp-json\/wp\/v2\/product"}],"about":[{"href":"https:\/\/www.vetorino.com\/boutique\/wp-json\/wp\/v2\/types\/product"}],"wp:featuredmedia":[{"embeddable":true,"href":"https:\/\/www.vetorino.com\/boutique\/wp-json\/wp\/v2\/media\/465936"}],"wp:attachment":[{"href":"https:\/\/www.vetorino.com\/boutique\/wp-json\/wp\/v2\/media?parent=463983"}],"wp:term":[{"taxonomy":"product_cat","embeddable":true,"href":"https:\/\/www.vetorino.com\/boutique\/wp-json\/wp\/v2\/product_cat?post=463983"},{"taxonomy":"product_tag","embeddable":true,"href":"https:\/\/www.vetorino.com\/boutique\/wp-json\/wp\/v2\/product_tag?post=463983"}],"curies":[{"name":"wp","href":"https:\/\/api.w.org\/{rel}","templated":true}]}}