{"id":477820,"date":"2022-09-21T05:15:52","date_gmt":"2022-09-21T03:15:52","guid":{"rendered":"https:\/\/www.vetorino.com\/boutique\/?post_type=product&#038;p=477820"},"modified":"2023-04-26T10:22:37","modified_gmt":"2023-04-26T08:22:37","slug":"jouet-kong-furet-2","status":"publish","type":"product","link":"https:\/\/www.vetorino.com\/boutique\/product\/jouet-kong-furet-2\/","title":{"rendered":"Jouet Kong Furet"},"content":{"rendered":"<ul>\n<li>Destin\u00e9 aux furets, en caoutchouc naturel rouge, non toxique.<\/li>\n<li>Aide au dressage, \u00e0 la sociabilisation, aux jeux et \u00e0 l&#8217;exercice.<\/li>\n<li>Dimensions : longueur = environ 7 cm, largeur = environ 4 cm (recommand\u00e9 pour les animaux de moins de 9 kilos)<\/li>\n<\/ul>\n","protected":false},"excerpt":{"rendered":"<p>Le tr\u00e8s classique et ind\u00e9modable jouet KONG adapt\u00e9 pour les furets et rongeurs ! Tous les petits animaux aiment mordiller ou m\u00e2chouiller, le KONG pour furets et rongeurs, tr\u00e8s solide, est con\u00e7u pour eux. Il peut \u00eatre rempli avec des friandises ou de la nourriture pour allier jeu et gourmandise..<\/p>\n","protected":false},"featured_media":476389,"template":"","meta":[],"product_cat":[12572,2744,2727],"product_tag":[],"class_list":{"0":"post-477820","1":"product","2":"type-product","3":"status-publish","4":"has-post-thumbnail","6":"product_cat-accessoire-pour-furet","7":"product_cat-furet","8":"product_cat-nac","9":"pa_marque-kong","11":"first","12":"instock","13":"taxable","14":"shipping-taxable","15":"purchasable","16":"product-type-simple"},"yoast_head":"<!-- This site is optimized with the Yoast SEO plugin v27.3 - https:\/\/yoast.com\/product\/yoast-seo-wordpress\/ -->\n<title>Jouet Kong Furet Kong - V\u00e9torino<\/title>\n<meta name=\"description\" content=\"Le tr\u00e8s classique et ind\u00e9modable jouet KONG adapt\u00e9 pour les furets et rongeurs ! Tous les petits animaux aiment mordiller ou m\u00e2chouiller, le KONG pour furets et rongeurs, tr\u00e8s solide, est con\u00e7u pour eux. Il peut \u00eatre rempli avec des friandises ou de la nourriture pour allier jeu et gourmandise..\" \/>\n<meta name=\"robots\" content=\"index, follow, max-snippet:-1, max-image-preview:large, max-video-preview:-1\" \/>\n<link rel=\"canonical\" href=\"https:\/\/www.vetorino.com\/boutique\/product\/jouet-kong-furet-2\/\" \/>\n<meta property=\"og:locale\" content=\"fr_FR\" \/>\n<meta property=\"og:type\" content=\"article\" \/>\n<meta property=\"og:title\" content=\"Jouet Kong Furet Kong - V\u00e9torino\" \/>\n<meta property=\"og:description\" content=\"Le tr\u00e8s classique et ind\u00e9modable jouet KONG adapt\u00e9 pour les furets et rongeurs ! Tous les petits animaux aiment mordiller ou m\u00e2chouiller, le KONG pour furets et rongeurs, tr\u00e8s solide, est con\u00e7u pour eux. Il peut \u00eatre rempli avec des friandises ou de la nourriture pour allier jeu et gourmandise..\" \/>\n<meta property=\"og:url\" content=\"https:\/\/www.vetorino.com\/boutique\/product\/jouet-kong-furet-2\/\" \/>\n<meta property=\"og:site_name\" content=\"V\u00e9torino\" \/>\n<meta property=\"article:publisher\" content=\"https:\/\/www.facebook.com\/Vetorino\/\" \/>\n<meta property=\"article:modified_time\" content=\"2023-04-26T08:22:37+00:00\" \/>\n<meta property=\"og:image\" content=\"https:\/\/www.vetorino.com\/boutique\/wp-content\/uploads\/2022\/09\/kong-special-furet.jpg\" \/>\n\t<meta property=\"og:image:width\" content=\"455\" \/>\n\t<meta property=\"og:image:height\" content=\"455\" \/>\n\t<meta property=\"og:image:type\" content=\"image\/jpeg\" \/>\n<meta name=\"twitter:card\" content=\"summary_large_image\" \/>\n<meta name=\"twitter:label1\" content=\"Prix\" \/>\n\t<meta name=\"twitter:data1\" content=\"7,28&euro;\" \/>\n\t<meta name=\"twitter:label2\" content=\"Disponibilit\u00e9\" \/>\n\t<meta name=\"twitter:data2\" content=\"En stock\" \/>\n<script type=\"application\/ld+json\" class=\"yoast-schema-graph\">{\"@context\":\"https:\\\/\\\/schema.org\",\"@graph\":[{\"@type\":\"WebPage\",\"@id\":\"https:\\\/\\\/www.vetorino.com\\\/boutique\\\/product\\\/jouet-kong-furet-2\\\/\",\"url\":\"https:\\\/\\\/www.vetorino.com\\\/boutique\\\/product\\\/jouet-kong-furet-2\\\/\",\"name\":\"Jouet Kong Furet Kong - V\u00e9torino\",\"isPartOf\":{\"@id\":\"https:\\\/\\\/www.vetorino.com\\\/boutique\\\/#website\"},\"primaryImageOfPage\":{\"@id\":\"https:\\\/\\\/www.vetorino.com\\\/boutique\\\/product\\\/jouet-kong-furet-2\\\/#primaryimage\"},\"image\":{\"@id\":\"https:\\\/\\\/www.vetorino.com\\\/boutique\\\/product\\\/jouet-kong-furet-2\\\/#primaryimage\"},\"thumbnailUrl\":\"https:\\\/\\\/www.vetorino.com\\\/boutique\\\/wp-content\\\/uploads\\\/2022\\\/09\\\/kong-special-furet.jpg\",\"datePublished\":\"2022-09-21T03:15:52+00:00\",\"dateModified\":\"2023-04-26T08:22:37+00:00\",\"description\":\"Le tr\u00e8s classique et ind\u00e9modable jouet KONG adapt\u00e9 pour les furets et rongeurs ! Tous les petits animaux aiment mordiller ou m\u00e2chouiller, le KONG pour furets et rongeurs, tr\u00e8s solide, est con\u00e7u pour eux. Il peut \u00eatre rempli avec des friandises ou de la nourriture pour allier jeu et gourmandise..\",\"breadcrumb\":{\"@id\":\"https:\\\/\\\/www.vetorino.com\\\/boutique\\\/product\\\/jouet-kong-furet-2\\\/#breadcrumb\"},\"inLanguage\":\"fr-FR\",\"potentialAction\":[{\"@type\":\"ReadAction\",\"target\":[\"https:\\\/\\\/www.vetorino.com\\\/boutique\\\/product\\\/jouet-kong-furet-2\\\/\"]}]},{\"@type\":\"ImageObject\",\"inLanguage\":\"fr-FR\",\"@id\":\"https:\\\/\\\/www.vetorino.com\\\/boutique\\\/product\\\/jouet-kong-furet-2\\\/#primaryimage\",\"url\":\"https:\\\/\\\/www.vetorino.com\\\/boutique\\\/wp-content\\\/uploads\\\/2022\\\/09\\\/kong-special-furet.jpg\",\"contentUrl\":\"https:\\\/\\\/www.vetorino.com\\\/boutique\\\/wp-content\\\/uploads\\\/2022\\\/09\\\/kong-special-furet.jpg\",\"width\":455,\"height\":455},{\"@type\":\"BreadcrumbList\",\"@id\":\"https:\\\/\\\/www.vetorino.com\\\/boutique\\\/product\\\/jouet-kong-furet-2\\\/#breadcrumb\",\"itemListElement\":[{\"@type\":\"ListItem\",\"position\":1,\"name\":\"Accueil\",\"item\":\"https:\\\/\\\/www.vetorino.com\\\/boutique\\\/\"},{\"@type\":\"ListItem\",\"position\":2,\"name\":\"Produits\",\"item\":\"https:\\\/\\\/www.vetorino.com\\\/boutique\\\/\"},{\"@type\":\"ListItem\",\"position\":3,\"name\":\"Jouet Kong Furet\"}]},{\"@type\":\"WebSite\",\"@id\":\"https:\\\/\\\/www.vetorino.com\\\/boutique\\\/#website\",\"url\":\"https:\\\/\\\/www.vetorino.com\\\/boutique\\\/\",\"name\":\"V\u00e9torino\",\"description\":\"\",\"publisher\":{\"@id\":\"https:\\\/\\\/www.vetorino.com\\\/boutique\\\/#organization\"},\"potentialAction\":[{\"@type\":\"SearchAction\",\"target\":{\"@type\":\"EntryPoint\",\"urlTemplate\":\"https:\\\/\\\/www.vetorino.com\\\/boutique\\\/?s={search_term_string}\"},\"query-input\":{\"@type\":\"PropertyValueSpecification\",\"valueRequired\":true,\"valueName\":\"search_term_string\"}}],\"inLanguage\":\"fr-FR\"},{\"@type\":\"Organization\",\"@id\":\"https:\\\/\\\/www.vetorino.com\\\/boutique\\\/#organization\",\"name\":\"V\u00e9torino\",\"url\":\"https:\\\/\\\/www.vetorino.com\\\/boutique\\\/\",\"logo\":{\"@type\":\"ImageObject\",\"inLanguage\":\"fr-FR\",\"@id\":\"https:\\\/\\\/www.vetorino.com\\\/boutique\\\/#\\\/schema\\\/logo\\\/image\\\/\",\"url\":\"https:\\\/\\\/www.vetorino.com\\\/boutique\\\/wp-content\\\/uploads\\\/2024\\\/10\\\/logo.jpg\",\"contentUrl\":\"https:\\\/\\\/www.vetorino.com\\\/boutique\\\/wp-content\\\/uploads\\\/2024\\\/10\\\/logo.jpg\",\"width\":1200,\"height\":610,\"caption\":\"V\u00e9torino\"},\"image\":{\"@id\":\"https:\\\/\\\/www.vetorino.com\\\/boutique\\\/#\\\/schema\\\/logo\\\/image\\\/\"},\"sameAs\":[\"https:\\\/\\\/www.facebook.com\\\/Vetorino\\\/\",\"https:\\\/\\\/www.instagram.com\\\/vetorino_off\\\/\",\"https:\\\/\\\/www.linkedin.com\\\/company\\\/vtorino\\\/\"]}]}<\/script>\n<meta property=\"product:brand\" content=\"Kong\" \/>\n<meta property=\"product:price:amount\" content=\"7.28\" \/>\n<meta property=\"product:price:currency\" content=\"EUR\" \/>\n<meta property=\"og:availability\" content=\"instock\" \/>\n<meta property=\"product:availability\" content=\"instock\" \/>\n<meta property=\"product:retailer_item_id\" content=\"O-648378\" \/>\n<meta property=\"product:condition\" content=\"new\" \/>\n<!-- \/ Yoast SEO plugin. -->","yoast_head_json":{"title":"Jouet Kong Furet Kong - V\u00e9torino","description":"Le tr\u00e8s classique et ind\u00e9modable jouet KONG adapt\u00e9 pour les furets et rongeurs ! Tous les petits animaux aiment mordiller ou m\u00e2chouiller, le KONG pour furets et rongeurs, tr\u00e8s solide, est con\u00e7u pour eux. Il peut \u00eatre rempli avec des friandises ou de la nourriture pour allier jeu et gourmandise..","robots":{"index":"index","follow":"follow","max-snippet":"max-snippet:-1","max-image-preview":"max-image-preview:large","max-video-preview":"max-video-preview:-1"},"canonical":"https:\/\/www.vetorino.com\/boutique\/product\/jouet-kong-furet-2\/","og_locale":"fr_FR","og_type":"article","og_title":"Jouet Kong Furet Kong - V\u00e9torino","og_description":"Le tr\u00e8s classique et ind\u00e9modable jouet KONG adapt\u00e9 pour les furets et rongeurs ! Tous les petits animaux aiment mordiller ou m\u00e2chouiller, le KONG pour furets et rongeurs, tr\u00e8s solide, est con\u00e7u pour eux. Il peut \u00eatre rempli avec des friandises ou de la nourriture pour allier jeu et gourmandise..","og_url":"https:\/\/www.vetorino.com\/boutique\/product\/jouet-kong-furet-2\/","og_site_name":"V\u00e9torino","article_publisher":"https:\/\/www.facebook.com\/Vetorino\/","article_modified_time":"2023-04-26T08:22:37+00:00","og_image":[{"width":455,"height":455,"url":"https:\/\/www.vetorino.com\/boutique\/wp-content\/uploads\/2022\/09\/kong-special-furet.jpg","type":"image\/jpeg"}],"twitter_card":"summary_large_image","twitter_misc":{"Prix":"7,28&euro;","Disponibilit\u00e9":"En stock"},"schema":{"@context":"https:\/\/schema.org","@graph":[{"@type":"WebPage","@id":"https:\/\/www.vetorino.com\/boutique\/product\/jouet-kong-furet-2\/","url":"https:\/\/www.vetorino.com\/boutique\/product\/jouet-kong-furet-2\/","name":"Jouet Kong Furet Kong - V\u00e9torino","isPartOf":{"@id":"https:\/\/www.vetorino.com\/boutique\/#website"},"primaryImageOfPage":{"@id":"https:\/\/www.vetorino.com\/boutique\/product\/jouet-kong-furet-2\/#primaryimage"},"image":{"@id":"https:\/\/www.vetorino.com\/boutique\/product\/jouet-kong-furet-2\/#primaryimage"},"thumbnailUrl":"https:\/\/www.vetorino.com\/boutique\/wp-content\/uploads\/2022\/09\/kong-special-furet.jpg","datePublished":"2022-09-21T03:15:52+00:00","dateModified":"2023-04-26T08:22:37+00:00","description":"Le tr\u00e8s classique et ind\u00e9modable jouet KONG adapt\u00e9 pour les furets et rongeurs ! Tous les petits animaux aiment mordiller ou m\u00e2chouiller, le KONG pour furets et rongeurs, tr\u00e8s solide, est con\u00e7u pour eux. Il peut \u00eatre rempli avec des friandises ou de la nourriture pour allier jeu et gourmandise..","breadcrumb":{"@id":"https:\/\/www.vetorino.com\/boutique\/product\/jouet-kong-furet-2\/#breadcrumb"},"inLanguage":"fr-FR","potentialAction":[{"@type":"ReadAction","target":["https:\/\/www.vetorino.com\/boutique\/product\/jouet-kong-furet-2\/"]}]},{"@type":"ImageObject","inLanguage":"fr-FR","@id":"https:\/\/www.vetorino.com\/boutique\/product\/jouet-kong-furet-2\/#primaryimage","url":"https:\/\/www.vetorino.com\/boutique\/wp-content\/uploads\/2022\/09\/kong-special-furet.jpg","contentUrl":"https:\/\/www.vetorino.com\/boutique\/wp-content\/uploads\/2022\/09\/kong-special-furet.jpg","width":455,"height":455},{"@type":"BreadcrumbList","@id":"https:\/\/www.vetorino.com\/boutique\/product\/jouet-kong-furet-2\/#breadcrumb","itemListElement":[{"@type":"ListItem","position":1,"name":"Accueil","item":"https:\/\/www.vetorino.com\/boutique\/"},{"@type":"ListItem","position":2,"name":"Produits","item":"https:\/\/www.vetorino.com\/boutique\/"},{"@type":"ListItem","position":3,"name":"Jouet Kong Furet"}]},{"@type":"WebSite","@id":"https:\/\/www.vetorino.com\/boutique\/#website","url":"https:\/\/www.vetorino.com\/boutique\/","name":"V\u00e9torino","description":"","publisher":{"@id":"https:\/\/www.vetorino.com\/boutique\/#organization"},"potentialAction":[{"@type":"SearchAction","target":{"@type":"EntryPoint","urlTemplate":"https:\/\/www.vetorino.com\/boutique\/?s={search_term_string}"},"query-input":{"@type":"PropertyValueSpecification","valueRequired":true,"valueName":"search_term_string"}}],"inLanguage":"fr-FR"},{"@type":"Organization","@id":"https:\/\/www.vetorino.com\/boutique\/#organization","name":"V\u00e9torino","url":"https:\/\/www.vetorino.com\/boutique\/","logo":{"@type":"ImageObject","inLanguage":"fr-FR","@id":"https:\/\/www.vetorino.com\/boutique\/#\/schema\/logo\/image\/","url":"https:\/\/www.vetorino.com\/boutique\/wp-content\/uploads\/2024\/10\/logo.jpg","contentUrl":"https:\/\/www.vetorino.com\/boutique\/wp-content\/uploads\/2024\/10\/logo.jpg","width":1200,"height":610,"caption":"V\u00e9torino"},"image":{"@id":"https:\/\/www.vetorino.com\/boutique\/#\/schema\/logo\/image\/"},"sameAs":["https:\/\/www.facebook.com\/Vetorino\/","https:\/\/www.instagram.com\/vetorino_off\/","https:\/\/www.linkedin.com\/company\/vtorino\/"]}]},"product_brand":"Kong","product_price_amount":"7.28","product_price_currency":"EUR","og_availability":"instock","product_availability":"instock","product_retailer_item_id":"O-648378","product_condition":"new"},"_links":{"self":[{"href":"https:\/\/www.vetorino.com\/boutique\/wp-json\/wp\/v2\/product\/477820","targetHints":{"allow":["GET"]}}],"collection":[{"href":"https:\/\/www.vetorino.com\/boutique\/wp-json\/wp\/v2\/product"}],"about":[{"href":"https:\/\/www.vetorino.com\/boutique\/wp-json\/wp\/v2\/types\/product"}],"wp:featuredmedia":[{"embeddable":true,"href":"https:\/\/www.vetorino.com\/boutique\/wp-json\/wp\/v2\/media\/476389"}],"wp:attachment":[{"href":"https:\/\/www.vetorino.com\/boutique\/wp-json\/wp\/v2\/media?parent=477820"}],"wp:term":[{"taxonomy":"product_cat","embeddable":true,"href":"https:\/\/www.vetorino.com\/boutique\/wp-json\/wp\/v2\/product_cat?post=477820"},{"taxonomy":"product_tag","embeddable":true,"href":"https:\/\/www.vetorino.com\/boutique\/wp-json\/wp\/v2\/product_tag?post=477820"}],"curies":[{"name":"wp","href":"https:\/\/api.w.org\/{rel}","templated":true}]}}