{"id":507606,"date":"2022-11-17T20:31:05","date_gmt":"2022-11-17T19:31:05","guid":{"rendered":"https:\/\/www.vetorino.com\/boutique\/product\/obionat\/"},"modified":"2022-11-17T20:31:06","modified_gmt":"2022-11-17T19:31:06","slug":"obionat","status":"publish","type":"product","link":"https:\/\/www.vetorino.com\/boutique\/product\/obionat\/","title":{"rendered":"Obionat"},"content":{"rendered":"<p>Comprim\u00e9s \u00e0 base d&#8217;ail, de colostrum, de vitamine A, et d&#8217;extraits v\u00e9g\u00e9taux, Obionat est indiqu\u00e9 pour renforcer l&#8217;immunit\u00e9 du veau.<\/p>\n<p>La vitamine A intervient dans de multiples m\u00e9tabolismes :<br \/> &ndash; cutan\u00e9s : une carence en vitamine A entra\u00eene des perturbations des barri\u00e8res cutan\u00e9es<br \/> &ndash; immunit\u00e9 : les animaux qui ont des carences en vitamine A pr\u00e9sentent des risques accrus d&#8217;infections mammaires, des diarrh\u00e9es&#8230;<br \/> &ndash; croissance : la vitamine A favorise la prot\u00e9osynth\u00e8se et la synth\u00e8se d&#8217;oss\u00e9ine<br \/> &ndash; vue : les vaches carenc\u00e9es en vitamine A peuvent donner naissance \u00e0 des veaux aveugles.<\/p>\n<p>Obionat est compos\u00e9 de colostrum. D\u00e8s le 6\u00e8me jour apr\u00e8s la naissance, le veau commence \u00e0 synth\u00e9tiser des anticorps et l&#8217;immunit\u00e9 acquise appara\u00eet 3 \u00e0 5 semaines apr\u00e8s la naissance. Une protection suppl\u00e9mentaire n\u00e9cessaire est apport\u00e9e par la m\u00e8re au travers du colostrum pour faire la transition. Le veau est enti\u00e8rement tributaire des anticorps apport\u00e9s par le colostrum. Le colostrum, naturellement riche en anticorps et en prot\u00e9ines antibact\u00e9riennes, participe activement \u00e0 la s\u00e9curit\u00e9 digestive du jeune veau.<\/p>\n<p>Riche en alline et alicine, l&#8217;extrait d&#8217;ail est quant \u00e0 lui utilis\u00e9 pour ses vertus stimulantes et protectrices et les extraits v\u00e9g\u00e9taux privil\u00e9gient la ma\u00eetrise de la s\u00e9curit\u00e9 digestive des veaux.<\/p>\n","protected":false},"excerpt":{"rendered":"<p>Aliment compl&eacute;mentaire pour veaux en comprim&eacute;s &agrave; base de Lactoferrine, d&rsquo;huiles essentielles, d&rsquo;ail et d&rsquo;extraits v&eacute;g&eacute;taux<\/p>\n","protected":false},"featured_media":507605,"template":"","meta":[],"product_cat":[6870],"product_tag":[],"class_list":{"0":"post-507606","1":"product","2":"type-product","3":"status-publish","4":"has-post-thumbnail","6":"product_cat-bovins","8":"first","9":"outofstock","10":"taxable","11":"shipping-taxable","12":"purchasable","13":"product-type-simple"},"yoast_head":"<!-- This site is optimized with the Yoast SEO plugin v26.7 - https:\/\/yoast.com\/wordpress\/plugins\/seo\/ -->\n<title>Obionat - V\u00e9torino<\/title>\n<meta name=\"description\" content=\"Aliment compl&eacute;mentaire pour veaux en comprim&eacute;s &agrave; base de Lactoferrine, d&rsquo;huiles essentielles, d&rsquo;ail et d&rsquo;extraits v&eacute;g&eacute;taux\" \/>\n<meta name=\"robots\" content=\"index, follow, max-snippet:-1, max-image-preview:large, max-video-preview:-1\" \/>\n<link rel=\"canonical\" href=\"https:\/\/www.vetorino.com\/boutique\/product\/obionat\/\" \/>\n<meta property=\"og:locale\" content=\"fr_FR\" \/>\n<meta property=\"og:type\" content=\"article\" \/>\n<meta property=\"og:title\" content=\"Obionat - V\u00e9torino\" \/>\n<meta property=\"og:description\" content=\"Aliment compl&eacute;mentaire pour veaux en comprim&eacute;s &agrave; base de Lactoferrine, d&rsquo;huiles essentielles, d&rsquo;ail et d&rsquo;extraits v&eacute;g&eacute;taux\" \/>\n<meta property=\"og:url\" content=\"https:\/\/www.vetorino.com\/boutique\/product\/obionat\/\" \/>\n<meta property=\"og:site_name\" content=\"V\u00e9torino\" \/>\n<meta property=\"article:publisher\" content=\"https:\/\/www.facebook.com\/Vetorino\/\" \/>\n<meta property=\"article:modified_time\" content=\"2022-11-17T19:31:06+00:00\" \/>\n<meta property=\"og:image\" content=\"https:\/\/www.vetorino.com\/boutique\/wp-content\/uploads\/2022\/11\/OBIONE-8109044.png\" \/>\n\t<meta property=\"og:image:width\" content=\"768\" \/>\n\t<meta property=\"og:image:height\" content=\"356\" \/>\n\t<meta property=\"og:image:type\" content=\"image\/png\" \/>\n<meta name=\"twitter:card\" content=\"summary_large_image\" \/>\n<meta name=\"twitter:label1\" content=\"Prix\" \/>\n\t<meta name=\"twitter:data1\" content=\"57,50&euro;\" \/>\n\t<meta name=\"twitter:label2\" content=\"Disponibilit\u00e9\" \/>\n\t<meta name=\"twitter:data2\" content=\"Rupture de stock\" \/>\n<script type=\"application\/ld+json\" class=\"yoast-schema-graph\">{\"@context\":\"https:\/\/schema.org\",\"@graph\":[{\"@type\":\"WebPage\",\"@id\":\"https:\/\/www.vetorino.com\/boutique\/product\/obionat\/\",\"url\":\"https:\/\/www.vetorino.com\/boutique\/product\/obionat\/\",\"name\":\"Obionat - V\u00e9torino\",\"isPartOf\":{\"@id\":\"https:\/\/www.vetorino.com\/boutique\/#website\"},\"primaryImageOfPage\":{\"@id\":\"https:\/\/www.vetorino.com\/boutique\/product\/obionat\/#primaryimage\"},\"image\":{\"@id\":\"https:\/\/www.vetorino.com\/boutique\/product\/obionat\/#primaryimage\"},\"thumbnailUrl\":\"https:\/\/www.vetorino.com\/boutique\/wp-content\/uploads\/2022\/11\/OBIONE-8109044.png\",\"datePublished\":\"2022-11-17T19:31:05+00:00\",\"dateModified\":\"2022-11-17T19:31:06+00:00\",\"description\":\"Aliment compl&eacute;mentaire pour veaux en comprim&eacute;s &agrave; base de Lactoferrine, d&rsquo;huiles essentielles, d&rsquo;ail et d&rsquo;extraits v&eacute;g&eacute;taux\",\"breadcrumb\":{\"@id\":\"https:\/\/www.vetorino.com\/boutique\/product\/obionat\/#breadcrumb\"},\"inLanguage\":\"fr-FR\",\"potentialAction\":[{\"@type\":\"ReadAction\",\"target\":[\"https:\/\/www.vetorino.com\/boutique\/product\/obionat\/\"]}]},{\"@type\":\"ImageObject\",\"inLanguage\":\"fr-FR\",\"@id\":\"https:\/\/www.vetorino.com\/boutique\/product\/obionat\/#primaryimage\",\"url\":\"https:\/\/www.vetorino.com\/boutique\/wp-content\/uploads\/2022\/11\/OBIONE-8109044.png\",\"contentUrl\":\"https:\/\/www.vetorino.com\/boutique\/wp-content\/uploads\/2022\/11\/OBIONE-8109044.png\",\"width\":768,\"height\":356},{\"@type\":\"BreadcrumbList\",\"@id\":\"https:\/\/www.vetorino.com\/boutique\/product\/obionat\/#breadcrumb\",\"itemListElement\":[{\"@type\":\"ListItem\",\"position\":1,\"name\":\"Accueil\",\"item\":\"https:\/\/www.vetorino.com\/boutique\/\"},{\"@type\":\"ListItem\",\"position\":2,\"name\":\"Produits\",\"item\":\"https:\/\/www.vetorino.com\/boutique\/\"},{\"@type\":\"ListItem\",\"position\":3,\"name\":\"Obionat\"}]},{\"@type\":\"WebSite\",\"@id\":\"https:\/\/www.vetorino.com\/boutique\/#website\",\"url\":\"https:\/\/www.vetorino.com\/boutique\/\",\"name\":\"V\u00e9torino\",\"description\":\"\",\"publisher\":{\"@id\":\"https:\/\/www.vetorino.com\/boutique\/#organization\"},\"potentialAction\":[{\"@type\":\"SearchAction\",\"target\":{\"@type\":\"EntryPoint\",\"urlTemplate\":\"https:\/\/www.vetorino.com\/boutique\/?s={search_term_string}\"},\"query-input\":{\"@type\":\"PropertyValueSpecification\",\"valueRequired\":true,\"valueName\":\"search_term_string\"}}],\"inLanguage\":\"fr-FR\"},{\"@type\":\"Organization\",\"@id\":\"https:\/\/www.vetorino.com\/boutique\/#organization\",\"name\":\"V\u00e9torino\",\"url\":\"https:\/\/www.vetorino.com\/boutique\/\",\"logo\":{\"@type\":\"ImageObject\",\"inLanguage\":\"fr-FR\",\"@id\":\"https:\/\/www.vetorino.com\/boutique\/#\/schema\/logo\/image\/\",\"url\":\"https:\/\/www.vetorino.com\/boutique\/wp-content\/uploads\/2024\/10\/logo.jpg\",\"contentUrl\":\"https:\/\/www.vetorino.com\/boutique\/wp-content\/uploads\/2024\/10\/logo.jpg\",\"width\":1200,\"height\":610,\"caption\":\"V\u00e9torino\"},\"image\":{\"@id\":\"https:\/\/www.vetorino.com\/boutique\/#\/schema\/logo\/image\/\"},\"sameAs\":[\"https:\/\/www.facebook.com\/Vetorino\/\",\"https:\/\/www.instagram.com\/vetorino_off\/\",\"https:\/\/www.linkedin.com\/company\/vtorino\/\"]}]}<\/script>\n<meta property=\"product:price:amount\" content=\"57.50\" \/>\n<meta property=\"product:price:currency\" content=\"EUR\" \/>\n<meta property=\"og:availability\" content=\"out of stock\" \/>\n<meta property=\"product:availability\" content=\"out of stock\" \/>\n<meta property=\"product:retailer_item_id\" content=\"A-8109044\" \/>\n<meta property=\"product:condition\" content=\"new\" \/>\n<!-- \/ Yoast SEO plugin. -->","yoast_head_json":{"title":"Obionat - V\u00e9torino","description":"Aliment compl&eacute;mentaire pour veaux en comprim&eacute;s &agrave; base de Lactoferrine, d&rsquo;huiles essentielles, d&rsquo;ail et d&rsquo;extraits v&eacute;g&eacute;taux","robots":{"index":"index","follow":"follow","max-snippet":"max-snippet:-1","max-image-preview":"max-image-preview:large","max-video-preview":"max-video-preview:-1"},"canonical":"https:\/\/www.vetorino.com\/boutique\/product\/obionat\/","og_locale":"fr_FR","og_type":"article","og_title":"Obionat - V\u00e9torino","og_description":"Aliment compl&eacute;mentaire pour veaux en comprim&eacute;s &agrave; base de Lactoferrine, d&rsquo;huiles essentielles, d&rsquo;ail et d&rsquo;extraits v&eacute;g&eacute;taux","og_url":"https:\/\/www.vetorino.com\/boutique\/product\/obionat\/","og_site_name":"V\u00e9torino","article_publisher":"https:\/\/www.facebook.com\/Vetorino\/","article_modified_time":"2022-11-17T19:31:06+00:00","og_image":[{"width":768,"height":356,"url":"https:\/\/www.vetorino.com\/boutique\/wp-content\/uploads\/2022\/11\/OBIONE-8109044.png","type":"image\/png"}],"twitter_card":"summary_large_image","twitter_misc":{"Prix":"57,50&euro;","Disponibilit\u00e9":"Rupture de stock"},"schema":{"@context":"https:\/\/schema.org","@graph":[{"@type":"WebPage","@id":"https:\/\/www.vetorino.com\/boutique\/product\/obionat\/","url":"https:\/\/www.vetorino.com\/boutique\/product\/obionat\/","name":"Obionat - V\u00e9torino","isPartOf":{"@id":"https:\/\/www.vetorino.com\/boutique\/#website"},"primaryImageOfPage":{"@id":"https:\/\/www.vetorino.com\/boutique\/product\/obionat\/#primaryimage"},"image":{"@id":"https:\/\/www.vetorino.com\/boutique\/product\/obionat\/#primaryimage"},"thumbnailUrl":"https:\/\/www.vetorino.com\/boutique\/wp-content\/uploads\/2022\/11\/OBIONE-8109044.png","datePublished":"2022-11-17T19:31:05+00:00","dateModified":"2022-11-17T19:31:06+00:00","description":"Aliment compl&eacute;mentaire pour veaux en comprim&eacute;s &agrave; base de Lactoferrine, d&rsquo;huiles essentielles, d&rsquo;ail et d&rsquo;extraits v&eacute;g&eacute;taux","breadcrumb":{"@id":"https:\/\/www.vetorino.com\/boutique\/product\/obionat\/#breadcrumb"},"inLanguage":"fr-FR","potentialAction":[{"@type":"ReadAction","target":["https:\/\/www.vetorino.com\/boutique\/product\/obionat\/"]}]},{"@type":"ImageObject","inLanguage":"fr-FR","@id":"https:\/\/www.vetorino.com\/boutique\/product\/obionat\/#primaryimage","url":"https:\/\/www.vetorino.com\/boutique\/wp-content\/uploads\/2022\/11\/OBIONE-8109044.png","contentUrl":"https:\/\/www.vetorino.com\/boutique\/wp-content\/uploads\/2022\/11\/OBIONE-8109044.png","width":768,"height":356},{"@type":"BreadcrumbList","@id":"https:\/\/www.vetorino.com\/boutique\/product\/obionat\/#breadcrumb","itemListElement":[{"@type":"ListItem","position":1,"name":"Accueil","item":"https:\/\/www.vetorino.com\/boutique\/"},{"@type":"ListItem","position":2,"name":"Produits","item":"https:\/\/www.vetorino.com\/boutique\/"},{"@type":"ListItem","position":3,"name":"Obionat"}]},{"@type":"WebSite","@id":"https:\/\/www.vetorino.com\/boutique\/#website","url":"https:\/\/www.vetorino.com\/boutique\/","name":"V\u00e9torino","description":"","publisher":{"@id":"https:\/\/www.vetorino.com\/boutique\/#organization"},"potentialAction":[{"@type":"SearchAction","target":{"@type":"EntryPoint","urlTemplate":"https:\/\/www.vetorino.com\/boutique\/?s={search_term_string}"},"query-input":{"@type":"PropertyValueSpecification","valueRequired":true,"valueName":"search_term_string"}}],"inLanguage":"fr-FR"},{"@type":"Organization","@id":"https:\/\/www.vetorino.com\/boutique\/#organization","name":"V\u00e9torino","url":"https:\/\/www.vetorino.com\/boutique\/","logo":{"@type":"ImageObject","inLanguage":"fr-FR","@id":"https:\/\/www.vetorino.com\/boutique\/#\/schema\/logo\/image\/","url":"https:\/\/www.vetorino.com\/boutique\/wp-content\/uploads\/2024\/10\/logo.jpg","contentUrl":"https:\/\/www.vetorino.com\/boutique\/wp-content\/uploads\/2024\/10\/logo.jpg","width":1200,"height":610,"caption":"V\u00e9torino"},"image":{"@id":"https:\/\/www.vetorino.com\/boutique\/#\/schema\/logo\/image\/"},"sameAs":["https:\/\/www.facebook.com\/Vetorino\/","https:\/\/www.instagram.com\/vetorino_off\/","https:\/\/www.linkedin.com\/company\/vtorino\/"]}]},"product_price_amount":"57.50","product_price_currency":"EUR","og_availability":"out of stock","product_availability":"out of stock","product_retailer_item_id":"A-8109044","product_condition":"new"},"_links":{"self":[{"href":"https:\/\/www.vetorino.com\/boutique\/wp-json\/wp\/v2\/product\/507606","targetHints":{"allow":["GET"]}}],"collection":[{"href":"https:\/\/www.vetorino.com\/boutique\/wp-json\/wp\/v2\/product"}],"about":[{"href":"https:\/\/www.vetorino.com\/boutique\/wp-json\/wp\/v2\/types\/product"}],"wp:featuredmedia":[{"embeddable":true,"href":"https:\/\/www.vetorino.com\/boutique\/wp-json\/wp\/v2\/media\/507605"}],"wp:attachment":[{"href":"https:\/\/www.vetorino.com\/boutique\/wp-json\/wp\/v2\/media?parent=507606"}],"wp:term":[{"taxonomy":"product_cat","embeddable":true,"href":"https:\/\/www.vetorino.com\/boutique\/wp-json\/wp\/v2\/product_cat?post=507606"},{"taxonomy":"product_tag","embeddable":true,"href":"https:\/\/www.vetorino.com\/boutique\/wp-json\/wp\/v2\/product_tag?post=507606"}],"curies":[{"name":"wp","href":"https:\/\/api.w.org\/{rel}","templated":true}]}}