{"id":507614,"date":"2022-11-17T20:31:27","date_gmt":"2022-11-17T19:31:27","guid":{"rendered":"https:\/\/www.vetorino.com\/boutique\/product\/lacthydravo\/"},"modified":"2022-11-17T20:31:29","modified_gmt":"2022-11-17T19:31:29","slug":"lacthydravo","status":"publish","type":"product","link":"https:\/\/www.vetorino.com\/boutique\/product\/lacthydravo\/","title":{"rendered":"Lacthydravo"},"content":{"rendered":"<p>Lacthydravo est une formulation sp\u00e9ciale permettant de continuer \u00e0 distribuer le lait afin de pr\u00e9server l&#8217;apport \u00e9nerg\u00e9tique, notamment en cas de diarrh\u00e9es des veaux.<\/p>\n<p>Il est compos\u00e9 d&#8217;\u00e9lectrolytes, probiotiques, poudre de lait, oligo-\u00e9l\u00e9ments, vitamines, et extraits v\u00e9g\u00e9taux. Les probiotiques ensemencent le tube digestif et assurent une plus grande s\u00e9curit\u00e9 digestive ; Les \u00e9lectrolytes luttent contre l&#8217;acidose pr\u00e9sente lors de diarrh\u00e9es chez les veaux ; Les extraits v\u00e9g\u00e9taux privil\u00e9gient la ma\u00eetrise de la s\u00e9curit\u00e9 digestive des veaux tout comme le zinc contenu dans Lacthydravo.<\/p>\n<p>La nouveaut\u00e9 de Lacthydravo, c&#8217;est sa composition enrichie en lactoferrine, prot\u00e9ines du colostrum ayant des propri\u00e9t\u00e9s anti-bact\u00e9riennes naturelles. Elle influence positivement le syst\u00e8me immunitaire du jeune veau en diminuant le stress oxydatif.<\/p>\n<p>Lacthydravo s&#8217;utilise en cas de risque de troubles digestifs (diarrh\u00e9es des veaux), pendant et apr\u00e8s ceux-ci.<\/p>\n","protected":false},"excerpt":{"rendered":"<p>Aliment compl&eacute;mentaire pour veaux en cas de d&eacute;sordres digestifs<\/p>\n","protected":false},"featured_media":507613,"template":"","meta":[],"product_cat":[6870],"product_tag":[],"class_list":{"0":"post-507614","1":"product","2":"type-product","3":"status-publish","4":"has-post-thumbnail","6":"product_cat-bovins","8":"first","9":"outofstock","10":"taxable","11":"shipping-taxable","12":"purchasable","13":"product-type-simple"},"yoast_head":"<!-- This site is optimized with the Yoast SEO plugin v26.7 - https:\/\/yoast.com\/wordpress\/plugins\/seo\/ -->\n<title>Lacthydravo - V\u00e9torino<\/title>\n<meta name=\"description\" content=\"Aliment compl&eacute;mentaire pour veaux en cas de d&eacute;sordres digestifs\" \/>\n<meta name=\"robots\" content=\"index, follow, max-snippet:-1, max-image-preview:large, max-video-preview:-1\" \/>\n<link rel=\"canonical\" href=\"https:\/\/www.vetorino.com\/boutique\/product\/lacthydravo\/\" \/>\n<meta property=\"og:locale\" content=\"fr_FR\" \/>\n<meta property=\"og:type\" content=\"article\" \/>\n<meta property=\"og:title\" content=\"Lacthydravo - V\u00e9torino\" \/>\n<meta property=\"og:description\" content=\"Aliment compl&eacute;mentaire pour veaux en cas de d&eacute;sordres digestifs\" \/>\n<meta property=\"og:url\" content=\"https:\/\/www.vetorino.com\/boutique\/product\/lacthydravo\/\" \/>\n<meta property=\"og:site_name\" content=\"V\u00e9torino\" \/>\n<meta property=\"article:publisher\" content=\"https:\/\/www.facebook.com\/Vetorino\/\" \/>\n<meta property=\"article:modified_time\" content=\"2022-11-17T19:31:29+00:00\" \/>\n<meta property=\"og:image\" content=\"https:\/\/www.vetorino.com\/boutique\/wp-content\/uploads\/2022\/11\/OBION-8107401.jpg\" \/>\n\t<meta property=\"og:image:width\" content=\"1359\" \/>\n\t<meta property=\"og:image:height\" content=\"1019\" \/>\n\t<meta property=\"og:image:type\" content=\"image\/jpeg\" \/>\n<meta name=\"twitter:card\" content=\"summary_large_image\" \/>\n<meta name=\"twitter:label1\" content=\"Prix\" \/>\n\t<meta name=\"twitter:data1\" content=\"83,58&euro;\" \/>\n\t<meta name=\"twitter:label2\" content=\"Disponibilit\u00e9\" \/>\n\t<meta name=\"twitter:data2\" content=\"Rupture de stock\" \/>\n<script type=\"application\/ld+json\" class=\"yoast-schema-graph\">{\"@context\":\"https:\/\/schema.org\",\"@graph\":[{\"@type\":\"WebPage\",\"@id\":\"https:\/\/www.vetorino.com\/boutique\/product\/lacthydravo\/\",\"url\":\"https:\/\/www.vetorino.com\/boutique\/product\/lacthydravo\/\",\"name\":\"Lacthydravo - V\u00e9torino\",\"isPartOf\":{\"@id\":\"https:\/\/www.vetorino.com\/boutique\/#website\"},\"primaryImageOfPage\":{\"@id\":\"https:\/\/www.vetorino.com\/boutique\/product\/lacthydravo\/#primaryimage\"},\"image\":{\"@id\":\"https:\/\/www.vetorino.com\/boutique\/product\/lacthydravo\/#primaryimage\"},\"thumbnailUrl\":\"https:\/\/www.vetorino.com\/boutique\/wp-content\/uploads\/2022\/11\/OBION-8107401.jpg\",\"datePublished\":\"2022-11-17T19:31:27+00:00\",\"dateModified\":\"2022-11-17T19:31:29+00:00\",\"description\":\"Aliment compl&eacute;mentaire pour veaux en cas de d&eacute;sordres digestifs\",\"breadcrumb\":{\"@id\":\"https:\/\/www.vetorino.com\/boutique\/product\/lacthydravo\/#breadcrumb\"},\"inLanguage\":\"fr-FR\",\"potentialAction\":[{\"@type\":\"ReadAction\",\"target\":[\"https:\/\/www.vetorino.com\/boutique\/product\/lacthydravo\/\"]}]},{\"@type\":\"ImageObject\",\"inLanguage\":\"fr-FR\",\"@id\":\"https:\/\/www.vetorino.com\/boutique\/product\/lacthydravo\/#primaryimage\",\"url\":\"https:\/\/www.vetorino.com\/boutique\/wp-content\/uploads\/2022\/11\/OBION-8107401.jpg\",\"contentUrl\":\"https:\/\/www.vetorino.com\/boutique\/wp-content\/uploads\/2022\/11\/OBION-8107401.jpg\",\"width\":1359,\"height\":1019},{\"@type\":\"BreadcrumbList\",\"@id\":\"https:\/\/www.vetorino.com\/boutique\/product\/lacthydravo\/#breadcrumb\",\"itemListElement\":[{\"@type\":\"ListItem\",\"position\":1,\"name\":\"Accueil\",\"item\":\"https:\/\/www.vetorino.com\/boutique\/\"},{\"@type\":\"ListItem\",\"position\":2,\"name\":\"Produits\",\"item\":\"https:\/\/www.vetorino.com\/boutique\/\"},{\"@type\":\"ListItem\",\"position\":3,\"name\":\"Lacthydravo\"}]},{\"@type\":\"WebSite\",\"@id\":\"https:\/\/www.vetorino.com\/boutique\/#website\",\"url\":\"https:\/\/www.vetorino.com\/boutique\/\",\"name\":\"V\u00e9torino\",\"description\":\"\",\"publisher\":{\"@id\":\"https:\/\/www.vetorino.com\/boutique\/#organization\"},\"potentialAction\":[{\"@type\":\"SearchAction\",\"target\":{\"@type\":\"EntryPoint\",\"urlTemplate\":\"https:\/\/www.vetorino.com\/boutique\/?s={search_term_string}\"},\"query-input\":{\"@type\":\"PropertyValueSpecification\",\"valueRequired\":true,\"valueName\":\"search_term_string\"}}],\"inLanguage\":\"fr-FR\"},{\"@type\":\"Organization\",\"@id\":\"https:\/\/www.vetorino.com\/boutique\/#organization\",\"name\":\"V\u00e9torino\",\"url\":\"https:\/\/www.vetorino.com\/boutique\/\",\"logo\":{\"@type\":\"ImageObject\",\"inLanguage\":\"fr-FR\",\"@id\":\"https:\/\/www.vetorino.com\/boutique\/#\/schema\/logo\/image\/\",\"url\":\"https:\/\/www.vetorino.com\/boutique\/wp-content\/uploads\/2024\/10\/logo.jpg\",\"contentUrl\":\"https:\/\/www.vetorino.com\/boutique\/wp-content\/uploads\/2024\/10\/logo.jpg\",\"width\":1200,\"height\":610,\"caption\":\"V\u00e9torino\"},\"image\":{\"@id\":\"https:\/\/www.vetorino.com\/boutique\/#\/schema\/logo\/image\/\"},\"sameAs\":[\"https:\/\/www.facebook.com\/Vetorino\/\",\"https:\/\/www.instagram.com\/vetorino_off\/\",\"https:\/\/www.linkedin.com\/company\/vtorino\/\"]}]}<\/script>\n<meta property=\"product:price:amount\" content=\"83.58\" \/>\n<meta property=\"product:price:currency\" content=\"EUR\" \/>\n<meta property=\"og:availability\" content=\"out of stock\" \/>\n<meta property=\"product:availability\" content=\"out of stock\" \/>\n<meta property=\"product:retailer_item_id\" content=\"A-8107401\" \/>\n<meta property=\"product:condition\" content=\"new\" \/>\n<!-- \/ Yoast SEO plugin. -->","yoast_head_json":{"title":"Lacthydravo - V\u00e9torino","description":"Aliment compl&eacute;mentaire pour veaux en cas de d&eacute;sordres digestifs","robots":{"index":"index","follow":"follow","max-snippet":"max-snippet:-1","max-image-preview":"max-image-preview:large","max-video-preview":"max-video-preview:-1"},"canonical":"https:\/\/www.vetorino.com\/boutique\/product\/lacthydravo\/","og_locale":"fr_FR","og_type":"article","og_title":"Lacthydravo - V\u00e9torino","og_description":"Aliment compl&eacute;mentaire pour veaux en cas de d&eacute;sordres digestifs","og_url":"https:\/\/www.vetorino.com\/boutique\/product\/lacthydravo\/","og_site_name":"V\u00e9torino","article_publisher":"https:\/\/www.facebook.com\/Vetorino\/","article_modified_time":"2022-11-17T19:31:29+00:00","og_image":[{"width":1359,"height":1019,"url":"https:\/\/www.vetorino.com\/boutique\/wp-content\/uploads\/2022\/11\/OBION-8107401.jpg","type":"image\/jpeg"}],"twitter_card":"summary_large_image","twitter_misc":{"Prix":"83,58&euro;","Disponibilit\u00e9":"Rupture de stock"},"schema":{"@context":"https:\/\/schema.org","@graph":[{"@type":"WebPage","@id":"https:\/\/www.vetorino.com\/boutique\/product\/lacthydravo\/","url":"https:\/\/www.vetorino.com\/boutique\/product\/lacthydravo\/","name":"Lacthydravo - V\u00e9torino","isPartOf":{"@id":"https:\/\/www.vetorino.com\/boutique\/#website"},"primaryImageOfPage":{"@id":"https:\/\/www.vetorino.com\/boutique\/product\/lacthydravo\/#primaryimage"},"image":{"@id":"https:\/\/www.vetorino.com\/boutique\/product\/lacthydravo\/#primaryimage"},"thumbnailUrl":"https:\/\/www.vetorino.com\/boutique\/wp-content\/uploads\/2022\/11\/OBION-8107401.jpg","datePublished":"2022-11-17T19:31:27+00:00","dateModified":"2022-11-17T19:31:29+00:00","description":"Aliment compl&eacute;mentaire pour veaux en cas de d&eacute;sordres digestifs","breadcrumb":{"@id":"https:\/\/www.vetorino.com\/boutique\/product\/lacthydravo\/#breadcrumb"},"inLanguage":"fr-FR","potentialAction":[{"@type":"ReadAction","target":["https:\/\/www.vetorino.com\/boutique\/product\/lacthydravo\/"]}]},{"@type":"ImageObject","inLanguage":"fr-FR","@id":"https:\/\/www.vetorino.com\/boutique\/product\/lacthydravo\/#primaryimage","url":"https:\/\/www.vetorino.com\/boutique\/wp-content\/uploads\/2022\/11\/OBION-8107401.jpg","contentUrl":"https:\/\/www.vetorino.com\/boutique\/wp-content\/uploads\/2022\/11\/OBION-8107401.jpg","width":1359,"height":1019},{"@type":"BreadcrumbList","@id":"https:\/\/www.vetorino.com\/boutique\/product\/lacthydravo\/#breadcrumb","itemListElement":[{"@type":"ListItem","position":1,"name":"Accueil","item":"https:\/\/www.vetorino.com\/boutique\/"},{"@type":"ListItem","position":2,"name":"Produits","item":"https:\/\/www.vetorino.com\/boutique\/"},{"@type":"ListItem","position":3,"name":"Lacthydravo"}]},{"@type":"WebSite","@id":"https:\/\/www.vetorino.com\/boutique\/#website","url":"https:\/\/www.vetorino.com\/boutique\/","name":"V\u00e9torino","description":"","publisher":{"@id":"https:\/\/www.vetorino.com\/boutique\/#organization"},"potentialAction":[{"@type":"SearchAction","target":{"@type":"EntryPoint","urlTemplate":"https:\/\/www.vetorino.com\/boutique\/?s={search_term_string}"},"query-input":{"@type":"PropertyValueSpecification","valueRequired":true,"valueName":"search_term_string"}}],"inLanguage":"fr-FR"},{"@type":"Organization","@id":"https:\/\/www.vetorino.com\/boutique\/#organization","name":"V\u00e9torino","url":"https:\/\/www.vetorino.com\/boutique\/","logo":{"@type":"ImageObject","inLanguage":"fr-FR","@id":"https:\/\/www.vetorino.com\/boutique\/#\/schema\/logo\/image\/","url":"https:\/\/www.vetorino.com\/boutique\/wp-content\/uploads\/2024\/10\/logo.jpg","contentUrl":"https:\/\/www.vetorino.com\/boutique\/wp-content\/uploads\/2024\/10\/logo.jpg","width":1200,"height":610,"caption":"V\u00e9torino"},"image":{"@id":"https:\/\/www.vetorino.com\/boutique\/#\/schema\/logo\/image\/"},"sameAs":["https:\/\/www.facebook.com\/Vetorino\/","https:\/\/www.instagram.com\/vetorino_off\/","https:\/\/www.linkedin.com\/company\/vtorino\/"]}]},"product_price_amount":"83.58","product_price_currency":"EUR","og_availability":"out of stock","product_availability":"out of stock","product_retailer_item_id":"A-8107401","product_condition":"new"},"_links":{"self":[{"href":"https:\/\/www.vetorino.com\/boutique\/wp-json\/wp\/v2\/product\/507614","targetHints":{"allow":["GET"]}}],"collection":[{"href":"https:\/\/www.vetorino.com\/boutique\/wp-json\/wp\/v2\/product"}],"about":[{"href":"https:\/\/www.vetorino.com\/boutique\/wp-json\/wp\/v2\/types\/product"}],"wp:featuredmedia":[{"embeddable":true,"href":"https:\/\/www.vetorino.com\/boutique\/wp-json\/wp\/v2\/media\/507613"}],"wp:attachment":[{"href":"https:\/\/www.vetorino.com\/boutique\/wp-json\/wp\/v2\/media?parent=507614"}],"wp:term":[{"taxonomy":"product_cat","embeddable":true,"href":"https:\/\/www.vetorino.com\/boutique\/wp-json\/wp\/v2\/product_cat?post=507614"},{"taxonomy":"product_tag","embeddable":true,"href":"https:\/\/www.vetorino.com\/boutique\/wp-json\/wp\/v2\/product_tag?post=507614"}],"curies":[{"name":"wp","href":"https:\/\/api.w.org\/{rel}","templated":true}]}}