{"id":511061,"date":"2022-11-22T16:34:49","date_gmt":"2022-11-22T15:34:49","guid":{"rendered":"https:\/\/www.vetorino.com\/boutique\/?post_type=product&#038;p=511061"},"modified":"2024-05-02T12:01:17","modified_gmt":"2024-05-02T10:01:17","slug":"lit-douillet-gris","status":"publish","type":"product","link":"https:\/\/www.vetorino.com\/boutique\/product\/lit-douillet-gris\/","title":{"rendered":"Lit Douillet pour petit Chien et Chat"},"content":{"rendered":"<p>Lit douillet, un peu comme un sac de couchage tout doux et ultra confortable pour les chats qui aiment se cacher et se sentir prot\u00e9g\u00e9s et pour les petits chiens qui raffolent du confort et de la chaleur. Id\u00e9al pour se reposer dans un cocon.<\/p>\n<ul>\n<li>Tissu fourrure extr\u00eamement doux (100 % polyester) et souple.<\/li>\n<li>Dessous anti-d\u00e9rapant.<\/li>\n<li>Dimensions : 50 x 46 cm.<\/li>\n<li>Couleur : gris.<\/li>\n<\/ul>\n","protected":false},"excerpt":{"rendered":"<p>Lit douillet, un peu comme un sac de couchage tout doux et ultra confortable pour les chats qui aiment se cacher et se sentir prot\u00e9g\u00e9s et pour les petits chiens qui raffolent du confort et de la chaleur. Id\u00e9al pour se reposer dans un cocon.<\/p>\n<p>&nbsp;<\/p>\n","protected":false},"featured_media":591771,"template":"","meta":[],"product_cat":[12548,12550,2697,2698,12595],"product_tag":[],"class_list":{"0":"post-511061","1":"product","2":"type-product","3":"status-publish","4":"has-post-thumbnail","6":"product_cat-accessoire-du-chat","7":"product_cat-accessoires-du-chien","8":"product_cat-chat","9":"product_cat-chien","10":"product_cat-confort-du-chat","11":"pa_marque-wouapy","13":"first","14":"outofstock","15":"taxable","16":"shipping-taxable","17":"purchasable","18":"product-type-simple"},"yoast_head":"<!-- This site is optimized with the Yoast SEO plugin v27.6 - https:\/\/yoast.com\/product\/yoast-seo-wordpress\/ -->\n<title>Lit Douillet pour petit Chien et Chat Wouapy - V\u00e9torino<\/title>\n<meta name=\"description\" content=\"Lit douillet, un peu comme un sac de couchage tout doux et ultra confortable pour les chats qui aiment se cacher et se sentir prot\u00e9g\u00e9s et pour les petits chiens qui raffolent du confort et de la chaleur. Id\u00e9al pour se reposer dans un cocon.  &nbsp;\" \/>\n<meta name=\"robots\" content=\"index, follow, max-snippet:-1, max-image-preview:large, max-video-preview:-1\" \/>\n<link rel=\"canonical\" href=\"https:\/\/www.vetorino.com\/boutique\/product\/lit-douillet-gris\/\" \/>\n<meta property=\"og:locale\" content=\"fr_FR\" \/>\n<meta property=\"og:type\" content=\"article\" \/>\n<meta property=\"og:title\" content=\"Lit Douillet pour petit Chien et Chat Wouapy - V\u00e9torino\" \/>\n<meta property=\"og:description\" content=\"Lit douillet, un peu comme un sac de couchage tout doux et ultra confortable pour les chats qui aiment se cacher et se sentir prot\u00e9g\u00e9s et pour les petits chiens qui raffolent du confort et de la chaleur. Id\u00e9al pour se reposer dans un cocon.  &nbsp;\" \/>\n<meta property=\"og:url\" content=\"https:\/\/www.vetorino.com\/boutique\/product\/lit-douillet-gris\/\" \/>\n<meta property=\"og:site_name\" content=\"V\u00e9torino\" \/>\n<meta property=\"article:publisher\" content=\"https:\/\/www.facebook.com\/Vetorino\/\" \/>\n<meta property=\"article:modified_time\" content=\"2024-05-02T10:01:17+00:00\" \/>\n<meta property=\"og:image\" content=\"https:\/\/www.vetorino.com\/boutique\/wp-content\/uploads\/2022\/11\/45487_848023.jpeg\" \/>\n\t<meta property=\"og:image:width\" content=\"1000\" \/>\n\t<meta property=\"og:image:height\" content=\"1000\" \/>\n\t<meta property=\"og:image:type\" content=\"image\/jpeg\" \/>\n<meta name=\"twitter:card\" content=\"summary_large_image\" \/>\n<meta name=\"twitter:label1\" content=\"Prix\" \/>\n\t<meta name=\"twitter:data1\" content=\"25,36&euro;\" \/>\n\t<meta name=\"twitter:label2\" content=\"Disponibilit\u00e9\" \/>\n\t<meta name=\"twitter:data2\" content=\"Rupture de stock\" \/>\n<script type=\"application\/ld+json\" class=\"yoast-schema-graph\">{\"@context\":\"https:\\\/\\\/schema.org\",\"@graph\":[{\"@type\":\"WebPage\",\"@id\":\"https:\\\/\\\/www.vetorino.com\\\/veterinaire\\\/brulon-72350\\\/boutique\\\/product\\\/lit-douillet-gris\\\/\",\"url\":\"https:\\\/\\\/www.vetorino.com\\\/veterinaire\\\/brulon-72350\\\/boutique\\\/product\\\/lit-douillet-gris\\\/\",\"name\":\"Lit Douillet pour petit Chien et Chat Wouapy - V\u00e9torino\",\"isPartOf\":{\"@id\":\"https:\\\/\\\/www.vetorino.com\\\/boutique\\\/#website\"},\"primaryImageOfPage\":{\"@id\":\"https:\\\/\\\/www.vetorino.com\\\/veterinaire\\\/brulon-72350\\\/boutique\\\/product\\\/lit-douillet-gris\\\/#primaryimage\"},\"image\":{\"@id\":\"https:\\\/\\\/www.vetorino.com\\\/veterinaire\\\/brulon-72350\\\/boutique\\\/product\\\/lit-douillet-gris\\\/#primaryimage\"},\"thumbnailUrl\":\"https:\\\/\\\/www.vetorino.com\\\/boutique\\\/wp-content\\\/uploads\\\/2022\\\/11\\\/45487_848023.jpeg\",\"datePublished\":\"2022-11-22T15:34:49+00:00\",\"dateModified\":\"2024-05-02T10:01:17+00:00\",\"description\":\"Lit douillet, un peu comme un sac de couchage tout doux et ultra confortable pour les chats qui aiment se cacher et se sentir prot\u00e9g\u00e9s et pour les petits chiens qui raffolent du confort et de la chaleur. Id\u00e9al pour se reposer dans un cocon. &nbsp;\",\"breadcrumb\":{\"@id\":\"https:\\\/\\\/www.vetorino.com\\\/veterinaire\\\/brulon-72350\\\/boutique\\\/product\\\/lit-douillet-gris\\\/#breadcrumb\"},\"inLanguage\":\"fr-FR\",\"potentialAction\":[{\"@type\":\"ReadAction\",\"target\":[\"https:\\\/\\\/www.vetorino.com\\\/veterinaire\\\/brulon-72350\\\/boutique\\\/product\\\/lit-douillet-gris\\\/\"]}]},{\"@type\":\"ImageObject\",\"inLanguage\":\"fr-FR\",\"@id\":\"https:\\\/\\\/www.vetorino.com\\\/veterinaire\\\/brulon-72350\\\/boutique\\\/product\\\/lit-douillet-gris\\\/#primaryimage\",\"url\":\"https:\\\/\\\/www.vetorino.com\\\/boutique\\\/wp-content\\\/uploads\\\/2022\\\/11\\\/45487_848023.jpeg\",\"contentUrl\":\"https:\\\/\\\/www.vetorino.com\\\/boutique\\\/wp-content\\\/uploads\\\/2022\\\/11\\\/45487_848023.jpeg\",\"width\":1000,\"height\":1000},{\"@type\":\"BreadcrumbList\",\"@id\":\"https:\\\/\\\/www.vetorino.com\\\/veterinaire\\\/brulon-72350\\\/boutique\\\/product\\\/lit-douillet-gris\\\/#breadcrumb\",\"itemListElement\":[{\"@type\":\"ListItem\",\"position\":1,\"name\":\"Accueil\",\"item\":\"https:\\\/\\\/www.vetorino.com\\\/boutique\\\/\"},{\"@type\":\"ListItem\",\"position\":2,\"name\":\"Produits\",\"item\":\"https:\\\/\\\/www.vetorino.com\\\/boutique\\\/\"},{\"@type\":\"ListItem\",\"position\":3,\"name\":\"Lit Douillet pour petit Chien et Chat\"}]},{\"@type\":\"WebSite\",\"@id\":\"https:\\\/\\\/www.vetorino.com\\\/boutique\\\/#website\",\"url\":\"https:\\\/\\\/www.vetorino.com\\\/boutique\\\/\",\"name\":\"V\u00e9torino\",\"description\":\"\",\"publisher\":{\"@id\":\"https:\\\/\\\/www.vetorino.com\\\/boutique\\\/#organization\"},\"potentialAction\":[{\"@type\":\"SearchAction\",\"target\":{\"@type\":\"EntryPoint\",\"urlTemplate\":\"https:\\\/\\\/www.vetorino.com\\\/boutique\\\/?s={search_term_string}\"},\"query-input\":{\"@type\":\"PropertyValueSpecification\",\"valueRequired\":true,\"valueName\":\"search_term_string\"}}],\"inLanguage\":\"fr-FR\"},{\"@type\":\"Organization\",\"@id\":\"https:\\\/\\\/www.vetorino.com\\\/boutique\\\/#organization\",\"name\":\"V\u00e9torino\",\"url\":\"https:\\\/\\\/www.vetorino.com\\\/boutique\\\/\",\"logo\":{\"@type\":\"ImageObject\",\"inLanguage\":\"fr-FR\",\"@id\":\"https:\\\/\\\/www.vetorino.com\\\/boutique\\\/#\\\/schema\\\/logo\\\/image\\\/\",\"url\":\"https:\\\/\\\/www.vetorino.com\\\/boutique\\\/wp-content\\\/uploads\\\/2024\\\/10\\\/logo.jpg\",\"contentUrl\":\"https:\\\/\\\/www.vetorino.com\\\/boutique\\\/wp-content\\\/uploads\\\/2024\\\/10\\\/logo.jpg\",\"width\":1200,\"height\":610,\"caption\":\"V\u00e9torino\"},\"image\":{\"@id\":\"https:\\\/\\\/www.vetorino.com\\\/boutique\\\/#\\\/schema\\\/logo\\\/image\\\/\"},\"sameAs\":[\"https:\\\/\\\/www.facebook.com\\\/Vetorino\\\/\",\"https:\\\/\\\/www.instagram.com\\\/vetorino_off\\\/\",\"https:\\\/\\\/www.linkedin.com\\\/company\\\/vtorino\\\/\"]}]}<\/script>\n<meta property=\"product:brand\" content=\"Wouapy\" \/>\n<meta property=\"product:price:amount\" content=\"25.36\" \/>\n<meta property=\"product:price:currency\" content=\"EUR\" \/>\n<meta property=\"og:availability\" content=\"out of stock\" \/>\n<meta property=\"product:availability\" content=\"out of stock\" \/>\n<meta property=\"product:retailer_item_id\" content=\"O-805158\" \/>\n<meta property=\"product:condition\" content=\"new\" \/>\n<!-- \/ Yoast SEO plugin. -->","yoast_head_json":{"title":"Lit Douillet pour petit Chien et Chat Wouapy - V\u00e9torino","description":"Lit douillet, un peu comme un sac de couchage tout doux et ultra confortable pour les chats qui aiment se cacher et se sentir prot\u00e9g\u00e9s et pour les petits chiens qui raffolent du confort et de la chaleur. Id\u00e9al pour se reposer dans un cocon.  &nbsp;","robots":{"index":"index","follow":"follow","max-snippet":"max-snippet:-1","max-image-preview":"max-image-preview:large","max-video-preview":"max-video-preview:-1"},"canonical":"https:\/\/www.vetorino.com\/boutique\/product\/lit-douillet-gris\/","og_locale":"fr_FR","og_type":"article","og_title":"Lit Douillet pour petit Chien et Chat Wouapy - V\u00e9torino","og_description":"Lit douillet, un peu comme un sac de couchage tout doux et ultra confortable pour les chats qui aiment se cacher et se sentir prot\u00e9g\u00e9s et pour les petits chiens qui raffolent du confort et de la chaleur. Id\u00e9al pour se reposer dans un cocon.  &nbsp;","og_url":"https:\/\/www.vetorino.com\/boutique\/product\/lit-douillet-gris\/","og_site_name":"V\u00e9torino","article_publisher":"https:\/\/www.facebook.com\/Vetorino\/","article_modified_time":"2024-05-02T10:01:17+00:00","og_image":[{"width":1000,"height":1000,"url":"https:\/\/www.vetorino.com\/boutique\/wp-content\/uploads\/2022\/11\/45487_848023.jpeg","type":"image\/jpeg"}],"twitter_card":"summary_large_image","twitter_misc":{"Prix":"25,36&euro;","Disponibilit\u00e9":"Rupture de stock"},"schema":{"@context":"https:\/\/schema.org","@graph":[{"@type":"WebPage","@id":"https:\/\/www.vetorino.com\/veterinaire\/brulon-72350\/boutique\/product\/lit-douillet-gris\/","url":"https:\/\/www.vetorino.com\/veterinaire\/brulon-72350\/boutique\/product\/lit-douillet-gris\/","name":"Lit Douillet pour petit Chien et Chat Wouapy - V\u00e9torino","isPartOf":{"@id":"https:\/\/www.vetorino.com\/boutique\/#website"},"primaryImageOfPage":{"@id":"https:\/\/www.vetorino.com\/veterinaire\/brulon-72350\/boutique\/product\/lit-douillet-gris\/#primaryimage"},"image":{"@id":"https:\/\/www.vetorino.com\/veterinaire\/brulon-72350\/boutique\/product\/lit-douillet-gris\/#primaryimage"},"thumbnailUrl":"https:\/\/www.vetorino.com\/boutique\/wp-content\/uploads\/2022\/11\/45487_848023.jpeg","datePublished":"2022-11-22T15:34:49+00:00","dateModified":"2024-05-02T10:01:17+00:00","description":"Lit douillet, un peu comme un sac de couchage tout doux et ultra confortable pour les chats qui aiment se cacher et se sentir prot\u00e9g\u00e9s et pour les petits chiens qui raffolent du confort et de la chaleur. Id\u00e9al pour se reposer dans un cocon. &nbsp;","breadcrumb":{"@id":"https:\/\/www.vetorino.com\/veterinaire\/brulon-72350\/boutique\/product\/lit-douillet-gris\/#breadcrumb"},"inLanguage":"fr-FR","potentialAction":[{"@type":"ReadAction","target":["https:\/\/www.vetorino.com\/veterinaire\/brulon-72350\/boutique\/product\/lit-douillet-gris\/"]}]},{"@type":"ImageObject","inLanguage":"fr-FR","@id":"https:\/\/www.vetorino.com\/veterinaire\/brulon-72350\/boutique\/product\/lit-douillet-gris\/#primaryimage","url":"https:\/\/www.vetorino.com\/boutique\/wp-content\/uploads\/2022\/11\/45487_848023.jpeg","contentUrl":"https:\/\/www.vetorino.com\/boutique\/wp-content\/uploads\/2022\/11\/45487_848023.jpeg","width":1000,"height":1000},{"@type":"BreadcrumbList","@id":"https:\/\/www.vetorino.com\/veterinaire\/brulon-72350\/boutique\/product\/lit-douillet-gris\/#breadcrumb","itemListElement":[{"@type":"ListItem","position":1,"name":"Accueil","item":"https:\/\/www.vetorino.com\/boutique\/"},{"@type":"ListItem","position":2,"name":"Produits","item":"https:\/\/www.vetorino.com\/boutique\/"},{"@type":"ListItem","position":3,"name":"Lit Douillet pour petit Chien et Chat"}]},{"@type":"WebSite","@id":"https:\/\/www.vetorino.com\/boutique\/#website","url":"https:\/\/www.vetorino.com\/boutique\/","name":"V\u00e9torino","description":"","publisher":{"@id":"https:\/\/www.vetorino.com\/boutique\/#organization"},"potentialAction":[{"@type":"SearchAction","target":{"@type":"EntryPoint","urlTemplate":"https:\/\/www.vetorino.com\/boutique\/?s={search_term_string}"},"query-input":{"@type":"PropertyValueSpecification","valueRequired":true,"valueName":"search_term_string"}}],"inLanguage":"fr-FR"},{"@type":"Organization","@id":"https:\/\/www.vetorino.com\/boutique\/#organization","name":"V\u00e9torino","url":"https:\/\/www.vetorino.com\/boutique\/","logo":{"@type":"ImageObject","inLanguage":"fr-FR","@id":"https:\/\/www.vetorino.com\/boutique\/#\/schema\/logo\/image\/","url":"https:\/\/www.vetorino.com\/boutique\/wp-content\/uploads\/2024\/10\/logo.jpg","contentUrl":"https:\/\/www.vetorino.com\/boutique\/wp-content\/uploads\/2024\/10\/logo.jpg","width":1200,"height":610,"caption":"V\u00e9torino"},"image":{"@id":"https:\/\/www.vetorino.com\/boutique\/#\/schema\/logo\/image\/"},"sameAs":["https:\/\/www.facebook.com\/Vetorino\/","https:\/\/www.instagram.com\/vetorino_off\/","https:\/\/www.linkedin.com\/company\/vtorino\/"]}]},"product_brand":"Wouapy","product_price_amount":"25.36","product_price_currency":"EUR","og_availability":"out of stock","product_availability":"out of stock","product_retailer_item_id":"O-805158","product_condition":"new"},"_links":{"self":[{"href":"https:\/\/www.vetorino.com\/boutique\/wp-json\/wp\/v2\/product\/511061","targetHints":{"allow":["GET"]}}],"collection":[{"href":"https:\/\/www.vetorino.com\/boutique\/wp-json\/wp\/v2\/product"}],"about":[{"href":"https:\/\/www.vetorino.com\/boutique\/wp-json\/wp\/v2\/types\/product"}],"wp:featuredmedia":[{"embeddable":true,"href":"https:\/\/www.vetorino.com\/boutique\/wp-json\/wp\/v2\/media\/591771"}],"wp:attachment":[{"href":"https:\/\/www.vetorino.com\/boutique\/wp-json\/wp\/v2\/media?parent=511061"}],"wp:term":[{"taxonomy":"product_cat","embeddable":true,"href":"https:\/\/www.vetorino.com\/boutique\/wp-json\/wp\/v2\/product_cat?post=511061"},{"taxonomy":"product_tag","embeddable":true,"href":"https:\/\/www.vetorino.com\/boutique\/wp-json\/wp\/v2\/product_tag?post=511061"}],"curies":[{"name":"wp","href":"https:\/\/api.w.org\/{rel}","templated":true}]}}