{"id":511769,"date":"2022-11-23T15:14:11","date_gmt":"2022-11-23T14:14:11","guid":{"rendered":"https:\/\/www.vetorino.com\/boutique\/?post_type=product&#038;p=511769"},"modified":"2023-04-10T11:11:18","modified_gmt":"2023-04-10T09:11:18","slug":"tour-a-griffer-gracia","status":"publish","type":"product","link":"https:\/\/www.vetorino.com\/boutique\/product\/tour-a-griffer-gracia\/","title":{"rendered":"Tour \u00e0 griffer Gracia"},"content":{"rendered":"<p>Ce meuble griffoir permet au chat de\u00a0<strong>gratter, se cacher, escalader ou bien encore admirer la vue<\/strong>\u00a0!\u00a0Il\u00a0<strong>dispose de\u00a03\u00a0\u00e9tages, habill\u00e9s de peluche\/feutre (\u00e9tage 2 et 3 reli\u00e9s) et d&#8217;une\u00a0plateforme avec coussin douillet d\u00e9houssable.<\/strong><\/p>\n<p>De couleur\u00a0<strong>gris clair<\/strong>,\u00a0il se mariera tr\u00e8s bien dans votre salon ou dans une autre pi\u00e8ce de votre int\u00e9rieur.\u00a0\u00a0Cette tour\u00a0<strong>dispose de 3\u00a0<\/strong>\u00e9tages, habill\u00e9s de peluche\/feutre (\u00e9tage 2 et 3 reli\u00e9s) et d&#8217;une\u00a0plateforme avec coussin douillet d\u00e9houssable.<\/p>\n<p>Le coussin est r\u00e9versible au niveau inf\u00e9rieur. La plateforme avec coussin douillet est d\u00e9houssable.<\/p>\n<ul>\n<li>Emprise au sol : 38 cm<\/li>\n<li>Hauteur : 85 cm<\/li>\n<\/ul>\n","protected":false},"excerpt":{"rendered":"<div class=\"product-info-short-description\">\n<div class=\"product attribute overview\">\n<div class=\"product-info-short-description\">\n<div class=\"product attribute overview\">\n<p class=\"value\">Gratter, se cacher, se blottir, escalader et profiter de la vue, voil\u00e0 un programme que la<strong> Cat Tower Gracia de Trixie<\/strong> propose et qui va combler votre f\u00e9lin !<\/p>\n<\/div>\n<\/div>\n<div class=\"product-info-price\">\n<div class=\"price-box price-final_price\" data-role=\"priceBox\" data-product-id=\"7807\" data-product-sku=\"TR43376\" data-price-box=\"product-id-7807\"><\/div>\n<\/div>\n<\/div>\n<\/div>\n<div class=\"product-info-price\">\n<div class=\"price-box price-final_price\" data-role=\"priceBox\" data-product-id=\"7807\" data-product-sku=\"TR43376\" data-price-box=\"product-id-7807\"><\/div>\n<\/div>\n","protected":false},"featured_media":591885,"template":"","meta":[],"product_cat":[12548,2697,12595],"product_tag":[],"class_list":{"0":"post-511769","1":"product","2":"type-product","3":"status-publish","4":"has-post-thumbnail","6":"product_cat-accessoire-du-chat","7":"product_cat-chat","8":"product_cat-confort-du-chat","9":"pa_marque-trixie","11":"first","12":"outofstock","13":"taxable","14":"shipping-taxable","15":"purchasable","16":"product-type-simple"},"yoast_head":"<!-- This site is optimized with the Yoast SEO plugin v27.4 - https:\/\/yoast.com\/product\/yoast-seo-wordpress\/ -->\n<title>Tour \u00e0 griffer Gracia Trixie - V\u00e9torino<\/title>\n<meta name=\"description\" content=\"Gratter, se cacher, se blottir, escalader et profiter de la vue, voil\u00e0 un programme que la Cat Tower Gracia de Trixie propose et qui va combler votre f\u00e9lin !\" \/>\n<meta name=\"robots\" content=\"index, follow, max-snippet:-1, max-image-preview:large, max-video-preview:-1\" \/>\n<link rel=\"canonical\" href=\"https:\/\/www.vetorino.com\/boutique\/product\/tour-a-griffer-gracia\/\" \/>\n<meta property=\"og:locale\" content=\"fr_FR\" \/>\n<meta property=\"og:type\" content=\"article\" \/>\n<meta property=\"og:title\" content=\"Tour \u00e0 griffer Gracia Trixie - V\u00e9torino\" \/>\n<meta property=\"og:description\" content=\"Gratter, se cacher, se blottir, escalader et profiter de la vue, voil\u00e0 un programme que la Cat Tower Gracia de Trixie propose et qui va combler votre f\u00e9lin !\" \/>\n<meta property=\"og:url\" content=\"https:\/\/www.vetorino.com\/boutique\/product\/tour-a-griffer-gracia\/\" \/>\n<meta property=\"og:site_name\" content=\"V\u00e9torino\" \/>\n<meta property=\"article:publisher\" content=\"https:\/\/www.facebook.com\/Vetorino\/\" \/>\n<meta property=\"article:modified_time\" content=\"2023-04-10T09:11:18+00:00\" \/>\n<meta property=\"og:image\" content=\"https:\/\/www.vetorino.com\/boutique\/wp-content\/uploads\/2022\/11\/a2d66480246c3f577a605dadfc1d8561583215058b0ffbb6a16c042b4c9d7521_1.png\" \/>\n\t<meta property=\"og:image:width\" content=\"700\" \/>\n\t<meta property=\"og:image:height\" content=\"700\" \/>\n\t<meta property=\"og:image:type\" content=\"image\/png\" \/>\n<meta name=\"twitter:card\" content=\"summary_large_image\" \/>\n<meta name=\"twitter:label1\" content=\"Prix\" \/>\n\t<meta name=\"twitter:data1\" content=\"134,66&euro;\" \/>\n\t<meta name=\"twitter:label2\" content=\"Disponibilit\u00e9\" \/>\n\t<meta name=\"twitter:data2\" content=\"Rupture de stock\" \/>\n<script type=\"application\/ld+json\" class=\"yoast-schema-graph\">{\"@context\":\"https:\\\/\\\/schema.org\",\"@graph\":[{\"@type\":\"WebPage\",\"@id\":\"https:\\\/\\\/www.vetorino.com\\\/veterinaire\\\/montreuil-93100\\\/boutique\\\/product\\\/tour-a-griffer-gracia\\\/\",\"url\":\"https:\\\/\\\/www.vetorino.com\\\/veterinaire\\\/montreuil-93100\\\/boutique\\\/product\\\/tour-a-griffer-gracia\\\/\",\"name\":\"Tour \u00e0 griffer Gracia Trixie - V\u00e9torino\",\"isPartOf\":{\"@id\":\"https:\\\/\\\/www.vetorino.com\\\/boutique\\\/#website\"},\"primaryImageOfPage\":{\"@id\":\"https:\\\/\\\/www.vetorino.com\\\/veterinaire\\\/montreuil-93100\\\/boutique\\\/product\\\/tour-a-griffer-gracia\\\/#primaryimage\"},\"image\":{\"@id\":\"https:\\\/\\\/www.vetorino.com\\\/veterinaire\\\/montreuil-93100\\\/boutique\\\/product\\\/tour-a-griffer-gracia\\\/#primaryimage\"},\"thumbnailUrl\":\"https:\\\/\\\/www.vetorino.com\\\/boutique\\\/wp-content\\\/uploads\\\/2022\\\/11\\\/a2d66480246c3f577a605dadfc1d8561583215058b0ffbb6a16c042b4c9d7521_1.png\",\"datePublished\":\"2022-11-23T14:14:11+00:00\",\"dateModified\":\"2023-04-10T09:11:18+00:00\",\"description\":\"Gratter, se cacher, se blottir, escalader et profiter de la vue, voil\u00e0 un programme que la Cat Tower Gracia de Trixie propose et qui va combler votre f\u00e9lin !\",\"breadcrumb\":{\"@id\":\"https:\\\/\\\/www.vetorino.com\\\/veterinaire\\\/montreuil-93100\\\/boutique\\\/product\\\/tour-a-griffer-gracia\\\/#breadcrumb\"},\"inLanguage\":\"fr-FR\",\"potentialAction\":[{\"@type\":\"ReadAction\",\"target\":[\"https:\\\/\\\/www.vetorino.com\\\/veterinaire\\\/montreuil-93100\\\/boutique\\\/product\\\/tour-a-griffer-gracia\\\/\"]}]},{\"@type\":\"ImageObject\",\"inLanguage\":\"fr-FR\",\"@id\":\"https:\\\/\\\/www.vetorino.com\\\/veterinaire\\\/montreuil-93100\\\/boutique\\\/product\\\/tour-a-griffer-gracia\\\/#primaryimage\",\"url\":\"https:\\\/\\\/www.vetorino.com\\\/boutique\\\/wp-content\\\/uploads\\\/2022\\\/11\\\/a2d66480246c3f577a605dadfc1d8561583215058b0ffbb6a16c042b4c9d7521_1.png\",\"contentUrl\":\"https:\\\/\\\/www.vetorino.com\\\/boutique\\\/wp-content\\\/uploads\\\/2022\\\/11\\\/a2d66480246c3f577a605dadfc1d8561583215058b0ffbb6a16c042b4c9d7521_1.png\",\"width\":700,\"height\":700},{\"@type\":\"BreadcrumbList\",\"@id\":\"https:\\\/\\\/www.vetorino.com\\\/veterinaire\\\/montreuil-93100\\\/boutique\\\/product\\\/tour-a-griffer-gracia\\\/#breadcrumb\",\"itemListElement\":[{\"@type\":\"ListItem\",\"position\":1,\"name\":\"Accueil\",\"item\":\"https:\\\/\\\/www.vetorino.com\\\/boutique\\\/\"},{\"@type\":\"ListItem\",\"position\":2,\"name\":\"Produits\",\"item\":\"https:\\\/\\\/www.vetorino.com\\\/boutique\\\/\"},{\"@type\":\"ListItem\",\"position\":3,\"name\":\"Tour \u00e0 griffer Gracia\"}]},{\"@type\":\"WebSite\",\"@id\":\"https:\\\/\\\/www.vetorino.com\\\/boutique\\\/#website\",\"url\":\"https:\\\/\\\/www.vetorino.com\\\/boutique\\\/\",\"name\":\"V\u00e9torino\",\"description\":\"\",\"publisher\":{\"@id\":\"https:\\\/\\\/www.vetorino.com\\\/boutique\\\/#organization\"},\"potentialAction\":[{\"@type\":\"SearchAction\",\"target\":{\"@type\":\"EntryPoint\",\"urlTemplate\":\"https:\\\/\\\/www.vetorino.com\\\/boutique\\\/?s={search_term_string}\"},\"query-input\":{\"@type\":\"PropertyValueSpecification\",\"valueRequired\":true,\"valueName\":\"search_term_string\"}}],\"inLanguage\":\"fr-FR\"},{\"@type\":\"Organization\",\"@id\":\"https:\\\/\\\/www.vetorino.com\\\/boutique\\\/#organization\",\"name\":\"V\u00e9torino\",\"url\":\"https:\\\/\\\/www.vetorino.com\\\/boutique\\\/\",\"logo\":{\"@type\":\"ImageObject\",\"inLanguage\":\"fr-FR\",\"@id\":\"https:\\\/\\\/www.vetorino.com\\\/boutique\\\/#\\\/schema\\\/logo\\\/image\\\/\",\"url\":\"https:\\\/\\\/www.vetorino.com\\\/boutique\\\/wp-content\\\/uploads\\\/2024\\\/10\\\/logo.jpg\",\"contentUrl\":\"https:\\\/\\\/www.vetorino.com\\\/boutique\\\/wp-content\\\/uploads\\\/2024\\\/10\\\/logo.jpg\",\"width\":1200,\"height\":610,\"caption\":\"V\u00e9torino\"},\"image\":{\"@id\":\"https:\\\/\\\/www.vetorino.com\\\/boutique\\\/#\\\/schema\\\/logo\\\/image\\\/\"},\"sameAs\":[\"https:\\\/\\\/www.facebook.com\\\/Vetorino\\\/\",\"https:\\\/\\\/www.instagram.com\\\/vetorino_off\\\/\",\"https:\\\/\\\/www.linkedin.com\\\/company\\\/vtorino\\\/\"]}]}<\/script>\n<meta property=\"product:brand\" content=\"Trixie\" \/>\n<meta property=\"product:price:amount\" content=\"134.66\" \/>\n<meta property=\"product:price:currency\" content=\"EUR\" \/>\n<meta property=\"og:availability\" content=\"out of stock\" \/>\n<meta property=\"product:availability\" content=\"out of stock\" \/>\n<meta property=\"product:retailer_item_id\" content=\"O-803042\" \/>\n<meta property=\"product:condition\" content=\"new\" \/>\n<!-- \/ Yoast SEO plugin. -->","yoast_head_json":{"title":"Tour \u00e0 griffer Gracia Trixie - V\u00e9torino","description":"Gratter, se cacher, se blottir, escalader et profiter de la vue, voil\u00e0 un programme que la Cat Tower Gracia de Trixie propose et qui va combler votre f\u00e9lin !","robots":{"index":"index","follow":"follow","max-snippet":"max-snippet:-1","max-image-preview":"max-image-preview:large","max-video-preview":"max-video-preview:-1"},"canonical":"https:\/\/www.vetorino.com\/boutique\/product\/tour-a-griffer-gracia\/","og_locale":"fr_FR","og_type":"article","og_title":"Tour \u00e0 griffer Gracia Trixie - V\u00e9torino","og_description":"Gratter, se cacher, se blottir, escalader et profiter de la vue, voil\u00e0 un programme que la Cat Tower Gracia de Trixie propose et qui va combler votre f\u00e9lin !","og_url":"https:\/\/www.vetorino.com\/boutique\/product\/tour-a-griffer-gracia\/","og_site_name":"V\u00e9torino","article_publisher":"https:\/\/www.facebook.com\/Vetorino\/","article_modified_time":"2023-04-10T09:11:18+00:00","og_image":[{"width":700,"height":700,"url":"https:\/\/www.vetorino.com\/boutique\/wp-content\/uploads\/2022\/11\/a2d66480246c3f577a605dadfc1d8561583215058b0ffbb6a16c042b4c9d7521_1.png","type":"image\/png"}],"twitter_card":"summary_large_image","twitter_misc":{"Prix":"134,66&euro;","Disponibilit\u00e9":"Rupture de stock"},"schema":{"@context":"https:\/\/schema.org","@graph":[{"@type":"WebPage","@id":"https:\/\/www.vetorino.com\/veterinaire\/montreuil-93100\/boutique\/product\/tour-a-griffer-gracia\/","url":"https:\/\/www.vetorino.com\/veterinaire\/montreuil-93100\/boutique\/product\/tour-a-griffer-gracia\/","name":"Tour \u00e0 griffer Gracia Trixie - V\u00e9torino","isPartOf":{"@id":"https:\/\/www.vetorino.com\/boutique\/#website"},"primaryImageOfPage":{"@id":"https:\/\/www.vetorino.com\/veterinaire\/montreuil-93100\/boutique\/product\/tour-a-griffer-gracia\/#primaryimage"},"image":{"@id":"https:\/\/www.vetorino.com\/veterinaire\/montreuil-93100\/boutique\/product\/tour-a-griffer-gracia\/#primaryimage"},"thumbnailUrl":"https:\/\/www.vetorino.com\/boutique\/wp-content\/uploads\/2022\/11\/a2d66480246c3f577a605dadfc1d8561583215058b0ffbb6a16c042b4c9d7521_1.png","datePublished":"2022-11-23T14:14:11+00:00","dateModified":"2023-04-10T09:11:18+00:00","description":"Gratter, se cacher, se blottir, escalader et profiter de la vue, voil\u00e0 un programme que la Cat Tower Gracia de Trixie propose et qui va combler votre f\u00e9lin !","breadcrumb":{"@id":"https:\/\/www.vetorino.com\/veterinaire\/montreuil-93100\/boutique\/product\/tour-a-griffer-gracia\/#breadcrumb"},"inLanguage":"fr-FR","potentialAction":[{"@type":"ReadAction","target":["https:\/\/www.vetorino.com\/veterinaire\/montreuil-93100\/boutique\/product\/tour-a-griffer-gracia\/"]}]},{"@type":"ImageObject","inLanguage":"fr-FR","@id":"https:\/\/www.vetorino.com\/veterinaire\/montreuil-93100\/boutique\/product\/tour-a-griffer-gracia\/#primaryimage","url":"https:\/\/www.vetorino.com\/boutique\/wp-content\/uploads\/2022\/11\/a2d66480246c3f577a605dadfc1d8561583215058b0ffbb6a16c042b4c9d7521_1.png","contentUrl":"https:\/\/www.vetorino.com\/boutique\/wp-content\/uploads\/2022\/11\/a2d66480246c3f577a605dadfc1d8561583215058b0ffbb6a16c042b4c9d7521_1.png","width":700,"height":700},{"@type":"BreadcrumbList","@id":"https:\/\/www.vetorino.com\/veterinaire\/montreuil-93100\/boutique\/product\/tour-a-griffer-gracia\/#breadcrumb","itemListElement":[{"@type":"ListItem","position":1,"name":"Accueil","item":"https:\/\/www.vetorino.com\/boutique\/"},{"@type":"ListItem","position":2,"name":"Produits","item":"https:\/\/www.vetorino.com\/boutique\/"},{"@type":"ListItem","position":3,"name":"Tour \u00e0 griffer Gracia"}]},{"@type":"WebSite","@id":"https:\/\/www.vetorino.com\/boutique\/#website","url":"https:\/\/www.vetorino.com\/boutique\/","name":"V\u00e9torino","description":"","publisher":{"@id":"https:\/\/www.vetorino.com\/boutique\/#organization"},"potentialAction":[{"@type":"SearchAction","target":{"@type":"EntryPoint","urlTemplate":"https:\/\/www.vetorino.com\/boutique\/?s={search_term_string}"},"query-input":{"@type":"PropertyValueSpecification","valueRequired":true,"valueName":"search_term_string"}}],"inLanguage":"fr-FR"},{"@type":"Organization","@id":"https:\/\/www.vetorino.com\/boutique\/#organization","name":"V\u00e9torino","url":"https:\/\/www.vetorino.com\/boutique\/","logo":{"@type":"ImageObject","inLanguage":"fr-FR","@id":"https:\/\/www.vetorino.com\/boutique\/#\/schema\/logo\/image\/","url":"https:\/\/www.vetorino.com\/boutique\/wp-content\/uploads\/2024\/10\/logo.jpg","contentUrl":"https:\/\/www.vetorino.com\/boutique\/wp-content\/uploads\/2024\/10\/logo.jpg","width":1200,"height":610,"caption":"V\u00e9torino"},"image":{"@id":"https:\/\/www.vetorino.com\/boutique\/#\/schema\/logo\/image\/"},"sameAs":["https:\/\/www.facebook.com\/Vetorino\/","https:\/\/www.instagram.com\/vetorino_off\/","https:\/\/www.linkedin.com\/company\/vtorino\/"]}]},"product_brand":"Trixie","product_price_amount":"134.66","product_price_currency":"EUR","og_availability":"out of stock","product_availability":"out of stock","product_retailer_item_id":"O-803042","product_condition":"new"},"_links":{"self":[{"href":"https:\/\/www.vetorino.com\/boutique\/wp-json\/wp\/v2\/product\/511769","targetHints":{"allow":["GET"]}}],"collection":[{"href":"https:\/\/www.vetorino.com\/boutique\/wp-json\/wp\/v2\/product"}],"about":[{"href":"https:\/\/www.vetorino.com\/boutique\/wp-json\/wp\/v2\/types\/product"}],"wp:featuredmedia":[{"embeddable":true,"href":"https:\/\/www.vetorino.com\/boutique\/wp-json\/wp\/v2\/media\/591885"}],"wp:attachment":[{"href":"https:\/\/www.vetorino.com\/boutique\/wp-json\/wp\/v2\/media?parent=511769"}],"wp:term":[{"taxonomy":"product_cat","embeddable":true,"href":"https:\/\/www.vetorino.com\/boutique\/wp-json\/wp\/v2\/product_cat?post=511769"},{"taxonomy":"product_tag","embeddable":true,"href":"https:\/\/www.vetorino.com\/boutique\/wp-json\/wp\/v2\/product_tag?post=511769"}],"curies":[{"name":"wp","href":"https:\/\/api.w.org\/{rel}","templated":true}]}}