{"id":514300,"date":"2022-11-28T11:30:40","date_gmt":"2022-11-28T10:30:40","guid":{"rendered":"https:\/\/www.vetorino.com\/boutique\/?post_type=product&#038;p=514300"},"modified":"2023-04-07T09:56:07","modified_gmt":"2023-04-07T07:56:07","slug":"peluche-connects-magnicat","status":"publish","type":"product","link":"https:\/\/www.vetorino.com\/boutique\/product\/peluche-connects-magnicat\/","title":{"rendered":"Peluche Connects\u2122 Magnicat jouet chat"},"content":{"rendered":"<p>Le jouet KONG Magnicat tire votre chat de l&#8217;ennui. Ses pattes aimant\u00e9es lui permettent en effet de tra\u00eenasser tout en offrant un jeu de vari\u00e9t\u00e9 sans fin. Ses pattes irr\u00e9sistiblement pendantes et sa queue souple \u00e9veillent et r\u00e9compensent les coups de patte instinctifs, tandis que les cr\u00e9pitements r\u00e9compensent l&#8217;instinct de chasse naturel de votre f\u00e9lin.<\/p>\n<ul>\n<li>Des pattes aimant\u00e9es<\/li>\n<li>Pour un plaisir portable quel que soit l&#8217;endroit<\/li>\n<li>Une queue virvoltante et des longues pattes qui r\u00e9compensent les coups instinctifs<\/li>\n<li>Des cr\u00e9pitement qui r\u00e9compensent le comportement de chasse naturel<\/li>\n<\/ul>\n<p>Jouet pour chat \u00e0 utiliser sous surveillance du ma\u00eetre. L&#8217;\u00e9tat du jouet est \u00e0 contr\u00f4ler r\u00e9guli\u00e8rement afin d&#8217;\u00e9viter tout risque d&#8217;ingestion de petits morceaux par votre animal. Ne pas laisser \u00e0 la port\u00e9e des enfants.<\/p>\n","protected":false},"excerpt":{"rendered":"<p>La peluche Connects\u2122 Magnicat saura divertir votre chat !<\/p>\n<ul>\n<li>Ses\u00a0<strong>pattes magn\u00e9tis\u00e9es<\/strong>\u00a0pour un amusement portable, o\u00f9 que vous soyez.<\/li>\n<li>Sa\u00a0<strong>queue<\/strong>\u00a0flottante et ses\u00a0<strong>longues pattes<\/strong>\u00a0invitent \u00e0 se battre instinctivement.<\/li>\n<li>Les sons de\u00a0<strong>craquement<\/strong>\u00a0et\u00a0<strong>cr\u00e9pitement<\/strong>\u00a0r\u00e9compensent le comportement naturel de chasseur.<\/li>\n<li>Contient de\u00a0<strong>l&#8217;herbe \u00e0 chat<\/strong>\u00a0KONG North American Premium<\/li>\n<\/ul>\n","protected":false},"featured_media":590095,"template":"","meta":[],"product_cat":[12548,2697,12620,2774],"product_tag":[],"class_list":{"0":"post-514300","1":"product","2":"type-product","3":"status-publish","4":"has-post-thumbnail","6":"product_cat-accessoire-du-chat","7":"product_cat-chat","8":"product_cat-jeux-educatifs-pour-chat","9":"product_cat-souris-peluches-pour-chat","10":"pa_marque-kong","12":"first","13":"instock","14":"taxable","15":"shipping-taxable","16":"purchasable","17":"product-type-simple"},"yoast_head":"<!-- This site is optimized with the Yoast SEO plugin v27.3 - https:\/\/yoast.com\/product\/yoast-seo-wordpress\/ -->\n<title>Peluche Connects\u2122 Magnicat jouet chat Kong - V\u00e9torino<\/title>\n<meta name=\"description\" content=\"La peluche Connects\u2122 Magnicat saura divertir votre chat !   Ses\u00a0pattes magn\u00e9tis\u00e9es\u00a0pour un amusement portable, o\u00f9 que vous soyez.  Sa\u00a0queue\u00a0flottante et ses\u00a0longues pattes\u00a0invitent \u00e0 se battre instinctivement.  Les sons de\u00a0craquement\u00a0et\u00a0cr\u00e9pitement\u00a0r\u00e9compensent le comportement naturel de chasseur.  Contient de\u00a0l&#039;herbe \u00e0 chat\u00a0KONG North American Premium\" \/>\n<meta name=\"robots\" content=\"index, follow, max-snippet:-1, max-image-preview:large, max-video-preview:-1\" \/>\n<link rel=\"canonical\" href=\"https:\/\/www.vetorino.com\/boutique\/product\/peluche-connects-magnicat\/\" \/>\n<meta property=\"og:locale\" content=\"fr_FR\" \/>\n<meta property=\"og:type\" content=\"article\" \/>\n<meta property=\"og:title\" content=\"Peluche Connects\u2122 Magnicat jouet chat Kong - V\u00e9torino\" \/>\n<meta property=\"og:description\" content=\"La peluche Connects\u2122 Magnicat saura divertir votre chat !   Ses\u00a0pattes magn\u00e9tis\u00e9es\u00a0pour un amusement portable, o\u00f9 que vous soyez.  Sa\u00a0queue\u00a0flottante et ses\u00a0longues pattes\u00a0invitent \u00e0 se battre instinctivement.  Les sons de\u00a0craquement\u00a0et\u00a0cr\u00e9pitement\u00a0r\u00e9compensent le comportement naturel de chasseur.  Contient de\u00a0l&#039;herbe \u00e0 chat\u00a0KONG North American Premium\" \/>\n<meta property=\"og:url\" content=\"https:\/\/www.vetorino.com\/boutique\/product\/peluche-connects-magnicat\/\" \/>\n<meta property=\"og:site_name\" content=\"V\u00e9torino\" \/>\n<meta property=\"article:publisher\" content=\"https:\/\/www.facebook.com\/Vetorino\/\" \/>\n<meta property=\"article:modified_time\" content=\"2023-04-07T07:56:07+00:00\" \/>\n<meta property=\"og:image\" content=\"https:\/\/www.vetorino.com\/boutique\/wp-content\/uploads\/2022\/11\/jouet-kong-chat-connects-magnicats.jpg\" \/>\n\t<meta property=\"og:image:width\" content=\"800\" \/>\n\t<meta property=\"og:image:height\" content=\"800\" \/>\n\t<meta property=\"og:image:type\" content=\"image\/jpeg\" \/>\n<meta name=\"twitter:card\" content=\"summary_large_image\" \/>\n<meta name=\"twitter:label1\" content=\"Prix\" \/>\n\t<meta name=\"twitter:data1\" content=\"6,15&euro;\" \/>\n\t<meta name=\"twitter:label2\" content=\"Disponibilit\u00e9\" \/>\n\t<meta name=\"twitter:data2\" content=\"En stock\" \/>\n<script type=\"application\/ld+json\" class=\"yoast-schema-graph\">{\"@context\":\"https:\\\/\\\/schema.org\",\"@graph\":[{\"@type\":\"WebPage\",\"@id\":\"https:\\\/\\\/www.vetorino.com\\\/veterinaire\\\/maurepas-78310\\\/boutique\\\/product\\\/peluche-connects-magnicat\\\/\",\"url\":\"https:\\\/\\\/www.vetorino.com\\\/veterinaire\\\/maurepas-78310\\\/boutique\\\/product\\\/peluche-connects-magnicat\\\/\",\"name\":\"Peluche Connects\u2122 Magnicat jouet chat Kong - V\u00e9torino\",\"isPartOf\":{\"@id\":\"https:\\\/\\\/www.vetorino.com\\\/boutique\\\/#website\"},\"primaryImageOfPage\":{\"@id\":\"https:\\\/\\\/www.vetorino.com\\\/veterinaire\\\/maurepas-78310\\\/boutique\\\/product\\\/peluche-connects-magnicat\\\/#primaryimage\"},\"image\":{\"@id\":\"https:\\\/\\\/www.vetorino.com\\\/veterinaire\\\/maurepas-78310\\\/boutique\\\/product\\\/peluche-connects-magnicat\\\/#primaryimage\"},\"thumbnailUrl\":\"https:\\\/\\\/www.vetorino.com\\\/boutique\\\/wp-content\\\/uploads\\\/2022\\\/11\\\/jouet-kong-chat-connects-magnicats.jpg\",\"datePublished\":\"2022-11-28T10:30:40+00:00\",\"dateModified\":\"2023-04-07T07:56:07+00:00\",\"description\":\"La peluche Connects\u2122 Magnicat saura divertir votre chat ! Ses\u00a0pattes magn\u00e9tis\u00e9es\u00a0pour un amusement portable, o\u00f9 que vous soyez. Sa\u00a0queue\u00a0flottante et ses\u00a0longues pattes\u00a0invitent \u00e0 se battre instinctivement. Les sons de\u00a0craquement\u00a0et\u00a0cr\u00e9pitement\u00a0r\u00e9compensent le comportement naturel de chasseur. Contient de\u00a0l'herbe \u00e0 chat\u00a0KONG North American Premium\",\"breadcrumb\":{\"@id\":\"https:\\\/\\\/www.vetorino.com\\\/veterinaire\\\/maurepas-78310\\\/boutique\\\/product\\\/peluche-connects-magnicat\\\/#breadcrumb\"},\"inLanguage\":\"fr-FR\",\"potentialAction\":[{\"@type\":\"ReadAction\",\"target\":[\"https:\\\/\\\/www.vetorino.com\\\/veterinaire\\\/maurepas-78310\\\/boutique\\\/product\\\/peluche-connects-magnicat\\\/\"]}]},{\"@type\":\"ImageObject\",\"inLanguage\":\"fr-FR\",\"@id\":\"https:\\\/\\\/www.vetorino.com\\\/veterinaire\\\/maurepas-78310\\\/boutique\\\/product\\\/peluche-connects-magnicat\\\/#primaryimage\",\"url\":\"https:\\\/\\\/www.vetorino.com\\\/boutique\\\/wp-content\\\/uploads\\\/2022\\\/11\\\/jouet-kong-chat-connects-magnicats.jpg\",\"contentUrl\":\"https:\\\/\\\/www.vetorino.com\\\/boutique\\\/wp-content\\\/uploads\\\/2022\\\/11\\\/jouet-kong-chat-connects-magnicats.jpg\",\"width\":800,\"height\":800},{\"@type\":\"BreadcrumbList\",\"@id\":\"https:\\\/\\\/www.vetorino.com\\\/veterinaire\\\/maurepas-78310\\\/boutique\\\/product\\\/peluche-connects-magnicat\\\/#breadcrumb\",\"itemListElement\":[{\"@type\":\"ListItem\",\"position\":1,\"name\":\"Accueil\",\"item\":\"https:\\\/\\\/www.vetorino.com\\\/boutique\\\/\"},{\"@type\":\"ListItem\",\"position\":2,\"name\":\"Produits\",\"item\":\"https:\\\/\\\/www.vetorino.com\\\/boutique\\\/\"},{\"@type\":\"ListItem\",\"position\":3,\"name\":\"Peluche Connects\u2122 Magnicat jouet chat\"}]},{\"@type\":\"WebSite\",\"@id\":\"https:\\\/\\\/www.vetorino.com\\\/boutique\\\/#website\",\"url\":\"https:\\\/\\\/www.vetorino.com\\\/boutique\\\/\",\"name\":\"V\u00e9torino\",\"description\":\"\",\"publisher\":{\"@id\":\"https:\\\/\\\/www.vetorino.com\\\/boutique\\\/#organization\"},\"potentialAction\":[{\"@type\":\"SearchAction\",\"target\":{\"@type\":\"EntryPoint\",\"urlTemplate\":\"https:\\\/\\\/www.vetorino.com\\\/boutique\\\/?s={search_term_string}\"},\"query-input\":{\"@type\":\"PropertyValueSpecification\",\"valueRequired\":true,\"valueName\":\"search_term_string\"}}],\"inLanguage\":\"fr-FR\"},{\"@type\":\"Organization\",\"@id\":\"https:\\\/\\\/www.vetorino.com\\\/boutique\\\/#organization\",\"name\":\"V\u00e9torino\",\"url\":\"https:\\\/\\\/www.vetorino.com\\\/boutique\\\/\",\"logo\":{\"@type\":\"ImageObject\",\"inLanguage\":\"fr-FR\",\"@id\":\"https:\\\/\\\/www.vetorino.com\\\/boutique\\\/#\\\/schema\\\/logo\\\/image\\\/\",\"url\":\"https:\\\/\\\/www.vetorino.com\\\/boutique\\\/wp-content\\\/uploads\\\/2024\\\/10\\\/logo.jpg\",\"contentUrl\":\"https:\\\/\\\/www.vetorino.com\\\/boutique\\\/wp-content\\\/uploads\\\/2024\\\/10\\\/logo.jpg\",\"width\":1200,\"height\":610,\"caption\":\"V\u00e9torino\"},\"image\":{\"@id\":\"https:\\\/\\\/www.vetorino.com\\\/boutique\\\/#\\\/schema\\\/logo\\\/image\\\/\"},\"sameAs\":[\"https:\\\/\\\/www.facebook.com\\\/Vetorino\\\/\",\"https:\\\/\\\/www.instagram.com\\\/vetorino_off\\\/\",\"https:\\\/\\\/www.linkedin.com\\\/company\\\/vtorino\\\/\"]}]}<\/script>\n<meta property=\"product:brand\" content=\"Kong\" \/>\n<meta property=\"product:price:amount\" content=\"6.15\" \/>\n<meta property=\"product:price:currency\" content=\"EUR\" \/>\n<meta property=\"og:availability\" content=\"instock\" \/>\n<meta property=\"product:availability\" content=\"instock\" \/>\n<meta property=\"product:retailer_item_id\" content=\"O-806154\" \/>\n<meta property=\"product:condition\" content=\"new\" \/>\n<!-- \/ Yoast SEO plugin. -->","yoast_head_json":{"title":"Peluche Connects\u2122 Magnicat jouet chat Kong - V\u00e9torino","description":"La peluche Connects\u2122 Magnicat saura divertir votre chat !   Ses\u00a0pattes magn\u00e9tis\u00e9es\u00a0pour un amusement portable, o\u00f9 que vous soyez.  Sa\u00a0queue\u00a0flottante et ses\u00a0longues pattes\u00a0invitent \u00e0 se battre instinctivement.  Les sons de\u00a0craquement\u00a0et\u00a0cr\u00e9pitement\u00a0r\u00e9compensent le comportement naturel de chasseur.  Contient de\u00a0l'herbe \u00e0 chat\u00a0KONG North American Premium","robots":{"index":"index","follow":"follow","max-snippet":"max-snippet:-1","max-image-preview":"max-image-preview:large","max-video-preview":"max-video-preview:-1"},"canonical":"https:\/\/www.vetorino.com\/boutique\/product\/peluche-connects-magnicat\/","og_locale":"fr_FR","og_type":"article","og_title":"Peluche Connects\u2122 Magnicat jouet chat Kong - V\u00e9torino","og_description":"La peluche Connects\u2122 Magnicat saura divertir votre chat !   Ses\u00a0pattes magn\u00e9tis\u00e9es\u00a0pour un amusement portable, o\u00f9 que vous soyez.  Sa\u00a0queue\u00a0flottante et ses\u00a0longues pattes\u00a0invitent \u00e0 se battre instinctivement.  Les sons de\u00a0craquement\u00a0et\u00a0cr\u00e9pitement\u00a0r\u00e9compensent le comportement naturel de chasseur.  Contient de\u00a0l'herbe \u00e0 chat\u00a0KONG North American Premium","og_url":"https:\/\/www.vetorino.com\/boutique\/product\/peluche-connects-magnicat\/","og_site_name":"V\u00e9torino","article_publisher":"https:\/\/www.facebook.com\/Vetorino\/","article_modified_time":"2023-04-07T07:56:07+00:00","og_image":[{"width":800,"height":800,"url":"https:\/\/www.vetorino.com\/boutique\/wp-content\/uploads\/2022\/11\/jouet-kong-chat-connects-magnicats.jpg","type":"image\/jpeg"}],"twitter_card":"summary_large_image","twitter_misc":{"Prix":"6,15&euro;","Disponibilit\u00e9":"En stock"},"schema":{"@context":"https:\/\/schema.org","@graph":[{"@type":"WebPage","@id":"https:\/\/www.vetorino.com\/veterinaire\/maurepas-78310\/boutique\/product\/peluche-connects-magnicat\/","url":"https:\/\/www.vetorino.com\/veterinaire\/maurepas-78310\/boutique\/product\/peluche-connects-magnicat\/","name":"Peluche Connects\u2122 Magnicat jouet chat Kong - V\u00e9torino","isPartOf":{"@id":"https:\/\/www.vetorino.com\/boutique\/#website"},"primaryImageOfPage":{"@id":"https:\/\/www.vetorino.com\/veterinaire\/maurepas-78310\/boutique\/product\/peluche-connects-magnicat\/#primaryimage"},"image":{"@id":"https:\/\/www.vetorino.com\/veterinaire\/maurepas-78310\/boutique\/product\/peluche-connects-magnicat\/#primaryimage"},"thumbnailUrl":"https:\/\/www.vetorino.com\/boutique\/wp-content\/uploads\/2022\/11\/jouet-kong-chat-connects-magnicats.jpg","datePublished":"2022-11-28T10:30:40+00:00","dateModified":"2023-04-07T07:56:07+00:00","description":"La peluche Connects\u2122 Magnicat saura divertir votre chat ! Ses\u00a0pattes magn\u00e9tis\u00e9es\u00a0pour un amusement portable, o\u00f9 que vous soyez. Sa\u00a0queue\u00a0flottante et ses\u00a0longues pattes\u00a0invitent \u00e0 se battre instinctivement. Les sons de\u00a0craquement\u00a0et\u00a0cr\u00e9pitement\u00a0r\u00e9compensent le comportement naturel de chasseur. Contient de\u00a0l'herbe \u00e0 chat\u00a0KONG North American Premium","breadcrumb":{"@id":"https:\/\/www.vetorino.com\/veterinaire\/maurepas-78310\/boutique\/product\/peluche-connects-magnicat\/#breadcrumb"},"inLanguage":"fr-FR","potentialAction":[{"@type":"ReadAction","target":["https:\/\/www.vetorino.com\/veterinaire\/maurepas-78310\/boutique\/product\/peluche-connects-magnicat\/"]}]},{"@type":"ImageObject","inLanguage":"fr-FR","@id":"https:\/\/www.vetorino.com\/veterinaire\/maurepas-78310\/boutique\/product\/peluche-connects-magnicat\/#primaryimage","url":"https:\/\/www.vetorino.com\/boutique\/wp-content\/uploads\/2022\/11\/jouet-kong-chat-connects-magnicats.jpg","contentUrl":"https:\/\/www.vetorino.com\/boutique\/wp-content\/uploads\/2022\/11\/jouet-kong-chat-connects-magnicats.jpg","width":800,"height":800},{"@type":"BreadcrumbList","@id":"https:\/\/www.vetorino.com\/veterinaire\/maurepas-78310\/boutique\/product\/peluche-connects-magnicat\/#breadcrumb","itemListElement":[{"@type":"ListItem","position":1,"name":"Accueil","item":"https:\/\/www.vetorino.com\/boutique\/"},{"@type":"ListItem","position":2,"name":"Produits","item":"https:\/\/www.vetorino.com\/boutique\/"},{"@type":"ListItem","position":3,"name":"Peluche Connects\u2122 Magnicat jouet chat"}]},{"@type":"WebSite","@id":"https:\/\/www.vetorino.com\/boutique\/#website","url":"https:\/\/www.vetorino.com\/boutique\/","name":"V\u00e9torino","description":"","publisher":{"@id":"https:\/\/www.vetorino.com\/boutique\/#organization"},"potentialAction":[{"@type":"SearchAction","target":{"@type":"EntryPoint","urlTemplate":"https:\/\/www.vetorino.com\/boutique\/?s={search_term_string}"},"query-input":{"@type":"PropertyValueSpecification","valueRequired":true,"valueName":"search_term_string"}}],"inLanguage":"fr-FR"},{"@type":"Organization","@id":"https:\/\/www.vetorino.com\/boutique\/#organization","name":"V\u00e9torino","url":"https:\/\/www.vetorino.com\/boutique\/","logo":{"@type":"ImageObject","inLanguage":"fr-FR","@id":"https:\/\/www.vetorino.com\/boutique\/#\/schema\/logo\/image\/","url":"https:\/\/www.vetorino.com\/boutique\/wp-content\/uploads\/2024\/10\/logo.jpg","contentUrl":"https:\/\/www.vetorino.com\/boutique\/wp-content\/uploads\/2024\/10\/logo.jpg","width":1200,"height":610,"caption":"V\u00e9torino"},"image":{"@id":"https:\/\/www.vetorino.com\/boutique\/#\/schema\/logo\/image\/"},"sameAs":["https:\/\/www.facebook.com\/Vetorino\/","https:\/\/www.instagram.com\/vetorino_off\/","https:\/\/www.linkedin.com\/company\/vtorino\/"]}]},"product_brand":"Kong","product_price_amount":"6.15","product_price_currency":"EUR","og_availability":"instock","product_availability":"instock","product_retailer_item_id":"O-806154","product_condition":"new"},"_links":{"self":[{"href":"https:\/\/www.vetorino.com\/boutique\/wp-json\/wp\/v2\/product\/514300","targetHints":{"allow":["GET"]}}],"collection":[{"href":"https:\/\/www.vetorino.com\/boutique\/wp-json\/wp\/v2\/product"}],"about":[{"href":"https:\/\/www.vetorino.com\/boutique\/wp-json\/wp\/v2\/types\/product"}],"wp:featuredmedia":[{"embeddable":true,"href":"https:\/\/www.vetorino.com\/boutique\/wp-json\/wp\/v2\/media\/590095"}],"wp:attachment":[{"href":"https:\/\/www.vetorino.com\/boutique\/wp-json\/wp\/v2\/media?parent=514300"}],"wp:term":[{"taxonomy":"product_cat","embeddable":true,"href":"https:\/\/www.vetorino.com\/boutique\/wp-json\/wp\/v2\/product_cat?post=514300"},{"taxonomy":"product_tag","embeddable":true,"href":"https:\/\/www.vetorino.com\/boutique\/wp-json\/wp\/v2\/product_tag?post=514300"}],"curies":[{"name":"wp","href":"https:\/\/api.w.org\/{rel}","templated":true}]}}