{"id":520665,"date":"2022-12-08T12:18:07","date_gmt":"2022-12-08T11:18:07","guid":{"rendered":"https:\/\/www.vetorino.com\/boutique\/product\/movoflex-m-chien-15-35kg\/"},"modified":"2026-04-01T17:26:30","modified_gmt":"2026-04-01T15:26:30","slug":"movoflex-m-chien-15-35kg","status":"publish","type":"product","link":"https:\/\/www.vetorino.com\/boutique\/product\/movoflex-m-chien-15-35kg\/","title":{"rendered":"Movoflex M"},"content":{"rendered":"<p>Movoflex\u00ae contient une formule unique et compl\u00e8te d\u2019ingr\u00e9dients cl\u00e9s pour\u00a0aider \u00e0 maintenir la sant\u00e9 et la mobilit\u00e9 des articulations, quel que soit l\u2019\u00e2ge du chien.<\/p>\n<p>Il contient\u00a0:<\/p>\n<ul>\n<li>de la membrane de coquille d\u2019oeuf (MCO), un nouvel ingr\u00e9dient d\u00e9riv\u00e9\u00a0d\u2019oeufs de poule, riche en collag\u00e8ne, en \u00e9lastine, en glycosaminoglycanes et en acides amin\u00e9s indispensables, favorisant la souplesse et l\u2019\u00e9lasticit\u00e9 des\u00a0articulations.<\/li>\n<li>de l\u2019acide hyaluronique pour maintenir la lubrification et la visco\u00e9lasticit\u00e9\u00a0de la membrane synoviale et la structure des articulations.<\/li>\n<li>de la farine de krill, riche en acide gras om\u00e9ga-3, obtenue \u00e0 partir d\u2019une\u00a0source durable de krill de l\u2019Antarctique p\u00each\u00e9 selon une m\u00e9thode exclusive \u00e9coresponsable, connue pour maintenir les articulations saines.<\/li>\n<li>de l\u2019astaxanthine, un puissant antioxydant issu de l\u2019algue Haematococcus\u00a0pluvialis , connu pour maintenir les articulations saines.<\/li>\n<li>un extrait de Boswellia serrata, obtenu \u00e0 partir de la r\u00e9sine de cet arbre.<\/li>\n<li>97 % d\u2019ingr\u00e9dients d\u2019origine naturelle.<\/li>\n<\/ul>\n<p>ESP\u00c8CE : Chien<\/p>\n<p>COMPOSITION : Riz pr\u00e9-g\u00e9latinis\u00e9, Glyc\u00e9rine, D\u00e9riv\u00e9s d\u2019origine v\u00e9g\u00e9tale, Amidon de ma\u00efs\u00a0pr\u00e9-g\u00e9latinis\u00e9, Huile raffin\u00e9e de tournesol, Sorbitol, Membrane de coquille d\u2019oeuf 3,3 %, Sucre, Prot\u00e9ines de pois, Levures, Amidon de riz pr\u00e9g\u00e9latinis\u00e9,\u00a0M\u00e9lasse de canne \u00e0 sucre, Farine de krill 1,85 %, Maltodextrine, Farine\u00a0d\u2019algues (Haematococcus pluvialis) 0,83 %, Min\u00e9raux, Acide\u00a0hyaluronique (haut et bas PM) 0,49 %, Cellulose en poudre.<\/p>\n<p>ADDITIFS PAR KG : Ar\u00f4me : Extrait de Boswellia serrata : 5,7 g. Conservateur : Acide citrique : 7,3 g<\/p>\n","protected":false},"excerpt":{"rendered":"<p>Les bouch\u00e9es Movoflex\u00ae permettent de\u00a0<b>soutenir la sant\u00e9 articulaire.<\/b><\/p>\n<p><b>\u00a0<\/b>Bo\u00eete de 30\u00a0bouch\u00e9es.<\/p>\n<ul>\n<li>Tailles : M (P &lt; 35 kg)<\/li>\n<\/ul>\n","protected":false},"featured_media":1078152,"template":"","meta":[],"product_cat":[12552,2698,12633],"product_tag":[],"class_list":{"0":"post-520665","1":"product","2":"type-product","3":"status-publish","4":"has-post-thumbnail","6":"product_cat-alimentation-du-chien","7":"product_cat-chien","8":"product_cat-soutien-articulaire-du-chien","9":"pa_marque-virbac","11":"first","12":"instock","13":"taxable","14":"shipping-taxable","15":"purchasable","16":"product-type-simple"},"yoast_head":"<!-- This site is optimized with the Yoast SEO plugin v27.3 - https:\/\/yoast.com\/product\/yoast-seo-wordpress\/ -->\n<title>Movoflex M Virbac - V\u00e9torino<\/title>\n<meta name=\"description\" content=\"Les bouch\u00e9es Movoflex\u00ae permettent de\u00a0soutenir la sant\u00e9 articulaire.  \u00a0Bo\u00eete de 30\u00a0bouch\u00e9es.   Tailles : M (P &lt; 35 kg)\" \/>\n<meta name=\"robots\" content=\"index, follow, max-snippet:-1, max-image-preview:large, max-video-preview:-1\" \/>\n<link rel=\"canonical\" href=\"https:\/\/www.vetorino.com\/boutique\/product\/movoflex-m-chien-15-35kg\/\" \/>\n<meta property=\"og:locale\" content=\"fr_FR\" \/>\n<meta property=\"og:type\" content=\"article\" \/>\n<meta property=\"og:title\" content=\"Movoflex M Virbac - V\u00e9torino\" \/>\n<meta property=\"og:description\" content=\"Les bouch\u00e9es Movoflex\u00ae permettent de\u00a0soutenir la sant\u00e9 articulaire.  \u00a0Bo\u00eete de 30\u00a0bouch\u00e9es.   Tailles : M (P &lt; 35 kg)\" \/>\n<meta property=\"og:url\" content=\"https:\/\/www.vetorino.com\/boutique\/product\/movoflex-m-chien-15-35kg\/\" \/>\n<meta property=\"og:site_name\" content=\"V\u00e9torino\" \/>\n<meta property=\"article:publisher\" content=\"https:\/\/www.facebook.com\/Vetorino\/\" \/>\n<meta property=\"article:modified_time\" content=\"2026-04-01T15:26:30+00:00\" \/>\n<meta property=\"og:image\" content=\"https:\/\/www.vetorino.com\/boutique\/wp-content\/uploads\/2022\/12\/movoflex-m-chien-15-35kg.webp\" \/>\n\t<meta property=\"og:image:width\" content=\"800\" \/>\n\t<meta property=\"og:image:height\" content=\"800\" \/>\n\t<meta property=\"og:image:type\" content=\"image\/webp\" \/>\n<meta name=\"twitter:card\" content=\"summary_large_image\" \/>\n<meta name=\"twitter:label1\" content=\"Prix\" \/>\n\t<meta name=\"twitter:data1\" content=\"35,82&euro;\" \/>\n\t<meta name=\"twitter:label2\" content=\"Disponibilit\u00e9\" \/>\n\t<meta name=\"twitter:data2\" content=\"En stock\" \/>\n<script type=\"application\/ld+json\" class=\"yoast-schema-graph\">{\"@context\":\"https:\\\/\\\/schema.org\",\"@graph\":[{\"@type\":\"WebPage\",\"@id\":\"https:\\\/\\\/www.vetorino.com\\\/boutique\\\/product\\\/movoflex-m-chien-15-35kg\\\/\",\"url\":\"https:\\\/\\\/www.vetorino.com\\\/boutique\\\/product\\\/movoflex-m-chien-15-35kg\\\/\",\"name\":\"Movoflex M Virbac - V\u00e9torino\",\"isPartOf\":{\"@id\":\"https:\\\/\\\/www.vetorino.com\\\/boutique\\\/#website\"},\"primaryImageOfPage\":{\"@id\":\"https:\\\/\\\/www.vetorino.com\\\/boutique\\\/product\\\/movoflex-m-chien-15-35kg\\\/#primaryimage\"},\"image\":{\"@id\":\"https:\\\/\\\/www.vetorino.com\\\/boutique\\\/product\\\/movoflex-m-chien-15-35kg\\\/#primaryimage\"},\"thumbnailUrl\":\"https:\\\/\\\/www.vetorino.com\\\/boutique\\\/wp-content\\\/uploads\\\/2022\\\/12\\\/movoflex-m-chien-15-35kg.webp\",\"datePublished\":\"2022-12-08T11:18:07+00:00\",\"dateModified\":\"2026-04-01T15:26:30+00:00\",\"description\":\"Les bouch\u00e9es Movoflex\u00ae permettent de\u00a0soutenir la sant\u00e9 articulaire. \u00a0Bo\u00eete de 30\u00a0bouch\u00e9es. Tailles : M (P &lt; 35 kg)\",\"breadcrumb\":{\"@id\":\"https:\\\/\\\/www.vetorino.com\\\/boutique\\\/product\\\/movoflex-m-chien-15-35kg\\\/#breadcrumb\"},\"inLanguage\":\"fr-FR\",\"potentialAction\":[{\"@type\":\"ReadAction\",\"target\":[\"https:\\\/\\\/www.vetorino.com\\\/boutique\\\/product\\\/movoflex-m-chien-15-35kg\\\/\"]}]},{\"@type\":\"ImageObject\",\"inLanguage\":\"fr-FR\",\"@id\":\"https:\\\/\\\/www.vetorino.com\\\/boutique\\\/product\\\/movoflex-m-chien-15-35kg\\\/#primaryimage\",\"url\":\"https:\\\/\\\/www.vetorino.com\\\/boutique\\\/wp-content\\\/uploads\\\/2022\\\/12\\\/movoflex-m-chien-15-35kg.webp\",\"contentUrl\":\"https:\\\/\\\/www.vetorino.com\\\/boutique\\\/wp-content\\\/uploads\\\/2022\\\/12\\\/movoflex-m-chien-15-35kg.webp\",\"width\":800,\"height\":800},{\"@type\":\"BreadcrumbList\",\"@id\":\"https:\\\/\\\/www.vetorino.com\\\/boutique\\\/product\\\/movoflex-m-chien-15-35kg\\\/#breadcrumb\",\"itemListElement\":[{\"@type\":\"ListItem\",\"position\":1,\"name\":\"Accueil\",\"item\":\"https:\\\/\\\/www.vetorino.com\\\/boutique\\\/\"},{\"@type\":\"ListItem\",\"position\":2,\"name\":\"Produits\",\"item\":\"https:\\\/\\\/www.vetorino.com\\\/boutique\\\/\"},{\"@type\":\"ListItem\",\"position\":3,\"name\":\"Movoflex M\"}]},{\"@type\":\"WebSite\",\"@id\":\"https:\\\/\\\/www.vetorino.com\\\/boutique\\\/#website\",\"url\":\"https:\\\/\\\/www.vetorino.com\\\/boutique\\\/\",\"name\":\"V\u00e9torino\",\"description\":\"\",\"publisher\":{\"@id\":\"https:\\\/\\\/www.vetorino.com\\\/boutique\\\/#organization\"},\"potentialAction\":[{\"@type\":\"SearchAction\",\"target\":{\"@type\":\"EntryPoint\",\"urlTemplate\":\"https:\\\/\\\/www.vetorino.com\\\/boutique\\\/?s={search_term_string}\"},\"query-input\":{\"@type\":\"PropertyValueSpecification\",\"valueRequired\":true,\"valueName\":\"search_term_string\"}}],\"inLanguage\":\"fr-FR\"},{\"@type\":\"Organization\",\"@id\":\"https:\\\/\\\/www.vetorino.com\\\/boutique\\\/#organization\",\"name\":\"V\u00e9torino\",\"url\":\"https:\\\/\\\/www.vetorino.com\\\/boutique\\\/\",\"logo\":{\"@type\":\"ImageObject\",\"inLanguage\":\"fr-FR\",\"@id\":\"https:\\\/\\\/www.vetorino.com\\\/boutique\\\/#\\\/schema\\\/logo\\\/image\\\/\",\"url\":\"https:\\\/\\\/www.vetorino.com\\\/boutique\\\/wp-content\\\/uploads\\\/2024\\\/10\\\/logo.jpg\",\"contentUrl\":\"https:\\\/\\\/www.vetorino.com\\\/boutique\\\/wp-content\\\/uploads\\\/2024\\\/10\\\/logo.jpg\",\"width\":1200,\"height\":610,\"caption\":\"V\u00e9torino\"},\"image\":{\"@id\":\"https:\\\/\\\/www.vetorino.com\\\/boutique\\\/#\\\/schema\\\/logo\\\/image\\\/\"},\"sameAs\":[\"https:\\\/\\\/www.facebook.com\\\/Vetorino\\\/\",\"https:\\\/\\\/www.instagram.com\\\/vetorino_off\\\/\",\"https:\\\/\\\/www.linkedin.com\\\/company\\\/vtorino\\\/\"]}]}<\/script>\n<meta property=\"product:brand\" content=\"Virbac\" \/>\n<meta property=\"product:price:amount\" content=\"35.82\" \/>\n<meta property=\"product:price:currency\" content=\"EUR\" \/>\n<meta property=\"og:availability\" content=\"instock\" \/>\n<meta property=\"product:availability\" content=\"instock\" \/>\n<meta property=\"product:retailer_item_id\" content=\"C-MOV002\" \/>\n<meta property=\"product:condition\" content=\"new\" \/>\n<!-- \/ Yoast SEO plugin. -->","yoast_head_json":{"title":"Movoflex M Virbac - V\u00e9torino","description":"Les bouch\u00e9es Movoflex\u00ae permettent de\u00a0soutenir la sant\u00e9 articulaire.  \u00a0Bo\u00eete de 30\u00a0bouch\u00e9es.   Tailles : M (P &lt; 35 kg)","robots":{"index":"index","follow":"follow","max-snippet":"max-snippet:-1","max-image-preview":"max-image-preview:large","max-video-preview":"max-video-preview:-1"},"canonical":"https:\/\/www.vetorino.com\/boutique\/product\/movoflex-m-chien-15-35kg\/","og_locale":"fr_FR","og_type":"article","og_title":"Movoflex M Virbac - V\u00e9torino","og_description":"Les bouch\u00e9es Movoflex\u00ae permettent de\u00a0soutenir la sant\u00e9 articulaire.  \u00a0Bo\u00eete de 30\u00a0bouch\u00e9es.   Tailles : M (P &lt; 35 kg)","og_url":"https:\/\/www.vetorino.com\/boutique\/product\/movoflex-m-chien-15-35kg\/","og_site_name":"V\u00e9torino","article_publisher":"https:\/\/www.facebook.com\/Vetorino\/","article_modified_time":"2026-04-01T15:26:30+00:00","og_image":[{"width":800,"height":800,"url":"https:\/\/www.vetorino.com\/boutique\/wp-content\/uploads\/2022\/12\/movoflex-m-chien-15-35kg.webp","type":"image\/webp"}],"twitter_card":"summary_large_image","twitter_misc":{"Prix":"35,82&euro;","Disponibilit\u00e9":"En stock"},"schema":{"@context":"https:\/\/schema.org","@graph":[{"@type":"WebPage","@id":"https:\/\/www.vetorino.com\/boutique\/product\/movoflex-m-chien-15-35kg\/","url":"https:\/\/www.vetorino.com\/boutique\/product\/movoflex-m-chien-15-35kg\/","name":"Movoflex M Virbac - V\u00e9torino","isPartOf":{"@id":"https:\/\/www.vetorino.com\/boutique\/#website"},"primaryImageOfPage":{"@id":"https:\/\/www.vetorino.com\/boutique\/product\/movoflex-m-chien-15-35kg\/#primaryimage"},"image":{"@id":"https:\/\/www.vetorino.com\/boutique\/product\/movoflex-m-chien-15-35kg\/#primaryimage"},"thumbnailUrl":"https:\/\/www.vetorino.com\/boutique\/wp-content\/uploads\/2022\/12\/movoflex-m-chien-15-35kg.webp","datePublished":"2022-12-08T11:18:07+00:00","dateModified":"2026-04-01T15:26:30+00:00","description":"Les bouch\u00e9es Movoflex\u00ae permettent de\u00a0soutenir la sant\u00e9 articulaire. \u00a0Bo\u00eete de 30\u00a0bouch\u00e9es. Tailles : M (P &lt; 35 kg)","breadcrumb":{"@id":"https:\/\/www.vetorino.com\/boutique\/product\/movoflex-m-chien-15-35kg\/#breadcrumb"},"inLanguage":"fr-FR","potentialAction":[{"@type":"ReadAction","target":["https:\/\/www.vetorino.com\/boutique\/product\/movoflex-m-chien-15-35kg\/"]}]},{"@type":"ImageObject","inLanguage":"fr-FR","@id":"https:\/\/www.vetorino.com\/boutique\/product\/movoflex-m-chien-15-35kg\/#primaryimage","url":"https:\/\/www.vetorino.com\/boutique\/wp-content\/uploads\/2022\/12\/movoflex-m-chien-15-35kg.webp","contentUrl":"https:\/\/www.vetorino.com\/boutique\/wp-content\/uploads\/2022\/12\/movoflex-m-chien-15-35kg.webp","width":800,"height":800},{"@type":"BreadcrumbList","@id":"https:\/\/www.vetorino.com\/boutique\/product\/movoflex-m-chien-15-35kg\/#breadcrumb","itemListElement":[{"@type":"ListItem","position":1,"name":"Accueil","item":"https:\/\/www.vetorino.com\/boutique\/"},{"@type":"ListItem","position":2,"name":"Produits","item":"https:\/\/www.vetorino.com\/boutique\/"},{"@type":"ListItem","position":3,"name":"Movoflex M"}]},{"@type":"WebSite","@id":"https:\/\/www.vetorino.com\/boutique\/#website","url":"https:\/\/www.vetorino.com\/boutique\/","name":"V\u00e9torino","description":"","publisher":{"@id":"https:\/\/www.vetorino.com\/boutique\/#organization"},"potentialAction":[{"@type":"SearchAction","target":{"@type":"EntryPoint","urlTemplate":"https:\/\/www.vetorino.com\/boutique\/?s={search_term_string}"},"query-input":{"@type":"PropertyValueSpecification","valueRequired":true,"valueName":"search_term_string"}}],"inLanguage":"fr-FR"},{"@type":"Organization","@id":"https:\/\/www.vetorino.com\/boutique\/#organization","name":"V\u00e9torino","url":"https:\/\/www.vetorino.com\/boutique\/","logo":{"@type":"ImageObject","inLanguage":"fr-FR","@id":"https:\/\/www.vetorino.com\/boutique\/#\/schema\/logo\/image\/","url":"https:\/\/www.vetorino.com\/boutique\/wp-content\/uploads\/2024\/10\/logo.jpg","contentUrl":"https:\/\/www.vetorino.com\/boutique\/wp-content\/uploads\/2024\/10\/logo.jpg","width":1200,"height":610,"caption":"V\u00e9torino"},"image":{"@id":"https:\/\/www.vetorino.com\/boutique\/#\/schema\/logo\/image\/"},"sameAs":["https:\/\/www.facebook.com\/Vetorino\/","https:\/\/www.instagram.com\/vetorino_off\/","https:\/\/www.linkedin.com\/company\/vtorino\/"]}]},"product_brand":"Virbac","product_price_amount":"35.82","product_price_currency":"EUR","og_availability":"instock","product_availability":"instock","product_retailer_item_id":"C-MOV002","product_condition":"new"},"_links":{"self":[{"href":"https:\/\/www.vetorino.com\/boutique\/wp-json\/wp\/v2\/product\/520665","targetHints":{"allow":["GET"]}}],"collection":[{"href":"https:\/\/www.vetorino.com\/boutique\/wp-json\/wp\/v2\/product"}],"about":[{"href":"https:\/\/www.vetorino.com\/boutique\/wp-json\/wp\/v2\/types\/product"}],"wp:featuredmedia":[{"embeddable":true,"href":"https:\/\/www.vetorino.com\/boutique\/wp-json\/wp\/v2\/media\/1078152"}],"wp:attachment":[{"href":"https:\/\/www.vetorino.com\/boutique\/wp-json\/wp\/v2\/media?parent=520665"}],"wp:term":[{"taxonomy":"product_cat","embeddable":true,"href":"https:\/\/www.vetorino.com\/boutique\/wp-json\/wp\/v2\/product_cat?post=520665"},{"taxonomy":"product_tag","embeddable":true,"href":"https:\/\/www.vetorino.com\/boutique\/wp-json\/wp\/v2\/product_tag?post=520665"}],"curies":[{"name":"wp","href":"https:\/\/api.w.org\/{rel}","templated":true}]}}