{"id":598224,"date":"2023-04-19T15:00:14","date_gmt":"2023-04-19T13:00:14","guid":{"rendered":"https:\/\/www.vetorino.com\/boutique\/?post_type=product&#038;p=598224"},"modified":"2023-04-19T15:46:25","modified_gmt":"2023-04-19T13:46:25","slug":"seringue-3-pieces-emerald","status":"publish","type":"product","link":"https:\/\/www.vetorino.com\/boutique\/product\/seringue-3-pieces-emerald\/","title":{"rendered":"Seringue 3 pi\u00e8ces EMERALD"},"content":{"rendered":"<p><strong>Seringue 3 pi\u00e8ces : corps + piston + joint de piston.<\/strong><br \/>\nEtanch\u00e9it\u00e9 m\u00eame sous fortes pressions.<br \/>\nCorps et piston de la seringue en polypropyl\u00e8ne.<br \/>\nJoint de piston en \u00e9lastom\u00e8re thermoplastique sans latex de couleur verte pour permettre une meilleure visualisation de la graduation.<br \/>\nLubrifiant : huile de silicone.<br \/>\nSans latex, sans DEHP.<\/p>\n<p><strong>Caract\u00e9ristiques environnementales<\/strong>:<br \/>\n&#8211; utilise 30 % de mat\u00e9riaux en moins (par rapport aux seringues classiques), pour un niveau de qualit\u00e9 \u00e9quivalent.<br \/>\n&#8211; est fabriqu\u00e9e \u00e0 base de mat\u00e9riaux non toxiques (sans latex, sans PVC ni DEHP).<br \/>\n&#8211; l&#8217;usine de fabrication utilise 100 % d&#8217;\u00e9lectricit\u00e9 renouvel\u00e9e, a r\u00e9duit sa consommation d&#8217;\u00e9nergie (4,7 millions kWh en moins), d&#8217;eau (33,5 millions de litres en moins) et de d\u00e9chets (73000 kg de d\u00e9chets en moins).<\/p>\n","protected":false},"excerpt":{"rendered":"<p><strong>Seringue 3 pi\u00e8ces : corps + piston + joint de piston.<\/strong><br \/>\nEtanch\u00e9it\u00e9 m\u00eame sous fortes pressions.<br \/>\nCorps et piston de la seringue en polypropyl\u00e8ne.<br \/>\nJoint de piston en \u00e9lastom\u00e8re thermoplastique sans latex de couleur verte pour permettre une meilleure visualisation de la graduation.<br \/>\nLubrifiant : huile de silicone.<br \/>\nSans latex, sans DEHP.<\/p>\n","protected":false},"featured_media":598232,"template":"","meta":[],"product_cat":[12547,12754],"product_tag":[],"class_list":{"0":"post-598224","1":"product","2":"type-product","3":"status-publish","4":"has-post-thumbnail","6":"product_cat-cheval","7":"product_cat-soins-au-quotidien-du-cheval","8":"pa_marque-bd-medical","10":"first","11":"instock","12":"taxable","13":"shipping-taxable","14":"purchasable","15":"product-type-variable"},"yoast_head":"<!-- This site is optimized with the Yoast SEO plugin v27.3 - https:\/\/yoast.com\/product\/yoast-seo-wordpress\/ -->\n<title>Seringue 3 pi\u00e8ces EMERALD BD medical - V\u00e9torino<\/title>\n<meta name=\"description\" content=\"c\/d Multicare Stress est sp\u00e9cialement formul\u00e9e pour favoriser la sant\u00e9 urinaire de votre chat tout en g\u00e9rant le stress.\" \/>\n<meta name=\"robots\" content=\"index, follow, max-snippet:-1, max-image-preview:large, max-video-preview:-1\" \/>\n<link rel=\"canonical\" href=\"https:\/\/www.vetorino.com\/boutique\/product\/seringue-3-pieces-emerald\/\" \/>\n<meta property=\"og:locale\" content=\"fr_FR\" \/>\n<meta property=\"og:type\" content=\"article\" \/>\n<meta property=\"og:title\" content=\"Seringue 3 pi\u00e8ces EMERALD BD medical - V\u00e9torino\" \/>\n<meta property=\"og:description\" content=\"c\/d Multicare Stress est sp\u00e9cialement formul\u00e9e pour favoriser la sant\u00e9 urinaire de votre chat tout en g\u00e9rant le stress.\" \/>\n<meta property=\"og:url\" content=\"https:\/\/www.vetorino.com\/boutique\/product\/seringue-3-pieces-emerald\/\" \/>\n<meta property=\"og:site_name\" content=\"V\u00e9torino\" \/>\n<meta property=\"article:publisher\" content=\"https:\/\/www.facebook.com\/Vetorino\/\" \/>\n<meta property=\"article:modified_time\" content=\"2023-04-19T13:46:25+00:00\" \/>\n<meta property=\"og:image\" content=\"https:\/\/www.vetorino.com\/boutique\/wp-content\/uploads\/2023\/04\/seringues-3-pieces-bd-emerald-steriles-nues-10-ml.jpg\" \/>\n\t<meta property=\"og:image:width\" content=\"540\" \/>\n\t<meta property=\"og:image:height\" content=\"540\" \/>\n\t<meta property=\"og:image:type\" content=\"image\/jpeg\" \/>\n<meta name=\"twitter:card\" content=\"summary_large_image\" \/>\n<meta name=\"twitter:label1\" content=\"Disponibilit\u00e9\" \/>\n\t<meta name=\"twitter:data1\" content=\"En stock\" \/>\n<script type=\"application\/ld+json\" class=\"yoast-schema-graph\">{\"@context\":\"https:\\\/\\\/schema.org\",\"@graph\":[{\"@type\":\"WebPage\",\"@id\":\"https:\\\/\\\/www.vetorino.com\\\/boutique\\\/product\\\/seringue-3-pieces-emerald\\\/\",\"url\":\"https:\\\/\\\/www.vetorino.com\\\/boutique\\\/product\\\/seringue-3-pieces-emerald\\\/\",\"name\":\"Seringue 3 pi\u00e8ces EMERALD BD medical - V\u00e9torino\",\"isPartOf\":{\"@id\":\"https:\\\/\\\/www.vetorino.com\\\/boutique\\\/#website\"},\"primaryImageOfPage\":{\"@id\":\"https:\\\/\\\/www.vetorino.com\\\/boutique\\\/product\\\/seringue-3-pieces-emerald\\\/#primaryimage\"},\"image\":{\"@id\":\"https:\\\/\\\/www.vetorino.com\\\/boutique\\\/product\\\/seringue-3-pieces-emerald\\\/#primaryimage\"},\"thumbnailUrl\":\"https:\\\/\\\/www.vetorino.com\\\/boutique\\\/wp-content\\\/uploads\\\/2023\\\/04\\\/seringues-3-pieces-bd-emerald-steriles-nues-10-ml.jpg\",\"datePublished\":\"2023-04-19T13:00:14+00:00\",\"dateModified\":\"2023-04-19T13:46:25+00:00\",\"description\":\"c\\\/d Multicare Stress est sp\u00e9cialement formul\u00e9e pour favoriser la sant\u00e9 urinaire de votre chat tout en g\u00e9rant le stress.\",\"breadcrumb\":{\"@id\":\"https:\\\/\\\/www.vetorino.com\\\/boutique\\\/product\\\/seringue-3-pieces-emerald\\\/#breadcrumb\"},\"inLanguage\":\"fr-FR\",\"potentialAction\":[{\"@type\":\"ReadAction\",\"target\":[\"https:\\\/\\\/www.vetorino.com\\\/boutique\\\/product\\\/seringue-3-pieces-emerald\\\/\"]}]},{\"@type\":\"ImageObject\",\"inLanguage\":\"fr-FR\",\"@id\":\"https:\\\/\\\/www.vetorino.com\\\/boutique\\\/product\\\/seringue-3-pieces-emerald\\\/#primaryimage\",\"url\":\"https:\\\/\\\/www.vetorino.com\\\/boutique\\\/wp-content\\\/uploads\\\/2023\\\/04\\\/seringues-3-pieces-bd-emerald-steriles-nues-10-ml.jpg\",\"contentUrl\":\"https:\\\/\\\/www.vetorino.com\\\/boutique\\\/wp-content\\\/uploads\\\/2023\\\/04\\\/seringues-3-pieces-bd-emerald-steriles-nues-10-ml.jpg\",\"width\":540,\"height\":540},{\"@type\":\"BreadcrumbList\",\"@id\":\"https:\\\/\\\/www.vetorino.com\\\/boutique\\\/product\\\/seringue-3-pieces-emerald\\\/#breadcrumb\",\"itemListElement\":[{\"@type\":\"ListItem\",\"position\":1,\"name\":\"Accueil\",\"item\":\"https:\\\/\\\/www.vetorino.com\\\/boutique\\\/\"},{\"@type\":\"ListItem\",\"position\":2,\"name\":\"Produits\",\"item\":\"https:\\\/\\\/www.vetorino.com\\\/boutique\\\/\"},{\"@type\":\"ListItem\",\"position\":3,\"name\":\"Seringue 3 pi\u00e8ces EMERALD\"}]},{\"@type\":\"WebSite\",\"@id\":\"https:\\\/\\\/www.vetorino.com\\\/boutique\\\/#website\",\"url\":\"https:\\\/\\\/www.vetorino.com\\\/boutique\\\/\",\"name\":\"V\u00e9torino\",\"description\":\"\",\"publisher\":{\"@id\":\"https:\\\/\\\/www.vetorino.com\\\/boutique\\\/#organization\"},\"potentialAction\":[{\"@type\":\"SearchAction\",\"target\":{\"@type\":\"EntryPoint\",\"urlTemplate\":\"https:\\\/\\\/www.vetorino.com\\\/boutique\\\/?s={search_term_string}\"},\"query-input\":{\"@type\":\"PropertyValueSpecification\",\"valueRequired\":true,\"valueName\":\"search_term_string\"}}],\"inLanguage\":\"fr-FR\"},{\"@type\":\"Organization\",\"@id\":\"https:\\\/\\\/www.vetorino.com\\\/boutique\\\/#organization\",\"name\":\"V\u00e9torino\",\"url\":\"https:\\\/\\\/www.vetorino.com\\\/boutique\\\/\",\"logo\":{\"@type\":\"ImageObject\",\"inLanguage\":\"fr-FR\",\"@id\":\"https:\\\/\\\/www.vetorino.com\\\/boutique\\\/#\\\/schema\\\/logo\\\/image\\\/\",\"url\":\"https:\\\/\\\/www.vetorino.com\\\/boutique\\\/wp-content\\\/uploads\\\/2024\\\/10\\\/logo.jpg\",\"contentUrl\":\"https:\\\/\\\/www.vetorino.com\\\/boutique\\\/wp-content\\\/uploads\\\/2024\\\/10\\\/logo.jpg\",\"width\":1200,\"height\":610,\"caption\":\"V\u00e9torino\"},\"image\":{\"@id\":\"https:\\\/\\\/www.vetorino.com\\\/boutique\\\/#\\\/schema\\\/logo\\\/image\\\/\"},\"sameAs\":[\"https:\\\/\\\/www.facebook.com\\\/Vetorino\\\/\",\"https:\\\/\\\/www.instagram.com\\\/vetorino_off\\\/\",\"https:\\\/\\\/www.linkedin.com\\\/company\\\/vtorino\\\/\"]}]}<\/script>\n<meta property=\"product:brand\" content=\"BD medical\" \/>\n<meta property=\"og:availability\" content=\"instock\" \/>\n<meta property=\"product:availability\" content=\"instock\" \/>\n<meta property=\"product:condition\" content=\"new\" \/>\n<!-- \/ Yoast SEO plugin. -->","yoast_head_json":{"title":"Seringue 3 pi\u00e8ces EMERALD BD medical - V\u00e9torino","description":"c\/d Multicare Stress est sp\u00e9cialement formul\u00e9e pour favoriser la sant\u00e9 urinaire de votre chat tout en g\u00e9rant le stress.","robots":{"index":"index","follow":"follow","max-snippet":"max-snippet:-1","max-image-preview":"max-image-preview:large","max-video-preview":"max-video-preview:-1"},"canonical":"https:\/\/www.vetorino.com\/boutique\/product\/seringue-3-pieces-emerald\/","og_locale":"fr_FR","og_type":"article","og_title":"Seringue 3 pi\u00e8ces EMERALD BD medical - V\u00e9torino","og_description":"c\/d Multicare Stress est sp\u00e9cialement formul\u00e9e pour favoriser la sant\u00e9 urinaire de votre chat tout en g\u00e9rant le stress.","og_url":"https:\/\/www.vetorino.com\/boutique\/product\/seringue-3-pieces-emerald\/","og_site_name":"V\u00e9torino","article_publisher":"https:\/\/www.facebook.com\/Vetorino\/","article_modified_time":"2023-04-19T13:46:25+00:00","og_image":[{"width":540,"height":540,"url":"https:\/\/www.vetorino.com\/boutique\/wp-content\/uploads\/2023\/04\/seringues-3-pieces-bd-emerald-steriles-nues-10-ml.jpg","type":"image\/jpeg"}],"twitter_card":"summary_large_image","twitter_misc":{"Disponibilit\u00e9":"En stock"},"schema":{"@context":"https:\/\/schema.org","@graph":[{"@type":"WebPage","@id":"https:\/\/www.vetorino.com\/boutique\/product\/seringue-3-pieces-emerald\/","url":"https:\/\/www.vetorino.com\/boutique\/product\/seringue-3-pieces-emerald\/","name":"Seringue 3 pi\u00e8ces EMERALD BD medical - V\u00e9torino","isPartOf":{"@id":"https:\/\/www.vetorino.com\/boutique\/#website"},"primaryImageOfPage":{"@id":"https:\/\/www.vetorino.com\/boutique\/product\/seringue-3-pieces-emerald\/#primaryimage"},"image":{"@id":"https:\/\/www.vetorino.com\/boutique\/product\/seringue-3-pieces-emerald\/#primaryimage"},"thumbnailUrl":"https:\/\/www.vetorino.com\/boutique\/wp-content\/uploads\/2023\/04\/seringues-3-pieces-bd-emerald-steriles-nues-10-ml.jpg","datePublished":"2023-04-19T13:00:14+00:00","dateModified":"2023-04-19T13:46:25+00:00","description":"c\/d Multicare Stress est sp\u00e9cialement formul\u00e9e pour favoriser la sant\u00e9 urinaire de votre chat tout en g\u00e9rant le stress.","breadcrumb":{"@id":"https:\/\/www.vetorino.com\/boutique\/product\/seringue-3-pieces-emerald\/#breadcrumb"},"inLanguage":"fr-FR","potentialAction":[{"@type":"ReadAction","target":["https:\/\/www.vetorino.com\/boutique\/product\/seringue-3-pieces-emerald\/"]}]},{"@type":"ImageObject","inLanguage":"fr-FR","@id":"https:\/\/www.vetorino.com\/boutique\/product\/seringue-3-pieces-emerald\/#primaryimage","url":"https:\/\/www.vetorino.com\/boutique\/wp-content\/uploads\/2023\/04\/seringues-3-pieces-bd-emerald-steriles-nues-10-ml.jpg","contentUrl":"https:\/\/www.vetorino.com\/boutique\/wp-content\/uploads\/2023\/04\/seringues-3-pieces-bd-emerald-steriles-nues-10-ml.jpg","width":540,"height":540},{"@type":"BreadcrumbList","@id":"https:\/\/www.vetorino.com\/boutique\/product\/seringue-3-pieces-emerald\/#breadcrumb","itemListElement":[{"@type":"ListItem","position":1,"name":"Accueil","item":"https:\/\/www.vetorino.com\/boutique\/"},{"@type":"ListItem","position":2,"name":"Produits","item":"https:\/\/www.vetorino.com\/boutique\/"},{"@type":"ListItem","position":3,"name":"Seringue 3 pi\u00e8ces EMERALD"}]},{"@type":"WebSite","@id":"https:\/\/www.vetorino.com\/boutique\/#website","url":"https:\/\/www.vetorino.com\/boutique\/","name":"V\u00e9torino","description":"","publisher":{"@id":"https:\/\/www.vetorino.com\/boutique\/#organization"},"potentialAction":[{"@type":"SearchAction","target":{"@type":"EntryPoint","urlTemplate":"https:\/\/www.vetorino.com\/boutique\/?s={search_term_string}"},"query-input":{"@type":"PropertyValueSpecification","valueRequired":true,"valueName":"search_term_string"}}],"inLanguage":"fr-FR"},{"@type":"Organization","@id":"https:\/\/www.vetorino.com\/boutique\/#organization","name":"V\u00e9torino","url":"https:\/\/www.vetorino.com\/boutique\/","logo":{"@type":"ImageObject","inLanguage":"fr-FR","@id":"https:\/\/www.vetorino.com\/boutique\/#\/schema\/logo\/image\/","url":"https:\/\/www.vetorino.com\/boutique\/wp-content\/uploads\/2024\/10\/logo.jpg","contentUrl":"https:\/\/www.vetorino.com\/boutique\/wp-content\/uploads\/2024\/10\/logo.jpg","width":1200,"height":610,"caption":"V\u00e9torino"},"image":{"@id":"https:\/\/www.vetorino.com\/boutique\/#\/schema\/logo\/image\/"},"sameAs":["https:\/\/www.facebook.com\/Vetorino\/","https:\/\/www.instagram.com\/vetorino_off\/","https:\/\/www.linkedin.com\/company\/vtorino\/"]}]},"product_brand":"BD medical","og_availability":"instock","product_availability":"instock","product_condition":"new"},"_links":{"self":[{"href":"https:\/\/www.vetorino.com\/boutique\/wp-json\/wp\/v2\/product\/598224","targetHints":{"allow":["GET"]}}],"collection":[{"href":"https:\/\/www.vetorino.com\/boutique\/wp-json\/wp\/v2\/product"}],"about":[{"href":"https:\/\/www.vetorino.com\/boutique\/wp-json\/wp\/v2\/types\/product"}],"wp:featuredmedia":[{"embeddable":true,"href":"https:\/\/www.vetorino.com\/boutique\/wp-json\/wp\/v2\/media\/598232"}],"wp:attachment":[{"href":"https:\/\/www.vetorino.com\/boutique\/wp-json\/wp\/v2\/media?parent=598224"}],"wp:term":[{"taxonomy":"product_cat","embeddable":true,"href":"https:\/\/www.vetorino.com\/boutique\/wp-json\/wp\/v2\/product_cat?post=598224"},{"taxonomy":"product_tag","embeddable":true,"href":"https:\/\/www.vetorino.com\/boutique\/wp-json\/wp\/v2\/product_tag?post=598224"}],"curies":[{"name":"wp","href":"https:\/\/api.w.org\/{rel}","templated":true}]}}