{"id":601273,"date":"2023-04-24T17:03:40","date_gmt":"2023-04-24T15:03:40","guid":{"rendered":"https:\/\/www.vetorino.com\/boutique\/?post_type=product&#038;p=601273"},"modified":"2023-04-25T10:36:13","modified_gmt":"2023-04-25T08:36:13","slug":"medical-pet-shirt-chat","status":"publish","type":"product","link":"https:\/\/www.vetorino.com\/boutique\/product\/medical-pet-shirt-chat\/","title":{"rendered":"Medical Pet Shirt Chat"},"content":{"rendered":"<h2>Comment enfiler le Medical Pet Shirt \u00e0 mon Chat ?<\/h2>\n<p>Le Medical Pet Shirt pour chat poss\u00e8de une ouverture plus \u00e9troite pour le cou et une ouverture plus large sous la queue (permet au chat d&#8217;aller dans la liti\u00e8re sans devoir ouvrir le gilet). Le gilet est confortable, hygi\u00e9nique et lavable \u00e0 30\u00baC. Pour les chats (pattes courtes), faites d\u2019abord passer la t\u00eate, puis les pattes avant l\u2019une apr\u00e8s l\u2019autre dans les trous du Medical Pet Shirt pr\u00e9vus \u00e0 cet effet. Ensuite, tirez le Medical Pet Shirt le long du torse de votre chat vers l\u2019arri\u00e8re, aussi loin que possible. Les deux extr\u00e9mit\u00e9s de la partie ventrale s&#8217;attachent entre les pattes arri\u00e8re \u00e0 l\u2019aide des boutons-pression situ\u00e9s sous le tissu de la partie dorsale. Veillez \u00e0 ce qu&#8217;il y ait suffisamment de jeu pour le mouvement de la queue.<\/p>\n<h2>Applications<\/h2>\n<p>L&#8217;utilisation du Medical Pet Shirt est id\u00e9ale apr\u00e8s une op\u00e9ration (st\u00e9rilisation) et en cas d&#8217;incontinence. Il permet de r\u00e9duire le stress, l\u2019anxi\u00e9t\u00e9 et l\u2019ins\u00e9curit\u00e9 apr\u00e8s une op\u00e9ration par rapport \u00e0 une collerette qui bloque souvent le champ visuel du chat. Le chat peut difficilement atteindre la plaie. Comme le Medical Pet Shirt n\u2019est pas serr\u00e9 autour du ventre, la plaie est suffisamment a\u00e9r\u00e9e. La plaie peut ainsi rester s\u00e8che. Le gilet est bleu clair sur la face int\u00e9rieure de la partie ventrale, ce qui permet de contr\u00f4ler le suintement de la plaie. En cas de suintement abondant de la plaie, il est possible de placer une protection hygi\u00e9nique sur la face int\u00e9rieure du gilet ou dans la doublure au niveau du ventre. Une anesth\u00e9sie fait baisser la temp\u00e9rature corporelle du chat. Le chien est \u00e9galement souvent ras\u00e9 avant une op\u00e9ration. Le Medical Pet Shirt maintient la temp\u00e9rature du chat apr\u00e8s l\u2019op\u00e9ration. Il constitue un accessoire et non un traitement. En cas d&#8217;affection cutan\u00e9e, le chat doit \u00eatre trait\u00e9 avec un produit adapt\u00e9. Le Medical Pet Shirt peut ensuite \u00eatre utilis\u00e9 pour une meilleure protection.<\/p>\n<h2>Quelle taille et quelle couleur conviennent \u00e0 votre chat\u00a0?<\/h2>\n<p>En mesurant votre animal du collier \u00e0 la queue, vous aurez une bonne id\u00e9e de la taille ad\u00e9quate. En cas de doute, pr\u00e9f\u00e9rez une taille plus petite \u00e0 une taille trop grande. Si votre chat est incontinent, nous vous conseillons de choisir la variante\u00a0bleue, car les gilets pour chat rouges ont une ouverture pour permettre aux chats d&#8217;uriner.<\/p>\n<p>Le\u00a0<strong>gilet rouge<\/strong>\u00a0est con\u00e7u sp\u00e9cialement pour les chats et existe dans les tailles XXXXS \u00e0 S. Le gilet rouge est destin\u00e9 aux chats qui ont subi une op\u00e9ration. La large ouverture du gilet sous la queue permet au chat d&#8217;aller dans sa liti\u00e8re en gardant le gilet ferm\u00e9.<\/p>\n<p>La taille adapt\u00e9e \u00e0 mon chat\u00a0\u00a0\u00a0S rouge43 &#8211; 51 cm23 &#8211; 34 cmGrand chat<\/p>\n<table class=\"gridtable\">\n<tbody>\n<tr>\n<td><strong>Taille du Medical Pet Shirt<\/strong><\/td>\n<td><strong>Longueur du cou \u00e0 la queue<\/strong><\/td>\n<td><strong>Tour de cou de &#8211; \u00e0*<\/strong><\/td>\n<td><strong>Indication de la taille du chat<\/strong><\/td>\n<\/tr>\n<tr>\n<td>XXXXS rouge<\/td>\n<td>25 &#8211; 32 cm<\/td>\n<td>14 &#8211; 20 cm<\/td>\n<td>Tr\u00e8s jeune chaton<\/td>\n<\/tr>\n<tr>\n<td>XXXS rouge<\/td>\n<td>29 &#8211; 37 cm<\/td>\n<td>17 &#8211; 26 cm<\/td>\n<td>Chaton<\/td>\n<\/tr>\n<tr>\n<td>XXS rouge<\/td>\n<td>33 &#8211; 42 cm<\/td>\n<td>18 &#8211; 28 cm<\/td>\n<td>Jeune chat (chaton plus grand)<\/td>\n<\/tr>\n<tr>\n<td>XS rouge<\/td>\n<td>40 &#8211; 45 cm<\/td>\n<td>20 &#8211; 30 cm<\/td>\n<td>Chat normal<\/td>\n<\/tr>\n<\/tbody>\n<\/table>\n<p><em>*Les mesures ne comprennent pas les \u00e9ventuels \u00e9carts de 10 % dus au textile.<\/em><\/p>\n<p>Le\u00a0<strong>gilet bleu<\/strong>\u00a0est pr\u00e9vu en r\u00e9alit\u00e9 pour les chiens, mais il convient aussi aux chats. Vous devez commander ce gilet pour votre chat uniquement si celui-ci est\u00a0<strong>incontinent<\/strong> et que vous souhaitez ajouter une protection dans le gilet. Par cons\u00e9quent, votre chat ne peut pas aller dans la liti\u00e8re en portant ce gilet bleu.<\/p>\n","protected":false},"excerpt":{"rendered":"<p>Le Medical Pet Shirt offre une protection optimale apr\u00e8s une intervention chirurgicale ou en cas d&#8217;affections dermatologiques, c&#8217;est une alternative a la collerette.<\/p>\n","protected":false},"featured_media":601283,"template":"","meta":[],"product_cat":[12548,2759,2697],"product_tag":[],"class_list":{"0":"post-601273","1":"product","2":"type-product","3":"status-publish","4":"has-post-thumbnail","6":"product_cat-accessoire-du-chat","7":"product_cat-anti-stress-et-anxiete-pour-chat","8":"product_cat-chat","9":"pa_marque-mps","11":"first","12":"instock","13":"taxable","14":"shipping-taxable","15":"purchasable","16":"product-type-variable"},"yoast_head":"<!-- This site is optimized with the Yoast SEO plugin v27.3 - https:\/\/yoast.com\/product\/yoast-seo-wordpress\/ -->\n<title>Medical Pet Shirt Chat MPS - V\u00e9torino<\/title>\n<meta name=\"description\" content=\"Le Medical Pet Shirt offre une protection optimale apr\u00e8s une intervention chirurgicale ou en cas d&#039;affections dermatologiques, c&#039;est une alternative a la collerette.\" \/>\n<meta name=\"robots\" content=\"index, follow, max-snippet:-1, max-image-preview:large, max-video-preview:-1\" \/>\n<link rel=\"canonical\" href=\"https:\/\/www.vetorino.com\/boutique\/product\/medical-pet-shirt-chat\/\" \/>\n<meta property=\"og:locale\" content=\"fr_FR\" \/>\n<meta property=\"og:type\" content=\"article\" \/>\n<meta property=\"og:title\" content=\"Medical Pet Shirt Chat MPS - V\u00e9torino\" \/>\n<meta property=\"og:description\" content=\"Le Medical Pet Shirt offre une protection optimale apr\u00e8s une intervention chirurgicale ou en cas d&#039;affections dermatologiques, c&#039;est une alternative a la collerette.\" \/>\n<meta property=\"og:url\" content=\"https:\/\/www.vetorino.com\/boutique\/product\/medical-pet-shirt-chat\/\" \/>\n<meta property=\"og:site_name\" content=\"V\u00e9torino\" \/>\n<meta property=\"article:publisher\" content=\"https:\/\/www.facebook.com\/Vetorino\/\" \/>\n<meta property=\"article:modified_time\" content=\"2023-04-25T08:36:13+00:00\" \/>\n<meta property=\"og:image\" content=\"https:\/\/www.vetorino.com\/boutique\/wp-content\/uploads\/2023\/04\/71oopuW0iL._AC_SX679_.jpg\" \/>\n\t<meta property=\"og:image:width\" content=\"679\" \/>\n\t<meta property=\"og:image:height\" content=\"500\" \/>\n\t<meta property=\"og:image:type\" content=\"image\/jpeg\" \/>\n<meta name=\"twitter:card\" content=\"summary_large_image\" \/>\n<meta name=\"twitter:label1\" content=\"Disponibilit\u00e9\" \/>\n\t<meta name=\"twitter:data1\" content=\"En stock\" \/>\n<script type=\"application\/ld+json\" class=\"yoast-schema-graph\">{\"@context\":\"https:\\\/\\\/schema.org\",\"@graph\":[{\"@type\":\"WebPage\",\"@id\":\"https:\\\/\\\/www.vetorino.com\\\/boutique\\\/product\\\/medical-pet-shirt-chat\\\/\",\"url\":\"https:\\\/\\\/www.vetorino.com\\\/boutique\\\/product\\\/medical-pet-shirt-chat\\\/\",\"name\":\"Medical Pet Shirt Chat MPS - V\u00e9torino\",\"isPartOf\":{\"@id\":\"https:\\\/\\\/www.vetorino.com\\\/boutique\\\/#website\"},\"primaryImageOfPage\":{\"@id\":\"https:\\\/\\\/www.vetorino.com\\\/boutique\\\/product\\\/medical-pet-shirt-chat\\\/#primaryimage\"},\"image\":{\"@id\":\"https:\\\/\\\/www.vetorino.com\\\/boutique\\\/product\\\/medical-pet-shirt-chat\\\/#primaryimage\"},\"thumbnailUrl\":\"https:\\\/\\\/www.vetorino.com\\\/boutique\\\/wp-content\\\/uploads\\\/2023\\\/04\\\/71oopuW0iL._AC_SX679_.jpg\",\"datePublished\":\"2023-04-24T15:03:40+00:00\",\"dateModified\":\"2023-04-25T08:36:13+00:00\",\"description\":\"Le Medical Pet Shirt offre une protection optimale apr\u00e8s une intervention chirurgicale ou en cas d'affections dermatologiques, c'est une alternative a la collerette.\",\"breadcrumb\":{\"@id\":\"https:\\\/\\\/www.vetorino.com\\\/boutique\\\/product\\\/medical-pet-shirt-chat\\\/#breadcrumb\"},\"inLanguage\":\"fr-FR\",\"potentialAction\":[{\"@type\":\"ReadAction\",\"target\":[\"https:\\\/\\\/www.vetorino.com\\\/boutique\\\/product\\\/medical-pet-shirt-chat\\\/\"]}]},{\"@type\":\"ImageObject\",\"inLanguage\":\"fr-FR\",\"@id\":\"https:\\\/\\\/www.vetorino.com\\\/boutique\\\/product\\\/medical-pet-shirt-chat\\\/#primaryimage\",\"url\":\"https:\\\/\\\/www.vetorino.com\\\/boutique\\\/wp-content\\\/uploads\\\/2023\\\/04\\\/71oopuW0iL._AC_SX679_.jpg\",\"contentUrl\":\"https:\\\/\\\/www.vetorino.com\\\/boutique\\\/wp-content\\\/uploads\\\/2023\\\/04\\\/71oopuW0iL._AC_SX679_.jpg\",\"width\":679,\"height\":500},{\"@type\":\"BreadcrumbList\",\"@id\":\"https:\\\/\\\/www.vetorino.com\\\/boutique\\\/product\\\/medical-pet-shirt-chat\\\/#breadcrumb\",\"itemListElement\":[{\"@type\":\"ListItem\",\"position\":1,\"name\":\"Accueil\",\"item\":\"https:\\\/\\\/www.vetorino.com\\\/boutique\\\/\"},{\"@type\":\"ListItem\",\"position\":2,\"name\":\"Produits\",\"item\":\"https:\\\/\\\/www.vetorino.com\\\/boutique\\\/\"},{\"@type\":\"ListItem\",\"position\":3,\"name\":\"Medical Pet Shirt Chat\"}]},{\"@type\":\"WebSite\",\"@id\":\"https:\\\/\\\/www.vetorino.com\\\/boutique\\\/#website\",\"url\":\"https:\\\/\\\/www.vetorino.com\\\/boutique\\\/\",\"name\":\"V\u00e9torino\",\"description\":\"\",\"publisher\":{\"@id\":\"https:\\\/\\\/www.vetorino.com\\\/boutique\\\/#organization\"},\"potentialAction\":[{\"@type\":\"SearchAction\",\"target\":{\"@type\":\"EntryPoint\",\"urlTemplate\":\"https:\\\/\\\/www.vetorino.com\\\/boutique\\\/?s={search_term_string}\"},\"query-input\":{\"@type\":\"PropertyValueSpecification\",\"valueRequired\":true,\"valueName\":\"search_term_string\"}}],\"inLanguage\":\"fr-FR\"},{\"@type\":\"Organization\",\"@id\":\"https:\\\/\\\/www.vetorino.com\\\/boutique\\\/#organization\",\"name\":\"V\u00e9torino\",\"url\":\"https:\\\/\\\/www.vetorino.com\\\/boutique\\\/\",\"logo\":{\"@type\":\"ImageObject\",\"inLanguage\":\"fr-FR\",\"@id\":\"https:\\\/\\\/www.vetorino.com\\\/boutique\\\/#\\\/schema\\\/logo\\\/image\\\/\",\"url\":\"https:\\\/\\\/www.vetorino.com\\\/boutique\\\/wp-content\\\/uploads\\\/2024\\\/10\\\/logo.jpg\",\"contentUrl\":\"https:\\\/\\\/www.vetorino.com\\\/boutique\\\/wp-content\\\/uploads\\\/2024\\\/10\\\/logo.jpg\",\"width\":1200,\"height\":610,\"caption\":\"V\u00e9torino\"},\"image\":{\"@id\":\"https:\\\/\\\/www.vetorino.com\\\/boutique\\\/#\\\/schema\\\/logo\\\/image\\\/\"},\"sameAs\":[\"https:\\\/\\\/www.facebook.com\\\/Vetorino\\\/\",\"https:\\\/\\\/www.instagram.com\\\/vetorino_off\\\/\",\"https:\\\/\\\/www.linkedin.com\\\/company\\\/vtorino\\\/\"]}]}<\/script>\n<meta property=\"product:brand\" content=\"MPS\" \/>\n<meta property=\"og:availability\" content=\"instock\" \/>\n<meta property=\"product:availability\" content=\"instock\" \/>\n<meta property=\"product:condition\" content=\"new\" \/>\n<!-- \/ Yoast SEO plugin. -->","yoast_head_json":{"title":"Medical Pet Shirt Chat MPS - V\u00e9torino","description":"Le Medical Pet Shirt offre une protection optimale apr\u00e8s une intervention chirurgicale ou en cas d'affections dermatologiques, c'est une alternative a la collerette.","robots":{"index":"index","follow":"follow","max-snippet":"max-snippet:-1","max-image-preview":"max-image-preview:large","max-video-preview":"max-video-preview:-1"},"canonical":"https:\/\/www.vetorino.com\/boutique\/product\/medical-pet-shirt-chat\/","og_locale":"fr_FR","og_type":"article","og_title":"Medical Pet Shirt Chat MPS - V\u00e9torino","og_description":"Le Medical Pet Shirt offre une protection optimale apr\u00e8s une intervention chirurgicale ou en cas d'affections dermatologiques, c'est une alternative a la collerette.","og_url":"https:\/\/www.vetorino.com\/boutique\/product\/medical-pet-shirt-chat\/","og_site_name":"V\u00e9torino","article_publisher":"https:\/\/www.facebook.com\/Vetorino\/","article_modified_time":"2023-04-25T08:36:13+00:00","og_image":[{"width":679,"height":500,"url":"https:\/\/www.vetorino.com\/boutique\/wp-content\/uploads\/2023\/04\/71oopuW0iL._AC_SX679_.jpg","type":"image\/jpeg"}],"twitter_card":"summary_large_image","twitter_misc":{"Disponibilit\u00e9":"En stock"},"schema":{"@context":"https:\/\/schema.org","@graph":[{"@type":"WebPage","@id":"https:\/\/www.vetorino.com\/boutique\/product\/medical-pet-shirt-chat\/","url":"https:\/\/www.vetorino.com\/boutique\/product\/medical-pet-shirt-chat\/","name":"Medical Pet Shirt Chat MPS - V\u00e9torino","isPartOf":{"@id":"https:\/\/www.vetorino.com\/boutique\/#website"},"primaryImageOfPage":{"@id":"https:\/\/www.vetorino.com\/boutique\/product\/medical-pet-shirt-chat\/#primaryimage"},"image":{"@id":"https:\/\/www.vetorino.com\/boutique\/product\/medical-pet-shirt-chat\/#primaryimage"},"thumbnailUrl":"https:\/\/www.vetorino.com\/boutique\/wp-content\/uploads\/2023\/04\/71oopuW0iL._AC_SX679_.jpg","datePublished":"2023-04-24T15:03:40+00:00","dateModified":"2023-04-25T08:36:13+00:00","description":"Le Medical Pet Shirt offre une protection optimale apr\u00e8s une intervention chirurgicale ou en cas d'affections dermatologiques, c'est une alternative a la collerette.","breadcrumb":{"@id":"https:\/\/www.vetorino.com\/boutique\/product\/medical-pet-shirt-chat\/#breadcrumb"},"inLanguage":"fr-FR","potentialAction":[{"@type":"ReadAction","target":["https:\/\/www.vetorino.com\/boutique\/product\/medical-pet-shirt-chat\/"]}]},{"@type":"ImageObject","inLanguage":"fr-FR","@id":"https:\/\/www.vetorino.com\/boutique\/product\/medical-pet-shirt-chat\/#primaryimage","url":"https:\/\/www.vetorino.com\/boutique\/wp-content\/uploads\/2023\/04\/71oopuW0iL._AC_SX679_.jpg","contentUrl":"https:\/\/www.vetorino.com\/boutique\/wp-content\/uploads\/2023\/04\/71oopuW0iL._AC_SX679_.jpg","width":679,"height":500},{"@type":"BreadcrumbList","@id":"https:\/\/www.vetorino.com\/boutique\/product\/medical-pet-shirt-chat\/#breadcrumb","itemListElement":[{"@type":"ListItem","position":1,"name":"Accueil","item":"https:\/\/www.vetorino.com\/boutique\/"},{"@type":"ListItem","position":2,"name":"Produits","item":"https:\/\/www.vetorino.com\/boutique\/"},{"@type":"ListItem","position":3,"name":"Medical Pet Shirt Chat"}]},{"@type":"WebSite","@id":"https:\/\/www.vetorino.com\/boutique\/#website","url":"https:\/\/www.vetorino.com\/boutique\/","name":"V\u00e9torino","description":"","publisher":{"@id":"https:\/\/www.vetorino.com\/boutique\/#organization"},"potentialAction":[{"@type":"SearchAction","target":{"@type":"EntryPoint","urlTemplate":"https:\/\/www.vetorino.com\/boutique\/?s={search_term_string}"},"query-input":{"@type":"PropertyValueSpecification","valueRequired":true,"valueName":"search_term_string"}}],"inLanguage":"fr-FR"},{"@type":"Organization","@id":"https:\/\/www.vetorino.com\/boutique\/#organization","name":"V\u00e9torino","url":"https:\/\/www.vetorino.com\/boutique\/","logo":{"@type":"ImageObject","inLanguage":"fr-FR","@id":"https:\/\/www.vetorino.com\/boutique\/#\/schema\/logo\/image\/","url":"https:\/\/www.vetorino.com\/boutique\/wp-content\/uploads\/2024\/10\/logo.jpg","contentUrl":"https:\/\/www.vetorino.com\/boutique\/wp-content\/uploads\/2024\/10\/logo.jpg","width":1200,"height":610,"caption":"V\u00e9torino"},"image":{"@id":"https:\/\/www.vetorino.com\/boutique\/#\/schema\/logo\/image\/"},"sameAs":["https:\/\/www.facebook.com\/Vetorino\/","https:\/\/www.instagram.com\/vetorino_off\/","https:\/\/www.linkedin.com\/company\/vtorino\/"]}]},"product_brand":"MPS","og_availability":"instock","product_availability":"instock","product_condition":"new"},"_links":{"self":[{"href":"https:\/\/www.vetorino.com\/boutique\/wp-json\/wp\/v2\/product\/601273","targetHints":{"allow":["GET"]}}],"collection":[{"href":"https:\/\/www.vetorino.com\/boutique\/wp-json\/wp\/v2\/product"}],"about":[{"href":"https:\/\/www.vetorino.com\/boutique\/wp-json\/wp\/v2\/types\/product"}],"wp:featuredmedia":[{"embeddable":true,"href":"https:\/\/www.vetorino.com\/boutique\/wp-json\/wp\/v2\/media\/601283"}],"wp:attachment":[{"href":"https:\/\/www.vetorino.com\/boutique\/wp-json\/wp\/v2\/media?parent=601273"}],"wp:term":[{"taxonomy":"product_cat","embeddable":true,"href":"https:\/\/www.vetorino.com\/boutique\/wp-json\/wp\/v2\/product_cat?post=601273"},{"taxonomy":"product_tag","embeddable":true,"href":"https:\/\/www.vetorino.com\/boutique\/wp-json\/wp\/v2\/product_tag?post=601273"}],"curies":[{"name":"wp","href":"https:\/\/api.w.org\/{rel}","templated":true}]}}