{"id":602972,"date":"2023-04-26T15:28:12","date_gmt":"2023-04-26T13:28:12","guid":{"rendered":"https:\/\/www.vetorino.com\/boutique\/?post_type=product&#038;p=602972"},"modified":"2023-04-26T15:53:18","modified_gmt":"2023-04-26T13:53:18","slug":"laisse-corde-nylon","status":"publish","type":"product","link":"https:\/\/www.vetorino.com\/boutique\/product\/laisse-corde-nylon\/","title":{"rendered":"Laisse corde nylon"},"content":{"rendered":"<p>La\u00a0<strong>laisse corde en nylon<\/strong>\u00a0est l&#8217;accessoire parfait pour les promenade de votre chien.<\/p>\n<p>Elle est disponible en plusieurs longueurs pour apporter un maximum de libert\u00e9 \u00e0 votre chien et son mat\u00e9riau en nylon r\u00e9siste durablement. Elle ne craint pas l&#8217;eau et son coloris noir avec une touche de couleur fluo la rend neutre mais visible.<\/p>\n<p><strong>Caract\u00e9ristiques :<\/strong><br \/>\n&#8211; Convient \u00e0 tous les chiens<br \/>\n&#8211; En corde nylon<br \/>\n&#8211; Laisse de grande qualit\u00e9<br \/>\n&#8211; Ultrar\u00e9sistante<br \/>\n&#8211; Id\u00e9ale pour les longues promenades<br \/>\n&#8211; Diff\u00e9rentes longueurs : 1.20m, 2m, 3m et 6m<br \/>\n&#8211; Coloris noir avec marques fluos<\/p>\n","protected":false},"excerpt":{"rendered":"<p>Cette laisse pour chien en nylon est tr\u00e8s pratique tout en \u00e9tant tr\u00e8s solide !<\/p>\n<ul>\n<li>Laisse en nylon r\u00e9sistant<\/li>\n<li>Mati\u00e8re facile d&#8217;entretien et lavable en machine<\/li>\n<li>Boucle d&#8217;attache en m\u00e9tal solide<\/li>\n<\/ul>\n<p>Coloris : noir, rouge ou rose<\/p>\n<p>Dimensions : 1.2 m, 3 m ou 6 m<\/p>\n<p>Mati\u00e8re : nylon<\/p>\n<p>&nbsp;<\/p>\n","protected":false},"featured_media":602994,"template":"","meta":[],"product_cat":[12550,2698,2777],"product_tag":[],"class_list":{"0":"post-602972","1":"product","2":"type-product","3":"status-publish","4":"has-post-thumbnail","6":"product_cat-accessoires-du-chien","7":"product_cat-chien","8":"product_cat-colliers-laisses-et-harnais-pour-chien","9":"pa_marque-zolux","11":"first","12":"instock","13":"taxable","14":"shipping-taxable","15":"purchasable","16":"product-type-variable"},"yoast_head":"<!-- This site is optimized with the Yoast SEO plugin v27.3 - https:\/\/yoast.com\/product\/yoast-seo-wordpress\/ -->\n<title>Laisse corde nylon Zolux - V\u00e9torino<\/title>\n<meta name=\"description\" content=\"Cette laisse pour chien en nylon est tr\u00e8s pratique tout en \u00e9tant tr\u00e8s solide !   Laisse en nylon r\u00e9sistant  Mati\u00e8re facile d&#039;entretien et lavable en machine  Boucle d&#039;attache en m\u00e9tal solide  Coloris : noir, rouge ou rose  Dimensions : 1.2 m, 3 m ou 6 m  Mati\u00e8re : nylon  &nbsp;\" \/>\n<meta name=\"robots\" content=\"index, follow, max-snippet:-1, max-image-preview:large, max-video-preview:-1\" \/>\n<link rel=\"canonical\" href=\"https:\/\/www.vetorino.com\/boutique\/product\/laisse-corde-nylon\/\" \/>\n<meta property=\"og:locale\" content=\"fr_FR\" \/>\n<meta property=\"og:type\" content=\"article\" \/>\n<meta property=\"og:title\" content=\"Laisse corde nylon Zolux - V\u00e9torino\" \/>\n<meta property=\"og:description\" content=\"Cette laisse pour chien en nylon est tr\u00e8s pratique tout en \u00e9tant tr\u00e8s solide !   Laisse en nylon r\u00e9sistant  Mati\u00e8re facile d&#039;entretien et lavable en machine  Boucle d&#039;attache en m\u00e9tal solide  Coloris : noir, rouge ou rose  Dimensions : 1.2 m, 3 m ou 6 m  Mati\u00e8re : nylon  &nbsp;\" \/>\n<meta property=\"og:url\" content=\"https:\/\/www.vetorino.com\/boutique\/product\/laisse-corde-nylon\/\" \/>\n<meta property=\"og:site_name\" content=\"V\u00e9torino\" \/>\n<meta property=\"article:publisher\" content=\"https:\/\/www.facebook.com\/Vetorino\/\" \/>\n<meta property=\"article:modified_time\" content=\"2023-04-26T13:53:18+00:00\" \/>\n<meta property=\"og:image\" content=\"https:\/\/www.vetorino.com\/boutique\/wp-content\/uploads\/2023\/04\/laisse-corde-nylon-zolux.jpg\" \/>\n\t<meta property=\"og:image:width\" content=\"500\" \/>\n\t<meta property=\"og:image:height\" content=\"500\" \/>\n\t<meta property=\"og:image:type\" content=\"image\/jpeg\" \/>\n<meta name=\"twitter:card\" content=\"summary_large_image\" \/>\n<meta name=\"twitter:label1\" content=\"Disponibilit\u00e9\" \/>\n\t<meta name=\"twitter:data1\" content=\"En stock\" \/>\n<script type=\"application\/ld+json\" class=\"yoast-schema-graph\">{\"@context\":\"https:\\\/\\\/schema.org\",\"@graph\":[{\"@type\":\"WebPage\",\"@id\":\"https:\\\/\\\/www.vetorino.com\\\/boutique\\\/product\\\/laisse-corde-nylon\\\/\",\"url\":\"https:\\\/\\\/www.vetorino.com\\\/boutique\\\/product\\\/laisse-corde-nylon\\\/\",\"name\":\"Laisse corde nylon Zolux - V\u00e9torino\",\"isPartOf\":{\"@id\":\"https:\\\/\\\/www.vetorino.com\\\/boutique\\\/#website\"},\"primaryImageOfPage\":{\"@id\":\"https:\\\/\\\/www.vetorino.com\\\/boutique\\\/product\\\/laisse-corde-nylon\\\/#primaryimage\"},\"image\":{\"@id\":\"https:\\\/\\\/www.vetorino.com\\\/boutique\\\/product\\\/laisse-corde-nylon\\\/#primaryimage\"},\"thumbnailUrl\":\"https:\\\/\\\/www.vetorino.com\\\/boutique\\\/wp-content\\\/uploads\\\/2023\\\/04\\\/laisse-corde-nylon-zolux.jpg\",\"datePublished\":\"2023-04-26T13:28:12+00:00\",\"dateModified\":\"2023-04-26T13:53:18+00:00\",\"description\":\"Cette laisse pour chien en nylon est tr\u00e8s pratique tout en \u00e9tant tr\u00e8s solide ! Laisse en nylon r\u00e9sistant Mati\u00e8re facile d'entretien et lavable en machine Boucle d'attache en m\u00e9tal solide Coloris : noir, rouge ou rose Dimensions : 1.2 m, 3 m ou 6 m Mati\u00e8re : nylon &nbsp;\",\"breadcrumb\":{\"@id\":\"https:\\\/\\\/www.vetorino.com\\\/boutique\\\/product\\\/laisse-corde-nylon\\\/#breadcrumb\"},\"inLanguage\":\"fr-FR\",\"potentialAction\":[{\"@type\":\"ReadAction\",\"target\":[\"https:\\\/\\\/www.vetorino.com\\\/boutique\\\/product\\\/laisse-corde-nylon\\\/\"]}]},{\"@type\":\"ImageObject\",\"inLanguage\":\"fr-FR\",\"@id\":\"https:\\\/\\\/www.vetorino.com\\\/boutique\\\/product\\\/laisse-corde-nylon\\\/#primaryimage\",\"url\":\"https:\\\/\\\/www.vetorino.com\\\/boutique\\\/wp-content\\\/uploads\\\/2023\\\/04\\\/laisse-corde-nylon-zolux.jpg\",\"contentUrl\":\"https:\\\/\\\/www.vetorino.com\\\/boutique\\\/wp-content\\\/uploads\\\/2023\\\/04\\\/laisse-corde-nylon-zolux.jpg\",\"width\":500,\"height\":500},{\"@type\":\"BreadcrumbList\",\"@id\":\"https:\\\/\\\/www.vetorino.com\\\/boutique\\\/product\\\/laisse-corde-nylon\\\/#breadcrumb\",\"itemListElement\":[{\"@type\":\"ListItem\",\"position\":1,\"name\":\"Accueil\",\"item\":\"https:\\\/\\\/www.vetorino.com\\\/boutique\\\/\"},{\"@type\":\"ListItem\",\"position\":2,\"name\":\"Produits\",\"item\":\"https:\\\/\\\/www.vetorino.com\\\/boutique\\\/\"},{\"@type\":\"ListItem\",\"position\":3,\"name\":\"Laisse corde nylon\"}]},{\"@type\":\"WebSite\",\"@id\":\"https:\\\/\\\/www.vetorino.com\\\/boutique\\\/#website\",\"url\":\"https:\\\/\\\/www.vetorino.com\\\/boutique\\\/\",\"name\":\"V\u00e9torino\",\"description\":\"\",\"publisher\":{\"@id\":\"https:\\\/\\\/www.vetorino.com\\\/boutique\\\/#organization\"},\"potentialAction\":[{\"@type\":\"SearchAction\",\"target\":{\"@type\":\"EntryPoint\",\"urlTemplate\":\"https:\\\/\\\/www.vetorino.com\\\/boutique\\\/?s={search_term_string}\"},\"query-input\":{\"@type\":\"PropertyValueSpecification\",\"valueRequired\":true,\"valueName\":\"search_term_string\"}}],\"inLanguage\":\"fr-FR\"},{\"@type\":\"Organization\",\"@id\":\"https:\\\/\\\/www.vetorino.com\\\/boutique\\\/#organization\",\"name\":\"V\u00e9torino\",\"url\":\"https:\\\/\\\/www.vetorino.com\\\/boutique\\\/\",\"logo\":{\"@type\":\"ImageObject\",\"inLanguage\":\"fr-FR\",\"@id\":\"https:\\\/\\\/www.vetorino.com\\\/boutique\\\/#\\\/schema\\\/logo\\\/image\\\/\",\"url\":\"https:\\\/\\\/www.vetorino.com\\\/boutique\\\/wp-content\\\/uploads\\\/2024\\\/10\\\/logo.jpg\",\"contentUrl\":\"https:\\\/\\\/www.vetorino.com\\\/boutique\\\/wp-content\\\/uploads\\\/2024\\\/10\\\/logo.jpg\",\"width\":1200,\"height\":610,\"caption\":\"V\u00e9torino\"},\"image\":{\"@id\":\"https:\\\/\\\/www.vetorino.com\\\/boutique\\\/#\\\/schema\\\/logo\\\/image\\\/\"},\"sameAs\":[\"https:\\\/\\\/www.facebook.com\\\/Vetorino\\\/\",\"https:\\\/\\\/www.instagram.com\\\/vetorino_off\\\/\",\"https:\\\/\\\/www.linkedin.com\\\/company\\\/vtorino\\\/\"]}]}<\/script>\n<meta property=\"product:brand\" content=\"Zolux\" \/>\n<meta property=\"og:availability\" content=\"instock\" \/>\n<meta property=\"product:availability\" content=\"instock\" \/>\n<meta property=\"product:condition\" content=\"new\" \/>\n<!-- \/ Yoast SEO plugin. -->","yoast_head_json":{"title":"Laisse corde nylon Zolux - V\u00e9torino","description":"Cette laisse pour chien en nylon est tr\u00e8s pratique tout en \u00e9tant tr\u00e8s solide !   Laisse en nylon r\u00e9sistant  Mati\u00e8re facile d'entretien et lavable en machine  Boucle d'attache en m\u00e9tal solide  Coloris : noir, rouge ou rose  Dimensions : 1.2 m, 3 m ou 6 m  Mati\u00e8re : nylon  &nbsp;","robots":{"index":"index","follow":"follow","max-snippet":"max-snippet:-1","max-image-preview":"max-image-preview:large","max-video-preview":"max-video-preview:-1"},"canonical":"https:\/\/www.vetorino.com\/boutique\/product\/laisse-corde-nylon\/","og_locale":"fr_FR","og_type":"article","og_title":"Laisse corde nylon Zolux - V\u00e9torino","og_description":"Cette laisse pour chien en nylon est tr\u00e8s pratique tout en \u00e9tant tr\u00e8s solide !   Laisse en nylon r\u00e9sistant  Mati\u00e8re facile d'entretien et lavable en machine  Boucle d'attache en m\u00e9tal solide  Coloris : noir, rouge ou rose  Dimensions : 1.2 m, 3 m ou 6 m  Mati\u00e8re : nylon  &nbsp;","og_url":"https:\/\/www.vetorino.com\/boutique\/product\/laisse-corde-nylon\/","og_site_name":"V\u00e9torino","article_publisher":"https:\/\/www.facebook.com\/Vetorino\/","article_modified_time":"2023-04-26T13:53:18+00:00","og_image":[{"width":500,"height":500,"url":"https:\/\/www.vetorino.com\/boutique\/wp-content\/uploads\/2023\/04\/laisse-corde-nylon-zolux.jpg","type":"image\/jpeg"}],"twitter_card":"summary_large_image","twitter_misc":{"Disponibilit\u00e9":"En stock"},"schema":{"@context":"https:\/\/schema.org","@graph":[{"@type":"WebPage","@id":"https:\/\/www.vetorino.com\/boutique\/product\/laisse-corde-nylon\/","url":"https:\/\/www.vetorino.com\/boutique\/product\/laisse-corde-nylon\/","name":"Laisse corde nylon Zolux - V\u00e9torino","isPartOf":{"@id":"https:\/\/www.vetorino.com\/boutique\/#website"},"primaryImageOfPage":{"@id":"https:\/\/www.vetorino.com\/boutique\/product\/laisse-corde-nylon\/#primaryimage"},"image":{"@id":"https:\/\/www.vetorino.com\/boutique\/product\/laisse-corde-nylon\/#primaryimage"},"thumbnailUrl":"https:\/\/www.vetorino.com\/boutique\/wp-content\/uploads\/2023\/04\/laisse-corde-nylon-zolux.jpg","datePublished":"2023-04-26T13:28:12+00:00","dateModified":"2023-04-26T13:53:18+00:00","description":"Cette laisse pour chien en nylon est tr\u00e8s pratique tout en \u00e9tant tr\u00e8s solide ! Laisse en nylon r\u00e9sistant Mati\u00e8re facile d'entretien et lavable en machine Boucle d'attache en m\u00e9tal solide Coloris : noir, rouge ou rose Dimensions : 1.2 m, 3 m ou 6 m Mati\u00e8re : nylon &nbsp;","breadcrumb":{"@id":"https:\/\/www.vetorino.com\/boutique\/product\/laisse-corde-nylon\/#breadcrumb"},"inLanguage":"fr-FR","potentialAction":[{"@type":"ReadAction","target":["https:\/\/www.vetorino.com\/boutique\/product\/laisse-corde-nylon\/"]}]},{"@type":"ImageObject","inLanguage":"fr-FR","@id":"https:\/\/www.vetorino.com\/boutique\/product\/laisse-corde-nylon\/#primaryimage","url":"https:\/\/www.vetorino.com\/boutique\/wp-content\/uploads\/2023\/04\/laisse-corde-nylon-zolux.jpg","contentUrl":"https:\/\/www.vetorino.com\/boutique\/wp-content\/uploads\/2023\/04\/laisse-corde-nylon-zolux.jpg","width":500,"height":500},{"@type":"BreadcrumbList","@id":"https:\/\/www.vetorino.com\/boutique\/product\/laisse-corde-nylon\/#breadcrumb","itemListElement":[{"@type":"ListItem","position":1,"name":"Accueil","item":"https:\/\/www.vetorino.com\/boutique\/"},{"@type":"ListItem","position":2,"name":"Produits","item":"https:\/\/www.vetorino.com\/boutique\/"},{"@type":"ListItem","position":3,"name":"Laisse corde nylon"}]},{"@type":"WebSite","@id":"https:\/\/www.vetorino.com\/boutique\/#website","url":"https:\/\/www.vetorino.com\/boutique\/","name":"V\u00e9torino","description":"","publisher":{"@id":"https:\/\/www.vetorino.com\/boutique\/#organization"},"potentialAction":[{"@type":"SearchAction","target":{"@type":"EntryPoint","urlTemplate":"https:\/\/www.vetorino.com\/boutique\/?s={search_term_string}"},"query-input":{"@type":"PropertyValueSpecification","valueRequired":true,"valueName":"search_term_string"}}],"inLanguage":"fr-FR"},{"@type":"Organization","@id":"https:\/\/www.vetorino.com\/boutique\/#organization","name":"V\u00e9torino","url":"https:\/\/www.vetorino.com\/boutique\/","logo":{"@type":"ImageObject","inLanguage":"fr-FR","@id":"https:\/\/www.vetorino.com\/boutique\/#\/schema\/logo\/image\/","url":"https:\/\/www.vetorino.com\/boutique\/wp-content\/uploads\/2024\/10\/logo.jpg","contentUrl":"https:\/\/www.vetorino.com\/boutique\/wp-content\/uploads\/2024\/10\/logo.jpg","width":1200,"height":610,"caption":"V\u00e9torino"},"image":{"@id":"https:\/\/www.vetorino.com\/boutique\/#\/schema\/logo\/image\/"},"sameAs":["https:\/\/www.facebook.com\/Vetorino\/","https:\/\/www.instagram.com\/vetorino_off\/","https:\/\/www.linkedin.com\/company\/vtorino\/"]}]},"product_brand":"Zolux","og_availability":"instock","product_availability":"instock","product_condition":"new"},"_links":{"self":[{"href":"https:\/\/www.vetorino.com\/boutique\/wp-json\/wp\/v2\/product\/602972","targetHints":{"allow":["GET"]}}],"collection":[{"href":"https:\/\/www.vetorino.com\/boutique\/wp-json\/wp\/v2\/product"}],"about":[{"href":"https:\/\/www.vetorino.com\/boutique\/wp-json\/wp\/v2\/types\/product"}],"wp:featuredmedia":[{"embeddable":true,"href":"https:\/\/www.vetorino.com\/boutique\/wp-json\/wp\/v2\/media\/602994"}],"wp:attachment":[{"href":"https:\/\/www.vetorino.com\/boutique\/wp-json\/wp\/v2\/media?parent=602972"}],"wp:term":[{"taxonomy":"product_cat","embeddable":true,"href":"https:\/\/www.vetorino.com\/boutique\/wp-json\/wp\/v2\/product_cat?post=602972"},{"taxonomy":"product_tag","embeddable":true,"href":"https:\/\/www.vetorino.com\/boutique\/wp-json\/wp\/v2\/product_tag?post=602972"}],"curies":[{"name":"wp","href":"https:\/\/api.w.org\/{rel}","templated":true}]}}