{"id":646574,"date":"2023-07-02T05:35:35","date_gmt":"2023-07-02T03:35:35","guid":{"rendered":"https:\/\/www.vetorino.com\/boutique\/product\/babin-le-moulin-a-saveurs-canard-carotte\/"},"modified":"2024-01-03T14:46:22","modified_gmt":"2024-01-03T13:46:22","slug":"babin-le-moulin-a-saveurs-canard-carotte","status":"publish","type":"product","link":"https:\/\/www.vetorino.com\/boutique\/product\/babin-le-moulin-a-saveurs-canard-carotte\/","title":{"rendered":"Moulin \u00e0 saveurs Canard-Carotte"},"content":{"rendered":"<h2>Pourquoi choisir le moulin \u00e0 saveurs au canard &amp; carotte de Bab&#8217;In ?<\/h2>\n<p>Le moulin,<strong>\u00a0parfum\u00e9 au canard et \u00e0 la carotte,<\/strong>\u00a0est un m\u00e9lange d\u00e9licieux que vous pouvez saupoudrer sur la nourriture de votre chien ou chat pour lui donner une<strong>\u00a0saveur irr\u00e9sistible<\/strong>. Il\u00a0<strong>rehausse le go\u00fbt des croquettes et terrines<\/strong>\u00a0Bab&#8217;in\u00a0<strong>sans ajouter de calories suppl\u00e9mentaires.<\/strong><\/p>\n<p>Ce produit est id\u00e9al et convient parfaitement aux chiens ou aux chats ayant des difficult\u00e9s \u00e0 terminer leur repas en raison de son\u00a0<strong>go\u00fbt tr\u00e8s app\u00e9tissant.<\/strong><\/p>\n<p>De plus, sa\u00a0<strong>teneur en prot\u00e9ines d&#8217;origine animale est \u00e9lev\u00e9e<\/strong>\u00a0(plus de 98% de prot\u00e9ines animales), ce qui\u00a0<strong>correspond parfaitement au besoin carnivore<\/strong>\u00a0de votre chien ou chat.<\/p>\n<h3>Les plus de ce produit :<\/h3>\n<ul>\n<li>App\u00e9tence \u00e9lev\u00e9e<\/li>\n<li>Saveurs : canard &amp; carotte<\/li>\n<li>Sans calories suppl\u00e9mentaire<\/li>\n<li>98 % de prot\u00e9ines animales<\/li>\n<li>Disponible en plusieurs saveurs<\/li>\n<\/ul>\n","protected":false},"excerpt":{"rendered":"<p class=\"value\">Un m\u00e9lange aromatique savoureux aux saveurs du canard et de la carotte. Il am\u00e9liore le repas de votre animal de compagnie sans ajout de calories et avec une forte teneur en prot\u00e9ines animales pour satisfaire ses besoins de carnivore.<\/p>\n","protected":false},"featured_media":655372,"template":"","meta":[],"product_cat":[12551,12552,2697,2698,2733,12603],"product_tag":[],"class_list":{"0":"post-646574","1":"product","2":"type-product","3":"status-publish","4":"has-post-thumbnail","6":"product_cat-alimentation-du-chat","7":"product_cat-alimentation-du-chien","8":"product_cat-chat","9":"product_cat-chien","10":"product_cat-friandises-pour-chat","11":"product_cat-friandises-pour-chien","12":"pa_marque-babin","14":"first","15":"outofstock","16":"taxable","17":"shipping-taxable","18":"purchasable","19":"product-type-simple"},"yoast_head":"<!-- This site is optimized with the Yoast SEO plugin v27.3 - https:\/\/yoast.com\/product\/yoast-seo-wordpress\/ -->\n<title>Moulin \u00e0 saveurs Canard-Carotte Bab&#039;in - V\u00e9torino<\/title>\n<meta name=\"description\" content=\"Un m\u00e9lange aromatique savoureux aux saveurs du canard et de la carotte. Il am\u00e9liore le repas de votre animal de compagnie sans ajout de calories et avec une forte teneur en prot\u00e9ines animales pour satisfaire ses besoins de carnivore.\" \/>\n<meta name=\"robots\" content=\"index, follow, max-snippet:-1, max-image-preview:large, max-video-preview:-1\" \/>\n<link rel=\"canonical\" href=\"https:\/\/www.vetorino.com\/boutique\/product\/babin-le-moulin-a-saveurs-canard-carotte\/\" \/>\n<meta property=\"og:locale\" content=\"fr_FR\" \/>\n<meta property=\"og:type\" content=\"article\" \/>\n<meta property=\"og:title\" content=\"Moulin \u00e0 saveurs Canard-Carotte Bab&#039;in - V\u00e9torino\" \/>\n<meta property=\"og:description\" content=\"Un m\u00e9lange aromatique savoureux aux saveurs du canard et de la carotte. Il am\u00e9liore le repas de votre animal de compagnie sans ajout de calories et avec une forte teneur en prot\u00e9ines animales pour satisfaire ses besoins de carnivore.\" \/>\n<meta property=\"og:url\" content=\"https:\/\/www.vetorino.com\/boutique\/product\/babin-le-moulin-a-saveurs-canard-carotte\/\" \/>\n<meta property=\"og:site_name\" content=\"V\u00e9torino\" \/>\n<meta property=\"article:publisher\" content=\"https:\/\/www.facebook.com\/Vetorino\/\" \/>\n<meta property=\"article:modified_time\" content=\"2024-01-03T13:46:22+00:00\" \/>\n<meta property=\"og:image\" content=\"https:\/\/www.vetorino.com\/boutique\/wp-content\/uploads\/2023\/07\/moulin-canard-carotte.png\" \/>\n\t<meta property=\"og:image:width\" content=\"540\" \/>\n\t<meta property=\"og:image:height\" content=\"540\" \/>\n\t<meta property=\"og:image:type\" content=\"image\/png\" \/>\n<meta name=\"twitter:card\" content=\"summary_large_image\" \/>\n<meta name=\"twitter:label1\" content=\"Prix\" \/>\n\t<meta name=\"twitter:data1\" content=\"91,04&euro;\" \/>\n\t<meta name=\"twitter:label2\" content=\"Disponibilit\u00e9\" \/>\n\t<meta name=\"twitter:data2\" content=\"Rupture de stock\" \/>\n<script type=\"application\/ld+json\" class=\"yoast-schema-graph\">{\"@context\":\"https:\\\/\\\/schema.org\",\"@graph\":[{\"@type\":\"WebPage\",\"@id\":\"https:\\\/\\\/www.vetorino.com\\\/boutique\\\/product\\\/babin-le-moulin-a-saveurs-canard-carotte\\\/\",\"url\":\"https:\\\/\\\/www.vetorino.com\\\/boutique\\\/product\\\/babin-le-moulin-a-saveurs-canard-carotte\\\/\",\"name\":\"Moulin \u00e0 saveurs Canard-Carotte Bab'in - V\u00e9torino\",\"isPartOf\":{\"@id\":\"https:\\\/\\\/www.vetorino.com\\\/boutique\\\/#website\"},\"primaryImageOfPage\":{\"@id\":\"https:\\\/\\\/www.vetorino.com\\\/boutique\\\/product\\\/babin-le-moulin-a-saveurs-canard-carotte\\\/#primaryimage\"},\"image\":{\"@id\":\"https:\\\/\\\/www.vetorino.com\\\/boutique\\\/product\\\/babin-le-moulin-a-saveurs-canard-carotte\\\/#primaryimage\"},\"thumbnailUrl\":\"https:\\\/\\\/www.vetorino.com\\\/boutique\\\/wp-content\\\/uploads\\\/2023\\\/07\\\/moulin-canard-carotte.png\",\"datePublished\":\"2023-07-02T03:35:35+00:00\",\"dateModified\":\"2024-01-03T13:46:22+00:00\",\"description\":\"Un m\u00e9lange aromatique savoureux aux saveurs du canard et de la carotte. Il am\u00e9liore le repas de votre animal de compagnie sans ajout de calories et avec une forte teneur en prot\u00e9ines animales pour satisfaire ses besoins de carnivore.\",\"breadcrumb\":{\"@id\":\"https:\\\/\\\/www.vetorino.com\\\/boutique\\\/product\\\/babin-le-moulin-a-saveurs-canard-carotte\\\/#breadcrumb\"},\"inLanguage\":\"fr-FR\",\"potentialAction\":[{\"@type\":\"ReadAction\",\"target\":[\"https:\\\/\\\/www.vetorino.com\\\/boutique\\\/product\\\/babin-le-moulin-a-saveurs-canard-carotte\\\/\"]}]},{\"@type\":\"ImageObject\",\"inLanguage\":\"fr-FR\",\"@id\":\"https:\\\/\\\/www.vetorino.com\\\/boutique\\\/product\\\/babin-le-moulin-a-saveurs-canard-carotte\\\/#primaryimage\",\"url\":\"https:\\\/\\\/www.vetorino.com\\\/boutique\\\/wp-content\\\/uploads\\\/2023\\\/07\\\/moulin-canard-carotte.png\",\"contentUrl\":\"https:\\\/\\\/www.vetorino.com\\\/boutique\\\/wp-content\\\/uploads\\\/2023\\\/07\\\/moulin-canard-carotte.png\",\"width\":540,\"height\":540},{\"@type\":\"BreadcrumbList\",\"@id\":\"https:\\\/\\\/www.vetorino.com\\\/boutique\\\/product\\\/babin-le-moulin-a-saveurs-canard-carotte\\\/#breadcrumb\",\"itemListElement\":[{\"@type\":\"ListItem\",\"position\":1,\"name\":\"Accueil\",\"item\":\"https:\\\/\\\/www.vetorino.com\\\/boutique\\\/\"},{\"@type\":\"ListItem\",\"position\":2,\"name\":\"Produits\",\"item\":\"https:\\\/\\\/www.vetorino.com\\\/boutique\\\/\"},{\"@type\":\"ListItem\",\"position\":3,\"name\":\"Moulin \u00e0 saveurs Canard-Carotte\"}]},{\"@type\":\"WebSite\",\"@id\":\"https:\\\/\\\/www.vetorino.com\\\/boutique\\\/#website\",\"url\":\"https:\\\/\\\/www.vetorino.com\\\/boutique\\\/\",\"name\":\"V\u00e9torino\",\"description\":\"\",\"publisher\":{\"@id\":\"https:\\\/\\\/www.vetorino.com\\\/boutique\\\/#organization\"},\"potentialAction\":[{\"@type\":\"SearchAction\",\"target\":{\"@type\":\"EntryPoint\",\"urlTemplate\":\"https:\\\/\\\/www.vetorino.com\\\/boutique\\\/?s={search_term_string}\"},\"query-input\":{\"@type\":\"PropertyValueSpecification\",\"valueRequired\":true,\"valueName\":\"search_term_string\"}}],\"inLanguage\":\"fr-FR\"},{\"@type\":\"Organization\",\"@id\":\"https:\\\/\\\/www.vetorino.com\\\/boutique\\\/#organization\",\"name\":\"V\u00e9torino\",\"url\":\"https:\\\/\\\/www.vetorino.com\\\/boutique\\\/\",\"logo\":{\"@type\":\"ImageObject\",\"inLanguage\":\"fr-FR\",\"@id\":\"https:\\\/\\\/www.vetorino.com\\\/boutique\\\/#\\\/schema\\\/logo\\\/image\\\/\",\"url\":\"https:\\\/\\\/www.vetorino.com\\\/boutique\\\/wp-content\\\/uploads\\\/2024\\\/10\\\/logo.jpg\",\"contentUrl\":\"https:\\\/\\\/www.vetorino.com\\\/boutique\\\/wp-content\\\/uploads\\\/2024\\\/10\\\/logo.jpg\",\"width\":1200,\"height\":610,\"caption\":\"V\u00e9torino\"},\"image\":{\"@id\":\"https:\\\/\\\/www.vetorino.com\\\/boutique\\\/#\\\/schema\\\/logo\\\/image\\\/\"},\"sameAs\":[\"https:\\\/\\\/www.facebook.com\\\/Vetorino\\\/\",\"https:\\\/\\\/www.instagram.com\\\/vetorino_off\\\/\",\"https:\\\/\\\/www.linkedin.com\\\/company\\\/vtorino\\\/\"]}]}<\/script>\n<meta property=\"product:brand\" content=\"Bab&#039;in\" \/>\n<meta property=\"product:price:amount\" content=\"91.04\" \/>\n<meta property=\"product:price:currency\" content=\"EUR\" \/>\n<meta property=\"og:availability\" content=\"out of stock\" \/>\n<meta property=\"product:availability\" content=\"out of stock\" \/>\n<meta property=\"product:retailer_item_id\" content=\"A-1876980\" \/>\n<meta property=\"product:condition\" content=\"new\" \/>\n<!-- \/ Yoast SEO plugin. -->","yoast_head_json":{"title":"Moulin \u00e0 saveurs Canard-Carotte Bab'in - V\u00e9torino","description":"Un m\u00e9lange aromatique savoureux aux saveurs du canard et de la carotte. Il am\u00e9liore le repas de votre animal de compagnie sans ajout de calories et avec une forte teneur en prot\u00e9ines animales pour satisfaire ses besoins de carnivore.","robots":{"index":"index","follow":"follow","max-snippet":"max-snippet:-1","max-image-preview":"max-image-preview:large","max-video-preview":"max-video-preview:-1"},"canonical":"https:\/\/www.vetorino.com\/boutique\/product\/babin-le-moulin-a-saveurs-canard-carotte\/","og_locale":"fr_FR","og_type":"article","og_title":"Moulin \u00e0 saveurs Canard-Carotte Bab'in - V\u00e9torino","og_description":"Un m\u00e9lange aromatique savoureux aux saveurs du canard et de la carotte. Il am\u00e9liore le repas de votre animal de compagnie sans ajout de calories et avec une forte teneur en prot\u00e9ines animales pour satisfaire ses besoins de carnivore.","og_url":"https:\/\/www.vetorino.com\/boutique\/product\/babin-le-moulin-a-saveurs-canard-carotte\/","og_site_name":"V\u00e9torino","article_publisher":"https:\/\/www.facebook.com\/Vetorino\/","article_modified_time":"2024-01-03T13:46:22+00:00","og_image":[{"width":540,"height":540,"url":"https:\/\/www.vetorino.com\/boutique\/wp-content\/uploads\/2023\/07\/moulin-canard-carotte.png","type":"image\/png"}],"twitter_card":"summary_large_image","twitter_misc":{"Prix":"91,04&euro;","Disponibilit\u00e9":"Rupture de stock"},"schema":{"@context":"https:\/\/schema.org","@graph":[{"@type":"WebPage","@id":"https:\/\/www.vetorino.com\/boutique\/product\/babin-le-moulin-a-saveurs-canard-carotte\/","url":"https:\/\/www.vetorino.com\/boutique\/product\/babin-le-moulin-a-saveurs-canard-carotte\/","name":"Moulin \u00e0 saveurs Canard-Carotte Bab'in - V\u00e9torino","isPartOf":{"@id":"https:\/\/www.vetorino.com\/boutique\/#website"},"primaryImageOfPage":{"@id":"https:\/\/www.vetorino.com\/boutique\/product\/babin-le-moulin-a-saveurs-canard-carotte\/#primaryimage"},"image":{"@id":"https:\/\/www.vetorino.com\/boutique\/product\/babin-le-moulin-a-saveurs-canard-carotte\/#primaryimage"},"thumbnailUrl":"https:\/\/www.vetorino.com\/boutique\/wp-content\/uploads\/2023\/07\/moulin-canard-carotte.png","datePublished":"2023-07-02T03:35:35+00:00","dateModified":"2024-01-03T13:46:22+00:00","description":"Un m\u00e9lange aromatique savoureux aux saveurs du canard et de la carotte. Il am\u00e9liore le repas de votre animal de compagnie sans ajout de calories et avec une forte teneur en prot\u00e9ines animales pour satisfaire ses besoins de carnivore.","breadcrumb":{"@id":"https:\/\/www.vetorino.com\/boutique\/product\/babin-le-moulin-a-saveurs-canard-carotte\/#breadcrumb"},"inLanguage":"fr-FR","potentialAction":[{"@type":"ReadAction","target":["https:\/\/www.vetorino.com\/boutique\/product\/babin-le-moulin-a-saveurs-canard-carotte\/"]}]},{"@type":"ImageObject","inLanguage":"fr-FR","@id":"https:\/\/www.vetorino.com\/boutique\/product\/babin-le-moulin-a-saveurs-canard-carotte\/#primaryimage","url":"https:\/\/www.vetorino.com\/boutique\/wp-content\/uploads\/2023\/07\/moulin-canard-carotte.png","contentUrl":"https:\/\/www.vetorino.com\/boutique\/wp-content\/uploads\/2023\/07\/moulin-canard-carotte.png","width":540,"height":540},{"@type":"BreadcrumbList","@id":"https:\/\/www.vetorino.com\/boutique\/product\/babin-le-moulin-a-saveurs-canard-carotte\/#breadcrumb","itemListElement":[{"@type":"ListItem","position":1,"name":"Accueil","item":"https:\/\/www.vetorino.com\/boutique\/"},{"@type":"ListItem","position":2,"name":"Produits","item":"https:\/\/www.vetorino.com\/boutique\/"},{"@type":"ListItem","position":3,"name":"Moulin \u00e0 saveurs Canard-Carotte"}]},{"@type":"WebSite","@id":"https:\/\/www.vetorino.com\/boutique\/#website","url":"https:\/\/www.vetorino.com\/boutique\/","name":"V\u00e9torino","description":"","publisher":{"@id":"https:\/\/www.vetorino.com\/boutique\/#organization"},"potentialAction":[{"@type":"SearchAction","target":{"@type":"EntryPoint","urlTemplate":"https:\/\/www.vetorino.com\/boutique\/?s={search_term_string}"},"query-input":{"@type":"PropertyValueSpecification","valueRequired":true,"valueName":"search_term_string"}}],"inLanguage":"fr-FR"},{"@type":"Organization","@id":"https:\/\/www.vetorino.com\/boutique\/#organization","name":"V\u00e9torino","url":"https:\/\/www.vetorino.com\/boutique\/","logo":{"@type":"ImageObject","inLanguage":"fr-FR","@id":"https:\/\/www.vetorino.com\/boutique\/#\/schema\/logo\/image\/","url":"https:\/\/www.vetorino.com\/boutique\/wp-content\/uploads\/2024\/10\/logo.jpg","contentUrl":"https:\/\/www.vetorino.com\/boutique\/wp-content\/uploads\/2024\/10\/logo.jpg","width":1200,"height":610,"caption":"V\u00e9torino"},"image":{"@id":"https:\/\/www.vetorino.com\/boutique\/#\/schema\/logo\/image\/"},"sameAs":["https:\/\/www.facebook.com\/Vetorino\/","https:\/\/www.instagram.com\/vetorino_off\/","https:\/\/www.linkedin.com\/company\/vtorino\/"]}]},"product_brand":"Bab'in","product_price_amount":"91.04","product_price_currency":"EUR","og_availability":"out of stock","product_availability":"out of stock","product_retailer_item_id":"A-1876980","product_condition":"new"},"_links":{"self":[{"href":"https:\/\/www.vetorino.com\/boutique\/wp-json\/wp\/v2\/product\/646574","targetHints":{"allow":["GET"]}}],"collection":[{"href":"https:\/\/www.vetorino.com\/boutique\/wp-json\/wp\/v2\/product"}],"about":[{"href":"https:\/\/www.vetorino.com\/boutique\/wp-json\/wp\/v2\/types\/product"}],"wp:featuredmedia":[{"embeddable":true,"href":"https:\/\/www.vetorino.com\/boutique\/wp-json\/wp\/v2\/media\/655372"}],"wp:attachment":[{"href":"https:\/\/www.vetorino.com\/boutique\/wp-json\/wp\/v2\/media?parent=646574"}],"wp:term":[{"taxonomy":"product_cat","embeddable":true,"href":"https:\/\/www.vetorino.com\/boutique\/wp-json\/wp\/v2\/product_cat?post=646574"},{"taxonomy":"product_tag","embeddable":true,"href":"https:\/\/www.vetorino.com\/boutique\/wp-json\/wp\/v2\/product_tag?post=646574"}],"curies":[{"name":"wp","href":"https:\/\/api.w.org\/{rel}","templated":true}]}}