{"id":89376,"date":"2020-06-26T03:09:03","date_gmt":"2020-06-26T01:09:03","guid":{"rendered":"https:\/\/www.vetorino.com\/boutique\/product\/ananxivia-grand-chien-2\/"},"modified":"2024-06-28T10:03:04","modified_gmt":"2024-06-28T08:03:04","slug":"ananxivia-grand-chien-2","status":"publish","type":"product","link":"https:\/\/www.vetorino.com\/boutique\/product\/ananxivia-grand-chien-2\/","title":{"rendered":"Ananxivia Grand Chien"},"content":{"rendered":"<p><strong>Suppl\u00e9ment nutritionnel destin\u00e9 \u00e0 att\u00e9nuer les r\u00e9actions li\u00e9es au stress chez le chien de plus de 10 kg.<\/strong><\/p>\n<p>Soutien les animaux pr\u00e9sentant un comportement agit\u00e9 ou anxieux et\/ou confront\u00e9s \u00e0 des situations de stress ponctuel telles qu&#8217;un d\u00e9m\u00e9nagement, une visite chez le v\u00e9t\u00e9rinaire,\u00a0une p\u00e9riode de solitude&#8230;<\/p>\n<p><strong>Utilisation :<\/strong><\/p>\n<ul>\n<li>Stress chronique : \u00e0 utiliser sous forme de cure de 1 \u00e0 2 mois renouvelable.<\/li>\n<li>Stress passager : \u00e0 utiliser 5 \u00e0 6 jours avant la survenance de l\u2019\u00e9v\u00e9nement stressant.<\/li>\n<\/ul>\n<p><strong>Avantages :<\/strong><\/p>\n<ul>\n<li>Formulation sp\u00e9cifique sans \u00e9quivalent sur le march\u00e9.<\/li>\n<li>Effets rapides.<\/li>\n<li>Sans ph\u00e9nom\u00e8ne d\u2019accoutumance ni d\u2019effet rebond.<\/li>\n<li>Excellente app\u00e9tence du produit.<\/li>\n<li>Deux formats sp\u00e9cifiques (petit chien\/chat et grand chien).<\/li>\n<\/ul>\n","protected":false},"excerpt":{"rendered":"<p><strong>Suppl\u00e9ment nutritionnel destin\u00e9 \u00e0 att\u00e9nuer les r\u00e9actions li\u00e9es au stress chez le chien de plus de 10 kg.<\/strong><\/p>\n<p>Soutien\u00a0les animaux pr\u00e9sentant un comportement agit\u00e9 ou anxieux et\/ou confront\u00e9s \u00e0 des situations de stress ponctuel\u00a0telles qu&#8217;un\u00a0d\u00e9m\u00e9nagement, une visite chez le v\u00e9t\u00e9rinaire,\u00a0une\u00a0p\u00e9riode de solitude&#8230;<\/p>\n","protected":false},"featured_media":904478,"template":"","meta":[],"product_cat":[2786,2698],"product_tag":[],"class_list":{"0":"post-89376","1":"product","2":"type-product","3":"status-publish","4":"has-post-thumbnail","6":"product_cat-anti-stress-et-anxiete-du-chien","7":"product_cat-chien","8":"pa_marque-isovia","10":"first","11":"instock","12":"taxable","13":"shipping-taxable","14":"purchasable","15":"product-type-variable"},"yoast_head":"<!-- This site is optimized with the Yoast SEO plugin v27.3 - https:\/\/yoast.com\/product\/yoast-seo-wordpress\/ -->\n<title>Ananxivia Grand Chien Isov\u00eda - V\u00e9torino<\/title>\n<meta name=\"description\" content=\"Suppl\u00e9ment nutritionnel destin\u00e9 \u00e0 att\u00e9nuer les r\u00e9actions li\u00e9es au stress chez le chien de plus de 10 kg.  Soutien\u00a0les animaux pr\u00e9sentant un comportement agit\u00e9 ou anxieux et\/ou confront\u00e9s \u00e0 des situations de stress ponctuel\u00a0telles qu&#039;un\u00a0d\u00e9m\u00e9nagement, une visite chez le v\u00e9t\u00e9rinaire,\u00a0une\u00a0p\u00e9riode de solitude...\" \/>\n<meta name=\"robots\" content=\"index, follow, max-snippet:-1, max-image-preview:large, max-video-preview:-1\" \/>\n<link rel=\"canonical\" href=\"https:\/\/www.vetorino.com\/boutique\/product\/ananxivia-grand-chien-2\/\" \/>\n<meta property=\"og:locale\" content=\"fr_FR\" \/>\n<meta property=\"og:type\" content=\"article\" \/>\n<meta property=\"og:title\" content=\"Ananxivia Grand Chien Isov\u00eda - V\u00e9torino\" \/>\n<meta property=\"og:description\" content=\"Suppl\u00e9ment nutritionnel destin\u00e9 \u00e0 att\u00e9nuer les r\u00e9actions li\u00e9es au stress chez le chien de plus de 10 kg.  Soutien\u00a0les animaux pr\u00e9sentant un comportement agit\u00e9 ou anxieux et\/ou confront\u00e9s \u00e0 des situations de stress ponctuel\u00a0telles qu&#039;un\u00a0d\u00e9m\u00e9nagement, une visite chez le v\u00e9t\u00e9rinaire,\u00a0une\u00a0p\u00e9riode de solitude...\" \/>\n<meta property=\"og:url\" content=\"https:\/\/www.vetorino.com\/boutique\/product\/ananxivia-grand-chien-2\/\" \/>\n<meta property=\"og:site_name\" content=\"V\u00e9torino\" \/>\n<meta property=\"article:publisher\" content=\"https:\/\/www.facebook.com\/Vetorino\/\" \/>\n<meta property=\"article:modified_time\" content=\"2024-06-28T08:03:04+00:00\" \/>\n<meta property=\"og:image\" content=\"https:\/\/www.vetorino.com\/boutique\/wp-content\/uploads\/2022\/11\/ananxivia-grand-chien.jpg\" \/>\n\t<meta property=\"og:image:width\" content=\"800\" \/>\n\t<meta property=\"og:image:height\" content=\"800\" \/>\n\t<meta property=\"og:image:type\" content=\"image\/jpeg\" \/>\n<meta name=\"twitter:card\" content=\"summary_large_image\" \/>\n<meta name=\"twitter:label1\" content=\"Disponibilit\u00e9\" \/>\n\t<meta name=\"twitter:data1\" content=\"En stock\" \/>\n<script type=\"application\/ld+json\" class=\"yoast-schema-graph\">{\"@context\":\"https:\\\/\\\/schema.org\",\"@graph\":[{\"@type\":\"WebPage\",\"@id\":\"https:\\\/\\\/www.vetorino.com\\\/boutique\\\/product\\\/ananxivia-grand-chien-2\\\/\",\"url\":\"https:\\\/\\\/www.vetorino.com\\\/boutique\\\/product\\\/ananxivia-grand-chien-2\\\/\",\"name\":\"Ananxivia Grand Chien Isov\u00eda - V\u00e9torino\",\"isPartOf\":{\"@id\":\"https:\\\/\\\/www.vetorino.com\\\/boutique\\\/#website\"},\"primaryImageOfPage\":{\"@id\":\"https:\\\/\\\/www.vetorino.com\\\/boutique\\\/product\\\/ananxivia-grand-chien-2\\\/#primaryimage\"},\"image\":{\"@id\":\"https:\\\/\\\/www.vetorino.com\\\/boutique\\\/product\\\/ananxivia-grand-chien-2\\\/#primaryimage\"},\"thumbnailUrl\":\"https:\\\/\\\/www.vetorino.com\\\/boutique\\\/wp-content\\\/uploads\\\/2022\\\/11\\\/ananxivia-grand-chien.jpg\",\"datePublished\":\"2020-06-26T01:09:03+00:00\",\"dateModified\":\"2024-06-28T08:03:04+00:00\",\"description\":\"Suppl\u00e9ment nutritionnel destin\u00e9 \u00e0 att\u00e9nuer les r\u00e9actions li\u00e9es au stress chez le chien de plus de 10 kg. Soutien\u00a0les animaux pr\u00e9sentant un comportement agit\u00e9 ou anxieux et\\\/ou confront\u00e9s \u00e0 des situations de stress ponctuel\u00a0telles qu'un\u00a0d\u00e9m\u00e9nagement, une visite chez le v\u00e9t\u00e9rinaire,\u00a0une\u00a0p\u00e9riode de solitude...\",\"breadcrumb\":{\"@id\":\"https:\\\/\\\/www.vetorino.com\\\/boutique\\\/product\\\/ananxivia-grand-chien-2\\\/#breadcrumb\"},\"inLanguage\":\"fr-FR\",\"potentialAction\":[{\"@type\":\"ReadAction\",\"target\":[\"https:\\\/\\\/www.vetorino.com\\\/boutique\\\/product\\\/ananxivia-grand-chien-2\\\/\"]}]},{\"@type\":\"ImageObject\",\"inLanguage\":\"fr-FR\",\"@id\":\"https:\\\/\\\/www.vetorino.com\\\/boutique\\\/product\\\/ananxivia-grand-chien-2\\\/#primaryimage\",\"url\":\"https:\\\/\\\/www.vetorino.com\\\/boutique\\\/wp-content\\\/uploads\\\/2022\\\/11\\\/ananxivia-grand-chien.jpg\",\"contentUrl\":\"https:\\\/\\\/www.vetorino.com\\\/boutique\\\/wp-content\\\/uploads\\\/2022\\\/11\\\/ananxivia-grand-chien.jpg\",\"width\":800,\"height\":800},{\"@type\":\"BreadcrumbList\",\"@id\":\"https:\\\/\\\/www.vetorino.com\\\/boutique\\\/product\\\/ananxivia-grand-chien-2\\\/#breadcrumb\",\"itemListElement\":[{\"@type\":\"ListItem\",\"position\":1,\"name\":\"Accueil\",\"item\":\"https:\\\/\\\/www.vetorino.com\\\/boutique\\\/\"},{\"@type\":\"ListItem\",\"position\":2,\"name\":\"Produits\",\"item\":\"https:\\\/\\\/www.vetorino.com\\\/boutique\\\/\"},{\"@type\":\"ListItem\",\"position\":3,\"name\":\"Ananxivia Grand Chien\"}]},{\"@type\":\"WebSite\",\"@id\":\"https:\\\/\\\/www.vetorino.com\\\/boutique\\\/#website\",\"url\":\"https:\\\/\\\/www.vetorino.com\\\/boutique\\\/\",\"name\":\"V\u00e9torino\",\"description\":\"\",\"publisher\":{\"@id\":\"https:\\\/\\\/www.vetorino.com\\\/boutique\\\/#organization\"},\"potentialAction\":[{\"@type\":\"SearchAction\",\"target\":{\"@type\":\"EntryPoint\",\"urlTemplate\":\"https:\\\/\\\/www.vetorino.com\\\/boutique\\\/?s={search_term_string}\"},\"query-input\":{\"@type\":\"PropertyValueSpecification\",\"valueRequired\":true,\"valueName\":\"search_term_string\"}}],\"inLanguage\":\"fr-FR\"},{\"@type\":\"Organization\",\"@id\":\"https:\\\/\\\/www.vetorino.com\\\/boutique\\\/#organization\",\"name\":\"V\u00e9torino\",\"url\":\"https:\\\/\\\/www.vetorino.com\\\/boutique\\\/\",\"logo\":{\"@type\":\"ImageObject\",\"inLanguage\":\"fr-FR\",\"@id\":\"https:\\\/\\\/www.vetorino.com\\\/boutique\\\/#\\\/schema\\\/logo\\\/image\\\/\",\"url\":\"https:\\\/\\\/www.vetorino.com\\\/boutique\\\/wp-content\\\/uploads\\\/2024\\\/10\\\/logo.jpg\",\"contentUrl\":\"https:\\\/\\\/www.vetorino.com\\\/boutique\\\/wp-content\\\/uploads\\\/2024\\\/10\\\/logo.jpg\",\"width\":1200,\"height\":610,\"caption\":\"V\u00e9torino\"},\"image\":{\"@id\":\"https:\\\/\\\/www.vetorino.com\\\/boutique\\\/#\\\/schema\\\/logo\\\/image\\\/\"},\"sameAs\":[\"https:\\\/\\\/www.facebook.com\\\/Vetorino\\\/\",\"https:\\\/\\\/www.instagram.com\\\/vetorino_off\\\/\",\"https:\\\/\\\/www.linkedin.com\\\/company\\\/vtorino\\\/\"]}]}<\/script>\n<meta property=\"product:brand\" content=\"Isov\u00eda\" \/>\n<meta property=\"og:availability\" content=\"instock\" \/>\n<meta property=\"product:availability\" content=\"instock\" \/>\n<meta property=\"product:condition\" content=\"new\" \/>\n<!-- \/ Yoast SEO plugin. -->","yoast_head_json":{"title":"Ananxivia Grand Chien Isov\u00eda - V\u00e9torino","description":"Suppl\u00e9ment nutritionnel destin\u00e9 \u00e0 att\u00e9nuer les r\u00e9actions li\u00e9es au stress chez le chien de plus de 10 kg.  Soutien\u00a0les animaux pr\u00e9sentant un comportement agit\u00e9 ou anxieux et\/ou confront\u00e9s \u00e0 des situations de stress ponctuel\u00a0telles qu'un\u00a0d\u00e9m\u00e9nagement, une visite chez le v\u00e9t\u00e9rinaire,\u00a0une\u00a0p\u00e9riode de solitude...","robots":{"index":"index","follow":"follow","max-snippet":"max-snippet:-1","max-image-preview":"max-image-preview:large","max-video-preview":"max-video-preview:-1"},"canonical":"https:\/\/www.vetorino.com\/boutique\/product\/ananxivia-grand-chien-2\/","og_locale":"fr_FR","og_type":"article","og_title":"Ananxivia Grand Chien Isov\u00eda - V\u00e9torino","og_description":"Suppl\u00e9ment nutritionnel destin\u00e9 \u00e0 att\u00e9nuer les r\u00e9actions li\u00e9es au stress chez le chien de plus de 10 kg.  Soutien\u00a0les animaux pr\u00e9sentant un comportement agit\u00e9 ou anxieux et\/ou confront\u00e9s \u00e0 des situations de stress ponctuel\u00a0telles qu'un\u00a0d\u00e9m\u00e9nagement, une visite chez le v\u00e9t\u00e9rinaire,\u00a0une\u00a0p\u00e9riode de solitude...","og_url":"https:\/\/www.vetorino.com\/boutique\/product\/ananxivia-grand-chien-2\/","og_site_name":"V\u00e9torino","article_publisher":"https:\/\/www.facebook.com\/Vetorino\/","article_modified_time":"2024-06-28T08:03:04+00:00","og_image":[{"width":800,"height":800,"url":"https:\/\/www.vetorino.com\/boutique\/wp-content\/uploads\/2022\/11\/ananxivia-grand-chien.jpg","type":"image\/jpeg"}],"twitter_card":"summary_large_image","twitter_misc":{"Disponibilit\u00e9":"En stock"},"schema":{"@context":"https:\/\/schema.org","@graph":[{"@type":"WebPage","@id":"https:\/\/www.vetorino.com\/boutique\/product\/ananxivia-grand-chien-2\/","url":"https:\/\/www.vetorino.com\/boutique\/product\/ananxivia-grand-chien-2\/","name":"Ananxivia Grand Chien Isov\u00eda - V\u00e9torino","isPartOf":{"@id":"https:\/\/www.vetorino.com\/boutique\/#website"},"primaryImageOfPage":{"@id":"https:\/\/www.vetorino.com\/boutique\/product\/ananxivia-grand-chien-2\/#primaryimage"},"image":{"@id":"https:\/\/www.vetorino.com\/boutique\/product\/ananxivia-grand-chien-2\/#primaryimage"},"thumbnailUrl":"https:\/\/www.vetorino.com\/boutique\/wp-content\/uploads\/2022\/11\/ananxivia-grand-chien.jpg","datePublished":"2020-06-26T01:09:03+00:00","dateModified":"2024-06-28T08:03:04+00:00","description":"Suppl\u00e9ment nutritionnel destin\u00e9 \u00e0 att\u00e9nuer les r\u00e9actions li\u00e9es au stress chez le chien de plus de 10 kg. Soutien\u00a0les animaux pr\u00e9sentant un comportement agit\u00e9 ou anxieux et\/ou confront\u00e9s \u00e0 des situations de stress ponctuel\u00a0telles qu'un\u00a0d\u00e9m\u00e9nagement, une visite chez le v\u00e9t\u00e9rinaire,\u00a0une\u00a0p\u00e9riode de solitude...","breadcrumb":{"@id":"https:\/\/www.vetorino.com\/boutique\/product\/ananxivia-grand-chien-2\/#breadcrumb"},"inLanguage":"fr-FR","potentialAction":[{"@type":"ReadAction","target":["https:\/\/www.vetorino.com\/boutique\/product\/ananxivia-grand-chien-2\/"]}]},{"@type":"ImageObject","inLanguage":"fr-FR","@id":"https:\/\/www.vetorino.com\/boutique\/product\/ananxivia-grand-chien-2\/#primaryimage","url":"https:\/\/www.vetorino.com\/boutique\/wp-content\/uploads\/2022\/11\/ananxivia-grand-chien.jpg","contentUrl":"https:\/\/www.vetorino.com\/boutique\/wp-content\/uploads\/2022\/11\/ananxivia-grand-chien.jpg","width":800,"height":800},{"@type":"BreadcrumbList","@id":"https:\/\/www.vetorino.com\/boutique\/product\/ananxivia-grand-chien-2\/#breadcrumb","itemListElement":[{"@type":"ListItem","position":1,"name":"Accueil","item":"https:\/\/www.vetorino.com\/boutique\/"},{"@type":"ListItem","position":2,"name":"Produits","item":"https:\/\/www.vetorino.com\/boutique\/"},{"@type":"ListItem","position":3,"name":"Ananxivia Grand Chien"}]},{"@type":"WebSite","@id":"https:\/\/www.vetorino.com\/boutique\/#website","url":"https:\/\/www.vetorino.com\/boutique\/","name":"V\u00e9torino","description":"","publisher":{"@id":"https:\/\/www.vetorino.com\/boutique\/#organization"},"potentialAction":[{"@type":"SearchAction","target":{"@type":"EntryPoint","urlTemplate":"https:\/\/www.vetorino.com\/boutique\/?s={search_term_string}"},"query-input":{"@type":"PropertyValueSpecification","valueRequired":true,"valueName":"search_term_string"}}],"inLanguage":"fr-FR"},{"@type":"Organization","@id":"https:\/\/www.vetorino.com\/boutique\/#organization","name":"V\u00e9torino","url":"https:\/\/www.vetorino.com\/boutique\/","logo":{"@type":"ImageObject","inLanguage":"fr-FR","@id":"https:\/\/www.vetorino.com\/boutique\/#\/schema\/logo\/image\/","url":"https:\/\/www.vetorino.com\/boutique\/wp-content\/uploads\/2024\/10\/logo.jpg","contentUrl":"https:\/\/www.vetorino.com\/boutique\/wp-content\/uploads\/2024\/10\/logo.jpg","width":1200,"height":610,"caption":"V\u00e9torino"},"image":{"@id":"https:\/\/www.vetorino.com\/boutique\/#\/schema\/logo\/image\/"},"sameAs":["https:\/\/www.facebook.com\/Vetorino\/","https:\/\/www.instagram.com\/vetorino_off\/","https:\/\/www.linkedin.com\/company\/vtorino\/"]}]},"product_brand":"Isov\u00eda","og_availability":"instock","product_availability":"instock","product_condition":"new"},"_links":{"self":[{"href":"https:\/\/www.vetorino.com\/boutique\/wp-json\/wp\/v2\/product\/89376","targetHints":{"allow":["GET"]}}],"collection":[{"href":"https:\/\/www.vetorino.com\/boutique\/wp-json\/wp\/v2\/product"}],"about":[{"href":"https:\/\/www.vetorino.com\/boutique\/wp-json\/wp\/v2\/types\/product"}],"wp:featuredmedia":[{"embeddable":true,"href":"https:\/\/www.vetorino.com\/boutique\/wp-json\/wp\/v2\/media\/904478"}],"wp:attachment":[{"href":"https:\/\/www.vetorino.com\/boutique\/wp-json\/wp\/v2\/media?parent=89376"}],"wp:term":[{"taxonomy":"product_cat","embeddable":true,"href":"https:\/\/www.vetorino.com\/boutique\/wp-json\/wp\/v2\/product_cat?post=89376"},{"taxonomy":"product_tag","embeddable":true,"href":"https:\/\/www.vetorino.com\/boutique\/wp-json\/wp\/v2\/product_tag?post=89376"}],"curies":[{"name":"wp","href":"https:\/\/api.w.org\/{rel}","templated":true}]}}