{"id":90394,"date":"2020-06-26T13:49:22","date_gmt":"2020-06-26T11:49:22","guid":{"rendered":"https:\/\/www.vetorino.com\/boutique\/product\/axisurf-spray-nd\/"},"modified":"2025-01-30T02:42:27","modified_gmt":"2025-01-30T01:42:27","slug":"axisurf-spray-nd","status":"publish","type":"product","link":"https:\/\/www.vetorino.com\/boutique\/product\/axisurf-spray-nd\/","title":{"rendered":"Nettoyant d\u00e9sinfectant Axisurf spray ND"},"content":{"rendered":"<div class='hidden'>AXIENCE<\/div>\n<div class='hidden'>Basse-cour<\/div>\n<p>NETTOYAGE ET DESINFECTION DES SURFACES <\/p>\n<p>Solution hydro-alcoolique pr\u00eate \u00e0 l&#8217;emploi, 2 en 1 (nettoyante et d\u00e9sinfectante des surfaces m\u00e9dicales : tables, paillasses, cages, mat\u00e9riels&#8230;)<br \/>D\u00e9sinfectant large spectre et \u00e0 action rapide y compris en condition de salet\u00e9 gr\u00e2ce \u00e0 l&#8217;association synergique de substances actives.<br \/>Activit\u00e9 bact\u00e9ricide (EN 1040 en 1 min, EN 1276 en 15 min en cond. de propret\u00e9, EN 13697 en 5 min en cond. de propret\u00e9, EN 13697 en 5 min en cond. de salet\u00e9, EN 13727 en 5 min en condition de salet\u00e9, EN 14348 sur M. avium en 15 min en condition de propret\u00e9), fongicide (EN 1275 sur C. albicans en 15 min, EN 13697 sur C. albicans en 15 min en cond. de propret\u00e9, EN 13624 sur C. albicans en 15 min en cond. de salet\u00e9) et virucide (rotavirus selon EN 14476 en 5 min, HIV et HBV)<br \/>D\u00e9tergent performant, sans rin\u00e7age (sauf surfaces alimentaires) assurant un s\u00e9chage rapide et sans traces.<br \/>Excellente innocuit\u00e9 pour l&#8217;utilisateur et l&#8217;environnement : <br \/>* Tr\u00e8s bonne tol\u00e9rance cutan\u00e9e<br \/>* Sans conservateur, sans colorant, sans ald\u00e9-hyde, sans allerg\u00e8nes \u00e9tiquetables<br \/>* Conforme \u00e0 la l\u00e9gislation &#171; Hygi\u00e8ne alimentaire &#187;,<br \/>* Biod\u00e9gradabilit\u00e9 sup\u00e9rieure \u00e0 90%<br \/>* Spray mousse pour limiter l&#8217;a\u00e9rosolisation<br \/>* Compatible avec la plupart des mat\u00e9riaux r\u00e9sistant \u00e0 l&#8217;\u00e9thanol<br \/>* Parfum pamplemousse.<\/p>\n","protected":false},"excerpt":{"rendered":"<p>AXIENCE Basse-cour NETTOYAGE ET DESINFECTION DES SURFACES Solution hydro-alcoolique pr\u00eate \u00e0 l&#8217;emploi, 2 en 1 (nettoyante et d\u00e9sinfectante des surfaces m\u00e9dicales : tables, paillasses, cages, mat\u00e9riels&#8230;)D\u00e9sinfectant large spectre et \u00e0 action rapide y compris en condition de salet\u00e9 gr\u00e2ce \u00e0 l&#8217;association synergique de substances actives.Activit\u00e9 bact\u00e9ricide (EN 1040 en 1 min, EN 1276 en 15 [&hellip;]<\/p>\n","protected":false},"featured_media":90393,"template":"","meta":[],"product_cat":[12547],"product_tag":[],"class_list":{"0":"post-90394","1":"product","2":"type-product","3":"status-publish","4":"has-post-thumbnail","6":"product_cat-cheval","7":"pa_marque-axience","9":"first","10":"instock","11":"taxable","12":"shipping-taxable","13":"purchasable","14":"product-type-simple"},"yoast_head":"<!-- This site is optimized with the Yoast SEO plugin v27.3 - https:\/\/yoast.com\/product\/yoast-seo-wordpress\/ -->\n<title>Nettoyant d\u00e9sinfectant Axisurf spray ND Axience - V\u00e9torino<\/title>\n<meta name=\"description\" content=\"AXIENCEBasse-courNETTOYAGE ET DESINFECTION DES SURFACES Solution hydro-alcoolique pr\u00eate \u00e0 l&#039;emploi, 2 en 1 (nettoyante et d\u00e9sinfectante des surfaces\" \/>\n<meta name=\"robots\" content=\"index, follow, max-snippet:-1, max-image-preview:large, max-video-preview:-1\" \/>\n<link rel=\"canonical\" href=\"https:\/\/www.vetorino.com\/boutique\/product\/axisurf-spray-nd\/\" \/>\n<meta property=\"og:locale\" content=\"fr_FR\" \/>\n<meta property=\"og:type\" content=\"article\" \/>\n<meta property=\"og:title\" content=\"Nettoyant d\u00e9sinfectant Axisurf spray ND Axience - V\u00e9torino\" \/>\n<meta property=\"og:description\" content=\"AXIENCEBasse-courNETTOYAGE ET DESINFECTION DES SURFACES Solution hydro-alcoolique pr\u00eate \u00e0 l&#039;emploi, 2 en 1 (nettoyante et d\u00e9sinfectante des surfaces\" \/>\n<meta property=\"og:url\" content=\"https:\/\/www.vetorino.com\/boutique\/product\/axisurf-spray-nd\/\" \/>\n<meta property=\"og:site_name\" content=\"V\u00e9torino\" \/>\n<meta property=\"article:publisher\" content=\"https:\/\/www.facebook.com\/Vetorino\/\" \/>\n<meta property=\"article:modified_time\" content=\"2025-01-30T01:42:27+00:00\" \/>\n<meta property=\"og:image\" content=\"https:\/\/www.vetorino.com\/boutique\/wp-content\/uploads\/2020\/06\/FilsAXI405FormatMediumTypeIM-8.png\" \/>\n\t<meta property=\"og:image:width\" content=\"400\" \/>\n\t<meta property=\"og:image:height\" content=\"400\" \/>\n\t<meta property=\"og:image:type\" content=\"image\/png\" \/>\n<meta name=\"twitter:card\" content=\"summary_large_image\" \/>\n<meta name=\"twitter:label1\" content=\"Prix\" \/>\n\t<meta name=\"twitter:data1\" content=\"94,41&euro;\" \/>\n\t<meta name=\"twitter:label2\" content=\"Disponibilit\u00e9\" \/>\n\t<meta name=\"twitter:data2\" content=\"En stock\" \/>\n<script type=\"application\/ld+json\" class=\"yoast-schema-graph\">{\"@context\":\"https:\\\/\\\/schema.org\",\"@graph\":[{\"@type\":\"WebPage\",\"@id\":\"https:\\\/\\\/www.vetorino.com\\\/boutique\\\/product\\\/axisurf-spray-nd\\\/\",\"url\":\"https:\\\/\\\/www.vetorino.com\\\/boutique\\\/product\\\/axisurf-spray-nd\\\/\",\"name\":\"Nettoyant d\u00e9sinfectant Axisurf spray ND Axience - V\u00e9torino\",\"isPartOf\":{\"@id\":\"https:\\\/\\\/www.vetorino.com\\\/boutique\\\/#website\"},\"primaryImageOfPage\":{\"@id\":\"https:\\\/\\\/www.vetorino.com\\\/boutique\\\/product\\\/axisurf-spray-nd\\\/#primaryimage\"},\"image\":{\"@id\":\"https:\\\/\\\/www.vetorino.com\\\/boutique\\\/product\\\/axisurf-spray-nd\\\/#primaryimage\"},\"thumbnailUrl\":\"https:\\\/\\\/www.vetorino.com\\\/boutique\\\/wp-content\\\/uploads\\\/2020\\\/06\\\/FilsAXI405FormatMediumTypeIM-8.png\",\"datePublished\":\"2020-06-26T11:49:22+00:00\",\"dateModified\":\"2025-01-30T01:42:27+00:00\",\"description\":\"AXIENCEBasse-courNETTOYAGE ET DESINFECTION DES SURFACES Solution hydro-alcoolique pr\u00eate \u00e0 l'emploi, 2 en 1 (nettoyante et d\u00e9sinfectante des surfaces\",\"breadcrumb\":{\"@id\":\"https:\\\/\\\/www.vetorino.com\\\/boutique\\\/product\\\/axisurf-spray-nd\\\/#breadcrumb\"},\"inLanguage\":\"fr-FR\",\"potentialAction\":[{\"@type\":\"ReadAction\",\"target\":[\"https:\\\/\\\/www.vetorino.com\\\/boutique\\\/product\\\/axisurf-spray-nd\\\/\"]}]},{\"@type\":\"ImageObject\",\"inLanguage\":\"fr-FR\",\"@id\":\"https:\\\/\\\/www.vetorino.com\\\/boutique\\\/product\\\/axisurf-spray-nd\\\/#primaryimage\",\"url\":\"https:\\\/\\\/www.vetorino.com\\\/boutique\\\/wp-content\\\/uploads\\\/2020\\\/06\\\/FilsAXI405FormatMediumTypeIM-8.png\",\"contentUrl\":\"https:\\\/\\\/www.vetorino.com\\\/boutique\\\/wp-content\\\/uploads\\\/2020\\\/06\\\/FilsAXI405FormatMediumTypeIM-8.png\",\"width\":400,\"height\":400},{\"@type\":\"BreadcrumbList\",\"@id\":\"https:\\\/\\\/www.vetorino.com\\\/boutique\\\/product\\\/axisurf-spray-nd\\\/#breadcrumb\",\"itemListElement\":[{\"@type\":\"ListItem\",\"position\":1,\"name\":\"Accueil\",\"item\":\"https:\\\/\\\/www.vetorino.com\\\/boutique\\\/\"},{\"@type\":\"ListItem\",\"position\":2,\"name\":\"Produits\",\"item\":\"https:\\\/\\\/www.vetorino.com\\\/boutique\\\/\"},{\"@type\":\"ListItem\",\"position\":3,\"name\":\"Nettoyant d\u00e9sinfectant Axisurf spray ND\"}]},{\"@type\":\"WebSite\",\"@id\":\"https:\\\/\\\/www.vetorino.com\\\/boutique\\\/#website\",\"url\":\"https:\\\/\\\/www.vetorino.com\\\/boutique\\\/\",\"name\":\"V\u00e9torino\",\"description\":\"\",\"publisher\":{\"@id\":\"https:\\\/\\\/www.vetorino.com\\\/boutique\\\/#organization\"},\"potentialAction\":[{\"@type\":\"SearchAction\",\"target\":{\"@type\":\"EntryPoint\",\"urlTemplate\":\"https:\\\/\\\/www.vetorino.com\\\/boutique\\\/?s={search_term_string}\"},\"query-input\":{\"@type\":\"PropertyValueSpecification\",\"valueRequired\":true,\"valueName\":\"search_term_string\"}}],\"inLanguage\":\"fr-FR\"},{\"@type\":\"Organization\",\"@id\":\"https:\\\/\\\/www.vetorino.com\\\/boutique\\\/#organization\",\"name\":\"V\u00e9torino\",\"url\":\"https:\\\/\\\/www.vetorino.com\\\/boutique\\\/\",\"logo\":{\"@type\":\"ImageObject\",\"inLanguage\":\"fr-FR\",\"@id\":\"https:\\\/\\\/www.vetorino.com\\\/boutique\\\/#\\\/schema\\\/logo\\\/image\\\/\",\"url\":\"https:\\\/\\\/www.vetorino.com\\\/boutique\\\/wp-content\\\/uploads\\\/2024\\\/10\\\/logo.jpg\",\"contentUrl\":\"https:\\\/\\\/www.vetorino.com\\\/boutique\\\/wp-content\\\/uploads\\\/2024\\\/10\\\/logo.jpg\",\"width\":1200,\"height\":610,\"caption\":\"V\u00e9torino\"},\"image\":{\"@id\":\"https:\\\/\\\/www.vetorino.com\\\/boutique\\\/#\\\/schema\\\/logo\\\/image\\\/\"},\"sameAs\":[\"https:\\\/\\\/www.facebook.com\\\/Vetorino\\\/\",\"https:\\\/\\\/www.instagram.com\\\/vetorino_off\\\/\",\"https:\\\/\\\/www.linkedin.com\\\/company\\\/vtorino\\\/\"]}]}<\/script>\n<meta property=\"product:brand\" content=\"Axience\" \/>\n<meta property=\"product:price:amount\" content=\"94.41\" \/>\n<meta property=\"product:price:currency\" content=\"EUR\" \/>\n<meta property=\"og:availability\" content=\"instock\" \/>\n<meta property=\"product:availability\" content=\"instock\" \/>\n<meta property=\"product:retailer_item_id\" content=\"C-AXI405\" \/>\n<meta property=\"product:condition\" content=\"new\" \/>\n<!-- \/ Yoast SEO plugin. -->","yoast_head_json":{"title":"Nettoyant d\u00e9sinfectant Axisurf spray ND Axience - V\u00e9torino","description":"AXIENCEBasse-courNETTOYAGE ET DESINFECTION DES SURFACES Solution hydro-alcoolique pr\u00eate \u00e0 l'emploi, 2 en 1 (nettoyante et d\u00e9sinfectante des surfaces","robots":{"index":"index","follow":"follow","max-snippet":"max-snippet:-1","max-image-preview":"max-image-preview:large","max-video-preview":"max-video-preview:-1"},"canonical":"https:\/\/www.vetorino.com\/boutique\/product\/axisurf-spray-nd\/","og_locale":"fr_FR","og_type":"article","og_title":"Nettoyant d\u00e9sinfectant Axisurf spray ND Axience - V\u00e9torino","og_description":"AXIENCEBasse-courNETTOYAGE ET DESINFECTION DES SURFACES Solution hydro-alcoolique pr\u00eate \u00e0 l'emploi, 2 en 1 (nettoyante et d\u00e9sinfectante des surfaces","og_url":"https:\/\/www.vetorino.com\/boutique\/product\/axisurf-spray-nd\/","og_site_name":"V\u00e9torino","article_publisher":"https:\/\/www.facebook.com\/Vetorino\/","article_modified_time":"2025-01-30T01:42:27+00:00","og_image":[{"width":400,"height":400,"url":"https:\/\/www.vetorino.com\/boutique\/wp-content\/uploads\/2020\/06\/FilsAXI405FormatMediumTypeIM-8.png","type":"image\/png"}],"twitter_card":"summary_large_image","twitter_misc":{"Prix":"94,41&euro;","Disponibilit\u00e9":"En stock"},"schema":{"@context":"https:\/\/schema.org","@graph":[{"@type":"WebPage","@id":"https:\/\/www.vetorino.com\/boutique\/product\/axisurf-spray-nd\/","url":"https:\/\/www.vetorino.com\/boutique\/product\/axisurf-spray-nd\/","name":"Nettoyant d\u00e9sinfectant Axisurf spray ND Axience - V\u00e9torino","isPartOf":{"@id":"https:\/\/www.vetorino.com\/boutique\/#website"},"primaryImageOfPage":{"@id":"https:\/\/www.vetorino.com\/boutique\/product\/axisurf-spray-nd\/#primaryimage"},"image":{"@id":"https:\/\/www.vetorino.com\/boutique\/product\/axisurf-spray-nd\/#primaryimage"},"thumbnailUrl":"https:\/\/www.vetorino.com\/boutique\/wp-content\/uploads\/2020\/06\/FilsAXI405FormatMediumTypeIM-8.png","datePublished":"2020-06-26T11:49:22+00:00","dateModified":"2025-01-30T01:42:27+00:00","description":"AXIENCEBasse-courNETTOYAGE ET DESINFECTION DES SURFACES Solution hydro-alcoolique pr\u00eate \u00e0 l'emploi, 2 en 1 (nettoyante et d\u00e9sinfectante des surfaces","breadcrumb":{"@id":"https:\/\/www.vetorino.com\/boutique\/product\/axisurf-spray-nd\/#breadcrumb"},"inLanguage":"fr-FR","potentialAction":[{"@type":"ReadAction","target":["https:\/\/www.vetorino.com\/boutique\/product\/axisurf-spray-nd\/"]}]},{"@type":"ImageObject","inLanguage":"fr-FR","@id":"https:\/\/www.vetorino.com\/boutique\/product\/axisurf-spray-nd\/#primaryimage","url":"https:\/\/www.vetorino.com\/boutique\/wp-content\/uploads\/2020\/06\/FilsAXI405FormatMediumTypeIM-8.png","contentUrl":"https:\/\/www.vetorino.com\/boutique\/wp-content\/uploads\/2020\/06\/FilsAXI405FormatMediumTypeIM-8.png","width":400,"height":400},{"@type":"BreadcrumbList","@id":"https:\/\/www.vetorino.com\/boutique\/product\/axisurf-spray-nd\/#breadcrumb","itemListElement":[{"@type":"ListItem","position":1,"name":"Accueil","item":"https:\/\/www.vetorino.com\/boutique\/"},{"@type":"ListItem","position":2,"name":"Produits","item":"https:\/\/www.vetorino.com\/boutique\/"},{"@type":"ListItem","position":3,"name":"Nettoyant d\u00e9sinfectant Axisurf spray ND"}]},{"@type":"WebSite","@id":"https:\/\/www.vetorino.com\/boutique\/#website","url":"https:\/\/www.vetorino.com\/boutique\/","name":"V\u00e9torino","description":"","publisher":{"@id":"https:\/\/www.vetorino.com\/boutique\/#organization"},"potentialAction":[{"@type":"SearchAction","target":{"@type":"EntryPoint","urlTemplate":"https:\/\/www.vetorino.com\/boutique\/?s={search_term_string}"},"query-input":{"@type":"PropertyValueSpecification","valueRequired":true,"valueName":"search_term_string"}}],"inLanguage":"fr-FR"},{"@type":"Organization","@id":"https:\/\/www.vetorino.com\/boutique\/#organization","name":"V\u00e9torino","url":"https:\/\/www.vetorino.com\/boutique\/","logo":{"@type":"ImageObject","inLanguage":"fr-FR","@id":"https:\/\/www.vetorino.com\/boutique\/#\/schema\/logo\/image\/","url":"https:\/\/www.vetorino.com\/boutique\/wp-content\/uploads\/2024\/10\/logo.jpg","contentUrl":"https:\/\/www.vetorino.com\/boutique\/wp-content\/uploads\/2024\/10\/logo.jpg","width":1200,"height":610,"caption":"V\u00e9torino"},"image":{"@id":"https:\/\/www.vetorino.com\/boutique\/#\/schema\/logo\/image\/"},"sameAs":["https:\/\/www.facebook.com\/Vetorino\/","https:\/\/www.instagram.com\/vetorino_off\/","https:\/\/www.linkedin.com\/company\/vtorino\/"]}]},"product_brand":"Axience","product_price_amount":"94.41","product_price_currency":"EUR","og_availability":"instock","product_availability":"instock","product_retailer_item_id":"C-AXI405","product_condition":"new"},"_links":{"self":[{"href":"https:\/\/www.vetorino.com\/boutique\/wp-json\/wp\/v2\/product\/90394","targetHints":{"allow":["GET"]}}],"collection":[{"href":"https:\/\/www.vetorino.com\/boutique\/wp-json\/wp\/v2\/product"}],"about":[{"href":"https:\/\/www.vetorino.com\/boutique\/wp-json\/wp\/v2\/types\/product"}],"wp:featuredmedia":[{"embeddable":true,"href":"https:\/\/www.vetorino.com\/boutique\/wp-json\/wp\/v2\/media\/90393"}],"wp:attachment":[{"href":"https:\/\/www.vetorino.com\/boutique\/wp-json\/wp\/v2\/media?parent=90394"}],"wp:term":[{"taxonomy":"product_cat","embeddable":true,"href":"https:\/\/www.vetorino.com\/boutique\/wp-json\/wp\/v2\/product_cat?post=90394"},{"taxonomy":"product_tag","embeddable":true,"href":"https:\/\/www.vetorino.com\/boutique\/wp-json\/wp\/v2\/product_tag?post=90394"}],"curies":[{"name":"wp","href":"https:\/\/api.w.org\/{rel}","templated":true}]}}