{"id":90979,"date":"2020-06-26T14:04:20","date_gmt":"2020-06-26T12:04:20","guid":{"rendered":"https:\/\/www.vetorino.com\/boutique\/product\/boostagno\/"},"modified":"2026-04-04T02:42:05","modified_gmt":"2026-04-04T00:42:05","slug":"boostagno","status":"publish","type":"product","link":"https:\/\/www.vetorino.com\/boutique\/product\/boostagno\/","title":{"rendered":"Boostagno"},"content":{"rendered":"<p><strong>Boostagno s\u2019utilise chez des agneaux nouveau-n\u00e9s pour les aider au d\u00e9marrage, apr\u00e8s un agnelage difficile ou en cas de g\u00e9mellit\u00e9 par exemple.<\/strong><\/p>\n<p>Apportant \u00e9nergie, extraits de plantes (dont le th\u00e9, aux propri\u00e9t\u00e9s tonifiantes) ainsi que des vitamines, il est utile pour un coup de pouce aux agneaux<strong> ayant du mal \u00e0 se lever ou \u00e0 t\u00e9ter apr\u00e8s la naissance ou un \u00e9pisode difficile.<\/strong><\/p>\n<p><strong>Mode d&#8217;emploi :<\/strong><\/p>\n<p><em>Administrer une dose de 2 mL de BOOSTAGNO le plus t\u00f4t possible apr\u00e8s\u00a0la naissance.<\/em><\/p>\n<p><em>Il est conseill\u00e9 de renouveler l\u2019op\u00e9ration dans les 6 heures suivantes\u00a0et le 2e jour si n\u00e9cessaire.<\/em><\/p>\n<p>Stocker dans un endroit frais et sec, \u00e0 l&#8217;abri de la lumi\u00e8re. Une fois ouvert, utiliser dans les 3 mois.<\/p>\n","protected":false},"excerpt":{"rendered":"<p>Boostagno est un <strong>aliment compl\u00e9mentaire<\/strong> qui apporte <strong>de l\u2019e\u0301nergie<\/strong> et <strong>des vitamines<\/strong> <strong>stimulant le de\u0301veloppement des agneaux nouveau-ne\u0301s.<\/strong><\/p>\n<div class=\"product-info-price\"><\/div>\n","protected":false},"featured_media":1450505,"template":"","meta":[],"product_cat":[6864,6873],"product_tag":[],"class_list":{"0":"post-90979","1":"product","2":"type-product","3":"status-publish","4":"has-post-thumbnail","6":"product_cat-animaux-delevage","7":"product_cat-ovins","8":"pa_marque-bimeda","10":"first","11":"instock","12":"taxable","13":"shipping-taxable","14":"purchasable","15":"product-type-simple"},"yoast_head":"<!-- This site is optimized with the Yoast SEO plugin v27.3 - https:\/\/yoast.com\/product\/yoast-seo-wordpress\/ -->\n<title>Boostagno Bimeda - V\u00e9torino<\/title>\n<meta name=\"description\" content=\"Boostagno est un aliment compl\u00e9mentaire qui apporte de l\u2019e\u0301nergie et des vitamines stimulant le de\u0301veloppement des agneaux nouveau-ne\u0301s.\" \/>\n<meta name=\"robots\" content=\"index, follow, max-snippet:-1, max-image-preview:large, max-video-preview:-1\" \/>\n<link rel=\"canonical\" href=\"https:\/\/www.vetorino.com\/boutique\/product\/boostagno\/\" \/>\n<meta property=\"og:locale\" content=\"fr_FR\" \/>\n<meta property=\"og:type\" content=\"article\" \/>\n<meta property=\"og:title\" content=\"Boostagno Bimeda - V\u00e9torino\" \/>\n<meta property=\"og:description\" content=\"Boostagno est un aliment compl\u00e9mentaire qui apporte de l\u2019e\u0301nergie et des vitamines stimulant le de\u0301veloppement des agneaux nouveau-ne\u0301s.\" \/>\n<meta property=\"og:url\" content=\"https:\/\/www.vetorino.com\/boutique\/product\/boostagno\/\" \/>\n<meta property=\"og:site_name\" content=\"V\u00e9torino\" \/>\n<meta property=\"article:publisher\" content=\"https:\/\/www.facebook.com\/Vetorino\/\" \/>\n<meta property=\"article:modified_time\" content=\"2026-04-04T00:42:05+00:00\" \/>\n<meta property=\"og:image\" content=\"https:\/\/www.vetorino.com\/boutique\/wp-content\/uploads\/2025\/08\/design_sans_titre_11_.webp\" \/>\n\t<meta property=\"og:image:width\" content=\"900\" \/>\n\t<meta property=\"og:image:height\" content=\"900\" \/>\n\t<meta property=\"og:image:type\" content=\"image\/webp\" \/>\n<meta name=\"twitter:card\" content=\"summary_large_image\" \/>\n<meta name=\"twitter:label1\" content=\"Prix\" \/>\n\t<meta name=\"twitter:data1\" content=\"29,66&euro;\" \/>\n\t<meta name=\"twitter:label2\" content=\"Disponibilit\u00e9\" \/>\n\t<meta name=\"twitter:data2\" content=\"En stock\" \/>\n<script type=\"application\/ld+json\" class=\"yoast-schema-graph\">{\"@context\":\"https:\\\/\\\/schema.org\",\"@graph\":[{\"@type\":\"WebPage\",\"@id\":\"https:\\\/\\\/www.vetorino.com\\\/boutique\\\/product\\\/boostagno\\\/\",\"url\":\"https:\\\/\\\/www.vetorino.com\\\/boutique\\\/product\\\/boostagno\\\/\",\"name\":\"Boostagno Bimeda - V\u00e9torino\",\"isPartOf\":{\"@id\":\"https:\\\/\\\/www.vetorino.com\\\/boutique\\\/#website\"},\"primaryImageOfPage\":{\"@id\":\"https:\\\/\\\/www.vetorino.com\\\/boutique\\\/product\\\/boostagno\\\/#primaryimage\"},\"image\":{\"@id\":\"https:\\\/\\\/www.vetorino.com\\\/boutique\\\/product\\\/boostagno\\\/#primaryimage\"},\"thumbnailUrl\":\"https:\\\/\\\/www.vetorino.com\\\/boutique\\\/wp-content\\\/uploads\\\/2025\\\/08\\\/design_sans_titre_11_.webp\",\"datePublished\":\"2020-06-26T12:04:20+00:00\",\"dateModified\":\"2026-04-04T00:42:05+00:00\",\"description\":\"Boostagno est un aliment compl\u00e9mentaire qui apporte de l\u2019e\u0301nergie et des vitamines stimulant le de\u0301veloppement des agneaux nouveau-ne\u0301s.\",\"breadcrumb\":{\"@id\":\"https:\\\/\\\/www.vetorino.com\\\/boutique\\\/product\\\/boostagno\\\/#breadcrumb\"},\"inLanguage\":\"fr-FR\",\"potentialAction\":[{\"@type\":\"ReadAction\",\"target\":[\"https:\\\/\\\/www.vetorino.com\\\/boutique\\\/product\\\/boostagno\\\/\"]}]},{\"@type\":\"ImageObject\",\"inLanguage\":\"fr-FR\",\"@id\":\"https:\\\/\\\/www.vetorino.com\\\/boutique\\\/product\\\/boostagno\\\/#primaryimage\",\"url\":\"https:\\\/\\\/www.vetorino.com\\\/boutique\\\/wp-content\\\/uploads\\\/2025\\\/08\\\/design_sans_titre_11_.webp\",\"contentUrl\":\"https:\\\/\\\/www.vetorino.com\\\/boutique\\\/wp-content\\\/uploads\\\/2025\\\/08\\\/design_sans_titre_11_.webp\",\"width\":900,\"height\":900},{\"@type\":\"BreadcrumbList\",\"@id\":\"https:\\\/\\\/www.vetorino.com\\\/boutique\\\/product\\\/boostagno\\\/#breadcrumb\",\"itemListElement\":[{\"@type\":\"ListItem\",\"position\":1,\"name\":\"Accueil\",\"item\":\"https:\\\/\\\/www.vetorino.com\\\/boutique\\\/\"},{\"@type\":\"ListItem\",\"position\":2,\"name\":\"Produits\",\"item\":\"https:\\\/\\\/www.vetorino.com\\\/boutique\\\/\"},{\"@type\":\"ListItem\",\"position\":3,\"name\":\"Boostagno\"}]},{\"@type\":\"WebSite\",\"@id\":\"https:\\\/\\\/www.vetorino.com\\\/boutique\\\/#website\",\"url\":\"https:\\\/\\\/www.vetorino.com\\\/boutique\\\/\",\"name\":\"V\u00e9torino\",\"description\":\"\",\"publisher\":{\"@id\":\"https:\\\/\\\/www.vetorino.com\\\/boutique\\\/#organization\"},\"potentialAction\":[{\"@type\":\"SearchAction\",\"target\":{\"@type\":\"EntryPoint\",\"urlTemplate\":\"https:\\\/\\\/www.vetorino.com\\\/boutique\\\/?s={search_term_string}\"},\"query-input\":{\"@type\":\"PropertyValueSpecification\",\"valueRequired\":true,\"valueName\":\"search_term_string\"}}],\"inLanguage\":\"fr-FR\"},{\"@type\":\"Organization\",\"@id\":\"https:\\\/\\\/www.vetorino.com\\\/boutique\\\/#organization\",\"name\":\"V\u00e9torino\",\"url\":\"https:\\\/\\\/www.vetorino.com\\\/boutique\\\/\",\"logo\":{\"@type\":\"ImageObject\",\"inLanguage\":\"fr-FR\",\"@id\":\"https:\\\/\\\/www.vetorino.com\\\/boutique\\\/#\\\/schema\\\/logo\\\/image\\\/\",\"url\":\"https:\\\/\\\/www.vetorino.com\\\/boutique\\\/wp-content\\\/uploads\\\/2024\\\/10\\\/logo.jpg\",\"contentUrl\":\"https:\\\/\\\/www.vetorino.com\\\/boutique\\\/wp-content\\\/uploads\\\/2024\\\/10\\\/logo.jpg\",\"width\":1200,\"height\":610,\"caption\":\"V\u00e9torino\"},\"image\":{\"@id\":\"https:\\\/\\\/www.vetorino.com\\\/boutique\\\/#\\\/schema\\\/logo\\\/image\\\/\"},\"sameAs\":[\"https:\\\/\\\/www.facebook.com\\\/Vetorino\\\/\",\"https:\\\/\\\/www.instagram.com\\\/vetorino_off\\\/\",\"https:\\\/\\\/www.linkedin.com\\\/company\\\/vtorino\\\/\"]}]}<\/script>\n<meta property=\"product:brand\" content=\"Bimeda\" \/>\n<meta property=\"product:price:amount\" content=\"29.66\" \/>\n<meta property=\"product:price:currency\" content=\"EUR\" \/>\n<meta property=\"og:availability\" content=\"instock\" \/>\n<meta property=\"product:availability\" content=\"instock\" \/>\n<meta property=\"product:retailer_item_id\" content=\"C-BOO001\" \/>\n<meta property=\"product:condition\" content=\"new\" \/>\n<!-- \/ Yoast SEO plugin. -->","yoast_head_json":{"title":"Boostagno Bimeda - V\u00e9torino","description":"Boostagno est un aliment compl\u00e9mentaire qui apporte de l\u2019e\u0301nergie et des vitamines stimulant le de\u0301veloppement des agneaux nouveau-ne\u0301s.","robots":{"index":"index","follow":"follow","max-snippet":"max-snippet:-1","max-image-preview":"max-image-preview:large","max-video-preview":"max-video-preview:-1"},"canonical":"https:\/\/www.vetorino.com\/boutique\/product\/boostagno\/","og_locale":"fr_FR","og_type":"article","og_title":"Boostagno Bimeda - V\u00e9torino","og_description":"Boostagno est un aliment compl\u00e9mentaire qui apporte de l\u2019e\u0301nergie et des vitamines stimulant le de\u0301veloppement des agneaux nouveau-ne\u0301s.","og_url":"https:\/\/www.vetorino.com\/boutique\/product\/boostagno\/","og_site_name":"V\u00e9torino","article_publisher":"https:\/\/www.facebook.com\/Vetorino\/","article_modified_time":"2026-04-04T00:42:05+00:00","og_image":[{"width":900,"height":900,"url":"https:\/\/www.vetorino.com\/boutique\/wp-content\/uploads\/2025\/08\/design_sans_titre_11_.webp","type":"image\/webp"}],"twitter_card":"summary_large_image","twitter_misc":{"Prix":"29,66&euro;","Disponibilit\u00e9":"En stock"},"schema":{"@context":"https:\/\/schema.org","@graph":[{"@type":"WebPage","@id":"https:\/\/www.vetorino.com\/boutique\/product\/boostagno\/","url":"https:\/\/www.vetorino.com\/boutique\/product\/boostagno\/","name":"Boostagno Bimeda - V\u00e9torino","isPartOf":{"@id":"https:\/\/www.vetorino.com\/boutique\/#website"},"primaryImageOfPage":{"@id":"https:\/\/www.vetorino.com\/boutique\/product\/boostagno\/#primaryimage"},"image":{"@id":"https:\/\/www.vetorino.com\/boutique\/product\/boostagno\/#primaryimage"},"thumbnailUrl":"https:\/\/www.vetorino.com\/boutique\/wp-content\/uploads\/2025\/08\/design_sans_titre_11_.webp","datePublished":"2020-06-26T12:04:20+00:00","dateModified":"2026-04-04T00:42:05+00:00","description":"Boostagno est un aliment compl\u00e9mentaire qui apporte de l\u2019e\u0301nergie et des vitamines stimulant le de\u0301veloppement des agneaux nouveau-ne\u0301s.","breadcrumb":{"@id":"https:\/\/www.vetorino.com\/boutique\/product\/boostagno\/#breadcrumb"},"inLanguage":"fr-FR","potentialAction":[{"@type":"ReadAction","target":["https:\/\/www.vetorino.com\/boutique\/product\/boostagno\/"]}]},{"@type":"ImageObject","inLanguage":"fr-FR","@id":"https:\/\/www.vetorino.com\/boutique\/product\/boostagno\/#primaryimage","url":"https:\/\/www.vetorino.com\/boutique\/wp-content\/uploads\/2025\/08\/design_sans_titre_11_.webp","contentUrl":"https:\/\/www.vetorino.com\/boutique\/wp-content\/uploads\/2025\/08\/design_sans_titre_11_.webp","width":900,"height":900},{"@type":"BreadcrumbList","@id":"https:\/\/www.vetorino.com\/boutique\/product\/boostagno\/#breadcrumb","itemListElement":[{"@type":"ListItem","position":1,"name":"Accueil","item":"https:\/\/www.vetorino.com\/boutique\/"},{"@type":"ListItem","position":2,"name":"Produits","item":"https:\/\/www.vetorino.com\/boutique\/"},{"@type":"ListItem","position":3,"name":"Boostagno"}]},{"@type":"WebSite","@id":"https:\/\/www.vetorino.com\/boutique\/#website","url":"https:\/\/www.vetorino.com\/boutique\/","name":"V\u00e9torino","description":"","publisher":{"@id":"https:\/\/www.vetorino.com\/boutique\/#organization"},"potentialAction":[{"@type":"SearchAction","target":{"@type":"EntryPoint","urlTemplate":"https:\/\/www.vetorino.com\/boutique\/?s={search_term_string}"},"query-input":{"@type":"PropertyValueSpecification","valueRequired":true,"valueName":"search_term_string"}}],"inLanguage":"fr-FR"},{"@type":"Organization","@id":"https:\/\/www.vetorino.com\/boutique\/#organization","name":"V\u00e9torino","url":"https:\/\/www.vetorino.com\/boutique\/","logo":{"@type":"ImageObject","inLanguage":"fr-FR","@id":"https:\/\/www.vetorino.com\/boutique\/#\/schema\/logo\/image\/","url":"https:\/\/www.vetorino.com\/boutique\/wp-content\/uploads\/2024\/10\/logo.jpg","contentUrl":"https:\/\/www.vetorino.com\/boutique\/wp-content\/uploads\/2024\/10\/logo.jpg","width":1200,"height":610,"caption":"V\u00e9torino"},"image":{"@id":"https:\/\/www.vetorino.com\/boutique\/#\/schema\/logo\/image\/"},"sameAs":["https:\/\/www.facebook.com\/Vetorino\/","https:\/\/www.instagram.com\/vetorino_off\/","https:\/\/www.linkedin.com\/company\/vtorino\/"]}]},"product_brand":"Bimeda","product_price_amount":"29.66","product_price_currency":"EUR","og_availability":"instock","product_availability":"instock","product_retailer_item_id":"C-BOO001","product_condition":"new"},"_links":{"self":[{"href":"https:\/\/www.vetorino.com\/boutique\/wp-json\/wp\/v2\/product\/90979","targetHints":{"allow":["GET"]}}],"collection":[{"href":"https:\/\/www.vetorino.com\/boutique\/wp-json\/wp\/v2\/product"}],"about":[{"href":"https:\/\/www.vetorino.com\/boutique\/wp-json\/wp\/v2\/types\/product"}],"wp:featuredmedia":[{"embeddable":true,"href":"https:\/\/www.vetorino.com\/boutique\/wp-json\/wp\/v2\/media\/1450505"}],"wp:attachment":[{"href":"https:\/\/www.vetorino.com\/boutique\/wp-json\/wp\/v2\/media?parent=90979"}],"wp:term":[{"taxonomy":"product_cat","embeddable":true,"href":"https:\/\/www.vetorino.com\/boutique\/wp-json\/wp\/v2\/product_cat?post=90979"},{"taxonomy":"product_tag","embeddable":true,"href":"https:\/\/www.vetorino.com\/boutique\/wp-json\/wp\/v2\/product_tag?post=90979"}],"curies":[{"name":"wp","href":"https:\/\/api.w.org\/{rel}","templated":true}]}}