{"id":91442,"date":"2020-06-26T14:10:49","date_gmt":"2020-06-26T12:10:49","guid":{"rendered":"https:\/\/www.vetorino.com\/boutique\/product\/brosse-zoom-groom-kong\/"},"modified":"2026-03-09T02:42:17","modified_gmt":"2026-03-09T01:42:17","slug":"brosse-zoom-groom-kong","status":"publish","type":"product","link":"https:\/\/www.vetorino.com\/boutique\/product\/brosse-zoom-groom-kong\/","title":{"rendered":"Brosse Zoom Groom Kong &#8211; chat chien"},"content":{"rendered":"<p>La brosse de massage Zoom Groom de KONG est faite <strong>pour le massage et le nettoyage doux du pelage de votre chat\/chien. <\/strong><\/p>\n<p>Gr\u00e2ce \u00e0 la forme de cette brosse de massage, il vous sera facile de brosser votre compagnon.<\/p>\n<p>Avec ses picots mous en caoutchouc, <strong>le pelage est compl\u00e8tement lib\u00e9r\u00e9 des poils morts et de la poussi\u00e8re.<\/strong><\/p>\n<p>Convient \u00e0 <strong>toutes les longueurs<\/strong> de poil. Id\u00e9ale pour les animaux qui n&#8217;aiment pas qu&#8217;on les brosse. La plupart adoreront ce massage.<\/p>\n<p><em>Chat : Dimensions : L 11,4 x l 7 x H 3 cm environ.<\/em><\/p>\n<p><em>Chien : Dimensions : P 4 x l 7,4 x H 12cm environ<\/em><\/p>\n","protected":false},"excerpt":{"rendered":"<p>La brosse de massage Zoom Groom de KONG est faite <strong>pour le massage et le nettoyage doux du pelage de votre chat\/chien. <\/strong><\/p>\n<p>Gr\u00e2ce \u00e0 la forme de cette brosse de massage, il vous sera facile de brosser votre compagnon.<\/p>\n<p>Avec ses picots mous en caoutchouc, <strong>le pelage est compl\u00e8tement lib\u00e9r\u00e9 des poils morts et de la poussi\u00e8re.<\/strong><\/p>\n<p>Convient \u00e0 <strong>toutes les longueurs<\/strong> de poil. Id\u00e9ale pour les animaux qui n&#8217;aiment pas qu&#8217;on les brosse. La plupart adoreront ce massage.<\/p>\n","protected":false},"featured_media":1441333,"template":"","meta":[],"product_cat":[12548,12573,12550,12590,2697,2698,12612],"product_tag":[],"class_list":{"0":"post-91442","1":"product","2":"type-product","3":"status-publish","4":"has-post-thumbnail","6":"product_cat-accessoire-du-chat","7":"product_cat-accessoire-pour-lhygiene-du-chien","8":"product_cat-accessoires-du-chien","9":"product_cat-brosses-pour-chat","10":"product_cat-chat","11":"product_cat-chien","12":"product_cat-hygiene-de-la-peau-et-du-pelage-du-chien","13":"pa_marque-materiel","15":"first","16":"instock","17":"taxable","18":"shipping-taxable","19":"purchasable","20":"product-type-variable"},"yoast_head":"<!-- This site is optimized with the Yoast SEO plugin v27.3 - https:\/\/yoast.com\/product\/yoast-seo-wordpress\/ -->\n<title>Brosse Zoom Groom Kong - chat chien Mat\u00e9riel - V\u00e9torino<\/title>\n<meta name=\"description\" content=\"La brosse de massage Zoom Groom de KONG est faite pour le massage et le nettoyage doux du pelage de votre chat\/chien.   Gr\u00e2ce \u00e0 la forme de cette brosse de massage, il vous sera facile de brosser votre compagnon.  Avec ses picots mous en caoutchouc, le pelage est compl\u00e8tement lib\u00e9r\u00e9 des poils morts et de la poussi\u00e8re.  Convient \u00e0 toutes les longueurs de poil. Id\u00e9ale pour les animaux qui n&#039;aiment pas qu&#039;on les brosse. La plupart adoreront ce massage.\" \/>\n<meta name=\"robots\" content=\"index, follow, max-snippet:-1, max-image-preview:large, max-video-preview:-1\" \/>\n<link rel=\"canonical\" href=\"https:\/\/www.vetorino.com\/boutique\/product\/brosse-zoom-groom-kong\/\" \/>\n<meta property=\"og:locale\" content=\"fr_FR\" \/>\n<meta property=\"og:type\" content=\"article\" \/>\n<meta property=\"og:title\" content=\"Brosse Zoom Groom Kong - chat chien Mat\u00e9riel - V\u00e9torino\" \/>\n<meta property=\"og:description\" content=\"La brosse de massage Zoom Groom de KONG est faite pour le massage et le nettoyage doux du pelage de votre chat\/chien.   Gr\u00e2ce \u00e0 la forme de cette brosse de massage, il vous sera facile de brosser votre compagnon.  Avec ses picots mous en caoutchouc, le pelage est compl\u00e8tement lib\u00e9r\u00e9 des poils morts et de la poussi\u00e8re.  Convient \u00e0 toutes les longueurs de poil. Id\u00e9ale pour les animaux qui n&#039;aiment pas qu&#039;on les brosse. La plupart adoreront ce massage.\" \/>\n<meta property=\"og:url\" content=\"https:\/\/www.vetorino.com\/boutique\/product\/brosse-zoom-groom-kong\/\" \/>\n<meta property=\"og:site_name\" content=\"V\u00e9torino\" \/>\n<meta property=\"article:publisher\" content=\"https:\/\/www.facebook.com\/Vetorino\/\" \/>\n<meta property=\"article:modified_time\" content=\"2026-03-09T01:42:17+00:00\" \/>\n<meta property=\"og:image\" content=\"https:\/\/www.vetorino.com\/boutique\/wp-content\/uploads\/2020\/06\/pla_kong_catbuerstezoomgroom_hs_01_6.jpg\" \/>\n\t<meta property=\"og:image:width\" content=\"800\" \/>\n\t<meta property=\"og:image:height\" content=\"800\" \/>\n\t<meta property=\"og:image:type\" content=\"image\/jpeg\" \/>\n<meta name=\"twitter:card\" content=\"summary_large_image\" \/>\n<meta name=\"twitter:label1\" content=\"Disponibilit\u00e9\" \/>\n\t<meta name=\"twitter:data1\" content=\"En stock\" \/>\n<script type=\"application\/ld+json\" class=\"yoast-schema-graph\">{\"@context\":\"https:\\\/\\\/schema.org\",\"@graph\":[{\"@type\":\"WebPage\",\"@id\":\"https:\\\/\\\/www.vetorino.com\\\/boutique\\\/product\\\/brosse-zoom-groom-kong\\\/\",\"url\":\"https:\\\/\\\/www.vetorino.com\\\/boutique\\\/product\\\/brosse-zoom-groom-kong\\\/\",\"name\":\"Brosse Zoom Groom Kong - chat chien Mat\u00e9riel - V\u00e9torino\",\"isPartOf\":{\"@id\":\"https:\\\/\\\/www.vetorino.com\\\/boutique\\\/#website\"},\"primaryImageOfPage\":{\"@id\":\"https:\\\/\\\/www.vetorino.com\\\/boutique\\\/product\\\/brosse-zoom-groom-kong\\\/#primaryimage\"},\"image\":{\"@id\":\"https:\\\/\\\/www.vetorino.com\\\/boutique\\\/product\\\/brosse-zoom-groom-kong\\\/#primaryimage\"},\"thumbnailUrl\":\"https:\\\/\\\/www.vetorino.com\\\/boutique\\\/wp-content\\\/uploads\\\/2020\\\/06\\\/pla_kong_catbuerstezoomgroom_hs_01_6.jpg\",\"datePublished\":\"2020-06-26T12:10:49+00:00\",\"dateModified\":\"2026-03-09T01:42:17+00:00\",\"description\":\"La brosse de massage Zoom Groom de KONG est faite pour le massage et le nettoyage doux du pelage de votre chat\\\/chien. Gr\u00e2ce \u00e0 la forme de cette brosse de massage, il vous sera facile de brosser votre compagnon. Avec ses picots mous en caoutchouc, le pelage est compl\u00e8tement lib\u00e9r\u00e9 des poils morts et de la poussi\u00e8re. Convient \u00e0 toutes les longueurs de poil. Id\u00e9ale pour les animaux qui n'aiment pas qu'on les brosse. La plupart adoreront ce massage.\",\"breadcrumb\":{\"@id\":\"https:\\\/\\\/www.vetorino.com\\\/boutique\\\/product\\\/brosse-zoom-groom-kong\\\/#breadcrumb\"},\"inLanguage\":\"fr-FR\",\"potentialAction\":[{\"@type\":\"ReadAction\",\"target\":[\"https:\\\/\\\/www.vetorino.com\\\/boutique\\\/product\\\/brosse-zoom-groom-kong\\\/\"]}]},{\"@type\":\"ImageObject\",\"inLanguage\":\"fr-FR\",\"@id\":\"https:\\\/\\\/www.vetorino.com\\\/boutique\\\/product\\\/brosse-zoom-groom-kong\\\/#primaryimage\",\"url\":\"https:\\\/\\\/www.vetorino.com\\\/boutique\\\/wp-content\\\/uploads\\\/2020\\\/06\\\/pla_kong_catbuerstezoomgroom_hs_01_6.jpg\",\"contentUrl\":\"https:\\\/\\\/www.vetorino.com\\\/boutique\\\/wp-content\\\/uploads\\\/2020\\\/06\\\/pla_kong_catbuerstezoomgroom_hs_01_6.jpg\",\"width\":800,\"height\":800},{\"@type\":\"BreadcrumbList\",\"@id\":\"https:\\\/\\\/www.vetorino.com\\\/boutique\\\/product\\\/brosse-zoom-groom-kong\\\/#breadcrumb\",\"itemListElement\":[{\"@type\":\"ListItem\",\"position\":1,\"name\":\"Accueil\",\"item\":\"https:\\\/\\\/www.vetorino.com\\\/boutique\\\/\"},{\"@type\":\"ListItem\",\"position\":2,\"name\":\"Produits\",\"item\":\"https:\\\/\\\/www.vetorino.com\\\/boutique\\\/\"},{\"@type\":\"ListItem\",\"position\":3,\"name\":\"Brosse Zoom Groom Kong &#8211; chat chien\"}]},{\"@type\":\"WebSite\",\"@id\":\"https:\\\/\\\/www.vetorino.com\\\/boutique\\\/#website\",\"url\":\"https:\\\/\\\/www.vetorino.com\\\/boutique\\\/\",\"name\":\"V\u00e9torino\",\"description\":\"\",\"publisher\":{\"@id\":\"https:\\\/\\\/www.vetorino.com\\\/boutique\\\/#organization\"},\"potentialAction\":[{\"@type\":\"SearchAction\",\"target\":{\"@type\":\"EntryPoint\",\"urlTemplate\":\"https:\\\/\\\/www.vetorino.com\\\/boutique\\\/?s={search_term_string}\"},\"query-input\":{\"@type\":\"PropertyValueSpecification\",\"valueRequired\":true,\"valueName\":\"search_term_string\"}}],\"inLanguage\":\"fr-FR\"},{\"@type\":\"Organization\",\"@id\":\"https:\\\/\\\/www.vetorino.com\\\/boutique\\\/#organization\",\"name\":\"V\u00e9torino\",\"url\":\"https:\\\/\\\/www.vetorino.com\\\/boutique\\\/\",\"logo\":{\"@type\":\"ImageObject\",\"inLanguage\":\"fr-FR\",\"@id\":\"https:\\\/\\\/www.vetorino.com\\\/boutique\\\/#\\\/schema\\\/logo\\\/image\\\/\",\"url\":\"https:\\\/\\\/www.vetorino.com\\\/boutique\\\/wp-content\\\/uploads\\\/2024\\\/10\\\/logo.jpg\",\"contentUrl\":\"https:\\\/\\\/www.vetorino.com\\\/boutique\\\/wp-content\\\/uploads\\\/2024\\\/10\\\/logo.jpg\",\"width\":1200,\"height\":610,\"caption\":\"V\u00e9torino\"},\"image\":{\"@id\":\"https:\\\/\\\/www.vetorino.com\\\/boutique\\\/#\\\/schema\\\/logo\\\/image\\\/\"},\"sameAs\":[\"https:\\\/\\\/www.facebook.com\\\/Vetorino\\\/\",\"https:\\\/\\\/www.instagram.com\\\/vetorino_off\\\/\",\"https:\\\/\\\/www.linkedin.com\\\/company\\\/vtorino\\\/\"]}]}<\/script>\n<meta property=\"product:brand\" content=\"Mat\u00e9riel\" \/>\n<meta property=\"og:availability\" content=\"instock\" \/>\n<meta property=\"product:availability\" content=\"instock\" \/>\n<meta property=\"product:condition\" content=\"new\" \/>\n<!-- \/ Yoast SEO plugin. -->","yoast_head_json":{"title":"Brosse Zoom Groom Kong - chat chien Mat\u00e9riel - V\u00e9torino","description":"La brosse de massage Zoom Groom de KONG est faite pour le massage et le nettoyage doux du pelage de votre chat\/chien.   Gr\u00e2ce \u00e0 la forme de cette brosse de massage, il vous sera facile de brosser votre compagnon.  Avec ses picots mous en caoutchouc, le pelage est compl\u00e8tement lib\u00e9r\u00e9 des poils morts et de la poussi\u00e8re.  Convient \u00e0 toutes les longueurs de poil. Id\u00e9ale pour les animaux qui n'aiment pas qu'on les brosse. La plupart adoreront ce massage.","robots":{"index":"index","follow":"follow","max-snippet":"max-snippet:-1","max-image-preview":"max-image-preview:large","max-video-preview":"max-video-preview:-1"},"canonical":"https:\/\/www.vetorino.com\/boutique\/product\/brosse-zoom-groom-kong\/","og_locale":"fr_FR","og_type":"article","og_title":"Brosse Zoom Groom Kong - chat chien Mat\u00e9riel - V\u00e9torino","og_description":"La brosse de massage Zoom Groom de KONG est faite pour le massage et le nettoyage doux du pelage de votre chat\/chien.   Gr\u00e2ce \u00e0 la forme de cette brosse de massage, il vous sera facile de brosser votre compagnon.  Avec ses picots mous en caoutchouc, le pelage est compl\u00e8tement lib\u00e9r\u00e9 des poils morts et de la poussi\u00e8re.  Convient \u00e0 toutes les longueurs de poil. Id\u00e9ale pour les animaux qui n'aiment pas qu'on les brosse. La plupart adoreront ce massage.","og_url":"https:\/\/www.vetorino.com\/boutique\/product\/brosse-zoom-groom-kong\/","og_site_name":"V\u00e9torino","article_publisher":"https:\/\/www.facebook.com\/Vetorino\/","article_modified_time":"2026-03-09T01:42:17+00:00","og_image":[{"width":800,"height":800,"url":"https:\/\/www.vetorino.com\/boutique\/wp-content\/uploads\/2020\/06\/pla_kong_catbuerstezoomgroom_hs_01_6.jpg","type":"image\/jpeg"}],"twitter_card":"summary_large_image","twitter_misc":{"Disponibilit\u00e9":"En stock"},"schema":{"@context":"https:\/\/schema.org","@graph":[{"@type":"WebPage","@id":"https:\/\/www.vetorino.com\/boutique\/product\/brosse-zoom-groom-kong\/","url":"https:\/\/www.vetorino.com\/boutique\/product\/brosse-zoom-groom-kong\/","name":"Brosse Zoom Groom Kong - chat chien Mat\u00e9riel - V\u00e9torino","isPartOf":{"@id":"https:\/\/www.vetorino.com\/boutique\/#website"},"primaryImageOfPage":{"@id":"https:\/\/www.vetorino.com\/boutique\/product\/brosse-zoom-groom-kong\/#primaryimage"},"image":{"@id":"https:\/\/www.vetorino.com\/boutique\/product\/brosse-zoom-groom-kong\/#primaryimage"},"thumbnailUrl":"https:\/\/www.vetorino.com\/boutique\/wp-content\/uploads\/2020\/06\/pla_kong_catbuerstezoomgroom_hs_01_6.jpg","datePublished":"2020-06-26T12:10:49+00:00","dateModified":"2026-03-09T01:42:17+00:00","description":"La brosse de massage Zoom Groom de KONG est faite pour le massage et le nettoyage doux du pelage de votre chat\/chien. Gr\u00e2ce \u00e0 la forme de cette brosse de massage, il vous sera facile de brosser votre compagnon. Avec ses picots mous en caoutchouc, le pelage est compl\u00e8tement lib\u00e9r\u00e9 des poils morts et de la poussi\u00e8re. Convient \u00e0 toutes les longueurs de poil. Id\u00e9ale pour les animaux qui n'aiment pas qu'on les brosse. La plupart adoreront ce massage.","breadcrumb":{"@id":"https:\/\/www.vetorino.com\/boutique\/product\/brosse-zoom-groom-kong\/#breadcrumb"},"inLanguage":"fr-FR","potentialAction":[{"@type":"ReadAction","target":["https:\/\/www.vetorino.com\/boutique\/product\/brosse-zoom-groom-kong\/"]}]},{"@type":"ImageObject","inLanguage":"fr-FR","@id":"https:\/\/www.vetorino.com\/boutique\/product\/brosse-zoom-groom-kong\/#primaryimage","url":"https:\/\/www.vetorino.com\/boutique\/wp-content\/uploads\/2020\/06\/pla_kong_catbuerstezoomgroom_hs_01_6.jpg","contentUrl":"https:\/\/www.vetorino.com\/boutique\/wp-content\/uploads\/2020\/06\/pla_kong_catbuerstezoomgroom_hs_01_6.jpg","width":800,"height":800},{"@type":"BreadcrumbList","@id":"https:\/\/www.vetorino.com\/boutique\/product\/brosse-zoom-groom-kong\/#breadcrumb","itemListElement":[{"@type":"ListItem","position":1,"name":"Accueil","item":"https:\/\/www.vetorino.com\/boutique\/"},{"@type":"ListItem","position":2,"name":"Produits","item":"https:\/\/www.vetorino.com\/boutique\/"},{"@type":"ListItem","position":3,"name":"Brosse Zoom Groom Kong &#8211; chat chien"}]},{"@type":"WebSite","@id":"https:\/\/www.vetorino.com\/boutique\/#website","url":"https:\/\/www.vetorino.com\/boutique\/","name":"V\u00e9torino","description":"","publisher":{"@id":"https:\/\/www.vetorino.com\/boutique\/#organization"},"potentialAction":[{"@type":"SearchAction","target":{"@type":"EntryPoint","urlTemplate":"https:\/\/www.vetorino.com\/boutique\/?s={search_term_string}"},"query-input":{"@type":"PropertyValueSpecification","valueRequired":true,"valueName":"search_term_string"}}],"inLanguage":"fr-FR"},{"@type":"Organization","@id":"https:\/\/www.vetorino.com\/boutique\/#organization","name":"V\u00e9torino","url":"https:\/\/www.vetorino.com\/boutique\/","logo":{"@type":"ImageObject","inLanguage":"fr-FR","@id":"https:\/\/www.vetorino.com\/boutique\/#\/schema\/logo\/image\/","url":"https:\/\/www.vetorino.com\/boutique\/wp-content\/uploads\/2024\/10\/logo.jpg","contentUrl":"https:\/\/www.vetorino.com\/boutique\/wp-content\/uploads\/2024\/10\/logo.jpg","width":1200,"height":610,"caption":"V\u00e9torino"},"image":{"@id":"https:\/\/www.vetorino.com\/boutique\/#\/schema\/logo\/image\/"},"sameAs":["https:\/\/www.facebook.com\/Vetorino\/","https:\/\/www.instagram.com\/vetorino_off\/","https:\/\/www.linkedin.com\/company\/vtorino\/"]}]},"product_brand":"Mat\u00e9riel","og_availability":"instock","product_availability":"instock","product_condition":"new"},"_links":{"self":[{"href":"https:\/\/www.vetorino.com\/boutique\/wp-json\/wp\/v2\/product\/91442","targetHints":{"allow":["GET"]}}],"collection":[{"href":"https:\/\/www.vetorino.com\/boutique\/wp-json\/wp\/v2\/product"}],"about":[{"href":"https:\/\/www.vetorino.com\/boutique\/wp-json\/wp\/v2\/types\/product"}],"wp:featuredmedia":[{"embeddable":true,"href":"https:\/\/www.vetorino.com\/boutique\/wp-json\/wp\/v2\/media\/1441333"}],"wp:attachment":[{"href":"https:\/\/www.vetorino.com\/boutique\/wp-json\/wp\/v2\/media?parent=91442"}],"wp:term":[{"taxonomy":"product_cat","embeddable":true,"href":"https:\/\/www.vetorino.com\/boutique\/wp-json\/wp\/v2\/product_cat?post=91442"},{"taxonomy":"product_tag","embeddable":true,"href":"https:\/\/www.vetorino.com\/boutique\/wp-json\/wp\/v2\/product_tag?post=91442"}],"curies":[{"name":"wp","href":"https:\/\/api.w.org\/{rel}","templated":true}]}}