{"id":92996,"date":"2020-06-29T12:18:30","date_gmt":"2020-06-29T10:18:30","guid":{"rendered":"https:\/\/www.vetorino.com\/boutique\/product\/canine-j-d-mini-2\/"},"modified":"2023-02-09T09:47:12","modified_gmt":"2023-02-09T08:47:12","slug":"hills-canine-j-d-mini","status":"publish","type":"product","link":"https:\/\/www.vetorino.com\/boutique\/product\/hills-canine-j-d-mini\/","title":{"rendered":"Canine J\/D Mini"},"content":{"rendered":"<p><strong>Ce produit sera supprim\u00e9 \u00e0 \u00e9puisement des stocks.\u00a0<\/strong><strong>Le fabricant propose en alternative :<\/strong><\/p>\n<ul>\n<li><strong> j\/d Mobility Croquettes pour Chien au Poulet<\/strong><\/li>\n<\/ul>\n<p>&nbsp;<\/p>\n<p><strong>Hill&#8217;s Canine j\/d Mini<\/strong> est un aliment di\u00e9t\u00e9tique complet pour le soutien du m\u00e9tabolisme articulaire dans le cas d&#8217;arthrose chez le chien adulte. Cet aliment di\u00e9t\u00e9tique contient une teneur \u00e9lev\u00e9e en EPA, acides gras Om\u00e9ga-3 totaux et vitamine E.<\/p>\n<p><strong>Utilisation :<\/strong><\/p>\n<ul>\n<li>Soutien des articulations des chiens adultes (-10kg) pr\u00e9sentant de l&#8217;arthrose.<\/li>\n<\/ul>\n<p>&nbsp;<\/p>\n","protected":false},"excerpt":{"rendered":"<p><strong>Hill&#8217;s Canine j\/d Mini<\/strong> est un aliment di\u00e9t\u00e9tique complet pour le soutien du m\u00e9tabolisme articulaire dans le cas d&#8217;arthrose chez le chien adulte. Cet aliment di\u00e9t\u00e9tique contient une teneur \u00e9lev\u00e9e en EPA, acides gras Om\u00e9ga-3 totaux et vitamine E.<\/p>\n<p><strong>Utilisation<\/strong><\/p>\n<ul>\n<li>Soutien des articulations des chiens adultes (-10kg) pr\u00e9sentant de l&#8217;arthrose<\/li>\n<\/ul>\n<p><strong>Ce produit sera supprim\u00e9 \u00e0 \u00e9puisement des stocks.\u00a0<\/strong><strong>Le fabricant propose en alternative :<\/strong><\/p>\n<ul>\n<li><strong> j\/d Mobility Croquettes pour Chien au Poulet<\/strong><\/li>\n<\/ul>\n","protected":false},"featured_media":304103,"template":"","meta":[],"product_cat":[12582,2698],"product_tag":[],"class_list":{"0":"post-92996","1":"product","2":"type-product","3":"status-publish","4":"has-post-thumbnail","6":"product_cat-alimentation-medicalisee-pour-chien","7":"product_cat-chien","8":"pa_marque-hills-pet-nutrition","10":"first","11":"instock","12":"taxable","13":"shipping-taxable","14":"purchasable","15":"product-type-variable"},"yoast_head":"<!-- This site is optimized with the Yoast SEO plugin v27.3 - https:\/\/yoast.com\/product\/yoast-seo-wordpress\/ -->\n<title>Canine J\/D Mini Hill&#039;s - V\u00e9torino<\/title>\n<meta name=\"description\" content=\"Hill&#039;s Canine j\/d Mini est un aliment sp\u00e9cialis\u00e9 pour le soutien du m\u00e9tabolisme articulaire dans le cas d&#039;arthrose chez les petits chiens.\" \/>\n<meta name=\"robots\" content=\"index, follow, max-snippet:-1, max-image-preview:large, max-video-preview:-1\" \/>\n<link rel=\"canonical\" href=\"https:\/\/www.vetorino.com\/boutique\/product\/hills-canine-j-d-mini\/\" \/>\n<meta property=\"og:locale\" content=\"fr_FR\" \/>\n<meta property=\"og:type\" content=\"article\" \/>\n<meta property=\"og:title\" content=\"Canine J\/D Mini Hill&#039;s - V\u00e9torino\" \/>\n<meta property=\"og:description\" content=\"Hill&#039;s Canine j\/d Mini est un aliment sp\u00e9cialis\u00e9 pour le soutien du m\u00e9tabolisme articulaire dans le cas d&#039;arthrose chez les petits chiens.\" \/>\n<meta property=\"og:url\" content=\"https:\/\/www.vetorino.com\/boutique\/product\/hills-canine-j-d-mini\/\" \/>\n<meta property=\"og:site_name\" content=\"V\u00e9torino\" \/>\n<meta property=\"article:publisher\" content=\"https:\/\/www.facebook.com\/Vetorino\/\" \/>\n<meta property=\"article:modified_time\" content=\"2023-02-09T08:47:12+00:00\" \/>\n<meta property=\"og:image\" content=\"https:\/\/www.vetorino.com\/boutique\/wp-content\/uploads\/2020\/03\/canine-jd-mini.jpg.png\" \/>\n\t<meta property=\"og:image:width\" content=\"540\" \/>\n\t<meta property=\"og:image:height\" content=\"540\" \/>\n\t<meta property=\"og:image:type\" content=\"image\/png\" \/>\n<meta name=\"twitter:card\" content=\"summary_large_image\" \/>\n<meta name=\"twitter:label1\" content=\"Disponibilit\u00e9\" \/>\n\t<meta name=\"twitter:data1\" content=\"En stock\" \/>\n<script type=\"application\/ld+json\" class=\"yoast-schema-graph\">{\"@context\":\"https:\\\/\\\/schema.org\",\"@graph\":[{\"@type\":\"WebPage\",\"@id\":\"https:\\\/\\\/www.vetorino.com\\\/veterinaire\\\/briancon-05100\\\/boutique\\\/product\\\/hills-canine-j-d-mini\\\/\",\"url\":\"https:\\\/\\\/www.vetorino.com\\\/veterinaire\\\/briancon-05100\\\/boutique\\\/product\\\/hills-canine-j-d-mini\\\/\",\"name\":\"Canine J\\\/D Mini Hill's - V\u00e9torino\",\"isPartOf\":{\"@id\":\"https:\\\/\\\/www.vetorino.com\\\/boutique\\\/#website\"},\"primaryImageOfPage\":{\"@id\":\"https:\\\/\\\/www.vetorino.com\\\/veterinaire\\\/briancon-05100\\\/boutique\\\/product\\\/hills-canine-j-d-mini\\\/#primaryimage\"},\"image\":{\"@id\":\"https:\\\/\\\/www.vetorino.com\\\/veterinaire\\\/briancon-05100\\\/boutique\\\/product\\\/hills-canine-j-d-mini\\\/#primaryimage\"},\"thumbnailUrl\":\"https:\\\/\\\/www.vetorino.com\\\/boutique\\\/wp-content\\\/uploads\\\/2020\\\/03\\\/canine-jd-mini.jpg.png\",\"datePublished\":\"2020-06-29T10:18:30+00:00\",\"dateModified\":\"2023-02-09T08:47:12+00:00\",\"description\":\"Hill's Canine j\\\/d Mini est un aliment sp\u00e9cialis\u00e9 pour le soutien du m\u00e9tabolisme articulaire dans le cas d'arthrose chez les petits chiens.\",\"breadcrumb\":{\"@id\":\"https:\\\/\\\/www.vetorino.com\\\/veterinaire\\\/briancon-05100\\\/boutique\\\/product\\\/hills-canine-j-d-mini\\\/#breadcrumb\"},\"inLanguage\":\"fr-FR\",\"potentialAction\":[{\"@type\":\"ReadAction\",\"target\":[\"https:\\\/\\\/www.vetorino.com\\\/veterinaire\\\/briancon-05100\\\/boutique\\\/product\\\/hills-canine-j-d-mini\\\/\"]}]},{\"@type\":\"ImageObject\",\"inLanguage\":\"fr-FR\",\"@id\":\"https:\\\/\\\/www.vetorino.com\\\/veterinaire\\\/briancon-05100\\\/boutique\\\/product\\\/hills-canine-j-d-mini\\\/#primaryimage\",\"url\":\"https:\\\/\\\/www.vetorino.com\\\/boutique\\\/wp-content\\\/uploads\\\/2020\\\/03\\\/canine-jd-mini.jpg.png\",\"contentUrl\":\"https:\\\/\\\/www.vetorino.com\\\/boutique\\\/wp-content\\\/uploads\\\/2020\\\/03\\\/canine-jd-mini.jpg.png\",\"width\":540,\"height\":540,\"caption\":\"Hill's Canine JD mini\"},{\"@type\":\"BreadcrumbList\",\"@id\":\"https:\\\/\\\/www.vetorino.com\\\/veterinaire\\\/briancon-05100\\\/boutique\\\/product\\\/hills-canine-j-d-mini\\\/#breadcrumb\",\"itemListElement\":[{\"@type\":\"ListItem\",\"position\":1,\"name\":\"Accueil\",\"item\":\"https:\\\/\\\/www.vetorino.com\\\/boutique\\\/\"},{\"@type\":\"ListItem\",\"position\":2,\"name\":\"Produits\",\"item\":\"https:\\\/\\\/www.vetorino.com\\\/boutique\\\/\"},{\"@type\":\"ListItem\",\"position\":3,\"name\":\"Canine J\\\/D Mini\"}]},{\"@type\":\"WebSite\",\"@id\":\"https:\\\/\\\/www.vetorino.com\\\/boutique\\\/#website\",\"url\":\"https:\\\/\\\/www.vetorino.com\\\/boutique\\\/\",\"name\":\"V\u00e9torino\",\"description\":\"\",\"publisher\":{\"@id\":\"https:\\\/\\\/www.vetorino.com\\\/boutique\\\/#organization\"},\"potentialAction\":[{\"@type\":\"SearchAction\",\"target\":{\"@type\":\"EntryPoint\",\"urlTemplate\":\"https:\\\/\\\/www.vetorino.com\\\/boutique\\\/?s={search_term_string}\"},\"query-input\":{\"@type\":\"PropertyValueSpecification\",\"valueRequired\":true,\"valueName\":\"search_term_string\"}}],\"inLanguage\":\"fr-FR\"},{\"@type\":\"Organization\",\"@id\":\"https:\\\/\\\/www.vetorino.com\\\/boutique\\\/#organization\",\"name\":\"V\u00e9torino\",\"url\":\"https:\\\/\\\/www.vetorino.com\\\/boutique\\\/\",\"logo\":{\"@type\":\"ImageObject\",\"inLanguage\":\"fr-FR\",\"@id\":\"https:\\\/\\\/www.vetorino.com\\\/boutique\\\/#\\\/schema\\\/logo\\\/image\\\/\",\"url\":\"https:\\\/\\\/www.vetorino.com\\\/boutique\\\/wp-content\\\/uploads\\\/2024\\\/10\\\/logo.jpg\",\"contentUrl\":\"https:\\\/\\\/www.vetorino.com\\\/boutique\\\/wp-content\\\/uploads\\\/2024\\\/10\\\/logo.jpg\",\"width\":1200,\"height\":610,\"caption\":\"V\u00e9torino\"},\"image\":{\"@id\":\"https:\\\/\\\/www.vetorino.com\\\/boutique\\\/#\\\/schema\\\/logo\\\/image\\\/\"},\"sameAs\":[\"https:\\\/\\\/www.facebook.com\\\/Vetorino\\\/\",\"https:\\\/\\\/www.instagram.com\\\/vetorino_off\\\/\",\"https:\\\/\\\/www.linkedin.com\\\/company\\\/vtorino\\\/\"]}]}<\/script>\n<meta property=\"product:brand\" content=\"Hill&#039;s\" \/>\n<meta property=\"og:availability\" content=\"instock\" \/>\n<meta property=\"product:availability\" content=\"instock\" \/>\n<meta property=\"product:condition\" content=\"new\" \/>\n<!-- \/ Yoast SEO plugin. -->","yoast_head_json":{"title":"Canine J\/D Mini Hill's - V\u00e9torino","description":"Hill's Canine j\/d Mini est un aliment sp\u00e9cialis\u00e9 pour le soutien du m\u00e9tabolisme articulaire dans le cas d'arthrose chez les petits chiens.","robots":{"index":"index","follow":"follow","max-snippet":"max-snippet:-1","max-image-preview":"max-image-preview:large","max-video-preview":"max-video-preview:-1"},"canonical":"https:\/\/www.vetorino.com\/boutique\/product\/hills-canine-j-d-mini\/","og_locale":"fr_FR","og_type":"article","og_title":"Canine J\/D Mini Hill's - V\u00e9torino","og_description":"Hill's Canine j\/d Mini est un aliment sp\u00e9cialis\u00e9 pour le soutien du m\u00e9tabolisme articulaire dans le cas d'arthrose chez les petits chiens.","og_url":"https:\/\/www.vetorino.com\/boutique\/product\/hills-canine-j-d-mini\/","og_site_name":"V\u00e9torino","article_publisher":"https:\/\/www.facebook.com\/Vetorino\/","article_modified_time":"2023-02-09T08:47:12+00:00","og_image":[{"width":540,"height":540,"url":"https:\/\/www.vetorino.com\/boutique\/wp-content\/uploads\/2020\/03\/canine-jd-mini.jpg.png","type":"image\/png"}],"twitter_card":"summary_large_image","twitter_misc":{"Disponibilit\u00e9":"En stock"},"schema":{"@context":"https:\/\/schema.org","@graph":[{"@type":"WebPage","@id":"https:\/\/www.vetorino.com\/veterinaire\/briancon-05100\/boutique\/product\/hills-canine-j-d-mini\/","url":"https:\/\/www.vetorino.com\/veterinaire\/briancon-05100\/boutique\/product\/hills-canine-j-d-mini\/","name":"Canine J\/D Mini Hill's - V\u00e9torino","isPartOf":{"@id":"https:\/\/www.vetorino.com\/boutique\/#website"},"primaryImageOfPage":{"@id":"https:\/\/www.vetorino.com\/veterinaire\/briancon-05100\/boutique\/product\/hills-canine-j-d-mini\/#primaryimage"},"image":{"@id":"https:\/\/www.vetorino.com\/veterinaire\/briancon-05100\/boutique\/product\/hills-canine-j-d-mini\/#primaryimage"},"thumbnailUrl":"https:\/\/www.vetorino.com\/boutique\/wp-content\/uploads\/2020\/03\/canine-jd-mini.jpg.png","datePublished":"2020-06-29T10:18:30+00:00","dateModified":"2023-02-09T08:47:12+00:00","description":"Hill's Canine j\/d Mini est un aliment sp\u00e9cialis\u00e9 pour le soutien du m\u00e9tabolisme articulaire dans le cas d'arthrose chez les petits chiens.","breadcrumb":{"@id":"https:\/\/www.vetorino.com\/veterinaire\/briancon-05100\/boutique\/product\/hills-canine-j-d-mini\/#breadcrumb"},"inLanguage":"fr-FR","potentialAction":[{"@type":"ReadAction","target":["https:\/\/www.vetorino.com\/veterinaire\/briancon-05100\/boutique\/product\/hills-canine-j-d-mini\/"]}]},{"@type":"ImageObject","inLanguage":"fr-FR","@id":"https:\/\/www.vetorino.com\/veterinaire\/briancon-05100\/boutique\/product\/hills-canine-j-d-mini\/#primaryimage","url":"https:\/\/www.vetorino.com\/boutique\/wp-content\/uploads\/2020\/03\/canine-jd-mini.jpg.png","contentUrl":"https:\/\/www.vetorino.com\/boutique\/wp-content\/uploads\/2020\/03\/canine-jd-mini.jpg.png","width":540,"height":540,"caption":"Hill's Canine JD mini"},{"@type":"BreadcrumbList","@id":"https:\/\/www.vetorino.com\/veterinaire\/briancon-05100\/boutique\/product\/hills-canine-j-d-mini\/#breadcrumb","itemListElement":[{"@type":"ListItem","position":1,"name":"Accueil","item":"https:\/\/www.vetorino.com\/boutique\/"},{"@type":"ListItem","position":2,"name":"Produits","item":"https:\/\/www.vetorino.com\/boutique\/"},{"@type":"ListItem","position":3,"name":"Canine J\/D Mini"}]},{"@type":"WebSite","@id":"https:\/\/www.vetorino.com\/boutique\/#website","url":"https:\/\/www.vetorino.com\/boutique\/","name":"V\u00e9torino","description":"","publisher":{"@id":"https:\/\/www.vetorino.com\/boutique\/#organization"},"potentialAction":[{"@type":"SearchAction","target":{"@type":"EntryPoint","urlTemplate":"https:\/\/www.vetorino.com\/boutique\/?s={search_term_string}"},"query-input":{"@type":"PropertyValueSpecification","valueRequired":true,"valueName":"search_term_string"}}],"inLanguage":"fr-FR"},{"@type":"Organization","@id":"https:\/\/www.vetorino.com\/boutique\/#organization","name":"V\u00e9torino","url":"https:\/\/www.vetorino.com\/boutique\/","logo":{"@type":"ImageObject","inLanguage":"fr-FR","@id":"https:\/\/www.vetorino.com\/boutique\/#\/schema\/logo\/image\/","url":"https:\/\/www.vetorino.com\/boutique\/wp-content\/uploads\/2024\/10\/logo.jpg","contentUrl":"https:\/\/www.vetorino.com\/boutique\/wp-content\/uploads\/2024\/10\/logo.jpg","width":1200,"height":610,"caption":"V\u00e9torino"},"image":{"@id":"https:\/\/www.vetorino.com\/boutique\/#\/schema\/logo\/image\/"},"sameAs":["https:\/\/www.facebook.com\/Vetorino\/","https:\/\/www.instagram.com\/vetorino_off\/","https:\/\/www.linkedin.com\/company\/vtorino\/"]}]},"product_brand":"Hill's","og_availability":"instock","product_availability":"instock","product_condition":"new"},"_links":{"self":[{"href":"https:\/\/www.vetorino.com\/boutique\/wp-json\/wp\/v2\/product\/92996","targetHints":{"allow":["GET"]}}],"collection":[{"href":"https:\/\/www.vetorino.com\/boutique\/wp-json\/wp\/v2\/product"}],"about":[{"href":"https:\/\/www.vetorino.com\/boutique\/wp-json\/wp\/v2\/types\/product"}],"wp:featuredmedia":[{"embeddable":true,"href":"https:\/\/www.vetorino.com\/boutique\/wp-json\/wp\/v2\/media\/304103"}],"wp:attachment":[{"href":"https:\/\/www.vetorino.com\/boutique\/wp-json\/wp\/v2\/media?parent=92996"}],"wp:term":[{"taxonomy":"product_cat","embeddable":true,"href":"https:\/\/www.vetorino.com\/boutique\/wp-json\/wp\/v2\/product_cat?post=92996"},{"taxonomy":"product_tag","embeddable":true,"href":"https:\/\/www.vetorino.com\/boutique\/wp-json\/wp\/v2\/product_tag?post=92996"}],"curies":[{"name":"wp","href":"https:\/\/api.w.org\/{rel}","templated":true}]}}