{"id":93297,"date":"2020-06-29T12:38:05","date_gmt":"2020-06-29T10:38:05","guid":{"rendered":"https:\/\/www.vetorino.com\/boutique\/product\/cloture-anti-fugue-chat-cat-fence\/"},"modified":"2025-08-31T09:41:16","modified_gmt":"2025-08-31T07:41:16","slug":"cloture-anti-fugue-chat-cat-fence","status":"publish","type":"product","link":"https:\/\/www.vetorino.com\/boutique\/product\/cloture-anti-fugue-chat-cat-fence\/","title":{"rendered":"Cl\u00f4ture anti fugue chat &#8220;Cat Fence&#8221;"},"content":{"rendered":"<div class='hidden'>MATERIEL<\/div>\n<div class='hidden'>Chats<\/div>\n<p>Efficace pour tous les chats de plus de 2,7 kg, et ce d&egrave;s l&#039;&acirc;ge de 6 mois.<br \/>\nFonctionne comme les cl&ocirc;tures pour chiens :<\/p>\n<ul>\n<li>Un signal radio est envoy&eacute; par l&#039;&eacute;metteur de cl&ocirc;ture sur un fil d&#039;antenne mesurant jusqu&#039;&agrave; 800 m. Le fil d&#039;antenne d&eacute;limite la zone autoris&eacute;e qui est temporairement mat&eacute;rialis&eacute;e par des fanions servant de rep&egrave;res visuels.<\/li>\n<li>Le chat porte un collier r&eacute;cepteur muni de contacteurs.<\/li>\n<li>Une fois dress&eacute;, le chat peut se d&eacute;placer en toute libert&eacute; dans la zone autoris&eacute;e. Lorsque le chat atteint la zone, le collier r&eacute;cepteur &eacute;met un bip d&#039;avertissement. Si celui-ci p&eacute;n&egrave;tre dans la zone interdite, il re&ccedil;oit une correction &eacute;lectrostatique inoffensive, destin&eacute;e &agrave; attirer son attention jusqu&#039;&agrave; ce qu&#039;il retourne dans la zone autoris&eacute;e.<\/li>\n<li>Pas de limite du nombre de colliers r&eacute;cepteurs sur le m&ecirc;me &eacute;metteur radio.<\/li>\n<\/ul>\n<p>Caract&eacute;ristiques :<\/p>\n<ul>\n<li>Collier &eacute;tanche.<\/li>\n<li>4 niveaux de correction.<\/li>\n<li>1 mode d&#039;avertissement uniquement sonore.<\/li>\n<li>1 voyant de pile faible.<\/li>\n<\/ul>\n<p>Livr&eacute; avec : 1 &eacute;metteur avec chargeur, 50 fanions, 150 m de fil, un mode d&#039;emploi et une m&eacute;thode de dressage sp&eacute;cifique du chat.<br \/>\nPossibilit&eacute; de couvrir une surface atteignant jusqu&#039;&agrave; 900 ares soit 90 000 m&sup2;, gr&acirc;ce aux kits d&#039;extension KIT732 et de fanions suppl&eacute;mentaires vendus s&eacute;par&eacute;ment.<\/p>\n","protected":false},"excerpt":{"rendered":"<p>MATERIEL Chats Efficace pour tous les chats de plus de 2,7 kg, et ce d&egrave;s l&#039;&acirc;ge de 6 mois. Fonctionne comme les cl&ocirc;tures pour chiens : Un signal radio est envoy&eacute; par l&#039;&eacute;metteur de cl&ocirc;ture sur un fil d&#039;antenne mesurant jusqu&#039;&agrave; 800 m. Le fil d&#039;antenne d&eacute;limite la zone autoris&eacute;e qui est temporairement mat&eacute;rialis&eacute;e par [&hellip;]<\/p>\n","protected":false},"featured_media":93296,"template":"","meta":[],"product_cat":[2697],"product_tag":[],"class_list":{"0":"post-93297","1":"product","2":"type-product","3":"status-publish","4":"has-post-thumbnail","6":"product_cat-chat","7":"pa_marque-materiel","9":"first","10":"outofstock","11":"taxable","12":"shipping-taxable","13":"purchasable","14":"product-type-simple"},"yoast_head":"<!-- This site is optimized with the Yoast SEO plugin v27.3 - https:\/\/yoast.com\/product\/yoast-seo-wordpress\/ -->\n<title>Cl\u00f4ture anti fugue chat &quot;Cat Fence&quot; Mat\u00e9riel - V\u00e9torino<\/title>\n<meta name=\"description\" content=\"MATERIELChatsEfficace pour tous les chats de plus de 2,7 kg, et ce d&egrave;s l&#039;&acirc;ge de 6 mois. Fonctionne comme les cl&ocirc;tures pour chiens\" \/>\n<meta name=\"robots\" content=\"index, follow, max-snippet:-1, max-image-preview:large, max-video-preview:-1\" \/>\n<link rel=\"canonical\" href=\"https:\/\/www.vetorino.com\/boutique\/product\/cloture-anti-fugue-chat-cat-fence\/\" \/>\n<meta property=\"og:locale\" content=\"fr_FR\" \/>\n<meta property=\"og:type\" content=\"article\" \/>\n<meta property=\"og:title\" content=\"Cl\u00f4ture anti fugue chat &quot;Cat Fence&quot; Mat\u00e9riel - V\u00e9torino\" \/>\n<meta property=\"og:description\" content=\"MATERIELChatsEfficace pour tous les chats de plus de 2,7 kg, et ce d&egrave;s l&#039;&acirc;ge de 6 mois. Fonctionne comme les cl&ocirc;tures pour chiens\" \/>\n<meta property=\"og:url\" content=\"https:\/\/www.vetorino.com\/boutique\/product\/cloture-anti-fugue-chat-cat-fence\/\" \/>\n<meta property=\"og:site_name\" content=\"V\u00e9torino\" \/>\n<meta property=\"article:publisher\" content=\"https:\/\/www.facebook.com\/Vetorino\/\" \/>\n<meta property=\"article:modified_time\" content=\"2025-08-31T07:41:16+00:00\" \/>\n<meta property=\"og:image\" content=\"https:\/\/www.vetorino.com\/boutique\/wp-content\/uploads\/2020\/06\/FilsCLO714FormatMediumTypeIM.png\" \/>\n\t<meta property=\"og:image:width\" content=\"400\" \/>\n\t<meta property=\"og:image:height\" content=\"400\" \/>\n\t<meta property=\"og:image:type\" content=\"image\/png\" \/>\n<meta name=\"twitter:card\" content=\"summary_large_image\" \/>\n<meta name=\"twitter:label1\" content=\"Prix\" \/>\n\t<meta name=\"twitter:data1\" content=\"188,70&euro;\" \/>\n\t<meta name=\"twitter:label2\" content=\"Disponibilit\u00e9\" \/>\n\t<meta name=\"twitter:data2\" content=\"Rupture de stock\" \/>\n<script type=\"application\/ld+json\" class=\"yoast-schema-graph\">{\"@context\":\"https:\\\/\\\/schema.org\",\"@graph\":[{\"@type\":\"WebPage\",\"@id\":\"https:\\\/\\\/www.vetorino.com\\\/boutique\\\/product\\\/cloture-anti-fugue-chat-cat-fence\\\/\",\"url\":\"https:\\\/\\\/www.vetorino.com\\\/boutique\\\/product\\\/cloture-anti-fugue-chat-cat-fence\\\/\",\"name\":\"Cl\u00f4ture anti fugue chat \\\"Cat Fence\\\" Mat\u00e9riel - V\u00e9torino\",\"isPartOf\":{\"@id\":\"https:\\\/\\\/www.vetorino.com\\\/boutique\\\/#website\"},\"primaryImageOfPage\":{\"@id\":\"https:\\\/\\\/www.vetorino.com\\\/boutique\\\/product\\\/cloture-anti-fugue-chat-cat-fence\\\/#primaryimage\"},\"image\":{\"@id\":\"https:\\\/\\\/www.vetorino.com\\\/boutique\\\/product\\\/cloture-anti-fugue-chat-cat-fence\\\/#primaryimage\"},\"thumbnailUrl\":\"https:\\\/\\\/www.vetorino.com\\\/boutique\\\/wp-content\\\/uploads\\\/2020\\\/06\\\/FilsCLO714FormatMediumTypeIM.png\",\"datePublished\":\"2020-06-29T10:38:05+00:00\",\"dateModified\":\"2025-08-31T07:41:16+00:00\",\"description\":\"MATERIELChatsEfficace pour tous les chats de plus de 2,7 kg, et ce d&egrave;s l&#039;&acirc;ge de 6 mois. Fonctionne comme les cl&ocirc;tures pour chiens\",\"breadcrumb\":{\"@id\":\"https:\\\/\\\/www.vetorino.com\\\/boutique\\\/product\\\/cloture-anti-fugue-chat-cat-fence\\\/#breadcrumb\"},\"inLanguage\":\"fr-FR\",\"potentialAction\":[{\"@type\":\"ReadAction\",\"target\":[\"https:\\\/\\\/www.vetorino.com\\\/boutique\\\/product\\\/cloture-anti-fugue-chat-cat-fence\\\/\"]}]},{\"@type\":\"ImageObject\",\"inLanguage\":\"fr-FR\",\"@id\":\"https:\\\/\\\/www.vetorino.com\\\/boutique\\\/product\\\/cloture-anti-fugue-chat-cat-fence\\\/#primaryimage\",\"url\":\"https:\\\/\\\/www.vetorino.com\\\/boutique\\\/wp-content\\\/uploads\\\/2020\\\/06\\\/FilsCLO714FormatMediumTypeIM.png\",\"contentUrl\":\"https:\\\/\\\/www.vetorino.com\\\/boutique\\\/wp-content\\\/uploads\\\/2020\\\/06\\\/FilsCLO714FormatMediumTypeIM.png\",\"width\":400,\"height\":400},{\"@type\":\"BreadcrumbList\",\"@id\":\"https:\\\/\\\/www.vetorino.com\\\/boutique\\\/product\\\/cloture-anti-fugue-chat-cat-fence\\\/#breadcrumb\",\"itemListElement\":[{\"@type\":\"ListItem\",\"position\":1,\"name\":\"Accueil\",\"item\":\"https:\\\/\\\/www.vetorino.com\\\/boutique\\\/\"},{\"@type\":\"ListItem\",\"position\":2,\"name\":\"Produits\",\"item\":\"https:\\\/\\\/www.vetorino.com\\\/boutique\\\/\"},{\"@type\":\"ListItem\",\"position\":3,\"name\":\"Cl\u00f4ture anti fugue chat &#8220;Cat Fence&#8221;\"}]},{\"@type\":\"WebSite\",\"@id\":\"https:\\\/\\\/www.vetorino.com\\\/boutique\\\/#website\",\"url\":\"https:\\\/\\\/www.vetorino.com\\\/boutique\\\/\",\"name\":\"V\u00e9torino\",\"description\":\"\",\"publisher\":{\"@id\":\"https:\\\/\\\/www.vetorino.com\\\/boutique\\\/#organization\"},\"potentialAction\":[{\"@type\":\"SearchAction\",\"target\":{\"@type\":\"EntryPoint\",\"urlTemplate\":\"https:\\\/\\\/www.vetorino.com\\\/boutique\\\/?s={search_term_string}\"},\"query-input\":{\"@type\":\"PropertyValueSpecification\",\"valueRequired\":true,\"valueName\":\"search_term_string\"}}],\"inLanguage\":\"fr-FR\"},{\"@type\":\"Organization\",\"@id\":\"https:\\\/\\\/www.vetorino.com\\\/boutique\\\/#organization\",\"name\":\"V\u00e9torino\",\"url\":\"https:\\\/\\\/www.vetorino.com\\\/boutique\\\/\",\"logo\":{\"@type\":\"ImageObject\",\"inLanguage\":\"fr-FR\",\"@id\":\"https:\\\/\\\/www.vetorino.com\\\/boutique\\\/#\\\/schema\\\/logo\\\/image\\\/\",\"url\":\"https:\\\/\\\/www.vetorino.com\\\/boutique\\\/wp-content\\\/uploads\\\/2024\\\/10\\\/logo.jpg\",\"contentUrl\":\"https:\\\/\\\/www.vetorino.com\\\/boutique\\\/wp-content\\\/uploads\\\/2024\\\/10\\\/logo.jpg\",\"width\":1200,\"height\":610,\"caption\":\"V\u00e9torino\"},\"image\":{\"@id\":\"https:\\\/\\\/www.vetorino.com\\\/boutique\\\/#\\\/schema\\\/logo\\\/image\\\/\"},\"sameAs\":[\"https:\\\/\\\/www.facebook.com\\\/Vetorino\\\/\",\"https:\\\/\\\/www.instagram.com\\\/vetorino_off\\\/\",\"https:\\\/\\\/www.linkedin.com\\\/company\\\/vtorino\\\/\"]}]}<\/script>\n<meta property=\"product:brand\" content=\"Mat\u00e9riel\" \/>\n<meta property=\"product:price:amount\" content=\"188.70\" \/>\n<meta property=\"product:price:currency\" content=\"EUR\" \/>\n<meta property=\"og:availability\" content=\"out of stock\" \/>\n<meta property=\"product:availability\" content=\"out of stock\" \/>\n<meta property=\"product:retailer_item_id\" content=\"C-CLO714\" \/>\n<meta property=\"product:condition\" content=\"new\" \/>\n<!-- \/ Yoast SEO plugin. -->","yoast_head_json":{"title":"Cl\u00f4ture anti fugue chat \"Cat Fence\" Mat\u00e9riel - V\u00e9torino","description":"MATERIELChatsEfficace pour tous les chats de plus de 2,7 kg, et ce d&egrave;s l&#039;&acirc;ge de 6 mois. Fonctionne comme les cl&ocirc;tures pour chiens","robots":{"index":"index","follow":"follow","max-snippet":"max-snippet:-1","max-image-preview":"max-image-preview:large","max-video-preview":"max-video-preview:-1"},"canonical":"https:\/\/www.vetorino.com\/boutique\/product\/cloture-anti-fugue-chat-cat-fence\/","og_locale":"fr_FR","og_type":"article","og_title":"Cl\u00f4ture anti fugue chat \"Cat Fence\" Mat\u00e9riel - V\u00e9torino","og_description":"MATERIELChatsEfficace pour tous les chats de plus de 2,7 kg, et ce d&egrave;s l&#039;&acirc;ge de 6 mois. Fonctionne comme les cl&ocirc;tures pour chiens","og_url":"https:\/\/www.vetorino.com\/boutique\/product\/cloture-anti-fugue-chat-cat-fence\/","og_site_name":"V\u00e9torino","article_publisher":"https:\/\/www.facebook.com\/Vetorino\/","article_modified_time":"2025-08-31T07:41:16+00:00","og_image":[{"width":400,"height":400,"url":"https:\/\/www.vetorino.com\/boutique\/wp-content\/uploads\/2020\/06\/FilsCLO714FormatMediumTypeIM.png","type":"image\/png"}],"twitter_card":"summary_large_image","twitter_misc":{"Prix":"188,70&euro;","Disponibilit\u00e9":"Rupture de stock"},"schema":{"@context":"https:\/\/schema.org","@graph":[{"@type":"WebPage","@id":"https:\/\/www.vetorino.com\/boutique\/product\/cloture-anti-fugue-chat-cat-fence\/","url":"https:\/\/www.vetorino.com\/boutique\/product\/cloture-anti-fugue-chat-cat-fence\/","name":"Cl\u00f4ture anti fugue chat \"Cat Fence\" Mat\u00e9riel - V\u00e9torino","isPartOf":{"@id":"https:\/\/www.vetorino.com\/boutique\/#website"},"primaryImageOfPage":{"@id":"https:\/\/www.vetorino.com\/boutique\/product\/cloture-anti-fugue-chat-cat-fence\/#primaryimage"},"image":{"@id":"https:\/\/www.vetorino.com\/boutique\/product\/cloture-anti-fugue-chat-cat-fence\/#primaryimage"},"thumbnailUrl":"https:\/\/www.vetorino.com\/boutique\/wp-content\/uploads\/2020\/06\/FilsCLO714FormatMediumTypeIM.png","datePublished":"2020-06-29T10:38:05+00:00","dateModified":"2025-08-31T07:41:16+00:00","description":"MATERIELChatsEfficace pour tous les chats de plus de 2,7 kg, et ce d&egrave;s l&#039;&acirc;ge de 6 mois. Fonctionne comme les cl&ocirc;tures pour chiens","breadcrumb":{"@id":"https:\/\/www.vetorino.com\/boutique\/product\/cloture-anti-fugue-chat-cat-fence\/#breadcrumb"},"inLanguage":"fr-FR","potentialAction":[{"@type":"ReadAction","target":["https:\/\/www.vetorino.com\/boutique\/product\/cloture-anti-fugue-chat-cat-fence\/"]}]},{"@type":"ImageObject","inLanguage":"fr-FR","@id":"https:\/\/www.vetorino.com\/boutique\/product\/cloture-anti-fugue-chat-cat-fence\/#primaryimage","url":"https:\/\/www.vetorino.com\/boutique\/wp-content\/uploads\/2020\/06\/FilsCLO714FormatMediumTypeIM.png","contentUrl":"https:\/\/www.vetorino.com\/boutique\/wp-content\/uploads\/2020\/06\/FilsCLO714FormatMediumTypeIM.png","width":400,"height":400},{"@type":"BreadcrumbList","@id":"https:\/\/www.vetorino.com\/boutique\/product\/cloture-anti-fugue-chat-cat-fence\/#breadcrumb","itemListElement":[{"@type":"ListItem","position":1,"name":"Accueil","item":"https:\/\/www.vetorino.com\/boutique\/"},{"@type":"ListItem","position":2,"name":"Produits","item":"https:\/\/www.vetorino.com\/boutique\/"},{"@type":"ListItem","position":3,"name":"Cl\u00f4ture anti fugue chat &#8220;Cat Fence&#8221;"}]},{"@type":"WebSite","@id":"https:\/\/www.vetorino.com\/boutique\/#website","url":"https:\/\/www.vetorino.com\/boutique\/","name":"V\u00e9torino","description":"","publisher":{"@id":"https:\/\/www.vetorino.com\/boutique\/#organization"},"potentialAction":[{"@type":"SearchAction","target":{"@type":"EntryPoint","urlTemplate":"https:\/\/www.vetorino.com\/boutique\/?s={search_term_string}"},"query-input":{"@type":"PropertyValueSpecification","valueRequired":true,"valueName":"search_term_string"}}],"inLanguage":"fr-FR"},{"@type":"Organization","@id":"https:\/\/www.vetorino.com\/boutique\/#organization","name":"V\u00e9torino","url":"https:\/\/www.vetorino.com\/boutique\/","logo":{"@type":"ImageObject","inLanguage":"fr-FR","@id":"https:\/\/www.vetorino.com\/boutique\/#\/schema\/logo\/image\/","url":"https:\/\/www.vetorino.com\/boutique\/wp-content\/uploads\/2024\/10\/logo.jpg","contentUrl":"https:\/\/www.vetorino.com\/boutique\/wp-content\/uploads\/2024\/10\/logo.jpg","width":1200,"height":610,"caption":"V\u00e9torino"},"image":{"@id":"https:\/\/www.vetorino.com\/boutique\/#\/schema\/logo\/image\/"},"sameAs":["https:\/\/www.facebook.com\/Vetorino\/","https:\/\/www.instagram.com\/vetorino_off\/","https:\/\/www.linkedin.com\/company\/vtorino\/"]}]},"product_brand":"Mat\u00e9riel","product_price_amount":"188.70","product_price_currency":"EUR","og_availability":"out of stock","product_availability":"out of stock","product_retailer_item_id":"C-CLO714","product_condition":"new"},"_links":{"self":[{"href":"https:\/\/www.vetorino.com\/boutique\/wp-json\/wp\/v2\/product\/93297","targetHints":{"allow":["GET"]}}],"collection":[{"href":"https:\/\/www.vetorino.com\/boutique\/wp-json\/wp\/v2\/product"}],"about":[{"href":"https:\/\/www.vetorino.com\/boutique\/wp-json\/wp\/v2\/types\/product"}],"wp:featuredmedia":[{"embeddable":true,"href":"https:\/\/www.vetorino.com\/boutique\/wp-json\/wp\/v2\/media\/93296"}],"wp:attachment":[{"href":"https:\/\/www.vetorino.com\/boutique\/wp-json\/wp\/v2\/media?parent=93297"}],"wp:term":[{"taxonomy":"product_cat","embeddable":true,"href":"https:\/\/www.vetorino.com\/boutique\/wp-json\/wp\/v2\/product_cat?post=93297"},{"taxonomy":"product_tag","embeddable":true,"href":"https:\/\/www.vetorino.com\/boutique\/wp-json\/wp\/v2\/product_tag?post=93297"}],"curies":[{"name":"wp","href":"https:\/\/api.w.org\/{rel}","templated":true}]}}