{"id":94176,"date":"2020-06-29T13:10:46","date_gmt":"2020-06-29T11:10:46","guid":{"rendered":"https:\/\/www.vetorino.com\/boutique\/product\/collier-education-a-distance-petsafe\/"},"modified":"2025-07-29T14:55:46","modified_gmt":"2025-07-29T12:55:46","slug":"collier-education-a-distance-petsafe","status":"publish","type":"product","link":"https:\/\/www.vetorino.com\/boutique\/product\/collier-education-a-distance-petsafe\/","title":{"rendered":"Collier \u00e9ducation \u00e0 distance PetSafe"},"content":{"rendered":"<div class=\"hidden\">MATERIEL<\/div>\n<div class=\"hidden\">Chiens<\/div>\n<p>L\u2019utilisation des syst\u00e8mes de dressage 300 et 900\u00a0m\u00e8tres permet d\u2019am\u00e9liorer facilement la communication entre vous et votre chien.<br \/>\nLa t\u00e9l\u00e9commande envoie un signal qui active le collier de dressage de votre chien.<br \/>\nAvec trois options de dressage (signal sonore, vibration et stimulation \u00e9lectrostatique) vous pouvez \u00eatre certain que vous aurez un chien bien dress\u00e9 en un laps de temps tr\u00e8s court.<br \/>\nIl vous permet de communiquer avec votre chien \u00e0 de longues distances.<br \/>\nLe syst\u00e8me de dressage PetSafe L\u00e9ger est con\u00e7u sp\u00e9cifiquement pour les chiens avec une personnalit\u00e9 timide ou sensible.<\/p>\n<ul>\n<li>Les niveaux de stimulation sont tr\u00e8s l\u00e9g\u00e8rs m\u00eame aux niveaux plus \u00e9lev\u00e9s : 15 niveaux de stimulation \u00e9lectrostatique, plus signal sonore et vibration.<\/li>\n<li>Verrou de s\u00e9curit\u00e9 sur les niveaux 8 \u00e0 15 pour \u00e9viter une stimulation accidentelle \u00e0 des niveaux sup\u00e9rieurs.<\/li>\n<li>\u00c9tanche et rechargeable (batterie rechargeable en 4 \u00e0 5 heures).<\/li>\n<li>Pour usage \u00e0 l&#8217;int\u00e9rieur ou \u00e0 l&#8217;ext\u00e9rieur.<\/li>\n<li><strong>COL606 et COL608<\/strong> : Pour les chiens d&#8217;au moins 3,6 kg et avec un tour de cou allant jusqu&#8217;\u00e0 71 cm.<\/li>\n<li><strong>COL614<\/strong> : Pour les chiens d&#8217;au moins 3,6 kg et avec un tour de cou allant jusqu&#8217;\u00e0\u00a058 cm.<\/li>\n<li>Jusqu&#8217;\u00e0 2 chiens.<\/li>\n<\/ul>\n<p>Le syst\u00e8me inclut :<\/p>\n<ul>\n<li>Collier r\u00e9glable avec rev\u00eatement \u00e9tanche.<\/li>\n<li>T\u00e9l\u00e9commande digitale avec \u00e9cran r\u00e9tro\u00e9clair\u00e9.<\/li>\n<li>Contacteurs longs et courts.<\/li>\n<li>Adaptateur universel.<\/li>\n<li>Cl\u00e9 multifonctions.<\/li>\n<li>Guide de d\u00e9marrage rapide.<\/li>\n<\/ul>\n","protected":false},"excerpt":{"rendered":"<p>Le\u00a0<strong>syst\u00e8me de dressage 300, 600 et 900 m<\/strong>\u00a0combine\u00a0la stimulation \u00e9lectrostatique, la vibration et le son. Pour chiens de plus de 3.6kg d\u00e8s 6 mois. Le syst\u00e8me a une port\u00e9e de\u00a0600m. Id\u00e9al pour le dressage de 1 ou 2 chiens. Le collier contient 15 niveaux de stimulation. Un\u00a0verrou de s\u00e9curit\u00e9 est mis en place sur les niveaux 8 \u00e0 15. Le syst\u00e8me est \u00e9tanche et rechargeable par c\u00e2ble USB. T\u00e9l\u00e9commande digitale incluse.<\/p>\n","protected":false},"featured_media":633809,"template":"","meta":[],"product_cat":[12550,2698,2777],"product_tag":[],"class_list":{"0":"post-94176","1":"product","2":"type-product","3":"status-publish","4":"has-post-thumbnail","6":"product_cat-accessoires-du-chien","7":"product_cat-chien","8":"product_cat-colliers-laisses-et-harnais-pour-chien","9":"pa_marque-petsafe","11":"first","12":"instock","13":"taxable","14":"shipping-taxable","15":"purchasable","16":"product-type-variable"},"yoast_head":"<!-- This site is optimized with the Yoast SEO plugin v27.3 - https:\/\/yoast.com\/product\/yoast-seo-wordpress\/ -->\n<title>Collier \u00e9ducation \u00e0 distance PetSafe PetSafe - V\u00e9torino<\/title>\n<meta name=\"description\" content=\"Le\u00a0syst\u00e8me de dressage 300, 600 et 900 m\u00a0combine\u00a0la stimulation \u00e9lectrostatique, la vibration et le son. Pour chiens de plus de 3.6kg d\u00e8s 6 mois. Le syst\u00e8me a une port\u00e9e de\u00a0600m. Id\u00e9al pour le dressage de 1 ou 2 chiens. Le collier contient 15 niveaux de stimulation. Un\u00a0verrou de s\u00e9curit\u00e9 est mis en place sur les niveaux 8 \u00e0 15. Le syst\u00e8me est \u00e9tanche et rechargeable par c\u00e2ble USB. T\u00e9l\u00e9commande digitale incluse.\" \/>\n<meta name=\"robots\" content=\"index, follow, max-snippet:-1, max-image-preview:large, max-video-preview:-1\" \/>\n<link rel=\"canonical\" href=\"https:\/\/www.vetorino.com\/boutique\/product\/collier-education-a-distance-petsafe\/\" \/>\n<meta property=\"og:locale\" content=\"fr_FR\" \/>\n<meta property=\"og:type\" content=\"article\" \/>\n<meta property=\"og:title\" content=\"Collier \u00e9ducation \u00e0 distance PetSafe PetSafe - V\u00e9torino\" \/>\n<meta property=\"og:description\" content=\"Le\u00a0syst\u00e8me de dressage 300, 600 et 900 m\u00a0combine\u00a0la stimulation \u00e9lectrostatique, la vibration et le son. Pour chiens de plus de 3.6kg d\u00e8s 6 mois. Le syst\u00e8me a une port\u00e9e de\u00a0600m. Id\u00e9al pour le dressage de 1 ou 2 chiens. Le collier contient 15 niveaux de stimulation. Un\u00a0verrou de s\u00e9curit\u00e9 est mis en place sur les niveaux 8 \u00e0 15. Le syst\u00e8me est \u00e9tanche et rechargeable par c\u00e2ble USB. T\u00e9l\u00e9commande digitale incluse.\" \/>\n<meta property=\"og:url\" content=\"https:\/\/www.vetorino.com\/boutique\/product\/collier-education-a-distance-petsafe\/\" \/>\n<meta property=\"og:site_name\" content=\"V\u00e9torino\" \/>\n<meta property=\"article:publisher\" content=\"https:\/\/www.facebook.com\/Vetorino\/\" \/>\n<meta property=\"article:modified_time\" content=\"2025-07-29T12:55:46+00:00\" \/>\n<meta property=\"og:image\" content=\"https:\/\/www.vetorino.com\/boutique\/wp-content\/uploads\/2020\/06\/71SgbCUCiGL.jpg\" \/>\n\t<meta property=\"og:image:width\" content=\"2560\" \/>\n\t<meta property=\"og:image:height\" content=\"2291\" \/>\n\t<meta property=\"og:image:type\" content=\"image\/jpeg\" \/>\n<meta name=\"twitter:card\" content=\"summary_large_image\" \/>\n<meta name=\"twitter:label1\" content=\"Disponibilit\u00e9\" \/>\n\t<meta name=\"twitter:data1\" content=\"En stock\" \/>\n<script type=\"application\/ld+json\" class=\"yoast-schema-graph\">{\"@context\":\"https:\\\/\\\/schema.org\",\"@graph\":[{\"@type\":\"WebPage\",\"@id\":\"https:\\\/\\\/www.vetorino.com\\\/veterinaire\\\/evry-91000\\\/boutique\\\/product\\\/collier-education-a-distance-petsafe\\\/\",\"url\":\"https:\\\/\\\/www.vetorino.com\\\/veterinaire\\\/evry-91000\\\/boutique\\\/product\\\/collier-education-a-distance-petsafe\\\/\",\"name\":\"Collier \u00e9ducation \u00e0 distance PetSafe PetSafe - V\u00e9torino\",\"isPartOf\":{\"@id\":\"https:\\\/\\\/www.vetorino.com\\\/boutique\\\/#website\"},\"primaryImageOfPage\":{\"@id\":\"https:\\\/\\\/www.vetorino.com\\\/veterinaire\\\/evry-91000\\\/boutique\\\/product\\\/collier-education-a-distance-petsafe\\\/#primaryimage\"},\"image\":{\"@id\":\"https:\\\/\\\/www.vetorino.com\\\/veterinaire\\\/evry-91000\\\/boutique\\\/product\\\/collier-education-a-distance-petsafe\\\/#primaryimage\"},\"thumbnailUrl\":\"https:\\\/\\\/www.vetorino.com\\\/boutique\\\/wp-content\\\/uploads\\\/2020\\\/06\\\/71SgbCUCiGL.jpg\",\"datePublished\":\"2020-06-29T11:10:46+00:00\",\"dateModified\":\"2025-07-29T12:55:46+00:00\",\"description\":\"Le\u00a0syst\u00e8me de dressage 300, 600 et 900 m\u00a0combine\u00a0la stimulation \u00e9lectrostatique, la vibration et le son. Pour chiens de plus de 3.6kg d\u00e8s 6 mois. Le syst\u00e8me a une port\u00e9e de\u00a0600m. Id\u00e9al pour le dressage de 1 ou 2 chiens. Le collier contient 15 niveaux de stimulation. Un\u00a0verrou de s\u00e9curit\u00e9 est mis en place sur les niveaux 8 \u00e0 15. Le syst\u00e8me est \u00e9tanche et rechargeable par c\u00e2ble USB. T\u00e9l\u00e9commande digitale incluse.\",\"breadcrumb\":{\"@id\":\"https:\\\/\\\/www.vetorino.com\\\/veterinaire\\\/evry-91000\\\/boutique\\\/product\\\/collier-education-a-distance-petsafe\\\/#breadcrumb\"},\"inLanguage\":\"fr-FR\",\"potentialAction\":[{\"@type\":\"ReadAction\",\"target\":[\"https:\\\/\\\/www.vetorino.com\\\/veterinaire\\\/evry-91000\\\/boutique\\\/product\\\/collier-education-a-distance-petsafe\\\/\"]}]},{\"@type\":\"ImageObject\",\"inLanguage\":\"fr-FR\",\"@id\":\"https:\\\/\\\/www.vetorino.com\\\/veterinaire\\\/evry-91000\\\/boutique\\\/product\\\/collier-education-a-distance-petsafe\\\/#primaryimage\",\"url\":\"https:\\\/\\\/www.vetorino.com\\\/boutique\\\/wp-content\\\/uploads\\\/2020\\\/06\\\/71SgbCUCiGL.jpg\",\"contentUrl\":\"https:\\\/\\\/www.vetorino.com\\\/boutique\\\/wp-content\\\/uploads\\\/2020\\\/06\\\/71SgbCUCiGL.jpg\",\"width\":2560,\"height\":2291},{\"@type\":\"BreadcrumbList\",\"@id\":\"https:\\\/\\\/www.vetorino.com\\\/veterinaire\\\/evry-91000\\\/boutique\\\/product\\\/collier-education-a-distance-petsafe\\\/#breadcrumb\",\"itemListElement\":[{\"@type\":\"ListItem\",\"position\":1,\"name\":\"Accueil\",\"item\":\"https:\\\/\\\/www.vetorino.com\\\/boutique\\\/\"},{\"@type\":\"ListItem\",\"position\":2,\"name\":\"Produits\",\"item\":\"https:\\\/\\\/www.vetorino.com\\\/boutique\\\/\"},{\"@type\":\"ListItem\",\"position\":3,\"name\":\"Collier \u00e9ducation \u00e0 distance PetSafe\"}]},{\"@type\":\"WebSite\",\"@id\":\"https:\\\/\\\/www.vetorino.com\\\/boutique\\\/#website\",\"url\":\"https:\\\/\\\/www.vetorino.com\\\/boutique\\\/\",\"name\":\"V\u00e9torino\",\"description\":\"\",\"publisher\":{\"@id\":\"https:\\\/\\\/www.vetorino.com\\\/boutique\\\/#organization\"},\"potentialAction\":[{\"@type\":\"SearchAction\",\"target\":{\"@type\":\"EntryPoint\",\"urlTemplate\":\"https:\\\/\\\/www.vetorino.com\\\/boutique\\\/?s={search_term_string}\"},\"query-input\":{\"@type\":\"PropertyValueSpecification\",\"valueRequired\":true,\"valueName\":\"search_term_string\"}}],\"inLanguage\":\"fr-FR\"},{\"@type\":\"Organization\",\"@id\":\"https:\\\/\\\/www.vetorino.com\\\/boutique\\\/#organization\",\"name\":\"V\u00e9torino\",\"url\":\"https:\\\/\\\/www.vetorino.com\\\/boutique\\\/\",\"logo\":{\"@type\":\"ImageObject\",\"inLanguage\":\"fr-FR\",\"@id\":\"https:\\\/\\\/www.vetorino.com\\\/boutique\\\/#\\\/schema\\\/logo\\\/image\\\/\",\"url\":\"https:\\\/\\\/www.vetorino.com\\\/boutique\\\/wp-content\\\/uploads\\\/2024\\\/10\\\/logo.jpg\",\"contentUrl\":\"https:\\\/\\\/www.vetorino.com\\\/boutique\\\/wp-content\\\/uploads\\\/2024\\\/10\\\/logo.jpg\",\"width\":1200,\"height\":610,\"caption\":\"V\u00e9torino\"},\"image\":{\"@id\":\"https:\\\/\\\/www.vetorino.com\\\/boutique\\\/#\\\/schema\\\/logo\\\/image\\\/\"},\"sameAs\":[\"https:\\\/\\\/www.facebook.com\\\/Vetorino\\\/\",\"https:\\\/\\\/www.instagram.com\\\/vetorino_off\\\/\",\"https:\\\/\\\/www.linkedin.com\\\/company\\\/vtorino\\\/\"]}]}<\/script>\n<meta property=\"product:brand\" content=\"PetSafe\" \/>\n<meta property=\"og:availability\" content=\"instock\" \/>\n<meta property=\"product:availability\" content=\"instock\" \/>\n<meta property=\"product:condition\" content=\"new\" \/>\n<!-- \/ Yoast SEO plugin. -->","yoast_head_json":{"title":"Collier \u00e9ducation \u00e0 distance PetSafe PetSafe - V\u00e9torino","description":"Le\u00a0syst\u00e8me de dressage 300, 600 et 900 m\u00a0combine\u00a0la stimulation \u00e9lectrostatique, la vibration et le son. Pour chiens de plus de 3.6kg d\u00e8s 6 mois. Le syst\u00e8me a une port\u00e9e de\u00a0600m. Id\u00e9al pour le dressage de 1 ou 2 chiens. Le collier contient 15 niveaux de stimulation. Un\u00a0verrou de s\u00e9curit\u00e9 est mis en place sur les niveaux 8 \u00e0 15. Le syst\u00e8me est \u00e9tanche et rechargeable par c\u00e2ble USB. T\u00e9l\u00e9commande digitale incluse.","robots":{"index":"index","follow":"follow","max-snippet":"max-snippet:-1","max-image-preview":"max-image-preview:large","max-video-preview":"max-video-preview:-1"},"canonical":"https:\/\/www.vetorino.com\/boutique\/product\/collier-education-a-distance-petsafe\/","og_locale":"fr_FR","og_type":"article","og_title":"Collier \u00e9ducation \u00e0 distance PetSafe PetSafe - V\u00e9torino","og_description":"Le\u00a0syst\u00e8me de dressage 300, 600 et 900 m\u00a0combine\u00a0la stimulation \u00e9lectrostatique, la vibration et le son. Pour chiens de plus de 3.6kg d\u00e8s 6 mois. Le syst\u00e8me a une port\u00e9e de\u00a0600m. Id\u00e9al pour le dressage de 1 ou 2 chiens. Le collier contient 15 niveaux de stimulation. Un\u00a0verrou de s\u00e9curit\u00e9 est mis en place sur les niveaux 8 \u00e0 15. Le syst\u00e8me est \u00e9tanche et rechargeable par c\u00e2ble USB. T\u00e9l\u00e9commande digitale incluse.","og_url":"https:\/\/www.vetorino.com\/boutique\/product\/collier-education-a-distance-petsafe\/","og_site_name":"V\u00e9torino","article_publisher":"https:\/\/www.facebook.com\/Vetorino\/","article_modified_time":"2025-07-29T12:55:46+00:00","og_image":[{"width":2560,"height":2291,"url":"https:\/\/www.vetorino.com\/boutique\/wp-content\/uploads\/2020\/06\/71SgbCUCiGL.jpg","type":"image\/jpeg"}],"twitter_card":"summary_large_image","twitter_misc":{"Disponibilit\u00e9":"En stock"},"schema":{"@context":"https:\/\/schema.org","@graph":[{"@type":"WebPage","@id":"https:\/\/www.vetorino.com\/veterinaire\/evry-91000\/boutique\/product\/collier-education-a-distance-petsafe\/","url":"https:\/\/www.vetorino.com\/veterinaire\/evry-91000\/boutique\/product\/collier-education-a-distance-petsafe\/","name":"Collier \u00e9ducation \u00e0 distance PetSafe PetSafe - V\u00e9torino","isPartOf":{"@id":"https:\/\/www.vetorino.com\/boutique\/#website"},"primaryImageOfPage":{"@id":"https:\/\/www.vetorino.com\/veterinaire\/evry-91000\/boutique\/product\/collier-education-a-distance-petsafe\/#primaryimage"},"image":{"@id":"https:\/\/www.vetorino.com\/veterinaire\/evry-91000\/boutique\/product\/collier-education-a-distance-petsafe\/#primaryimage"},"thumbnailUrl":"https:\/\/www.vetorino.com\/boutique\/wp-content\/uploads\/2020\/06\/71SgbCUCiGL.jpg","datePublished":"2020-06-29T11:10:46+00:00","dateModified":"2025-07-29T12:55:46+00:00","description":"Le\u00a0syst\u00e8me de dressage 300, 600 et 900 m\u00a0combine\u00a0la stimulation \u00e9lectrostatique, la vibration et le son. Pour chiens de plus de 3.6kg d\u00e8s 6 mois. Le syst\u00e8me a une port\u00e9e de\u00a0600m. Id\u00e9al pour le dressage de 1 ou 2 chiens. Le collier contient 15 niveaux de stimulation. Un\u00a0verrou de s\u00e9curit\u00e9 est mis en place sur les niveaux 8 \u00e0 15. Le syst\u00e8me est \u00e9tanche et rechargeable par c\u00e2ble USB. T\u00e9l\u00e9commande digitale incluse.","breadcrumb":{"@id":"https:\/\/www.vetorino.com\/veterinaire\/evry-91000\/boutique\/product\/collier-education-a-distance-petsafe\/#breadcrumb"},"inLanguage":"fr-FR","potentialAction":[{"@type":"ReadAction","target":["https:\/\/www.vetorino.com\/veterinaire\/evry-91000\/boutique\/product\/collier-education-a-distance-petsafe\/"]}]},{"@type":"ImageObject","inLanguage":"fr-FR","@id":"https:\/\/www.vetorino.com\/veterinaire\/evry-91000\/boutique\/product\/collier-education-a-distance-petsafe\/#primaryimage","url":"https:\/\/www.vetorino.com\/boutique\/wp-content\/uploads\/2020\/06\/71SgbCUCiGL.jpg","contentUrl":"https:\/\/www.vetorino.com\/boutique\/wp-content\/uploads\/2020\/06\/71SgbCUCiGL.jpg","width":2560,"height":2291},{"@type":"BreadcrumbList","@id":"https:\/\/www.vetorino.com\/veterinaire\/evry-91000\/boutique\/product\/collier-education-a-distance-petsafe\/#breadcrumb","itemListElement":[{"@type":"ListItem","position":1,"name":"Accueil","item":"https:\/\/www.vetorino.com\/boutique\/"},{"@type":"ListItem","position":2,"name":"Produits","item":"https:\/\/www.vetorino.com\/boutique\/"},{"@type":"ListItem","position":3,"name":"Collier \u00e9ducation \u00e0 distance PetSafe"}]},{"@type":"WebSite","@id":"https:\/\/www.vetorino.com\/boutique\/#website","url":"https:\/\/www.vetorino.com\/boutique\/","name":"V\u00e9torino","description":"","publisher":{"@id":"https:\/\/www.vetorino.com\/boutique\/#organization"},"potentialAction":[{"@type":"SearchAction","target":{"@type":"EntryPoint","urlTemplate":"https:\/\/www.vetorino.com\/boutique\/?s={search_term_string}"},"query-input":{"@type":"PropertyValueSpecification","valueRequired":true,"valueName":"search_term_string"}}],"inLanguage":"fr-FR"},{"@type":"Organization","@id":"https:\/\/www.vetorino.com\/boutique\/#organization","name":"V\u00e9torino","url":"https:\/\/www.vetorino.com\/boutique\/","logo":{"@type":"ImageObject","inLanguage":"fr-FR","@id":"https:\/\/www.vetorino.com\/boutique\/#\/schema\/logo\/image\/","url":"https:\/\/www.vetorino.com\/boutique\/wp-content\/uploads\/2024\/10\/logo.jpg","contentUrl":"https:\/\/www.vetorino.com\/boutique\/wp-content\/uploads\/2024\/10\/logo.jpg","width":1200,"height":610,"caption":"V\u00e9torino"},"image":{"@id":"https:\/\/www.vetorino.com\/boutique\/#\/schema\/logo\/image\/"},"sameAs":["https:\/\/www.facebook.com\/Vetorino\/","https:\/\/www.instagram.com\/vetorino_off\/","https:\/\/www.linkedin.com\/company\/vtorino\/"]}]},"product_brand":"PetSafe","og_availability":"instock","product_availability":"instock","product_condition":"new"},"_links":{"self":[{"href":"https:\/\/www.vetorino.com\/boutique\/wp-json\/wp\/v2\/product\/94176","targetHints":{"allow":["GET"]}}],"collection":[{"href":"https:\/\/www.vetorino.com\/boutique\/wp-json\/wp\/v2\/product"}],"about":[{"href":"https:\/\/www.vetorino.com\/boutique\/wp-json\/wp\/v2\/types\/product"}],"wp:featuredmedia":[{"embeddable":true,"href":"https:\/\/www.vetorino.com\/boutique\/wp-json\/wp\/v2\/media\/633809"}],"wp:attachment":[{"href":"https:\/\/www.vetorino.com\/boutique\/wp-json\/wp\/v2\/media?parent=94176"}],"wp:term":[{"taxonomy":"product_cat","embeddable":true,"href":"https:\/\/www.vetorino.com\/boutique\/wp-json\/wp\/v2\/product_cat?post=94176"},{"taxonomy":"product_tag","embeddable":true,"href":"https:\/\/www.vetorino.com\/boutique\/wp-json\/wp\/v2\/product_tag?post=94176"}],"curies":[{"name":"wp","href":"https:\/\/api.w.org\/{rel}","templated":true}]}}