{"id":94363,"date":"2020-06-29T13:22:22","date_gmt":"2020-06-29T11:22:22","guid":{"rendered":"https:\/\/www.vetorino.com\/boutique\/product\/collier-gps-weenect-cats-2-pour-chat\/"},"modified":"2023-08-28T00:03:13","modified_gmt":"2023-08-27T22:03:13","slug":"collier-gps-weenect-cats-2-pour-chat","status":"publish","type":"product","link":"https:\/\/www.vetorino.com\/boutique\/product\/collier-gps-weenect-cats-2-pour-chat\/","title":{"rendered":"GPS Weenect Cats 2 pour chat"},"content":{"rendered":"<ul class=\"a-unordered-list a-vertical a-spacing-mini\">\n<li><span class=\"a-list-item\">\u267e\ufe0f SANS LIMITE de DISTANCE &#8211; Le traceur GPS fonctionne sans limite de distance. Vous suivez votre chat depuis votre t\u00e9l\u00e9phone (iPhone et Android) o\u00f9 qu&#8217;il soit en Europe (hors Suisse). Il est n\u00e9cessaire d&#8217;avoir une bonne connexion r\u00e9seau (GPRS\/2G) pour pouvoir utiliser le traceur de fa\u00e7on optimale.<\/span><\/li>\n<li><span class=\"a-list-item\">\ud83d\udccd SUIVI GPS en TEMPS REEL &#8211; La balise GPS envoie sa position en permanence : jusqu&#8217;\u00e0 une position toutes les 10 secondes. La localisation est illimit\u00e9e.<\/span><\/li>\n<li><span class=\"a-list-item\">\u26a0\ufe0f ALERTE ANTI-FUGUE &#8211; Param\u00e9trez des zones de s\u00e9curit\u00e9 afin d&#8217;\u00eatre automatiquement pr\u00e9venu si votre chat entre ou sort de ces zones. L&#8217;alerte s&#8217;affiche sur votre t\u00e9l\u00e9phone et vous pouvez rapidement r\u00e9agir. L&#8217;id\u00e9al pour \u00e9viter qu&#8217;il ne s&#8217;aventure trop pr\u00e8s de la route.<\/span><\/li>\n<li><span class=\"a-list-item\">\ud83c\udf93 EDUCATION \u2013 \ud83d\udd0a Faites sonner le traceur de votre chat \u00e0 chaque repas. Il associera les deux \u00e9v\u00e9nements. D\u00e8s lors une sonnerie suffira \u00e0 le faire revenir \u00e0 la maison. Il vous sera par la suite tr\u00e8s facile de lui rappeler l\u2019heure du d\u00eener.<\/span><\/li>\n<li><span class=\"a-list-item\">\ud83d\udcbb ANALYSE DE TERRITOIRE &#8211; Votre chat s&#8217;aventure dehors toute la journ\u00e9e et vous vous demandez o\u00f9 il peut bien passer tout ce temps ? D\u00e9couvrez la vie secr\u00e8te de votre chat ! Avec l&#8217;analyse de territoire vous conna\u00eetrez les moindres recoins de son terrain de jeu.<\/span><\/li>\n<li><span class=\"a-list-item\">\ud83d\udd0b BATTERIE &#8211; La batterie dure jusqu&#8217;\u00e0 3 jours en utilisation quotidienne (cela peut d\u00e9pendre du temps pass\u00e9 en mouvement, de la force du signal GPS et du r\u00e9seau 2G). Elle se recharge en 2 heures.<\/span><\/li>\n<li><span class=\"a-list-item\">\ud83d\udcb3 ABONNEMENT REQUIS- Le traceur GPS est \u00e9quip\u00e9 d&#8217;une carte SIM (fournie). Il n\u00e9cessite donc un abonnement pour couvrir les frais de service. Les abonnements disponibles (\u00e0 partir de 3,75 EUR par mois) sont : abonnement mensuel (engagement de minimum 3 mois), abonnement pr\u00e9pay\u00e9 1 an, abonnement pr\u00e9pay\u00e9 3 ans.<\/span><\/li>\n<\/ul>\n<p><span class=\"a-list-item\"><strong>Caract\u00e9ristiques :\u00a0<\/strong><\/span><\/p>\n<ul>\n<li>Compatibilit\u00e9 : Apple iOS 10.3 ou sup\u00e9rieur ; Android 4.1 ou sup\u00e9rieur ; Application web sur tous les navigateurs<\/li>\n<li>Batterie : 550mA\/H ; jusqu&#8217;\u00e0 3 jours d&#8217;autonomie.<\/li>\n<li>Taille et poids : 58x23x10mm ; 25g Connectivit\u00e9 : Carte SIM incluse dans le produit ; couverture europ\u00e9enne (hors Suisse) ; GPRS 900\/1800 MHz.<\/li>\n<li>Contenu de la bo\u00eete : Un GPS pour chat Weenect Cats 2, une coque en silicone, un c\u00e2ble USB, un socle de chargement, un guide de mise en route et mise \u00e0 jour.<\/li>\n<\/ul>\n","protected":false},"excerpt":{"rendered":"<p>Le plus petit collier GPS pour chat au monde &#8211; Weenect Cats est un collier pour chat GPS qui permet aux ma\u00eetres de suivre sa position depuis leur t\u00e9l\u00e9phone. La localisation se fait en temps r\u00e9el (jusqu&#8217;\u00e0 une position toutes 10 secondes) et en illimit\u00e9, vous savez donc \u00e0 tout moment o\u00f9 se trouve vos animaux domestiques.<\/p>\n<p>Il n&#8217;y a pas de limite de distance entre le traceur et votre t\u00e9l\u00e9phone pour que le service fonctionne &#8211; contrairement aux trackers Bluetooth inutilisables au-del\u00e0 de quelques m\u00e8tres.<\/p>\n","protected":false},"featured_media":476306,"template":"","meta":[],"product_cat":[2697,12631],"product_tag":[],"class_list":{"0":"post-94363","1":"product","2":"type-product","3":"status-publish","4":"has-post-thumbnail","6":"product_cat-chat","7":"product_cat-sortie-du-chat","8":"pa_marque-weenect","10":"first","11":"outofstock","12":"taxable","13":"shipping-taxable","14":"purchasable","15":"product-type-simple"},"yoast_head":"<!-- This site is optimized with the Yoast SEO plugin v27.3 - https:\/\/yoast.com\/product\/yoast-seo-wordpress\/ -->\n<title>GPS Weenect Cats 2 pour chat Weenect - V\u00e9torino<\/title>\n<meta name=\"description\" content=\"Le plus petit collier GPS pour chat au monde - Weenect Cats est un collier pour chat GPS qui permet aux ma\u00eetres de suivre sa position depuis leur t\u00e9l\u00e9phone. La localisation se fait en temps r\u00e9el (jusqu&#039;\u00e0 une position toutes 10 secondes) et en illimit\u00e9, vous savez donc \u00e0 tout moment o\u00f9 se trouve vos animaux domestiques.  Il n&#039;y a pas de limite de distance entre le traceur et votre t\u00e9l\u00e9phone pour que le service fonctionne - contrairement aux trackers Bluetooth inutilisables au-del\u00e0 de quelques m\u00e8tres.\" \/>\n<meta name=\"robots\" content=\"index, follow, max-snippet:-1, max-image-preview:large, max-video-preview:-1\" \/>\n<link rel=\"canonical\" href=\"https:\/\/www.vetorino.com\/boutique\/product\/collier-gps-weenect-cats-2-pour-chat\/\" \/>\n<meta property=\"og:locale\" content=\"fr_FR\" \/>\n<meta property=\"og:type\" content=\"article\" \/>\n<meta property=\"og:title\" content=\"GPS Weenect Cats 2 pour chat Weenect - V\u00e9torino\" \/>\n<meta property=\"og:description\" content=\"Le plus petit collier GPS pour chat au monde - Weenect Cats est un collier pour chat GPS qui permet aux ma\u00eetres de suivre sa position depuis leur t\u00e9l\u00e9phone. La localisation se fait en temps r\u00e9el (jusqu&#039;\u00e0 une position toutes 10 secondes) et en illimit\u00e9, vous savez donc \u00e0 tout moment o\u00f9 se trouve vos animaux domestiques.  Il n&#039;y a pas de limite de distance entre le traceur et votre t\u00e9l\u00e9phone pour que le service fonctionne - contrairement aux trackers Bluetooth inutilisables au-del\u00e0 de quelques m\u00e8tres.\" \/>\n<meta property=\"og:url\" content=\"https:\/\/www.vetorino.com\/boutique\/product\/collier-gps-weenect-cats-2-pour-chat\/\" \/>\n<meta property=\"og:site_name\" content=\"V\u00e9torino\" \/>\n<meta property=\"article:publisher\" content=\"https:\/\/www.facebook.com\/Vetorino\/\" \/>\n<meta property=\"article:modified_time\" content=\"2023-08-27T22:03:13+00:00\" \/>\n<meta property=\"og:image\" content=\"https:\/\/www.vetorino.com\/boutique\/wp-content\/uploads\/2022\/09\/71D14QQal3L._AC_SX466_.jpg\" \/>\n\t<meta property=\"og:image:width\" content=\"466\" \/>\n\t<meta property=\"og:image:height\" content=\"440\" \/>\n\t<meta property=\"og:image:type\" content=\"image\/jpeg\" \/>\n<meta name=\"twitter:card\" content=\"summary_large_image\" \/>\n<meta name=\"twitter:label1\" content=\"Prix\" \/>\n\t<meta name=\"twitter:data1\" content=\"47,68&euro;\" \/>\n\t<meta name=\"twitter:label2\" content=\"Disponibilit\u00e9\" \/>\n\t<meta name=\"twitter:data2\" content=\"Rupture de stock\" \/>\n<script type=\"application\/ld+json\" class=\"yoast-schema-graph\">{\"@context\":\"https:\\\/\\\/schema.org\",\"@graph\":[{\"@type\":\"WebPage\",\"@id\":\"https:\\\/\\\/www.vetorino.com\\\/boutique\\\/product\\\/collier-gps-weenect-cats-2-pour-chat\\\/\",\"url\":\"https:\\\/\\\/www.vetorino.com\\\/boutique\\\/product\\\/collier-gps-weenect-cats-2-pour-chat\\\/\",\"name\":\"GPS Weenect Cats 2 pour chat Weenect - V\u00e9torino\",\"isPartOf\":{\"@id\":\"https:\\\/\\\/www.vetorino.com\\\/boutique\\\/#website\"},\"primaryImageOfPage\":{\"@id\":\"https:\\\/\\\/www.vetorino.com\\\/boutique\\\/product\\\/collier-gps-weenect-cats-2-pour-chat\\\/#primaryimage\"},\"image\":{\"@id\":\"https:\\\/\\\/www.vetorino.com\\\/boutique\\\/product\\\/collier-gps-weenect-cats-2-pour-chat\\\/#primaryimage\"},\"thumbnailUrl\":\"https:\\\/\\\/www.vetorino.com\\\/boutique\\\/wp-content\\\/uploads\\\/2022\\\/09\\\/71D14QQal3L._AC_SX466_.jpg\",\"datePublished\":\"2020-06-29T11:22:22+00:00\",\"dateModified\":\"2023-08-27T22:03:13+00:00\",\"description\":\"Le plus petit collier GPS pour chat au monde - Weenect Cats est un collier pour chat GPS qui permet aux ma\u00eetres de suivre sa position depuis leur t\u00e9l\u00e9phone. La localisation se fait en temps r\u00e9el (jusqu'\u00e0 une position toutes 10 secondes) et en illimit\u00e9, vous savez donc \u00e0 tout moment o\u00f9 se trouve vos animaux domestiques. Il n'y a pas de limite de distance entre le traceur et votre t\u00e9l\u00e9phone pour que le service fonctionne - contrairement aux trackers Bluetooth inutilisables au-del\u00e0 de quelques m\u00e8tres.\",\"breadcrumb\":{\"@id\":\"https:\\\/\\\/www.vetorino.com\\\/boutique\\\/product\\\/collier-gps-weenect-cats-2-pour-chat\\\/#breadcrumb\"},\"inLanguage\":\"fr-FR\",\"potentialAction\":[{\"@type\":\"ReadAction\",\"target\":[\"https:\\\/\\\/www.vetorino.com\\\/boutique\\\/product\\\/collier-gps-weenect-cats-2-pour-chat\\\/\"]}]},{\"@type\":\"ImageObject\",\"inLanguage\":\"fr-FR\",\"@id\":\"https:\\\/\\\/www.vetorino.com\\\/boutique\\\/product\\\/collier-gps-weenect-cats-2-pour-chat\\\/#primaryimage\",\"url\":\"https:\\\/\\\/www.vetorino.com\\\/boutique\\\/wp-content\\\/uploads\\\/2022\\\/09\\\/71D14QQal3L._AC_SX466_.jpg\",\"contentUrl\":\"https:\\\/\\\/www.vetorino.com\\\/boutique\\\/wp-content\\\/uploads\\\/2022\\\/09\\\/71D14QQal3L._AC_SX466_.jpg\",\"width\":466,\"height\":440,\"caption\":\"collier weenect cats\"},{\"@type\":\"BreadcrumbList\",\"@id\":\"https:\\\/\\\/www.vetorino.com\\\/boutique\\\/product\\\/collier-gps-weenect-cats-2-pour-chat\\\/#breadcrumb\",\"itemListElement\":[{\"@type\":\"ListItem\",\"position\":1,\"name\":\"Accueil\",\"item\":\"https:\\\/\\\/www.vetorino.com\\\/boutique\\\/\"},{\"@type\":\"ListItem\",\"position\":2,\"name\":\"Produits\",\"item\":\"https:\\\/\\\/www.vetorino.com\\\/boutique\\\/\"},{\"@type\":\"ListItem\",\"position\":3,\"name\":\"GPS Weenect Cats 2 pour chat\"}]},{\"@type\":\"WebSite\",\"@id\":\"https:\\\/\\\/www.vetorino.com\\\/boutique\\\/#website\",\"url\":\"https:\\\/\\\/www.vetorino.com\\\/boutique\\\/\",\"name\":\"V\u00e9torino\",\"description\":\"\",\"publisher\":{\"@id\":\"https:\\\/\\\/www.vetorino.com\\\/boutique\\\/#organization\"},\"potentialAction\":[{\"@type\":\"SearchAction\",\"target\":{\"@type\":\"EntryPoint\",\"urlTemplate\":\"https:\\\/\\\/www.vetorino.com\\\/boutique\\\/?s={search_term_string}\"},\"query-input\":{\"@type\":\"PropertyValueSpecification\",\"valueRequired\":true,\"valueName\":\"search_term_string\"}}],\"inLanguage\":\"fr-FR\"},{\"@type\":\"Organization\",\"@id\":\"https:\\\/\\\/www.vetorino.com\\\/boutique\\\/#organization\",\"name\":\"V\u00e9torino\",\"url\":\"https:\\\/\\\/www.vetorino.com\\\/boutique\\\/\",\"logo\":{\"@type\":\"ImageObject\",\"inLanguage\":\"fr-FR\",\"@id\":\"https:\\\/\\\/www.vetorino.com\\\/boutique\\\/#\\\/schema\\\/logo\\\/image\\\/\",\"url\":\"https:\\\/\\\/www.vetorino.com\\\/boutique\\\/wp-content\\\/uploads\\\/2024\\\/10\\\/logo.jpg\",\"contentUrl\":\"https:\\\/\\\/www.vetorino.com\\\/boutique\\\/wp-content\\\/uploads\\\/2024\\\/10\\\/logo.jpg\",\"width\":1200,\"height\":610,\"caption\":\"V\u00e9torino\"},\"image\":{\"@id\":\"https:\\\/\\\/www.vetorino.com\\\/boutique\\\/#\\\/schema\\\/logo\\\/image\\\/\"},\"sameAs\":[\"https:\\\/\\\/www.facebook.com\\\/Vetorino\\\/\",\"https:\\\/\\\/www.instagram.com\\\/vetorino_off\\\/\",\"https:\\\/\\\/www.linkedin.com\\\/company\\\/vtorino\\\/\"]}]}<\/script>\n<meta property=\"product:brand\" content=\"Weenect\" \/>\n<meta property=\"product:price:amount\" content=\"47.68\" \/>\n<meta property=\"product:price:currency\" content=\"EUR\" \/>\n<meta property=\"og:availability\" content=\"out of stock\" \/>\n<meta property=\"product:availability\" content=\"out of stock\" \/>\n<meta property=\"product:retailer_item_id\" content=\"C-COL911\" \/>\n<meta property=\"product:condition\" content=\"new\" \/>\n<!-- \/ Yoast SEO plugin. -->","yoast_head_json":{"title":"GPS Weenect Cats 2 pour chat Weenect - V\u00e9torino","description":"Le plus petit collier GPS pour chat au monde - Weenect Cats est un collier pour chat GPS qui permet aux ma\u00eetres de suivre sa position depuis leur t\u00e9l\u00e9phone. La localisation se fait en temps r\u00e9el (jusqu'\u00e0 une position toutes 10 secondes) et en illimit\u00e9, vous savez donc \u00e0 tout moment o\u00f9 se trouve vos animaux domestiques.  Il n'y a pas de limite de distance entre le traceur et votre t\u00e9l\u00e9phone pour que le service fonctionne - contrairement aux trackers Bluetooth inutilisables au-del\u00e0 de quelques m\u00e8tres.","robots":{"index":"index","follow":"follow","max-snippet":"max-snippet:-1","max-image-preview":"max-image-preview:large","max-video-preview":"max-video-preview:-1"},"canonical":"https:\/\/www.vetorino.com\/boutique\/product\/collier-gps-weenect-cats-2-pour-chat\/","og_locale":"fr_FR","og_type":"article","og_title":"GPS Weenect Cats 2 pour chat Weenect - V\u00e9torino","og_description":"Le plus petit collier GPS pour chat au monde - Weenect Cats est un collier pour chat GPS qui permet aux ma\u00eetres de suivre sa position depuis leur t\u00e9l\u00e9phone. La localisation se fait en temps r\u00e9el (jusqu'\u00e0 une position toutes 10 secondes) et en illimit\u00e9, vous savez donc \u00e0 tout moment o\u00f9 se trouve vos animaux domestiques.  Il n'y a pas de limite de distance entre le traceur et votre t\u00e9l\u00e9phone pour que le service fonctionne - contrairement aux trackers Bluetooth inutilisables au-del\u00e0 de quelques m\u00e8tres.","og_url":"https:\/\/www.vetorino.com\/boutique\/product\/collier-gps-weenect-cats-2-pour-chat\/","og_site_name":"V\u00e9torino","article_publisher":"https:\/\/www.facebook.com\/Vetorino\/","article_modified_time":"2023-08-27T22:03:13+00:00","og_image":[{"width":466,"height":440,"url":"https:\/\/www.vetorino.com\/boutique\/wp-content\/uploads\/2022\/09\/71D14QQal3L._AC_SX466_.jpg","type":"image\/jpeg"}],"twitter_card":"summary_large_image","twitter_misc":{"Prix":"47,68&euro;","Disponibilit\u00e9":"Rupture de stock"},"schema":{"@context":"https:\/\/schema.org","@graph":[{"@type":"WebPage","@id":"https:\/\/www.vetorino.com\/boutique\/product\/collier-gps-weenect-cats-2-pour-chat\/","url":"https:\/\/www.vetorino.com\/boutique\/product\/collier-gps-weenect-cats-2-pour-chat\/","name":"GPS Weenect Cats 2 pour chat Weenect - V\u00e9torino","isPartOf":{"@id":"https:\/\/www.vetorino.com\/boutique\/#website"},"primaryImageOfPage":{"@id":"https:\/\/www.vetorino.com\/boutique\/product\/collier-gps-weenect-cats-2-pour-chat\/#primaryimage"},"image":{"@id":"https:\/\/www.vetorino.com\/boutique\/product\/collier-gps-weenect-cats-2-pour-chat\/#primaryimage"},"thumbnailUrl":"https:\/\/www.vetorino.com\/boutique\/wp-content\/uploads\/2022\/09\/71D14QQal3L._AC_SX466_.jpg","datePublished":"2020-06-29T11:22:22+00:00","dateModified":"2023-08-27T22:03:13+00:00","description":"Le plus petit collier GPS pour chat au monde - Weenect Cats est un collier pour chat GPS qui permet aux ma\u00eetres de suivre sa position depuis leur t\u00e9l\u00e9phone. La localisation se fait en temps r\u00e9el (jusqu'\u00e0 une position toutes 10 secondes) et en illimit\u00e9, vous savez donc \u00e0 tout moment o\u00f9 se trouve vos animaux domestiques. Il n'y a pas de limite de distance entre le traceur et votre t\u00e9l\u00e9phone pour que le service fonctionne - contrairement aux trackers Bluetooth inutilisables au-del\u00e0 de quelques m\u00e8tres.","breadcrumb":{"@id":"https:\/\/www.vetorino.com\/boutique\/product\/collier-gps-weenect-cats-2-pour-chat\/#breadcrumb"},"inLanguage":"fr-FR","potentialAction":[{"@type":"ReadAction","target":["https:\/\/www.vetorino.com\/boutique\/product\/collier-gps-weenect-cats-2-pour-chat\/"]}]},{"@type":"ImageObject","inLanguage":"fr-FR","@id":"https:\/\/www.vetorino.com\/boutique\/product\/collier-gps-weenect-cats-2-pour-chat\/#primaryimage","url":"https:\/\/www.vetorino.com\/boutique\/wp-content\/uploads\/2022\/09\/71D14QQal3L._AC_SX466_.jpg","contentUrl":"https:\/\/www.vetorino.com\/boutique\/wp-content\/uploads\/2022\/09\/71D14QQal3L._AC_SX466_.jpg","width":466,"height":440,"caption":"collier weenect cats"},{"@type":"BreadcrumbList","@id":"https:\/\/www.vetorino.com\/boutique\/product\/collier-gps-weenect-cats-2-pour-chat\/#breadcrumb","itemListElement":[{"@type":"ListItem","position":1,"name":"Accueil","item":"https:\/\/www.vetorino.com\/boutique\/"},{"@type":"ListItem","position":2,"name":"Produits","item":"https:\/\/www.vetorino.com\/boutique\/"},{"@type":"ListItem","position":3,"name":"GPS Weenect Cats 2 pour chat"}]},{"@type":"WebSite","@id":"https:\/\/www.vetorino.com\/boutique\/#website","url":"https:\/\/www.vetorino.com\/boutique\/","name":"V\u00e9torino","description":"","publisher":{"@id":"https:\/\/www.vetorino.com\/boutique\/#organization"},"potentialAction":[{"@type":"SearchAction","target":{"@type":"EntryPoint","urlTemplate":"https:\/\/www.vetorino.com\/boutique\/?s={search_term_string}"},"query-input":{"@type":"PropertyValueSpecification","valueRequired":true,"valueName":"search_term_string"}}],"inLanguage":"fr-FR"},{"@type":"Organization","@id":"https:\/\/www.vetorino.com\/boutique\/#organization","name":"V\u00e9torino","url":"https:\/\/www.vetorino.com\/boutique\/","logo":{"@type":"ImageObject","inLanguage":"fr-FR","@id":"https:\/\/www.vetorino.com\/boutique\/#\/schema\/logo\/image\/","url":"https:\/\/www.vetorino.com\/boutique\/wp-content\/uploads\/2024\/10\/logo.jpg","contentUrl":"https:\/\/www.vetorino.com\/boutique\/wp-content\/uploads\/2024\/10\/logo.jpg","width":1200,"height":610,"caption":"V\u00e9torino"},"image":{"@id":"https:\/\/www.vetorino.com\/boutique\/#\/schema\/logo\/image\/"},"sameAs":["https:\/\/www.facebook.com\/Vetorino\/","https:\/\/www.instagram.com\/vetorino_off\/","https:\/\/www.linkedin.com\/company\/vtorino\/"]}]},"product_brand":"Weenect","product_price_amount":"47.68","product_price_currency":"EUR","og_availability":"out of stock","product_availability":"out of stock","product_retailer_item_id":"C-COL911","product_condition":"new"},"_links":{"self":[{"href":"https:\/\/www.vetorino.com\/boutique\/wp-json\/wp\/v2\/product\/94363","targetHints":{"allow":["GET"]}}],"collection":[{"href":"https:\/\/www.vetorino.com\/boutique\/wp-json\/wp\/v2\/product"}],"about":[{"href":"https:\/\/www.vetorino.com\/boutique\/wp-json\/wp\/v2\/types\/product"}],"wp:featuredmedia":[{"embeddable":true,"href":"https:\/\/www.vetorino.com\/boutique\/wp-json\/wp\/v2\/media\/476306"}],"wp:attachment":[{"href":"https:\/\/www.vetorino.com\/boutique\/wp-json\/wp\/v2\/media?parent=94363"}],"wp:term":[{"taxonomy":"product_cat","embeddable":true,"href":"https:\/\/www.vetorino.com\/boutique\/wp-json\/wp\/v2\/product_cat?post=94363"},{"taxonomy":"product_tag","embeddable":true,"href":"https:\/\/www.vetorino.com\/boutique\/wp-json\/wp\/v2\/product_tag?post=94363"}],"curies":[{"name":"wp","href":"https:\/\/api.w.org\/{rel}","templated":true}]}}