{"id":97984,"date":"2020-06-29T22:55:40","date_gmt":"2020-06-29T20:55:40","guid":{"rendered":"https:\/\/www.vetorino.com\/boutique\/product\/jouet-chien-petstages-durable-stick-a-macher\/"},"modified":"2026-05-08T09:12:54","modified_gmt":"2026-05-08T07:12:54","slug":"jouet-chien-petstages-durable-stick-a-macher","status":"publish","type":"product","link":"https:\/\/www.vetorino.com\/boutique\/product\/jouet-chien-petstages-durable-stick-a-macher\/","title":{"rendered":"Jouet chien Petstages : Durable Stick \u00e0 m\u00e2cher"},"content":{"rendered":"<p>Le nouveau jouet Petstage Durable Stick utilise un mat\u00e9riau novateur qui combine le vrai bois avec un mat\u00e9riau synth\u00e9tique pour cr\u00e9er &#8220;un b\u00e2ton&#8221; plus fort, plus s\u00fbr.<br \/>\nL&#8217;odeur du bois naturel attire et maintient l&#8217;int\u00e9r\u00eat du chien pendant des heures.<br \/>\nMat\u00e9riau non-toxique, durable, il est plus r\u00e9sistant que des vrais b\u00e2tons de bois !<br \/>\nFavorise la sant\u00e9 dentaire, r\u00e9duit le stress et les comportements agressifs.<br \/>\nPermet \u00e0 votre animal de m\u00e2cher en toute libert\u00e9 des produits adapt\u00e9s et non nuisibles \u00e0 sa sant\u00e9.<\/p>\n","protected":false},"excerpt":{"rendered":"<p>Alternative s\u00fbre et durable aux b\u00e2tons en bois v\u00e9ritable, le b\u00e2ton Dogwood de Petstages a le go\u00fbt et la texture d&#8217;une branche d&#8217;arbre naturelle, mais il durera beaucoup plus longtemps, ne contient pas d&#8217;\u00e9chardes et ne s&#8217;effritera pas lorsque votre chiot le m\u00e2chouillera. Les chiens adorent le b\u00e2ton \u00e0 m\u00e2cher Dogwood gr\u00e2ce \u00e0 son ar\u00f4me de bois ou d&#8217;\u00e9pices mesquite pour barbecue ! De plus, il allie bois v\u00e9ritable et synth\u00e9tique, ce qui en fait un jouet \u00e0 m\u00e2cher solide et r\u00e9sistant.<\/p>\n","protected":false},"featured_media":620871,"template":"","meta":[],"product_cat":[12550,2698,12621],"product_tag":[],"class_list":{"0":"post-97984","1":"product","2":"type-product","3":"status-publish","4":"has-post-thumbnail","6":"product_cat-accessoires-du-chien","7":"product_cat-chien","8":"product_cat-jeux-educatifs-pour-chien","9":"pa_marque-petstages","11":"first","12":"instock","13":"taxable","14":"shipping-taxable","15":"purchasable","16":"product-type-variable"},"yoast_head":"<!-- This site is optimized with the Yoast SEO plugin v27.5 - https:\/\/yoast.com\/product\/yoast-seo-wordpress\/ -->\n<title>Jouet chien Petstages : Durable Stick \u00e0 m\u00e2cher Petstages - V\u00e9torino<\/title>\n<meta name=\"description\" content=\"Alternative s\u00fbre et durable aux b\u00e2tons en bois v\u00e9ritable, le b\u00e2ton Dogwood de Petstages a le go\u00fbt et la texture d&#039;une branche d&#039;arbre naturelle, mais il durera beaucoup plus longtemps, ne contient pas d&#039;\u00e9chardes et ne s&#039;effritera pas lorsque votre chiot le m\u00e2chouillera. Les chiens adorent le b\u00e2ton \u00e0 m\u00e2cher Dogwood gr\u00e2ce \u00e0 son ar\u00f4me de bois ou d&#039;\u00e9pices mesquite pour barbecue ! De plus, il allie bois v\u00e9ritable et synth\u00e9tique, ce qui en fait un jouet \u00e0 m\u00e2cher solide et r\u00e9sistant.\" \/>\n<meta name=\"robots\" content=\"index, follow, max-snippet:-1, max-image-preview:large, max-video-preview:-1\" \/>\n<link rel=\"canonical\" href=\"https:\/\/www.vetorino.com\/boutique\/product\/jouet-chien-petstages-durable-stick-a-macher\/\" \/>\n<meta property=\"og:locale\" content=\"fr_FR\" \/>\n<meta property=\"og:type\" content=\"article\" \/>\n<meta property=\"og:title\" content=\"Jouet chien Petstages : Durable Stick \u00e0 m\u00e2cher Petstages - V\u00e9torino\" \/>\n<meta property=\"og:description\" content=\"Alternative s\u00fbre et durable aux b\u00e2tons en bois v\u00e9ritable, le b\u00e2ton Dogwood de Petstages a le go\u00fbt et la texture d&#039;une branche d&#039;arbre naturelle, mais il durera beaucoup plus longtemps, ne contient pas d&#039;\u00e9chardes et ne s&#039;effritera pas lorsque votre chiot le m\u00e2chouillera. Les chiens adorent le b\u00e2ton \u00e0 m\u00e2cher Dogwood gr\u00e2ce \u00e0 son ar\u00f4me de bois ou d&#039;\u00e9pices mesquite pour barbecue ! De plus, il allie bois v\u00e9ritable et synth\u00e9tique, ce qui en fait un jouet \u00e0 m\u00e2cher solide et r\u00e9sistant.\" \/>\n<meta property=\"og:url\" content=\"https:\/\/www.vetorino.com\/boutique\/product\/jouet-chien-petstages-durable-stick-a-macher\/\" \/>\n<meta property=\"og:site_name\" content=\"V\u00e9torino\" \/>\n<meta property=\"article:publisher\" content=\"https:\/\/www.facebook.com\/Vetorino\/\" \/>\n<meta property=\"article:modified_time\" content=\"2026-05-08T07:12:54+00:00\" \/>\n<meta property=\"og:image\" content=\"https:\/\/www.vetorino.com\/boutique\/wp-content\/uploads\/2020\/06\/613IQZ7HavL._AC_SX679_.jpg\" \/>\n\t<meta property=\"og:image:width\" content=\"679\" \/>\n\t<meta property=\"og:image:height\" content=\"440\" \/>\n\t<meta property=\"og:image:type\" content=\"image\/jpeg\" \/>\n<meta name=\"twitter:card\" content=\"summary_large_image\" \/>\n<meta name=\"twitter:label1\" content=\"Disponibilit\u00e9\" \/>\n\t<meta name=\"twitter:data1\" content=\"En stock\" \/>\n<script type=\"application\/ld+json\" class=\"yoast-schema-graph\">{\"@context\":\"https:\\\/\\\/schema.org\",\"@graph\":[{\"@type\":\"WebPage\",\"@id\":\"https:\\\/\\\/www.vetorino.com\\\/boutique\\\/product\\\/jouet-chien-petstages-durable-stick-a-macher\\\/\",\"url\":\"https:\\\/\\\/www.vetorino.com\\\/boutique\\\/product\\\/jouet-chien-petstages-durable-stick-a-macher\\\/\",\"name\":\"Jouet chien Petstages : Durable Stick \u00e0 m\u00e2cher Petstages - V\u00e9torino\",\"isPartOf\":{\"@id\":\"https:\\\/\\\/www.vetorino.com\\\/boutique\\\/#website\"},\"primaryImageOfPage\":{\"@id\":\"https:\\\/\\\/www.vetorino.com\\\/boutique\\\/product\\\/jouet-chien-petstages-durable-stick-a-macher\\\/#primaryimage\"},\"image\":{\"@id\":\"https:\\\/\\\/www.vetorino.com\\\/boutique\\\/product\\\/jouet-chien-petstages-durable-stick-a-macher\\\/#primaryimage\"},\"thumbnailUrl\":\"https:\\\/\\\/www.vetorino.com\\\/boutique\\\/wp-content\\\/uploads\\\/2020\\\/06\\\/613IQZ7HavL._AC_SX679_.jpg\",\"datePublished\":\"2020-06-29T20:55:40+00:00\",\"dateModified\":\"2026-05-08T07:12:54+00:00\",\"description\":\"Alternative s\u00fbre et durable aux b\u00e2tons en bois v\u00e9ritable, le b\u00e2ton Dogwood de Petstages a le go\u00fbt et la texture d'une branche d'arbre naturelle, mais il durera beaucoup plus longtemps, ne contient pas d'\u00e9chardes et ne s'effritera pas lorsque votre chiot le m\u00e2chouillera. Les chiens adorent le b\u00e2ton \u00e0 m\u00e2cher Dogwood gr\u00e2ce \u00e0 son ar\u00f4me de bois ou d'\u00e9pices mesquite pour barbecue ! De plus, il allie bois v\u00e9ritable et synth\u00e9tique, ce qui en fait un jouet \u00e0 m\u00e2cher solide et r\u00e9sistant.\",\"breadcrumb\":{\"@id\":\"https:\\\/\\\/www.vetorino.com\\\/boutique\\\/product\\\/jouet-chien-petstages-durable-stick-a-macher\\\/#breadcrumb\"},\"inLanguage\":\"fr-FR\",\"potentialAction\":[{\"@type\":\"ReadAction\",\"target\":[\"https:\\\/\\\/www.vetorino.com\\\/boutique\\\/product\\\/jouet-chien-petstages-durable-stick-a-macher\\\/\"]}]},{\"@type\":\"ImageObject\",\"inLanguage\":\"fr-FR\",\"@id\":\"https:\\\/\\\/www.vetorino.com\\\/boutique\\\/product\\\/jouet-chien-petstages-durable-stick-a-macher\\\/#primaryimage\",\"url\":\"https:\\\/\\\/www.vetorino.com\\\/boutique\\\/wp-content\\\/uploads\\\/2020\\\/06\\\/613IQZ7HavL._AC_SX679_.jpg\",\"contentUrl\":\"https:\\\/\\\/www.vetorino.com\\\/boutique\\\/wp-content\\\/uploads\\\/2020\\\/06\\\/613IQZ7HavL._AC_SX679_.jpg\",\"width\":679,\"height\":440},{\"@type\":\"BreadcrumbList\",\"@id\":\"https:\\\/\\\/www.vetorino.com\\\/boutique\\\/product\\\/jouet-chien-petstages-durable-stick-a-macher\\\/#breadcrumb\",\"itemListElement\":[{\"@type\":\"ListItem\",\"position\":1,\"name\":\"Accueil\",\"item\":\"https:\\\/\\\/www.vetorino.com\\\/boutique\\\/\"},{\"@type\":\"ListItem\",\"position\":2,\"name\":\"Produits\",\"item\":\"https:\\\/\\\/www.vetorino.com\\\/boutique\\\/\"},{\"@type\":\"ListItem\",\"position\":3,\"name\":\"Jouet chien Petstages : Durable Stick \u00e0 m\u00e2cher\"}]},{\"@type\":\"WebSite\",\"@id\":\"https:\\\/\\\/www.vetorino.com\\\/boutique\\\/#website\",\"url\":\"https:\\\/\\\/www.vetorino.com\\\/boutique\\\/\",\"name\":\"V\u00e9torino\",\"description\":\"\",\"publisher\":{\"@id\":\"https:\\\/\\\/www.vetorino.com\\\/boutique\\\/#organization\"},\"potentialAction\":[{\"@type\":\"SearchAction\",\"target\":{\"@type\":\"EntryPoint\",\"urlTemplate\":\"https:\\\/\\\/www.vetorino.com\\\/boutique\\\/?s={search_term_string}\"},\"query-input\":{\"@type\":\"PropertyValueSpecification\",\"valueRequired\":true,\"valueName\":\"search_term_string\"}}],\"inLanguage\":\"fr-FR\"},{\"@type\":\"Organization\",\"@id\":\"https:\\\/\\\/www.vetorino.com\\\/boutique\\\/#organization\",\"name\":\"V\u00e9torino\",\"url\":\"https:\\\/\\\/www.vetorino.com\\\/boutique\\\/\",\"logo\":{\"@type\":\"ImageObject\",\"inLanguage\":\"fr-FR\",\"@id\":\"https:\\\/\\\/www.vetorino.com\\\/boutique\\\/#\\\/schema\\\/logo\\\/image\\\/\",\"url\":\"https:\\\/\\\/www.vetorino.com\\\/boutique\\\/wp-content\\\/uploads\\\/2024\\\/10\\\/logo.jpg\",\"contentUrl\":\"https:\\\/\\\/www.vetorino.com\\\/boutique\\\/wp-content\\\/uploads\\\/2024\\\/10\\\/logo.jpg\",\"width\":1200,\"height\":610,\"caption\":\"V\u00e9torino\"},\"image\":{\"@id\":\"https:\\\/\\\/www.vetorino.com\\\/boutique\\\/#\\\/schema\\\/logo\\\/image\\\/\"},\"sameAs\":[\"https:\\\/\\\/www.facebook.com\\\/Vetorino\\\/\",\"https:\\\/\\\/www.instagram.com\\\/vetorino_off\\\/\",\"https:\\\/\\\/www.linkedin.com\\\/company\\\/vtorino\\\/\"]}]}<\/script>\n<meta property=\"product:brand\" content=\"Petstages\" \/>\n<meta property=\"og:availability\" content=\"instock\" \/>\n<meta property=\"product:availability\" content=\"instock\" \/>\n<meta property=\"product:condition\" content=\"new\" \/>\n<!-- \/ Yoast SEO plugin. -->","yoast_head_json":{"title":"Jouet chien Petstages : Durable Stick \u00e0 m\u00e2cher Petstages - V\u00e9torino","description":"Alternative s\u00fbre et durable aux b\u00e2tons en bois v\u00e9ritable, le b\u00e2ton Dogwood de Petstages a le go\u00fbt et la texture d'une branche d'arbre naturelle, mais il durera beaucoup plus longtemps, ne contient pas d'\u00e9chardes et ne s'effritera pas lorsque votre chiot le m\u00e2chouillera. Les chiens adorent le b\u00e2ton \u00e0 m\u00e2cher Dogwood gr\u00e2ce \u00e0 son ar\u00f4me de bois ou d'\u00e9pices mesquite pour barbecue ! De plus, il allie bois v\u00e9ritable et synth\u00e9tique, ce qui en fait un jouet \u00e0 m\u00e2cher solide et r\u00e9sistant.","robots":{"index":"index","follow":"follow","max-snippet":"max-snippet:-1","max-image-preview":"max-image-preview:large","max-video-preview":"max-video-preview:-1"},"canonical":"https:\/\/www.vetorino.com\/boutique\/product\/jouet-chien-petstages-durable-stick-a-macher\/","og_locale":"fr_FR","og_type":"article","og_title":"Jouet chien Petstages : Durable Stick \u00e0 m\u00e2cher Petstages - V\u00e9torino","og_description":"Alternative s\u00fbre et durable aux b\u00e2tons en bois v\u00e9ritable, le b\u00e2ton Dogwood de Petstages a le go\u00fbt et la texture d'une branche d'arbre naturelle, mais il durera beaucoup plus longtemps, ne contient pas d'\u00e9chardes et ne s'effritera pas lorsque votre chiot le m\u00e2chouillera. Les chiens adorent le b\u00e2ton \u00e0 m\u00e2cher Dogwood gr\u00e2ce \u00e0 son ar\u00f4me de bois ou d'\u00e9pices mesquite pour barbecue ! De plus, il allie bois v\u00e9ritable et synth\u00e9tique, ce qui en fait un jouet \u00e0 m\u00e2cher solide et r\u00e9sistant.","og_url":"https:\/\/www.vetorino.com\/boutique\/product\/jouet-chien-petstages-durable-stick-a-macher\/","og_site_name":"V\u00e9torino","article_publisher":"https:\/\/www.facebook.com\/Vetorino\/","article_modified_time":"2026-05-08T07:12:54+00:00","og_image":[{"width":679,"height":440,"url":"https:\/\/www.vetorino.com\/boutique\/wp-content\/uploads\/2020\/06\/613IQZ7HavL._AC_SX679_.jpg","type":"image\/jpeg"}],"twitter_card":"summary_large_image","twitter_misc":{"Disponibilit\u00e9":"En stock"},"schema":{"@context":"https:\/\/schema.org","@graph":[{"@type":"WebPage","@id":"https:\/\/www.vetorino.com\/boutique\/product\/jouet-chien-petstages-durable-stick-a-macher\/","url":"https:\/\/www.vetorino.com\/boutique\/product\/jouet-chien-petstages-durable-stick-a-macher\/","name":"Jouet chien Petstages : Durable Stick \u00e0 m\u00e2cher Petstages - V\u00e9torino","isPartOf":{"@id":"https:\/\/www.vetorino.com\/boutique\/#website"},"primaryImageOfPage":{"@id":"https:\/\/www.vetorino.com\/boutique\/product\/jouet-chien-petstages-durable-stick-a-macher\/#primaryimage"},"image":{"@id":"https:\/\/www.vetorino.com\/boutique\/product\/jouet-chien-petstages-durable-stick-a-macher\/#primaryimage"},"thumbnailUrl":"https:\/\/www.vetorino.com\/boutique\/wp-content\/uploads\/2020\/06\/613IQZ7HavL._AC_SX679_.jpg","datePublished":"2020-06-29T20:55:40+00:00","dateModified":"2026-05-08T07:12:54+00:00","description":"Alternative s\u00fbre et durable aux b\u00e2tons en bois v\u00e9ritable, le b\u00e2ton Dogwood de Petstages a le go\u00fbt et la texture d'une branche d'arbre naturelle, mais il durera beaucoup plus longtemps, ne contient pas d'\u00e9chardes et ne s'effritera pas lorsque votre chiot le m\u00e2chouillera. Les chiens adorent le b\u00e2ton \u00e0 m\u00e2cher Dogwood gr\u00e2ce \u00e0 son ar\u00f4me de bois ou d'\u00e9pices mesquite pour barbecue ! De plus, il allie bois v\u00e9ritable et synth\u00e9tique, ce qui en fait un jouet \u00e0 m\u00e2cher solide et r\u00e9sistant.","breadcrumb":{"@id":"https:\/\/www.vetorino.com\/boutique\/product\/jouet-chien-petstages-durable-stick-a-macher\/#breadcrumb"},"inLanguage":"fr-FR","potentialAction":[{"@type":"ReadAction","target":["https:\/\/www.vetorino.com\/boutique\/product\/jouet-chien-petstages-durable-stick-a-macher\/"]}]},{"@type":"ImageObject","inLanguage":"fr-FR","@id":"https:\/\/www.vetorino.com\/boutique\/product\/jouet-chien-petstages-durable-stick-a-macher\/#primaryimage","url":"https:\/\/www.vetorino.com\/boutique\/wp-content\/uploads\/2020\/06\/613IQZ7HavL._AC_SX679_.jpg","contentUrl":"https:\/\/www.vetorino.com\/boutique\/wp-content\/uploads\/2020\/06\/613IQZ7HavL._AC_SX679_.jpg","width":679,"height":440},{"@type":"BreadcrumbList","@id":"https:\/\/www.vetorino.com\/boutique\/product\/jouet-chien-petstages-durable-stick-a-macher\/#breadcrumb","itemListElement":[{"@type":"ListItem","position":1,"name":"Accueil","item":"https:\/\/www.vetorino.com\/boutique\/"},{"@type":"ListItem","position":2,"name":"Produits","item":"https:\/\/www.vetorino.com\/boutique\/"},{"@type":"ListItem","position":3,"name":"Jouet chien Petstages : Durable Stick \u00e0 m\u00e2cher"}]},{"@type":"WebSite","@id":"https:\/\/www.vetorino.com\/boutique\/#website","url":"https:\/\/www.vetorino.com\/boutique\/","name":"V\u00e9torino","description":"","publisher":{"@id":"https:\/\/www.vetorino.com\/boutique\/#organization"},"potentialAction":[{"@type":"SearchAction","target":{"@type":"EntryPoint","urlTemplate":"https:\/\/www.vetorino.com\/boutique\/?s={search_term_string}"},"query-input":{"@type":"PropertyValueSpecification","valueRequired":true,"valueName":"search_term_string"}}],"inLanguage":"fr-FR"},{"@type":"Organization","@id":"https:\/\/www.vetorino.com\/boutique\/#organization","name":"V\u00e9torino","url":"https:\/\/www.vetorino.com\/boutique\/","logo":{"@type":"ImageObject","inLanguage":"fr-FR","@id":"https:\/\/www.vetorino.com\/boutique\/#\/schema\/logo\/image\/","url":"https:\/\/www.vetorino.com\/boutique\/wp-content\/uploads\/2024\/10\/logo.jpg","contentUrl":"https:\/\/www.vetorino.com\/boutique\/wp-content\/uploads\/2024\/10\/logo.jpg","width":1200,"height":610,"caption":"V\u00e9torino"},"image":{"@id":"https:\/\/www.vetorino.com\/boutique\/#\/schema\/logo\/image\/"},"sameAs":["https:\/\/www.facebook.com\/Vetorino\/","https:\/\/www.instagram.com\/vetorino_off\/","https:\/\/www.linkedin.com\/company\/vtorino\/"]}]},"product_brand":"Petstages","og_availability":"instock","product_availability":"instock","product_condition":"new"},"_links":{"self":[{"href":"https:\/\/www.vetorino.com\/boutique\/wp-json\/wp\/v2\/product\/97984","targetHints":{"allow":["GET"]}}],"collection":[{"href":"https:\/\/www.vetorino.com\/boutique\/wp-json\/wp\/v2\/product"}],"about":[{"href":"https:\/\/www.vetorino.com\/boutique\/wp-json\/wp\/v2\/types\/product"}],"wp:featuredmedia":[{"embeddable":true,"href":"https:\/\/www.vetorino.com\/boutique\/wp-json\/wp\/v2\/media\/620871"}],"wp:attachment":[{"href":"https:\/\/www.vetorino.com\/boutique\/wp-json\/wp\/v2\/media?parent=97984"}],"wp:term":[{"taxonomy":"product_cat","embeddable":true,"href":"https:\/\/www.vetorino.com\/boutique\/wp-json\/wp\/v2\/product_cat?post=97984"},{"taxonomy":"product_tag","embeddable":true,"href":"https:\/\/www.vetorino.com\/boutique\/wp-json\/wp\/v2\/product_tag?post=97984"}],"curies":[{"name":"wp","href":"https:\/\/api.w.org\/{rel}","templated":true}]}}