{"id":1271820,"date":"2025-04-01T09:47:56","date_gmt":"2025-04-01T07:47:56","guid":{"rendered":"https:\/\/www.vetorino.com\/boutique\/product\/nolavet-2\/"},"modified":"2025-04-02T11:41:26","modified_gmt":"2025-04-02T09:41:26","slug":"nolavet-2","status":"publish","type":"product","link":"https:\/\/www.vetorino.com\/veterinaire\/balaruclevieux-34540\/boutique\/product\/nolavet-2\/","title":{"rendered":"Nolavet"},"content":{"rendered":"<p><strong>Recommand\u00e9 pour les chiens et les chats de tous poids.<\/strong><\/p>\n<p>Aide les chiens et les chats \u00e0 g\u00e9rer les situations stressantes suivantes :<\/p>\n<ul>\n<li>Vie en collectivit\u00e9 (refuge ou \u00e9levage), notamment en cas de pression infectieuse (en cure, 2 fois par jour)<\/li>\n<li>Consultation ou hospitalisation comprenant une anesth\u00e9sie (en prise unique)<\/li>\n<li>Toute situation inhabituelle et d\u00e9stabilisante du quotidien (feux d&#8217;artifice, orages, d\u00e9m\u00e9nagement\u2026).<\/li>\n<\/ul>\n<p>Appliquer<\/p>\n<p class=\"\" data-start=\"93\" data-end=\"144\"><strong>Appliquer matin et soir sur la gencive, environ :<\/strong><\/p>\n<p class=\"\" data-start=\"147\" data-end=\"181\">&#8211; 2 gouttes* pour 2,5 kg ou moins,<br \/>\n&#8211; 5 gouttes* pour 2,5 \u00e0 5 kg,<br \/>\n&#8211; 10 gouttes* pour 5 \u00e0 10 kg,<br \/>\n&#8211; 17 gouttes* pour 10 \u00e0 17 kg,<br \/>\n&#8211; 30 gouttes* pour 10 \u00e0 30 kg.<\/p>\n<p class=\"\" data-start=\"313\" data-end=\"379\">Puis trouver la quantit\u00e9 minimale utile.<br data-start=\"353\" data-end=\"356\" \/>*1 goutte = 0,033 ml<\/p>\n<p class=\"\" data-start=\"381\" data-end=\"498\"><strong>Produit de soin ne se substituant pas au traitement habituel. D\u00e9conseill\u00e9 chez l\u2019animal en p\u00e9riode de reproduction.<\/strong><\/p>\n<p class=\"\" data-start=\"500\" data-end=\"525\"><strong data-start=\"500\" data-end=\"523\">Fabriqu\u00e9 en France.<\/strong><\/p>\n","protected":false},"excerpt":{"rendered":"<p><strong>Recommand\u00e9 pour les chiens et les chats de tous poids.<\/strong><\/p>\n<p>Aide les chiens et les chats \u00e0 g\u00e9rer les situations stressantes suivantes :<\/p>\n<ul>\n<li>Vie en collectivit\u00e9 (refuge ou \u00e9levage), notamment en cas de pression infectieuse (en cure, 2 fois par jour)<\/li>\n<li>Consultation ou hospitalisation comprenant une anesth\u00e9sie (en prise unique)<\/li>\n<li>Toute situation inhabituelle et d\u00e9stabilisante du quotidien (feux d&#8217;artifice, orages, d\u00e9m\u00e9nagement\u2026).<\/li>\n<\/ul>\n","protected":false},"featured_media":1273614,"template":"","meta":[],"product_cat":[2759,2786,2697,2698,12567,12568],"product_tag":[],"class_list":{"0":"post-1271820","1":"product","2":"type-product","3":"status-publish","4":"has-post-thumbnail","6":"product_cat-anti-stress-et-anxiete-pour-chat","7":"product_cat-anti-stress-et-anxiete-du-chien","8":"product_cat-chat","9":"product_cat-chien","10":"product_cat-produit-veterinaire-du-chat","11":"product_cat-produit-veterinaire-du-chien","12":"pa_marque-zamz-bien-etre","14":"first","15":"instock","16":"taxable","17":"shipping-taxable","18":"purchasable","19":"product-type-variable"},"yoast_head":"<!-- This site is optimized with the Yoast SEO plugin v27.3 - https:\/\/yoast.com\/product\/yoast-seo-wordpress\/ -->\n<title>Nolavet ZamZ - V\u00e9torino<\/title>\n<meta name=\"description\" content=\"Recommand\u00e9 pour les chiens et les chats de tous poids.  Aide les chiens et les chats \u00e0 g\u00e9rer les situations stressantes suivantes :   Vie en collectivit\u00e9 (refuge ou \u00e9levage), notamment en cas de pression infectieuse (en cure, 2 fois par jour)  Consultation ou hospitalisation comprenant une anesth\u00e9sie (en prise unique)  Toute situation inhabituelle et d\u00e9stabilisante du quotidien (feux d&#039;artifice, orages, d\u00e9m\u00e9nagement\u2026).\" \/>\n<meta name=\"robots\" content=\"noindex, nofollow\" \/>\n<meta property=\"og:locale\" content=\"fr_FR\" \/>\n<meta property=\"og:type\" content=\"article\" \/>\n<meta property=\"og:title\" content=\"Nolavet ZamZ - V\u00e9torino\" \/>\n<meta property=\"og:description\" content=\"Recommand\u00e9 pour les chiens et les chats de tous poids.  Aide les chiens et les chats \u00e0 g\u00e9rer les situations stressantes suivantes :   Vie en collectivit\u00e9 (refuge ou \u00e9levage), notamment en cas de pression infectieuse (en cure, 2 fois par jour)  Consultation ou hospitalisation comprenant une anesth\u00e9sie (en prise unique)  Toute situation inhabituelle et d\u00e9stabilisante du quotidien (feux d&#039;artifice, orages, d\u00e9m\u00e9nagement\u2026).\" \/>\n<meta property=\"og:url\" content=\"https:\/\/www.vetorino.com\/veterinaire\/balaruclevieux-34540\/boutique\/product\/nolavet-2\/\" \/>\n<meta property=\"og:site_name\" content=\"V\u00e9torino\" \/>\n<meta property=\"article:publisher\" content=\"https:\/\/www.facebook.com\/Vetorino\/\" \/>\n<meta property=\"article:modified_time\" content=\"2025-04-02T09:41:26+00:00\" \/>\n<meta property=\"og:image\" content=\"https:\/\/www.vetorino.com\/boutique\/wp-content\/uploads\/2025\/04\/ZAMZ-1883090.png\" \/>\n\t<meta property=\"og:image:width\" content=\"4000\" \/>\n\t<meta property=\"og:image:height\" content=\"3000\" \/>\n\t<meta property=\"og:image:type\" content=\"image\/png\" \/>\n<meta name=\"twitter:card\" content=\"summary_large_image\" \/>\n<meta name=\"twitter:label1\" content=\"Disponibilit\u00e9\" \/>\n\t<meta name=\"twitter:data1\" content=\"En stock\" \/>\n<script type=\"application\/ld+json\" class=\"yoast-schema-graph\">{\"@context\":\"https:\\\/\\\/schema.org\",\"@graph\":[{\"@type\":\"WebPage\",\"@id\":\"https:\\\/\\\/www.vetorino.com\\\/veterinaire\\\/evry-91000\\\/boutique\\\/product\\\/nolavet-2\\\/\",\"url\":\"https:\\\/\\\/www.vetorino.com\\\/veterinaire\\\/evry-91000\\\/boutique\\\/product\\\/nolavet-2\\\/\",\"name\":\"Nolavet ZamZ - V\u00e9torino\",\"isPartOf\":{\"@id\":\"https:\\\/\\\/www.vetorino.com\\\/boutique\\\/#website\"},\"primaryImageOfPage\":{\"@id\":\"https:\\\/\\\/www.vetorino.com\\\/veterinaire\\\/evry-91000\\\/boutique\\\/product\\\/nolavet-2\\\/#primaryimage\"},\"image\":{\"@id\":\"https:\\\/\\\/www.vetorino.com\\\/veterinaire\\\/evry-91000\\\/boutique\\\/product\\\/nolavet-2\\\/#primaryimage\"},\"thumbnailUrl\":\"https:\\\/\\\/www.vetorino.com\\\/boutique\\\/wp-content\\\/uploads\\\/2025\\\/04\\\/nolavet.webp\",\"datePublished\":\"2025-04-01T07:47:56+00:00\",\"dateModified\":\"2025-04-02T09:41:26+00:00\",\"description\":\"Recommand\u00e9 pour les chiens et les chats de tous poids. Aide les chiens et les chats \u00e0 g\u00e9rer les situations stressantes suivantes : Vie en collectivit\u00e9 (refuge ou \u00e9levage), notamment en cas de pression infectieuse (en cure, 2 fois par jour) Consultation ou hospitalisation comprenant une anesth\u00e9sie (en prise unique) Toute situation inhabituelle et d\u00e9stabilisante du quotidien (feux d'artifice, orages, d\u00e9m\u00e9nagement\u2026).\",\"breadcrumb\":{\"@id\":\"https:\\\/\\\/www.vetorino.com\\\/veterinaire\\\/evry-91000\\\/boutique\\\/product\\\/nolavet-2\\\/#breadcrumb\"},\"inLanguage\":\"fr-FR\",\"potentialAction\":[{\"@type\":\"ReadAction\",\"target\":[\"https:\\\/\\\/www.vetorino.com\\\/veterinaire\\\/evry-91000\\\/boutique\\\/product\\\/nolavet-2\\\/\"]}]},{\"@type\":\"ImageObject\",\"inLanguage\":\"fr-FR\",\"@id\":\"https:\\\/\\\/www.vetorino.com\\\/veterinaire\\\/evry-91000\\\/boutique\\\/product\\\/nolavet-2\\\/#primaryimage\",\"url\":\"https:\\\/\\\/www.vetorino.com\\\/boutique\\\/wp-content\\\/uploads\\\/2025\\\/04\\\/nolavet.webp\",\"contentUrl\":\"https:\\\/\\\/www.vetorino.com\\\/boutique\\\/wp-content\\\/uploads\\\/2025\\\/04\\\/nolavet.webp\",\"width\":800,\"height\":800},{\"@type\":\"BreadcrumbList\",\"@id\":\"https:\\\/\\\/www.vetorino.com\\\/veterinaire\\\/evry-91000\\\/boutique\\\/product\\\/nolavet-2\\\/#breadcrumb\",\"itemListElement\":[{\"@type\":\"ListItem\",\"position\":1,\"name\":\"Accueil\",\"item\":\"https:\\\/\\\/www.vetorino.com\\\/boutique\\\/\"},{\"@type\":\"ListItem\",\"position\":2,\"name\":\"Produits\",\"item\":\"https:\\\/\\\/www.vetorino.com\\\/boutique\\\/\"},{\"@type\":\"ListItem\",\"position\":3,\"name\":\"Nolavet\"}]},{\"@type\":\"WebSite\",\"@id\":\"https:\\\/\\\/www.vetorino.com\\\/boutique\\\/#website\",\"url\":\"https:\\\/\\\/www.vetorino.com\\\/boutique\\\/\",\"name\":\"V\u00e9torino\",\"description\":\"\",\"publisher\":{\"@id\":\"https:\\\/\\\/www.vetorino.com\\\/boutique\\\/#organization\"},\"potentialAction\":[{\"@type\":\"SearchAction\",\"target\":{\"@type\":\"EntryPoint\",\"urlTemplate\":\"https:\\\/\\\/www.vetorino.com\\\/boutique\\\/?s={search_term_string}\"},\"query-input\":{\"@type\":\"PropertyValueSpecification\",\"valueRequired\":true,\"valueName\":\"search_term_string\"}}],\"inLanguage\":\"fr-FR\"},{\"@type\":\"Organization\",\"@id\":\"https:\\\/\\\/www.vetorino.com\\\/boutique\\\/#organization\",\"name\":\"V\u00e9torino\",\"url\":\"https:\\\/\\\/www.vetorino.com\\\/boutique\\\/\",\"logo\":{\"@type\":\"ImageObject\",\"inLanguage\":\"fr-FR\",\"@id\":\"https:\\\/\\\/www.vetorino.com\\\/boutique\\\/#\\\/schema\\\/logo\\\/image\\\/\",\"url\":\"https:\\\/\\\/www.vetorino.com\\\/boutique\\\/wp-content\\\/uploads\\\/2024\\\/10\\\/logo.jpg\",\"contentUrl\":\"https:\\\/\\\/www.vetorino.com\\\/boutique\\\/wp-content\\\/uploads\\\/2024\\\/10\\\/logo.jpg\",\"width\":1200,\"height\":610,\"caption\":\"V\u00e9torino\"},\"image\":{\"@id\":\"https:\\\/\\\/www.vetorino.com\\\/boutique\\\/#\\\/schema\\\/logo\\\/image\\\/\"},\"sameAs\":[\"https:\\\/\\\/www.facebook.com\\\/Vetorino\\\/\",\"https:\\\/\\\/www.instagram.com\\\/vetorino_off\\\/\",\"https:\\\/\\\/www.linkedin.com\\\/company\\\/vtorino\\\/\"]}]}<\/script>\n<meta property=\"product:brand\" content=\"ZamZ\" \/>\n<meta property=\"og:availability\" content=\"instock\" \/>\n<meta property=\"product:availability\" content=\"instock\" \/>\n<meta property=\"product:condition\" content=\"new\" \/>\n<!-- \/ Yoast SEO plugin. -->","yoast_head_json":{"title":"Nolavet ZamZ - V\u00e9torino","description":"Recommand\u00e9 pour les chiens et les chats de tous poids.  Aide les chiens et les chats \u00e0 g\u00e9rer les situations stressantes suivantes :   Vie en collectivit\u00e9 (refuge ou \u00e9levage), notamment en cas de pression infectieuse (en cure, 2 fois par jour)  Consultation ou hospitalisation comprenant une anesth\u00e9sie (en prise unique)  Toute situation inhabituelle et d\u00e9stabilisante du quotidien (feux d'artifice, orages, d\u00e9m\u00e9nagement\u2026).","robots":{"index":"noindex","follow":"nofollow"},"og_locale":"fr_FR","og_type":"article","og_title":"Nolavet ZamZ - V\u00e9torino","og_description":"Recommand\u00e9 pour les chiens et les chats de tous poids.  Aide les chiens et les chats \u00e0 g\u00e9rer les situations stressantes suivantes :   Vie en collectivit\u00e9 (refuge ou \u00e9levage), notamment en cas de pression infectieuse (en cure, 2 fois par jour)  Consultation ou hospitalisation comprenant une anesth\u00e9sie (en prise unique)  Toute situation inhabituelle et d\u00e9stabilisante du quotidien (feux d'artifice, orages, d\u00e9m\u00e9nagement\u2026).","og_url":"https:\/\/www.vetorino.com\/veterinaire\/balaruclevieux-34540\/boutique\/product\/nolavet-2\/","og_site_name":"V\u00e9torino","article_publisher":"https:\/\/www.facebook.com\/Vetorino\/","article_modified_time":"2025-04-02T09:41:26+00:00","og_image":[{"width":4000,"height":3000,"url":"https:\/\/www.vetorino.com\/boutique\/wp-content\/uploads\/2025\/04\/ZAMZ-1883090.png","type":"image\/png"}],"twitter_card":"summary_large_image","twitter_misc":{"Disponibilit\u00e9":"En stock"},"schema":{"@context":"https:\/\/schema.org","@graph":[{"@type":"WebPage","@id":"https:\/\/www.vetorino.com\/veterinaire\/evry-91000\/boutique\/product\/nolavet-2\/","url":"https:\/\/www.vetorino.com\/veterinaire\/evry-91000\/boutique\/product\/nolavet-2\/","name":"Nolavet ZamZ - V\u00e9torino","isPartOf":{"@id":"https:\/\/www.vetorino.com\/boutique\/#website"},"primaryImageOfPage":{"@id":"https:\/\/www.vetorino.com\/veterinaire\/evry-91000\/boutique\/product\/nolavet-2\/#primaryimage"},"image":{"@id":"https:\/\/www.vetorino.com\/veterinaire\/evry-91000\/boutique\/product\/nolavet-2\/#primaryimage"},"thumbnailUrl":"https:\/\/www.vetorino.com\/boutique\/wp-content\/uploads\/2025\/04\/nolavet.webp","datePublished":"2025-04-01T07:47:56+00:00","dateModified":"2025-04-02T09:41:26+00:00","description":"Recommand\u00e9 pour les chiens et les chats de tous poids. Aide les chiens et les chats \u00e0 g\u00e9rer les situations stressantes suivantes : Vie en collectivit\u00e9 (refuge ou \u00e9levage), notamment en cas de pression infectieuse (en cure, 2 fois par jour) Consultation ou hospitalisation comprenant une anesth\u00e9sie (en prise unique) Toute situation inhabituelle et d\u00e9stabilisante du quotidien (feux d'artifice, orages, d\u00e9m\u00e9nagement\u2026).","breadcrumb":{"@id":"https:\/\/www.vetorino.com\/veterinaire\/evry-91000\/boutique\/product\/nolavet-2\/#breadcrumb"},"inLanguage":"fr-FR","potentialAction":[{"@type":"ReadAction","target":["https:\/\/www.vetorino.com\/veterinaire\/evry-91000\/boutique\/product\/nolavet-2\/"]}]},{"@type":"ImageObject","inLanguage":"fr-FR","@id":"https:\/\/www.vetorino.com\/veterinaire\/evry-91000\/boutique\/product\/nolavet-2\/#primaryimage","url":"https:\/\/www.vetorino.com\/boutique\/wp-content\/uploads\/2025\/04\/nolavet.webp","contentUrl":"https:\/\/www.vetorino.com\/boutique\/wp-content\/uploads\/2025\/04\/nolavet.webp","width":800,"height":800},{"@type":"BreadcrumbList","@id":"https:\/\/www.vetorino.com\/veterinaire\/evry-91000\/boutique\/product\/nolavet-2\/#breadcrumb","itemListElement":[{"@type":"ListItem","position":1,"name":"Accueil","item":"https:\/\/www.vetorino.com\/boutique\/"},{"@type":"ListItem","position":2,"name":"Produits","item":"https:\/\/www.vetorino.com\/boutique\/"},{"@type":"ListItem","position":3,"name":"Nolavet"}]},{"@type":"WebSite","@id":"https:\/\/www.vetorino.com\/boutique\/#website","url":"https:\/\/www.vetorino.com\/boutique\/","name":"V\u00e9torino","description":"","publisher":{"@id":"https:\/\/www.vetorino.com\/boutique\/#organization"},"potentialAction":[{"@type":"SearchAction","target":{"@type":"EntryPoint","urlTemplate":"https:\/\/www.vetorino.com\/boutique\/?s={search_term_string}"},"query-input":{"@type":"PropertyValueSpecification","valueRequired":true,"valueName":"search_term_string"}}],"inLanguage":"fr-FR"},{"@type":"Organization","@id":"https:\/\/www.vetorino.com\/boutique\/#organization","name":"V\u00e9torino","url":"https:\/\/www.vetorino.com\/boutique\/","logo":{"@type":"ImageObject","inLanguage":"fr-FR","@id":"https:\/\/www.vetorino.com\/boutique\/#\/schema\/logo\/image\/","url":"https:\/\/www.vetorino.com\/boutique\/wp-content\/uploads\/2024\/10\/logo.jpg","contentUrl":"https:\/\/www.vetorino.com\/boutique\/wp-content\/uploads\/2024\/10\/logo.jpg","width":1200,"height":610,"caption":"V\u00e9torino"},"image":{"@id":"https:\/\/www.vetorino.com\/boutique\/#\/schema\/logo\/image\/"},"sameAs":["https:\/\/www.facebook.com\/Vetorino\/","https:\/\/www.instagram.com\/vetorino_off\/","https:\/\/www.linkedin.com\/company\/vtorino\/"]}]},"product_brand":"ZamZ","og_availability":"instock","product_availability":"instock","product_condition":"new"},"_links":{"self":[{"href":"https:\/\/www.vetorino.com\/veterinaire\/balaruclevieux-34540\/boutique\/wp-json\/wp\/v2\/product\/1271820","targetHints":{"allow":["GET"]}}],"collection":[{"href":"https:\/\/www.vetorino.com\/veterinaire\/balaruclevieux-34540\/boutique\/wp-json\/wp\/v2\/product"}],"about":[{"href":"https:\/\/www.vetorino.com\/veterinaire\/balaruclevieux-34540\/boutique\/wp-json\/wp\/v2\/types\/product"}],"wp:featuredmedia":[{"embeddable":true,"href":"https:\/\/www.vetorino.com\/veterinaire\/balaruclevieux-34540\/boutique\/wp-json\/wp\/v2\/media\/1273614"}],"wp:attachment":[{"href":"https:\/\/www.vetorino.com\/veterinaire\/balaruclevieux-34540\/boutique\/wp-json\/wp\/v2\/media?parent=1271820"}],"wp:term":[{"taxonomy":"product_cat","embeddable":true,"href":"https:\/\/www.vetorino.com\/veterinaire\/balaruclevieux-34540\/boutique\/wp-json\/wp\/v2\/product_cat?post=1271820"},{"taxonomy":"product_tag","embeddable":true,"href":"https:\/\/www.vetorino.com\/veterinaire\/balaruclevieux-34540\/boutique\/wp-json\/wp\/v2\/product_tag?post=1271820"}],"curies":[{"name":"wp","href":"https:\/\/api.w.org\/{rel}","templated":true}]}}