{"id":1361274,"date":"2025-06-06T05:35:05","date_gmt":"2025-06-06T03:35:05","guid":{"rendered":"https:\/\/www.vetorino.com\/boutique\/product\/advance-chat-kitten-poulet-baby-protect\/"},"modified":"2026-01-06T10:27:34","modified_gmt":"2026-01-06T09:27:34","slug":"advance-chat-kitten-poulet-baby-protect","status":"publish","type":"product","link":"https:\/\/www.vetorino.com\/veterinaire\/balaruclevieux-34540\/boutique\/product\/advance-chat-kitten-poulet-baby-protect\/","title":{"rendered":"Chat Kitten Poulet-Baby Protect"},"content":{"rendered":"<p>Une formule riche en nutriments essentiels : une haute teneur en prot\u00e9ines de qualit\u00e9, acides gras, vitamines et min\u00e9raux qui contribuent \u00e0<strong> une croissance saine<\/strong>, gr\u00e2ce aux ingr\u00e9dients hautement digestibles.<\/p>\n<p><strong>Aide \u00e0 maintenir la bonne sant\u00e9 intestinale<\/strong> et la r\u00e9ponse immunitaire naturelle du chaton gr\u00e2ce \u00e0 des pr\u00e9biotiques, des nucl\u00e9otides et des immunoglobulines actives, ainsi que des vitamines et min\u00e9raux qui contribuent au<strong> d\u00e9veloppement optimal des os.<\/strong><\/p>\n<p><b>B\u00e9n\u00e9fices essentiels :<\/b><\/p>\n<ul>\n<li>Une formule riche en<strong> nutriments essentiels. <\/strong><\/li>\n<li><strong>Haute teneur en prot\u00e9ines<\/strong> de qualit\u00e9, acides gras, vitamines et min\u00e9raux qui contribuent \u00e0 une <strong>croissance saine<\/strong>, gr\u00e2ce aux <strong>ingr\u00e9dients hautement digestibles. <\/strong><\/li>\n<li><strong>Aide \u00e0 maintenir la bonne sant\u00e9 intestinale et la r\u00e9ponse immunitaire naturelle<\/strong> <strong>du chaton<\/strong> gr\u00e2ce \u00e0 des pr\u00e9biotiques, des nucl\u00e9otides et des immunoglobulines actives.<\/li>\n<li>Des<strong> vitamines et min\u00e9raux<\/strong> qui contribuent au d\u00e9veloppement optimal des os.<\/li>\n<\/ul>\n","protected":false},"excerpt":{"rendered":"<p>Aliment complet et \u00e9quilibr\u00e9 pour <strong>chatons<\/strong> (2 \u00e0 12 mois) et <strong>chattes gestantes et allaitantes<\/strong>.<\/p>\n<p>Microbiote sain avec une<strong> formule renforc\u00e9e en pr\u00e9biotiques et fibres<\/strong>, sans conservateurs ni colorants artificiels ajout\u00e9s.<\/p>\n<p><strong>Aide \u00e0 maintenir la bonne sant\u00e9 intestinale et la r\u00e9ponse immunitaire naturelle du chaton<\/strong> gr\u00e2ce \u00e0 des pr\u00e9biotiques, des nucl\u00e9otides et des immunoglobulines actives, ainsi que des vitamines et min\u00e9raux qui contribuent au d\u00e9veloppement optimal des os.<\/p>\n","protected":false},"featured_media":1361546,"template":"","meta":[],"product_cat":[12551,12583,2697],"product_tag":[],"class_list":{"0":"post-1361274","1":"product","2":"type-product","3":"status-publish","4":"has-post-thumbnail","6":"product_cat-alimentation-du-chat","7":"product_cat-alimentation-premium-pour-chat","8":"product_cat-chat","9":"pa_marque-advance","11":"first","12":"instock","13":"taxable","14":"shipping-taxable","15":"purchasable","16":"product-type-simple"},"yoast_head":"<!-- This site is optimized with the Yoast SEO plugin v27.3 - https:\/\/yoast.com\/product\/yoast-seo-wordpress\/ -->\n<title>Chat Kitten Poulet-Baby Protect Advance - V\u00e9torino<\/title>\n<meta name=\"description\" content=\"Aliment complet et \u00e9quilibr\u00e9 pour chatons (2 \u00e0 12 mois) et chattes gestantes et allaitantes.  Microbiote sain avec une formule renforc\u00e9e en pr\u00e9biotiques et fibres, sans conservateurs ni colorants artificiels ajout\u00e9s.  Aide \u00e0 maintenir la bonne sant\u00e9 intestinale et la r\u00e9ponse immunitaire naturelle du chaton gr\u00e2ce \u00e0 des pr\u00e9biotiques, des nucl\u00e9otides et des immunoglobulines actives, ainsi que des vitamines et min\u00e9raux qui contribuent au d\u00e9veloppement optimal des os.\" \/>\n<meta name=\"robots\" content=\"noindex, nofollow\" \/>\n<meta property=\"og:locale\" content=\"fr_FR\" \/>\n<meta property=\"og:type\" content=\"article\" \/>\n<meta property=\"og:title\" content=\"Chat Kitten Poulet-Baby Protect Advance - V\u00e9torino\" \/>\n<meta property=\"og:description\" content=\"Aliment complet et \u00e9quilibr\u00e9 pour chatons (2 \u00e0 12 mois) et chattes gestantes et allaitantes.  Microbiote sain avec une formule renforc\u00e9e en pr\u00e9biotiques et fibres, sans conservateurs ni colorants artificiels ajout\u00e9s.  Aide \u00e0 maintenir la bonne sant\u00e9 intestinale et la r\u00e9ponse immunitaire naturelle du chaton gr\u00e2ce \u00e0 des pr\u00e9biotiques, des nucl\u00e9otides et des immunoglobulines actives, ainsi que des vitamines et min\u00e9raux qui contribuent au d\u00e9veloppement optimal des os.\" \/>\n<meta property=\"og:url\" content=\"https:\/\/www.vetorino.com\/veterinaire\/balaruclevieux-34540\/boutique\/product\/advance-chat-kitten-poulet-baby-protect\/\" \/>\n<meta property=\"og:site_name\" content=\"V\u00e9torino\" \/>\n<meta property=\"article:publisher\" content=\"https:\/\/www.facebook.com\/Vetorino\/\" \/>\n<meta property=\"article:modified_time\" content=\"2026-01-06T09:27:34+00:00\" \/>\n<meta property=\"og:image\" content=\"https:\/\/www.vetorino.com\/boutique\/wp-content\/uploads\/2025\/06\/chaton-croquettes-baby-protect-poulet.jpg\" \/>\n\t<meta property=\"og:image:width\" content=\"805\" \/>\n\t<meta property=\"og:image:height\" content=\"1024\" \/>\n\t<meta property=\"og:image:type\" content=\"image\/jpeg\" \/>\n<meta name=\"twitter:card\" content=\"summary_large_image\" \/>\n<meta name=\"twitter:label1\" content=\"Prix\" \/>\n\t<meta name=\"twitter:data1\" content=\"18,93&euro;\" \/>\n\t<meta name=\"twitter:label2\" content=\"Disponibilit\u00e9\" \/>\n\t<meta name=\"twitter:data2\" content=\"En stock\" \/>\n<script type=\"application\/ld+json\" class=\"yoast-schema-graph\">{\"@context\":\"https:\\\/\\\/schema.org\",\"@graph\":[{\"@type\":\"WebPage\",\"@id\":\"https:\\\/\\\/www.vetorino.com\\\/veterinaire\\\/briancon-05100\\\/boutique\\\/product\\\/advance-chat-kitten-poulet-baby-protect\\\/\",\"url\":\"https:\\\/\\\/www.vetorino.com\\\/veterinaire\\\/briancon-05100\\\/boutique\\\/product\\\/advance-chat-kitten-poulet-baby-protect\\\/\",\"name\":\"Chat Kitten Poulet-Baby Protect Advance - V\u00e9torino\",\"isPartOf\":{\"@id\":\"https:\\\/\\\/www.vetorino.com\\\/boutique\\\/#website\"},\"primaryImageOfPage\":{\"@id\":\"https:\\\/\\\/www.vetorino.com\\\/veterinaire\\\/briancon-05100\\\/boutique\\\/product\\\/advance-chat-kitten-poulet-baby-protect\\\/#primaryimage\"},\"image\":{\"@id\":\"https:\\\/\\\/www.vetorino.com\\\/veterinaire\\\/briancon-05100\\\/boutique\\\/product\\\/advance-chat-kitten-poulet-baby-protect\\\/#primaryimage\"},\"thumbnailUrl\":\"https:\\\/\\\/www.vetorino.com\\\/boutique\\\/wp-content\\\/uploads\\\/2025\\\/06\\\/chaton-croquettes-baby-protect-poulet.jpg\",\"datePublished\":\"2025-06-06T03:35:05+00:00\",\"dateModified\":\"2026-01-06T09:27:34+00:00\",\"description\":\"Aliment complet et \u00e9quilibr\u00e9 pour chatons (2 \u00e0 12 mois) et chattes gestantes et allaitantes. Microbiote sain avec une formule renforc\u00e9e en pr\u00e9biotiques et fibres, sans conservateurs ni colorants artificiels ajout\u00e9s. Aide \u00e0 maintenir la bonne sant\u00e9 intestinale et la r\u00e9ponse immunitaire naturelle du chaton gr\u00e2ce \u00e0 des pr\u00e9biotiques, des nucl\u00e9otides et des immunoglobulines actives, ainsi que des vitamines et min\u00e9raux qui contribuent au d\u00e9veloppement optimal des os.\",\"breadcrumb\":{\"@id\":\"https:\\\/\\\/www.vetorino.com\\\/veterinaire\\\/briancon-05100\\\/boutique\\\/product\\\/advance-chat-kitten-poulet-baby-protect\\\/#breadcrumb\"},\"inLanguage\":\"fr-FR\",\"potentialAction\":[{\"@type\":\"ReadAction\",\"target\":[\"https:\\\/\\\/www.vetorino.com\\\/veterinaire\\\/briancon-05100\\\/boutique\\\/product\\\/advance-chat-kitten-poulet-baby-protect\\\/\"]}]},{\"@type\":\"ImageObject\",\"inLanguage\":\"fr-FR\",\"@id\":\"https:\\\/\\\/www.vetorino.com\\\/veterinaire\\\/briancon-05100\\\/boutique\\\/product\\\/advance-chat-kitten-poulet-baby-protect\\\/#primaryimage\",\"url\":\"https:\\\/\\\/www.vetorino.com\\\/boutique\\\/wp-content\\\/uploads\\\/2025\\\/06\\\/chaton-croquettes-baby-protect-poulet.jpg\",\"contentUrl\":\"https:\\\/\\\/www.vetorino.com\\\/boutique\\\/wp-content\\\/uploads\\\/2025\\\/06\\\/chaton-croquettes-baby-protect-poulet.jpg\",\"width\":805,\"height\":1024},{\"@type\":\"BreadcrumbList\",\"@id\":\"https:\\\/\\\/www.vetorino.com\\\/veterinaire\\\/briancon-05100\\\/boutique\\\/product\\\/advance-chat-kitten-poulet-baby-protect\\\/#breadcrumb\",\"itemListElement\":[{\"@type\":\"ListItem\",\"position\":1,\"name\":\"Accueil\",\"item\":\"https:\\\/\\\/www.vetorino.com\\\/boutique\\\/\"},{\"@type\":\"ListItem\",\"position\":2,\"name\":\"Produits\",\"item\":\"https:\\\/\\\/www.vetorino.com\\\/boutique\\\/\"},{\"@type\":\"ListItem\",\"position\":3,\"name\":\"Chat Kitten Poulet-Baby Protect\"}]},{\"@type\":\"WebSite\",\"@id\":\"https:\\\/\\\/www.vetorino.com\\\/boutique\\\/#website\",\"url\":\"https:\\\/\\\/www.vetorino.com\\\/boutique\\\/\",\"name\":\"V\u00e9torino\",\"description\":\"\",\"publisher\":{\"@id\":\"https:\\\/\\\/www.vetorino.com\\\/boutique\\\/#organization\"},\"potentialAction\":[{\"@type\":\"SearchAction\",\"target\":{\"@type\":\"EntryPoint\",\"urlTemplate\":\"https:\\\/\\\/www.vetorino.com\\\/boutique\\\/?s={search_term_string}\"},\"query-input\":{\"@type\":\"PropertyValueSpecification\",\"valueRequired\":true,\"valueName\":\"search_term_string\"}}],\"inLanguage\":\"fr-FR\"},{\"@type\":\"Organization\",\"@id\":\"https:\\\/\\\/www.vetorino.com\\\/boutique\\\/#organization\",\"name\":\"V\u00e9torino\",\"url\":\"https:\\\/\\\/www.vetorino.com\\\/boutique\\\/\",\"logo\":{\"@type\":\"ImageObject\",\"inLanguage\":\"fr-FR\",\"@id\":\"https:\\\/\\\/www.vetorino.com\\\/boutique\\\/#\\\/schema\\\/logo\\\/image\\\/\",\"url\":\"https:\\\/\\\/www.vetorino.com\\\/boutique\\\/wp-content\\\/uploads\\\/2024\\\/10\\\/logo.jpg\",\"contentUrl\":\"https:\\\/\\\/www.vetorino.com\\\/boutique\\\/wp-content\\\/uploads\\\/2024\\\/10\\\/logo.jpg\",\"width\":1200,\"height\":610,\"caption\":\"V\u00e9torino\"},\"image\":{\"@id\":\"https:\\\/\\\/www.vetorino.com\\\/boutique\\\/#\\\/schema\\\/logo\\\/image\\\/\"},\"sameAs\":[\"https:\\\/\\\/www.facebook.com\\\/Vetorino\\\/\",\"https:\\\/\\\/www.instagram.com\\\/vetorino_off\\\/\",\"https:\\\/\\\/www.linkedin.com\\\/company\\\/vtorino\\\/\"]}]}<\/script>\n<meta property=\"product:brand\" content=\"Advance\" \/>\n<meta property=\"product:price:amount\" content=\"18.93\" \/>\n<meta property=\"product:price:currency\" content=\"EUR\" \/>\n<meta property=\"og:availability\" content=\"instock\" \/>\n<meta property=\"product:availability\" content=\"instock\" \/>\n<meta property=\"product:retailer_item_id\" content=\"A-1892020\" \/>\n<meta property=\"product:condition\" content=\"new\" \/>\n<!-- \/ Yoast SEO plugin. -->","yoast_head_json":{"title":"Chat Kitten Poulet-Baby Protect Advance - V\u00e9torino","description":"Aliment complet et \u00e9quilibr\u00e9 pour chatons (2 \u00e0 12 mois) et chattes gestantes et allaitantes.  Microbiote sain avec une formule renforc\u00e9e en pr\u00e9biotiques et fibres, sans conservateurs ni colorants artificiels ajout\u00e9s.  Aide \u00e0 maintenir la bonne sant\u00e9 intestinale et la r\u00e9ponse immunitaire naturelle du chaton gr\u00e2ce \u00e0 des pr\u00e9biotiques, des nucl\u00e9otides et des immunoglobulines actives, ainsi que des vitamines et min\u00e9raux qui contribuent au d\u00e9veloppement optimal des os.","robots":{"index":"noindex","follow":"nofollow"},"og_locale":"fr_FR","og_type":"article","og_title":"Chat Kitten Poulet-Baby Protect Advance - V\u00e9torino","og_description":"Aliment complet et \u00e9quilibr\u00e9 pour chatons (2 \u00e0 12 mois) et chattes gestantes et allaitantes.  Microbiote sain avec une formule renforc\u00e9e en pr\u00e9biotiques et fibres, sans conservateurs ni colorants artificiels ajout\u00e9s.  Aide \u00e0 maintenir la bonne sant\u00e9 intestinale et la r\u00e9ponse immunitaire naturelle du chaton gr\u00e2ce \u00e0 des pr\u00e9biotiques, des nucl\u00e9otides et des immunoglobulines actives, ainsi que des vitamines et min\u00e9raux qui contribuent au d\u00e9veloppement optimal des os.","og_url":"https:\/\/www.vetorino.com\/veterinaire\/balaruclevieux-34540\/boutique\/product\/advance-chat-kitten-poulet-baby-protect\/","og_site_name":"V\u00e9torino","article_publisher":"https:\/\/www.facebook.com\/Vetorino\/","article_modified_time":"2026-01-06T09:27:34+00:00","og_image":[{"width":805,"height":1024,"url":"https:\/\/www.vetorino.com\/boutique\/wp-content\/uploads\/2025\/06\/chaton-croquettes-baby-protect-poulet.jpg","type":"image\/jpeg"}],"twitter_card":"summary_large_image","twitter_misc":{"Prix":"18,93&euro;","Disponibilit\u00e9":"En stock"},"schema":{"@context":"https:\/\/schema.org","@graph":[{"@type":"WebPage","@id":"https:\/\/www.vetorino.com\/veterinaire\/briancon-05100\/boutique\/product\/advance-chat-kitten-poulet-baby-protect\/","url":"https:\/\/www.vetorino.com\/veterinaire\/briancon-05100\/boutique\/product\/advance-chat-kitten-poulet-baby-protect\/","name":"Chat Kitten Poulet-Baby Protect Advance - V\u00e9torino","isPartOf":{"@id":"https:\/\/www.vetorino.com\/boutique\/#website"},"primaryImageOfPage":{"@id":"https:\/\/www.vetorino.com\/veterinaire\/briancon-05100\/boutique\/product\/advance-chat-kitten-poulet-baby-protect\/#primaryimage"},"image":{"@id":"https:\/\/www.vetorino.com\/veterinaire\/briancon-05100\/boutique\/product\/advance-chat-kitten-poulet-baby-protect\/#primaryimage"},"thumbnailUrl":"https:\/\/www.vetorino.com\/boutique\/wp-content\/uploads\/2025\/06\/chaton-croquettes-baby-protect-poulet.jpg","datePublished":"2025-06-06T03:35:05+00:00","dateModified":"2026-01-06T09:27:34+00:00","description":"Aliment complet et \u00e9quilibr\u00e9 pour chatons (2 \u00e0 12 mois) et chattes gestantes et allaitantes. Microbiote sain avec une formule renforc\u00e9e en pr\u00e9biotiques et fibres, sans conservateurs ni colorants artificiels ajout\u00e9s. Aide \u00e0 maintenir la bonne sant\u00e9 intestinale et la r\u00e9ponse immunitaire naturelle du chaton gr\u00e2ce \u00e0 des pr\u00e9biotiques, des nucl\u00e9otides et des immunoglobulines actives, ainsi que des vitamines et min\u00e9raux qui contribuent au d\u00e9veloppement optimal des os.","breadcrumb":{"@id":"https:\/\/www.vetorino.com\/veterinaire\/briancon-05100\/boutique\/product\/advance-chat-kitten-poulet-baby-protect\/#breadcrumb"},"inLanguage":"fr-FR","potentialAction":[{"@type":"ReadAction","target":["https:\/\/www.vetorino.com\/veterinaire\/briancon-05100\/boutique\/product\/advance-chat-kitten-poulet-baby-protect\/"]}]},{"@type":"ImageObject","inLanguage":"fr-FR","@id":"https:\/\/www.vetorino.com\/veterinaire\/briancon-05100\/boutique\/product\/advance-chat-kitten-poulet-baby-protect\/#primaryimage","url":"https:\/\/www.vetorino.com\/boutique\/wp-content\/uploads\/2025\/06\/chaton-croquettes-baby-protect-poulet.jpg","contentUrl":"https:\/\/www.vetorino.com\/boutique\/wp-content\/uploads\/2025\/06\/chaton-croquettes-baby-protect-poulet.jpg","width":805,"height":1024},{"@type":"BreadcrumbList","@id":"https:\/\/www.vetorino.com\/veterinaire\/briancon-05100\/boutique\/product\/advance-chat-kitten-poulet-baby-protect\/#breadcrumb","itemListElement":[{"@type":"ListItem","position":1,"name":"Accueil","item":"https:\/\/www.vetorino.com\/boutique\/"},{"@type":"ListItem","position":2,"name":"Produits","item":"https:\/\/www.vetorino.com\/boutique\/"},{"@type":"ListItem","position":3,"name":"Chat Kitten Poulet-Baby Protect"}]},{"@type":"WebSite","@id":"https:\/\/www.vetorino.com\/boutique\/#website","url":"https:\/\/www.vetorino.com\/boutique\/","name":"V\u00e9torino","description":"","publisher":{"@id":"https:\/\/www.vetorino.com\/boutique\/#organization"},"potentialAction":[{"@type":"SearchAction","target":{"@type":"EntryPoint","urlTemplate":"https:\/\/www.vetorino.com\/boutique\/?s={search_term_string}"},"query-input":{"@type":"PropertyValueSpecification","valueRequired":true,"valueName":"search_term_string"}}],"inLanguage":"fr-FR"},{"@type":"Organization","@id":"https:\/\/www.vetorino.com\/boutique\/#organization","name":"V\u00e9torino","url":"https:\/\/www.vetorino.com\/boutique\/","logo":{"@type":"ImageObject","inLanguage":"fr-FR","@id":"https:\/\/www.vetorino.com\/boutique\/#\/schema\/logo\/image\/","url":"https:\/\/www.vetorino.com\/boutique\/wp-content\/uploads\/2024\/10\/logo.jpg","contentUrl":"https:\/\/www.vetorino.com\/boutique\/wp-content\/uploads\/2024\/10\/logo.jpg","width":1200,"height":610,"caption":"V\u00e9torino"},"image":{"@id":"https:\/\/www.vetorino.com\/boutique\/#\/schema\/logo\/image\/"},"sameAs":["https:\/\/www.facebook.com\/Vetorino\/","https:\/\/www.instagram.com\/vetorino_off\/","https:\/\/www.linkedin.com\/company\/vtorino\/"]}]},"product_brand":"Advance","product_price_amount":"18.93","product_price_currency":"EUR","og_availability":"instock","product_availability":"instock","product_retailer_item_id":"A-1892020","product_condition":"new"},"_links":{"self":[{"href":"https:\/\/www.vetorino.com\/veterinaire\/balaruclevieux-34540\/boutique\/wp-json\/wp\/v2\/product\/1361274","targetHints":{"allow":["GET"]}}],"collection":[{"href":"https:\/\/www.vetorino.com\/veterinaire\/balaruclevieux-34540\/boutique\/wp-json\/wp\/v2\/product"}],"about":[{"href":"https:\/\/www.vetorino.com\/veterinaire\/balaruclevieux-34540\/boutique\/wp-json\/wp\/v2\/types\/product"}],"wp:featuredmedia":[{"embeddable":true,"href":"https:\/\/www.vetorino.com\/veterinaire\/balaruclevieux-34540\/boutique\/wp-json\/wp\/v2\/media\/1361546"}],"wp:attachment":[{"href":"https:\/\/www.vetorino.com\/veterinaire\/balaruclevieux-34540\/boutique\/wp-json\/wp\/v2\/media?parent=1361274"}],"wp:term":[{"taxonomy":"product_cat","embeddable":true,"href":"https:\/\/www.vetorino.com\/veterinaire\/balaruclevieux-34540\/boutique\/wp-json\/wp\/v2\/product_cat?post=1361274"},{"taxonomy":"product_tag","embeddable":true,"href":"https:\/\/www.vetorino.com\/veterinaire\/balaruclevieux-34540\/boutique\/wp-json\/wp\/v2\/product_tag?post=1361274"}],"curies":[{"name":"wp","href":"https:\/\/api.w.org\/{rel}","templated":true}]}}