{"id":174651,"date":"2021-04-29T20:23:32","date_gmt":"2021-04-29T18:23:32","guid":{"rendered":"https:\/\/www.vetorino.com\/boutique\/product\/advantix-tres-grand-chien\/"},"modified":"2024-11-06T11:40:15","modified_gmt":"2024-11-06T10:40:15","slug":"advantix-tres-grand-chien","status":"publish","type":"product","link":"https:\/\/www.vetorino.com\/veterinaire\/balaruclevieux-34540\/boutique\/product\/advantix-tres-grand-chien\/","title":{"rendered":"Advantix Tres Grand Chien 40 \u00e0 60 kg"},"content":{"rendered":"<p><strong>Advantix est une solution cutan\u00e9e antiparasitaire externe pour chien.<\/strong><\/p>\n<p>Dur\u00e9e d&#8217;efficacit\u00e9 : 4 semaines.<\/p>\n<p><strong>Utilisation :<\/strong><\/p>\n<ul>\n<li>Tr\u00e8s Grand Chien de 40\u00a0\u00e0\u00a060 kg<\/li>\n<li>Tue les puces, les tiques et les poux par contact et prot\u00e8ge l\u2019animal contre d\u2019autres infestations.<\/li>\n<\/ul>\n<p><strong>Mode d&#8217;emploi :<\/strong><\/p>\n<ul>\n<li>Enlevez le collier avant l&#8217;application.<\/li>\n<li>Briser le sceau du tube avec le dos du capuchon.<\/li>\n<li>S\u00e9parez les poils de votre chien en commen\u00e7ant entre ses omoplates.<\/li>\n<li>Appliquez K9 Advantix\u00ae\u00a0II de fa\u00e7on uniforme et directement sur la surface de la peau en trois ou quatre points le long du dos de votre chien, en appuyant sur le tube. Les mouvements naturels de votre chien aideront \u00e0 r\u00e9pandre K9 Advantix II sur sa peau.<\/li>\n<\/ul>\n<p><strong>Avantages :<\/strong><\/p>\n<ul>\n<li>Large spectre d&#8217;action pour traiter les\u00a0<strong>tiques<\/strong>, les<strong>\u00a0puces<\/strong>\u00a0et les\u00a0<strong>phl\u00e9botomes<\/strong>\u00a0(moustiques).<\/li>\n<li>Efficacit\u00e9 maximale obtenue\u00a0<strong>dans les 24 heures.<\/strong><\/li>\n<li><\/li>\n<li><strong>Prot\u00e8ge contre les infestations ult\u00e9rieures<\/strong>\u00a0de puces, de tiques et de poux pendant au moins quatre semaines.<\/li>\n<li><strong>Tue les puces, leurs \u0153ufs et les larves<\/strong>\u00a0en interrompant efficacement tous les stades de vie des puces.<\/li>\n<li><strong>Les tiques n\u2019ont pas besoin de piquer pour \u00eatre tu\u00e9es<\/strong>. Une tique qui ne pique pas ne peut pas transmettre de maladies telles que la maladie de Lyme<\/li>\n<li>S\u00fbr et \u00e9prouv\u00e9 \u2013\u00a0<strong>Peut \u00eatre utilis\u00e9 chez les chiots<\/strong>\u00a0de huit semaines \u00e0 peine.<\/li>\n<li><strong>Aide \u00e0 pr\u00e9venir la dermatite allergique<\/strong>\u00a0aux piq\u00fbres de puces (DAPP).<\/li>\n<\/ul>\n<p><strong>Demandez conseil \u00e0 votre v\u00e9t\u00e9rinaire avant utilisation.<\/strong><\/p>\n","protected":false},"excerpt":{"rendered":"<div id=\"product-description-short-3402\">\n<p><strong>Advantix est une solution cutan\u00e9e antiparasitaire externe pour chien.<\/strong><\/p>\n<p>Dur\u00e9e d&#8217;efficacit\u00e9 : 4 semaines.<\/p>\n<ul>\n<li>Tr\u00e8s Grand Chien de 40\u00a0\u00e0 60 kg<\/li>\n<li>Tue les puces, les tiques et les poux par contact et prot\u00e8ge l\u2019animal contre d\u2019autres infestations.<\/li>\n<\/ul>\n<p><strong>Demandez conseil \u00e0 votre v\u00e9t\u00e9rinaire avant utilisation.<\/strong><\/p>\n<\/div>\n<div class=\"product-actions\">\n<div class=\"mdj_product_master\">\n<p class=\"mdc_text_bold\">Autres conditionnements<\/p>\n<\/div>\n<\/div>\n","protected":false},"featured_media":798722,"template":"","meta":[],"product_cat":[12554,2698,12561],"product_tag":[],"class_list":{"0":"post-174651","1":"product","2":"type-product","3":"status-publish","4":"has-post-thumbnail","6":"product_cat-antiparasitaire-du-chien","7":"product_cat-chien","8":"product_cat-hygiene-du-chien","9":"pa_marque-elanco","11":"first","12":"instock","13":"taxable","14":"shipping-taxable","15":"purchasable","16":"product-type-variable"},"yoast_head":"<!-- This site is optimized with the Yoast SEO plugin v27.3 - https:\/\/yoast.com\/product\/yoast-seo-wordpress\/ -->\n<title>Advantix Advantix Tres Grand Chien 40 \u00e0 60 kg Elanco - V\u00e9torino<\/title>\n<meta name=\"description\" content=\"Advantix est une solution cutan\u00e9e antiparasitaire externe pour chien.  Dur\u00e9e d&#039;efficacit\u00e9 : 4 semaines.   Tr\u00e8s Grand Chien de 40\u00a0\u00e0 60 kg  Tue les puces, les tiques et les poux par contact et prot\u00e8ge l\u2019animal contre d\u2019autres infestations.  Demandez conseil \u00e0 votre v\u00e9t\u00e9rinaire avant utilisation.     Autres conditionnements\" \/>\n<meta name=\"robots\" content=\"noindex, nofollow\" \/>\n<meta property=\"og:locale\" content=\"fr_FR\" \/>\n<meta property=\"og:type\" content=\"article\" \/>\n<meta property=\"og:title\" content=\"Advantix Advantix Tres Grand Chien 40 \u00e0 60 kg Elanco - V\u00e9torino\" \/>\n<meta property=\"og:description\" content=\"Advantix est une solution cutan\u00e9e antiparasitaire externe pour chien.  Dur\u00e9e d&#039;efficacit\u00e9 : 4 semaines.   Tr\u00e8s Grand Chien de 40\u00a0\u00e0 60 kg  Tue les puces, les tiques et les poux par contact et prot\u00e8ge l\u2019animal contre d\u2019autres infestations.  Demandez conseil \u00e0 votre v\u00e9t\u00e9rinaire avant utilisation.     Autres conditionnements\" \/>\n<meta property=\"og:url\" content=\"https:\/\/www.vetorino.com\/veterinaire\/balaruclevieux-34540\/boutique\/product\/advantix-tres-grand-chien\/\" \/>\n<meta property=\"og:site_name\" content=\"V\u00e9torino\" \/>\n<meta property=\"article:publisher\" content=\"https:\/\/www.facebook.com\/Vetorino\/\" \/>\n<meta property=\"article:modified_time\" content=\"2024-11-06T10:40:15+00:00\" \/>\n<meta property=\"og:image\" content=\"https:\/\/www.vetorino.com\/boutique\/wp-content\/uploads\/2021\/04\/advantix-tres-grand-chien-40-a-60-kg.jpg.png\" \/>\n\t<meta property=\"og:image:width\" content=\"800\" \/>\n\t<meta property=\"og:image:height\" content=\"800\" \/>\n\t<meta property=\"og:image:type\" content=\"image\/png\" \/>\n<meta name=\"twitter:card\" content=\"summary_large_image\" \/>\n<meta name=\"twitter:label1\" content=\"Disponibilit\u00e9\" \/>\n\t<meta name=\"twitter:data1\" content=\"En stock\" \/>\n<script type=\"application\/ld+json\" class=\"yoast-schema-graph\">{\"@context\":\"https:\\\/\\\/schema.org\",\"@graph\":[{\"@type\":\"WebPage\",\"@id\":\"https:\\\/\\\/www.vetorino.com\\\/boutique\\\/product\\\/advantix-tres-grand-chien\\\/\",\"url\":\"https:\\\/\\\/www.vetorino.com\\\/boutique\\\/product\\\/advantix-tres-grand-chien\\\/\",\"name\":\"Advantix Advantix Tres Grand Chien 40 \u00e0 60 kg Elanco - V\u00e9torino\",\"isPartOf\":{\"@id\":\"https:\\\/\\\/www.vetorino.com\\\/boutique\\\/#website\"},\"primaryImageOfPage\":{\"@id\":\"https:\\\/\\\/www.vetorino.com\\\/boutique\\\/product\\\/advantix-tres-grand-chien\\\/#primaryimage\"},\"image\":{\"@id\":\"https:\\\/\\\/www.vetorino.com\\\/boutique\\\/product\\\/advantix-tres-grand-chien\\\/#primaryimage\"},\"thumbnailUrl\":\"https:\\\/\\\/www.vetorino.com\\\/boutique\\\/wp-content\\\/uploads\\\/2021\\\/04\\\/advantix-tres-grand-chien-40-a-60-kg.jpg.png\",\"datePublished\":\"2021-04-29T18:23:32+00:00\",\"dateModified\":\"2024-11-06T10:40:15+00:00\",\"description\":\"Advantix est une solution cutan\u00e9e antiparasitaire externe pour chien. Dur\u00e9e d'efficacit\u00e9 : 4 semaines. Tr\u00e8s Grand Chien de 40\u00a0\u00e0 60 kg Tue les puces, les tiques et les poux par contact et prot\u00e8ge l\u2019animal contre d\u2019autres infestations. Demandez conseil \u00e0 votre v\u00e9t\u00e9rinaire avant utilisation. Autres conditionnements\",\"breadcrumb\":{\"@id\":\"https:\\\/\\\/www.vetorino.com\\\/boutique\\\/product\\\/advantix-tres-grand-chien\\\/#breadcrumb\"},\"inLanguage\":\"fr-FR\",\"potentialAction\":[{\"@type\":\"ReadAction\",\"target\":[\"https:\\\/\\\/www.vetorino.com\\\/boutique\\\/product\\\/advantix-tres-grand-chien\\\/\"]}]},{\"@type\":\"ImageObject\",\"inLanguage\":\"fr-FR\",\"@id\":\"https:\\\/\\\/www.vetorino.com\\\/boutique\\\/product\\\/advantix-tres-grand-chien\\\/#primaryimage\",\"url\":\"https:\\\/\\\/www.vetorino.com\\\/boutique\\\/wp-content\\\/uploads\\\/2021\\\/04\\\/advantix-tres-grand-chien-40-a-60-kg.jpg.png\",\"contentUrl\":\"https:\\\/\\\/www.vetorino.com\\\/boutique\\\/wp-content\\\/uploads\\\/2021\\\/04\\\/advantix-tres-grand-chien-40-a-60-kg.jpg.png\",\"width\":800,\"height\":800},{\"@type\":\"BreadcrumbList\",\"@id\":\"https:\\\/\\\/www.vetorino.com\\\/boutique\\\/product\\\/advantix-tres-grand-chien\\\/#breadcrumb\",\"itemListElement\":[{\"@type\":\"ListItem\",\"position\":1,\"name\":\"Accueil\",\"item\":\"https:\\\/\\\/www.vetorino.com\\\/boutique\\\/\"},{\"@type\":\"ListItem\",\"position\":2,\"name\":\"Produits\",\"item\":\"https:\\\/\\\/www.vetorino.com\\\/boutique\\\/\"},{\"@type\":\"ListItem\",\"position\":3,\"name\":\"Advantix Tres Grand Chien 40 \u00e0 60 kg\"}]},{\"@type\":\"WebSite\",\"@id\":\"https:\\\/\\\/www.vetorino.com\\\/boutique\\\/#website\",\"url\":\"https:\\\/\\\/www.vetorino.com\\\/boutique\\\/\",\"name\":\"V\u00e9torino\",\"description\":\"\",\"publisher\":{\"@id\":\"https:\\\/\\\/www.vetorino.com\\\/boutique\\\/#organization\"},\"potentialAction\":[{\"@type\":\"SearchAction\",\"target\":{\"@type\":\"EntryPoint\",\"urlTemplate\":\"https:\\\/\\\/www.vetorino.com\\\/boutique\\\/?s={search_term_string}\"},\"query-input\":{\"@type\":\"PropertyValueSpecification\",\"valueRequired\":true,\"valueName\":\"search_term_string\"}}],\"inLanguage\":\"fr-FR\"},{\"@type\":\"Organization\",\"@id\":\"https:\\\/\\\/www.vetorino.com\\\/boutique\\\/#organization\",\"name\":\"V\u00e9torino\",\"url\":\"https:\\\/\\\/www.vetorino.com\\\/boutique\\\/\",\"logo\":{\"@type\":\"ImageObject\",\"inLanguage\":\"fr-FR\",\"@id\":\"https:\\\/\\\/www.vetorino.com\\\/boutique\\\/#\\\/schema\\\/logo\\\/image\\\/\",\"url\":\"https:\\\/\\\/www.vetorino.com\\\/boutique\\\/wp-content\\\/uploads\\\/2024\\\/10\\\/logo.jpg\",\"contentUrl\":\"https:\\\/\\\/www.vetorino.com\\\/boutique\\\/wp-content\\\/uploads\\\/2024\\\/10\\\/logo.jpg\",\"width\":1200,\"height\":610,\"caption\":\"V\u00e9torino\"},\"image\":{\"@id\":\"https:\\\/\\\/www.vetorino.com\\\/boutique\\\/#\\\/schema\\\/logo\\\/image\\\/\"},\"sameAs\":[\"https:\\\/\\\/www.facebook.com\\\/Vetorino\\\/\",\"https:\\\/\\\/www.instagram.com\\\/vetorino_off\\\/\",\"https:\\\/\\\/www.linkedin.com\\\/company\\\/vtorino\\\/\"]}]}<\/script>\n<meta property=\"product:brand\" content=\"Elanco\" \/>\n<meta property=\"og:availability\" content=\"instock\" \/>\n<meta property=\"product:availability\" content=\"instock\" \/>\n<meta property=\"product:condition\" content=\"new\" \/>\n<!-- \/ Yoast SEO plugin. -->","yoast_head_json":{"title":"Advantix Advantix Tres Grand Chien 40 \u00e0 60 kg Elanco - V\u00e9torino","description":"Advantix est une solution cutan\u00e9e antiparasitaire externe pour chien.  Dur\u00e9e d'efficacit\u00e9 : 4 semaines.   Tr\u00e8s Grand Chien de 40\u00a0\u00e0 60 kg  Tue les puces, les tiques et les poux par contact et prot\u00e8ge l\u2019animal contre d\u2019autres infestations.  Demandez conseil \u00e0 votre v\u00e9t\u00e9rinaire avant utilisation.     Autres conditionnements","robots":{"index":"noindex","follow":"nofollow"},"og_locale":"fr_FR","og_type":"article","og_title":"Advantix Advantix Tres Grand Chien 40 \u00e0 60 kg Elanco - V\u00e9torino","og_description":"Advantix est une solution cutan\u00e9e antiparasitaire externe pour chien.  Dur\u00e9e d'efficacit\u00e9 : 4 semaines.   Tr\u00e8s Grand Chien de 40\u00a0\u00e0 60 kg  Tue les puces, les tiques et les poux par contact et prot\u00e8ge l\u2019animal contre d\u2019autres infestations.  Demandez conseil \u00e0 votre v\u00e9t\u00e9rinaire avant utilisation.     Autres conditionnements","og_url":"https:\/\/www.vetorino.com\/veterinaire\/balaruclevieux-34540\/boutique\/product\/advantix-tres-grand-chien\/","og_site_name":"V\u00e9torino","article_publisher":"https:\/\/www.facebook.com\/Vetorino\/","article_modified_time":"2024-11-06T10:40:15+00:00","og_image":[{"width":800,"height":800,"url":"https:\/\/www.vetorino.com\/boutique\/wp-content\/uploads\/2021\/04\/advantix-tres-grand-chien-40-a-60-kg.jpg.png","type":"image\/png"}],"twitter_card":"summary_large_image","twitter_misc":{"Disponibilit\u00e9":"En stock"},"schema":{"@context":"https:\/\/schema.org","@graph":[{"@type":"WebPage","@id":"https:\/\/www.vetorino.com\/boutique\/product\/advantix-tres-grand-chien\/","url":"https:\/\/www.vetorino.com\/boutique\/product\/advantix-tres-grand-chien\/","name":"Advantix Advantix Tres Grand Chien 40 \u00e0 60 kg Elanco - V\u00e9torino","isPartOf":{"@id":"https:\/\/www.vetorino.com\/boutique\/#website"},"primaryImageOfPage":{"@id":"https:\/\/www.vetorino.com\/boutique\/product\/advantix-tres-grand-chien\/#primaryimage"},"image":{"@id":"https:\/\/www.vetorino.com\/boutique\/product\/advantix-tres-grand-chien\/#primaryimage"},"thumbnailUrl":"https:\/\/www.vetorino.com\/boutique\/wp-content\/uploads\/2021\/04\/advantix-tres-grand-chien-40-a-60-kg.jpg.png","datePublished":"2021-04-29T18:23:32+00:00","dateModified":"2024-11-06T10:40:15+00:00","description":"Advantix est une solution cutan\u00e9e antiparasitaire externe pour chien. Dur\u00e9e d'efficacit\u00e9 : 4 semaines. Tr\u00e8s Grand Chien de 40\u00a0\u00e0 60 kg Tue les puces, les tiques et les poux par contact et prot\u00e8ge l\u2019animal contre d\u2019autres infestations. Demandez conseil \u00e0 votre v\u00e9t\u00e9rinaire avant utilisation. Autres conditionnements","breadcrumb":{"@id":"https:\/\/www.vetorino.com\/boutique\/product\/advantix-tres-grand-chien\/#breadcrumb"},"inLanguage":"fr-FR","potentialAction":[{"@type":"ReadAction","target":["https:\/\/www.vetorino.com\/boutique\/product\/advantix-tres-grand-chien\/"]}]},{"@type":"ImageObject","inLanguage":"fr-FR","@id":"https:\/\/www.vetorino.com\/boutique\/product\/advantix-tres-grand-chien\/#primaryimage","url":"https:\/\/www.vetorino.com\/boutique\/wp-content\/uploads\/2021\/04\/advantix-tres-grand-chien-40-a-60-kg.jpg.png","contentUrl":"https:\/\/www.vetorino.com\/boutique\/wp-content\/uploads\/2021\/04\/advantix-tres-grand-chien-40-a-60-kg.jpg.png","width":800,"height":800},{"@type":"BreadcrumbList","@id":"https:\/\/www.vetorino.com\/boutique\/product\/advantix-tres-grand-chien\/#breadcrumb","itemListElement":[{"@type":"ListItem","position":1,"name":"Accueil","item":"https:\/\/www.vetorino.com\/boutique\/"},{"@type":"ListItem","position":2,"name":"Produits","item":"https:\/\/www.vetorino.com\/boutique\/"},{"@type":"ListItem","position":3,"name":"Advantix Tres Grand Chien 40 \u00e0 60 kg"}]},{"@type":"WebSite","@id":"https:\/\/www.vetorino.com\/boutique\/#website","url":"https:\/\/www.vetorino.com\/boutique\/","name":"V\u00e9torino","description":"","publisher":{"@id":"https:\/\/www.vetorino.com\/boutique\/#organization"},"potentialAction":[{"@type":"SearchAction","target":{"@type":"EntryPoint","urlTemplate":"https:\/\/www.vetorino.com\/boutique\/?s={search_term_string}"},"query-input":{"@type":"PropertyValueSpecification","valueRequired":true,"valueName":"search_term_string"}}],"inLanguage":"fr-FR"},{"@type":"Organization","@id":"https:\/\/www.vetorino.com\/boutique\/#organization","name":"V\u00e9torino","url":"https:\/\/www.vetorino.com\/boutique\/","logo":{"@type":"ImageObject","inLanguage":"fr-FR","@id":"https:\/\/www.vetorino.com\/boutique\/#\/schema\/logo\/image\/","url":"https:\/\/www.vetorino.com\/boutique\/wp-content\/uploads\/2024\/10\/logo.jpg","contentUrl":"https:\/\/www.vetorino.com\/boutique\/wp-content\/uploads\/2024\/10\/logo.jpg","width":1200,"height":610,"caption":"V\u00e9torino"},"image":{"@id":"https:\/\/www.vetorino.com\/boutique\/#\/schema\/logo\/image\/"},"sameAs":["https:\/\/www.facebook.com\/Vetorino\/","https:\/\/www.instagram.com\/vetorino_off\/","https:\/\/www.linkedin.com\/company\/vtorino\/"]}]},"product_brand":"Elanco","og_availability":"instock","product_availability":"instock","product_condition":"new"},"_links":{"self":[{"href":"https:\/\/www.vetorino.com\/veterinaire\/balaruclevieux-34540\/boutique\/wp-json\/wp\/v2\/product\/174651","targetHints":{"allow":["GET"]}}],"collection":[{"href":"https:\/\/www.vetorino.com\/veterinaire\/balaruclevieux-34540\/boutique\/wp-json\/wp\/v2\/product"}],"about":[{"href":"https:\/\/www.vetorino.com\/veterinaire\/balaruclevieux-34540\/boutique\/wp-json\/wp\/v2\/types\/product"}],"wp:featuredmedia":[{"embeddable":true,"href":"https:\/\/www.vetorino.com\/veterinaire\/balaruclevieux-34540\/boutique\/wp-json\/wp\/v2\/media\/798722"}],"wp:attachment":[{"href":"https:\/\/www.vetorino.com\/veterinaire\/balaruclevieux-34540\/boutique\/wp-json\/wp\/v2\/media?parent=174651"}],"wp:term":[{"taxonomy":"product_cat","embeddable":true,"href":"https:\/\/www.vetorino.com\/veterinaire\/balaruclevieux-34540\/boutique\/wp-json\/wp\/v2\/product_cat?post=174651"},{"taxonomy":"product_tag","embeddable":true,"href":"https:\/\/www.vetorino.com\/veterinaire\/balaruclevieux-34540\/boutique\/wp-json\/wp\/v2\/product_tag?post=174651"}],"curies":[{"name":"wp","href":"https:\/\/api.w.org\/{rel}","templated":true}]}}