{"id":310922,"date":"2022-04-05T17:44:30","date_gmt":"2022-04-05T15:44:30","guid":{"rendered":"https:\/\/www.vetorino.com\/boutique\/product\/specific-ct-fth-healthy-treats-10x50g\/"},"modified":"2025-08-21T12:15:33","modified_gmt":"2025-08-21T10:15:33","slug":"specific-ct-fth-healthy-treats-10x50g","status":"publish","type":"product","link":"https:\/\/www.vetorino.com\/veterinaire\/balaruclevieux-34540\/boutique\/product\/specific-ct-fth-healthy-treats-10x50g\/","title":{"rendered":"FT-H Healthy Treats &#8211; chat"},"content":{"rendered":"<p><strong>Friandises saines et croustillantes avec un\u00a0<span class=\"ILfuVd\"><span class=\"hgKElc\">c\u0153ur\u00a0<\/span><\/span>onctueux au poisson.<\/strong><\/p>\n<p>Gr\u00e2ce \u00e0 leur <strong>faible teneur en prot\u00e9ines et en min\u00e9raux<\/strong>, ces friandises sont id\u00e9ales pour les chats atteintes d\u2019uroliathiase et de pathologies r\u00e9nales.<\/p>\n<div id=\"product-description\" class=\"block md-bottom product-description-block \">\n<div class=\"block-content\">\n<div class=\"product-description typo\">\n<p>Ces friandises s&#8217;utilisent en suppl\u00e9ment de l&#8217;alimentation habituelle de votre chat.<\/p>\n<\/div>\n<\/div>\n<\/div>\n<p><strong>Utilisation :<\/strong><\/p>\n<ul>\n<li>Friandises pour chats de tous \u00e2ges.<\/li>\n<li>Adapt\u00e9es aux chatons.<\/li>\n<\/ul>\n<p><strong>Bienfaits essentiels :<\/strong><\/p>\n<ul>\n<li>Riches en poisson frais issus de sources certifi\u00e9es durables.<\/li>\n<li>Recette sans c\u00e9r\u00e9ales.<\/li>\n<li>Faible teneur en prot\u00e9ines.<\/li>\n<li>Faible teneur en min\u00e9raux (phosphore et magn\u00e9sium).<\/li>\n<li>Limite le risque de prise de poids.<\/li>\n<\/ul>\n<p><strong>Ne pas donner plus de 10 % de l&#8217;apport \u00e9nerg\u00e9tique quotidien du chat<\/strong>. Afin d&#8217;\u00e9viter que le chat ne soit en surpoids, il est recommand\u00e9 de r\u00e9duire la ration alimentaire quotidienne en fonction de la quantit\u00e9 de<br \/>\nfriandises distribu\u00e9e.<\/p>\n","protected":false},"excerpt":{"rendered":"<p><strong>Friandises croustillantes avec un\u00a0<span class=\"ILfuVd\"><span class=\"hgKElc\">c\u0153ur\u00a0<\/span><\/span>onctueux au poisson.<\/strong><\/p>\n<div id=\"product-description\" class=\"block md-bottom product-description-block \">\n<div class=\"block-content\">\n<div class=\"product-description typo\">\n<p>Ces friandises s&#8217;utilisent en suppl\u00e9ment de l&#8217;alimentation habituelle de votre chat.<\/p>\n<\/div>\n<\/div>\n<\/div>\n<p><strong>Utilisation :<\/strong><\/p>\n<ul>\n<li>Friandises pour chats<\/li>\n<li>Adapt\u00e9es aux chatons<\/li>\n<\/ul>\n","protected":false},"featured_media":733952,"template":"","meta":[],"product_cat":[12551,2697,2733],"product_tag":[],"class_list":{"0":"post-310922","1":"product","2":"type-product","3":"status-publish","4":"has-post-thumbnail","6":"product_cat-alimentation-du-chat","7":"product_cat-chat","8":"product_cat-friandises-pour-chat","9":"pa_marque-specific","11":"first","12":"instock","13":"taxable","14":"shipping-taxable","15":"purchasable","16":"product-type-simple"},"yoast_head":"<!-- This site is optimized with the Yoast SEO plugin v27.3 - https:\/\/yoast.com\/product\/yoast-seo-wordpress\/ -->\n<title>FT-H Healthy Treats - chat Specific - V\u00e9torino<\/title>\n<meta name=\"description\" content=\"Friandises croustillantes avec un\u00a0c\u0153ur\u00a0onctueux au poisson.     Ces friandises s&#039;utilisent en suppl\u00e9ment de l&#039;alimentation habituelle de votre chat.     Utilisation :   Friandises pour chats  Adapt\u00e9es aux chatons\" \/>\n<meta name=\"robots\" content=\"noindex, nofollow\" \/>\n<meta property=\"og:locale\" content=\"fr_FR\" \/>\n<meta property=\"og:type\" content=\"article\" \/>\n<meta property=\"og:title\" content=\"FT-H Healthy Treats - chat Specific - V\u00e9torino\" \/>\n<meta property=\"og:description\" content=\"Friandises croustillantes avec un\u00a0c\u0153ur\u00a0onctueux au poisson.     Ces friandises s&#039;utilisent en suppl\u00e9ment de l&#039;alimentation habituelle de votre chat.     Utilisation :   Friandises pour chats  Adapt\u00e9es aux chatons\" \/>\n<meta property=\"og:url\" content=\"https:\/\/www.vetorino.com\/veterinaire\/balaruclevieux-34540\/boutique\/product\/specific-ct-fth-healthy-treats-10x50g\/\" \/>\n<meta property=\"og:site_name\" content=\"V\u00e9torino\" \/>\n<meta property=\"article:publisher\" content=\"https:\/\/www.facebook.com\/Vetorino\/\" \/>\n<meta property=\"article:modified_time\" content=\"2025-08-21T10:15:33+00:00\" \/>\n<meta property=\"og:image\" content=\"https:\/\/www.vetorino.com\/boutique\/wp-content\/uploads\/2022\/04\/DECHRA-1862260-scaled.jpg\" \/>\n\t<meta property=\"og:image:width\" content=\"2560\" \/>\n\t<meta property=\"og:image:height\" content=\"1707\" \/>\n\t<meta property=\"og:image:type\" content=\"image\/jpeg\" \/>\n<meta name=\"twitter:card\" content=\"summary_large_image\" \/>\n<meta name=\"twitter:label1\" content=\"Prix\" \/>\n\t<meta name=\"twitter:data1\" content=\"19,31&euro;\" \/>\n\t<meta name=\"twitter:label2\" content=\"Disponibilit\u00e9\" \/>\n\t<meta name=\"twitter:data2\" content=\"En stock\" \/>\n<script type=\"application\/ld+json\" class=\"yoast-schema-graph\">{\"@context\":\"https:\\\/\\\/schema.org\",\"@graph\":[{\"@type\":\"WebPage\",\"@id\":\"https:\\\/\\\/www.vetorino.com\\\/boutique\\\/product\\\/specific-ct-fth-healthy-treats-10x50g\\\/\",\"url\":\"https:\\\/\\\/www.vetorino.com\\\/boutique\\\/product\\\/specific-ct-fth-healthy-treats-10x50g\\\/\",\"name\":\"FT-H Healthy Treats - chat Specific - V\u00e9torino\",\"isPartOf\":{\"@id\":\"https:\\\/\\\/www.vetorino.com\\\/boutique\\\/#website\"},\"primaryImageOfPage\":{\"@id\":\"https:\\\/\\\/www.vetorino.com\\\/boutique\\\/product\\\/specific-ct-fth-healthy-treats-10x50g\\\/#primaryimage\"},\"image\":{\"@id\":\"https:\\\/\\\/www.vetorino.com\\\/boutique\\\/product\\\/specific-ct-fth-healthy-treats-10x50g\\\/#primaryimage\"},\"thumbnailUrl\":\"https:\\\/\\\/www.vetorino.com\\\/boutique\\\/wp-content\\\/uploads\\\/2022\\\/04\\\/DECHRA-1862260-scaled.jpg\",\"datePublished\":\"2022-04-05T15:44:30+00:00\",\"dateModified\":\"2025-08-21T10:15:33+00:00\",\"description\":\"Friandises croustillantes avec un\u00a0c\u0153ur\u00a0onctueux au poisson. Ces friandises s'utilisent en suppl\u00e9ment de l'alimentation habituelle de votre chat. Utilisation : Friandises pour chats Adapt\u00e9es aux chatons\",\"breadcrumb\":{\"@id\":\"https:\\\/\\\/www.vetorino.com\\\/boutique\\\/product\\\/specific-ct-fth-healthy-treats-10x50g\\\/#breadcrumb\"},\"inLanguage\":\"fr-FR\",\"potentialAction\":[{\"@type\":\"ReadAction\",\"target\":[\"https:\\\/\\\/www.vetorino.com\\\/boutique\\\/product\\\/specific-ct-fth-healthy-treats-10x50g\\\/\"]}]},{\"@type\":\"ImageObject\",\"inLanguage\":\"fr-FR\",\"@id\":\"https:\\\/\\\/www.vetorino.com\\\/boutique\\\/product\\\/specific-ct-fth-healthy-treats-10x50g\\\/#primaryimage\",\"url\":\"https:\\\/\\\/www.vetorino.com\\\/boutique\\\/wp-content\\\/uploads\\\/2022\\\/04\\\/DECHRA-1862260-scaled.jpg\",\"contentUrl\":\"https:\\\/\\\/www.vetorino.com\\\/boutique\\\/wp-content\\\/uploads\\\/2022\\\/04\\\/DECHRA-1862260-scaled.jpg\",\"width\":2560,\"height\":1707},{\"@type\":\"BreadcrumbList\",\"@id\":\"https:\\\/\\\/www.vetorino.com\\\/boutique\\\/product\\\/specific-ct-fth-healthy-treats-10x50g\\\/#breadcrumb\",\"itemListElement\":[{\"@type\":\"ListItem\",\"position\":1,\"name\":\"Accueil\",\"item\":\"https:\\\/\\\/www.vetorino.com\\\/boutique\\\/\"},{\"@type\":\"ListItem\",\"position\":2,\"name\":\"Produits\",\"item\":\"https:\\\/\\\/www.vetorino.com\\\/boutique\\\/\"},{\"@type\":\"ListItem\",\"position\":3,\"name\":\"FT-H Healthy Treats &#8211; chat\"}]},{\"@type\":\"WebSite\",\"@id\":\"https:\\\/\\\/www.vetorino.com\\\/boutique\\\/#website\",\"url\":\"https:\\\/\\\/www.vetorino.com\\\/boutique\\\/\",\"name\":\"V\u00e9torino\",\"description\":\"\",\"publisher\":{\"@id\":\"https:\\\/\\\/www.vetorino.com\\\/boutique\\\/#organization\"},\"potentialAction\":[{\"@type\":\"SearchAction\",\"target\":{\"@type\":\"EntryPoint\",\"urlTemplate\":\"https:\\\/\\\/www.vetorino.com\\\/boutique\\\/?s={search_term_string}\"},\"query-input\":{\"@type\":\"PropertyValueSpecification\",\"valueRequired\":true,\"valueName\":\"search_term_string\"}}],\"inLanguage\":\"fr-FR\"},{\"@type\":\"Organization\",\"@id\":\"https:\\\/\\\/www.vetorino.com\\\/boutique\\\/#organization\",\"name\":\"V\u00e9torino\",\"url\":\"https:\\\/\\\/www.vetorino.com\\\/boutique\\\/\",\"logo\":{\"@type\":\"ImageObject\",\"inLanguage\":\"fr-FR\",\"@id\":\"https:\\\/\\\/www.vetorino.com\\\/boutique\\\/#\\\/schema\\\/logo\\\/image\\\/\",\"url\":\"https:\\\/\\\/www.vetorino.com\\\/boutique\\\/wp-content\\\/uploads\\\/2024\\\/10\\\/logo.jpg\",\"contentUrl\":\"https:\\\/\\\/www.vetorino.com\\\/boutique\\\/wp-content\\\/uploads\\\/2024\\\/10\\\/logo.jpg\",\"width\":1200,\"height\":610,\"caption\":\"V\u00e9torino\"},\"image\":{\"@id\":\"https:\\\/\\\/www.vetorino.com\\\/boutique\\\/#\\\/schema\\\/logo\\\/image\\\/\"},\"sameAs\":[\"https:\\\/\\\/www.facebook.com\\\/Vetorino\\\/\",\"https:\\\/\\\/www.instagram.com\\\/vetorino_off\\\/\",\"https:\\\/\\\/www.linkedin.com\\\/company\\\/vtorino\\\/\"]}]}<\/script>\n<meta property=\"product:brand\" content=\"Specific\" \/>\n<meta property=\"product:price:amount\" content=\"19.31\" \/>\n<meta property=\"product:price:currency\" content=\"EUR\" \/>\n<meta property=\"og:availability\" content=\"instock\" \/>\n<meta property=\"product:availability\" content=\"instock\" \/>\n<meta property=\"product:retailer_item_id\" content=\"A-1862260\" \/>\n<meta property=\"product:condition\" content=\"new\" \/>\n<!-- \/ Yoast SEO plugin. -->","yoast_head_json":{"title":"FT-H Healthy Treats - chat Specific - V\u00e9torino","description":"Friandises croustillantes avec un\u00a0c\u0153ur\u00a0onctueux au poisson.     Ces friandises s'utilisent en suppl\u00e9ment de l'alimentation habituelle de votre chat.     Utilisation :   Friandises pour chats  Adapt\u00e9es aux chatons","robots":{"index":"noindex","follow":"nofollow"},"og_locale":"fr_FR","og_type":"article","og_title":"FT-H Healthy Treats - chat Specific - V\u00e9torino","og_description":"Friandises croustillantes avec un\u00a0c\u0153ur\u00a0onctueux au poisson.     Ces friandises s'utilisent en suppl\u00e9ment de l'alimentation habituelle de votre chat.     Utilisation :   Friandises pour chats  Adapt\u00e9es aux chatons","og_url":"https:\/\/www.vetorino.com\/veterinaire\/balaruclevieux-34540\/boutique\/product\/specific-ct-fth-healthy-treats-10x50g\/","og_site_name":"V\u00e9torino","article_publisher":"https:\/\/www.facebook.com\/Vetorino\/","article_modified_time":"2025-08-21T10:15:33+00:00","og_image":[{"width":2560,"height":1707,"url":"https:\/\/www.vetorino.com\/boutique\/wp-content\/uploads\/2022\/04\/DECHRA-1862260-scaled.jpg","type":"image\/jpeg"}],"twitter_card":"summary_large_image","twitter_misc":{"Prix":"19,31&euro;","Disponibilit\u00e9":"En stock"},"schema":{"@context":"https:\/\/schema.org","@graph":[{"@type":"WebPage","@id":"https:\/\/www.vetorino.com\/boutique\/product\/specific-ct-fth-healthy-treats-10x50g\/","url":"https:\/\/www.vetorino.com\/boutique\/product\/specific-ct-fth-healthy-treats-10x50g\/","name":"FT-H Healthy Treats - chat Specific - V\u00e9torino","isPartOf":{"@id":"https:\/\/www.vetorino.com\/boutique\/#website"},"primaryImageOfPage":{"@id":"https:\/\/www.vetorino.com\/boutique\/product\/specific-ct-fth-healthy-treats-10x50g\/#primaryimage"},"image":{"@id":"https:\/\/www.vetorino.com\/boutique\/product\/specific-ct-fth-healthy-treats-10x50g\/#primaryimage"},"thumbnailUrl":"https:\/\/www.vetorino.com\/boutique\/wp-content\/uploads\/2022\/04\/DECHRA-1862260-scaled.jpg","datePublished":"2022-04-05T15:44:30+00:00","dateModified":"2025-08-21T10:15:33+00:00","description":"Friandises croustillantes avec un\u00a0c\u0153ur\u00a0onctueux au poisson. Ces friandises s'utilisent en suppl\u00e9ment de l'alimentation habituelle de votre chat. Utilisation : Friandises pour chats Adapt\u00e9es aux chatons","breadcrumb":{"@id":"https:\/\/www.vetorino.com\/boutique\/product\/specific-ct-fth-healthy-treats-10x50g\/#breadcrumb"},"inLanguage":"fr-FR","potentialAction":[{"@type":"ReadAction","target":["https:\/\/www.vetorino.com\/boutique\/product\/specific-ct-fth-healthy-treats-10x50g\/"]}]},{"@type":"ImageObject","inLanguage":"fr-FR","@id":"https:\/\/www.vetorino.com\/boutique\/product\/specific-ct-fth-healthy-treats-10x50g\/#primaryimage","url":"https:\/\/www.vetorino.com\/boutique\/wp-content\/uploads\/2022\/04\/DECHRA-1862260-scaled.jpg","contentUrl":"https:\/\/www.vetorino.com\/boutique\/wp-content\/uploads\/2022\/04\/DECHRA-1862260-scaled.jpg","width":2560,"height":1707},{"@type":"BreadcrumbList","@id":"https:\/\/www.vetorino.com\/boutique\/product\/specific-ct-fth-healthy-treats-10x50g\/#breadcrumb","itemListElement":[{"@type":"ListItem","position":1,"name":"Accueil","item":"https:\/\/www.vetorino.com\/boutique\/"},{"@type":"ListItem","position":2,"name":"Produits","item":"https:\/\/www.vetorino.com\/boutique\/"},{"@type":"ListItem","position":3,"name":"FT-H Healthy Treats &#8211; chat"}]},{"@type":"WebSite","@id":"https:\/\/www.vetorino.com\/boutique\/#website","url":"https:\/\/www.vetorino.com\/boutique\/","name":"V\u00e9torino","description":"","publisher":{"@id":"https:\/\/www.vetorino.com\/boutique\/#organization"},"potentialAction":[{"@type":"SearchAction","target":{"@type":"EntryPoint","urlTemplate":"https:\/\/www.vetorino.com\/boutique\/?s={search_term_string}"},"query-input":{"@type":"PropertyValueSpecification","valueRequired":true,"valueName":"search_term_string"}}],"inLanguage":"fr-FR"},{"@type":"Organization","@id":"https:\/\/www.vetorino.com\/boutique\/#organization","name":"V\u00e9torino","url":"https:\/\/www.vetorino.com\/boutique\/","logo":{"@type":"ImageObject","inLanguage":"fr-FR","@id":"https:\/\/www.vetorino.com\/boutique\/#\/schema\/logo\/image\/","url":"https:\/\/www.vetorino.com\/boutique\/wp-content\/uploads\/2024\/10\/logo.jpg","contentUrl":"https:\/\/www.vetorino.com\/boutique\/wp-content\/uploads\/2024\/10\/logo.jpg","width":1200,"height":610,"caption":"V\u00e9torino"},"image":{"@id":"https:\/\/www.vetorino.com\/boutique\/#\/schema\/logo\/image\/"},"sameAs":["https:\/\/www.facebook.com\/Vetorino\/","https:\/\/www.instagram.com\/vetorino_off\/","https:\/\/www.linkedin.com\/company\/vtorino\/"]}]},"product_brand":"Specific","product_price_amount":"19.31","product_price_currency":"EUR","og_availability":"instock","product_availability":"instock","product_retailer_item_id":"A-1862260","product_condition":"new"},"_links":{"self":[{"href":"https:\/\/www.vetorino.com\/veterinaire\/balaruclevieux-34540\/boutique\/wp-json\/wp\/v2\/product\/310922","targetHints":{"allow":["GET"]}}],"collection":[{"href":"https:\/\/www.vetorino.com\/veterinaire\/balaruclevieux-34540\/boutique\/wp-json\/wp\/v2\/product"}],"about":[{"href":"https:\/\/www.vetorino.com\/veterinaire\/balaruclevieux-34540\/boutique\/wp-json\/wp\/v2\/types\/product"}],"wp:featuredmedia":[{"embeddable":true,"href":"https:\/\/www.vetorino.com\/veterinaire\/balaruclevieux-34540\/boutique\/wp-json\/wp\/v2\/media\/733952"}],"wp:attachment":[{"href":"https:\/\/www.vetorino.com\/veterinaire\/balaruclevieux-34540\/boutique\/wp-json\/wp\/v2\/media?parent=310922"}],"wp:term":[{"taxonomy":"product_cat","embeddable":true,"href":"https:\/\/www.vetorino.com\/veterinaire\/balaruclevieux-34540\/boutique\/wp-json\/wp\/v2\/product_cat?post=310922"},{"taxonomy":"product_tag","embeddable":true,"href":"https:\/\/www.vetorino.com\/veterinaire\/balaruclevieux-34540\/boutique\/wp-json\/wp\/v2\/product_tag?post=310922"}],"curies":[{"name":"wp","href":"https:\/\/api.w.org\/{rel}","templated":true}]}}