{"id":34508,"date":"2020-03-04T22:02:24","date_gmt":"2020-03-04T21:02:24","guid":{"rendered":"https:\/\/www.vetorino.com\/boutique\/product\/feliway-f3-spray\/"},"modified":"2024-04-24T14:30:10","modified_gmt":"2024-04-24T12:30:10","slug":"feliway-f3-spray","status":"publish","type":"product","link":"https:\/\/www.vetorino.com\/veterinaire\/balaruclevieux-34540\/boutique\/product\/feliway-f3-spray\/","title":{"rendered":"Spray Feliway Classic"},"content":{"rendered":"<p><strong>FELIWAY est une reproduction synth\u00e9tique de la ph\u00e9romone faciale. Cette ph\u00e9romone, reconnue pour ses propri\u00e9t\u00e9s rassurantes et r\u00e9confortantes, aide les chats \u00e0 faire face aux changements de leur environnement et aux situations stressantes.<\/strong><\/p>\n<p><strong><br \/>\nUtilisation :<br \/>\n<\/strong><\/p>\n<ul>\n<li>Pour r\u00e9soudre les\u00a0probl\u00e8mes de marquage urinaire et de griffade<\/li>\n<li>S\u00e9curise le chat\u00a0dans un environnement inconnu, (nouvelle maison, vacances, etc.) ou stressant (cage, panier, voiture&#8230;)<\/li>\n<li>Apaise\u00a0et aide \u00e0 retrouver un comportement normal.<\/li>\n<\/ul>\n<p><strong>Avantage :<\/strong><\/p>\n<p>Contient un analogue de la fraction F3 de la ph\u00e9romone faciale f\u00e9line et constitue une solution pratique et naturelle pour :<\/p>\n<ul>\n<li>Contr\u00f4ler les manifestations li\u00e9es au stress chez le chat telles que marquage urinaire, griffades.<\/li>\n<li>Rassurer le chat lors de transports, voyages<\/li>\n<li>Autres situations \u00e0 risque (cohabitation difficile avec d\u2019autres chats, adoption, d\u00e9m\u00e9nagement, travaux d\u2019am\u00e9nagement, nouvelle d\u00e9coration, nouvel arrivant, f\u00eate \u00e0 la maison&#8230;).<\/li>\n<\/ul>\n<p>FELIWAY peut \u00eatre utilis\u00e9 sous la direction d\u2019un v\u00e9t\u00e9rinaire ou d\u2019un comportementaliste qualifi\u00e9 pour des troubles comportementaux ou des probl\u00e8mes m\u00e9dicaux.<\/p>\n<p><strong>Mode d&#8217;emploi :<\/strong><\/p>\n<ul>\n<li>FELIWAY Spray peut \u00eatre pulv\u00e9ris\u00e9 directement sur la literie, les murs, les meubles, les cages de transport, dans la voiture.<\/li>\n<li>Agiter FELIWAY Spray avant utilisation puis pulv\u00e9riser \u00e0 10 cm environ du support souill\u00e9.<\/li>\n<li>Le flacon doit \u00eatre maintenu \u00e0 la verticale.<\/li>\n<li>Le produit ne tache pas et ne marque pas.<\/li>\n<\/ul>\n<p><strong>Il est conseill\u00e9 de demander l&#8217;avis de votre v\u00e9t\u00e9rinaire avant utilisation.<\/strong><\/p>\n","protected":false},"excerpt":{"rendered":"<div><strong>FELIWAY est une reproduction synth\u00e9tique de la ph\u00e9romone faciale. Cette ph\u00e9romone, reconnue pour ses propri\u00e9t\u00e9s rassurantes et r\u00e9confortantes, aide les chats \u00e0 faire face aux changements de leur environnement et aux situations stressantes.<\/strong><\/div>\n<div><strong>Utilisation :<\/strong><\/div>\n<ul>\n<li>Pour r\u00e9soudre les\u00a0probl\u00e8mes de marquage urinaire et de griffade<\/li>\n<li>S\u00e9curise le chat\u00a0dans un environnement inconnu, (nouvelle maison, vacances, etc.) ou stressant (cage, panier, voiture&#8230;)<\/li>\n<li>Apaise\u00a0et aide \u00e0 retrouver un comportement normal.<\/li>\n<\/ul>\n","protected":false},"featured_media":904308,"template":"","meta":[],"product_cat":[2759,2697,12567],"product_tag":[],"class_list":{"0":"post-34508","1":"product","2":"type-product","3":"status-publish","4":"has-post-thumbnail","6":"product_cat-anti-stress-et-anxiete-pour-chat","7":"product_cat-chat","8":"product_cat-produit-veterinaire-du-chat","9":"pa_marque-ceva","11":"first","12":"instock","13":"taxable","14":"shipping-taxable","15":"product-type-simple"},"yoast_head":"<!-- This site is optimized with the Yoast SEO plugin v27.3 - https:\/\/yoast.com\/product\/yoast-seo-wordpress\/ -->\n<title>Feliway Spray Feliway Classic Ceva - V\u00e9torino<\/title>\n<meta name=\"description\" content=\"FELIWAY est une reproduction synth\u00e9tique de la ph\u00e9romone faciale. Cette ph\u00e9romone, reconnue pour ses propri\u00e9t\u00e9s rassurantes et r\u00e9confortantes, aide les chats \u00e0 faire face aux changements de leur environnement et aux situations stressantes. Utilisation :   Pour r\u00e9soudre les\u00a0probl\u00e8mes de marquage urinaire et de griffade  S\u00e9curise le chat\u00a0dans un environnement inconnu, (nouvelle maison, vacances, etc.) ou stressant (cage, panier, voiture...)  Apaise\u00a0et aide \u00e0 retrouver un comportement normal.\" \/>\n<meta name=\"robots\" content=\"noindex, nofollow\" \/>\n<meta property=\"og:locale\" content=\"fr_FR\" \/>\n<meta property=\"og:type\" content=\"article\" \/>\n<meta property=\"og:title\" content=\"Feliway Spray Feliway Classic Ceva - V\u00e9torino\" \/>\n<meta property=\"og:description\" content=\"FELIWAY est une reproduction synth\u00e9tique de la ph\u00e9romone faciale. Cette ph\u00e9romone, reconnue pour ses propri\u00e9t\u00e9s rassurantes et r\u00e9confortantes, aide les chats \u00e0 faire face aux changements de leur environnement et aux situations stressantes. Utilisation :   Pour r\u00e9soudre les\u00a0probl\u00e8mes de marquage urinaire et de griffade  S\u00e9curise le chat\u00a0dans un environnement inconnu, (nouvelle maison, vacances, etc.) ou stressant (cage, panier, voiture...)  Apaise\u00a0et aide \u00e0 retrouver un comportement normal.\" \/>\n<meta property=\"og:url\" content=\"https:\/\/www.vetorino.com\/veterinaire\/balaruclevieux-34540\/boutique\/product\/feliway-f3-spray\/\" \/>\n<meta property=\"og:site_name\" content=\"V\u00e9torino\" \/>\n<meta property=\"article:publisher\" content=\"https:\/\/www.facebook.com\/Vetorino\/\" \/>\n<meta property=\"article:modified_time\" content=\"2024-04-24T12:30:10+00:00\" \/>\n<meta property=\"og:image\" content=\"https:\/\/www.vetorino.com\/boutique\/wp-content\/uploads\/2020\/03\/spray-feliway-classic.webp\" \/>\n\t<meta property=\"og:image:width\" content=\"800\" \/>\n\t<meta property=\"og:image:height\" content=\"800\" \/>\n\t<meta property=\"og:image:type\" content=\"image\/webp\" \/>\n<meta name=\"twitter:card\" content=\"summary_large_image\" \/>\n<meta name=\"twitter:label1\" content=\"Prix\" \/>\n\t<meta name=\"twitter:data1\" content=\"\" \/>\n\t<meta name=\"twitter:label2\" content=\"Disponibilit\u00e9\" \/>\n\t<meta name=\"twitter:data2\" content=\"En stock\" \/>\n<script type=\"application\/ld+json\" class=\"yoast-schema-graph\">{\"@context\":\"https:\\\/\\\/schema.org\",\"@graph\":[{\"@type\":\"WebPage\",\"@id\":\"https:\\\/\\\/www.vetorino.com\\\/boutique\\\/product\\\/feliway-f3-spray\\\/\",\"url\":\"https:\\\/\\\/www.vetorino.com\\\/boutique\\\/product\\\/feliway-f3-spray\\\/\",\"name\":\"Feliway Spray Feliway Classic Ceva - V\u00e9torino\",\"isPartOf\":{\"@id\":\"https:\\\/\\\/www.vetorino.com\\\/boutique\\\/#website\"},\"primaryImageOfPage\":{\"@id\":\"https:\\\/\\\/www.vetorino.com\\\/boutique\\\/product\\\/feliway-f3-spray\\\/#primaryimage\"},\"image\":{\"@id\":\"https:\\\/\\\/www.vetorino.com\\\/boutique\\\/product\\\/feliway-f3-spray\\\/#primaryimage\"},\"thumbnailUrl\":\"https:\\\/\\\/www.vetorino.com\\\/boutique\\\/wp-content\\\/uploads\\\/2020\\\/03\\\/spray-feliway-classic.webp\",\"datePublished\":\"2020-03-04T21:02:24+00:00\",\"dateModified\":\"2024-04-24T12:30:10+00:00\",\"description\":\"FELIWAY est une reproduction synth\u00e9tique de la ph\u00e9romone faciale. Cette ph\u00e9romone, reconnue pour ses propri\u00e9t\u00e9s rassurantes et r\u00e9confortantes, aide les chats \u00e0 faire face aux changements de leur environnement et aux situations stressantes. Utilisation : Pour r\u00e9soudre les\u00a0probl\u00e8mes de marquage urinaire et de griffade S\u00e9curise le chat\u00a0dans un environnement inconnu, (nouvelle maison, vacances, etc.) ou stressant (cage, panier, voiture...) Apaise\u00a0et aide \u00e0 retrouver un comportement normal.\",\"breadcrumb\":{\"@id\":\"https:\\\/\\\/www.vetorino.com\\\/boutique\\\/product\\\/feliway-f3-spray\\\/#breadcrumb\"},\"inLanguage\":\"fr-FR\",\"potentialAction\":[{\"@type\":\"ReadAction\",\"target\":[\"https:\\\/\\\/www.vetorino.com\\\/boutique\\\/product\\\/feliway-f3-spray\\\/\"]}]},{\"@type\":\"ImageObject\",\"inLanguage\":\"fr-FR\",\"@id\":\"https:\\\/\\\/www.vetorino.com\\\/boutique\\\/product\\\/feliway-f3-spray\\\/#primaryimage\",\"url\":\"https:\\\/\\\/www.vetorino.com\\\/boutique\\\/wp-content\\\/uploads\\\/2020\\\/03\\\/spray-feliway-classic.webp\",\"contentUrl\":\"https:\\\/\\\/www.vetorino.com\\\/boutique\\\/wp-content\\\/uploads\\\/2020\\\/03\\\/spray-feliway-classic.webp\",\"width\":800,\"height\":800},{\"@type\":\"BreadcrumbList\",\"@id\":\"https:\\\/\\\/www.vetorino.com\\\/boutique\\\/product\\\/feliway-f3-spray\\\/#breadcrumb\",\"itemListElement\":[{\"@type\":\"ListItem\",\"position\":1,\"name\":\"Accueil\",\"item\":\"https:\\\/\\\/www.vetorino.com\\\/boutique\\\/\"},{\"@type\":\"ListItem\",\"position\":2,\"name\":\"Produits\",\"item\":\"https:\\\/\\\/www.vetorino.com\\\/boutique\\\/\"},{\"@type\":\"ListItem\",\"position\":3,\"name\":\"Spray Feliway Classic\"}]},{\"@type\":\"WebSite\",\"@id\":\"https:\\\/\\\/www.vetorino.com\\\/boutique\\\/#website\",\"url\":\"https:\\\/\\\/www.vetorino.com\\\/boutique\\\/\",\"name\":\"V\u00e9torino\",\"description\":\"\",\"publisher\":{\"@id\":\"https:\\\/\\\/www.vetorino.com\\\/boutique\\\/#organization\"},\"potentialAction\":[{\"@type\":\"SearchAction\",\"target\":{\"@type\":\"EntryPoint\",\"urlTemplate\":\"https:\\\/\\\/www.vetorino.com\\\/boutique\\\/?s={search_term_string}\"},\"query-input\":{\"@type\":\"PropertyValueSpecification\",\"valueRequired\":true,\"valueName\":\"search_term_string\"}}],\"inLanguage\":\"fr-FR\"},{\"@type\":\"Organization\",\"@id\":\"https:\\\/\\\/www.vetorino.com\\\/boutique\\\/#organization\",\"name\":\"V\u00e9torino\",\"url\":\"https:\\\/\\\/www.vetorino.com\\\/boutique\\\/\",\"logo\":{\"@type\":\"ImageObject\",\"inLanguage\":\"fr-FR\",\"@id\":\"https:\\\/\\\/www.vetorino.com\\\/boutique\\\/#\\\/schema\\\/logo\\\/image\\\/\",\"url\":\"https:\\\/\\\/www.vetorino.com\\\/boutique\\\/wp-content\\\/uploads\\\/2024\\\/10\\\/logo.jpg\",\"contentUrl\":\"https:\\\/\\\/www.vetorino.com\\\/boutique\\\/wp-content\\\/uploads\\\/2024\\\/10\\\/logo.jpg\",\"width\":1200,\"height\":610,\"caption\":\"V\u00e9torino\"},\"image\":{\"@id\":\"https:\\\/\\\/www.vetorino.com\\\/boutique\\\/#\\\/schema\\\/logo\\\/image\\\/\"},\"sameAs\":[\"https:\\\/\\\/www.facebook.com\\\/Vetorino\\\/\",\"https:\\\/\\\/www.instagram.com\\\/vetorino_off\\\/\",\"https:\\\/\\\/www.linkedin.com\\\/company\\\/vtorino\\\/\"]}]}<\/script>\n<meta property=\"product:brand\" content=\"Ceva\" \/>\n<meta property=\"product:price:currency\" content=\"EUR\" \/>\n<meta property=\"og:availability\" content=\"instock\" \/>\n<meta property=\"product:availability\" content=\"instock\" \/>\n<meta property=\"product:retailer_item_id\" content=\"A-8132623\" \/>\n<meta property=\"product:condition\" content=\"new\" \/>\n<!-- \/ Yoast SEO plugin. -->","yoast_head_json":{"title":"Feliway Spray Feliway Classic Ceva - V\u00e9torino","description":"FELIWAY est une reproduction synth\u00e9tique de la ph\u00e9romone faciale. Cette ph\u00e9romone, reconnue pour ses propri\u00e9t\u00e9s rassurantes et r\u00e9confortantes, aide les chats \u00e0 faire face aux changements de leur environnement et aux situations stressantes. Utilisation :   Pour r\u00e9soudre les\u00a0probl\u00e8mes de marquage urinaire et de griffade  S\u00e9curise le chat\u00a0dans un environnement inconnu, (nouvelle maison, vacances, etc.) ou stressant (cage, panier, voiture...)  Apaise\u00a0et aide \u00e0 retrouver un comportement normal.","robots":{"index":"noindex","follow":"nofollow"},"og_locale":"fr_FR","og_type":"article","og_title":"Feliway Spray Feliway Classic Ceva - V\u00e9torino","og_description":"FELIWAY est une reproduction synth\u00e9tique de la ph\u00e9romone faciale. Cette ph\u00e9romone, reconnue pour ses propri\u00e9t\u00e9s rassurantes et r\u00e9confortantes, aide les chats \u00e0 faire face aux changements de leur environnement et aux situations stressantes. Utilisation :   Pour r\u00e9soudre les\u00a0probl\u00e8mes de marquage urinaire et de griffade  S\u00e9curise le chat\u00a0dans un environnement inconnu, (nouvelle maison, vacances, etc.) ou stressant (cage, panier, voiture...)  Apaise\u00a0et aide \u00e0 retrouver un comportement normal.","og_url":"https:\/\/www.vetorino.com\/veterinaire\/balaruclevieux-34540\/boutique\/product\/feliway-f3-spray\/","og_site_name":"V\u00e9torino","article_publisher":"https:\/\/www.facebook.com\/Vetorino\/","article_modified_time":"2024-04-24T12:30:10+00:00","og_image":[{"width":800,"height":800,"url":"https:\/\/www.vetorino.com\/boutique\/wp-content\/uploads\/2020\/03\/spray-feliway-classic.webp","type":"image\/webp"}],"twitter_card":"summary_large_image","twitter_misc":{"Prix":"","Disponibilit\u00e9":"En stock"},"schema":{"@context":"https:\/\/schema.org","@graph":[{"@type":"WebPage","@id":"https:\/\/www.vetorino.com\/boutique\/product\/feliway-f3-spray\/","url":"https:\/\/www.vetorino.com\/boutique\/product\/feliway-f3-spray\/","name":"Feliway Spray Feliway Classic Ceva - V\u00e9torino","isPartOf":{"@id":"https:\/\/www.vetorino.com\/boutique\/#website"},"primaryImageOfPage":{"@id":"https:\/\/www.vetorino.com\/boutique\/product\/feliway-f3-spray\/#primaryimage"},"image":{"@id":"https:\/\/www.vetorino.com\/boutique\/product\/feliway-f3-spray\/#primaryimage"},"thumbnailUrl":"https:\/\/www.vetorino.com\/boutique\/wp-content\/uploads\/2020\/03\/spray-feliway-classic.webp","datePublished":"2020-03-04T21:02:24+00:00","dateModified":"2024-04-24T12:30:10+00:00","description":"FELIWAY est une reproduction synth\u00e9tique de la ph\u00e9romone faciale. Cette ph\u00e9romone, reconnue pour ses propri\u00e9t\u00e9s rassurantes et r\u00e9confortantes, aide les chats \u00e0 faire face aux changements de leur environnement et aux situations stressantes. Utilisation : Pour r\u00e9soudre les\u00a0probl\u00e8mes de marquage urinaire et de griffade S\u00e9curise le chat\u00a0dans un environnement inconnu, (nouvelle maison, vacances, etc.) ou stressant (cage, panier, voiture...) Apaise\u00a0et aide \u00e0 retrouver un comportement normal.","breadcrumb":{"@id":"https:\/\/www.vetorino.com\/boutique\/product\/feliway-f3-spray\/#breadcrumb"},"inLanguage":"fr-FR","potentialAction":[{"@type":"ReadAction","target":["https:\/\/www.vetorino.com\/boutique\/product\/feliway-f3-spray\/"]}]},{"@type":"ImageObject","inLanguage":"fr-FR","@id":"https:\/\/www.vetorino.com\/boutique\/product\/feliway-f3-spray\/#primaryimage","url":"https:\/\/www.vetorino.com\/boutique\/wp-content\/uploads\/2020\/03\/spray-feliway-classic.webp","contentUrl":"https:\/\/www.vetorino.com\/boutique\/wp-content\/uploads\/2020\/03\/spray-feliway-classic.webp","width":800,"height":800},{"@type":"BreadcrumbList","@id":"https:\/\/www.vetorino.com\/boutique\/product\/feliway-f3-spray\/#breadcrumb","itemListElement":[{"@type":"ListItem","position":1,"name":"Accueil","item":"https:\/\/www.vetorino.com\/boutique\/"},{"@type":"ListItem","position":2,"name":"Produits","item":"https:\/\/www.vetorino.com\/boutique\/"},{"@type":"ListItem","position":3,"name":"Spray Feliway Classic"}]},{"@type":"WebSite","@id":"https:\/\/www.vetorino.com\/boutique\/#website","url":"https:\/\/www.vetorino.com\/boutique\/","name":"V\u00e9torino","description":"","publisher":{"@id":"https:\/\/www.vetorino.com\/boutique\/#organization"},"potentialAction":[{"@type":"SearchAction","target":{"@type":"EntryPoint","urlTemplate":"https:\/\/www.vetorino.com\/boutique\/?s={search_term_string}"},"query-input":{"@type":"PropertyValueSpecification","valueRequired":true,"valueName":"search_term_string"}}],"inLanguage":"fr-FR"},{"@type":"Organization","@id":"https:\/\/www.vetorino.com\/boutique\/#organization","name":"V\u00e9torino","url":"https:\/\/www.vetorino.com\/boutique\/","logo":{"@type":"ImageObject","inLanguage":"fr-FR","@id":"https:\/\/www.vetorino.com\/boutique\/#\/schema\/logo\/image\/","url":"https:\/\/www.vetorino.com\/boutique\/wp-content\/uploads\/2024\/10\/logo.jpg","contentUrl":"https:\/\/www.vetorino.com\/boutique\/wp-content\/uploads\/2024\/10\/logo.jpg","width":1200,"height":610,"caption":"V\u00e9torino"},"image":{"@id":"https:\/\/www.vetorino.com\/boutique\/#\/schema\/logo\/image\/"},"sameAs":["https:\/\/www.facebook.com\/Vetorino\/","https:\/\/www.instagram.com\/vetorino_off\/","https:\/\/www.linkedin.com\/company\/vtorino\/"]}]},"product_brand":"Ceva","product_price_currency":"EUR","og_availability":"instock","product_availability":"instock","product_retailer_item_id":"A-8132623","product_condition":"new"},"_links":{"self":[{"href":"https:\/\/www.vetorino.com\/veterinaire\/balaruclevieux-34540\/boutique\/wp-json\/wp\/v2\/product\/34508","targetHints":{"allow":["GET"]}}],"collection":[{"href":"https:\/\/www.vetorino.com\/veterinaire\/balaruclevieux-34540\/boutique\/wp-json\/wp\/v2\/product"}],"about":[{"href":"https:\/\/www.vetorino.com\/veterinaire\/balaruclevieux-34540\/boutique\/wp-json\/wp\/v2\/types\/product"}],"wp:featuredmedia":[{"embeddable":true,"href":"https:\/\/www.vetorino.com\/veterinaire\/balaruclevieux-34540\/boutique\/wp-json\/wp\/v2\/media\/904308"}],"wp:attachment":[{"href":"https:\/\/www.vetorino.com\/veterinaire\/balaruclevieux-34540\/boutique\/wp-json\/wp\/v2\/media?parent=34508"}],"wp:term":[{"taxonomy":"product_cat","embeddable":true,"href":"https:\/\/www.vetorino.com\/veterinaire\/balaruclevieux-34540\/boutique\/wp-json\/wp\/v2\/product_cat?post=34508"},{"taxonomy":"product_tag","embeddable":true,"href":"https:\/\/www.vetorino.com\/veterinaire\/balaruclevieux-34540\/boutique\/wp-json\/wp\/v2\/product_tag?post=34508"}],"curies":[{"name":"wp","href":"https:\/\/api.w.org\/{rel}","templated":true}]}}