{"id":34848,"date":"2020-03-04T22:04:16","date_gmt":"2020-03-04T21:04:16","guid":{"rendered":"https:\/\/www.vetorino.com\/boutique\/product\/chatiere-sureflap-chat\/"},"modified":"2024-09-26T14:23:17","modified_gmt":"2024-09-26T12:23:17","slug":"chatiere-sureflap-chat","status":"publish","type":"product","link":"https:\/\/www.vetorino.com\/veterinaire\/balaruclevieux-34540\/boutique\/product\/chatiere-sureflap-chat\/","title":{"rendered":"Chatiere Sureflap chat"},"content":{"rendered":"<div class=\"hidden\">\n<p><strong>Fonctionnement :<\/strong><\/p>\n<ul>\n<li>Quand un animal s&#8217;approche de la chati\u00e8re, celle-ci scanne et reconna\u00eet la puce \u00e9lectronique ou le m\u00e9daillon d&#8217;identification par radiofr\u00e9quence de votre animal et ne s&#8217;ouvre que pour lui.<\/li>\n<li>Long\u00e9vit\u00e9 des piles jusqu&#8217;\u00e0 12 mois (4 piles AA non incluses).<\/li>\n<\/ul>\n<p><strong>Avantages :<\/strong><\/p>\n<ul>\n<li>Fonctionne avec toutes les puces \u00e9lectroniques courantes et les m\u00e9daillons d&#8217;identification par radiofr\u00e9quence (non inclus), (v\u00e9rificateur de compatibilit\u00e9).<\/li>\n<li>Stocke jusqu&#8217;\u00e0 32 identit\u00e9s d&#8217;animaux en m\u00e9moire.<\/li>\n<li>Programmation simple \u00e0 l&#8217;aide d&#8217;un bouton.<\/li>\n<li>Peut \u00eatre install\u00e9e sur des portes, des vitres ou des murs.<\/li>\n<li>Verrouillage manuel permettant d&#8217;emp\u00eacher votre chat d&#8217;entrer ou de sortir.<\/li>\n<li>T\u00e9moin lumineux indiquant que les piles sont d\u00e9charg\u00e9es.<\/li>\n<li>Garantie 3 an<\/li>\n<\/ul>\n<p><strong>Taille :<\/strong><\/p>\n<ul>\n<li>Dimensions du cadre ext\u00e9rieur : 210 x 210 mm (L x h).<\/li>\n<li>Dimensions du passage pour l&#8217;animal : 142 x 120 mm (L x h).<\/li>\n<li>Profondeur du tunel : 70 mm.<\/li>\n<li>Taille du trou requise pour installer le produit : 165 x 171 mm (L x h).<\/li>\n<\/ul>\n<\/div>\n","protected":false},"excerpt":{"rendered":"<p><strong>Emp\u00eache les animaux ind\u00e9sirables d&#8217;entrer chez vous tout en permettant \u00e0 votre chat d&#8217;entrer et sortir \u00e0 sa guise.<\/strong><\/p>\n<p>Id\u00e9ale pour les foyers ne poss\u00e9dant qu&#8217;un seul chat.<\/p>\n","protected":false},"featured_media":1036856,"template":"","meta":[],"product_cat":[12548,2697,2750,12631],"product_tag":[],"class_list":{"0":"post-34848","1":"product","2":"type-product","3":"status-publish","4":"has-post-thumbnail","6":"product_cat-accessoire-du-chat","7":"product_cat-chat","8":"product_cat-chatieres","9":"product_cat-sortie-du-chat","10":"pa_marque-sureflap","12":"first","13":"instock","14":"taxable","15":"shipping-taxable","16":"purchasable","17":"product-type-variable"},"yoast_head":"<!-- This site is optimized with the Yoast SEO plugin v27.3 - https:\/\/yoast.com\/product\/yoast-seo-wordpress\/ -->\n<title>Chatiere Sureflap chat SureFlap - V\u00e9torino<\/title>\n<meta name=\"description\" content=\"Emp\u00eache les animaux ind\u00e9sirables d&#039;entrer chez vous tout en permettant \u00e0 votre chat d&#039;entrer et sortir \u00e0 sa guise.  Id\u00e9ale pour les foyers ne poss\u00e9dant qu&#039;un seul chat.\" \/>\n<meta name=\"robots\" content=\"noindex, nofollow\" \/>\n<meta property=\"og:locale\" content=\"fr_FR\" \/>\n<meta property=\"og:type\" content=\"article\" \/>\n<meta property=\"og:title\" content=\"Chatiere Sureflap chat SureFlap - V\u00e9torino\" \/>\n<meta property=\"og:description\" content=\"Emp\u00eache les animaux ind\u00e9sirables d&#039;entrer chez vous tout en permettant \u00e0 votre chat d&#039;entrer et sortir \u00e0 sa guise.  Id\u00e9ale pour les foyers ne poss\u00e9dant qu&#039;un seul chat.\" \/>\n<meta property=\"og:url\" content=\"https:\/\/www.vetorino.com\/veterinaire\/balaruclevieux-34540\/boutique\/product\/chatiere-sureflap-chat\/\" \/>\n<meta property=\"og:site_name\" content=\"V\u00e9torino\" \/>\n<meta property=\"article:publisher\" content=\"https:\/\/www.facebook.com\/Vetorino\/\" \/>\n<meta property=\"article:modified_time\" content=\"2024-09-26T12:23:17+00:00\" \/>\n<meta property=\"og:image\" content=\"https:\/\/www.vetorino.com\/boutique\/wp-content\/uploads\/2020\/03\/chatiere-sureflap-adaptateur-vitre-14.jpg\" \/>\n\t<meta property=\"og:image:width\" content=\"800\" \/>\n\t<meta property=\"og:image:height\" content=\"800\" \/>\n\t<meta property=\"og:image:type\" content=\"image\/jpeg\" \/>\n<meta name=\"twitter:card\" content=\"summary_large_image\" \/>\n<meta name=\"twitter:label1\" content=\"Disponibilit\u00e9\" \/>\n\t<meta name=\"twitter:data1\" content=\"En stock\" \/>\n<script type=\"application\/ld+json\" class=\"yoast-schema-graph\">{\"@context\":\"https:\\\/\\\/schema.org\",\"@graph\":[{\"@type\":\"WebPage\",\"@id\":\"https:\\\/\\\/www.vetorino.com\\\/boutique\\\/product\\\/chatiere-sureflap-chat\\\/\",\"url\":\"https:\\\/\\\/www.vetorino.com\\\/boutique\\\/product\\\/chatiere-sureflap-chat\\\/\",\"name\":\"Chatiere Sureflap chat SureFlap - V\u00e9torino\",\"isPartOf\":{\"@id\":\"https:\\\/\\\/www.vetorino.com\\\/boutique\\\/#website\"},\"primaryImageOfPage\":{\"@id\":\"https:\\\/\\\/www.vetorino.com\\\/boutique\\\/product\\\/chatiere-sureflap-chat\\\/#primaryimage\"},\"image\":{\"@id\":\"https:\\\/\\\/www.vetorino.com\\\/boutique\\\/product\\\/chatiere-sureflap-chat\\\/#primaryimage\"},\"thumbnailUrl\":\"https:\\\/\\\/www.vetorino.com\\\/boutique\\\/wp-content\\\/uploads\\\/2024\\\/09\\\/chatiere-a-puce-electronique-1.webp\",\"datePublished\":\"2020-03-04T21:04:16+00:00\",\"dateModified\":\"2024-09-26T12:23:17+00:00\",\"description\":\"Emp\u00eache les animaux ind\u00e9sirables d'entrer chez vous tout en permettant \u00e0 votre chat d'entrer et sortir \u00e0 sa guise. Id\u00e9ale pour les foyers ne poss\u00e9dant qu'un seul chat.\",\"breadcrumb\":{\"@id\":\"https:\\\/\\\/www.vetorino.com\\\/boutique\\\/product\\\/chatiere-sureflap-chat\\\/#breadcrumb\"},\"inLanguage\":\"fr-FR\",\"potentialAction\":[{\"@type\":\"ReadAction\",\"target\":[\"https:\\\/\\\/www.vetorino.com\\\/boutique\\\/product\\\/chatiere-sureflap-chat\\\/\"]}]},{\"@type\":\"ImageObject\",\"inLanguage\":\"fr-FR\",\"@id\":\"https:\\\/\\\/www.vetorino.com\\\/boutique\\\/product\\\/chatiere-sureflap-chat\\\/#primaryimage\",\"url\":\"https:\\\/\\\/www.vetorino.com\\\/boutique\\\/wp-content\\\/uploads\\\/2024\\\/09\\\/chatiere-a-puce-electronique-1.webp\",\"contentUrl\":\"https:\\\/\\\/www.vetorino.com\\\/boutique\\\/wp-content\\\/uploads\\\/2024\\\/09\\\/chatiere-a-puce-electronique-1.webp\",\"width\":458,\"height\":458},{\"@type\":\"BreadcrumbList\",\"@id\":\"https:\\\/\\\/www.vetorino.com\\\/boutique\\\/product\\\/chatiere-sureflap-chat\\\/#breadcrumb\",\"itemListElement\":[{\"@type\":\"ListItem\",\"position\":1,\"name\":\"Accueil\",\"item\":\"https:\\\/\\\/www.vetorino.com\\\/boutique\\\/\"},{\"@type\":\"ListItem\",\"position\":2,\"name\":\"Produits\",\"item\":\"https:\\\/\\\/www.vetorino.com\\\/boutique\\\/\"},{\"@type\":\"ListItem\",\"position\":3,\"name\":\"Chatiere Sureflap chat\"}]},{\"@type\":\"WebSite\",\"@id\":\"https:\\\/\\\/www.vetorino.com\\\/boutique\\\/#website\",\"url\":\"https:\\\/\\\/www.vetorino.com\\\/boutique\\\/\",\"name\":\"V\u00e9torino\",\"description\":\"\",\"publisher\":{\"@id\":\"https:\\\/\\\/www.vetorino.com\\\/boutique\\\/#organization\"},\"potentialAction\":[{\"@type\":\"SearchAction\",\"target\":{\"@type\":\"EntryPoint\",\"urlTemplate\":\"https:\\\/\\\/www.vetorino.com\\\/boutique\\\/?s={search_term_string}\"},\"query-input\":{\"@type\":\"PropertyValueSpecification\",\"valueRequired\":true,\"valueName\":\"search_term_string\"}}],\"inLanguage\":\"fr-FR\"},{\"@type\":\"Organization\",\"@id\":\"https:\\\/\\\/www.vetorino.com\\\/boutique\\\/#organization\",\"name\":\"V\u00e9torino\",\"url\":\"https:\\\/\\\/www.vetorino.com\\\/boutique\\\/\",\"logo\":{\"@type\":\"ImageObject\",\"inLanguage\":\"fr-FR\",\"@id\":\"https:\\\/\\\/www.vetorino.com\\\/boutique\\\/#\\\/schema\\\/logo\\\/image\\\/\",\"url\":\"https:\\\/\\\/www.vetorino.com\\\/boutique\\\/wp-content\\\/uploads\\\/2024\\\/10\\\/logo.jpg\",\"contentUrl\":\"https:\\\/\\\/www.vetorino.com\\\/boutique\\\/wp-content\\\/uploads\\\/2024\\\/10\\\/logo.jpg\",\"width\":1200,\"height\":610,\"caption\":\"V\u00e9torino\"},\"image\":{\"@id\":\"https:\\\/\\\/www.vetorino.com\\\/boutique\\\/#\\\/schema\\\/logo\\\/image\\\/\"},\"sameAs\":[\"https:\\\/\\\/www.facebook.com\\\/Vetorino\\\/\",\"https:\\\/\\\/www.instagram.com\\\/vetorino_off\\\/\",\"https:\\\/\\\/www.linkedin.com\\\/company\\\/vtorino\\\/\"]}]}<\/script>\n<meta property=\"product:brand\" content=\"SureFlap\" \/>\n<meta property=\"og:availability\" content=\"instock\" \/>\n<meta property=\"product:availability\" content=\"instock\" \/>\n<meta property=\"product:condition\" content=\"new\" \/>\n<!-- \/ Yoast SEO plugin. -->","yoast_head_json":{"title":"Chatiere Sureflap chat SureFlap - V\u00e9torino","description":"Emp\u00eache les animaux ind\u00e9sirables d'entrer chez vous tout en permettant \u00e0 votre chat d'entrer et sortir \u00e0 sa guise.  Id\u00e9ale pour les foyers ne poss\u00e9dant qu'un seul chat.","robots":{"index":"noindex","follow":"nofollow"},"og_locale":"fr_FR","og_type":"article","og_title":"Chatiere Sureflap chat SureFlap - V\u00e9torino","og_description":"Emp\u00eache les animaux ind\u00e9sirables d'entrer chez vous tout en permettant \u00e0 votre chat d'entrer et sortir \u00e0 sa guise.  Id\u00e9ale pour les foyers ne poss\u00e9dant qu'un seul chat.","og_url":"https:\/\/www.vetorino.com\/veterinaire\/balaruclevieux-34540\/boutique\/product\/chatiere-sureflap-chat\/","og_site_name":"V\u00e9torino","article_publisher":"https:\/\/www.facebook.com\/Vetorino\/","article_modified_time":"2024-09-26T12:23:17+00:00","og_image":[{"width":800,"height":800,"url":"https:\/\/www.vetorino.com\/boutique\/wp-content\/uploads\/2020\/03\/chatiere-sureflap-adaptateur-vitre-14.jpg","type":"image\/jpeg"}],"twitter_card":"summary_large_image","twitter_misc":{"Disponibilit\u00e9":"En stock"},"schema":{"@context":"https:\/\/schema.org","@graph":[{"@type":"WebPage","@id":"https:\/\/www.vetorino.com\/boutique\/product\/chatiere-sureflap-chat\/","url":"https:\/\/www.vetorino.com\/boutique\/product\/chatiere-sureflap-chat\/","name":"Chatiere Sureflap chat SureFlap - V\u00e9torino","isPartOf":{"@id":"https:\/\/www.vetorino.com\/boutique\/#website"},"primaryImageOfPage":{"@id":"https:\/\/www.vetorino.com\/boutique\/product\/chatiere-sureflap-chat\/#primaryimage"},"image":{"@id":"https:\/\/www.vetorino.com\/boutique\/product\/chatiere-sureflap-chat\/#primaryimage"},"thumbnailUrl":"https:\/\/www.vetorino.com\/boutique\/wp-content\/uploads\/2024\/09\/chatiere-a-puce-electronique-1.webp","datePublished":"2020-03-04T21:04:16+00:00","dateModified":"2024-09-26T12:23:17+00:00","description":"Emp\u00eache les animaux ind\u00e9sirables d'entrer chez vous tout en permettant \u00e0 votre chat d'entrer et sortir \u00e0 sa guise. Id\u00e9ale pour les foyers ne poss\u00e9dant qu'un seul chat.","breadcrumb":{"@id":"https:\/\/www.vetorino.com\/boutique\/product\/chatiere-sureflap-chat\/#breadcrumb"},"inLanguage":"fr-FR","potentialAction":[{"@type":"ReadAction","target":["https:\/\/www.vetorino.com\/boutique\/product\/chatiere-sureflap-chat\/"]}]},{"@type":"ImageObject","inLanguage":"fr-FR","@id":"https:\/\/www.vetorino.com\/boutique\/product\/chatiere-sureflap-chat\/#primaryimage","url":"https:\/\/www.vetorino.com\/boutique\/wp-content\/uploads\/2024\/09\/chatiere-a-puce-electronique-1.webp","contentUrl":"https:\/\/www.vetorino.com\/boutique\/wp-content\/uploads\/2024\/09\/chatiere-a-puce-electronique-1.webp","width":458,"height":458},{"@type":"BreadcrumbList","@id":"https:\/\/www.vetorino.com\/boutique\/product\/chatiere-sureflap-chat\/#breadcrumb","itemListElement":[{"@type":"ListItem","position":1,"name":"Accueil","item":"https:\/\/www.vetorino.com\/boutique\/"},{"@type":"ListItem","position":2,"name":"Produits","item":"https:\/\/www.vetorino.com\/boutique\/"},{"@type":"ListItem","position":3,"name":"Chatiere Sureflap chat"}]},{"@type":"WebSite","@id":"https:\/\/www.vetorino.com\/boutique\/#website","url":"https:\/\/www.vetorino.com\/boutique\/","name":"V\u00e9torino","description":"","publisher":{"@id":"https:\/\/www.vetorino.com\/boutique\/#organization"},"potentialAction":[{"@type":"SearchAction","target":{"@type":"EntryPoint","urlTemplate":"https:\/\/www.vetorino.com\/boutique\/?s={search_term_string}"},"query-input":{"@type":"PropertyValueSpecification","valueRequired":true,"valueName":"search_term_string"}}],"inLanguage":"fr-FR"},{"@type":"Organization","@id":"https:\/\/www.vetorino.com\/boutique\/#organization","name":"V\u00e9torino","url":"https:\/\/www.vetorino.com\/boutique\/","logo":{"@type":"ImageObject","inLanguage":"fr-FR","@id":"https:\/\/www.vetorino.com\/boutique\/#\/schema\/logo\/image\/","url":"https:\/\/www.vetorino.com\/boutique\/wp-content\/uploads\/2024\/10\/logo.jpg","contentUrl":"https:\/\/www.vetorino.com\/boutique\/wp-content\/uploads\/2024\/10\/logo.jpg","width":1200,"height":610,"caption":"V\u00e9torino"},"image":{"@id":"https:\/\/www.vetorino.com\/boutique\/#\/schema\/logo\/image\/"},"sameAs":["https:\/\/www.facebook.com\/Vetorino\/","https:\/\/www.instagram.com\/vetorino_off\/","https:\/\/www.linkedin.com\/company\/vtorino\/"]}]},"product_brand":"SureFlap","og_availability":"instock","product_availability":"instock","product_condition":"new"},"_links":{"self":[{"href":"https:\/\/www.vetorino.com\/veterinaire\/balaruclevieux-34540\/boutique\/wp-json\/wp\/v2\/product\/34848","targetHints":{"allow":["GET"]}}],"collection":[{"href":"https:\/\/www.vetorino.com\/veterinaire\/balaruclevieux-34540\/boutique\/wp-json\/wp\/v2\/product"}],"about":[{"href":"https:\/\/www.vetorino.com\/veterinaire\/balaruclevieux-34540\/boutique\/wp-json\/wp\/v2\/types\/product"}],"wp:featuredmedia":[{"embeddable":true,"href":"https:\/\/www.vetorino.com\/veterinaire\/balaruclevieux-34540\/boutique\/wp-json\/wp\/v2\/media\/1036856"}],"wp:attachment":[{"href":"https:\/\/www.vetorino.com\/veterinaire\/balaruclevieux-34540\/boutique\/wp-json\/wp\/v2\/media?parent=34848"}],"wp:term":[{"taxonomy":"product_cat","embeddable":true,"href":"https:\/\/www.vetorino.com\/veterinaire\/balaruclevieux-34540\/boutique\/wp-json\/wp\/v2\/product_cat?post=34848"},{"taxonomy":"product_tag","embeddable":true,"href":"https:\/\/www.vetorino.com\/veterinaire\/balaruclevieux-34540\/boutique\/wp-json\/wp\/v2\/product_tag?post=34848"}],"curies":[{"name":"wp","href":"https:\/\/api.w.org\/{rel}","templated":true}]}}