{"id":603390,"date":"2023-04-27T05:35:15","date_gmt":"2023-04-27T03:35:15","guid":{"rendered":"https:\/\/www.vetorino.com\/boutique\/product\/ziggy-patee-chat-adulte-sterilise-saumon\/"},"modified":"2025-11-17T16:52:29","modified_gmt":"2025-11-17T15:52:29","slug":"ziggy-patee-chat-adulte-sterilise-saumon","status":"publish","type":"product","link":"https:\/\/www.vetorino.com\/veterinaire\/balaruclevieux-34540\/boutique\/product\/ziggy-patee-chat-adulte-sterilise-saumon\/","title":{"rendered":"P\u00e2t\u00e9e Chat St\u00e9rilis\u00e9 Sans C\u00e9r\u00e9ales Saumon"},"content":{"rendered":"<div class=\"product-section__left\">\n<div class=\"product-bloc-content\">\n<div id=\"collapseShortDescription\" class=\"product-bloc-content__content collapse show\">\n<div class=\"product-bloc-content__wrapper\">\n<div id=\"rmjs-2\" class=\"read-more-wrapper blurry rmjs-1\" data-readmore=\"\" aria-expanded=\"true\">\n<div class=\"selling-points\">\n<p>La p\u00e2t\u00e9e Ziggy au go\u00fbt savoureux de<strong>\u00a0saumon<\/strong>, est un aliment complet et\u00a0<strong>sans c\u00e9r\u00e9ales<\/strong>, formul\u00e9 pour les chats adultes et st\u00e9rilis\u00e9s.<\/p>\n<p>Elle est sans tubercules ni l\u00e9gumineuses pour ne contenir aucune trace d&#8217;amidon. Egalement sans carcasses, collag\u00e8ne, farine de viande ou viande reconstitu\u00e9e, la p\u00e2t\u00e9e se compose exclusivement d&#8217;ingr\u00e9dients sains et nobles.<\/p>\n<p>Elle offre un excellent apport en <strong>prot\u00e9ines animales et acides amin\u00e9s<\/strong> avec du muscle et des abats de qualit\u00e9s.<br \/>\nFormul\u00e9e par le Dr V\u00e9t\u00e9rinaire G\u00e9raldine Blanchard dont l&#8217;expertise s&#8217;\u00e9tend sur plus de 25 ann\u00e9es d\u2019exp\u00e9rience, la recette de p\u00e2t\u00e9es couvre\u00a0<strong>100% des besoins journaliers<\/strong>. Le tout fabriqu\u00e9 en Normandie et engag\u00e9e pour l&#8217;environnement, gr\u00e2ce \u00e0 son emballage z\u00e9ro plastique, recycl\u00e9s et recyclables.<\/p>\n<p>La barquette Ziggy c\u2019est 40% de ses besoins en eau et 50% de ses besoins journaliers (50g par kilo de poids optimal)<\/p>\n<\/div>\n<p>La p\u00e2t\u00e9e Ziggy au go\u00fbt savoureux de saumon, est un aliment complet et sans c\u00e9r\u00e9ales, formul\u00e9 pour les chats adultes et st\u00e9rilis\u00e9s. Elle est sans tubercules ni l\u00e9gumineuses pour ne contenir aucune trace d&#8217;amidon. Egalement sans carcasses, collag\u00e8ne, farine de viande ou viande reconstitu\u00e9e, la p\u00e2t\u00e9e se compose exclusivmeent d&#8217;ingr\u00e9dients sains et nobles. Elle offre un excellent apport en prot\u00e9ines animales et acides amin\u00e9s avec du muscle et des abats de qualit\u00e9s. La recette de p\u00e2t\u00e9es couvre 100% des besoins journaliers. Elle est formul\u00e9e par le Dr V\u00e9t\u00e9rinaire G\u00e9raldine Blanchard dont l&#8217;expertise s&#8217;\u00e9tend sur plus de 25 ann\u00e9es d\u2019exp\u00e9rience. Le tout fabriqu\u00e9 en Normandie et engag\u00e9e pour l&#8217;environnement, gr\u00e2ce \u00e0 son emballage z\u00e9ro plastique, recycl\u00e9s et recyclables. La barquette Ziggy c\u2019est 40% de ses besoins en eau et 50% de ses besoins journaliers (50g par kilo de poids optimal)<\/p>\n<\/div>\n<\/div>\n<\/div>\n<\/div>\n<\/div>\n","protected":false},"excerpt":{"rendered":"<p>La p\u00e2t\u00e9e Ziggy au go\u00fbt savoureux de<strong>\u00a0saumon<\/strong>, est un aliment complet et\u00a0<strong>sans c\u00e9r\u00e9ales<\/strong>, formul\u00e9 pour les chats adultes et st\u00e9rilis\u00e9s.<\/p>\n<p>Elle est sans tubercules ni l\u00e9gumineuses pour ne contenir aucune trace d&#8217;amidon. Egalement sans carcasses, collag\u00e8ne, farine de viande ou viande reconstitu\u00e9e, la p\u00e2t\u00e9e se compose exclusivement d&#8217;ingr\u00e9dients sains et nobles.<\/p>\n","protected":false},"featured_media":1036941,"template":"","meta":[],"product_cat":[12551,12583,2697],"product_tag":[],"class_list":{"0":"post-603390","1":"product","2":"type-product","3":"status-publish","4":"has-post-thumbnail","6":"product_cat-alimentation-du-chat","7":"product_cat-alimentation-premium-pour-chat","8":"product_cat-chat","9":"pa_marque-s-a-s-ziggy","11":"first","12":"instock","13":"taxable","14":"shipping-taxable","15":"purchasable","16":"product-type-variable"},"yoast_head":"<!-- This site is optimized with the Yoast SEO plugin v27.3 - https:\/\/yoast.com\/product\/yoast-seo-wordpress\/ -->\n<title>P\u00e2t\u00e9e Chat St\u00e9rilis\u00e9 Sans C\u00e9r\u00e9ales Saumon Ziggy - V\u00e9torino<\/title>\n<meta name=\"description\" content=\"La p\u00e2t\u00e9e Ziggy au go\u00fbt savoureux de\u00a0saumon, est un aliment complet et\u00a0sans c\u00e9r\u00e9ales, formul\u00e9 pour les chats adultes et st\u00e9rilis\u00e9s.  Elle est sans tubercules ni l\u00e9gumineuses pour ne contenir aucune trace d&#039;amidon. Egalement sans carcasses, collag\u00e8ne, farine de viande ou viande reconstitu\u00e9e, la p\u00e2t\u00e9e se compose exclusivement d&#039;ingr\u00e9dients sains et nobles.\" \/>\n<meta name=\"robots\" content=\"noindex, nofollow\" \/>\n<meta property=\"og:locale\" content=\"fr_FR\" \/>\n<meta property=\"og:type\" content=\"article\" \/>\n<meta property=\"og:title\" content=\"P\u00e2t\u00e9e Chat St\u00e9rilis\u00e9 Sans C\u00e9r\u00e9ales Saumon Ziggy - V\u00e9torino\" \/>\n<meta property=\"og:description\" content=\"La p\u00e2t\u00e9e Ziggy au go\u00fbt savoureux de\u00a0saumon, est un aliment complet et\u00a0sans c\u00e9r\u00e9ales, formul\u00e9 pour les chats adultes et st\u00e9rilis\u00e9s.  Elle est sans tubercules ni l\u00e9gumineuses pour ne contenir aucune trace d&#039;amidon. Egalement sans carcasses, collag\u00e8ne, farine de viande ou viande reconstitu\u00e9e, la p\u00e2t\u00e9e se compose exclusivement d&#039;ingr\u00e9dients sains et nobles.\" \/>\n<meta property=\"og:url\" content=\"https:\/\/www.vetorino.com\/veterinaire\/balaruclevieux-34540\/boutique\/product\/ziggy-patee-chat-adulte-sterilise-saumon\/\" \/>\n<meta property=\"og:site_name\" content=\"V\u00e9torino\" \/>\n<meta property=\"article:publisher\" content=\"https:\/\/www.facebook.com\/Vetorino\/\" \/>\n<meta property=\"article:modified_time\" content=\"2025-11-17T15:52:29+00:00\" \/>\n<meta property=\"og:image\" content=\"https:\/\/www.vetorino.com\/boutique\/wp-content\/uploads\/2023\/04\/NEW.PateeChat-Saumonlotx4new1qte.webp\" \/>\n\t<meta property=\"og:image:width\" content=\"1080\" \/>\n\t<meta property=\"og:image:height\" content=\"1080\" \/>\n\t<meta property=\"og:image:type\" content=\"image\/webp\" \/>\n<meta name=\"twitter:card\" content=\"summary_large_image\" \/>\n<meta name=\"twitter:label1\" content=\"Disponibilit\u00e9\" \/>\n\t<meta name=\"twitter:data1\" content=\"En stock\" \/>\n<script type=\"application\/ld+json\" class=\"yoast-schema-graph\">{\"@context\":\"https:\\\/\\\/schema.org\",\"@graph\":[{\"@type\":\"WebPage\",\"@id\":\"https:\\\/\\\/www.vetorino.com\\\/boutique\\\/product\\\/ziggy-patee-chat-adulte-sterilise-saumon\\\/\",\"url\":\"https:\\\/\\\/www.vetorino.com\\\/boutique\\\/product\\\/ziggy-patee-chat-adulte-sterilise-saumon\\\/\",\"name\":\"P\u00e2t\u00e9e Chat St\u00e9rilis\u00e9 Sans C\u00e9r\u00e9ales Saumon Ziggy - V\u00e9torino\",\"isPartOf\":{\"@id\":\"https:\\\/\\\/www.vetorino.com\\\/boutique\\\/#website\"},\"primaryImageOfPage\":{\"@id\":\"https:\\\/\\\/www.vetorino.com\\\/boutique\\\/product\\\/ziggy-patee-chat-adulte-sterilise-saumon\\\/#primaryimage\"},\"image\":{\"@id\":\"https:\\\/\\\/www.vetorino.com\\\/boutique\\\/product\\\/ziggy-patee-chat-adulte-sterilise-saumon\\\/#primaryimage\"},\"thumbnailUrl\":\"https:\\\/\\\/www.vetorino.com\\\/boutique\\\/wp-content\\\/uploads\\\/2023\\\/04\\\/NEW.PateeChat-Saumonlotx4new1qte.webp\",\"datePublished\":\"2023-04-27T03:35:15+00:00\",\"dateModified\":\"2025-11-17T15:52:29+00:00\",\"description\":\"La p\u00e2t\u00e9e Ziggy au go\u00fbt savoureux de\u00a0saumon, est un aliment complet et\u00a0sans c\u00e9r\u00e9ales, formul\u00e9 pour les chats adultes et st\u00e9rilis\u00e9s. Elle est sans tubercules ni l\u00e9gumineuses pour ne contenir aucune trace d'amidon. Egalement sans carcasses, collag\u00e8ne, farine de viande ou viande reconstitu\u00e9e, la p\u00e2t\u00e9e se compose exclusivement d'ingr\u00e9dients sains et nobles.\",\"breadcrumb\":{\"@id\":\"https:\\\/\\\/www.vetorino.com\\\/boutique\\\/product\\\/ziggy-patee-chat-adulte-sterilise-saumon\\\/#breadcrumb\"},\"inLanguage\":\"fr-FR\",\"potentialAction\":[{\"@type\":\"ReadAction\",\"target\":[\"https:\\\/\\\/www.vetorino.com\\\/boutique\\\/product\\\/ziggy-patee-chat-adulte-sterilise-saumon\\\/\"]}]},{\"@type\":\"ImageObject\",\"inLanguage\":\"fr-FR\",\"@id\":\"https:\\\/\\\/www.vetorino.com\\\/boutique\\\/product\\\/ziggy-patee-chat-adulte-sterilise-saumon\\\/#primaryimage\",\"url\":\"https:\\\/\\\/www.vetorino.com\\\/boutique\\\/wp-content\\\/uploads\\\/2023\\\/04\\\/NEW.PateeChat-Saumonlotx4new1qte.webp\",\"contentUrl\":\"https:\\\/\\\/www.vetorino.com\\\/boutique\\\/wp-content\\\/uploads\\\/2023\\\/04\\\/NEW.PateeChat-Saumonlotx4new1qte.webp\",\"width\":1080,\"height\":1080},{\"@type\":\"BreadcrumbList\",\"@id\":\"https:\\\/\\\/www.vetorino.com\\\/boutique\\\/product\\\/ziggy-patee-chat-adulte-sterilise-saumon\\\/#breadcrumb\",\"itemListElement\":[{\"@type\":\"ListItem\",\"position\":1,\"name\":\"Accueil\",\"item\":\"https:\\\/\\\/www.vetorino.com\\\/boutique\\\/\"},{\"@type\":\"ListItem\",\"position\":2,\"name\":\"Produits\",\"item\":\"https:\\\/\\\/www.vetorino.com\\\/boutique\\\/\"},{\"@type\":\"ListItem\",\"position\":3,\"name\":\"P\u00e2t\u00e9e Chat St\u00e9rilis\u00e9 Sans C\u00e9r\u00e9ales Saumon\"}]},{\"@type\":\"WebSite\",\"@id\":\"https:\\\/\\\/www.vetorino.com\\\/boutique\\\/#website\",\"url\":\"https:\\\/\\\/www.vetorino.com\\\/boutique\\\/\",\"name\":\"V\u00e9torino\",\"description\":\"\",\"publisher\":{\"@id\":\"https:\\\/\\\/www.vetorino.com\\\/boutique\\\/#organization\"},\"potentialAction\":[{\"@type\":\"SearchAction\",\"target\":{\"@type\":\"EntryPoint\",\"urlTemplate\":\"https:\\\/\\\/www.vetorino.com\\\/boutique\\\/?s={search_term_string}\"},\"query-input\":{\"@type\":\"PropertyValueSpecification\",\"valueRequired\":true,\"valueName\":\"search_term_string\"}}],\"inLanguage\":\"fr-FR\"},{\"@type\":\"Organization\",\"@id\":\"https:\\\/\\\/www.vetorino.com\\\/boutique\\\/#organization\",\"name\":\"V\u00e9torino\",\"url\":\"https:\\\/\\\/www.vetorino.com\\\/boutique\\\/\",\"logo\":{\"@type\":\"ImageObject\",\"inLanguage\":\"fr-FR\",\"@id\":\"https:\\\/\\\/www.vetorino.com\\\/boutique\\\/#\\\/schema\\\/logo\\\/image\\\/\",\"url\":\"https:\\\/\\\/www.vetorino.com\\\/boutique\\\/wp-content\\\/uploads\\\/2024\\\/10\\\/logo.jpg\",\"contentUrl\":\"https:\\\/\\\/www.vetorino.com\\\/boutique\\\/wp-content\\\/uploads\\\/2024\\\/10\\\/logo.jpg\",\"width\":1200,\"height\":610,\"caption\":\"V\u00e9torino\"},\"image\":{\"@id\":\"https:\\\/\\\/www.vetorino.com\\\/boutique\\\/#\\\/schema\\\/logo\\\/image\\\/\"},\"sameAs\":[\"https:\\\/\\\/www.facebook.com\\\/Vetorino\\\/\",\"https:\\\/\\\/www.instagram.com\\\/vetorino_off\\\/\",\"https:\\\/\\\/www.linkedin.com\\\/company\\\/vtorino\\\/\"]}]}<\/script>\n<meta property=\"product:brand\" content=\"Ziggy\" \/>\n<meta property=\"og:availability\" content=\"instock\" \/>\n<meta property=\"product:availability\" content=\"instock\" \/>\n<meta property=\"product:condition\" content=\"new\" \/>\n<!-- \/ Yoast SEO plugin. -->","yoast_head_json":{"title":"P\u00e2t\u00e9e Chat St\u00e9rilis\u00e9 Sans C\u00e9r\u00e9ales Saumon Ziggy - V\u00e9torino","description":"La p\u00e2t\u00e9e Ziggy au go\u00fbt savoureux de\u00a0saumon, est un aliment complet et\u00a0sans c\u00e9r\u00e9ales, formul\u00e9 pour les chats adultes et st\u00e9rilis\u00e9s.  Elle est sans tubercules ni l\u00e9gumineuses pour ne contenir aucune trace d'amidon. Egalement sans carcasses, collag\u00e8ne, farine de viande ou viande reconstitu\u00e9e, la p\u00e2t\u00e9e se compose exclusivement d'ingr\u00e9dients sains et nobles.","robots":{"index":"noindex","follow":"nofollow"},"og_locale":"fr_FR","og_type":"article","og_title":"P\u00e2t\u00e9e Chat St\u00e9rilis\u00e9 Sans C\u00e9r\u00e9ales Saumon Ziggy - V\u00e9torino","og_description":"La p\u00e2t\u00e9e Ziggy au go\u00fbt savoureux de\u00a0saumon, est un aliment complet et\u00a0sans c\u00e9r\u00e9ales, formul\u00e9 pour les chats adultes et st\u00e9rilis\u00e9s.  Elle est sans tubercules ni l\u00e9gumineuses pour ne contenir aucune trace d'amidon. Egalement sans carcasses, collag\u00e8ne, farine de viande ou viande reconstitu\u00e9e, la p\u00e2t\u00e9e se compose exclusivement d'ingr\u00e9dients sains et nobles.","og_url":"https:\/\/www.vetorino.com\/veterinaire\/balaruclevieux-34540\/boutique\/product\/ziggy-patee-chat-adulte-sterilise-saumon\/","og_site_name":"V\u00e9torino","article_publisher":"https:\/\/www.facebook.com\/Vetorino\/","article_modified_time":"2025-11-17T15:52:29+00:00","og_image":[{"width":1080,"height":1080,"url":"https:\/\/www.vetorino.com\/boutique\/wp-content\/uploads\/2023\/04\/NEW.PateeChat-Saumonlotx4new1qte.webp","type":"image\/webp"}],"twitter_card":"summary_large_image","twitter_misc":{"Disponibilit\u00e9":"En stock"},"schema":{"@context":"https:\/\/schema.org","@graph":[{"@type":"WebPage","@id":"https:\/\/www.vetorino.com\/boutique\/product\/ziggy-patee-chat-adulte-sterilise-saumon\/","url":"https:\/\/www.vetorino.com\/boutique\/product\/ziggy-patee-chat-adulte-sterilise-saumon\/","name":"P\u00e2t\u00e9e Chat St\u00e9rilis\u00e9 Sans C\u00e9r\u00e9ales Saumon Ziggy - V\u00e9torino","isPartOf":{"@id":"https:\/\/www.vetorino.com\/boutique\/#website"},"primaryImageOfPage":{"@id":"https:\/\/www.vetorino.com\/boutique\/product\/ziggy-patee-chat-adulte-sterilise-saumon\/#primaryimage"},"image":{"@id":"https:\/\/www.vetorino.com\/boutique\/product\/ziggy-patee-chat-adulte-sterilise-saumon\/#primaryimage"},"thumbnailUrl":"https:\/\/www.vetorino.com\/boutique\/wp-content\/uploads\/2023\/04\/NEW.PateeChat-Saumonlotx4new1qte.webp","datePublished":"2023-04-27T03:35:15+00:00","dateModified":"2025-11-17T15:52:29+00:00","description":"La p\u00e2t\u00e9e Ziggy au go\u00fbt savoureux de\u00a0saumon, est un aliment complet et\u00a0sans c\u00e9r\u00e9ales, formul\u00e9 pour les chats adultes et st\u00e9rilis\u00e9s. Elle est sans tubercules ni l\u00e9gumineuses pour ne contenir aucune trace d'amidon. Egalement sans carcasses, collag\u00e8ne, farine de viande ou viande reconstitu\u00e9e, la p\u00e2t\u00e9e se compose exclusivement d'ingr\u00e9dients sains et nobles.","breadcrumb":{"@id":"https:\/\/www.vetorino.com\/boutique\/product\/ziggy-patee-chat-adulte-sterilise-saumon\/#breadcrumb"},"inLanguage":"fr-FR","potentialAction":[{"@type":"ReadAction","target":["https:\/\/www.vetorino.com\/boutique\/product\/ziggy-patee-chat-adulte-sterilise-saumon\/"]}]},{"@type":"ImageObject","inLanguage":"fr-FR","@id":"https:\/\/www.vetorino.com\/boutique\/product\/ziggy-patee-chat-adulte-sterilise-saumon\/#primaryimage","url":"https:\/\/www.vetorino.com\/boutique\/wp-content\/uploads\/2023\/04\/NEW.PateeChat-Saumonlotx4new1qte.webp","contentUrl":"https:\/\/www.vetorino.com\/boutique\/wp-content\/uploads\/2023\/04\/NEW.PateeChat-Saumonlotx4new1qte.webp","width":1080,"height":1080},{"@type":"BreadcrumbList","@id":"https:\/\/www.vetorino.com\/boutique\/product\/ziggy-patee-chat-adulte-sterilise-saumon\/#breadcrumb","itemListElement":[{"@type":"ListItem","position":1,"name":"Accueil","item":"https:\/\/www.vetorino.com\/boutique\/"},{"@type":"ListItem","position":2,"name":"Produits","item":"https:\/\/www.vetorino.com\/boutique\/"},{"@type":"ListItem","position":3,"name":"P\u00e2t\u00e9e Chat St\u00e9rilis\u00e9 Sans C\u00e9r\u00e9ales Saumon"}]},{"@type":"WebSite","@id":"https:\/\/www.vetorino.com\/boutique\/#website","url":"https:\/\/www.vetorino.com\/boutique\/","name":"V\u00e9torino","description":"","publisher":{"@id":"https:\/\/www.vetorino.com\/boutique\/#organization"},"potentialAction":[{"@type":"SearchAction","target":{"@type":"EntryPoint","urlTemplate":"https:\/\/www.vetorino.com\/boutique\/?s={search_term_string}"},"query-input":{"@type":"PropertyValueSpecification","valueRequired":true,"valueName":"search_term_string"}}],"inLanguage":"fr-FR"},{"@type":"Organization","@id":"https:\/\/www.vetorino.com\/boutique\/#organization","name":"V\u00e9torino","url":"https:\/\/www.vetorino.com\/boutique\/","logo":{"@type":"ImageObject","inLanguage":"fr-FR","@id":"https:\/\/www.vetorino.com\/boutique\/#\/schema\/logo\/image\/","url":"https:\/\/www.vetorino.com\/boutique\/wp-content\/uploads\/2024\/10\/logo.jpg","contentUrl":"https:\/\/www.vetorino.com\/boutique\/wp-content\/uploads\/2024\/10\/logo.jpg","width":1200,"height":610,"caption":"V\u00e9torino"},"image":{"@id":"https:\/\/www.vetorino.com\/boutique\/#\/schema\/logo\/image\/"},"sameAs":["https:\/\/www.facebook.com\/Vetorino\/","https:\/\/www.instagram.com\/vetorino_off\/","https:\/\/www.linkedin.com\/company\/vtorino\/"]}]},"product_brand":"Ziggy","og_availability":"instock","product_availability":"instock","product_condition":"new"},"_links":{"self":[{"href":"https:\/\/www.vetorino.com\/veterinaire\/balaruclevieux-34540\/boutique\/wp-json\/wp\/v2\/product\/603390","targetHints":{"allow":["GET"]}}],"collection":[{"href":"https:\/\/www.vetorino.com\/veterinaire\/balaruclevieux-34540\/boutique\/wp-json\/wp\/v2\/product"}],"about":[{"href":"https:\/\/www.vetorino.com\/veterinaire\/balaruclevieux-34540\/boutique\/wp-json\/wp\/v2\/types\/product"}],"wp:featuredmedia":[{"embeddable":true,"href":"https:\/\/www.vetorino.com\/veterinaire\/balaruclevieux-34540\/boutique\/wp-json\/wp\/v2\/media\/1036941"}],"wp:attachment":[{"href":"https:\/\/www.vetorino.com\/veterinaire\/balaruclevieux-34540\/boutique\/wp-json\/wp\/v2\/media?parent=603390"}],"wp:term":[{"taxonomy":"product_cat","embeddable":true,"href":"https:\/\/www.vetorino.com\/veterinaire\/balaruclevieux-34540\/boutique\/wp-json\/wp\/v2\/product_cat?post=603390"},{"taxonomy":"product_tag","embeddable":true,"href":"https:\/\/www.vetorino.com\/veterinaire\/balaruclevieux-34540\/boutique\/wp-json\/wp\/v2\/product_tag?post=603390"}],"curies":[{"name":"wp","href":"https:\/\/api.w.org\/{rel}","templated":true}]}}